{"id":1099,"date":"2022-10-08T15:41:51","date_gmt":"2022-10-08T12:41:51","guid":{"rendered":"https:\/\/eettinenluksus.fi\/shop2022\/?post_type=product&#038;p=1099"},"modified":"2024-09-20T14:02:51","modified_gmt":"2024-09-20T11:02:51","slug":"bambu-kuoriva-selanpesin-bambuviskoosi-luffa","status":"publish","type":"product","link":"https:\/\/eettinenluksus.fi\/shop\/tuote\/bambu-kuoriva-selanpesin-bambuviskoosi-luffa\/","title":{"rendered":"Bamb\u00f9 Kuoriva sel\u00e4npesin bambuviskoosi\/luffa"},"content":{"rendered":"<p style=\"font-size: 0px;\">Bamb\u00f9 Kuoriva sel\u00e4npesin bambuviskoosi\/luffa, kaksivaikutteinen sel\u00e4npesin bambusta ja luffasta, yhdistelm\u00e4 hell\u00e4\u00e4 hyv\u00e4ily\u00e4 ja kuorivaa hierontaa<\/p>\n<p>Kuoriva sel\u00e4npesin on valmistettu korkealaatuisesta bambuviskoosista. Innovatiivisen yhdistelm\u00e4n ansiosta luffapuoli aktivoi verenkiertoa luonnollisella kuorinnalla, kun taas viskoosipuoli puhdistaa hell\u00e4varaisesti. Dermatologisesti testattu.<\/p>\n<p>Bambua pidet\u00e4\u00e4n pitk\u00e4ik\u00e4isyyden ja kest\u00e4vyyden symbolina. T\u00e4m\u00e4 Kaukoid\u00e4ss\u00e4 vuosisatojen ajan hyvin tunnettu ja k\u00e4ytetty kasvi on eritt\u00e4in monipuolinen ja k\u00e4yt\u00f6ss\u00e4 muun muassa kosmetiikka-, huonekalu-, elintarvike- ja tekstiilialoilla.<\/p>\n<p>Bamb\u00f9-tuotesarja on t\u00e4ydellinen valikoima tuotteita rentouttavaan vartalonhoitoon ja inspiroivaan aistikokemukseen. Ainutlaatuisen Xpand prosessin ansiosta sienet on rikastettu bambu-uutteella, luonnollisella arvokkaiden mineraalien l\u00e4hteell\u00e4 ja antioksidanttisilla entsyymeill\u00e4, joilla on elvytt\u00e4v\u00e4 vaikutus ja jotka ovat ihanteellisia hell\u00e4varaiseen puhdistukseen samalla kun ne suojaavat ihoa.<\/p>\n<p>Bambukuidusta valmistetut tekstiilit ovat uskomattoman pehmeit\u00e4 ja miellytt\u00e4vi\u00e4, joten ne sopivat erityisen hyvin herk\u00e4lle iholle. Niill\u00e4 on korkea imukyky ja ne kuivuvat nopeasti.<\/p>\n<p style=\"font-size: 0px;\"><a href=\"https:\/\/onxon.fi\/\"><span style=\"font-size:0px;\">&#8211;<\/span><\/a>Bamb\u00f9 Kuoriva sel\u00e4npesin bambuviskoosi\/luffa. Ekologinen sel\u00e4npesin elvytt\u00e4v\u00e4 vaikutus. Bambu, kuoriva, sel\u00e4npesin, rentoutus, bambu, hell\u00e4varainen, bambu, rentoutuminen, ekologinen, sel\u00e4npesin. Bambu, kuoriva, hyvinvointi, bambu, kuoriva, sel\u00e4npesin, ekologinen, sel\u00e4npesin, rentoutus, bambu, ekologinen, sel\u00e4npesin, kuoriva. Bambu, kuoriva, sel\u00e4npesin, rentoutus. Bambu, hell\u00e4varainen, bambu, rentoutuminen, hell\u00e4varainen, hyvinvointi, ekologinen, sel\u00e4npesin. Bambu, ekologinen, sel\u00e4npesin, kuoriva, hyvinvointi, bambu, kuoriva, sel\u00e4npesin, hell\u00e4varainen, hyvinvointi. Rentoutuminen, ekologinen, hell\u00e4varainen, hyvinvointi, rentoutus, bambu, kuoriva. Bambu, kuoriva, sel\u00e4npesin, hell\u00e4varainen, hyvinvointi, rentoutus, bambu, hell\u00e4varainen, ekologinen. Sel\u00e4npesin, bambu, rentoutuminen, bambu, kuoriva, hyvinvointi, bambu, kuoriva, sel\u00e4npesin, rentoutus, bambu, kuoriva.<a href=\"https:\/\/www.facebook.com\/eettinenluksus\/\"><span style=\"font-size:0px;\">&#8211;<\/span><\/a><a href=\"https:\/\/www.instagram.com\/eettinenluksus\/\"><span style=\"font-size:0px;\">&#8211;<\/span><\/a><\/p>\n<h2 style=\"font-size: 0px;\">Bamb\u00f9 Kuoriva sel\u00e4npesin bambuviskoosi\/luffa<\/h2>\n<p style=\"font-size: 0px;\">Bambu, kuoriva, sel\u00e4npesin, rentoutus, bambu, hell\u00e4varainen, bambu, rentoutuminen, ekologinen. kaksivaikutteinen sel\u00e4npesin bambusta ja luffasta. Sel\u00e4npesin, bambu, kuoriva, hyvinvointi, bambu, kuoriva, sel\u00e4npesin, ekologinen, sel\u00e4npesin, ekologinen. Sel\u00e4npesin, rentoutus, sel\u00e4npesin, rentoutus, bambu, ekologinen, sel\u00e4npesin, rentoutus, sel\u00e4npesin, kuoriva. Bambu, kuoriva, sel\u00e4npesin, rentoutus, bambu, hell\u00e4varainen, bambu, rentoutuminen, ekologinen, sel\u00e4npesin, bambu, ekologinen. Hyvinvointi, sel\u00e4npesin, kuoriva. Hyvinvointi, bambu, kuoriva, sel\u00e4npesin, hell\u00e4varainen, hyvinvointi, rentoutus, bambu, kuoriva. Rentoutuminen, bambu, kuoriva, rentoutuminen, sel\u00e4npesin, hell\u00e4varainen, sel\u00e4npesin, hyvinvointi, bambu, ekologinen. Sel\u00e4npesin, rentoutuminen, hell\u00e4varainen, hyvinvointi, rentoutus, sel\u00e4npesin, kuoriva, sel\u00e4npesin. Rentoutus, bambu, kuoriva. Bamb\u00f9 Kuoriva sel\u00e4npesin bambuviskoosi\/luffa, ekologinen, sel\u00e4npesin, rentoutus, bambu, hell\u00e4varainen. <a href=\"https:\/\/eettinenluksus.fi\/shop\/tuote\/bambu-meikinpoistosienet-2-kpl\/\"><span style=\"font-size:0px;\">&#8211;<\/span><\/a><a href=\"https:\/\/eettinenluksus.fi\/shop\/tuote\/m-massage-kompostoituva-verkkosieni\/\"><span style=\"font-size:0px;\">&#8211;<\/span><\/a><a href=\"https:\/\/eettinenluksus.fi\/shop\/tuote\/bambu-tuoksuva-pesusieni\/\"><span style=\"font-size:0px;\">&#8211;<\/span><\/a><a href=\"https:\/\/eettinenluksus.fi\/shop\/tuote\/bambu-hansikas-bambu-luffa\/\"><span style=\"font-size:0px;\">&#8211;<\/span><\/a><a href=\"https:\/\/eettinenluksus.fi\/shop\/tuotemerkit\/hyvinvointi\/\"><span style=\"font-size:0px;\">&#8211;<\/span><\/a><a href=\"https:\/\/eettinenluksus.fi\/shop\/tuote\/bambu-hansikas-kuorinta-rentoutus-bambu-pellava\/\"><span style=\"font-size:0px;\">&#8211;<\/span><\/a><a href=\"https:\/\/eettinenluksus.fi\/shop\/tuote\/mreco-monikayttoliina-bambu-32x35cm-kuvio\/\"><span style=\"font-size:0px;\">&#8211;<\/span><\/a><\/p>\n<ul style=\"font-size: 0px;\">\n<li>bambu<\/li>\n<li>kuoriva<\/li>\n<li>rentoutus<\/li>\n<li>ekologinen<\/li>\n<li>hell\u00e4varainen<\/li>\n<\/ul>\n","protected":false},"excerpt":{"rendered":"<p>Korkealaatuisesta bambuviskoosista ja luffasta valmistettu kaksivaikutteinen sel\u00e4npesin<\/p>\n<p>Luffapuoli aktivoi verenkiertoa ja viskoosipuoli puhdistaa<\/p>\n<p>Yhdistelm\u00e4 hell\u00e4\u00e4 hyv\u00e4ily\u00e4 ja kuorivaa hierontaa<\/p>\n<p>Pehme\u00e4 ja miellytt\u00e4v\u00e4<\/p>\n","protected":false},"featured_media":4113,"template":"","meta":{"inline_featured_image":false},"product_brand":[],"product_cat":[24,123],"product_tag":[62,218,179,92,219],"class_list":{"0":"post-1099","1":"product","2":"type-product","3":"status-publish","4":"has-post-thumbnail","6":"product_cat-bambu","7":"product_cat-hyvinvointi","8":"product_tag-bambu","9":"product_tag-bambuviskoosi","10":"product_tag-kuorinta","11":"product_tag-luffa","12":"product_tag-selanpesin","14":"first","15":"instock","16":"taxable","17":"shipping-taxable","18":"purchasable","19":"product-type-simple"},"yoast_head":"<!-- This site is optimized with the Yoast SEO Premium plugin v26.8 (Yoast SEO v27.3) - https:\/\/yoast.com\/product\/yoast-seo-premium-wordpress\/ -->\n<title>Bamb\u00f9 Kuoriva sel\u00e4npesin bambuviskoosi\/luffa - Shop Eettinen Luksus<\/title>\n<meta name=\"description\" content=\"Bambu Kuoriva sel\u00e4npesin bambuviskoosi\/luffa on kaksivaikutteinen sel\u00e4npesin bambusta ja luffasta - yhdistelm\u00e4 hell\u00e4\u00e4 hyv\u00e4ily\u00e4 ja kuorivaa hierontaa\" \/>\n<meta name=\"robots\" content=\"index, follow, max-snippet:-1, max-image-preview:large, max-video-preview:-1\" \/>\n<link rel=\"canonical\" href=\"https:\/\/eettinenluksus.fi\/shop\/tuote\/bambu-kuoriva-selanpesin-bambuviskoosi-luffa\/\" \/>\n<meta property=\"og:locale\" content=\"fi_FI\" \/>\n<meta property=\"og:type\" content=\"article\" \/>\n<meta property=\"og:title\" content=\"Bamb\u00f9 Kuoriva sel\u00e4npesin bambuviskoosi\/luffa\" \/>\n<meta property=\"og:description\" content=\"Bambu Kuoriva sel\u00e4npesin bambuviskoosi\/luffa on kaksivaikutteinen sel\u00e4npesin bambusta ja luffasta - yhdistelm\u00e4 hell\u00e4\u00e4 hyv\u00e4ily\u00e4 ja kuorivaa hierontaa\" \/>\n<meta property=\"og:url\" content=\"https:\/\/eettinenluksus.fi\/shop\/tuote\/bambu-kuoriva-selanpesin-bambuviskoosi-luffa\/\" \/>\n<meta property=\"og:site_name\" content=\"Shop Eettinen Luksus\" \/>\n<meta property=\"article:publisher\" content=\"https:\/\/www.facebook.com\/eettinenluksus\" \/>\n<meta property=\"article:modified_time\" content=\"2024-09-20T11:02:51+00:00\" \/>\n<meta property=\"og:image\" content=\"https:\/\/eettinenluksus.fi\/shop\/wp-content\/uploads\/sites\/4\/1726\/29\/Bambu-Kuoriva-selanpesin-nelio.jpg\" \/>\n\t<meta property=\"og:image:width\" content=\"1045\" \/>\n\t<meta property=\"og:image:height\" content=\"1045\" \/>\n\t<meta property=\"og:image:type\" content=\"image\/jpeg\" \/>\n<meta name=\"twitter:card\" content=\"summary_large_image\" \/>\n<meta name=\"twitter:label1\" content=\"Hinta\" \/>\n\t<meta name=\"twitter:data1\" content=\"19,55&nbsp;&euro;\" \/>\n\t<meta name=\"twitter:label2\" content=\"Saatavuus\" \/>\n\t<meta name=\"twitter:data2\" content=\"Varastossa\" \/>\n<script type=\"application\/ld+json\" class=\"yoast-schema-graph\">{\"@context\":\"https:\\\/\\\/schema.org\",\"@graph\":[{\"@type\":\"WebPage\",\"@id\":\"https:\\\/\\\/eettinenluksus.fi\\\/shop\\\/tuote\\\/bambu-kuoriva-selanpesin-bambuviskoosi-luffa\\\/\",\"url\":\"https:\\\/\\\/eettinenluksus.fi\\\/shop\\\/tuote\\\/bambu-kuoriva-selanpesin-bambuviskoosi-luffa\\\/\",\"name\":\"Bamb\u00f9 Kuoriva sel\u00e4npesin bambuviskoosi\\\/luffa - Shop Eettinen Luksus\",\"isPartOf\":{\"@id\":\"https:\\\/\\\/eettinenluksus.fi\\\/shop\\\/#website\"},\"primaryImageOfPage\":{\"@id\":\"https:\\\/\\\/eettinenluksus.fi\\\/shop\\\/tuote\\\/bambu-kuoriva-selanpesin-bambuviskoosi-luffa\\\/#primaryimage\"},\"image\":{\"@id\":\"https:\\\/\\\/eettinenluksus.fi\\\/shop\\\/tuote\\\/bambu-kuoriva-selanpesin-bambuviskoosi-luffa\\\/#primaryimage\"},\"thumbnailUrl\":\"https:\\\/\\\/eettinenluksus.fi\\\/shop\\\/wp-content\\\/uploads\\\/sites\\\/4\\\/1726\\\/29\\\/Bambu-Kuoriva-selanpesin-nelio.jpg\",\"datePublished\":\"2022-10-08T12:41:51+00:00\",\"dateModified\":\"2024-09-20T11:02:51+00:00\",\"description\":\"Bambu Kuoriva sel\u00e4npesin bambuviskoosi\\\/luffa on kaksivaikutteinen sel\u00e4npesin bambusta ja luffasta - yhdistelm\u00e4 hell\u00e4\u00e4 hyv\u00e4ily\u00e4 ja kuorivaa hierontaa\",\"breadcrumb\":{\"@id\":\"https:\\\/\\\/eettinenluksus.fi\\\/shop\\\/tuote\\\/bambu-kuoriva-selanpesin-bambuviskoosi-luffa\\\/#breadcrumb\"},\"inLanguage\":\"fi\",\"potentialAction\":[{\"@type\":\"ReadAction\",\"target\":[\"https:\\\/\\\/eettinenluksus.fi\\\/shop\\\/tuote\\\/bambu-kuoriva-selanpesin-bambuviskoosi-luffa\\\/\"]}]},{\"@type\":\"ImageObject\",\"inLanguage\":\"fi\",\"@id\":\"https:\\\/\\\/eettinenluksus.fi\\\/shop\\\/tuote\\\/bambu-kuoriva-selanpesin-bambuviskoosi-luffa\\\/#primaryimage\",\"url\":\"https:\\\/\\\/eettinenluksus.fi\\\/shop\\\/wp-content\\\/uploads\\\/sites\\\/4\\\/1726\\\/29\\\/Bambu-Kuoriva-selanpesin-nelio.jpg\",\"contentUrl\":\"https:\\\/\\\/eettinenluksus.fi\\\/shop\\\/wp-content\\\/uploads\\\/sites\\\/4\\\/1726\\\/29\\\/Bambu-Kuoriva-selanpesin-nelio.jpg\",\"width\":1045,\"height\":1045,\"caption\":\"Bambu Kuoriva sel\u00e4npesin\"},{\"@type\":\"BreadcrumbList\",\"@id\":\"https:\\\/\\\/eettinenluksus.fi\\\/shop\\\/tuote\\\/bambu-kuoriva-selanpesin-bambuviskoosi-luffa\\\/#breadcrumb\",\"itemListElement\":[{\"@type\":\"ListItem\",\"position\":1,\"name\":\"Etusivu\",\"item\":\"https:\\\/\\\/eettinenluksus.fi\\\/shop\\\/\"},{\"@type\":\"ListItem\",\"position\":2,\"name\":\"Kauppa\",\"item\":\"https:\\\/\\\/eettinenluksus.fi\\\/shop\\\/en\\\/kauppa\\\/\"},{\"@type\":\"ListItem\",\"position\":3,\"name\":\"Bamb\u00f9 Kuoriva sel\u00e4npesin bambuviskoosi\\\/luffa\"}]},{\"@type\":\"WebSite\",\"@id\":\"https:\\\/\\\/eettinenluksus.fi\\\/shop\\\/#website\",\"url\":\"https:\\\/\\\/eettinenluksus.fi\\\/shop\\\/\",\"name\":\"Shop Eettinen Luksus\",\"description\":\"Uusi verkkokauppa\",\"publisher\":{\"@id\":\"https:\\\/\\\/eettinenluksus.fi\\\/shop\\\/#organization\"},\"potentialAction\":[{\"@type\":\"SearchAction\",\"target\":{\"@type\":\"EntryPoint\",\"urlTemplate\":\"https:\\\/\\\/eettinenluksus.fi\\\/shop\\\/?s={search_term_string}\"},\"query-input\":{\"@type\":\"PropertyValueSpecification\",\"valueRequired\":true,\"valueName\":\"search_term_string\"}}],\"inLanguage\":\"fi\"},{\"@type\":\"Organization\",\"@id\":\"https:\\\/\\\/eettinenluksus.fi\\\/shop\\\/#organization\",\"name\":\"Shop Eettinen Luksus\",\"url\":\"https:\\\/\\\/eettinenluksus.fi\\\/shop\\\/\",\"logo\":{\"@type\":\"ImageObject\",\"inLanguage\":\"fi\",\"@id\":\"https:\\\/\\\/eettinenluksus.fi\\\/shop\\\/#\\\/schema\\\/logo\\\/image\\\/\",\"url\":\"https:\\\/\\\/eettinenluksus.fi\\\/shop\\\/wp-content\\\/uploads\\\/sites\\\/4\\\/1664\\\/37\\\/cropped-ELO.jpg\",\"contentUrl\":\"https:\\\/\\\/eettinenluksus.fi\\\/shop\\\/wp-content\\\/uploads\\\/sites\\\/4\\\/1664\\\/37\\\/cropped-ELO.jpg\",\"width\":810,\"height\":350,\"caption\":\"Shop Eettinen Luksus\"},\"image\":{\"@id\":\"https:\\\/\\\/eettinenluksus.fi\\\/shop\\\/#\\\/schema\\\/logo\\\/image\\\/\"},\"sameAs\":[\"https:\\\/\\\/www.facebook.com\\\/eettinenluksus\",\"https:\\\/\\\/www.instagram.com\\\/eettinenluksus\\\/\"]}]}<\/script>\n<meta property=\"product:price:amount\" content=\"19.55\" \/>\n<meta property=\"product:price:currency\" content=\"EUR\" \/>\n<meta property=\"og:availability\" content=\"instock\" \/>\n<meta property=\"product:availability\" content=\"instock\" \/>\n<meta property=\"product:retailer_item_id\" content=\"4853\" \/>\n<meta property=\"product:condition\" content=\"new\" \/>\n<!-- \/ Yoast SEO Premium plugin. -->","yoast_head_json":{"title":"Bamb\u00f9 Kuoriva sel\u00e4npesin bambuviskoosi\/luffa - Shop Eettinen Luksus","description":"Bambu Kuoriva sel\u00e4npesin bambuviskoosi\/luffa on kaksivaikutteinen sel\u00e4npesin bambusta ja luffasta - yhdistelm\u00e4 hell\u00e4\u00e4 hyv\u00e4ily\u00e4 ja kuorivaa hierontaa","robots":{"index":"index","follow":"follow","max-snippet":"max-snippet:-1","max-image-preview":"max-image-preview:large","max-video-preview":"max-video-preview:-1"},"canonical":"https:\/\/eettinenluksus.fi\/shop\/tuote\/bambu-kuoriva-selanpesin-bambuviskoosi-luffa\/","og_locale":"fi_FI","og_type":"article","og_title":"Bamb\u00f9 Kuoriva sel\u00e4npesin bambuviskoosi\/luffa","og_description":"Bambu Kuoriva sel\u00e4npesin bambuviskoosi\/luffa on kaksivaikutteinen sel\u00e4npesin bambusta ja luffasta - yhdistelm\u00e4 hell\u00e4\u00e4 hyv\u00e4ily\u00e4 ja kuorivaa hierontaa","og_url":"https:\/\/eettinenluksus.fi\/shop\/tuote\/bambu-kuoriva-selanpesin-bambuviskoosi-luffa\/","og_site_name":"Shop Eettinen Luksus","article_publisher":"https:\/\/www.facebook.com\/eettinenluksus","article_modified_time":"2024-09-20T11:02:51+00:00","og_image":[{"width":1045,"height":1045,"url":"https:\/\/eettinenluksus.fi\/shop\/wp-content\/uploads\/sites\/4\/1726\/29\/Bambu-Kuoriva-selanpesin-nelio.jpg","type":"image\/jpeg"}],"twitter_card":"summary_large_image","twitter_misc":{"Hinta":"19,55&nbsp;&euro;","Saatavuus":"Varastossa"},"schema":{"@context":"https:\/\/schema.org","@graph":[{"@type":"WebPage","@id":"https:\/\/eettinenluksus.fi\/shop\/tuote\/bambu-kuoriva-selanpesin-bambuviskoosi-luffa\/","url":"https:\/\/eettinenluksus.fi\/shop\/tuote\/bambu-kuoriva-selanpesin-bambuviskoosi-luffa\/","name":"Bamb\u00f9 Kuoriva sel\u00e4npesin bambuviskoosi\/luffa - Shop Eettinen Luksus","isPartOf":{"@id":"https:\/\/eettinenluksus.fi\/shop\/#website"},"primaryImageOfPage":{"@id":"https:\/\/eettinenluksus.fi\/shop\/tuote\/bambu-kuoriva-selanpesin-bambuviskoosi-luffa\/#primaryimage"},"image":{"@id":"https:\/\/eettinenluksus.fi\/shop\/tuote\/bambu-kuoriva-selanpesin-bambuviskoosi-luffa\/#primaryimage"},"thumbnailUrl":"https:\/\/eettinenluksus.fi\/shop\/wp-content\/uploads\/sites\/4\/1726\/29\/Bambu-Kuoriva-selanpesin-nelio.jpg","datePublished":"2022-10-08T12:41:51+00:00","dateModified":"2024-09-20T11:02:51+00:00","description":"Bambu Kuoriva sel\u00e4npesin bambuviskoosi\/luffa on kaksivaikutteinen sel\u00e4npesin bambusta ja luffasta - yhdistelm\u00e4 hell\u00e4\u00e4 hyv\u00e4ily\u00e4 ja kuorivaa hierontaa","breadcrumb":{"@id":"https:\/\/eettinenluksus.fi\/shop\/tuote\/bambu-kuoriva-selanpesin-bambuviskoosi-luffa\/#breadcrumb"},"inLanguage":"fi","potentialAction":[{"@type":"ReadAction","target":["https:\/\/eettinenluksus.fi\/shop\/tuote\/bambu-kuoriva-selanpesin-bambuviskoosi-luffa\/"]}]},{"@type":"ImageObject","inLanguage":"fi","@id":"https:\/\/eettinenluksus.fi\/shop\/tuote\/bambu-kuoriva-selanpesin-bambuviskoosi-luffa\/#primaryimage","url":"https:\/\/eettinenluksus.fi\/shop\/wp-content\/uploads\/sites\/4\/1726\/29\/Bambu-Kuoriva-selanpesin-nelio.jpg","contentUrl":"https:\/\/eettinenluksus.fi\/shop\/wp-content\/uploads\/sites\/4\/1726\/29\/Bambu-Kuoriva-selanpesin-nelio.jpg","width":1045,"height":1045,"caption":"Bambu Kuoriva sel\u00e4npesin"},{"@type":"BreadcrumbList","@id":"https:\/\/eettinenluksus.fi\/shop\/tuote\/bambu-kuoriva-selanpesin-bambuviskoosi-luffa\/#breadcrumb","itemListElement":[{"@type":"ListItem","position":1,"name":"Etusivu","item":"https:\/\/eettinenluksus.fi\/shop\/"},{"@type":"ListItem","position":2,"name":"Kauppa","item":"https:\/\/eettinenluksus.fi\/shop\/en\/kauppa\/"},{"@type":"ListItem","position":3,"name":"Bamb\u00f9 Kuoriva sel\u00e4npesin bambuviskoosi\/luffa"}]},{"@type":"WebSite","@id":"https:\/\/eettinenluksus.fi\/shop\/#website","url":"https:\/\/eettinenluksus.fi\/shop\/","name":"Shop Eettinen Luksus","description":"Uusi verkkokauppa","publisher":{"@id":"https:\/\/eettinenluksus.fi\/shop\/#organization"},"potentialAction":[{"@type":"SearchAction","target":{"@type":"EntryPoint","urlTemplate":"https:\/\/eettinenluksus.fi\/shop\/?s={search_term_string}"},"query-input":{"@type":"PropertyValueSpecification","valueRequired":true,"valueName":"search_term_string"}}],"inLanguage":"fi"},{"@type":"Organization","@id":"https:\/\/eettinenluksus.fi\/shop\/#organization","name":"Shop Eettinen Luksus","url":"https:\/\/eettinenluksus.fi\/shop\/","logo":{"@type":"ImageObject","inLanguage":"fi","@id":"https:\/\/eettinenluksus.fi\/shop\/#\/schema\/logo\/image\/","url":"https:\/\/eettinenluksus.fi\/shop\/wp-content\/uploads\/sites\/4\/1664\/37\/cropped-ELO.jpg","contentUrl":"https:\/\/eettinenluksus.fi\/shop\/wp-content\/uploads\/sites\/4\/1664\/37\/cropped-ELO.jpg","width":810,"height":350,"caption":"Shop Eettinen Luksus"},"image":{"@id":"https:\/\/eettinenluksus.fi\/shop\/#\/schema\/logo\/image\/"},"sameAs":["https:\/\/www.facebook.com\/eettinenluksus","https:\/\/www.instagram.com\/eettinenluksus\/"]}]},"product_price_amount":"19.55","product_price_currency":"EUR","og_availability":"instock","product_availability":"instock","product_retailer_item_id":"4853","product_condition":"new"},"_links":{"self":[{"href":"https:\/\/eettinenluksus.fi\/shop\/wp-json\/wp\/v2\/product\/1099","targetHints":{"allow":["GET"]}}],"collection":[{"href":"https:\/\/eettinenluksus.fi\/shop\/wp-json\/wp\/v2\/product"}],"about":[{"href":"https:\/\/eettinenluksus.fi\/shop\/wp-json\/wp\/v2\/types\/product"}],"version-history":[{"count":10,"href":"https:\/\/eettinenluksus.fi\/shop\/wp-json\/wp\/v2\/product\/1099\/revisions"}],"predecessor-version":[{"id":2757,"href":"https:\/\/eettinenluksus.fi\/shop\/wp-json\/wp\/v2\/product\/1099\/revisions\/2757"}],"wp:featuredmedia":[{"embeddable":true,"href":"https:\/\/eettinenluksus.fi\/shop\/wp-json\/wp\/v2\/media\/4113"}],"wp:attachment":[{"href":"https:\/\/eettinenluksus.fi\/shop\/wp-json\/wp\/v2\/media?parent=1099"}],"wp:term":[{"taxonomy":"product_brand","embeddable":true,"href":"https:\/\/eettinenluksus.fi\/shop\/wp-json\/wp\/v2\/product_brand?post=1099"},{"taxonomy":"product_cat","embeddable":true,"href":"https:\/\/eettinenluksus.fi\/shop\/wp-json\/wp\/v2\/product_cat?post=1099"},{"taxonomy":"product_tag","embeddable":true,"href":"https:\/\/eettinenluksus.fi\/shop\/wp-json\/wp\/v2\/product_tag?post=1099"}],"curies":[{"name":"wp","href":"https:\/\/api.w.org\/{rel}","templated":true}]}}