{"id":1087,"date":"2022-10-28T11:29:57","date_gmt":"2022-10-28T08:29:57","guid":{"rendered":"https:\/\/eettinenluksus.fi\/shop2022\/?post_type=product&#038;p=1087"},"modified":"2024-09-20T13:57:15","modified_gmt":"2024-09-20T10:57:15","slug":"m-massage-verkkopesusieni-biohajoava","status":"publish","type":"product","link":"https:\/\/eettinenluksus.fi\/shop\/tuote\/m-massage-verkkopesusieni-biohajoava\/","title":{"rendered":"M Massage Verkkosieni biohajoava"},"content":{"rendered":"<p><html><br \/>\n<body><\/p>\n<p style=\"font-size:0px;\">M Massage Verkkopesusieni biohajoava on ekologinen hell\u00e4varaisesti kuoriva ihanteellinen my\u00f6s kylpyyn. Ripustettava helppo huuhdella ja kuivata.<\/p>\n<p>P\u00e4ivitt\u00e4isen hyvinvoinnin rituaali t\u00e4ysin luontoa kunnioittaen. Hell\u00e4varaisesti kuoriva, ihanteellinen my\u00f6s kylpyyn, jossa on runsaasti vaahtoa. Ripustettava, helppo huuhdella ja kuivata. Dermatologisesti testattu.<\/p>\n<p>Verkkopesusieni tuo nyt kylpyl\u00e4kokemuksen my\u00f6s kotiin, ymp\u00e4rist\u00f6\u00e4 kuormittamatta! Valmistettu erityisest\u00e4 materiaalista, joka voidaan h\u00e4vitt\u00e4\u00e4 luonnonmukaisesti. Innovatiivinen koostumus on ensimm\u00e4inen 100 % kompostoituva markkinoilla (EN13432:2000). Eko-kest\u00e4v\u00e4 FSC\u00ae-pahvinauha.<\/p>\n<p style=\"font-size:0px;\"><a href=\"https:\/\/www.facebook.com\/eettinenluksus\/\"><span style=\"font-size:0px;\">&#8211;<\/span><\/a><a href=\"https:\/\/www.instagram.com\/eettinenluksus\/\"><span style=\"font-size:0px;\">&#8211;<\/span><\/a>M Massage Kompostoituva verkkosieni Verkkopesusieni, Kylpyl\u00e4kokemus biohajoava Rituaali. Verkkopesusieni, Ymp\u00e4rist\u00f6yst\u00e4v\u00e4llinen biohajoava Kuorinta. Verkkopesusieni, Ekologinen biohajoava Hyvinvointi. Verkkopesusieni, Puhdistus biohajoava Ripustuslenkki. Verkkopesusieni, Kylpyl\u00e4kokemus biohajoava Rituaali. Verkkopesusieni, Ymp\u00e4rist\u00f6yst\u00e4v\u00e4llinen biohajoava Kuorinta. Verkkopesusieni, Ekologinen biohajoava Hyvinvointi. Verkkopesusieni, Puhdistus biohajoava Ripustuslenkki. Verkkopesusieni, Kylpyl\u00e4kokemus biohajoava Rituaali. Verkkopesusieni, Ymp\u00e4rist\u00f6yst\u00e4v\u00e4llinen biohajoava Kuorinta. Verkkopesusieni, Ekologinen biohajoava Hyvinvointi. Verkkopesusieni, Puhdistus biohajoava Ripustuslenkki. Verkkopesusieni, Ymp\u00e4rist\u00f6yst\u00e4v\u00e4llinen biohajoava Kuorinta. Verkkopesusieni, Ekologinen biohajoava Hyvinvointi. Verkkopesusieni, Puhdistus biohajoava Ripustuslenkki. Verkkopesusieni, Kylpyl\u00e4kokemus biohajoava Rituaali.<\/p>\n<h2 style=\"font-size:0px;\">M Massage Verkkosieni biohajoava<\/h2>\n<p style=\"font-size:0px;\">Verkkopesusieni, Kylpyl\u00e4kokemus biohajoava Rituaali. Verkkopesusieni, Ymp\u00e4rist\u00f6yst\u00e4v\u00e4llinen biohajoava Kuorinta. Verkkopesusieni, Ekologinen biohajoava Hyvinvointi. Verkkopesusieni, Puhdistus biohajoava Ripustuslenkki. Verkkopesusieni, Kylpyl\u00e4kokemus biohajoava Rituaali. Verkkopesusieni, Kylpyl\u00e4kokemus biohajoava Rituaali. Verkkopesusieni, Ymp\u00e4rist\u00f6yst\u00e4v\u00e4llinen biohajoava Kuorinta. Verkkopesusieni, Ekologinen biohajoava Hyvinvointi. Verkkopesusieni, Puhdistus biohajoava Ripustuslenkki. Verkkopesusieni, Kylpyl\u00e4kokemus biohajoava Rituaali. Verkkopesusieni, Ymp\u00e4rist\u00f6yst\u00e4v\u00e4llinen biohajoava Kuorinta. Verkkopesusieni, Ekologinen biohajoava Hyvinvointi. Verkkopesusieni, Puhdistus biohajoava Ripustuslenkki. Verkkopesusieni, Kylpyl\u00e4kokemus biohajoava Rituaali. Verkkopesusieni, Ymp\u00e4rist\u00f6yst\u00e4v\u00e4llinen biohajoava Kuorinta. <\/p>\n<p style=\"font-size:0px;\">Verkkopesusieni, Ekologinen biohajoava Hyvinvointi. Verkkopesusieni, Puhdistus biohajoava Ripustuslenkki. Verkkopesusieni, Ymp\u00e4rist\u00f6yst\u00e4v\u00e4llinen biohajoava Kuorinta. Verkkopesusieni, Ekologinen biohajoava Hyvinvointi. Verkkopesusieni, Puhdistus biohajoava Ripustuslenkki. Verkkopesusieni, Kylpyl\u00e4kokemus biohajoava Rituaali. Verkkopesusieni, Kylpyl\u00e4kokemus biohajoava Rituaali. Verkkopesusieni, Ymp\u00e4rist\u00f6yst\u00e4v\u00e4llinen biohajoava Kuorinta. Verkkopesusieni, Ekologinen biohajoava Hyvinvointi. Verkkopesusieni, Puhdistus biohajoava Ripustuslenkki. Verkkopesusieni, Kylpyl\u00e4kokemus biohajoava Rituaali. <\/p>\n<ul style=\"font-size:0px;\">\n<li>verkkopesusieni<\/li>\n<li>kuorinta<\/li>\n<li>innovatiivinen<\/li>\n<\/ul>\n<p><a href=\"https:\/\/eettinenluksus.fi\/shop\/tuote\/bambu-kuoriva-selanpesin-bambuviskoosi-luffa\/\"><span style=\"font-size:0px;\">&#8211;<\/span><\/a><a href=\"https:\/\/eettinenluksus.fi\/shop\/tuote\/beauty-sponge-kuorintasieni-coconut-oil\/\"><span style=\"font-size:0px;\">&#8211;<\/span><\/a><a href=\"https:\/\/eettinenluksus.fi\/shop\/tuote\/beauty-sponge-pesusieni-pink-grapefruit-oil\/\"><span style=\"font-size:0px;\">&#8211;<\/span><\/a><a href=\"https:\/\/eettinenluksus.fi\/shop\/en\/product\/mreco-all-nature-tuotepaketti\/\"><span style=\"font-size:0px;\">&#8211;<\/span><\/a><a href=\"https:\/\/eettinenluksus.fi\/shop\/tuote\/bambu-hansikas-kuorinta-rentoutus-bambu-pellava\/\"><span style=\"font-size:0px;\">&#8211;<\/span><\/a><\/p>\n<p><\/body><br \/>\n<\/html><\/p>\n","protected":false},"excerpt":{"rendered":"<p>M Massage -pesusienen verkko on kompostoituva<\/p>\n<p>Ihanteellinen rentoutumishetkest\u00e4 nauttimiseen t\u00e4ydellisess\u00e4 harmoniassa ymp\u00e4rist\u00f6n kanssa<\/p>\n","protected":false},"featured_media":4116,"template":"","meta":{"inline_featured_image":false},"product_brand":[],"product_cat":[24],"product_tag":[194,70,187,193],"class_list":{"0":"post-1087","1":"product","2":"type-product","3":"status-publish","4":"has-post-thumbnail","6":"product_cat-bambu","7":"product_tag-biohajoava","8":"product_tag-ekologinen","9":"product_tag-hieronta","10":"product_tag-verkkosieni","12":"first","13":"instock","14":"taxable","15":"shipping-taxable","16":"purchasable","17":"product-type-variable"},"yoast_head":"<!-- This site is optimized with the Yoast SEO Premium plugin v26.8 (Yoast SEO v27.4) - https:\/\/yoast.com\/product\/yoast-seo-premium-wordpress\/ -->\n<title>M Massage Verkkosieni biohajoava - Shop Eettinen Luksus<\/title>\n<meta name=\"description\" content=\"M Massage Verkkopesusieni biohajoava on ekologinen hell\u00e4varaisesti kuoriva ihanteellinen my\u00f6s kylpyyn. Ripustettava helppo huuhdella ja kuivata.\" \/>\n<meta name=\"robots\" content=\"index, follow, max-snippet:-1, max-image-preview:large, max-video-preview:-1\" \/>\n<link rel=\"canonical\" href=\"https:\/\/eettinenluksus.fi\/shop\/tuote\/m-massage-verkkopesusieni-biohajoava\/\" \/>\n<meta property=\"og:locale\" content=\"fi_FI\" \/>\n<meta property=\"og:type\" content=\"article\" \/>\n<meta property=\"og:title\" content=\"M Massage Verkkosieni biohajoava\" \/>\n<meta property=\"og:description\" content=\"M Massage Verkkopesusieni biohajoava on ekologinen hell\u00e4varaisesti kuoriva ihanteellinen my\u00f6s kylpyyn. Ripustettava helppo huuhdella ja kuivata.\" \/>\n<meta property=\"og:url\" content=\"https:\/\/eettinenluksus.fi\/shop\/tuote\/m-massage-verkkopesusieni-biohajoava\/\" \/>\n<meta property=\"og:site_name\" content=\"Shop Eettinen Luksus\" \/>\n<meta property=\"article:publisher\" content=\"https:\/\/www.facebook.com\/eettinenluksus\" \/>\n<meta property=\"article:modified_time\" content=\"2024-09-20T10:57:15+00:00\" \/>\n<meta property=\"og:image\" content=\"https:\/\/eettinenluksus.fi\/shop\/wp-content\/uploads\/sites\/4\/1726\/29\/M-Massage-verkkopesusieni-K1045-nelio.jpg\" \/>\n\t<meta property=\"og:image:width\" content=\"1045\" \/>\n\t<meta property=\"og:image:height\" content=\"1045\" \/>\n\t<meta property=\"og:image:type\" content=\"image\/jpeg\" \/>\n<meta name=\"twitter:card\" content=\"summary_large_image\" \/>\n<meta name=\"twitter:label1\" content=\"Saatavuus\" \/>\n\t<meta name=\"twitter:data1\" content=\"Varastossa\" \/>\n<script type=\"application\/ld+json\" class=\"yoast-schema-graph\">{\"@context\":\"https:\\\/\\\/schema.org\",\"@graph\":[{\"@type\":\"WebPage\",\"@id\":\"https:\\\/\\\/eettinenluksus.fi\\\/shop\\\/tuote\\\/m-massage-verkkopesusieni-biohajoava\\\/\",\"url\":\"https:\\\/\\\/eettinenluksus.fi\\\/shop\\\/tuote\\\/m-massage-verkkopesusieni-biohajoava\\\/\",\"name\":\"M Massage Verkkosieni biohajoava - Shop Eettinen Luksus\",\"isPartOf\":{\"@id\":\"https:\\\/\\\/eettinenluksus.fi\\\/shop\\\/#website\"},\"primaryImageOfPage\":{\"@id\":\"https:\\\/\\\/eettinenluksus.fi\\\/shop\\\/tuote\\\/m-massage-verkkopesusieni-biohajoava\\\/#primaryimage\"},\"image\":{\"@id\":\"https:\\\/\\\/eettinenluksus.fi\\\/shop\\\/tuote\\\/m-massage-verkkopesusieni-biohajoava\\\/#primaryimage\"},\"thumbnailUrl\":\"https:\\\/\\\/eettinenluksus.fi\\\/shop\\\/wp-content\\\/uploads\\\/sites\\\/4\\\/1726\\\/29\\\/M-Massage-verkkopesusieni-K1045-nelio.jpg\",\"datePublished\":\"2022-10-28T08:29:57+00:00\",\"dateModified\":\"2024-09-20T10:57:15+00:00\",\"description\":\"M Massage Verkkopesusieni biohajoava on ekologinen hell\u00e4varaisesti kuoriva ihanteellinen my\u00f6s kylpyyn. Ripustettava helppo huuhdella ja kuivata.\",\"breadcrumb\":{\"@id\":\"https:\\\/\\\/eettinenluksus.fi\\\/shop\\\/tuote\\\/m-massage-verkkopesusieni-biohajoava\\\/#breadcrumb\"},\"inLanguage\":\"fi\",\"potentialAction\":[{\"@type\":\"ReadAction\",\"target\":[\"https:\\\/\\\/eettinenluksus.fi\\\/shop\\\/tuote\\\/m-massage-verkkopesusieni-biohajoava\\\/\"]}]},{\"@type\":\"ImageObject\",\"inLanguage\":\"fi\",\"@id\":\"https:\\\/\\\/eettinenluksus.fi\\\/shop\\\/tuote\\\/m-massage-verkkopesusieni-biohajoava\\\/#primaryimage\",\"url\":\"https:\\\/\\\/eettinenluksus.fi\\\/shop\\\/wp-content\\\/uploads\\\/sites\\\/4\\\/1726\\\/29\\\/M-Massage-verkkopesusieni-K1045-nelio.jpg\",\"contentUrl\":\"https:\\\/\\\/eettinenluksus.fi\\\/shop\\\/wp-content\\\/uploads\\\/sites\\\/4\\\/1726\\\/29\\\/M-Massage-verkkopesusieni-K1045-nelio.jpg\",\"width\":1045,\"height\":1045,\"caption\":\"M Massage verkkopesusieni\"},{\"@type\":\"BreadcrumbList\",\"@id\":\"https:\\\/\\\/eettinenluksus.fi\\\/shop\\\/tuote\\\/m-massage-verkkopesusieni-biohajoava\\\/#breadcrumb\",\"itemListElement\":[{\"@type\":\"ListItem\",\"position\":1,\"name\":\"Etusivu\",\"item\":\"https:\\\/\\\/eettinenluksus.fi\\\/shop\\\/\"},{\"@type\":\"ListItem\",\"position\":2,\"name\":\"Kauppa\",\"item\":\"https:\\\/\\\/eettinenluksus.fi\\\/shop\\\/en\\\/kauppa\\\/\"},{\"@type\":\"ListItem\",\"position\":3,\"name\":\"M Massage Verkkosieni biohajoava\"}]},{\"@type\":\"WebSite\",\"@id\":\"https:\\\/\\\/eettinenluksus.fi\\\/shop\\\/#website\",\"url\":\"https:\\\/\\\/eettinenluksus.fi\\\/shop\\\/\",\"name\":\"Shop Eettinen Luksus\",\"description\":\"Uusi verkkokauppa\",\"publisher\":{\"@id\":\"https:\\\/\\\/eettinenluksus.fi\\\/shop\\\/#organization\"},\"potentialAction\":[{\"@type\":\"SearchAction\",\"target\":{\"@type\":\"EntryPoint\",\"urlTemplate\":\"https:\\\/\\\/eettinenluksus.fi\\\/shop\\\/?s={search_term_string}\"},\"query-input\":{\"@type\":\"PropertyValueSpecification\",\"valueRequired\":true,\"valueName\":\"search_term_string\"}}],\"inLanguage\":\"fi\"},{\"@type\":\"Organization\",\"@id\":\"https:\\\/\\\/eettinenluksus.fi\\\/shop\\\/#organization\",\"name\":\"Shop Eettinen Luksus\",\"url\":\"https:\\\/\\\/eettinenluksus.fi\\\/shop\\\/\",\"logo\":{\"@type\":\"ImageObject\",\"inLanguage\":\"fi\",\"@id\":\"https:\\\/\\\/eettinenluksus.fi\\\/shop\\\/#\\\/schema\\\/logo\\\/image\\\/\",\"url\":\"https:\\\/\\\/eettinenluksus.fi\\\/shop\\\/wp-content\\\/uploads\\\/sites\\\/4\\\/1664\\\/37\\\/cropped-ELO.jpg\",\"contentUrl\":\"https:\\\/\\\/eettinenluksus.fi\\\/shop\\\/wp-content\\\/uploads\\\/sites\\\/4\\\/1664\\\/37\\\/cropped-ELO.jpg\",\"width\":810,\"height\":350,\"caption\":\"Shop Eettinen Luksus\"},\"image\":{\"@id\":\"https:\\\/\\\/eettinenluksus.fi\\\/shop\\\/#\\\/schema\\\/logo\\\/image\\\/\"},\"sameAs\":[\"https:\\\/\\\/www.facebook.com\\\/eettinenluksus\",\"https:\\\/\\\/www.instagram.com\\\/eettinenluksus\\\/\"]}]}<\/script>\n<meta property=\"og:availability\" content=\"instock\" \/>\n<meta property=\"product:availability\" content=\"instock\" \/>\n<meta property=\"product:retailer_item_id\" content=\"4039\" \/>\n<meta property=\"product:condition\" content=\"new\" \/>\n<!-- \/ Yoast SEO Premium plugin. -->","yoast_head_json":{"title":"M Massage Verkkosieni biohajoava - Shop Eettinen Luksus","description":"M Massage Verkkopesusieni biohajoava on ekologinen hell\u00e4varaisesti kuoriva ihanteellinen my\u00f6s kylpyyn. Ripustettava helppo huuhdella ja kuivata.","robots":{"index":"index","follow":"follow","max-snippet":"max-snippet:-1","max-image-preview":"max-image-preview:large","max-video-preview":"max-video-preview:-1"},"canonical":"https:\/\/eettinenluksus.fi\/shop\/tuote\/m-massage-verkkopesusieni-biohajoava\/","og_locale":"fi_FI","og_type":"article","og_title":"M Massage Verkkosieni biohajoava","og_description":"M Massage Verkkopesusieni biohajoava on ekologinen hell\u00e4varaisesti kuoriva ihanteellinen my\u00f6s kylpyyn. Ripustettava helppo huuhdella ja kuivata.","og_url":"https:\/\/eettinenluksus.fi\/shop\/tuote\/m-massage-verkkopesusieni-biohajoava\/","og_site_name":"Shop Eettinen Luksus","article_publisher":"https:\/\/www.facebook.com\/eettinenluksus","article_modified_time":"2024-09-20T10:57:15+00:00","og_image":[{"width":1045,"height":1045,"url":"https:\/\/eettinenluksus.fi\/shop\/wp-content\/uploads\/sites\/4\/1726\/29\/M-Massage-verkkopesusieni-K1045-nelio.jpg","type":"image\/jpeg"}],"twitter_card":"summary_large_image","twitter_misc":{"Saatavuus":"Varastossa"},"schema":{"@context":"https:\/\/schema.org","@graph":[{"@type":"WebPage","@id":"https:\/\/eettinenluksus.fi\/shop\/tuote\/m-massage-verkkopesusieni-biohajoava\/","url":"https:\/\/eettinenluksus.fi\/shop\/tuote\/m-massage-verkkopesusieni-biohajoava\/","name":"M Massage Verkkosieni biohajoava - Shop Eettinen Luksus","isPartOf":{"@id":"https:\/\/eettinenluksus.fi\/shop\/#website"},"primaryImageOfPage":{"@id":"https:\/\/eettinenluksus.fi\/shop\/tuote\/m-massage-verkkopesusieni-biohajoava\/#primaryimage"},"image":{"@id":"https:\/\/eettinenluksus.fi\/shop\/tuote\/m-massage-verkkopesusieni-biohajoava\/#primaryimage"},"thumbnailUrl":"https:\/\/eettinenluksus.fi\/shop\/wp-content\/uploads\/sites\/4\/1726\/29\/M-Massage-verkkopesusieni-K1045-nelio.jpg","datePublished":"2022-10-28T08:29:57+00:00","dateModified":"2024-09-20T10:57:15+00:00","description":"M Massage Verkkopesusieni biohajoava on ekologinen hell\u00e4varaisesti kuoriva ihanteellinen my\u00f6s kylpyyn. Ripustettava helppo huuhdella ja kuivata.","breadcrumb":{"@id":"https:\/\/eettinenluksus.fi\/shop\/tuote\/m-massage-verkkopesusieni-biohajoava\/#breadcrumb"},"inLanguage":"fi","potentialAction":[{"@type":"ReadAction","target":["https:\/\/eettinenluksus.fi\/shop\/tuote\/m-massage-verkkopesusieni-biohajoava\/"]}]},{"@type":"ImageObject","inLanguage":"fi","@id":"https:\/\/eettinenluksus.fi\/shop\/tuote\/m-massage-verkkopesusieni-biohajoava\/#primaryimage","url":"https:\/\/eettinenluksus.fi\/shop\/wp-content\/uploads\/sites\/4\/1726\/29\/M-Massage-verkkopesusieni-K1045-nelio.jpg","contentUrl":"https:\/\/eettinenluksus.fi\/shop\/wp-content\/uploads\/sites\/4\/1726\/29\/M-Massage-verkkopesusieni-K1045-nelio.jpg","width":1045,"height":1045,"caption":"M Massage verkkopesusieni"},{"@type":"BreadcrumbList","@id":"https:\/\/eettinenluksus.fi\/shop\/tuote\/m-massage-verkkopesusieni-biohajoava\/#breadcrumb","itemListElement":[{"@type":"ListItem","position":1,"name":"Etusivu","item":"https:\/\/eettinenluksus.fi\/shop\/"},{"@type":"ListItem","position":2,"name":"Kauppa","item":"https:\/\/eettinenluksus.fi\/shop\/en\/kauppa\/"},{"@type":"ListItem","position":3,"name":"M Massage Verkkosieni biohajoava"}]},{"@type":"WebSite","@id":"https:\/\/eettinenluksus.fi\/shop\/#website","url":"https:\/\/eettinenluksus.fi\/shop\/","name":"Shop Eettinen Luksus","description":"Uusi verkkokauppa","publisher":{"@id":"https:\/\/eettinenluksus.fi\/shop\/#organization"},"potentialAction":[{"@type":"SearchAction","target":{"@type":"EntryPoint","urlTemplate":"https:\/\/eettinenluksus.fi\/shop\/?s={search_term_string}"},"query-input":{"@type":"PropertyValueSpecification","valueRequired":true,"valueName":"search_term_string"}}],"inLanguage":"fi"},{"@type":"Organization","@id":"https:\/\/eettinenluksus.fi\/shop\/#organization","name":"Shop Eettinen Luksus","url":"https:\/\/eettinenluksus.fi\/shop\/","logo":{"@type":"ImageObject","inLanguage":"fi","@id":"https:\/\/eettinenluksus.fi\/shop\/#\/schema\/logo\/image\/","url":"https:\/\/eettinenluksus.fi\/shop\/wp-content\/uploads\/sites\/4\/1664\/37\/cropped-ELO.jpg","contentUrl":"https:\/\/eettinenluksus.fi\/shop\/wp-content\/uploads\/sites\/4\/1664\/37\/cropped-ELO.jpg","width":810,"height":350,"caption":"Shop Eettinen Luksus"},"image":{"@id":"https:\/\/eettinenluksus.fi\/shop\/#\/schema\/logo\/image\/"},"sameAs":["https:\/\/www.facebook.com\/eettinenluksus","https:\/\/www.instagram.com\/eettinenluksus\/"]}]},"og_availability":"instock","product_availability":"instock","product_retailer_item_id":"4039","product_condition":"new"},"_links":{"self":[{"href":"https:\/\/eettinenluksus.fi\/shop\/wp-json\/wp\/v2\/product\/1087","targetHints":{"allow":["GET"]}}],"collection":[{"href":"https:\/\/eettinenluksus.fi\/shop\/wp-json\/wp\/v2\/product"}],"about":[{"href":"https:\/\/eettinenluksus.fi\/shop\/wp-json\/wp\/v2\/types\/product"}],"version-history":[{"count":12,"href":"https:\/\/eettinenluksus.fi\/shop\/wp-json\/wp\/v2\/product\/1087\/revisions"}],"predecessor-version":[{"id":2924,"href":"https:\/\/eettinenluksus.fi\/shop\/wp-json\/wp\/v2\/product\/1087\/revisions\/2924"}],"wp:featuredmedia":[{"embeddable":true,"href":"https:\/\/eettinenluksus.fi\/shop\/wp-json\/wp\/v2\/media\/4116"}],"wp:attachment":[{"href":"https:\/\/eettinenluksus.fi\/shop\/wp-json\/wp\/v2\/media?parent=1087"}],"wp:term":[{"taxonomy":"product_brand","embeddable":true,"href":"https:\/\/eettinenluksus.fi\/shop\/wp-json\/wp\/v2\/product_brand?post=1087"},{"taxonomy":"product_cat","embeddable":true,"href":"https:\/\/eettinenluksus.fi\/shop\/wp-json\/wp\/v2\/product_cat?post=1087"},{"taxonomy":"product_tag","embeddable":true,"href":"https:\/\/eettinenluksus.fi\/shop\/wp-json\/wp\/v2\/product_tag?post=1087"}],"curies":[{"name":"wp","href":"https:\/\/api.w.org\/{rel}","templated":true}]}}