{"id":739,"date":"2022-10-21T09:22:45","date_gmt":"2022-10-21T06:22:45","guid":{"rendered":"https:\/\/eettinenluksus.fi\/shop2022\/?page_id=739"},"modified":"2024-09-11T15:54:15","modified_gmt":"2024-09-11T12:54:15","slug":"gdpr-rekisteri-ja-tietosuojaseloste","status":"publish","type":"page","link":"https:\/\/eettinenluksus.fi\/shop\/gdpr-rekisteri-ja-tietosuojaseloste\/","title":{"rendered":"GDPR Rekisteri- ja tietosuojaseloste"},"content":{"rendered":"<h4>Eettinen Luksus Oy:n rekisteri- ja tietosuojaseloste<\/h4>\n<p style=\"text-align: justify;\">T\u00e4m\u00e4 on Eettinen Luksus Oy:n henkil\u00f6tietolain (10 ja 24 \u00a7) ja EU:n yleisen tietosuoja-asetuksen <a href=\"https:\/\/ec.europa.eu\/info\/law\/law-topic\/data-protection\/data-protection-eu_fi\">(GDPR)<\/a> mukainen rekisteri- ja tietosuojaseloste. Laadittu 24.05.2018. Viimeisin muutos 14.11.2022.<\/p>\n<p><b>1. Rekisterinpit\u00e4j\u00e4<\/b><\/p>\n<p>Eettinen Luksus Oy (j\u00e4ljemp\u00e4n\u00e4 &#8220;Rekisterinpit\u00e4j\u00e4\u201d)<br \/>\nY-tunnus 2140278-9<br \/>\nVilhonvuorenkatu 12<br \/>\n00500 Helsinki<\/p>\n<p><b>2. Rekisterist\u00e4 vastaava yhteyshenkil\u00f6<\/b><\/p>\n<p>P\u00e4ivi Peltoniemi<br \/>\npp(at)eettinenluksus.fi<\/p>\n<p><b>3. Rekisterin nimi<\/b><\/p>\n<p style=\"text-align: justify;\">Eettinen Luksus Oy:n asiakkuuteen ja muuhun asialliseen yhteydenpitoon tarkoitettu rekisteri. (j\u00e4ljemp\u00e4n\u00e4 &#8220;Asiakasrekisteri\u201d)<\/p>\n<p><b>4. Oikeusperuste ja henkil\u00f6tietojen k\u00e4sittelyn tarkoitus<\/b><\/p>\n<p>EU:n yleisen tietosuoja-asetuksen mukainen oikeusperuste henkil\u00f6tietojen k\u00e4sittelylle on<\/p>\n<ul>\n<li>asiakassuhteesta aiheutuvien velvoitteiden t\u00e4yt\u00e4nt\u00f6\u00f6npanoa varten solmittu sopimus, jossa rekister\u00f6ity on osapuolena ja<\/li>\n<li>Rekisterinpit\u00e4j\u00e4n oikeutettu etu eli asianmukainen ja merkityksellinen suhde (asiakassuhde).<\/li>\n<\/ul>\n<p style=\"text-align: justify;\">Rekisterinpit\u00e4j\u00e4 ottaa huomioon rekister\u00f6idyn perusoikeudet ja -vapaudet.<\/p>\n<p style=\"text-align: justify;\">Rekisterinpit\u00e4j\u00e4n tietojenk\u00e4sittelyn tarkoituksena on yll\u00e4pit\u00e4\u00e4 hyvi\u00e4 suhteita asiakkaisiin, potentiaalisiin asiakkaisiin, asiakkaidensa ty\u00f6ntekij\u00f6ihin tai muihin asianomaisiin osapuoliin, kuten tosiasiallisiin edunsaajiin, valtuutettuihin edustajiin ja vastuuhenkil\u00f6ihin sek\u00e4 tarjota heille markkinointitietoa ja -materiaalia Rekisterinpit\u00e4j\u00e4n tarjoamista palveluista.<\/p>\n<p style=\"text-align: justify;\">Rekisterinpit\u00e4j\u00e4 s\u00e4ilytt\u00e4\u00e4 ja k\u00e4ytt\u00e4\u00e4 Asiakasrekisteriss\u00e4\u00e4n olevia henkil\u00f6tietoja:<\/p>\n<ul>\n<li>&#8211; t\u00e4ytt\u00e4\u00e4kseen lakis\u00e4\u00e4teiset ja sopimustenmukaiset velvollisuutensa<\/li>\n<li>&#8211; tehd\u00e4kseen tarjouksia, markkinointi-, tuote- ja asiakasanalyysej\u00e4<\/li>\n<li>&#8211; antaakseen neuvontaa ja palveluita<\/li>\n<li>&#8211; prosessien, liiketoiminnan ja j\u00e4rjestelmien kehitt\u00e4miseen<\/li>\n<li>&#8211; parantaakseen tuotevalikoimaansa ja optimoidakseen asiakkaille tarjottavia palveluita<\/li>\n<li>&#8211; markkinointitoimenpiteisiin sek\u00e4<\/li>\n<li>&#8211; lains\u00e4\u00e4d\u00e4nn\u00f6n velvoitteiden noudattamiseksi, riita-asioiden ratkaisemiseksi tai sopimusten t\u00e4yt\u00e4nt\u00f6\u00f6n panemiseksi.<\/li>\n<\/ul>\n<p><b>5. Asiakasrekisterin tietosis\u00e4lt\u00f6<\/b><\/p>\n<p style=\"text-align: justify;\">Rekisterinpit\u00e4j\u00e4 ker\u00e4\u00e4 seuraavat henkil\u00f6tiedot Asiakasrekisteriins\u00e4:<\/p>\n<p style=\"text-align: justify;\"><i>Tunnistetiedot:<\/i> Luonnollisen ja juridisen henkil\u00f6n nimi, tarvittaessa muu yksil\u00f6iv\u00e4 tunniste, edustajan nimi, asema, vastuualue tai muu vastaava<br \/>\n<i>Yhteystiedot:<\/i> Postiosoite, s\u00e4hk\u00f6posti, Internet-sivusto, puhelinnumero<br \/>\n<i>Taloudelliset tiedot:<\/i> oikeustoimen luonne, oikeustoimen tyyppi, luottotiedot sek\u00e4 muut tapahtumatiedot ja niiden muutokset (osto, myynti, laskutus)<br \/>\n<i>Muut tiedot:<\/i> Digitaalisten kanavien kautta vastaanotetut palautteet tai pyynn\u00f6t toimeksiantojen vahvistamiseksi tai dokumentaatio-, laadunvalvonta- ja kehitystarkoituksiin. Muut asiakassuhteeseen ja tilattuihin palveluihin liittyv\u00e4t tiedot.<\/p>\n<p><b>6. S\u00e4\u00e4nn\u00f6nmukaiset tietol\u00e4hteet<\/b><\/p>\n<p style=\"text-align: justify;\">Rekisterinpit\u00e4j\u00e4 tallentaa Asiakasrekisteriins\u00e4 ne henkil\u00f6tiedot, jotka asiakas on itse antanut ja\/tai luovuttanut ottaessaan yhteytt\u00e4 tai tilatessaan tuotteita tai palveluita s\u00e4hk\u00f6postitse, puhelimitse, asiakastapaamisissa, erilaisin oikeustoimin tai muissa tilanteissa. Henkil\u00f6tietoja voidaan ker\u00e4t\u00e4 ja p\u00e4ivitt\u00e4\u00e4 my\u00f6s yleisesti saatavilla olevista tietol\u00e4hteist\u00e4, kuten julkisista ja yksityisist\u00e4 rekistereist\u00e4. Ajantasaisten tietojen ja niiden oikeellisuuden takia Rekisterinpit\u00e4j\u00e4 pid\u00e4tt\u00e4\u00e4 oikeuden p\u00e4ivitt\u00e4\u00e4 tietojaan tarvittaessa ja varmistaa niiden oikeellisuus asiakkaalta.<\/p>\n<p><b>7. Tietojen s\u00e4\u00e4nn\u00f6nmukaiset luovutukset ja tietojen siirto EU:n tai ETA:n ulkopuolelle<\/b><\/p>\n<p style=\"text-align: justify;\">Asiakasrekisteritietoja ei luovuteta p\u00e4\u00e4s\u00e4\u00e4nt\u00f6isesti ulkopuolisille tahoille.<\/p>\n<p style=\"text-align: justify;\">Tietoja voidaan kuitenkin luovuttaa<\/p>\n<ul>\n<li>&#8211; tavaran- ja palveluntoimittajille, jotka noudattavat toiminnassaan salassapitovelvoitteita ja jos tavaran tai palvelun toimittaminen, tarjoaminen tai sopimuksien noudattaminen edellytt\u00e4\u00e4 henkil\u00f6tietojen luovuttamista<\/li>\n<li>&#8211; erikseen sovittaessa asiakkaan suostumuksella<\/li>\n<li>&#8211; erityistilanteissa pakottavien olosuhteiden vallitessa<\/li>\n<li>&#8211; yritysj\u00e4rjestelyiden yhteydess\u00e4 ostajille, mik\u00e4li Rekisterinpit\u00e4j\u00e4 myy tai muutoin j\u00e4rjestelee liiketoimintaansa<\/li>\n<li>&#8211; toimivaltaisten viranomaisten tai muiden tahojen esitt\u00e4mien vaatimusten edellytt\u00e4m\u00e4ll\u00e4 tavalla, mik\u00e4li siihen on voimassa olevaan lains\u00e4\u00e4d\u00e4nt\u00f6\u00f6n perustuva velvoite<\/li>\n<\/ul>\n<p>Lis\u00e4ksi edellytet\u00e4\u00e4n, ett\u00e4 EU:n komissio on m\u00e4\u00e4ritellyt maan tietosuojan tason riitt\u00e4v\u00e4ksi, tiedot vastaanottava taho on ottanut k\u00e4ytt\u00f6\u00f6n muita tarvittavia suoja-\/turvatoimia, kuten noudattaa yrityksi\u00e4 koskevia sitovia s\u00e4\u00e4nt\u00f6j\u00e4, valvontaviranomaisen hyv\u00e4ksymi\u00e4 ja rekister\u00f6imi\u00e4 k\u00e4yt\u00e4nnes\u00e4\u00e4nt\u00f6j\u00e4 ja tietosuojaa koskevia vakioehtoja.<\/p>\n<p><b>8. Asiakasrekisterin suojauksen periaatteet<\/b><\/p>\n<p style=\"text-align: justify;\">Asiakasrekisterin k\u00e4sittelyss\u00e4 noudatetaan huolellisuutta ja tallennettuja henkil\u00f6tietoja k\u00e4sitell\u00e4\u00e4n luottamuksellisesti. Ainoastaan henkil\u00f6t, jotka Rekisterinpit\u00e4j\u00e4 on valtuuttanut ja joiden ty\u00f6nkuvaan Asiakasrekisteritiedot kuuluvat, p\u00e4\u00e4sev\u00e4t k\u00e4sittelem\u00e4\u00e4n, tarkastelemaan, muokkaamaan ja poistamaan Asiakasrekisterin tietoja.<\/p>\n<p style=\"text-align: justify;\">Asiakasrekisterin tiedot on tallennettu palomuureilla, salasanoilla ja muilla tietoturvaan liittyvill\u00e4 teknisill\u00e4 keinoilla suojattuun tietokantaan. Palvelimet on suojattu tietomurtoja ja palvelunestohy\u00f6kk\u00e4yksi\u00e4 vastaan. Laitteiston fyysisest\u00e4 ja digitaalisesta tietoturvasta huolehditaan asiaankuuluvasti. Turvatoimien ja -menettelyiden tarkoituksena on est\u00e4\u00e4 ja suojata tietojen tahaton katoaminen, v\u00e4\u00e4rink\u00e4ytt\u00f6, luvaton k\u00e4ytt\u00f6, luovuttaminen, muutokset ja tuhoaminen.<\/p>\n<p style=\"text-align: justify;\">Vanhentuneet ja tarpeettomat tiedot h\u00e4vitet\u00e4\u00e4n asiaankuuluvalla tavalla. Henkil\u00f6tietoja s\u00e4ilytet\u00e4\u00e4n vain niin kauan kuin ne ovat tarpeen t\u00e4ss\u00e4 tietosuojaselosteessa m\u00e4\u00e4riteltyjen henkil\u00f6tietojen k\u00e4sittelytarkoitusten toteuttamiseksi. Kirjanpitolain tai muun soveltuvan lain velvoitteista johtuen tietoja voidaan joutua s\u00e4ilytt\u00e4m\u00e4\u00e4n edell\u00e4 mainittua ajanjaksoa pidemp\u00e4\u00e4n.<\/p>\n<p><b>9. Tarkastusoikeus ja oikeus vaatia tiedon korjaamista<\/b><\/p>\n<p style=\"text-align: justify;\">Kaikilla Rekisterinpit\u00e4j\u00e4n Asiakasrekisteriin tallennetuilla on Euroopan Unionin yleisen tietosuoja-asetuksen (GDPR) mukaisesti oikeus milloin tahansa:<\/p>\n<ul>\n<li>&#8211; saada l\u00e4pin\u00e4kyv\u00e4sti tietoa henkil\u00f6tietojen k\u00e4sittelyst\u00e4<\/li>\n<li>&#8211; saada p\u00e4\u00e4sy itse\u00e4\u00e4n tai edustamaansa henkil\u00f6\u00e4 koskeviin tietoihin<\/li>\n<li>&#8211; tarkistaa itse\u00e4\u00e4n koskevien henkil\u00f6tietojen ajantasaisuus ja oikeellisuus<\/li>\n<li>&#8211; vaatia ep\u00e4tarkan ja virheellisen henkil\u00f6tiedon oikaisua ja tietojen t\u00e4ydent\u00e4mist\u00e4<\/li>\n<li>&#8211; vaatia henkil\u00f6tietojensa poistamista kokonaan<\/li>\n<li>&#8211; vaatia henkil\u00f6tietojensa k\u00e4sittelyn rajoittamista henkil\u00f6kohtaiseen erityiseen tilanteeseen liittyv\u00e4ll\u00e4 perusteella silt\u00e4 osin kuin k\u00e4sittelyperusteena on oikeutettu etu tai henkil\u00f6tietojen k\u00e4sittely perustuu henkil\u00f6n itsens\u00e4 antamaan suostumukseen<\/li>\n<li>&#8211; siirt\u00e4\u00e4 kyseiset tiedot toiselle Rekisterinpit\u00e4j\u00e4lle edellytt\u00e4en, ett\u00e4 tietojen k\u00e4sittely perustuu sopimukseen tai suostumukseen, ei oikeutettuun etuun ja k\u00e4sittely suoritetaan automaattisesti<\/li>\n<\/ul>\n<p style=\"text-align: justify;\">Rekisterinpit\u00e4j\u00e4ll\u00e4 on oikeus pyyt\u00e4\u00e4 tarkentavia lis\u00e4tietoa koskien asiakkaan pyynt\u00f6\u00e4 ja pyyt\u00e4\u00e4 tarvittaessa pyynn\u00f6n esitt\u00e4j\u00e4\u00e4 todistamaan henkil\u00f6llisyytens\u00e4 ennen pyynn\u00f6n k\u00e4sittelemist\u00e4. Pyynn\u00f6n k\u00e4sittelyst\u00e4 voidaan kielt\u00e4yty\u00e4 laissa s\u00e4\u00e4detyill\u00e4 perusteilla.<br \/>\nOikaisu- tai korjauspyynt\u00f6 tulee l\u00e4hett\u00e4\u00e4 kirjallisesti Rekisterinpit\u00e4j\u00e4lle. Rekisterinpit\u00e4j\u00e4 vastaa asiakkaalle Euroopan Unionin yleisess\u00e4 tietosuoja-asetuksessa (GDPR) s\u00e4\u00e4detyss\u00e4 ajassa (p\u00e4\u00e4s\u00e4\u00e4nt\u00f6isesti kuukauden kuluessa).<\/p>\n<p><b>10. Muut henkil\u00f6tietojen k\u00e4sittelyyn liittyv\u00e4t oikeudet<\/b><\/p>\n<p style=\"text-align: justify;\">Asiakkaalla on aina oikeus tehd\u00e4 valitus asianomaiselle valvontaviranomaiselle taikka sen Euroopan Unionin j\u00e4senvaltion valvontaviranomaiselle \u2013 soveltuvin osin tietosuojaviranomainen \u2013 jossa Asiakasrekisteriin tallennetun henkil\u00f6n asuinpaikka tai ty\u00f6paikka sijaitsee, mik\u00e4li Asiakasrekisteriin tallennettu katsoo, ett\u00e4 Rekisterinpit\u00e4j\u00e4 on k\u00e4sitellyt henkil\u00f6tietoja soveltuvan tietosuojalains\u00e4\u00e4d\u00e4nn\u00f6n mukaisesti.<\/p>\n<p>Rekisterinpit\u00e4j\u00e4 voi pyyt\u00e4\u00e4 tarvittaessa pyynn\u00f6n esitt\u00e4j\u00e4\u00e4 todistamaan henkil\u00f6llisyytens\u00e4. Rekisterinpit\u00e4j\u00e4 vastaa asiakkaalle EU:n tietosuoja-asetuksessa s\u00e4\u00e4detyss\u00e4 ajassa (p\u00e4\u00e4s\u00e4\u00e4nt\u00f6isesti kuukauden kuluessa).<\/p>\n<p><b>11. Rekisteri- ja tietosuojaselosteen muuttaminen<\/b><\/p>\n<p style=\"text-align: justify;\">Rekisterinpit\u00e4j\u00e4 pid\u00e4tt\u00e4\u00e4 oikeuden rekisteri- ja tietosuojaselosteen muutoksiin jatkuvan liiketoiminnan parantamis- ja kehitysty\u00f6n takia.<\/p>\n<p>Rekisterinpit\u00e4j\u00e4<\/p>\n<ul>\n<li>&#8211; ei rajoita rekisteri- ja tietosuojaselosteessa kuvattuja tai soveltuvien tietosuojalakien mukaisia asiakkaan oikeuksia niill\u00e4 laink\u00e4ytt\u00f6alueilla, joilla Rekisterinpit\u00e4j\u00e4 toimii ja<\/li>\n<li>&#8211; ottaa lains\u00e4\u00e4d\u00e4nn\u00f6n muutokset huomioon tietosuojaselosteen sis\u00e4ll\u00f6ss\u00e4<\/li>\n<\/ul>\n<p>Rekisterinpit\u00e4j\u00e4 suosittelee tutustumaan tietosuojaselosteeseen aika ajoin, jotta ajantasainen tieto mahdollisista muutoksista olisi aina k\u00e4ytett\u00e4viss\u00e4.<\/p>\n<p><b>12. Yhteydenotto Rekisterinpit\u00e4j\u00e4\u00e4n tai tietosuojaviranomaiseen<\/b><\/p>\n<p>Jos sinulla on kysytt\u00e4v\u00e4\u00e4 tietosuojaselosteesta, voit ottaa yhteytt\u00e4 Rekisterinpit\u00e4j\u00e4n asiakaspalveluun l\u00e4hett\u00e4m\u00e4ll\u00e4<\/p>\n<ul>\n<li>s\u00e4hk\u00f6postia osoitteeseen info(at)eettinenluksus.fi tai<\/li>\n<li>postia osoitteeseen Eettinen Luksus Oy, Vilhonvuorenkatu 12, 00500 Helsinki<\/li>\n<\/ul>\n<p style=\"text-align: justify;\">Jos haluat ottaa yhteytt\u00e4 Euroopan Unionin j\u00e4senvaltion valvontaviranomaiseen (tietosuojavaltuutettu)<\/p>\n<ul>\n<li>l\u00e4het\u00e4 postia osoitteeseen Tietosuojavaltuutetun toimisto, PL 800, 00521 Helsinki tai<\/li>\n<li>soita numeroon 029 566 6700<\/li>\n<\/ul>\n","protected":false},"excerpt":{"rendered":"<p>Eettinen Luksus Oy:n rekisteri- ja tietosuojaseloste T\u00e4m\u00e4 on Eettinen Luksus Oy:n henkil\u00f6tietolain (10 ja 24 \u00a7) ja EU:n yleisen tietosuoja-asetuksen (GDPR) mukainen rekisteri- ja tietosuojaseloste. Laadittu 24.05.2018. Viimeisin muutos 14.11.2022. 1. Rekisterinpit\u00e4j\u00e4 Eettinen Luksus Oy (j\u00e4ljemp\u00e4n\u00e4 &#8220;Rekisterinpit\u00e4j\u00e4\u201d) Y-tunnus 2140278-9 Vilhonvuorenkatu 12 00500 Helsinki 2. Rekisterist\u00e4 vastaava yhteyshenkil\u00f6 P\u00e4ivi Peltoniemi pp(at)eettinenluksus.fi 3. Rekisterin nimi Eettinen Luksus [&hellip;]<\/p>\n","protected":false},"author":2,"featured_media":0,"parent":0,"menu_order":0,"comment_status":"closed","ping_status":"closed","template":"elementor_theme","meta":{"inline_featured_image":false,"footnotes":""},"class_list":["post-739","page","type-page","status-publish","hentry"],"yoast_head":"<!-- This site is optimized with the Yoast SEO Premium plugin v26.8 (Yoast SEO v27.4) - https:\/\/yoast.com\/product\/yoast-seo-premium-wordpress\/ -->\n<title>GDPR Rekisteri- ja tietosuojaseloste - Shop Eettinen Luksus<\/title>\n<meta name=\"description\" content=\"T\u00e4m\u00e4 on Eettinen Luksus Oy:n henkil\u00f6tietolain ja EU:n yleisen tietosuoja-asetuksen (GDPR) mukainen rekisteri- ja tietosuojaseloste\" \/>\n<meta name=\"robots\" content=\"index, follow, max-snippet:-1, max-image-preview:large, max-video-preview:-1\" \/>\n<link rel=\"canonical\" href=\"https:\/\/eettinenluksus.fi\/shop\/gdpr-rekisteri-ja-tietosuojaseloste\/\" \/>\n<meta property=\"og:locale\" content=\"fi_FI\" \/>\n<meta property=\"og:type\" content=\"article\" \/>\n<meta property=\"og:title\" content=\"GDPR Rekisteri- ja tietosuojaseloste\" \/>\n<meta property=\"og:description\" content=\"T\u00e4m\u00e4 on Eettinen Luksus Oy:n henkil\u00f6tietolain ja EU:n yleisen tietosuoja-asetuksen (GDPR) mukainen rekisteri- ja tietosuojaseloste\" \/>\n<meta property=\"og:url\" content=\"https:\/\/eettinenluksus.fi\/shop\/gdpr-rekisteri-ja-tietosuojaseloste\/\" \/>\n<meta property=\"og:site_name\" content=\"Shop Eettinen Luksus\" \/>\n<meta property=\"article:publisher\" content=\"https:\/\/www.facebook.com\/eettinenluksus\" \/>\n<meta property=\"article:modified_time\" content=\"2024-09-11T12:54:15+00:00\" \/>\n<meta name=\"twitter:card\" content=\"summary_large_image\" \/>\n<meta name=\"twitter:label1\" content=\"Arvioitu lukuaika\" \/>\n\t<meta name=\"twitter:data1\" content=\"6 minuuttia\" \/>\n<script type=\"application\/ld+json\" class=\"yoast-schema-graph\">{\"@context\":\"https:\\\/\\\/schema.org\",\"@graph\":[{\"@type\":\"WebPage\",\"@id\":\"https:\\\/\\\/eettinenluksus.fi\\\/shop\\\/gdpr-rekisteri-ja-tietosuojaseloste\\\/\",\"url\":\"https:\\\/\\\/eettinenluksus.fi\\\/shop\\\/gdpr-rekisteri-ja-tietosuojaseloste\\\/\",\"name\":\"GDPR Rekisteri- ja tietosuojaseloste - Shop Eettinen Luksus\",\"isPartOf\":{\"@id\":\"https:\\\/\\\/eettinenluksus.fi\\\/shop\\\/#website\"},\"datePublished\":\"2022-10-21T06:22:45+00:00\",\"dateModified\":\"2024-09-11T12:54:15+00:00\",\"description\":\"T\u00e4m\u00e4 on Eettinen Luksus Oy:n henkil\u00f6tietolain ja EU:n yleisen tietosuoja-asetuksen (GDPR) mukainen rekisteri- ja tietosuojaseloste\",\"breadcrumb\":{\"@id\":\"https:\\\/\\\/eettinenluksus.fi\\\/shop\\\/gdpr-rekisteri-ja-tietosuojaseloste\\\/#breadcrumb\"},\"inLanguage\":\"fi\",\"potentialAction\":[{\"@type\":\"ReadAction\",\"target\":[\"https:\\\/\\\/eettinenluksus.fi\\\/shop\\\/gdpr-rekisteri-ja-tietosuojaseloste\\\/\"]}]},{\"@type\":\"BreadcrumbList\",\"@id\":\"https:\\\/\\\/eettinenluksus.fi\\\/shop\\\/gdpr-rekisteri-ja-tietosuojaseloste\\\/#breadcrumb\",\"itemListElement\":[{\"@type\":\"ListItem\",\"position\":1,\"name\":\"Etusivu\",\"item\":\"https:\\\/\\\/eettinenluksus.fi\\\/shop\\\/\"},{\"@type\":\"ListItem\",\"position\":2,\"name\":\"GDPR Rekisteri- ja tietosuojaseloste\"}]},{\"@type\":\"WebSite\",\"@id\":\"https:\\\/\\\/eettinenluksus.fi\\\/shop\\\/#website\",\"url\":\"https:\\\/\\\/eettinenluksus.fi\\\/shop\\\/\",\"name\":\"Shop Eettinen Luksus\",\"description\":\"Uusi verkkokauppa\",\"publisher\":{\"@id\":\"https:\\\/\\\/eettinenluksus.fi\\\/shop\\\/#organization\"},\"potentialAction\":[{\"@type\":\"SearchAction\",\"target\":{\"@type\":\"EntryPoint\",\"urlTemplate\":\"https:\\\/\\\/eettinenluksus.fi\\\/shop\\\/?s={search_term_string}\"},\"query-input\":{\"@type\":\"PropertyValueSpecification\",\"valueRequired\":true,\"valueName\":\"search_term_string\"}}],\"inLanguage\":\"fi\"},{\"@type\":\"Organization\",\"@id\":\"https:\\\/\\\/eettinenluksus.fi\\\/shop\\\/#organization\",\"name\":\"Shop Eettinen Luksus\",\"url\":\"https:\\\/\\\/eettinenluksus.fi\\\/shop\\\/\",\"logo\":{\"@type\":\"ImageObject\",\"inLanguage\":\"fi\",\"@id\":\"https:\\\/\\\/eettinenluksus.fi\\\/shop\\\/#\\\/schema\\\/logo\\\/image\\\/\",\"url\":\"https:\\\/\\\/eettinenluksus.fi\\\/shop\\\/wp-content\\\/uploads\\\/sites\\\/4\\\/1664\\\/37\\\/cropped-ELO.jpg\",\"contentUrl\":\"https:\\\/\\\/eettinenluksus.fi\\\/shop\\\/wp-content\\\/uploads\\\/sites\\\/4\\\/1664\\\/37\\\/cropped-ELO.jpg\",\"width\":810,\"height\":350,\"caption\":\"Shop Eettinen Luksus\"},\"image\":{\"@id\":\"https:\\\/\\\/eettinenluksus.fi\\\/shop\\\/#\\\/schema\\\/logo\\\/image\\\/\"},\"sameAs\":[\"https:\\\/\\\/www.facebook.com\\\/eettinenluksus\",\"https:\\\/\\\/www.instagram.com\\\/eettinenluksus\\\/\"]}]}<\/script>\n<!-- \/ Yoast SEO Premium plugin. -->","yoast_head_json":{"title":"GDPR Rekisteri- ja tietosuojaseloste - Shop Eettinen Luksus","description":"T\u00e4m\u00e4 on Eettinen Luksus Oy:n henkil\u00f6tietolain ja EU:n yleisen tietosuoja-asetuksen (GDPR) mukainen rekisteri- ja tietosuojaseloste","robots":{"index":"index","follow":"follow","max-snippet":"max-snippet:-1","max-image-preview":"max-image-preview:large","max-video-preview":"max-video-preview:-1"},"canonical":"https:\/\/eettinenluksus.fi\/shop\/gdpr-rekisteri-ja-tietosuojaseloste\/","og_locale":"fi_FI","og_type":"article","og_title":"GDPR Rekisteri- ja tietosuojaseloste","og_description":"T\u00e4m\u00e4 on Eettinen Luksus Oy:n henkil\u00f6tietolain ja EU:n yleisen tietosuoja-asetuksen (GDPR) mukainen rekisteri- ja tietosuojaseloste","og_url":"https:\/\/eettinenluksus.fi\/shop\/gdpr-rekisteri-ja-tietosuojaseloste\/","og_site_name":"Shop Eettinen Luksus","article_publisher":"https:\/\/www.facebook.com\/eettinenluksus","article_modified_time":"2024-09-11T12:54:15+00:00","twitter_card":"summary_large_image","twitter_misc":{"Arvioitu lukuaika":"6 minuuttia"},"schema":{"@context":"https:\/\/schema.org","@graph":[{"@type":"WebPage","@id":"https:\/\/eettinenluksus.fi\/shop\/gdpr-rekisteri-ja-tietosuojaseloste\/","url":"https:\/\/eettinenluksus.fi\/shop\/gdpr-rekisteri-ja-tietosuojaseloste\/","name":"GDPR Rekisteri- ja tietosuojaseloste - Shop Eettinen Luksus","isPartOf":{"@id":"https:\/\/eettinenluksus.fi\/shop\/#website"},"datePublished":"2022-10-21T06:22:45+00:00","dateModified":"2024-09-11T12:54:15+00:00","description":"T\u00e4m\u00e4 on Eettinen Luksus Oy:n henkil\u00f6tietolain ja EU:n yleisen tietosuoja-asetuksen (GDPR) mukainen rekisteri- ja tietosuojaseloste","breadcrumb":{"@id":"https:\/\/eettinenluksus.fi\/shop\/gdpr-rekisteri-ja-tietosuojaseloste\/#breadcrumb"},"inLanguage":"fi","potentialAction":[{"@type":"ReadAction","target":["https:\/\/eettinenluksus.fi\/shop\/gdpr-rekisteri-ja-tietosuojaseloste\/"]}]},{"@type":"BreadcrumbList","@id":"https:\/\/eettinenluksus.fi\/shop\/gdpr-rekisteri-ja-tietosuojaseloste\/#breadcrumb","itemListElement":[{"@type":"ListItem","position":1,"name":"Etusivu","item":"https:\/\/eettinenluksus.fi\/shop\/"},{"@type":"ListItem","position":2,"name":"GDPR Rekisteri- ja tietosuojaseloste"}]},{"@type":"WebSite","@id":"https:\/\/eettinenluksus.fi\/shop\/#website","url":"https:\/\/eettinenluksus.fi\/shop\/","name":"Shop Eettinen Luksus","description":"Uusi verkkokauppa","publisher":{"@id":"https:\/\/eettinenluksus.fi\/shop\/#organization"},"potentialAction":[{"@type":"SearchAction","target":{"@type":"EntryPoint","urlTemplate":"https:\/\/eettinenluksus.fi\/shop\/?s={search_term_string}"},"query-input":{"@type":"PropertyValueSpecification","valueRequired":true,"valueName":"search_term_string"}}],"inLanguage":"fi"},{"@type":"Organization","@id":"https:\/\/eettinenluksus.fi\/shop\/#organization","name":"Shop Eettinen Luksus","url":"https:\/\/eettinenluksus.fi\/shop\/","logo":{"@type":"ImageObject","inLanguage":"fi","@id":"https:\/\/eettinenluksus.fi\/shop\/#\/schema\/logo\/image\/","url":"https:\/\/eettinenluksus.fi\/shop\/wp-content\/uploads\/sites\/4\/1664\/37\/cropped-ELO.jpg","contentUrl":"https:\/\/eettinenluksus.fi\/shop\/wp-content\/uploads\/sites\/4\/1664\/37\/cropped-ELO.jpg","width":810,"height":350,"caption":"Shop Eettinen Luksus"},"image":{"@id":"https:\/\/eettinenluksus.fi\/shop\/#\/schema\/logo\/image\/"},"sameAs":["https:\/\/www.facebook.com\/eettinenluksus","https:\/\/www.instagram.com\/eettinenluksus\/"]}]}},"_links":{"self":[{"href":"https:\/\/eettinenluksus.fi\/shop\/wp-json\/wp\/v2\/pages\/739","targetHints":{"allow":["GET"]}}],"collection":[{"href":"https:\/\/eettinenluksus.fi\/shop\/wp-json\/wp\/v2\/pages"}],"about":[{"href":"https:\/\/eettinenluksus.fi\/shop\/wp-json\/wp\/v2\/types\/page"}],"author":[{"embeddable":true,"href":"https:\/\/eettinenluksus.fi\/shop\/wp-json\/wp\/v2\/users\/2"}],"replies":[{"embeddable":true,"href":"https:\/\/eettinenluksus.fi\/shop\/wp-json\/wp\/v2\/comments?post=739"}],"version-history":[{"count":16,"href":"https:\/\/eettinenluksus.fi\/shop\/wp-json\/wp\/v2\/pages\/739\/revisions"}],"predecessor-version":[{"id":3564,"href":"https:\/\/eettinenluksus.fi\/shop\/wp-json\/wp\/v2\/pages\/739\/revisions\/3564"}],"wp:attachment":[{"href":"https:\/\/eettinenluksus.fi\/shop\/wp-json\/wp\/v2\/media?parent=739"}],"curies":[{"name":"wp","href":"https:\/\/api.w.org\/{rel}","templated":true}]}}