{"id":803,"date":"2022-10-05T13:26:38","date_gmt":"2022-10-05T10:26:38","guid":{"rendered":"https:\/\/eettinenluksus.fi\/shop2022\/?post_type=product&#038;p=803"},"modified":"2024-09-20T10:39:55","modified_gmt":"2024-09-20T07:39:55","slug":"method-astianpesuaine-naked-532ml","status":"publish","type":"product","link":"https:\/\/eettinenluksus.fi\/shop\/en\/product\/method-astianpesuaine-naked-532ml\/","title":{"rendered":"Method Washing Up Liquid Naked 532ml"},"content":{"rendered":"<p style=\"font-size:0px;\">Ekologinen Ultratiivistetty Kasviraaka-aineet mineraalipohjainen Hajusteeton Ei ole hajusteita eik\u00e4 v\u00e4riaineita Method Astianpesuaine Naked 532ml<\/p>\n<p>V\u00e4h\u00e4ll\u00e4 p\u00e4\u00e4see pitk\u00e4lle upean nakulla, ultratiivistetyll\u00e4 astianpesuaineellamme, jossa ei ole hajusteita eik\u00e4 v\u00e4riaineita. Kasviper\u00e4iset ainesosat iskev\u00e4t pinttyneeseen ruokaan, rasvaan + tahroihin j\u00e4tt\u00e4en astiat hohtavan kirkkaiksi. Astianpesuaineemme sy\u00f6 likaisia astioita aamiaiseksi. Nami nami. Yksi painallus riitt\u00e4\u00e4. <\/p>\n<p>With no colourants + no fragrance. Nothing. Nada. Gloriously naked. <\/p>\n<ul>\n<li>Not tested on animals<\/li>\n<li>Leaping bunny certificate<\/li>\n<\/ul>\n<p>&nbsp;<\/p>\n<p style=\"font-size: 0px;\"><a href=\"https:\/\/www.facebook.com\/eettinenluksus\/\"><span style=\"font-size:0px;\">&#8211;<\/span><\/a><a href=\"https:\/\/www.instagram.com\/eettinenluksus\/\"><span style=\"font-size:0px;\">&#8211;<\/span><\/a>ekologinen vegaaninen, Naked, ekologinen astianpesu, Naked, pyykinpesuaine, ekologinen, pyykki. Vegaaninen, ekologinen pyykinpesuaine, ekologinen vegaaninen, Naked pyykinpesuaine. Ekologinen vegaaninen, Naked, ekologinen astianpesu, Naked, pyykinpesuaine, ekologinen, pyykki. Vegaaninen, ekologinen pyykinpesuaine, ekologinen vegaaninen, Naked pyykinpesuaine. Ekologinen vegaaninen, Naked, ekologinen astianpesu, Naked, pyykinpesuaine, ekologinen, pyykki. Vegaaninen, ekologinen pyykinpesuaine, ekologinen vegaaninen, Naked pyykinpesuaine. Eettinen, esteettinen, Naked, ekologinen.<a href=\"https:\/\/www.facebook.com\/eettinenluksus\/\"><span style=\"font-size:0px;\">&#8211;<\/span><\/a><a href=\"https:\/\/www.instagram.com\/method_fi\/\"><span style=\"font-size:0px;\">&#8211;<\/span><\/a><\/p>\n<h2 style=\"font-size: 0px;\">Method Pyykinpesuaine Naked 532ml<\/h2>\n<p style=\"font-size: 0px;\">ekologinen vegaaninen, ekologinen astianpesu, pyykinpesuaine, ekologinen, pyykki. Vegaaninen, ekologinen pyykinpesuaine, ekologinen vegaaninen, pyykinpesuaine. Eettinen, esteettinen, ekologinen. Ekologinen vegaaninen, Naked, ekologinen astianpesu, Naked, pyykinpesuaine, ekologinen, pyykki. Vegaaninen, ekologinen pyykinpesuaine, ekologinen vegaaninen, Naked pyykinpesuaine. Ekologinen vegaaninen, Naked, ekologinen astianpesu, Naked, pyykinpesuaine, ekologinen, pyykki. Ekologinen Ultratiivistetty Kasviraaka-aineet mineraalipohjainen Hajusteeton Ei ole hajusteita eik\u00e4 v\u00e4riaineita. Vegaaninen, ekologinen pyykinpesuaine, ekologinen vegaaninen, Naked pyykinpesuaine. <a href=\"https:\/\/eettinenluksus.fi\/shop\/tuote\/method-pyykinpesuaine-peony-blush-1560ml\/\"<span style=\"font-size:0px;\">&#8211;<\/span><\/a><a href=\"https:\/\/eettinenluksus.fi\/shop\/en\/product\/method-yleispuhdistussuihke-naked-828ml\/\"><span style=\"font-size:0px;\">&#8211;<\/span><\/a><a href=\"https:\/\/eettinenluksus.fi\/shop\/tuote\/hajusteeton-go-naked-tuotepaketti-2\/\"><span style=\"font-size:0px;\">&#8211;<\/span><\/a><a href=\"https:\/\/eettinenluksus.fi\/shop\/tuotemerkit\/method-hajusteeton-go-naked\/\"><span style=\"font-size:0px;\">&#8211;<\/span><\/a><a href=\"https:\/\/eettinenluksus.fi\/shop\/en\/product\/method-nestesaippua-naked-354ml\/\"><span style=\"font-size:0px;\">&#8211;<\/span><\/a><\/p>","protected":false},"excerpt":{"rendered":"<p>With no colourants + no fragrance. Nothing. Nada. Gloriously naked.<\/p>","protected":false},"featured_media":4048,"template":"","meta":{"inline_featured_image":false},"product_brand":[],"product_cat":[48,28,17,26],"product_tag":[166,242,70,292,163],"class_list":{"0":"post-803","1":"product","2":"type-product","3":"status-publish","4":"has-post-thumbnail","6":"product_cat-astianpesu","7":"product_cat-method-hajusteeton-go-naked","8":"product_cat-method","9":"product_cat-method-astianpesu","10":"product_tag-astianpesu","11":"product_tag-astianpesuaine","12":"product_tag-ekologinen","13":"product_tag-hajusteeton","14":"product_tag-method","16":"first","17":"instock","18":"taxable","19":"shipping-taxable","20":"purchasable","21":"product-type-simple"},"yoast_head":"<!-- This site is optimized with the Yoast SEO Premium plugin v26.8 (Yoast SEO v27.4) - https:\/\/yoast.com\/product\/yoast-seo-premium-wordpress\/ -->\n<title>Method Astianpesuaine Naked 532ml - Shop Eettinen Luksus<\/title>\n<meta name=\"description\" content=\"Ekologinen Ultratiivistetty Kasviraaka-aineet mineraalipohjainen Hajusteeton Ei ole hajusteita eik\u00e4 v\u00e4riaineita. Method Astianpesuaine Naked 532ml\" \/>\n<meta name=\"robots\" content=\"index, follow, max-snippet:-1, max-image-preview:large, max-video-preview:-1\" \/>\n<link rel=\"canonical\" href=\"https:\/\/eettinenluksus.fi\/shop\/en\/product\/method-astianpesuaine-naked-532ml\/\" \/>\n<meta property=\"og:locale\" content=\"en_GB\" \/>\n<meta property=\"og:type\" content=\"article\" \/>\n<meta property=\"og:title\" content=\"Method Astianpesuaine Naked 532ml\" \/>\n<meta property=\"og:description\" content=\"Ekologinen Ultratiivistetty Kasviraaka-aineet mineraalipohjainen Hajusteeton Ei ole hajusteita eik\u00e4 v\u00e4riaineita. Method Astianpesuaine Naked 532ml\" \/>\n<meta property=\"og:url\" content=\"https:\/\/eettinenluksus.fi\/shop\/en\/product\/method-astianpesuaine-naked-532ml\/\" \/>\n<meta property=\"og:site_name\" content=\"Shop Eettinen Luksus\" \/>\n<meta property=\"article:publisher\" content=\"https:\/\/www.facebook.com\/eettinenluksus\" \/>\n<meta property=\"article:modified_time\" content=\"2024-09-20T07:39:55+00:00\" \/>\n<meta property=\"og:image\" content=\"https:\/\/eettinenluksus.fi\/shop\/wp-content\/uploads\/sites\/4\/1726\/17\/Astianpesuaine-Naked-nelio.jpg\" \/>\n\t<meta property=\"og:image:width\" content=\"1045\" \/>\n\t<meta property=\"og:image:height\" content=\"1045\" \/>\n\t<meta property=\"og:image:type\" content=\"image\/jpeg\" \/>\n<meta name=\"twitter:card\" content=\"summary_large_image\" \/>\n<meta name=\"twitter:label1\" content=\"Price\" \/>\n\t<meta name=\"twitter:data1\" content=\"7,10&nbsp;&euro;\" \/>\n\t<meta name=\"twitter:label2\" content=\"Availability\" \/>\n\t<meta name=\"twitter:data2\" content=\"In stock\" \/>\n<script type=\"application\/ld+json\" class=\"yoast-schema-graph\">{\"@context\":\"https:\\\/\\\/schema.org\",\"@graph\":[{\"@type\":\"WebPage\",\"@id\":\"https:\\\/\\\/eettinenluksus.fi\\\/shop\\\/tuote\\\/method-astianpesuaine-naked-532ml\\\/\",\"url\":\"https:\\\/\\\/eettinenluksus.fi\\\/shop\\\/tuote\\\/method-astianpesuaine-naked-532ml\\\/\",\"name\":\"Method Astianpesuaine Naked 532ml - Shop Eettinen Luksus\",\"isPartOf\":{\"@id\":\"https:\\\/\\\/eettinenluksus.fi\\\/shop\\\/#website\"},\"primaryImageOfPage\":{\"@id\":\"https:\\\/\\\/eettinenluksus.fi\\\/shop\\\/tuote\\\/method-astianpesuaine-naked-532ml\\\/#primaryimage\"},\"image\":{\"@id\":\"https:\\\/\\\/eettinenluksus.fi\\\/shop\\\/tuote\\\/method-astianpesuaine-naked-532ml\\\/#primaryimage\"},\"thumbnailUrl\":\"https:\\\/\\\/eettinenluksus.fi\\\/shop\\\/wp-content\\\/uploads\\\/sites\\\/4\\\/1726\\\/17\\\/Astianpesuaine-Naked-nelio.jpg\",\"datePublished\":\"2022-10-05T10:26:38+00:00\",\"dateModified\":\"2024-09-20T07:39:55+00:00\",\"description\":\"Ekologinen Ultratiivistetty Kasviraaka-aineet mineraalipohjainen Hajusteeton Ei ole hajusteita eik\u00e4 v\u00e4riaineita. Method Astianpesuaine Naked 532ml\",\"breadcrumb\":{\"@id\":\"https:\\\/\\\/eettinenluksus.fi\\\/shop\\\/tuote\\\/method-astianpesuaine-naked-532ml\\\/#breadcrumb\"},\"inLanguage\":\"en-GB\",\"potentialAction\":[{\"@type\":\"ReadAction\",\"target\":[\"https:\\\/\\\/eettinenluksus.fi\\\/shop\\\/tuote\\\/method-astianpesuaine-naked-532ml\\\/\"]}]},{\"@type\":\"ImageObject\",\"inLanguage\":\"en-GB\",\"@id\":\"https:\\\/\\\/eettinenluksus.fi\\\/shop\\\/tuote\\\/method-astianpesuaine-naked-532ml\\\/#primaryimage\",\"url\":\"https:\\\/\\\/eettinenluksus.fi\\\/shop\\\/wp-content\\\/uploads\\\/sites\\\/4\\\/1726\\\/17\\\/Astianpesuaine-Naked-nelio.jpg\",\"contentUrl\":\"https:\\\/\\\/eettinenluksus.fi\\\/shop\\\/wp-content\\\/uploads\\\/sites\\\/4\\\/1726\\\/17\\\/Astianpesuaine-Naked-nelio.jpg\",\"width\":1045,\"height\":1045,\"caption\":\"Astianpesuaine Naked\"},{\"@type\":\"BreadcrumbList\",\"@id\":\"https:\\\/\\\/eettinenluksus.fi\\\/shop\\\/tuote\\\/method-astianpesuaine-naked-532ml\\\/#breadcrumb\",\"itemListElement\":[{\"@type\":\"ListItem\",\"position\":1,\"name\":\"Etusivu\",\"item\":\"https:\\\/\\\/eettinenluksus.fi\\\/shop\\\/\"},{\"@type\":\"ListItem\",\"position\":2,\"name\":\"Kauppa\",\"item\":\"https:\\\/\\\/eettinenluksus.fi\\\/shop\\\/en\\\/kauppa\\\/\"},{\"@type\":\"ListItem\",\"position\":3,\"name\":\"Method Astianpesuaine Naked 532ml\"}]},{\"@type\":\"WebSite\",\"@id\":\"https:\\\/\\\/eettinenluksus.fi\\\/shop\\\/#website\",\"url\":\"https:\\\/\\\/eettinenluksus.fi\\\/shop\\\/\",\"name\":\"Shop Eettinen Luksus\",\"description\":\"Uusi verkkokauppa\",\"publisher\":{\"@id\":\"https:\\\/\\\/eettinenluksus.fi\\\/shop\\\/#organization\"},\"potentialAction\":[{\"@type\":\"SearchAction\",\"target\":{\"@type\":\"EntryPoint\",\"urlTemplate\":\"https:\\\/\\\/eettinenluksus.fi\\\/shop\\\/?s={search_term_string}\"},\"query-input\":{\"@type\":\"PropertyValueSpecification\",\"valueRequired\":true,\"valueName\":\"search_term_string\"}}],\"inLanguage\":\"en-GB\"},{\"@type\":\"Organization\",\"@id\":\"https:\\\/\\\/eettinenluksus.fi\\\/shop\\\/#organization\",\"name\":\"Shop Eettinen Luksus\",\"url\":\"https:\\\/\\\/eettinenluksus.fi\\\/shop\\\/\",\"logo\":{\"@type\":\"ImageObject\",\"inLanguage\":\"en-GB\",\"@id\":\"https:\\\/\\\/eettinenluksus.fi\\\/shop\\\/#\\\/schema\\\/logo\\\/image\\\/\",\"url\":\"https:\\\/\\\/eettinenluksus.fi\\\/shop\\\/wp-content\\\/uploads\\\/sites\\\/4\\\/1664\\\/37\\\/cropped-ELO.jpg\",\"contentUrl\":\"https:\\\/\\\/eettinenluksus.fi\\\/shop\\\/wp-content\\\/uploads\\\/sites\\\/4\\\/1664\\\/37\\\/cropped-ELO.jpg\",\"width\":810,\"height\":350,\"caption\":\"Shop Eettinen Luksus\"},\"image\":{\"@id\":\"https:\\\/\\\/eettinenluksus.fi\\\/shop\\\/#\\\/schema\\\/logo\\\/image\\\/\"},\"sameAs\":[\"https:\\\/\\\/www.facebook.com\\\/eettinenluksus\",\"https:\\\/\\\/www.instagram.com\\\/eettinenluksus\\\/\"]}]}<\/script>\n<meta property=\"product:price:amount\" content=\"7.10\" \/>\n<meta property=\"product:price:currency\" content=\"EUR\" \/>\n<meta property=\"og:availability\" content=\"instock\" \/>\n<meta property=\"product:availability\" content=\"instock\" \/>\n<meta property=\"product:retailer_item_id\" content=\"4004339\" \/>\n<meta property=\"product:condition\" content=\"new\" \/>\n<!-- \/ Yoast SEO Premium plugin. -->","yoast_head_json":{"title":"Method Astianpesuaine Naked 532ml - Shop Eettinen Luksus","description":"Ekologinen Ultratiivistetty Kasviraaka-aineet mineraalipohjainen Hajusteeton Ei ole hajusteita eik\u00e4 v\u00e4riaineita. Method Astianpesuaine Naked 532ml","robots":{"index":"index","follow":"follow","max-snippet":"max-snippet:-1","max-image-preview":"max-image-preview:large","max-video-preview":"max-video-preview:-1"},"canonical":"https:\/\/eettinenluksus.fi\/shop\/en\/product\/method-astianpesuaine-naked-532ml\/","og_locale":"en_GB","og_type":"article","og_title":"Method Astianpesuaine Naked 532ml","og_description":"Ekologinen Ultratiivistetty Kasviraaka-aineet mineraalipohjainen Hajusteeton Ei ole hajusteita eik\u00e4 v\u00e4riaineita. Method Astianpesuaine Naked 532ml","og_url":"https:\/\/eettinenluksus.fi\/shop\/en\/product\/method-astianpesuaine-naked-532ml\/","og_site_name":"Shop Eettinen Luksus","article_publisher":"https:\/\/www.facebook.com\/eettinenluksus","article_modified_time":"2024-09-20T07:39:55+00:00","og_image":[{"width":1045,"height":1045,"url":"https:\/\/eettinenluksus.fi\/shop\/wp-content\/uploads\/sites\/4\/1726\/17\/Astianpesuaine-Naked-nelio.jpg","type":"image\/jpeg"}],"twitter_card":"summary_large_image","twitter_misc":{"Price":"7,10&nbsp;&euro;","Availability":"In stock"},"schema":{"@context":"https:\/\/schema.org","@graph":[{"@type":"WebPage","@id":"https:\/\/eettinenluksus.fi\/shop\/tuote\/method-astianpesuaine-naked-532ml\/","url":"https:\/\/eettinenluksus.fi\/shop\/tuote\/method-astianpesuaine-naked-532ml\/","name":"Method Astianpesuaine Naked 532ml - Shop Eettinen Luksus","isPartOf":{"@id":"https:\/\/eettinenluksus.fi\/shop\/#website"},"primaryImageOfPage":{"@id":"https:\/\/eettinenluksus.fi\/shop\/tuote\/method-astianpesuaine-naked-532ml\/#primaryimage"},"image":{"@id":"https:\/\/eettinenluksus.fi\/shop\/tuote\/method-astianpesuaine-naked-532ml\/#primaryimage"},"thumbnailUrl":"https:\/\/eettinenluksus.fi\/shop\/wp-content\/uploads\/sites\/4\/1726\/17\/Astianpesuaine-Naked-nelio.jpg","datePublished":"2022-10-05T10:26:38+00:00","dateModified":"2024-09-20T07:39:55+00:00","description":"Ekologinen Ultratiivistetty Kasviraaka-aineet mineraalipohjainen Hajusteeton Ei ole hajusteita eik\u00e4 v\u00e4riaineita. Method Astianpesuaine Naked 532ml","breadcrumb":{"@id":"https:\/\/eettinenluksus.fi\/shop\/tuote\/method-astianpesuaine-naked-532ml\/#breadcrumb"},"inLanguage":"en-GB","potentialAction":[{"@type":"ReadAction","target":["https:\/\/eettinenluksus.fi\/shop\/tuote\/method-astianpesuaine-naked-532ml\/"]}]},{"@type":"ImageObject","inLanguage":"en-GB","@id":"https:\/\/eettinenluksus.fi\/shop\/tuote\/method-astianpesuaine-naked-532ml\/#primaryimage","url":"https:\/\/eettinenluksus.fi\/shop\/wp-content\/uploads\/sites\/4\/1726\/17\/Astianpesuaine-Naked-nelio.jpg","contentUrl":"https:\/\/eettinenluksus.fi\/shop\/wp-content\/uploads\/sites\/4\/1726\/17\/Astianpesuaine-Naked-nelio.jpg","width":1045,"height":1045,"caption":"Astianpesuaine Naked"},{"@type":"BreadcrumbList","@id":"https:\/\/eettinenluksus.fi\/shop\/tuote\/method-astianpesuaine-naked-532ml\/#breadcrumb","itemListElement":[{"@type":"ListItem","position":1,"name":"Etusivu","item":"https:\/\/eettinenluksus.fi\/shop\/"},{"@type":"ListItem","position":2,"name":"Kauppa","item":"https:\/\/eettinenluksus.fi\/shop\/en\/kauppa\/"},{"@type":"ListItem","position":3,"name":"Method Astianpesuaine Naked 532ml"}]},{"@type":"WebSite","@id":"https:\/\/eettinenluksus.fi\/shop\/#website","url":"https:\/\/eettinenluksus.fi\/shop\/","name":"Shop Eettinen Luksus","description":"Uusi verkkokauppa","publisher":{"@id":"https:\/\/eettinenluksus.fi\/shop\/#organization"},"potentialAction":[{"@type":"SearchAction","target":{"@type":"EntryPoint","urlTemplate":"https:\/\/eettinenluksus.fi\/shop\/?s={search_term_string}"},"query-input":{"@type":"PropertyValueSpecification","valueRequired":true,"valueName":"search_term_string"}}],"inLanguage":"en-GB"},{"@type":"Organization","@id":"https:\/\/eettinenluksus.fi\/shop\/#organization","name":"Shop Eettinen Luksus","url":"https:\/\/eettinenluksus.fi\/shop\/","logo":{"@type":"ImageObject","inLanguage":"en-GB","@id":"https:\/\/eettinenluksus.fi\/shop\/#\/schema\/logo\/image\/","url":"https:\/\/eettinenluksus.fi\/shop\/wp-content\/uploads\/sites\/4\/1664\/37\/cropped-ELO.jpg","contentUrl":"https:\/\/eettinenluksus.fi\/shop\/wp-content\/uploads\/sites\/4\/1664\/37\/cropped-ELO.jpg","width":810,"height":350,"caption":"Shop Eettinen Luksus"},"image":{"@id":"https:\/\/eettinenluksus.fi\/shop\/#\/schema\/logo\/image\/"},"sameAs":["https:\/\/www.facebook.com\/eettinenluksus","https:\/\/www.instagram.com\/eettinenluksus\/"]}]},"product_price_amount":"7.10","product_price_currency":"EUR","og_availability":"instock","product_availability":"instock","product_retailer_item_id":"4004339","product_condition":"new"},"_links":{"self":[{"href":"https:\/\/eettinenluksus.fi\/shop\/en\/wp-json\/wp\/v2\/product\/803","targetHints":{"allow":["GET"]}}],"collection":[{"href":"https:\/\/eettinenluksus.fi\/shop\/en\/wp-json\/wp\/v2\/product"}],"about":[{"href":"https:\/\/eettinenluksus.fi\/shop\/en\/wp-json\/wp\/v2\/types\/product"}],"version-history":[{"count":9,"href":"https:\/\/eettinenluksus.fi\/shop\/en\/wp-json\/wp\/v2\/product\/803\/revisions"}],"predecessor-version":[{"id":3256,"href":"https:\/\/eettinenluksus.fi\/shop\/en\/wp-json\/wp\/v2\/product\/803\/revisions\/3256"}],"wp:featuredmedia":[{"embeddable":true,"href":"https:\/\/eettinenluksus.fi\/shop\/en\/wp-json\/wp\/v2\/media\/4048"}],"wp:attachment":[{"href":"https:\/\/eettinenluksus.fi\/shop\/en\/wp-json\/wp\/v2\/media?parent=803"}],"wp:term":[{"taxonomy":"product_brand","embeddable":true,"href":"https:\/\/eettinenluksus.fi\/shop\/en\/wp-json\/wp\/v2\/product_brand?post=803"},{"taxonomy":"product_cat","embeddable":true,"href":"https:\/\/eettinenluksus.fi\/shop\/en\/wp-json\/wp\/v2\/product_cat?post=803"},{"taxonomy":"product_tag","embeddable":true,"href":"https:\/\/eettinenluksus.fi\/shop\/en\/wp-json\/wp\/v2\/product_tag?post=803"}],"curies":[{"name":"wp","href":"https:\/\/api.w.org\/{rel}","templated":true}]}}