{"id":760,"date":"2022-10-05T10:15:12","date_gmt":"2022-10-05T07:15:12","guid":{"rendered":"https:\/\/eettinenluksus.fi\/shop2022\/?post_type=product&#038;p=760"},"modified":"2024-09-20T10:20:40","modified_gmt":"2024-09-20T07:20:40","slug":"method-astianpesuaine-cool-coconut-water-532ml","status":"publish","type":"product","link":"https:\/\/eettinenluksus.fi\/shop\/en\/product\/method-astianpesuaine-cool-coconut-water-532ml\/","title":{"rendered":"Method Washing Up Liquid Coconut water 532ml"},"content":{"rendered":"<p style=\"font-size: 0px;\">method astianpesuaine coconut water 532ml, kasvipohjaiset vegaaniyst\u00e4v\u00e4lliset biohajoavat aineosat, yuzu hedelm\u00e4\u00e4 sitrusta vaniljaa<\/p>\n<p>Ecological washing up. It\u2019s a bit of sass for the side of your sink. Who knew recycled plastic could be so dishy. With powerful plant-based cleaners + biodegradable ingredients it leaves your dishes dazzling and your pots spotless. Simply pump twice onto a sponge or straight into the sink. stand back. admire. <\/p>\n<p>Cool Coconut water - Take a seat at the tiki bar and order yourself a pi\u00f1a colada. Tiny umbrella optional. One whiff of exotic coconut water with notes of yuzu, vibrant citrus + creamy vanilla will transport you to the tropics. Minus the mozzie spray.<\/p>\n<ul>\n<li>Not tested on animals<\/li>\n<li>Leaping Bunny certificate<\/li>\n<\/ul>\n<p style=\"font-size: 0px;\"><a href=\"https:\/\/onxon.fi\/\"><span style=\"font-size:0px;\">&#8211;<\/span><\/a>ekologinen tiskiaine, Coconut water, ekologinen astianpesu, Coconut water, astianpesuaine, ekologinen, tiskaus. Tiskiaine, ekologinen astianpesuaine, ekologinen tiskiaine, Coconut water astianpesuaine. Ekologinen tiskiaine, Coconut water, ekologinen astianpesu, Coconut water, astianpesuaine, ekologinen, tiskaus. Tiskiaine, ekologinen astianpesuaine, ekologinen tiskiaine, Coconut water astianpesuaine. Ekologinen tiskiaine, Coconut water, ekologinen astianpesu, Coconut water, astianpesuaine, ekologinen, tiskaus. Tiskiaine, ekologinen astianpesuaine, ekologinen tiskiaine, Coconut water astianpesuaine. Eettinen, esteettinen, Coconut water, ekologinen.<a href=\"https:\/\/www.facebook.com\/eettinenluksus\/\"><span style=\"font-size:0px;\">&#8211;<\/span><\/a><a href=\"https:\/\/www.instagram.com\/method_fi\/\"><span style=\"font-size:0px;\">&#8211;<\/span><\/a><\/p>\n<h2 style=\"font-size: 0px;\">method astianpesuaine coconut water 532ml<\/h2>\n<p style=\"font-size: 0px;\">ekologinen tiskiaine, ekologinen astianpesu, astianpesuaine, ekologinen, tiskaus. Tiskiaine, ekologinen astianpesuaine, ekologinen tiskiaine, astianpesuaine. Eettinen, esteettinen, ekologinen. Ekologinen tiskiaine, Coconut water, ekologinen astianpesu, Coconut water, astianpesuaine, ekologinen, tiskaus. Tiskiaine, ekologinen astianpesuaine, ekologinen tiskiaine, Coconut water astianpesuaine. Ekologinen tiskiaine, Coconut water, ekologinen astianpesu, Coconut water, astianpesuaine, ekologinen, tiskaus. Tiskiaine, ekologinen astianpesuaine, ekologinen tiskiaine, Coconut water astianpesuaine. <a href=\"https:\/\/eettinenluksus.fi\/shop\/en\/product\/method-astianpesuaine-coconut-water-taytto-1064ml\/\"<span style=\"font-size:0px;\">&#8211;<\/span><\/a><a href=\"https:\/\/eettinenluksus.fi\/shop\/tuote\/method-astianpesuaine-coconut-water-paketti\/\"><span style=\"font-size:0px;\">&#8211;<\/span><\/a><a href=\"https:\/\/eettinenluksus.fi\/shop\/tuote\/method-vaahtoava-nestesaippua-sweet-coconut-300ml\/\"><span style=\"font-size:0px;\">&#8211;<\/span><\/a><a href=\"https:\/\/eettinenluksus.fi\/shop\/en\/product\/method-nestesaippua-sweet-water-354ml\/\"><span style=\"font-size:0px;\">&#8211;<\/span><\/a><a href=\"https:\/\/eettinenluksus.fi\/shop\/tuote\/method-astianpesuaine-citrus-green-tea-532ml\/\"><span style=\"font-size:0px;\">&#8211;<\/span><\/a><\/p>","protected":false},"excerpt":{"rendered":"<p>Ecological washing up liquid<\/p>\n<p>It\u2019s a bit of sass for the side of your sink. With powerful plant-based cleaners + biodegradable ingredients<\/p>\n<p>Coconut water - one whiff of exotic coconut water with notes of yuzu, vibrant citrus + creamy vanilla<\/p>","protected":false},"featured_media":4040,"template":"","meta":{"inline_featured_image":false},"product_brand":[],"product_cat":[48,17,26],"product_tag":[166,242,70,182,163],"class_list":{"0":"post-760","1":"product","2":"type-product","3":"status-publish","4":"has-post-thumbnail","6":"product_cat-astianpesu","7":"product_cat-method","8":"product_cat-method-astianpesu","9":"product_tag-astianpesu","10":"product_tag-astianpesuaine","11":"product_tag-ekologinen","12":"product_tag-kookos","13":"product_tag-method","15":"first","16":"instock","17":"taxable","18":"shipping-taxable","19":"purchasable","20":"product-type-simple"},"yoast_head":"<!-- This site is optimized with the Yoast SEO Premium plugin v26.8 (Yoast SEO v27.3) - https:\/\/yoast.com\/product\/yoast-seo-premium-wordpress\/ -->\n<title>Method Astianpesuaine Coconut water 532ml - Shop Eettinen Luksus<\/title>\n<meta name=\"description\" content=\"Ekologinen astianpesuaine kasvipohjaiset vegaaniyst\u00e4v\u00e4lliset biohajoavat aineosat yuzu hedelm\u00e4\u00e4 sitrusta vaniljaa Method astianpesuaine coconut water 532ml\" \/>\n<meta name=\"robots\" content=\"index, follow, max-snippet:-1, max-image-preview:large, max-video-preview:-1\" \/>\n<link rel=\"canonical\" href=\"https:\/\/eettinenluksus.fi\/shop\/en\/product\/method-astianpesuaine-cool-coconut-water-532ml\/\" \/>\n<meta property=\"og:locale\" content=\"en_GB\" \/>\n<meta property=\"og:type\" content=\"article\" \/>\n<meta property=\"og:title\" content=\"Method Astianpesuaine Coconut water 532ml\" \/>\n<meta property=\"og:description\" content=\"Ekologinen astianpesuaine kasvipohjaiset vegaaniyst\u00e4v\u00e4lliset biohajoavat aineosat yuzu hedelm\u00e4\u00e4 sitrusta vaniljaa Method astianpesuaine coconut water 532ml\" \/>\n<meta property=\"og:url\" content=\"https:\/\/eettinenluksus.fi\/shop\/en\/product\/method-astianpesuaine-cool-coconut-water-532ml\/\" \/>\n<meta property=\"og:site_name\" content=\"Shop Eettinen Luksus\" \/>\n<meta property=\"article:publisher\" content=\"https:\/\/www.facebook.com\/eettinenluksus\" \/>\n<meta property=\"article:modified_time\" content=\"2024-09-20T07:20:40+00:00\" \/>\n<meta property=\"og:image\" content=\"https:\/\/eettinenluksus.fi\/shop\/wp-content\/uploads\/sites\/4\/1726\/16\/Astianpesuaine-Cool-Coconut-water-nelio.jpg\" \/>\n\t<meta property=\"og:image:width\" content=\"1045\" \/>\n\t<meta property=\"og:image:height\" content=\"1045\" \/>\n\t<meta property=\"og:image:type\" content=\"image\/jpeg\" \/>\n<meta name=\"twitter:card\" content=\"summary_large_image\" \/>\n<meta name=\"twitter:label1\" content=\"Price\" \/>\n\t<meta name=\"twitter:data1\" content=\"7,10&nbsp;&euro;\" \/>\n\t<meta name=\"twitter:label2\" content=\"Availability\" \/>\n\t<meta name=\"twitter:data2\" content=\"In stock\" \/>\n<script type=\"application\/ld+json\" class=\"yoast-schema-graph\">{\"@context\":\"https:\\\/\\\/schema.org\",\"@graph\":[{\"@type\":\"WebPage\",\"@id\":\"https:\\\/\\\/eettinenluksus.fi\\\/shop\\\/tuote\\\/method-astianpesuaine-cool-coconut-water-532ml\\\/\",\"url\":\"https:\\\/\\\/eettinenluksus.fi\\\/shop\\\/tuote\\\/method-astianpesuaine-cool-coconut-water-532ml\\\/\",\"name\":\"Method Astianpesuaine Coconut water 532ml - Shop Eettinen Luksus\",\"isPartOf\":{\"@id\":\"https:\\\/\\\/eettinenluksus.fi\\\/shop\\\/#website\"},\"primaryImageOfPage\":{\"@id\":\"https:\\\/\\\/eettinenluksus.fi\\\/shop\\\/tuote\\\/method-astianpesuaine-cool-coconut-water-532ml\\\/#primaryimage\"},\"image\":{\"@id\":\"https:\\\/\\\/eettinenluksus.fi\\\/shop\\\/tuote\\\/method-astianpesuaine-cool-coconut-water-532ml\\\/#primaryimage\"},\"thumbnailUrl\":\"https:\\\/\\\/eettinenluksus.fi\\\/shop\\\/wp-content\\\/uploads\\\/sites\\\/4\\\/1726\\\/16\\\/Astianpesuaine-Cool-Coconut-water-nelio.jpg\",\"datePublished\":\"2022-10-05T07:15:12+00:00\",\"dateModified\":\"2024-09-20T07:20:40+00:00\",\"description\":\"Ekologinen astianpesuaine kasvipohjaiset vegaaniyst\u00e4v\u00e4lliset biohajoavat aineosat yuzu hedelm\u00e4\u00e4 sitrusta vaniljaa Method astianpesuaine coconut water 532ml\",\"breadcrumb\":{\"@id\":\"https:\\\/\\\/eettinenluksus.fi\\\/shop\\\/tuote\\\/method-astianpesuaine-cool-coconut-water-532ml\\\/#breadcrumb\"},\"inLanguage\":\"en-GB\",\"potentialAction\":[{\"@type\":\"ReadAction\",\"target\":[\"https:\\\/\\\/eettinenluksus.fi\\\/shop\\\/tuote\\\/method-astianpesuaine-cool-coconut-water-532ml\\\/\"]}]},{\"@type\":\"ImageObject\",\"inLanguage\":\"en-GB\",\"@id\":\"https:\\\/\\\/eettinenluksus.fi\\\/shop\\\/tuote\\\/method-astianpesuaine-cool-coconut-water-532ml\\\/#primaryimage\",\"url\":\"https:\\\/\\\/eettinenluksus.fi\\\/shop\\\/wp-content\\\/uploads\\\/sites\\\/4\\\/1726\\\/16\\\/Astianpesuaine-Cool-Coconut-water-nelio.jpg\",\"contentUrl\":\"https:\\\/\\\/eettinenluksus.fi\\\/shop\\\/wp-content\\\/uploads\\\/sites\\\/4\\\/1726\\\/16\\\/Astianpesuaine-Cool-Coconut-water-nelio.jpg\",\"width\":1045,\"height\":1045,\"caption\":\"Astianpesuaine Cool Coconut water\"},{\"@type\":\"BreadcrumbList\",\"@id\":\"https:\\\/\\\/eettinenluksus.fi\\\/shop\\\/tuote\\\/method-astianpesuaine-cool-coconut-water-532ml\\\/#breadcrumb\",\"itemListElement\":[{\"@type\":\"ListItem\",\"position\":1,\"name\":\"Etusivu\",\"item\":\"https:\\\/\\\/eettinenluksus.fi\\\/shop\\\/\"},{\"@type\":\"ListItem\",\"position\":2,\"name\":\"Kauppa\",\"item\":\"https:\\\/\\\/eettinenluksus.fi\\\/shop\\\/en\\\/kauppa\\\/\"},{\"@type\":\"ListItem\",\"position\":3,\"name\":\"Method Astianpesuaine Coconut water 532ml\"}]},{\"@type\":\"WebSite\",\"@id\":\"https:\\\/\\\/eettinenluksus.fi\\\/shop\\\/#website\",\"url\":\"https:\\\/\\\/eettinenluksus.fi\\\/shop\\\/\",\"name\":\"Shop Eettinen Luksus\",\"description\":\"Uusi verkkokauppa\",\"publisher\":{\"@id\":\"https:\\\/\\\/eettinenluksus.fi\\\/shop\\\/#organization\"},\"potentialAction\":[{\"@type\":\"SearchAction\",\"target\":{\"@type\":\"EntryPoint\",\"urlTemplate\":\"https:\\\/\\\/eettinenluksus.fi\\\/shop\\\/?s={search_term_string}\"},\"query-input\":{\"@type\":\"PropertyValueSpecification\",\"valueRequired\":true,\"valueName\":\"search_term_string\"}}],\"inLanguage\":\"en-GB\"},{\"@type\":\"Organization\",\"@id\":\"https:\\\/\\\/eettinenluksus.fi\\\/shop\\\/#organization\",\"name\":\"Shop Eettinen Luksus\",\"url\":\"https:\\\/\\\/eettinenluksus.fi\\\/shop\\\/\",\"logo\":{\"@type\":\"ImageObject\",\"inLanguage\":\"en-GB\",\"@id\":\"https:\\\/\\\/eettinenluksus.fi\\\/shop\\\/#\\\/schema\\\/logo\\\/image\\\/\",\"url\":\"https:\\\/\\\/eettinenluksus.fi\\\/shop\\\/wp-content\\\/uploads\\\/sites\\\/4\\\/1664\\\/37\\\/cropped-ELO.jpg\",\"contentUrl\":\"https:\\\/\\\/eettinenluksus.fi\\\/shop\\\/wp-content\\\/uploads\\\/sites\\\/4\\\/1664\\\/37\\\/cropped-ELO.jpg\",\"width\":810,\"height\":350,\"caption\":\"Shop Eettinen Luksus\"},\"image\":{\"@id\":\"https:\\\/\\\/eettinenluksus.fi\\\/shop\\\/#\\\/schema\\\/logo\\\/image\\\/\"},\"sameAs\":[\"https:\\\/\\\/www.facebook.com\\\/eettinenluksus\",\"https:\\\/\\\/www.instagram.com\\\/eettinenluksus\\\/\"]}]}<\/script>\n<meta property=\"product:price:amount\" content=\"7.10\" \/>\n<meta property=\"product:price:currency\" content=\"EUR\" \/>\n<meta property=\"og:availability\" content=\"instock\" \/>\n<meta property=\"product:availability\" content=\"instock\" \/>\n<meta property=\"product:retailer_item_id\" content=\"4004714\" \/>\n<meta property=\"product:condition\" content=\"new\" \/>\n<!-- \/ Yoast SEO Premium plugin. -->","yoast_head_json":{"title":"Method Astianpesuaine Coconut water 532ml - Shop Eettinen Luksus","description":"Ekologinen astianpesuaine kasvipohjaiset vegaaniyst\u00e4v\u00e4lliset biohajoavat aineosat yuzu hedelm\u00e4\u00e4 sitrusta vaniljaa Method astianpesuaine coconut water 532ml","robots":{"index":"index","follow":"follow","max-snippet":"max-snippet:-1","max-image-preview":"max-image-preview:large","max-video-preview":"max-video-preview:-1"},"canonical":"https:\/\/eettinenluksus.fi\/shop\/en\/product\/method-astianpesuaine-cool-coconut-water-532ml\/","og_locale":"en_GB","og_type":"article","og_title":"Method Astianpesuaine Coconut water 532ml","og_description":"Ekologinen astianpesuaine kasvipohjaiset vegaaniyst\u00e4v\u00e4lliset biohajoavat aineosat yuzu hedelm\u00e4\u00e4 sitrusta vaniljaa Method astianpesuaine coconut water 532ml","og_url":"https:\/\/eettinenluksus.fi\/shop\/en\/product\/method-astianpesuaine-cool-coconut-water-532ml\/","og_site_name":"Shop Eettinen Luksus","article_publisher":"https:\/\/www.facebook.com\/eettinenluksus","article_modified_time":"2024-09-20T07:20:40+00:00","og_image":[{"width":1045,"height":1045,"url":"https:\/\/eettinenluksus.fi\/shop\/wp-content\/uploads\/sites\/4\/1726\/16\/Astianpesuaine-Cool-Coconut-water-nelio.jpg","type":"image\/jpeg"}],"twitter_card":"summary_large_image","twitter_misc":{"Price":"7,10&nbsp;&euro;","Availability":"In stock"},"schema":{"@context":"https:\/\/schema.org","@graph":[{"@type":"WebPage","@id":"https:\/\/eettinenluksus.fi\/shop\/tuote\/method-astianpesuaine-cool-coconut-water-532ml\/","url":"https:\/\/eettinenluksus.fi\/shop\/tuote\/method-astianpesuaine-cool-coconut-water-532ml\/","name":"Method Astianpesuaine Coconut water 532ml - Shop Eettinen Luksus","isPartOf":{"@id":"https:\/\/eettinenluksus.fi\/shop\/#website"},"primaryImageOfPage":{"@id":"https:\/\/eettinenluksus.fi\/shop\/tuote\/method-astianpesuaine-cool-coconut-water-532ml\/#primaryimage"},"image":{"@id":"https:\/\/eettinenluksus.fi\/shop\/tuote\/method-astianpesuaine-cool-coconut-water-532ml\/#primaryimage"},"thumbnailUrl":"https:\/\/eettinenluksus.fi\/shop\/wp-content\/uploads\/sites\/4\/1726\/16\/Astianpesuaine-Cool-Coconut-water-nelio.jpg","datePublished":"2022-10-05T07:15:12+00:00","dateModified":"2024-09-20T07:20:40+00:00","description":"Ekologinen astianpesuaine kasvipohjaiset vegaaniyst\u00e4v\u00e4lliset biohajoavat aineosat yuzu hedelm\u00e4\u00e4 sitrusta vaniljaa Method astianpesuaine coconut water 532ml","breadcrumb":{"@id":"https:\/\/eettinenluksus.fi\/shop\/tuote\/method-astianpesuaine-cool-coconut-water-532ml\/#breadcrumb"},"inLanguage":"en-GB","potentialAction":[{"@type":"ReadAction","target":["https:\/\/eettinenluksus.fi\/shop\/tuote\/method-astianpesuaine-cool-coconut-water-532ml\/"]}]},{"@type":"ImageObject","inLanguage":"en-GB","@id":"https:\/\/eettinenluksus.fi\/shop\/tuote\/method-astianpesuaine-cool-coconut-water-532ml\/#primaryimage","url":"https:\/\/eettinenluksus.fi\/shop\/wp-content\/uploads\/sites\/4\/1726\/16\/Astianpesuaine-Cool-Coconut-water-nelio.jpg","contentUrl":"https:\/\/eettinenluksus.fi\/shop\/wp-content\/uploads\/sites\/4\/1726\/16\/Astianpesuaine-Cool-Coconut-water-nelio.jpg","width":1045,"height":1045,"caption":"Astianpesuaine Cool Coconut water"},{"@type":"BreadcrumbList","@id":"https:\/\/eettinenluksus.fi\/shop\/tuote\/method-astianpesuaine-cool-coconut-water-532ml\/#breadcrumb","itemListElement":[{"@type":"ListItem","position":1,"name":"Etusivu","item":"https:\/\/eettinenluksus.fi\/shop\/"},{"@type":"ListItem","position":2,"name":"Kauppa","item":"https:\/\/eettinenluksus.fi\/shop\/en\/kauppa\/"},{"@type":"ListItem","position":3,"name":"Method Astianpesuaine Coconut water 532ml"}]},{"@type":"WebSite","@id":"https:\/\/eettinenluksus.fi\/shop\/#website","url":"https:\/\/eettinenluksus.fi\/shop\/","name":"Shop Eettinen Luksus","description":"Uusi verkkokauppa","publisher":{"@id":"https:\/\/eettinenluksus.fi\/shop\/#organization"},"potentialAction":[{"@type":"SearchAction","target":{"@type":"EntryPoint","urlTemplate":"https:\/\/eettinenluksus.fi\/shop\/?s={search_term_string}"},"query-input":{"@type":"PropertyValueSpecification","valueRequired":true,"valueName":"search_term_string"}}],"inLanguage":"en-GB"},{"@type":"Organization","@id":"https:\/\/eettinenluksus.fi\/shop\/#organization","name":"Shop Eettinen Luksus","url":"https:\/\/eettinenluksus.fi\/shop\/","logo":{"@type":"ImageObject","inLanguage":"en-GB","@id":"https:\/\/eettinenluksus.fi\/shop\/#\/schema\/logo\/image\/","url":"https:\/\/eettinenluksus.fi\/shop\/wp-content\/uploads\/sites\/4\/1664\/37\/cropped-ELO.jpg","contentUrl":"https:\/\/eettinenluksus.fi\/shop\/wp-content\/uploads\/sites\/4\/1664\/37\/cropped-ELO.jpg","width":810,"height":350,"caption":"Shop Eettinen Luksus"},"image":{"@id":"https:\/\/eettinenluksus.fi\/shop\/#\/schema\/logo\/image\/"},"sameAs":["https:\/\/www.facebook.com\/eettinenluksus","https:\/\/www.instagram.com\/eettinenluksus\/"]}]},"product_price_amount":"7.10","product_price_currency":"EUR","og_availability":"instock","product_availability":"instock","product_retailer_item_id":"4004714","product_condition":"new"},"_links":{"self":[{"href":"https:\/\/eettinenluksus.fi\/shop\/en\/wp-json\/wp\/v2\/product\/760","targetHints":{"allow":["GET"]}}],"collection":[{"href":"https:\/\/eettinenluksus.fi\/shop\/en\/wp-json\/wp\/v2\/product"}],"about":[{"href":"https:\/\/eettinenluksus.fi\/shop\/en\/wp-json\/wp\/v2\/types\/product"}],"version-history":[{"count":15,"href":"https:\/\/eettinenluksus.fi\/shop\/en\/wp-json\/wp\/v2\/product\/760\/revisions"}],"predecessor-version":[{"id":2691,"href":"https:\/\/eettinenluksus.fi\/shop\/en\/wp-json\/wp\/v2\/product\/760\/revisions\/2691"}],"wp:featuredmedia":[{"embeddable":true,"href":"https:\/\/eettinenluksus.fi\/shop\/en\/wp-json\/wp\/v2\/media\/4040"}],"wp:attachment":[{"href":"https:\/\/eettinenluksus.fi\/shop\/en\/wp-json\/wp\/v2\/media?parent=760"}],"wp:term":[{"taxonomy":"product_brand","embeddable":true,"href":"https:\/\/eettinenluksus.fi\/shop\/en\/wp-json\/wp\/v2\/product_brand?post=760"},{"taxonomy":"product_cat","embeddable":true,"href":"https:\/\/eettinenluksus.fi\/shop\/en\/wp-json\/wp\/v2\/product_cat?post=760"},{"taxonomy":"product_tag","embeddable":true,"href":"https:\/\/eettinenluksus.fi\/shop\/en\/wp-json\/wp\/v2\/product_tag?post=760"}],"curies":[{"name":"wp","href":"https:\/\/api.w.org\/{rel}","templated":true}]}}