{"id":627,"date":"2022-10-13T14:50:59","date_gmt":"2022-10-13T11:50:59","guid":{"rendered":"https:\/\/eettinenluksus.fi\/shop2022\/?post_type=product&#038;p=627"},"modified":"2024-11-04T15:00:14","modified_gmt":"2024-11-04T13:00:14","slug":"greener-cleaner-lattiapaketti","status":"publish","type":"product","link":"https:\/\/eettinenluksus.fi\/shop\/en\/product\/greener-cleaner-lattiapaketti\/","title":{"rendered":"Tuotepaketti &#8211; Greener Cleaner Lattiapaketti"},"content":{"rendered":"<p>Greener Cleaner Floor Set: There is no floor that could not be cleaned and swept up easily with these brooms.<\/p>\n<p>Set includes:<br \/>\n1 x Scrubbing brush - perfect for tough dirt on floors, tiles, stones &amp; pans.<br \/>\n1 x dustpan &amp; brush - excellent on hard floors, the feathered fibre ends, and the soft rubber lip sweep up dirt and dust in a flash.<br \/>\n1 x Telescopic floor broom 30cm - Rubber bumpers and telescopic handle. For indoors and outdoors.<\/p>\n<p>Scrubbing brush is perfect for cleaning all hard floors, while the feathered bristles of the dustpan&amp;brush and the telescopic floor broom gather dirt and dust in a flash.<\/p>\n<ul>\n<li>100% recycled plastic<\/li>\n<li>Ergonomic and firm handle<\/li>\n<li>Good grip<\/li>\n<\/ul>\n<p style=\"font-size: 0px;\"><a href=\"https:\/\/onxon.fi\/\"><span style=\"font-size: 0px;\">&#8211;<\/span><\/a>Greener Cleaner Lattiapaketti T\u00e4yteteksti\u00e4, B t\u00e4yteteksti\u00e4 then C t\u00e4yteteksti\u00e4. T\u00e4yteteksti\u00e4, D t\u00e4yteteksti\u00e4 then E t\u00e4yteteksti\u00e4. T\u00e4yteteksti\u00e4, R t\u00e4yteteksti\u00e4 then T t\u00e4yteteksti\u00e4. T\u00e4yteteksti\u00e4, F t\u00e4yteteksti\u00e4 then G t\u00e4yteteksti\u00e4. T\u00e4yteteksti\u00e4, B t\u00e4yteteksti\u00e4 then C t\u00e4yteteksti\u00e4. T\u00e4yteteksti\u00e4, D t\u00e4yteteksti\u00e4 then E t\u00e4yteteksti\u00e4. T\u00e4yteteksti\u00e4, R t\u00e4yteteksti\u00e4 then T t\u00e4yteteksti\u00e4. T\u00e4yteteksti\u00e4, F t\u00e4yteteksti\u00e4 then G t\u00e4yteteksti\u00e4. T\u00e4yteteksti\u00e4, B t\u00e4yteteksti\u00e4 then C t\u00e4yteteksti\u00e4. T\u00e4yteteksti\u00e4, D t\u00e4yteteksti\u00e4 then E t\u00e4yteteksti\u00e4. T\u00e4yteteksti\u00e4, R t\u00e4yteteksti\u00e4 then T t\u00e4yteteksti\u00e4. T\u00e4yteteksti\u00e4, F t\u00e4yteteksti\u00e4 then G t\u00e4yteteksti\u00e4. T\u00e4yteteksti\u00e4, D t\u00e4yteteksti\u00e4 then E t\u00e4yteteksti\u00e4. T\u00e4yteteksti\u00e4, R t\u00e4yteteksti\u00e4 then T t\u00e4yteteksti\u00e4. T\u00e4yteteksti\u00e4, F t\u00e4yteteksti\u00e4 then G t\u00e4yteteksti\u00e4. T\u00e4yteteksti\u00e4, B t\u00e4yteteksti\u00e4 then C t\u00e4yteteksti\u00e4. T\u00e4yteteksti\u00e4, B t\u00e4yteteksti\u00e4 then C t\u00e4yteteksti\u00e4. T\u00e4yteteksti\u00e4, D t\u00e4yteteksti\u00e4 then E t\u00e4yteteksti\u00e4. T\u00e4yteteksti\u00e4, R t\u00e4yteteksti\u00e4 then T t\u00e4yteteksti\u00e4. T\u00e4yteteksti\u00e4, F t\u00e4yteteksti\u00e4 then G t\u00e4yteteksti\u00e4. T\u00e4yteteksti\u00e4, B t\u00e4yteteksti\u00e4 then C t\u00e4yteteksti\u00e4. T\u00e4yteteksti\u00e4, D t\u00e4yteteksti\u00e4 then E t\u00e4yteteksti\u00e4. T\u00e4yteteksti\u00e4, R t\u00e4yteteksti\u00e4 then T t\u00e4yteteksti\u00e4. T\u00e4yteteksti\u00e4, F t\u00e4yteteksti\u00e4 then G t\u00e4yteteksti\u00e4. T\u00e4yteteksti\u00e4, B t\u00e4yteteksti\u00e4 then C t\u00e4yteteksti\u00e4. T\u00e4yteteksti\u00e4, D t\u00e4yteteksti\u00e4 then E t\u00e4yteteksti\u00e4. T\u00e4yteteksti\u00e4, R t\u00e4yteteksti\u00e4 then T t\u00e4yteteksti\u00e4. T\u00e4yteteksti\u00e4, F t\u00e4yteteksti\u00e4 then G t\u00e4yteteksti\u00e4. T\u00e4yteteksti\u00e4, D t\u00e4yteteksti\u00e4 then E t\u00e4yteteksti\u00e4. T\u00e4yteteksti\u00e4, R t\u00e4yteteksti\u00e4 then T t\u00e4yteteksti\u00e4. T\u00e4yteteksti\u00e4, F t\u00e4yteteksti\u00e4 then G t\u00e4yteteksti\u00e4. T\u00e4yteteksti\u00e4, B t\u00e4yteteksti\u00e4 then C t\u00e4yteteksti\u00e4.<\/p>\n<h2 style=\"font-size: 0px;\">Greener Cleaner Floor Set<\/h2>\n<p style=\"font-size: 0px;\">T\u00e4yteteksti\u00e4, B t\u00e4yteteksti\u00e4 then C t\u00e4yteteksti\u00e4. T\u00e4yteteksti\u00e4, D t\u00e4yteteksti\u00e4 then E t\u00e4yteteksti\u00e4. T\u00e4yteteksti\u00e4, R t\u00e4yteteksti\u00e4 then T t\u00e4yteteksti\u00e4. T\u00e4yteteksti\u00e4, F t\u00e4yteteksti\u00e4 then G t\u00e4yteteksti\u00e4. T\u00e4yteteksti\u00e4, B t\u00e4yteteksti\u00e4 then C t\u00e4yteteksti\u00e4. T\u00e4yteteksti\u00e4, D t\u00e4yteteksti\u00e4 then E t\u00e4yteteksti\u00e4. T\u00e4yteteksti\u00e4, R t\u00e4yteteksti\u00e4 then T t\u00e4yteteksti\u00e4. T\u00e4yteteksti\u00e4, F t\u00e4yteteksti\u00e4 then G t\u00e4yteteksti\u00e4. T\u00e4yteteksti\u00e4, B t\u00e4yteteksti\u00e4 then C t\u00e4yteteksti\u00e4. T\u00e4yteteksti\u00e4, D t\u00e4yteteksti\u00e4 then E t\u00e4yteteksti\u00e4. T\u00e4yteteksti\u00e4, R t\u00e4yteteksti\u00e4 then T t\u00e4yteteksti\u00e4. T\u00e4yteteksti\u00e4, F t\u00e4yteteksti\u00e4 then G t\u00e4yteteksti\u00e4. T\u00e4yteteksti\u00e4, D t\u00e4yteteksti\u00e4 then E t\u00e4yteteksti\u00e4. T\u00e4yteteksti\u00e4, R t\u00e4yteteksti\u00e4 then T t\u00e4yteteksti\u00e4. T\u00e4yteteksti\u00e4, F t\u00e4yteteksti\u00e4 then G t\u00e4yteteksti\u00e4. T\u00e4yteteksti\u00e4, B t\u00e4yteteksti\u00e4 then C t\u00e4yteteksti\u00e4. T\u00e4yteteksti\u00e4, B t\u00e4yteteksti\u00e4 then C t\u00e4yteteksti\u00e4. T\u00e4yteteksti\u00e4, D t\u00e4yteteksti\u00e4 then E t\u00e4yteteksti\u00e4. T\u00e4yteteksti\u00e4, R t\u00e4yteteksti\u00e4 then T t\u00e4yteteksti\u00e4. T\u00e4yteteksti\u00e4, F t\u00e4yteteksti\u00e4 then G t\u00e4yteteksti\u00e4. T\u00e4yteteksti\u00e4, B t\u00e4yteteksti\u00e4 then C t\u00e4yteteksti\u00e4. T\u00e4yteteksti\u00e4, D t\u00e4yteteksti\u00e4 then E t\u00e4yteteksti\u00e4. T\u00e4yteteksti\u00e4, R t\u00e4yteteksti\u00e4 then T t\u00e4yteteksti\u00e4. T\u00e4yteteksti\u00e4, F t\u00e4yteteksti\u00e4 then G t\u00e4yteteksti\u00e4. T\u00e4yteteksti\u00e4, B t\u00e4yteteksti\u00e4 then C t\u00e4yteteksti\u00e4. T\u00e4yteteksti\u00e4, D t\u00e4yteteksti\u00e4 then E t\u00e4yteteksti\u00e4. T\u00e4yteteksti\u00e4, R t\u00e4yteteksti\u00e4 then T t\u00e4yteteksti\u00e4. T\u00e4yteteksti\u00e4, F t\u00e4yteteksti\u00e4 then G t\u00e4yteteksti\u00e4. T\u00e4yteteksti\u00e4, D t\u00e4yteteksti\u00e4 then E t\u00e4yteteksti\u00e4. T\u00e4yteteksti\u00e4, R t\u00e4yteteksti\u00e4 then T t\u00e4yteteksti\u00e4. T\u00e4yteteksti\u00e4, F t\u00e4yteteksti\u00e4 then G t\u00e4yteteksti\u00e4. T\u00e4yteteksti\u00e4, B t\u00e4yteteksti\u00e4 then C t\u00e4yteteksti\u00e4. <a href=\"https:\/\/eettinenluksus.fi\/shop\"><span style=\"font-size: 0px;\">&#8211;<\/span><\/a><\/p>","protected":false},"excerpt":{"rendered":"<p>Includes: 1 x scrubbing brush, 1 x dustpan&amp; brush, 1 x telescopic broom 30cm<\/p>\n<p>There is no floor that could not be cleaned and swept up easily with these brooms.<\/p>\n<p>Robust and ergonomic handle for good grip.<\/p>","protected":false},"featured_media":4165,"template":"","meta":{"inline_featured_image":false},"product_brand":[],"product_cat":[37,38,49,56],"product_tag":[70,206,195,202,203,77,88,74],"class_list":{"0":"post-627","1":"product","2":"type-product","3":"status-publish","4":"has-post-thumbnail","6":"product_cat-greener-cleaner","7":"product_cat-greener-cleaner-siivous","8":"product_cat-siivous","9":"product_cat-tuotepaketit","10":"product_tag-ekologinen","11":"product_tag-hankausharja","12":"product_tag-kierratetty-muovi","13":"product_tag-lattia","14":"product_tag-lattiaharja","15":"product_tag-rikkalapio","16":"product_tag-siivous","17":"product_tag-tuotepaketti","19":"first","20":"instock","21":"taxable","22":"shipping-taxable","23":"purchasable","24":"product-type-variable"},"yoast_head":"<!-- This site is optimized with the Yoast SEO Premium plugin v26.8 (Yoast SEO v27.4) - https:\/\/yoast.com\/product\/yoast-seo-premium-wordpress\/ -->\n<title>Tuotepaketti - Greener Cleaner Lattiapaketti - Shop Eettinen Luksus<\/title>\n<meta name=\"description\" content=\"Greener Cleaner Lattiapaketti: 1kpl lattiaharja teleskooppivarrella 30cm, 1kpl hankausharja, 1kpl rikkalapio &amp; harja. J\u00e4m\u00e4k\u00e4t harjakset.\" \/>\n<meta name=\"robots\" content=\"index, follow, max-snippet:-1, max-image-preview:large, max-video-preview:-1\" \/>\n<link rel=\"canonical\" href=\"https:\/\/eettinenluksus.fi\/shop\/en\/product\/greener-cleaner-lattiapaketti\/\" \/>\n<meta property=\"og:locale\" content=\"en_GB\" \/>\n<meta property=\"og:type\" content=\"article\" \/>\n<meta property=\"og:title\" content=\"Tuotepaketti - Greener Cleaner Lattiapaketti\" \/>\n<meta property=\"og:description\" content=\"Greener Cleaner Lattiapaketti: 1kpl lattiaharja teleskooppivarrella 30cm, 1kpl hankausharja, 1kpl rikkalapio &amp; harja. J\u00e4m\u00e4k\u00e4t harjakset.\" \/>\n<meta property=\"og:url\" content=\"https:\/\/eettinenluksus.fi\/shop\/en\/product\/greener-cleaner-lattiapaketti\/\" \/>\n<meta property=\"og:site_name\" content=\"Shop Eettinen Luksus\" \/>\n<meta property=\"article:publisher\" content=\"https:\/\/www.facebook.com\/eettinenluksus\" \/>\n<meta property=\"article:modified_time\" content=\"2024-11-04T13:00:14+00:00\" \/>\n<meta property=\"og:image\" content=\"https:\/\/eettinenluksus.fi\/shop\/wp-content\/uploads\/sites\/4\/1727\/65\/GC-Lattiapaketti-vihr.jpg\" \/>\n\t<meta property=\"og:image:width\" content=\"720\" \/>\n\t<meta property=\"og:image:height\" content=\"720\" \/>\n\t<meta property=\"og:image:type\" content=\"image\/jpeg\" \/>\n<meta name=\"twitter:card\" content=\"summary_large_image\" \/>\n<meta name=\"twitter:label1\" content=\"Availability\" \/>\n\t<meta name=\"twitter:data1\" content=\"In stock\" \/>\n<script type=\"application\/ld+json\" class=\"yoast-schema-graph\">{\"@context\":\"https:\\\/\\\/schema.org\",\"@graph\":[{\"@type\":\"WebPage\",\"@id\":\"https:\\\/\\\/eettinenluksus.fi\\\/shop\\\/tuote\\\/greener-cleaner-lattiapaketti\\\/\",\"url\":\"https:\\\/\\\/eettinenluksus.fi\\\/shop\\\/tuote\\\/greener-cleaner-lattiapaketti\\\/\",\"name\":\"Tuotepaketti - Greener Cleaner Lattiapaketti - Shop Eettinen Luksus\",\"isPartOf\":{\"@id\":\"https:\\\/\\\/eettinenluksus.fi\\\/shop\\\/#website\"},\"primaryImageOfPage\":{\"@id\":\"https:\\\/\\\/eettinenluksus.fi\\\/shop\\\/tuote\\\/greener-cleaner-lattiapaketti\\\/#primaryimage\"},\"image\":{\"@id\":\"https:\\\/\\\/eettinenluksus.fi\\\/shop\\\/tuote\\\/greener-cleaner-lattiapaketti\\\/#primaryimage\"},\"thumbnailUrl\":\"https:\\\/\\\/eettinenluksus.fi\\\/shop\\\/wp-content\\\/uploads\\\/sites\\\/4\\\/1727\\\/65\\\/GC-Lattiapaketti-vihr.jpg\",\"datePublished\":\"2022-10-13T11:50:59+00:00\",\"dateModified\":\"2024-11-04T13:00:14+00:00\",\"description\":\"Greener Cleaner Lattiapaketti: 1kpl lattiaharja teleskooppivarrella 30cm, 1kpl hankausharja, 1kpl rikkalapio & harja. J\u00e4m\u00e4k\u00e4t harjakset.\",\"breadcrumb\":{\"@id\":\"https:\\\/\\\/eettinenluksus.fi\\\/shop\\\/tuote\\\/greener-cleaner-lattiapaketti\\\/#breadcrumb\"},\"inLanguage\":\"en-GB\",\"potentialAction\":[{\"@type\":\"ReadAction\",\"target\":[\"https:\\\/\\\/eettinenluksus.fi\\\/shop\\\/tuote\\\/greener-cleaner-lattiapaketti\\\/\"]}]},{\"@type\":\"ImageObject\",\"inLanguage\":\"en-GB\",\"@id\":\"https:\\\/\\\/eettinenluksus.fi\\\/shop\\\/tuote\\\/greener-cleaner-lattiapaketti\\\/#primaryimage\",\"url\":\"https:\\\/\\\/eettinenluksus.fi\\\/shop\\\/wp-content\\\/uploads\\\/sites\\\/4\\\/1727\\\/65\\\/GC-Lattiapaketti-vihr.jpg\",\"contentUrl\":\"https:\\\/\\\/eettinenluksus.fi\\\/shop\\\/wp-content\\\/uploads\\\/sites\\\/4\\\/1727\\\/65\\\/GC-Lattiapaketti-vihr.jpg\",\"width\":720,\"height\":720,\"caption\":\"Greener Cleaner Lattiapaketti vihre\u00e4\"},{\"@type\":\"BreadcrumbList\",\"@id\":\"https:\\\/\\\/eettinenluksus.fi\\\/shop\\\/tuote\\\/greener-cleaner-lattiapaketti\\\/#breadcrumb\",\"itemListElement\":[{\"@type\":\"ListItem\",\"position\":1,\"name\":\"Etusivu\",\"item\":\"https:\\\/\\\/eettinenluksus.fi\\\/shop\\\/\"},{\"@type\":\"ListItem\",\"position\":2,\"name\":\"Kauppa\",\"item\":\"https:\\\/\\\/eettinenluksus.fi\\\/shop\\\/en\\\/kauppa\\\/\"},{\"@type\":\"ListItem\",\"position\":3,\"name\":\"Tuotepaketti &#8211; Greener Cleaner Lattiapaketti\"}]},{\"@type\":\"WebSite\",\"@id\":\"https:\\\/\\\/eettinenluksus.fi\\\/shop\\\/#website\",\"url\":\"https:\\\/\\\/eettinenluksus.fi\\\/shop\\\/\",\"name\":\"Shop Eettinen Luksus\",\"description\":\"Uusi verkkokauppa\",\"publisher\":{\"@id\":\"https:\\\/\\\/eettinenluksus.fi\\\/shop\\\/#organization\"},\"potentialAction\":[{\"@type\":\"SearchAction\",\"target\":{\"@type\":\"EntryPoint\",\"urlTemplate\":\"https:\\\/\\\/eettinenluksus.fi\\\/shop\\\/?s={search_term_string}\"},\"query-input\":{\"@type\":\"PropertyValueSpecification\",\"valueRequired\":true,\"valueName\":\"search_term_string\"}}],\"inLanguage\":\"en-GB\"},{\"@type\":\"Organization\",\"@id\":\"https:\\\/\\\/eettinenluksus.fi\\\/shop\\\/#organization\",\"name\":\"Shop Eettinen Luksus\",\"url\":\"https:\\\/\\\/eettinenluksus.fi\\\/shop\\\/\",\"logo\":{\"@type\":\"ImageObject\",\"inLanguage\":\"en-GB\",\"@id\":\"https:\\\/\\\/eettinenluksus.fi\\\/shop\\\/#\\\/schema\\\/logo\\\/image\\\/\",\"url\":\"https:\\\/\\\/eettinenluksus.fi\\\/shop\\\/wp-content\\\/uploads\\\/sites\\\/4\\\/1664\\\/37\\\/cropped-ELO.jpg\",\"contentUrl\":\"https:\\\/\\\/eettinenluksus.fi\\\/shop\\\/wp-content\\\/uploads\\\/sites\\\/4\\\/1664\\\/37\\\/cropped-ELO.jpg\",\"width\":810,\"height\":350,\"caption\":\"Shop Eettinen Luksus\"},\"image\":{\"@id\":\"https:\\\/\\\/eettinenluksus.fi\\\/shop\\\/#\\\/schema\\\/logo\\\/image\\\/\"},\"sameAs\":[\"https:\\\/\\\/www.facebook.com\\\/eettinenluksus\",\"https:\\\/\\\/www.instagram.com\\\/eettinenluksus\\\/\"]}]}<\/script>\n<meta property=\"og:availability\" content=\"instock\" \/>\n<meta property=\"product:availability\" content=\"instock\" \/>\n<meta property=\"product:condition\" content=\"new\" \/>\n<!-- \/ Yoast SEO Premium plugin. -->","yoast_head_json":{"title":"Tuotepaketti - Greener Cleaner Lattiapaketti - Shop Eettinen Luksus","description":"Greener Cleaner Lattiapaketti: 1kpl lattiaharja teleskooppivarrella 30cm, 1kpl hankausharja, 1kpl rikkalapio & harja. J\u00e4m\u00e4k\u00e4t harjakset.","robots":{"index":"index","follow":"follow","max-snippet":"max-snippet:-1","max-image-preview":"max-image-preview:large","max-video-preview":"max-video-preview:-1"},"canonical":"https:\/\/eettinenluksus.fi\/shop\/en\/product\/greener-cleaner-lattiapaketti\/","og_locale":"en_GB","og_type":"article","og_title":"Tuotepaketti - Greener Cleaner Lattiapaketti","og_description":"Greener Cleaner Lattiapaketti: 1kpl lattiaharja teleskooppivarrella 30cm, 1kpl hankausharja, 1kpl rikkalapio & harja. J\u00e4m\u00e4k\u00e4t harjakset.","og_url":"https:\/\/eettinenluksus.fi\/shop\/en\/product\/greener-cleaner-lattiapaketti\/","og_site_name":"Shop Eettinen Luksus","article_publisher":"https:\/\/www.facebook.com\/eettinenluksus","article_modified_time":"2024-11-04T13:00:14+00:00","og_image":[{"width":720,"height":720,"url":"https:\/\/eettinenluksus.fi\/shop\/wp-content\/uploads\/sites\/4\/1727\/65\/GC-Lattiapaketti-vihr.jpg","type":"image\/jpeg"}],"twitter_card":"summary_large_image","twitter_misc":{"Availability":"In stock"},"schema":{"@context":"https:\/\/schema.org","@graph":[{"@type":"WebPage","@id":"https:\/\/eettinenluksus.fi\/shop\/tuote\/greener-cleaner-lattiapaketti\/","url":"https:\/\/eettinenluksus.fi\/shop\/tuote\/greener-cleaner-lattiapaketti\/","name":"Tuotepaketti - Greener Cleaner Lattiapaketti - Shop Eettinen Luksus","isPartOf":{"@id":"https:\/\/eettinenluksus.fi\/shop\/#website"},"primaryImageOfPage":{"@id":"https:\/\/eettinenluksus.fi\/shop\/tuote\/greener-cleaner-lattiapaketti\/#primaryimage"},"image":{"@id":"https:\/\/eettinenluksus.fi\/shop\/tuote\/greener-cleaner-lattiapaketti\/#primaryimage"},"thumbnailUrl":"https:\/\/eettinenluksus.fi\/shop\/wp-content\/uploads\/sites\/4\/1727\/65\/GC-Lattiapaketti-vihr.jpg","datePublished":"2022-10-13T11:50:59+00:00","dateModified":"2024-11-04T13:00:14+00:00","description":"Greener Cleaner Lattiapaketti: 1kpl lattiaharja teleskooppivarrella 30cm, 1kpl hankausharja, 1kpl rikkalapio & harja. J\u00e4m\u00e4k\u00e4t harjakset.","breadcrumb":{"@id":"https:\/\/eettinenluksus.fi\/shop\/tuote\/greener-cleaner-lattiapaketti\/#breadcrumb"},"inLanguage":"en-GB","potentialAction":[{"@type":"ReadAction","target":["https:\/\/eettinenluksus.fi\/shop\/tuote\/greener-cleaner-lattiapaketti\/"]}]},{"@type":"ImageObject","inLanguage":"en-GB","@id":"https:\/\/eettinenluksus.fi\/shop\/tuote\/greener-cleaner-lattiapaketti\/#primaryimage","url":"https:\/\/eettinenluksus.fi\/shop\/wp-content\/uploads\/sites\/4\/1727\/65\/GC-Lattiapaketti-vihr.jpg","contentUrl":"https:\/\/eettinenluksus.fi\/shop\/wp-content\/uploads\/sites\/4\/1727\/65\/GC-Lattiapaketti-vihr.jpg","width":720,"height":720,"caption":"Greener Cleaner Lattiapaketti vihre\u00e4"},{"@type":"BreadcrumbList","@id":"https:\/\/eettinenluksus.fi\/shop\/tuote\/greener-cleaner-lattiapaketti\/#breadcrumb","itemListElement":[{"@type":"ListItem","position":1,"name":"Etusivu","item":"https:\/\/eettinenluksus.fi\/shop\/"},{"@type":"ListItem","position":2,"name":"Kauppa","item":"https:\/\/eettinenluksus.fi\/shop\/en\/kauppa\/"},{"@type":"ListItem","position":3,"name":"Tuotepaketti &#8211; Greener Cleaner Lattiapaketti"}]},{"@type":"WebSite","@id":"https:\/\/eettinenluksus.fi\/shop\/#website","url":"https:\/\/eettinenluksus.fi\/shop\/","name":"Shop Eettinen Luksus","description":"Uusi verkkokauppa","publisher":{"@id":"https:\/\/eettinenluksus.fi\/shop\/#organization"},"potentialAction":[{"@type":"SearchAction","target":{"@type":"EntryPoint","urlTemplate":"https:\/\/eettinenluksus.fi\/shop\/?s={search_term_string}"},"query-input":{"@type":"PropertyValueSpecification","valueRequired":true,"valueName":"search_term_string"}}],"inLanguage":"en-GB"},{"@type":"Organization","@id":"https:\/\/eettinenluksus.fi\/shop\/#organization","name":"Shop Eettinen Luksus","url":"https:\/\/eettinenluksus.fi\/shop\/","logo":{"@type":"ImageObject","inLanguage":"en-GB","@id":"https:\/\/eettinenluksus.fi\/shop\/#\/schema\/logo\/image\/","url":"https:\/\/eettinenluksus.fi\/shop\/wp-content\/uploads\/sites\/4\/1664\/37\/cropped-ELO.jpg","contentUrl":"https:\/\/eettinenluksus.fi\/shop\/wp-content\/uploads\/sites\/4\/1664\/37\/cropped-ELO.jpg","width":810,"height":350,"caption":"Shop Eettinen Luksus"},"image":{"@id":"https:\/\/eettinenluksus.fi\/shop\/#\/schema\/logo\/image\/"},"sameAs":["https:\/\/www.facebook.com\/eettinenluksus","https:\/\/www.instagram.com\/eettinenluksus\/"]}]},"og_availability":"instock","product_availability":"instock","product_condition":"new"},"_links":{"self":[{"href":"https:\/\/eettinenluksus.fi\/shop\/en\/wp-json\/wp\/v2\/product\/627","targetHints":{"allow":["GET"]}}],"collection":[{"href":"https:\/\/eettinenluksus.fi\/shop\/en\/wp-json\/wp\/v2\/product"}],"about":[{"href":"https:\/\/eettinenluksus.fi\/shop\/en\/wp-json\/wp\/v2\/types\/product"}],"version-history":[{"count":9,"href":"https:\/\/eettinenluksus.fi\/shop\/en\/wp-json\/wp\/v2\/product\/627\/revisions"}],"predecessor-version":[{"id":4329,"href":"https:\/\/eettinenluksus.fi\/shop\/en\/wp-json\/wp\/v2\/product\/627\/revisions\/4329"}],"wp:featuredmedia":[{"embeddable":true,"href":"https:\/\/eettinenluksus.fi\/shop\/en\/wp-json\/wp\/v2\/media\/4165"}],"wp:attachment":[{"href":"https:\/\/eettinenluksus.fi\/shop\/en\/wp-json\/wp\/v2\/media?parent=627"}],"wp:term":[{"taxonomy":"product_brand","embeddable":true,"href":"https:\/\/eettinenluksus.fi\/shop\/en\/wp-json\/wp\/v2\/product_brand?post=627"},{"taxonomy":"product_cat","embeddable":true,"href":"https:\/\/eettinenluksus.fi\/shop\/en\/wp-json\/wp\/v2\/product_cat?post=627"},{"taxonomy":"product_tag","embeddable":true,"href":"https:\/\/eettinenluksus.fi\/shop\/en\/wp-json\/wp\/v2\/product_tag?post=627"}],"curies":[{"name":"wp","href":"https:\/\/api.w.org\/{rel}","templated":true}]}}