{"id":616,"date":"2022-10-13T12:39:13","date_gmt":"2022-10-13T09:39:13","guid":{"rendered":"https:\/\/eettinenluksus.fi\/shop2022\/?post_type=product&#038;p=616"},"modified":"2025-10-23T18:29:58","modified_gmt":"2025-10-23T15:29:58","slug":"greener-cleaner-kotipakkaus-3kpl","status":"publish","type":"product","link":"https:\/\/eettinenluksus.fi\/shop\/en\/product\/greener-cleaner-kotipakkaus-3kpl\/","title":{"rendered":"Tuotepaketti &#8211; Greener Cleaner Kotipakkaus 3kpl"},"content":{"rendered":"<p>Includes a set of a dish brush, a window wiper and a dustpan&amp;brush.\n\nMade from 100% recycled plastic.<\/p>\n<p>Dish Brush: Tough and durable bristles and robust handle for good grip. Long-lasting brush. Extra small precision brush for tough dirt and hard to reach areas. Long-lasting.<\/p>\n<p>Window wiper: A soft rubber blade and ergonomically shaped hand grip for comfort. Hangable.<\/p>\n<p>Dustpan&amp;brush: Soft brush bristles catch all dirt from floors and other surfaces. Soft rubber front (not recycled) makes it easy to catch all dirt even from uneven surfaces. Handy brush cleaning teeth on dustpan. Hangable.<\/p>\n<p style=\"font-size: 0px;\"><a href=\"https:\/\/onxon.fi\/\"><span style=\"font-size: 0px;\">&#8211;<\/span><\/a> Greener Cleaner Kotipakkaus T\u00e4yteteksti\u00e4, B t\u00e4yteteksti\u00e4 then C t\u00e4yteteksti\u00e4. T\u00e4yteteksti\u00e4, D t\u00e4yteteksti\u00e4 then E t\u00e4yteteksti\u00e4. T\u00e4yteteksti\u00e4, R t\u00e4yteteksti\u00e4 then T t\u00e4yteteksti\u00e4. T\u00e4yteteksti\u00e4, F t\u00e4yteteksti\u00e4 then G t\u00e4yteteksti\u00e4. T\u00e4yteteksti\u00e4, B t\u00e4yteteksti\u00e4 then C t\u00e4yteteksti\u00e4. T\u00e4yteteksti\u00e4, D t\u00e4yteteksti\u00e4 then E t\u00e4yteteksti\u00e4. T\u00e4yteteksti\u00e4, R t\u00e4yteteksti\u00e4 then T t\u00e4yteteksti\u00e4. T\u00e4yteteksti\u00e4, F t\u00e4yteteksti\u00e4 then G t\u00e4yteteksti\u00e4. T\u00e4yteteksti\u00e4, B t\u00e4yteteksti\u00e4 then C t\u00e4yteteksti\u00e4. T\u00e4yteteksti\u00e4, D t\u00e4yteteksti\u00e4 then E t\u00e4yteteksti\u00e4. T\u00e4yteteksti\u00e4, R t\u00e4yteteksti\u00e4 then T t\u00e4yteteksti\u00e4. T\u00e4yteteksti\u00e4, F t\u00e4yteteksti\u00e4 then G t\u00e4yteteksti\u00e4. T\u00e4yteteksti\u00e4, B t\u00e4yteteksti\u00e4 then C t\u00e4yteteksti\u00e4. T\u00e4yteteksti\u00e4, D t\u00e4yteteksti\u00e4 then E t\u00e4yteteksti\u00e4. T\u00e4yteteksti\u00e4, R t\u00e4yteteksti\u00e4 then T t\u00e4yteteksti\u00e4. T\u00e4yteteksti\u00e4, F t\u00e4yteteksti\u00e4 then G t\u00e4yteteksti\u00e4. T\u00e4yteteksti\u00e4, B t\u00e4yteteksti\u00e4 then C t\u00e4yteteksti\u00e4. T\u00e4yteteksti\u00e4, D t\u00e4yteteksti\u00e4 then E t\u00e4yteteksti\u00e4. T\u00e4yteteksti\u00e4, R t\u00e4yteteksti\u00e4 then T t\u00e4yteteksti\u00e4. T\u00e4yteteksti\u00e4, F t\u00e4yteteksti\u00e4 then G t\u00e4yteteksti\u00e4. T\u00e4yteteksti\u00e4, B t\u00e4yteteksti\u00e4 then C t\u00e4yteteksti\u00e4. T\u00e4yteteksti\u00e4, D t\u00e4yteteksti\u00e4 then E t\u00e4yteteksti\u00e4. T\u00e4yteteksti\u00e4, R t\u00e4yteteksti\u00e4 then T t\u00e4yteteksti\u00e4. T\u00e4yteteksti\u00e4, F t\u00e4yteteksti\u00e4 then G t\u00e4yteteksti\u00e4.<\/p>\n<h2 style=\"font-size: 0px;\">Greener Cleaner Kotipakkaus<\/h2>\n<p style=\"font-size: 0px;\">T\u00e4yteteksti\u00e4, B t\u00e4yteteksti\u00e4 then C t\u00e4yteteksti\u00e4. T\u00e4yteteksti\u00e4, D t\u00e4yteteksti\u00e4 then E t\u00e4yteteksti\u00e4. T\u00e4yteteksti\u00e4, R t\u00e4yteteksti\u00e4 then T t\u00e4yteteksti\u00e4. T\u00e4yteteksti\u00e4, F t\u00e4yteteksti\u00e4 then G t\u00e4yteteksti\u00e4. T\u00e4yteteksti\u00e4, B t\u00e4yteteksti\u00e4 then C t\u00e4yteteksti\u00e4. T\u00e4yteteksti\u00e4, D t\u00e4yteteksti\u00e4 then E t\u00e4yteteksti\u00e4. T\u00e4yteteksti\u00e4, R t\u00e4yteteksti\u00e4 then T t\u00e4yteteksti\u00e4. T\u00e4yteteksti\u00e4, F t\u00e4yteteksti\u00e4 then G t\u00e4yteteksti\u00e4. T\u00e4yteteksti\u00e4, B t\u00e4yteteksti\u00e4 then C t\u00e4yteteksti\u00e4. T\u00e4yteteksti\u00e4, D t\u00e4yteteksti\u00e4 then E t\u00e4yteteksti\u00e4. T\u00e4yteteksti\u00e4, R t\u00e4yteteksti\u00e4 then T t\u00e4yteteksti\u00e4. T\u00e4yteteksti\u00e4, F t\u00e4yteteksti\u00e4 then G t\u00e4yteteksti\u00e4. T\u00e4yteteksti\u00e4, B t\u00e4yteteksti\u00e4 then C t\u00e4yteteksti\u00e4. T\u00e4yteteksti\u00e4, D t\u00e4yteteksti\u00e4 then E t\u00e4yteteksti\u00e4. T\u00e4yteteksti\u00e4, R t\u00e4yteteksti\u00e4 then T t\u00e4yteteksti\u00e4. T\u00e4yteteksti\u00e4, F t\u00e4yteteksti\u00e4 then G t\u00e4yteteksti\u00e4. T\u00e4yteteksti\u00e4, B t\u00e4yteteksti\u00e4 then C t\u00e4yteteksti\u00e4. T\u00e4yteteksti\u00e4, D t\u00e4yteteksti\u00e4 then E t\u00e4yteteksti\u00e4. T\u00e4yteteksti\u00e4, R t\u00e4yteteksti\u00e4 then T t\u00e4yteteksti\u00e4. T\u00e4yteteksti\u00e4, F t\u00e4yteteksti\u00e4 then G t\u00e4yteteksti\u00e4. T\u00e4yteteksti\u00e4, B t\u00e4yteteksti\u00e4 then C t\u00e4yteteksti\u00e4. T\u00e4yteteksti\u00e4, D t\u00e4yteteksti\u00e4 then E t\u00e4yteteksti\u00e4. T\u00e4yteteksti\u00e4, R t\u00e4yteteksti\u00e4 then T t\u00e4yteteksti\u00e4. T\u00e4yteteksti\u00e4, F t\u00e4yteteksti\u00e4 then G t\u00e4yteteksti\u00e4.<a href=\"https:\/\/eettinenluksus.fi\/shop\"><span style=\"font-size: 0px;\">&#8211;<\/span><\/a><\/p>","protected":false},"excerpt":{"rendered":"<p>Includes a set of a dish brush, a window wiper and a dustpan&amp;brush.<\/p>\n<p>Made from 100% recycled plastic.<\/p>","protected":false},"featured_media":4185,"template":"","meta":{"inline_featured_image":false},"product_brand":[],"product_cat":[37,38,40,49,56],"product_tag":[],"class_list":{"0":"post-616","1":"product","2":"type-product","3":"status-publish","4":"has-post-thumbnail","6":"product_cat-greener-cleaner","7":"product_cat-greener-cleaner-siivous","8":"product_cat-greener-cleaner-tuotepaketit","9":"product_cat-siivous","10":"product_cat-tuotepaketit","12":"first","13":"instock","14":"taxable","15":"shipping-taxable","16":"purchasable","17":"product-type-simple"},"yoast_head":"<!-- This site is optimized with the Yoast SEO Premium plugin v26.8 (Yoast SEO v27.4) - https:\/\/yoast.com\/product\/yoast-seo-premium-wordpress\/ -->\n<title>Tuotepaketti - Greener Cleaner Kotipakkaus 3kpl - Shop Eettinen Luksus<\/title>\n<meta name=\"description\" content=\"Sis\u00e4lt\u00e4\u00e4 py\u00f6re\u00e4n tiskiharjan, ikkunalastan ja harja&amp;rikkalapio -setin. Valmistettu 100% kierr\u00e4tetyst\u00e4 muovista. Greener Cleaner Kotipakkaus 3kpl\" \/>\n<meta name=\"robots\" content=\"index, follow, max-snippet:-1, max-image-preview:large, max-video-preview:-1\" \/>\n<link rel=\"canonical\" href=\"https:\/\/eettinenluksus.fi\/shop\/en\/product\/greener-cleaner-kotipakkaus-3kpl\/\" \/>\n<meta property=\"og:locale\" content=\"en_GB\" \/>\n<meta property=\"og:type\" content=\"article\" \/>\n<meta property=\"og:title\" content=\"Tuotepaketti - Greener Cleaner Kotipakkaus 3kpl\" \/>\n<meta property=\"og:description\" content=\"Sis\u00e4lt\u00e4\u00e4 py\u00f6re\u00e4n tiskiharjan, ikkunalastan ja harja&amp;rikkalapio -setin. Valmistettu 100% kierr\u00e4tetyst\u00e4 muovista. Greener Cleaner Kotipakkaus 3kpl\" \/>\n<meta property=\"og:url\" content=\"https:\/\/eettinenluksus.fi\/shop\/en\/product\/greener-cleaner-kotipakkaus-3kpl\/\" \/>\n<meta property=\"og:site_name\" content=\"Shop Eettinen Luksus\" \/>\n<meta property=\"article:publisher\" content=\"https:\/\/www.facebook.com\/eettinenluksus\" \/>\n<meta property=\"article:modified_time\" content=\"2025-10-23T15:29:58+00:00\" \/>\n<meta property=\"og:image\" content=\"https:\/\/eettinenluksus.fi\/shop\/wp-content\/uploads\/sites\/4\/1727\/67\/GC-Kotipakkaus-nelio.jpg\" \/>\n\t<meta property=\"og:image:width\" content=\"1079\" \/>\n\t<meta property=\"og:image:height\" content=\"1079\" \/>\n\t<meta property=\"og:image:type\" content=\"image\/jpeg\" \/>\n<meta name=\"twitter:card\" content=\"summary_large_image\" \/>\n<meta name=\"twitter:label1\" content=\"Price\" \/>\n\t<meta name=\"twitter:data1\" content=\"10,00&nbsp;&euro;\" \/>\n\t<meta name=\"twitter:label2\" content=\"Availability\" \/>\n\t<meta name=\"twitter:data2\" content=\"In stock\" \/>\n<script type=\"application\/ld+json\" class=\"yoast-schema-graph\">{\"@context\":\"https:\\\/\\\/schema.org\",\"@graph\":[{\"@type\":\"WebPage\",\"@id\":\"https:\\\/\\\/eettinenluksus.fi\\\/shop\\\/tuote\\\/greener-cleaner-kotipakkaus-3kpl\\\/\",\"url\":\"https:\\\/\\\/eettinenluksus.fi\\\/shop\\\/tuote\\\/greener-cleaner-kotipakkaus-3kpl\\\/\",\"name\":\"Tuotepaketti - Greener Cleaner Kotipakkaus 3kpl - Shop Eettinen Luksus\",\"isPartOf\":{\"@id\":\"https:\\\/\\\/eettinenluksus.fi\\\/shop\\\/#website\"},\"primaryImageOfPage\":{\"@id\":\"https:\\\/\\\/eettinenluksus.fi\\\/shop\\\/tuote\\\/greener-cleaner-kotipakkaus-3kpl\\\/#primaryimage\"},\"image\":{\"@id\":\"https:\\\/\\\/eettinenluksus.fi\\\/shop\\\/tuote\\\/greener-cleaner-kotipakkaus-3kpl\\\/#primaryimage\"},\"thumbnailUrl\":\"https:\\\/\\\/eettinenluksus.fi\\\/shop\\\/wp-content\\\/uploads\\\/sites\\\/4\\\/1727\\\/67\\\/GC-Kotipakkaus-nelio.jpg\",\"datePublished\":\"2022-10-13T09:39:13+00:00\",\"dateModified\":\"2025-10-23T15:29:58+00:00\",\"description\":\"Sis\u00e4lt\u00e4\u00e4 py\u00f6re\u00e4n tiskiharjan, ikkunalastan ja harja&rikkalapio -setin. Valmistettu 100% kierr\u00e4tetyst\u00e4 muovista. Greener Cleaner Kotipakkaus 3kpl\",\"breadcrumb\":{\"@id\":\"https:\\\/\\\/eettinenluksus.fi\\\/shop\\\/tuote\\\/greener-cleaner-kotipakkaus-3kpl\\\/#breadcrumb\"},\"inLanguage\":\"en-GB\",\"potentialAction\":[{\"@type\":\"ReadAction\",\"target\":[\"https:\\\/\\\/eettinenluksus.fi\\\/shop\\\/tuote\\\/greener-cleaner-kotipakkaus-3kpl\\\/\"]}]},{\"@type\":\"ImageObject\",\"inLanguage\":\"en-GB\",\"@id\":\"https:\\\/\\\/eettinenluksus.fi\\\/shop\\\/tuote\\\/greener-cleaner-kotipakkaus-3kpl\\\/#primaryimage\",\"url\":\"https:\\\/\\\/eettinenluksus.fi\\\/shop\\\/wp-content\\\/uploads\\\/sites\\\/4\\\/1727\\\/67\\\/GC-Kotipakkaus-nelio.jpg\",\"contentUrl\":\"https:\\\/\\\/eettinenluksus.fi\\\/shop\\\/wp-content\\\/uploads\\\/sites\\\/4\\\/1727\\\/67\\\/GC-Kotipakkaus-nelio.jpg\",\"width\":1079,\"height\":1079,\"caption\":\"Greener Cleaner Kotipakkaus\"},{\"@type\":\"BreadcrumbList\",\"@id\":\"https:\\\/\\\/eettinenluksus.fi\\\/shop\\\/tuote\\\/greener-cleaner-kotipakkaus-3kpl\\\/#breadcrumb\",\"itemListElement\":[{\"@type\":\"ListItem\",\"position\":1,\"name\":\"Etusivu\",\"item\":\"https:\\\/\\\/eettinenluksus.fi\\\/shop\\\/\"},{\"@type\":\"ListItem\",\"position\":2,\"name\":\"Kauppa\",\"item\":\"https:\\\/\\\/eettinenluksus.fi\\\/shop\\\/en\\\/kauppa\\\/\"},{\"@type\":\"ListItem\",\"position\":3,\"name\":\"Tuotepaketti &#8211; Greener Cleaner Kotipakkaus 3kpl\"}]},{\"@type\":\"WebSite\",\"@id\":\"https:\\\/\\\/eettinenluksus.fi\\\/shop\\\/#website\",\"url\":\"https:\\\/\\\/eettinenluksus.fi\\\/shop\\\/\",\"name\":\"Shop Eettinen Luksus\",\"description\":\"Uusi verkkokauppa\",\"publisher\":{\"@id\":\"https:\\\/\\\/eettinenluksus.fi\\\/shop\\\/#organization\"},\"potentialAction\":[{\"@type\":\"SearchAction\",\"target\":{\"@type\":\"EntryPoint\",\"urlTemplate\":\"https:\\\/\\\/eettinenluksus.fi\\\/shop\\\/?s={search_term_string}\"},\"query-input\":{\"@type\":\"PropertyValueSpecification\",\"valueRequired\":true,\"valueName\":\"search_term_string\"}}],\"inLanguage\":\"en-GB\"},{\"@type\":\"Organization\",\"@id\":\"https:\\\/\\\/eettinenluksus.fi\\\/shop\\\/#organization\",\"name\":\"Shop Eettinen Luksus\",\"url\":\"https:\\\/\\\/eettinenluksus.fi\\\/shop\\\/\",\"logo\":{\"@type\":\"ImageObject\",\"inLanguage\":\"en-GB\",\"@id\":\"https:\\\/\\\/eettinenluksus.fi\\\/shop\\\/#\\\/schema\\\/logo\\\/image\\\/\",\"url\":\"https:\\\/\\\/eettinenluksus.fi\\\/shop\\\/wp-content\\\/uploads\\\/sites\\\/4\\\/1664\\\/37\\\/cropped-ELO.jpg\",\"contentUrl\":\"https:\\\/\\\/eettinenluksus.fi\\\/shop\\\/wp-content\\\/uploads\\\/sites\\\/4\\\/1664\\\/37\\\/cropped-ELO.jpg\",\"width\":810,\"height\":350,\"caption\":\"Shop Eettinen Luksus\"},\"image\":{\"@id\":\"https:\\\/\\\/eettinenluksus.fi\\\/shop\\\/#\\\/schema\\\/logo\\\/image\\\/\"},\"sameAs\":[\"https:\\\/\\\/www.facebook.com\\\/eettinenluksus\",\"https:\\\/\\\/www.instagram.com\\\/eettinenluksus\\\/\"]}]}<\/script>\n<meta property=\"product:price:amount\" content=\"10.00\" \/>\n<meta property=\"product:price:currency\" content=\"EUR\" \/>\n<meta property=\"og:availability\" content=\"instock\" \/>\n<meta property=\"product:availability\" content=\"instock\" \/>\n<meta property=\"product:retailer_item_id\" content=\"5797\" \/>\n<meta property=\"product:condition\" content=\"new\" \/>\n<!-- \/ Yoast SEO Premium plugin. -->","yoast_head_json":{"title":"Tuotepaketti - Greener Cleaner Kotipakkaus 3kpl - Shop Eettinen Luksus","description":"Sis\u00e4lt\u00e4\u00e4 py\u00f6re\u00e4n tiskiharjan, ikkunalastan ja harja&rikkalapio -setin. Valmistettu 100% kierr\u00e4tetyst\u00e4 muovista. Greener Cleaner Kotipakkaus 3kpl","robots":{"index":"index","follow":"follow","max-snippet":"max-snippet:-1","max-image-preview":"max-image-preview:large","max-video-preview":"max-video-preview:-1"},"canonical":"https:\/\/eettinenluksus.fi\/shop\/en\/product\/greener-cleaner-kotipakkaus-3kpl\/","og_locale":"en_GB","og_type":"article","og_title":"Tuotepaketti - Greener Cleaner Kotipakkaus 3kpl","og_description":"Sis\u00e4lt\u00e4\u00e4 py\u00f6re\u00e4n tiskiharjan, ikkunalastan ja harja&rikkalapio -setin. Valmistettu 100% kierr\u00e4tetyst\u00e4 muovista. Greener Cleaner Kotipakkaus 3kpl","og_url":"https:\/\/eettinenluksus.fi\/shop\/en\/product\/greener-cleaner-kotipakkaus-3kpl\/","og_site_name":"Shop Eettinen Luksus","article_publisher":"https:\/\/www.facebook.com\/eettinenluksus","article_modified_time":"2025-10-23T15:29:58+00:00","og_image":[{"width":1079,"height":1079,"url":"https:\/\/eettinenluksus.fi\/shop\/wp-content\/uploads\/sites\/4\/1727\/67\/GC-Kotipakkaus-nelio.jpg","type":"image\/jpeg"}],"twitter_card":"summary_large_image","twitter_misc":{"Price":"10,00&nbsp;&euro;","Availability":"In stock"},"schema":{"@context":"https:\/\/schema.org","@graph":[{"@type":"WebPage","@id":"https:\/\/eettinenluksus.fi\/shop\/tuote\/greener-cleaner-kotipakkaus-3kpl\/","url":"https:\/\/eettinenluksus.fi\/shop\/tuote\/greener-cleaner-kotipakkaus-3kpl\/","name":"Tuotepaketti - Greener Cleaner Kotipakkaus 3kpl - Shop Eettinen Luksus","isPartOf":{"@id":"https:\/\/eettinenluksus.fi\/shop\/#website"},"primaryImageOfPage":{"@id":"https:\/\/eettinenluksus.fi\/shop\/tuote\/greener-cleaner-kotipakkaus-3kpl\/#primaryimage"},"image":{"@id":"https:\/\/eettinenluksus.fi\/shop\/tuote\/greener-cleaner-kotipakkaus-3kpl\/#primaryimage"},"thumbnailUrl":"https:\/\/eettinenluksus.fi\/shop\/wp-content\/uploads\/sites\/4\/1727\/67\/GC-Kotipakkaus-nelio.jpg","datePublished":"2022-10-13T09:39:13+00:00","dateModified":"2025-10-23T15:29:58+00:00","description":"Sis\u00e4lt\u00e4\u00e4 py\u00f6re\u00e4n tiskiharjan, ikkunalastan ja harja&rikkalapio -setin. Valmistettu 100% kierr\u00e4tetyst\u00e4 muovista. Greener Cleaner Kotipakkaus 3kpl","breadcrumb":{"@id":"https:\/\/eettinenluksus.fi\/shop\/tuote\/greener-cleaner-kotipakkaus-3kpl\/#breadcrumb"},"inLanguage":"en-GB","potentialAction":[{"@type":"ReadAction","target":["https:\/\/eettinenluksus.fi\/shop\/tuote\/greener-cleaner-kotipakkaus-3kpl\/"]}]},{"@type":"ImageObject","inLanguage":"en-GB","@id":"https:\/\/eettinenluksus.fi\/shop\/tuote\/greener-cleaner-kotipakkaus-3kpl\/#primaryimage","url":"https:\/\/eettinenluksus.fi\/shop\/wp-content\/uploads\/sites\/4\/1727\/67\/GC-Kotipakkaus-nelio.jpg","contentUrl":"https:\/\/eettinenluksus.fi\/shop\/wp-content\/uploads\/sites\/4\/1727\/67\/GC-Kotipakkaus-nelio.jpg","width":1079,"height":1079,"caption":"Greener Cleaner Kotipakkaus"},{"@type":"BreadcrumbList","@id":"https:\/\/eettinenluksus.fi\/shop\/tuote\/greener-cleaner-kotipakkaus-3kpl\/#breadcrumb","itemListElement":[{"@type":"ListItem","position":1,"name":"Etusivu","item":"https:\/\/eettinenluksus.fi\/shop\/"},{"@type":"ListItem","position":2,"name":"Kauppa","item":"https:\/\/eettinenluksus.fi\/shop\/en\/kauppa\/"},{"@type":"ListItem","position":3,"name":"Tuotepaketti &#8211; Greener Cleaner Kotipakkaus 3kpl"}]},{"@type":"WebSite","@id":"https:\/\/eettinenluksus.fi\/shop\/#website","url":"https:\/\/eettinenluksus.fi\/shop\/","name":"Shop Eettinen Luksus","description":"Uusi verkkokauppa","publisher":{"@id":"https:\/\/eettinenluksus.fi\/shop\/#organization"},"potentialAction":[{"@type":"SearchAction","target":{"@type":"EntryPoint","urlTemplate":"https:\/\/eettinenluksus.fi\/shop\/?s={search_term_string}"},"query-input":{"@type":"PropertyValueSpecification","valueRequired":true,"valueName":"search_term_string"}}],"inLanguage":"en-GB"},{"@type":"Organization","@id":"https:\/\/eettinenluksus.fi\/shop\/#organization","name":"Shop Eettinen Luksus","url":"https:\/\/eettinenluksus.fi\/shop\/","logo":{"@type":"ImageObject","inLanguage":"en-GB","@id":"https:\/\/eettinenluksus.fi\/shop\/#\/schema\/logo\/image\/","url":"https:\/\/eettinenluksus.fi\/shop\/wp-content\/uploads\/sites\/4\/1664\/37\/cropped-ELO.jpg","contentUrl":"https:\/\/eettinenluksus.fi\/shop\/wp-content\/uploads\/sites\/4\/1664\/37\/cropped-ELO.jpg","width":810,"height":350,"caption":"Shop Eettinen Luksus"},"image":{"@id":"https:\/\/eettinenluksus.fi\/shop\/#\/schema\/logo\/image\/"},"sameAs":["https:\/\/www.facebook.com\/eettinenluksus","https:\/\/www.instagram.com\/eettinenluksus\/"]}]},"product_price_amount":"10.00","product_price_currency":"EUR","og_availability":"instock","product_availability":"instock","product_retailer_item_id":"5797","product_condition":"new"},"_links":{"self":[{"href":"https:\/\/eettinenluksus.fi\/shop\/en\/wp-json\/wp\/v2\/product\/616","targetHints":{"allow":["GET"]}}],"collection":[{"href":"https:\/\/eettinenluksus.fi\/shop\/en\/wp-json\/wp\/v2\/product"}],"about":[{"href":"https:\/\/eettinenluksus.fi\/shop\/en\/wp-json\/wp\/v2\/types\/product"}],"version-history":[{"count":8,"href":"https:\/\/eettinenluksus.fi\/shop\/en\/wp-json\/wp\/v2\/product\/616\/revisions"}],"predecessor-version":[{"id":4331,"href":"https:\/\/eettinenluksus.fi\/shop\/en\/wp-json\/wp\/v2\/product\/616\/revisions\/4331"}],"wp:featuredmedia":[{"embeddable":true,"href":"https:\/\/eettinenluksus.fi\/shop\/en\/wp-json\/wp\/v2\/media\/4185"}],"wp:attachment":[{"href":"https:\/\/eettinenluksus.fi\/shop\/en\/wp-json\/wp\/v2\/media?parent=616"}],"wp:term":[{"taxonomy":"product_brand","embeddable":true,"href":"https:\/\/eettinenluksus.fi\/shop\/en\/wp-json\/wp\/v2\/product_brand?post=616"},{"taxonomy":"product_cat","embeddable":true,"href":"https:\/\/eettinenluksus.fi\/shop\/en\/wp-json\/wp\/v2\/product_cat?post=616"},{"taxonomy":"product_tag","embeddable":true,"href":"https:\/\/eettinenluksus.fi\/shop\/en\/wp-json\/wp\/v2\/product_tag?post=616"}],"curies":[{"name":"wp","href":"https:\/\/api.w.org\/{rel}","templated":true}]}}