{"id":5366,"date":"2026-02-17T11:59:45","date_gmt":"2026-02-17T09:59:45","guid":{"rendered":"https:\/\/eettinenluksus.fi\/shop\/?post_type=product&#038;p=5366"},"modified":"2026-02-17T11:59:46","modified_gmt":"2026-02-17T09:59:46","slug":"method-hoitoaine-daily-zen-350ml","status":"publish","type":"product","link":"https:\/\/eettinenluksus.fi\/shop\/en\/product\/method-hoitoaine-daily-zen-350ml\/","title":{"rendered":"Method Conditioner - Daily Zen 350ml"},"content":{"rendered":"<p style=\"font-size: 0px;\">Method Body wash Pure Peace 532ml<\/p>\n<p>have a good hair yay<\/p>\n<p>turn everyday into spa day with this lightweight conditioner that\u2019s infused with cucumber, seaweed + green tea. designed to leave your hair smelling + feeling like nirvana. lather with imagination, never sulphates or parabens. pssst... pair with our matching shampoo + try our daily zen body wash to step out of the shower hair to toe smelling like a zen master.\u202f\u200b \u200b<\/p>\n<p><span style=\"font-size: 16px;\">Bottle (minus cap) made from 85% post-consumer recycled plastic.\u00a0<\/span>Dermatologically tested. Leaping bunny cruelty free programme.<\/p>\n<ul style=\"font-size: 0px;\">\n<li>Method Body wash Pure Peace 532ml<\/li>\n<li>pioni, ruusuvesi, merisuola<\/li>\n<li>pure peace<\/li>\n<li>mielenrauha<\/li>\n<\/ul>","protected":false},"excerpt":{"rendered":"<p>Hair Conditioner for daily use<\/p>\n<p>detox your \u2018do with a fresh infusion of cucumber, seaweed + green tea. take your shower from sad sprinkler to soothing sauna, breathe in + say spaaaaaahhh.\u202f\u200b<\/p>","protected":false},"featured_media":5337,"template":"","meta":{"inline_featured_image":false},"product_brand":[],"product_cat":[123,17,430,338],"product_tag":[348,70,350,347,346,351,345,434,433,435,327],"class_list":{"0":"post-5366","1":"product","2":"type-product","3":"status-publish","4":"has-post-thumbnail","6":"product_cat-hyvinvointi","7":"product_cat-method","8":"product_cat-hiustenhoito","9":"product_cat-vartalonpesu","10":"product_tag-cucumber","11":"product_tag-ekologinen","12":"product_tag-green-tea","13":"product_tag-kierratetty","14":"product_tag-kierratysmuovi","15":"product_tag-kurkku","16":"product_tag-leaping-bunny","17":"product_tag-merileva","18":"product_tag-seaweed","19":"product_tag-shampoo","20":"product_tag-vihrea-tee","22":"first","23":"instock","24":"taxable","25":"shipping-taxable","26":"purchasable","27":"product-type-simple"},"yoast_head":"<!-- This site is optimized with the Yoast SEO Premium plugin v26.8 (Yoast SEO v27.3) - https:\/\/yoast.com\/product\/yoast-seo-premium-wordpress\/ -->\n<title>Method Hoitoaine Daily Zen 350ml - Shop Eettinen Luksus<\/title>\n<meta name=\"description\" content=\"Tee jokaisesta p\u00e4iv\u00e4st\u00e4 kylpyl\u00e4p\u00e4iv\u00e4 t\u00e4ll\u00e4 kevyell\u00e4 hoitoaineella, joka sis\u00e4lt\u00e4\u00e4 kurkkua, merilev\u00e4\u00e4 ja vihre\u00e4\u00e4 teet\u00e4.\" \/>\n<meta name=\"robots\" content=\"index, follow, max-snippet:-1, max-image-preview:large, max-video-preview:-1\" \/>\n<link rel=\"canonical\" href=\"https:\/\/eettinenluksus.fi\/shop\/en\/product\/method-hoitoaine-daily-zen-350ml\/\" \/>\n<meta property=\"og:locale\" content=\"en_GB\" \/>\n<meta property=\"og:type\" content=\"article\" \/>\n<meta property=\"og:title\" content=\"Method Hoitoaine Daily Zen 350ml\" \/>\n<meta property=\"og:description\" content=\"Tee jokaisesta p\u00e4iv\u00e4st\u00e4 kylpyl\u00e4p\u00e4iv\u00e4 t\u00e4ll\u00e4 kevyell\u00e4 hoitoaineella, joka sis\u00e4lt\u00e4\u00e4 kurkkua, merilev\u00e4\u00e4 ja vihre\u00e4\u00e4 teet\u00e4.\" \/>\n<meta property=\"og:url\" content=\"https:\/\/eettinenluksus.fi\/shop\/en\/product\/method-hoitoaine-daily-zen-350ml\/\" \/>\n<meta property=\"og:site_name\" content=\"Shop Eettinen Luksus\" \/>\n<meta property=\"article:publisher\" content=\"https:\/\/www.facebook.com\/eettinenluksus\" \/>\n<meta property=\"article:modified_time\" content=\"2026-02-17T09:59:46+00:00\" \/>\n<meta property=\"og:image\" content=\"https:\/\/eettinenluksus.fi\/shop\/wp-content\/uploads\/sites\/4\/2026\/02\/2011544_MTD_COND_DailyZen_0.35L_EN_FOP-scaled.webp\" \/>\n\t<meta property=\"og:image:width\" content=\"2560\" \/>\n\t<meta property=\"og:image:height\" content=\"2560\" \/>\n\t<meta property=\"og:image:type\" content=\"image\/webp\" \/>\n<meta name=\"twitter:card\" content=\"summary_large_image\" \/>\n<meta name=\"twitter:label1\" content=\"Price\" \/>\n\t<meta name=\"twitter:data1\" content=\"12,80&nbsp;&euro;\" \/>\n\t<meta name=\"twitter:label2\" content=\"Availability\" \/>\n\t<meta name=\"twitter:data2\" content=\"In stock\" \/>\n<script type=\"application\/ld+json\" class=\"yoast-schema-graph\">{\"@context\":\"https:\\\/\\\/schema.org\",\"@graph\":[{\"@type\":\"WebPage\",\"@id\":\"https:\\\/\\\/eettinenluksus.fi\\\/shop\\\/tuote\\\/method-hoitoaine-daily-zen-350ml\\\/\",\"url\":\"https:\\\/\\\/eettinenluksus.fi\\\/shop\\\/tuote\\\/method-hoitoaine-daily-zen-350ml\\\/\",\"name\":\"Method Hoitoaine Daily Zen 350ml - Shop Eettinen Luksus\",\"isPartOf\":{\"@id\":\"https:\\\/\\\/eettinenluksus.fi\\\/shop\\\/#website\"},\"primaryImageOfPage\":{\"@id\":\"https:\\\/\\\/eettinenluksus.fi\\\/shop\\\/tuote\\\/method-hoitoaine-daily-zen-350ml\\\/#primaryimage\"},\"image\":{\"@id\":\"https:\\\/\\\/eettinenluksus.fi\\\/shop\\\/tuote\\\/method-hoitoaine-daily-zen-350ml\\\/#primaryimage\"},\"thumbnailUrl\":\"https:\\\/\\\/eettinenluksus.fi\\\/shop\\\/wp-content\\\/uploads\\\/sites\\\/4\\\/2026\\\/02\\\/2011544_MTD_COND_DailyZen_0.35L_EN_FOP-scaled.webp\",\"datePublished\":\"2026-02-17T09:59:45+00:00\",\"dateModified\":\"2026-02-17T09:59:46+00:00\",\"description\":\"Tee jokaisesta p\u00e4iv\u00e4st\u00e4 kylpyl\u00e4p\u00e4iv\u00e4 t\u00e4ll\u00e4 kevyell\u00e4 hoitoaineella, joka sis\u00e4lt\u00e4\u00e4 kurkkua, merilev\u00e4\u00e4 ja vihre\u00e4\u00e4 teet\u00e4.\",\"breadcrumb\":{\"@id\":\"https:\\\/\\\/eettinenluksus.fi\\\/shop\\\/tuote\\\/method-hoitoaine-daily-zen-350ml\\\/#breadcrumb\"},\"inLanguage\":\"en-GB\",\"potentialAction\":[{\"@type\":\"ReadAction\",\"target\":[\"https:\\\/\\\/eettinenluksus.fi\\\/shop\\\/tuote\\\/method-hoitoaine-daily-zen-350ml\\\/\"]}]},{\"@type\":\"ImageObject\",\"inLanguage\":\"en-GB\",\"@id\":\"https:\\\/\\\/eettinenluksus.fi\\\/shop\\\/tuote\\\/method-hoitoaine-daily-zen-350ml\\\/#primaryimage\",\"url\":\"https:\\\/\\\/eettinenluksus.fi\\\/shop\\\/wp-content\\\/uploads\\\/sites\\\/4\\\/2026\\\/02\\\/2011544_MTD_COND_DailyZen_0.35L_EN_FOP-scaled.webp\",\"contentUrl\":\"https:\\\/\\\/eettinenluksus.fi\\\/shop\\\/wp-content\\\/uploads\\\/sites\\\/4\\\/2026\\\/02\\\/2011544_MTD_COND_DailyZen_0.35L_EN_FOP-scaled.webp\",\"width\":2560,\"height\":2560},{\"@type\":\"BreadcrumbList\",\"@id\":\"https:\\\/\\\/eettinenluksus.fi\\\/shop\\\/tuote\\\/method-hoitoaine-daily-zen-350ml\\\/#breadcrumb\",\"itemListElement\":[{\"@type\":\"ListItem\",\"position\":1,\"name\":\"Etusivu\",\"item\":\"https:\\\/\\\/eettinenluksus.fi\\\/shop\\\/\"},{\"@type\":\"ListItem\",\"position\":2,\"name\":\"Kauppa\",\"item\":\"https:\\\/\\\/eettinenluksus.fi\\\/shop\\\/en\\\/kauppa\\\/\"},{\"@type\":\"ListItem\",\"position\":3,\"name\":\"Method Hoitoaine Daily Zen 350ml\"}]},{\"@type\":\"WebSite\",\"@id\":\"https:\\\/\\\/eettinenluksus.fi\\\/shop\\\/#website\",\"url\":\"https:\\\/\\\/eettinenluksus.fi\\\/shop\\\/\",\"name\":\"Shop Eettinen Luksus\",\"description\":\"Uusi verkkokauppa\",\"publisher\":{\"@id\":\"https:\\\/\\\/eettinenluksus.fi\\\/shop\\\/#organization\"},\"potentialAction\":[{\"@type\":\"SearchAction\",\"target\":{\"@type\":\"EntryPoint\",\"urlTemplate\":\"https:\\\/\\\/eettinenluksus.fi\\\/shop\\\/?s={search_term_string}\"},\"query-input\":{\"@type\":\"PropertyValueSpecification\",\"valueRequired\":true,\"valueName\":\"search_term_string\"}}],\"inLanguage\":\"en-GB\"},{\"@type\":\"Organization\",\"@id\":\"https:\\\/\\\/eettinenluksus.fi\\\/shop\\\/#organization\",\"name\":\"Shop Eettinen Luksus\",\"url\":\"https:\\\/\\\/eettinenluksus.fi\\\/shop\\\/\",\"logo\":{\"@type\":\"ImageObject\",\"inLanguage\":\"en-GB\",\"@id\":\"https:\\\/\\\/eettinenluksus.fi\\\/shop\\\/#\\\/schema\\\/logo\\\/image\\\/\",\"url\":\"https:\\\/\\\/eettinenluksus.fi\\\/shop\\\/wp-content\\\/uploads\\\/sites\\\/4\\\/1664\\\/37\\\/cropped-ELO.jpg\",\"contentUrl\":\"https:\\\/\\\/eettinenluksus.fi\\\/shop\\\/wp-content\\\/uploads\\\/sites\\\/4\\\/1664\\\/37\\\/cropped-ELO.jpg\",\"width\":810,\"height\":350,\"caption\":\"Shop Eettinen Luksus\"},\"image\":{\"@id\":\"https:\\\/\\\/eettinenluksus.fi\\\/shop\\\/#\\\/schema\\\/logo\\\/image\\\/\"},\"sameAs\":[\"https:\\\/\\\/www.facebook.com\\\/eettinenluksus\",\"https:\\\/\\\/www.instagram.com\\\/eettinenluksus\\\/\"]}]}<\/script>\n<meta property=\"product:price:amount\" content=\"12.80\" \/>\n<meta property=\"product:price:currency\" content=\"EUR\" \/>\n<meta property=\"og:availability\" content=\"instock\" \/>\n<meta property=\"product:availability\" content=\"instock\" \/>\n<meta property=\"product:retailer_item_id\" content=\"4006773\" \/>\n<meta property=\"product:condition\" content=\"new\" \/>\n<!-- \/ Yoast SEO Premium plugin. -->","yoast_head_json":{"title":"Method Hoitoaine Daily Zen 350ml - Shop Eettinen Luksus","description":"Tee jokaisesta p\u00e4iv\u00e4st\u00e4 kylpyl\u00e4p\u00e4iv\u00e4 t\u00e4ll\u00e4 kevyell\u00e4 hoitoaineella, joka sis\u00e4lt\u00e4\u00e4 kurkkua, merilev\u00e4\u00e4 ja vihre\u00e4\u00e4 teet\u00e4.","robots":{"index":"index","follow":"follow","max-snippet":"max-snippet:-1","max-image-preview":"max-image-preview:large","max-video-preview":"max-video-preview:-1"},"canonical":"https:\/\/eettinenluksus.fi\/shop\/en\/product\/method-hoitoaine-daily-zen-350ml\/","og_locale":"en_GB","og_type":"article","og_title":"Method Hoitoaine Daily Zen 350ml","og_description":"Tee jokaisesta p\u00e4iv\u00e4st\u00e4 kylpyl\u00e4p\u00e4iv\u00e4 t\u00e4ll\u00e4 kevyell\u00e4 hoitoaineella, joka sis\u00e4lt\u00e4\u00e4 kurkkua, merilev\u00e4\u00e4 ja vihre\u00e4\u00e4 teet\u00e4.","og_url":"https:\/\/eettinenluksus.fi\/shop\/en\/product\/method-hoitoaine-daily-zen-350ml\/","og_site_name":"Shop Eettinen Luksus","article_publisher":"https:\/\/www.facebook.com\/eettinenluksus","article_modified_time":"2026-02-17T09:59:46+00:00","og_image":[{"width":2560,"height":2560,"url":"https:\/\/eettinenluksus.fi\/shop\/wp-content\/uploads\/sites\/4\/2026\/02\/2011544_MTD_COND_DailyZen_0.35L_EN_FOP-scaled.webp","type":"image\/webp"}],"twitter_card":"summary_large_image","twitter_misc":{"Price":"12,80&nbsp;&euro;","Availability":"In stock"},"schema":{"@context":"https:\/\/schema.org","@graph":[{"@type":"WebPage","@id":"https:\/\/eettinenluksus.fi\/shop\/tuote\/method-hoitoaine-daily-zen-350ml\/","url":"https:\/\/eettinenluksus.fi\/shop\/tuote\/method-hoitoaine-daily-zen-350ml\/","name":"Method Hoitoaine Daily Zen 350ml - Shop Eettinen Luksus","isPartOf":{"@id":"https:\/\/eettinenluksus.fi\/shop\/#website"},"primaryImageOfPage":{"@id":"https:\/\/eettinenluksus.fi\/shop\/tuote\/method-hoitoaine-daily-zen-350ml\/#primaryimage"},"image":{"@id":"https:\/\/eettinenluksus.fi\/shop\/tuote\/method-hoitoaine-daily-zen-350ml\/#primaryimage"},"thumbnailUrl":"https:\/\/eettinenluksus.fi\/shop\/wp-content\/uploads\/sites\/4\/2026\/02\/2011544_MTD_COND_DailyZen_0.35L_EN_FOP-scaled.webp","datePublished":"2026-02-17T09:59:45+00:00","dateModified":"2026-02-17T09:59:46+00:00","description":"Tee jokaisesta p\u00e4iv\u00e4st\u00e4 kylpyl\u00e4p\u00e4iv\u00e4 t\u00e4ll\u00e4 kevyell\u00e4 hoitoaineella, joka sis\u00e4lt\u00e4\u00e4 kurkkua, merilev\u00e4\u00e4 ja vihre\u00e4\u00e4 teet\u00e4.","breadcrumb":{"@id":"https:\/\/eettinenluksus.fi\/shop\/tuote\/method-hoitoaine-daily-zen-350ml\/#breadcrumb"},"inLanguage":"en-GB","potentialAction":[{"@type":"ReadAction","target":["https:\/\/eettinenluksus.fi\/shop\/tuote\/method-hoitoaine-daily-zen-350ml\/"]}]},{"@type":"ImageObject","inLanguage":"en-GB","@id":"https:\/\/eettinenluksus.fi\/shop\/tuote\/method-hoitoaine-daily-zen-350ml\/#primaryimage","url":"https:\/\/eettinenluksus.fi\/shop\/wp-content\/uploads\/sites\/4\/2026\/02\/2011544_MTD_COND_DailyZen_0.35L_EN_FOP-scaled.webp","contentUrl":"https:\/\/eettinenluksus.fi\/shop\/wp-content\/uploads\/sites\/4\/2026\/02\/2011544_MTD_COND_DailyZen_0.35L_EN_FOP-scaled.webp","width":2560,"height":2560},{"@type":"BreadcrumbList","@id":"https:\/\/eettinenluksus.fi\/shop\/tuote\/method-hoitoaine-daily-zen-350ml\/#breadcrumb","itemListElement":[{"@type":"ListItem","position":1,"name":"Etusivu","item":"https:\/\/eettinenluksus.fi\/shop\/"},{"@type":"ListItem","position":2,"name":"Kauppa","item":"https:\/\/eettinenluksus.fi\/shop\/en\/kauppa\/"},{"@type":"ListItem","position":3,"name":"Method Hoitoaine Daily Zen 350ml"}]},{"@type":"WebSite","@id":"https:\/\/eettinenluksus.fi\/shop\/#website","url":"https:\/\/eettinenluksus.fi\/shop\/","name":"Shop Eettinen Luksus","description":"Uusi verkkokauppa","publisher":{"@id":"https:\/\/eettinenluksus.fi\/shop\/#organization"},"potentialAction":[{"@type":"SearchAction","target":{"@type":"EntryPoint","urlTemplate":"https:\/\/eettinenluksus.fi\/shop\/?s={search_term_string}"},"query-input":{"@type":"PropertyValueSpecification","valueRequired":true,"valueName":"search_term_string"}}],"inLanguage":"en-GB"},{"@type":"Organization","@id":"https:\/\/eettinenluksus.fi\/shop\/#organization","name":"Shop Eettinen Luksus","url":"https:\/\/eettinenluksus.fi\/shop\/","logo":{"@type":"ImageObject","inLanguage":"en-GB","@id":"https:\/\/eettinenluksus.fi\/shop\/#\/schema\/logo\/image\/","url":"https:\/\/eettinenluksus.fi\/shop\/wp-content\/uploads\/sites\/4\/1664\/37\/cropped-ELO.jpg","contentUrl":"https:\/\/eettinenluksus.fi\/shop\/wp-content\/uploads\/sites\/4\/1664\/37\/cropped-ELO.jpg","width":810,"height":350,"caption":"Shop Eettinen Luksus"},"image":{"@id":"https:\/\/eettinenluksus.fi\/shop\/#\/schema\/logo\/image\/"},"sameAs":["https:\/\/www.facebook.com\/eettinenluksus","https:\/\/www.instagram.com\/eettinenluksus\/"]}]},"product_price_amount":"12.80","product_price_currency":"EUR","og_availability":"instock","product_availability":"instock","product_retailer_item_id":"4006773","product_condition":"new"},"_links":{"self":[{"href":"https:\/\/eettinenluksus.fi\/shop\/en\/wp-json\/wp\/v2\/product\/5366","targetHints":{"allow":["GET"]}}],"collection":[{"href":"https:\/\/eettinenluksus.fi\/shop\/en\/wp-json\/wp\/v2\/product"}],"about":[{"href":"https:\/\/eettinenluksus.fi\/shop\/en\/wp-json\/wp\/v2\/types\/product"}],"version-history":[{"count":1,"href":"https:\/\/eettinenluksus.fi\/shop\/en\/wp-json\/wp\/v2\/product\/5366\/revisions"}],"predecessor-version":[{"id":5367,"href":"https:\/\/eettinenluksus.fi\/shop\/en\/wp-json\/wp\/v2\/product\/5366\/revisions\/5367"}],"wp:featuredmedia":[{"embeddable":true,"href":"https:\/\/eettinenluksus.fi\/shop\/en\/wp-json\/wp\/v2\/media\/5337"}],"wp:attachment":[{"href":"https:\/\/eettinenluksus.fi\/shop\/en\/wp-json\/wp\/v2\/media?parent=5366"}],"wp:term":[{"taxonomy":"product_brand","embeddable":true,"href":"https:\/\/eettinenluksus.fi\/shop\/en\/wp-json\/wp\/v2\/product_brand?post=5366"},{"taxonomy":"product_cat","embeddable":true,"href":"https:\/\/eettinenluksus.fi\/shop\/en\/wp-json\/wp\/v2\/product_cat?post=5366"},{"taxonomy":"product_tag","embeddable":true,"href":"https:\/\/eettinenluksus.fi\/shop\/en\/wp-json\/wp\/v2\/product_tag?post=5366"}],"curies":[{"name":"wp","href":"https:\/\/api.w.org\/{rel}","templated":true}]}}