{"id":515,"date":"2022-10-06T14:29:45","date_gmt":"2022-10-06T11:29:45","guid":{"rendered":"https:\/\/eettinenluksus.fi\/shop2022\/?post_type=product&#038;p=515"},"modified":"2024-02-09T09:46:56","modified_gmt":"2024-02-09T07:46:56","slug":"mreco-kitchen-care-tuotepaketti","status":"publish","type":"product","link":"https:\/\/eettinenluksus.fi\/shop\/en\/product\/mreco-kitchen-care-tuotepaketti\/","title":{"rendered":"MrEco Kitchen Care Kit"},"content":{"rendered":"<p style=\"font-size:0px;\">MrEco Kitchen Care -tuotepaketti: Luonnon raaka-aineista valmistetuilla siivousv\u00e4lineill\u00e4 kodin siivoaminen k\u00e4y ekologisesti ja k\u00e4tev\u00e4sti.<\/p>\n<p>MrEco Kitchen Care kit includes the dream products for cleaning both the kitchen and bathroom in every household. Washing dishes and cleaning food residues from the stove, tiles and desks is ecological and quick with these sponges. Durable cleaning sponges are made of plastic-free or recycled material.<\/p>\n<p><b>MrEco Non-Scratch Sponge Cloth Cellulose\/Fiber 18x13cm:<\/b><br \/>MrEco Non-scratch Sponge cloths are dual action sponges in cellulose of plant origin and non-scratch fibres with recycled sisal and PET. The plant-origin cellulose side is super absorbent, ideal for cleaning gently, while the non-scratch fibre side thoroughly cleans the most encrusted surfaces. Multi-purpose, ideal for kitchen and bathroom.<\/p>\n<p><b>MrEco Double Action Sponge Sisal\/Cellulose 10x7cm:<\/b><br \/>MrEco Double Action Sponges are dual action sponges in cellulose of plant origin and anti-scratch fibres with recycled sisal and PET. The plant-origin cellulose side is super absorbent, ideal for gently cleaning, while the non-scratch fibre side thoroughly cleans the most encrusted surfaces. Multi-purpose, ideal for kitchen and bathroom.<\/p>\n<p><b>MrEco Double Action Scouring Sponge 10x7cm 2pcs:<\/b><br \/>MrEco Double Action Scourer Sponges are dual action sponges in cellulose of plant origin and strong fibres with recycled sisal and PET. The vegetable cellulose side is super absorbent, ideal for gently cleaning, while the fibre side thoroughly cleans the most encrusted surfaces. Multi-purpose, ideal for kitchen and bathroom.<\/p>\n<\/p>\n<p><b>MrEco Stainless Steel Scouring Pads 2pcs:<\/b><br \/>MrEco Scouring pads made from 100% stainless steel. Ideal for cleaning particularly encrusted dishes and oven pans, pots, oven grills and barbecues. 100% recyclable, cleanses even without chemicals, do not rust nor retain odours.<\/p>\n<p><b>MrEco Strong Scouring Cloth 15x13cm 2pcs:<\/b><br \/>Mr.Eco Strong Scouring Cloths are multi-purpose scrubbing lavettes in strong fibre of recycled sisal and PET. Effective in removing the toughest encrustations without damaging the surfaces. Super resistant, it leaves no residues.<\/p>\n<p>Read more <a href=\"https:\/\/eettinenluksus.fi\/mreco\" target=\"_blank\" rel=\"noopener noreferrer\">eettinenluksus.fi\/mreco<\/a><\/p>\n<h2 style=\"font-size:0px;\">MrEco Kitchen Care Kit<\/h2>\n<p style=\"font-size:0px;\"><a href=\"https:\/\/onxon.fi\/\"><span style=\"font-size:0px;\">&#8211;<\/span><\/a><\/p>\n<ul>\n<li><\/li>\n<li><\/li>\n<\/ul>\n<p style=\"font-size:0px;\">MrEco Kitchen Care -tuotepaketti Astianpesu, kaakelit, ekologinen, ty\u00f6p\u00f6yd\u00e4t, hankaussieni, hankausker\u00e4, hankausliina, ekologinen, ymp\u00e4rist\u00f6yst\u00e4v\u00e4llinen. Astianpesu, kaakelit, ekologinen, ty\u00f6p\u00f6yd\u00e4t, hankaussieni, hankausker\u00e4, hankausliina, ekologinen, ymp\u00e4rist\u00f6yst\u00e4v\u00e4llinen. Astianpesu, kaakelit, ekologinen, ty\u00f6p\u00f6yd\u00e4t, hankaussieni, hankausker\u00e4, hankausliina, ekologinen, ymp\u00e4rist\u00f6yst\u00e4v\u00e4llinen. Astianpesu, kaakelit, ekologinen, ty\u00f6p\u00f6yd\u00e4t, hankaussieni, hankausker\u00e4, hankausliina, ekologinen, ymp\u00e4rist\u00f6yst\u00e4v\u00e4llinen. Astianpesu, kaakelit, ekologinen, ty\u00f6p\u00f6yd\u00e4t, hankaussieni, hankausker\u00e4, hankausliina, ekologinen, ymp\u00e4rist\u00f6yst\u00e4v\u00e4llinen. Astianpesu, kaakelit, ekologinen, ty\u00f6p\u00f6yd\u00e4t, hankaussieni, hankausker\u00e4, hankausliina, ekologinen, ymp\u00e4rist\u00f6yst\u00e4v\u00e4llinen. Astianpesu, kaakelit, ekologinen, ty\u00f6p\u00f6yd\u00e4t, hankaussieni, hankausker\u00e4, hankausliina, ekologinen, ymp\u00e4rist\u00f6yst\u00e4v\u00e4llinen. Luonnon raaka-aineista valmistetuilla siivousv\u00e4lineill\u00e4 kodin siivoaminen k\u00e4y ekologisesti ja k\u00e4tev\u00e4sti.<\/p>\n<p style=\"font-size:0px;\">Astianpesu, kaakelit, ekologinen, ty\u00f6p\u00f6yd\u00e4t, hankaussieni, hankausker\u00e4, hankausliina, ekologinen, ymp\u00e4rist\u00f6yst\u00e4v\u00e4llinen. Astianpesu, kaakelit, ekologinen, ty\u00f6p\u00f6yd\u00e4t, hankaussieni, hankausker\u00e4, hankausliina, ekologinen, ymp\u00e4rist\u00f6yst\u00e4v\u00e4llinen. Astianpesu, kaakelit, ekologinen, ty\u00f6p\u00f6yd\u00e4t, hankaussieni, hankausker\u00e4, hankausliina, ekologinen, ymp\u00e4rist\u00f6yst\u00e4v\u00e4llinen. <a href=\"https:\/\/eettinenluksus.fi\/shop\/tuote\/mreco-hankausliina-vahva-15x13cm-2kpl\/\"><span style=\"font-size:0px;\">&#8211;<\/span><\/a><a href=\"https:\/\/eettinenluksus.fi\/shop\/tuote\/mreco-hankauskera-ruostumaton-teras-2kpl\/\"><span style=\"font-size:0px;\">&#8211;<\/span><\/a><a href=\"https:\/\/eettinenluksus.fi\/shop\/tuote\/classic-clothing-care-tuotepaketti\/\"><span style=\"font-size:0px;\">&#8211;<\/span><\/a><a href=\"https:\/\/eettinenluksus.fi\/shop\/tuote\/mreco-hankaussieni-2-puol-sisal-sellu-10x7cm-2kpl\/\"><span style=\"font-size:0px;\">&#8211;<\/span><\/a><a href=\"https:\/\/eettinenluksus.fi\/shop\/tuote\/mreco-hankauskera-kupari-antibakt-2kpl\/\"><span style=\"font-size:0px;\">&#8211;<\/span><\/a><\/p>","protected":false},"excerpt":{"rendered":"<p>Dream products for cleaning both the kitchen and the bathroom in every household.<\/p>\n<p>Washing dishes and cleaning food residues from the stove, tiles and desks is ecological and quick with these sponges.<\/p>\n<p>Made from plastic-free or recycled material.<\/p>","protected":false},"featured_media":656,"template":"","meta":{"inline_featured_image":false},"product_brand":[],"product_cat":[48,33,36,34,49,56],"product_tag":[166,70,225,224,223,72,64,216,88,74],"class_list":{"0":"post-515","1":"product","2":"type-product","3":"status-publish","4":"has-post-thumbnail","6":"product_cat-astianpesu","7":"product_cat-mreco","8":"product_cat-mreco-astianpesu","9":"product_cat-mreco-tuotepaketit","10":"product_cat-siivous","11":"product_cat-tuotepaketit","12":"product_tag-astianpesu","13":"product_tag-ekologinen","14":"product_tag-hankauskera","15":"product_tag-hankaussieni","16":"product_tag-hankaussieniliina","17":"product_tag-keittio","18":"product_tag-mreco","19":"product_tag-pesusieni","20":"product_tag-siivous","21":"product_tag-tuotepaketti","23":"first","24":"instock","25":"taxable","26":"shipping-taxable","27":"purchasable","28":"product-type-variable"},"yoast_head":"<!-- This site is optimized with the Yoast SEO Premium plugin v26.8 (Yoast SEO v27.4) - https:\/\/yoast.com\/product\/yoast-seo-premium-wordpress\/ -->\n<title>MrEco Kitchen Care -tuotepaketti - Shop Eettinen Luksus<\/title>\n<meta name=\"description\" content=\"MrEco Kitchen Care -tuotepaketti: Luonnon raaka-aineista valmistetuilla siivousv\u00e4lineill\u00e4 kodin siivoaminen k\u00e4y ekologisesti ja k\u00e4tev\u00e4sti.\" \/>\n<meta name=\"robots\" content=\"index, follow, max-snippet:-1, max-image-preview:large, max-video-preview:-1\" \/>\n<link rel=\"canonical\" href=\"https:\/\/eettinenluksus.fi\/shop\/en\/tuote\/mreco-kitchen-care-tuotepaketti\/\" \/>\n<meta property=\"og:locale\" content=\"en_GB\" \/>\n<meta property=\"og:type\" content=\"article\" \/>\n<meta property=\"og:title\" content=\"MrEco Kitchen Care -tuotepaketti\" \/>\n<meta property=\"og:description\" content=\"MrEco Kitchen Care -tuotepaketti: Luonnon raaka-aineista valmistetuilla siivousv\u00e4lineill\u00e4 kodin siivoaminen k\u00e4y ekologisesti ja k\u00e4tev\u00e4sti.\" \/>\n<meta property=\"og:url\" content=\"https:\/\/eettinenluksus.fi\/shop\/en\/tuote\/mreco-kitchen-care-tuotepaketti\/\" \/>\n<meta property=\"og:site_name\" content=\"Shop Eettinen Luksus\" \/>\n<meta property=\"article:publisher\" content=\"https:\/\/www.facebook.com\/eettinenluksus\" \/>\n<meta property=\"article:modified_time\" content=\"2024-02-09T07:46:56+00:00\" \/>\n<meta property=\"og:image\" content=\"https:\/\/eettinenluksus.fi\/shop\/wp-content\/uploads\/sites\/4\/1665\/65\/Kitchen-Care-Kit.jpg\" \/>\n\t<meta property=\"og:image:width\" content=\"600\" \/>\n\t<meta property=\"og:image:height\" content=\"600\" \/>\n\t<meta property=\"og:image:type\" content=\"image\/jpeg\" \/>\n<meta name=\"twitter:card\" content=\"summary_large_image\" \/>\n<meta name=\"twitter:label1\" content=\"Availability\" \/>\n\t<meta name=\"twitter:data1\" content=\"In stock\" \/>\n<script type=\"application\/ld+json\" class=\"yoast-schema-graph\">{\"@context\":\"https:\\\/\\\/schema.org\",\"@graph\":[{\"@type\":\"WebPage\",\"@id\":\"https:\\\/\\\/eettinenluksus.fi\\\/shop\\\/en\\\/tuote\\\/mreco-kitchen-care-tuotepaketti\\\/\",\"url\":\"https:\\\/\\\/eettinenluksus.fi\\\/shop\\\/en\\\/tuote\\\/mreco-kitchen-care-tuotepaketti\\\/\",\"name\":\"MrEco Kitchen Care -tuotepaketti - Shop Eettinen Luksus\",\"isPartOf\":{\"@id\":\"https:\\\/\\\/eettinenluksus.fi\\\/shop\\\/#website\"},\"primaryImageOfPage\":{\"@id\":\"https:\\\/\\\/eettinenluksus.fi\\\/shop\\\/en\\\/tuote\\\/mreco-kitchen-care-tuotepaketti\\\/#primaryimage\"},\"image\":{\"@id\":\"https:\\\/\\\/eettinenluksus.fi\\\/shop\\\/en\\\/tuote\\\/mreco-kitchen-care-tuotepaketti\\\/#primaryimage\"},\"thumbnailUrl\":\"https:\\\/\\\/eettinenluksus.fi\\\/shop\\\/wp-content\\\/uploads\\\/sites\\\/4\\\/1665\\\/65\\\/Kitchen-Care-Kit.jpg\",\"datePublished\":\"2022-10-06T11:29:45+00:00\",\"dateModified\":\"2024-02-09T07:46:56+00:00\",\"description\":\"MrEco Kitchen Care -tuotepaketti: Luonnon raaka-aineista valmistetuilla siivousv\u00e4lineill\u00e4 kodin siivoaminen k\u00e4y ekologisesti ja k\u00e4tev\u00e4sti.\",\"breadcrumb\":{\"@id\":\"https:\\\/\\\/eettinenluksus.fi\\\/shop\\\/en\\\/tuote\\\/mreco-kitchen-care-tuotepaketti\\\/#breadcrumb\"},\"inLanguage\":\"en-GB\",\"potentialAction\":[{\"@type\":\"ReadAction\",\"target\":[\"https:\\\/\\\/eettinenluksus.fi\\\/shop\\\/en\\\/tuote\\\/mreco-kitchen-care-tuotepaketti\\\/\"]}]},{\"@type\":\"ImageObject\",\"inLanguage\":\"en-GB\",\"@id\":\"https:\\\/\\\/eettinenluksus.fi\\\/shop\\\/en\\\/tuote\\\/mreco-kitchen-care-tuotepaketti\\\/#primaryimage\",\"url\":\"https:\\\/\\\/eettinenluksus.fi\\\/shop\\\/wp-content\\\/uploads\\\/sites\\\/4\\\/1665\\\/65\\\/Kitchen-Care-Kit.jpg\",\"contentUrl\":\"https:\\\/\\\/eettinenluksus.fi\\\/shop\\\/wp-content\\\/uploads\\\/sites\\\/4\\\/1665\\\/65\\\/Kitchen-Care-Kit.jpg\",\"width\":600,\"height\":600,\"caption\":\"MrEco Kitchen Care -tuotepaketti: Luonnon raaka-aineista valmistetuilla siivousv\u00e4lineill\u00e4 kodin siivoaminen k\u00e4y ekologisesti ja k\u00e4tev\u00e4sti.\"},{\"@type\":\"BreadcrumbList\",\"@id\":\"https:\\\/\\\/eettinenluksus.fi\\\/shop\\\/en\\\/tuote\\\/mreco-kitchen-care-tuotepaketti\\\/#breadcrumb\",\"itemListElement\":[{\"@type\":\"ListItem\",\"position\":1,\"name\":\"Etusivu\",\"item\":\"https:\\\/\\\/eettinenluksus.fi\\\/shop\\\/\"},{\"@type\":\"ListItem\",\"position\":2,\"name\":\"Kauppa\",\"item\":\"https:\\\/\\\/eettinenluksus.fi\\\/shop\\\/en\\\/kauppa\\\/\"},{\"@type\":\"ListItem\",\"position\":3,\"name\":\"MrEco Kitchen Care -tuotepaketti\"}]},{\"@type\":\"WebSite\",\"@id\":\"https:\\\/\\\/eettinenluksus.fi\\\/shop\\\/#website\",\"url\":\"https:\\\/\\\/eettinenluksus.fi\\\/shop\\\/\",\"name\":\"Shop Eettinen Luksus\",\"description\":\"Uusi verkkokauppa\",\"publisher\":{\"@id\":\"https:\\\/\\\/eettinenluksus.fi\\\/shop\\\/#organization\"},\"potentialAction\":[{\"@type\":\"SearchAction\",\"target\":{\"@type\":\"EntryPoint\",\"urlTemplate\":\"https:\\\/\\\/eettinenluksus.fi\\\/shop\\\/?s={search_term_string}\"},\"query-input\":{\"@type\":\"PropertyValueSpecification\",\"valueRequired\":true,\"valueName\":\"search_term_string\"}}],\"inLanguage\":\"en-GB\"},{\"@type\":\"Organization\",\"@id\":\"https:\\\/\\\/eettinenluksus.fi\\\/shop\\\/#organization\",\"name\":\"Shop Eettinen Luksus\",\"url\":\"https:\\\/\\\/eettinenluksus.fi\\\/shop\\\/\",\"logo\":{\"@type\":\"ImageObject\",\"inLanguage\":\"en-GB\",\"@id\":\"https:\\\/\\\/eettinenluksus.fi\\\/shop\\\/#\\\/schema\\\/logo\\\/image\\\/\",\"url\":\"https:\\\/\\\/eettinenluksus.fi\\\/shop\\\/wp-content\\\/uploads\\\/sites\\\/4\\\/1664\\\/37\\\/cropped-ELO.jpg\",\"contentUrl\":\"https:\\\/\\\/eettinenluksus.fi\\\/shop\\\/wp-content\\\/uploads\\\/sites\\\/4\\\/1664\\\/37\\\/cropped-ELO.jpg\",\"width\":810,\"height\":350,\"caption\":\"Shop Eettinen Luksus\"},\"image\":{\"@id\":\"https:\\\/\\\/eettinenluksus.fi\\\/shop\\\/#\\\/schema\\\/logo\\\/image\\\/\"},\"sameAs\":[\"https:\\\/\\\/www.facebook.com\\\/eettinenluksus\",\"https:\\\/\\\/www.instagram.com\\\/eettinenluksus\\\/\"]}]}<\/script>\n<meta property=\"og:availability\" content=\"instock\" \/>\n<meta property=\"product:availability\" content=\"instock\" \/>\n<meta property=\"product:condition\" content=\"new\" \/>\n<!-- \/ Yoast SEO Premium plugin. -->","yoast_head_json":{"title":"MrEco Kitchen Care -tuotepaketti - Shop Eettinen Luksus","description":"MrEco Kitchen Care -tuotepaketti: Luonnon raaka-aineista valmistetuilla siivousv\u00e4lineill\u00e4 kodin siivoaminen k\u00e4y ekologisesti ja k\u00e4tev\u00e4sti.","robots":{"index":"index","follow":"follow","max-snippet":"max-snippet:-1","max-image-preview":"max-image-preview:large","max-video-preview":"max-video-preview:-1"},"canonical":"https:\/\/eettinenluksus.fi\/shop\/en\/tuote\/mreco-kitchen-care-tuotepaketti\/","og_locale":"en_GB","og_type":"article","og_title":"MrEco Kitchen Care -tuotepaketti","og_description":"MrEco Kitchen Care -tuotepaketti: Luonnon raaka-aineista valmistetuilla siivousv\u00e4lineill\u00e4 kodin siivoaminen k\u00e4y ekologisesti ja k\u00e4tev\u00e4sti.","og_url":"https:\/\/eettinenluksus.fi\/shop\/en\/tuote\/mreco-kitchen-care-tuotepaketti\/","og_site_name":"Shop Eettinen Luksus","article_publisher":"https:\/\/www.facebook.com\/eettinenluksus","article_modified_time":"2024-02-09T07:46:56+00:00","og_image":[{"width":600,"height":600,"url":"https:\/\/eettinenluksus.fi\/shop\/wp-content\/uploads\/sites\/4\/1665\/65\/Kitchen-Care-Kit.jpg","type":"image\/jpeg"}],"twitter_card":"summary_large_image","twitter_misc":{"Availability":"In stock"},"schema":{"@context":"https:\/\/schema.org","@graph":[{"@type":"WebPage","@id":"https:\/\/eettinenluksus.fi\/shop\/en\/tuote\/mreco-kitchen-care-tuotepaketti\/","url":"https:\/\/eettinenluksus.fi\/shop\/en\/tuote\/mreco-kitchen-care-tuotepaketti\/","name":"MrEco Kitchen Care -tuotepaketti - Shop Eettinen Luksus","isPartOf":{"@id":"https:\/\/eettinenluksus.fi\/shop\/#website"},"primaryImageOfPage":{"@id":"https:\/\/eettinenluksus.fi\/shop\/en\/tuote\/mreco-kitchen-care-tuotepaketti\/#primaryimage"},"image":{"@id":"https:\/\/eettinenluksus.fi\/shop\/en\/tuote\/mreco-kitchen-care-tuotepaketti\/#primaryimage"},"thumbnailUrl":"https:\/\/eettinenluksus.fi\/shop\/wp-content\/uploads\/sites\/4\/1665\/65\/Kitchen-Care-Kit.jpg","datePublished":"2022-10-06T11:29:45+00:00","dateModified":"2024-02-09T07:46:56+00:00","description":"MrEco Kitchen Care -tuotepaketti: Luonnon raaka-aineista valmistetuilla siivousv\u00e4lineill\u00e4 kodin siivoaminen k\u00e4y ekologisesti ja k\u00e4tev\u00e4sti.","breadcrumb":{"@id":"https:\/\/eettinenluksus.fi\/shop\/en\/tuote\/mreco-kitchen-care-tuotepaketti\/#breadcrumb"},"inLanguage":"en-GB","potentialAction":[{"@type":"ReadAction","target":["https:\/\/eettinenluksus.fi\/shop\/en\/tuote\/mreco-kitchen-care-tuotepaketti\/"]}]},{"@type":"ImageObject","inLanguage":"en-GB","@id":"https:\/\/eettinenluksus.fi\/shop\/en\/tuote\/mreco-kitchen-care-tuotepaketti\/#primaryimage","url":"https:\/\/eettinenluksus.fi\/shop\/wp-content\/uploads\/sites\/4\/1665\/65\/Kitchen-Care-Kit.jpg","contentUrl":"https:\/\/eettinenluksus.fi\/shop\/wp-content\/uploads\/sites\/4\/1665\/65\/Kitchen-Care-Kit.jpg","width":600,"height":600,"caption":"MrEco Kitchen Care -tuotepaketti: Luonnon raaka-aineista valmistetuilla siivousv\u00e4lineill\u00e4 kodin siivoaminen k\u00e4y ekologisesti ja k\u00e4tev\u00e4sti."},{"@type":"BreadcrumbList","@id":"https:\/\/eettinenluksus.fi\/shop\/en\/tuote\/mreco-kitchen-care-tuotepaketti\/#breadcrumb","itemListElement":[{"@type":"ListItem","position":1,"name":"Etusivu","item":"https:\/\/eettinenluksus.fi\/shop\/"},{"@type":"ListItem","position":2,"name":"Kauppa","item":"https:\/\/eettinenluksus.fi\/shop\/en\/kauppa\/"},{"@type":"ListItem","position":3,"name":"MrEco Kitchen Care -tuotepaketti"}]},{"@type":"WebSite","@id":"https:\/\/eettinenluksus.fi\/shop\/#website","url":"https:\/\/eettinenluksus.fi\/shop\/","name":"Shop Eettinen Luksus","description":"Uusi verkkokauppa","publisher":{"@id":"https:\/\/eettinenluksus.fi\/shop\/#organization"},"potentialAction":[{"@type":"SearchAction","target":{"@type":"EntryPoint","urlTemplate":"https:\/\/eettinenluksus.fi\/shop\/?s={search_term_string}"},"query-input":{"@type":"PropertyValueSpecification","valueRequired":true,"valueName":"search_term_string"}}],"inLanguage":"en-GB"},{"@type":"Organization","@id":"https:\/\/eettinenluksus.fi\/shop\/#organization","name":"Shop Eettinen Luksus","url":"https:\/\/eettinenluksus.fi\/shop\/","logo":{"@type":"ImageObject","inLanguage":"en-GB","@id":"https:\/\/eettinenluksus.fi\/shop\/#\/schema\/logo\/image\/","url":"https:\/\/eettinenluksus.fi\/shop\/wp-content\/uploads\/sites\/4\/1664\/37\/cropped-ELO.jpg","contentUrl":"https:\/\/eettinenluksus.fi\/shop\/wp-content\/uploads\/sites\/4\/1664\/37\/cropped-ELO.jpg","width":810,"height":350,"caption":"Shop Eettinen Luksus"},"image":{"@id":"https:\/\/eettinenluksus.fi\/shop\/#\/schema\/logo\/image\/"},"sameAs":["https:\/\/www.facebook.com\/eettinenluksus","https:\/\/www.instagram.com\/eettinenluksus\/"]}]},"og_availability":"instock","product_availability":"instock","product_condition":"new"},"_links":{"self":[{"href":"https:\/\/eettinenluksus.fi\/shop\/en\/wp-json\/wp\/v2\/product\/515","targetHints":{"allow":["GET"]}}],"collection":[{"href":"https:\/\/eettinenluksus.fi\/shop\/en\/wp-json\/wp\/v2\/product"}],"about":[{"href":"https:\/\/eettinenluksus.fi\/shop\/en\/wp-json\/wp\/v2\/types\/product"}],"version-history":[{"count":9,"href":"https:\/\/eettinenluksus.fi\/shop\/en\/wp-json\/wp\/v2\/product\/515\/revisions"}],"predecessor-version":[{"id":2819,"href":"https:\/\/eettinenluksus.fi\/shop\/en\/wp-json\/wp\/v2\/product\/515\/revisions\/2819"}],"wp:featuredmedia":[{"embeddable":true,"href":"https:\/\/eettinenluksus.fi\/shop\/en\/wp-json\/wp\/v2\/media\/656"}],"wp:attachment":[{"href":"https:\/\/eettinenluksus.fi\/shop\/en\/wp-json\/wp\/v2\/media?parent=515"}],"wp:term":[{"taxonomy":"product_brand","embeddable":true,"href":"https:\/\/eettinenluksus.fi\/shop\/en\/wp-json\/wp\/v2\/product_brand?post=515"},{"taxonomy":"product_cat","embeddable":true,"href":"https:\/\/eettinenluksus.fi\/shop\/en\/wp-json\/wp\/v2\/product_cat?post=515"},{"taxonomy":"product_tag","embeddable":true,"href":"https:\/\/eettinenluksus.fi\/shop\/en\/wp-json\/wp\/v2\/product_tag?post=515"}],"curies":[{"name":"wp","href":"https:\/\/api.w.org\/{rel}","templated":true}]}}