{"id":513,"date":"2022-10-06T14:27:29","date_gmt":"2022-10-06T11:27:29","guid":{"rendered":"https:\/\/eettinenluksus.fi\/shop2022\/?post_type=product&#038;p=513"},"modified":"2024-09-20T13:31:41","modified_gmt":"2024-09-20T10:31:41","slug":"mreco-luffahankain-keittioon-12x8cm","status":"publish","type":"product","link":"https:\/\/eettinenluksus.fi\/shop\/en\/product\/mreco-luffahankain-keittioon-12x8cm\/","title":{"rendered":"MrEco Scrubber in Loofah Vegetable 12x8cm"},"content":{"rendered":"<p style=\"font-size:0px;\">Luon\u00adnol\u00adlinen ja ymp\u00e4rist\u00f6\u00adyst\u00e4v\u00e4l\u00adlinen luffahankain tehokkaaseen puh\u00addistuk\u00adseen naar\u00admuttamatta. MrEco Luffahankain keitti\u00f6\u00f6n 12x8cm<\/p>\n<p>Vegetable loofah sponge for cleaning dishes and kitchenware. Loofah fibres are obtained from the dehydration of the plant's fruit, becoming an effective and natural non-scratch scrubber.<\/p>\n<ul>\n<li>100% biodegradable<\/li>\n<li>Hangable<\/li>\n<li>Plastic-free<\/li>\n<\/ul>\n<p>Read more <a href=\"https:\/\/eettinenluksus.fi\/mreco\" target=\"_blank\" rel=\"noopener noreferrer\">eettinenluksus.fi\/mreco<\/a><\/p>\n<p style=\"font-size:0px;\"><a href=\"https:\/\/onxon.fi\/\"><span style=\"font-size:0px;\">&#8211;<\/span><\/a> MrEco Luffahankain keitti\u00f6\u00f6n 12x8cm luffa. Ekologinen, keitti\u00f6, tiskaus, astianpesu, puhdistus, luffa, luonnollinen, ymp\u00e4rist\u00f6yst\u00e4v\u00e4llinen, biohajoava, luffa. Ekologinen, keitti\u00f6, tiskaus, astianpesu, puhdistus, luffa, luonnollinen, ymp\u00e4rist\u00f6yst\u00e4v\u00e4llinen, biohajoava, luffa. Ekologinen, keitti\u00f6, tiskaus, astianpesu, puhdistus, luffa, luonnollinen, ymp\u00e4rist\u00f6yst\u00e4v\u00e4llinen, biohajoava, luffa. Ekologinen, keitti\u00f6, ymp\u00e4rist\u00f6yst\u00e4v\u00e4llinen, tiskaus, astianpesu, puhdistus, luffa, luonnollinen, ymp\u00e4rist\u00f6yst\u00e4v\u00e4llinen, biohajoava, luffa. Ekologinen, keitti\u00f6, ymp\u00e4rist\u00f6yst\u00e4v\u00e4llinen, tiskaus, astianpesu, puhdistus, luffa, luonnollinen, ymp\u00e4rist\u00f6yst\u00e4v\u00e4llinen, biohajoava, luffa. Ekologinen, keitti\u00f6, tiskaus, astianpesu, puhdistus, luffa, luonnollinen, ymp\u00e4rist\u00f6yst\u00e4v\u00e4llinen, biohajoava, ymp\u00e4rist\u00f6yst\u00e4v\u00e4llinen, luffa. Ekologinen, keitti\u00f6, tiskaus, astianpesu, puhdistus, luffa, luonnollinen, ymp\u00e4rist\u00f6yst\u00e4v\u00e4llinen, ymp\u00e4rist\u00f6yst\u00e4v\u00e4llinen, biohajoava, luffa. Ekologinen, keitti\u00f6, tiskaus, astianpesu, puhdistus, luffa, luonnollinen, ymp\u00e4rist\u00f6yst\u00e4v\u00e4llinen, biohajoava, luffa. <a href=\"https:\/\/www.facebook.com\/eettinenluksus\/\"><span style=\"font-size:0px;\">&#8211;<\/span><\/a> <a href=\"https:\/\/www.instagram.com\/eettinenluksus\/\"><span style=\"font-size:0px;\">&#8211;<\/span><\/a><\/p>\n<p style=\"font-size:0px;\">Ekologinen, keitti\u00f6, tiskaus, astianpesu, puhdistus, luffa, luonnollinen, ymp\u00e4rist\u00f6yst\u00e4v\u00e4llinen, biohajoava, luffa. Ekologinen, keitti\u00f6, tiskaus, astianpesu, puhdistus, luffa, luonnollinen, ymp\u00e4rist\u00f6yst\u00e4v\u00e4llinen, biohajoava, luffa. Luon\u00adnol\u00adlinen ja ymp\u00e4rist\u00f6\u00adyst\u00e4v\u00e4l\u00adlinen luffahankain tehokkaaseen puh\u00addistuk\u00adseen naar\u00admuttamatta. MrEco Luffahankain keitti\u00f6\u00f6n 12x8cm. Ekologinen, keitti\u00f6, ymp\u00e4rist\u00f6yst\u00e4v\u00e4llinen, tiskaus, astianpesu, ymp\u00e4rist\u00f6yst\u00e4v\u00e4llinen, puhdistus, luffa, luonnollinen, ymp\u00e4rist\u00f6yst\u00e4v\u00e4llinen, biohajoava, luffa. Ekologinen, keitti\u00f6, tiskaus, astianpesu, puhdistus, luffa, luonnollinen, ymp\u00e4rist\u00f6yst\u00e4v\u00e4llinen, biohajoava, luffa. Ekologinen, keitti\u00f6, tiskaus, astianpesu, puhdistus, luffa, luonnollinen, ymp\u00e4rist\u00f6yst\u00e4v\u00e4llinen, biohajoava, luffa. Ekologinen, keitti\u00f6, tiskaus, astianpesu, ymp\u00e4rist\u00f6yst\u00e4v\u00e4llinen, puhdistus, luffa, luonnollinen, ymp\u00e4rist\u00f6yst\u00e4v\u00e4llinen, biohajoava, luffa. Ekologinen, keitti\u00f6, tiskaus, astianpesu, puhdistus, luffa, luonnollinen, ymp\u00e4rist\u00f6yst\u00e4v\u00e4llinen, biohajoava, luffa. Ekologinen, keitti\u00f6, tiskaus, astianpesu, puhdistus, luffa, luonnollinen, ymp\u00e4rist\u00f6yst\u00e4v\u00e4llinen, biohajoava, luffa.<a href=\"https:\/\/eettinenluksus.fi\/shop\/tuote\/mreco-hankaussieni-2-puol-luffa-selluloosa-11x7cm\/\"><span style=\"font-size:0px;\">&#8211;<\/span><\/a><a href=\"https:\/\/eettinenluksus.fi\/shop\/tuotemerkit\/mreco\/\"><span style=\"font-size:0px;\">&#8211;<\/span><\/a><a href=\"https:\/\/eettinenluksus.fi\/shop\/tuote\/bambu-hansikas-bambu-luffa\/\"><span style=\"font-size:0px;\">&#8211;<\/span><\/a><a href=\"https:\/\/eettinenluksus.fi\/shop\/tuote\/method-astianpesuaine-citrus-green-tea-532ml\/\"><span style=\"font-size:0px;\">&#8211;<\/span><\/a><a href=\"https:\/\/eettinenluksus.fi\/shop\/tuote\/bambu-tuoksuva-pesusieni-bambusta\/\"><span style=\"font-size:0px;\">&#8211;<\/span><\/a><\/p>","protected":false},"excerpt":{"rendered":"<p>Natural and environmentally friendly cleaning sponge for kitchen surfaces<\/p>\n<p>Materials: loofah and plant-based cellulose<\/p>\n<p style=\"font-size:0px;\">luffa hankain ekologinen Naarmuttamaton kasvipohjainen materiaali on ideaalinen siivoukseen ja astianpesuun<\/p>","protected":false},"featured_media":4106,"template":"","meta":{"inline_featured_image":false},"product_brand":[],"product_cat":[48,33,36,49],"product_tag":[166,70,72,92,226,64,88],"class_list":{"0":"post-513","1":"product","2":"type-product","3":"status-publish","4":"has-post-thumbnail","6":"product_cat-astianpesu","7":"product_cat-mreco","8":"product_cat-mreco-astianpesu","9":"product_cat-siivous","10":"product_tag-astianpesu","11":"product_tag-ekologinen","12":"product_tag-keittio","13":"product_tag-luffa","14":"product_tag-luffahankain","15":"product_tag-mreco","16":"product_tag-siivous","18":"first","19":"instock","20":"taxable","21":"shipping-taxable","22":"purchasable","23":"product-type-simple"},"yoast_head":"<!-- This site is optimized with the Yoast SEO Premium plugin v26.8 (Yoast SEO v27.4) - https:\/\/yoast.com\/product\/yoast-seo-premium-wordpress\/ -->\n<title>MrEco Luffahankain keitti\u00f6\u00f6n 12x8cm - Shop Eettinen Luksus<\/title>\n<meta name=\"description\" content=\"Luon\u00adnol\u00adlinen ja ymp\u00e4rist\u00f6\u00adyst\u00e4v\u00e4l\u00adlinen luffahankain tehokkaaseen puh\u00addistuk\u00adseen naar\u00admuttamatta. MrEco Luffahankain keitti\u00f6\u00f6n 12x8cm\" \/>\n<meta name=\"robots\" content=\"index, follow, max-snippet:-1, max-image-preview:large, max-video-preview:-1\" \/>\n<link rel=\"canonical\" href=\"https:\/\/eettinenluksus.fi\/shop\/en\/product\/mreco-luffahankain-keittioon-12x8cm\/\" \/>\n<meta property=\"og:locale\" content=\"en_GB\" \/>\n<meta property=\"og:type\" content=\"article\" \/>\n<meta property=\"og:title\" content=\"MrEco Luffahankain keitti\u00f6\u00f6n 12x8cm\" \/>\n<meta property=\"og:description\" content=\"Luon\u00adnol\u00adlinen ja ymp\u00e4rist\u00f6\u00adyst\u00e4v\u00e4l\u00adlinen luffahankain tehokkaaseen puh\u00addistuk\u00adseen naar\u00admuttamatta. MrEco Luffahankain keitti\u00f6\u00f6n 12x8cm\" \/>\n<meta property=\"og:url\" content=\"https:\/\/eettinenluksus.fi\/shop\/en\/product\/mreco-luffahankain-keittioon-12x8cm\/\" \/>\n<meta property=\"og:site_name\" content=\"Shop Eettinen Luksus\" \/>\n<meta property=\"article:publisher\" content=\"https:\/\/www.facebook.com\/eettinenluksus\" \/>\n<meta property=\"article:modified_time\" content=\"2024-09-20T10:31:41+00:00\" \/>\n<meta property=\"og:image\" content=\"https:\/\/eettinenluksus.fi\/shop\/wp-content\/uploads\/sites\/4\/1726\/28\/MrEco-Luffahankain-keittioon-nelio.jpg\" \/>\n\t<meta property=\"og:image:width\" content=\"1045\" \/>\n\t<meta property=\"og:image:height\" content=\"1045\" \/>\n\t<meta property=\"og:image:type\" content=\"image\/jpeg\" \/>\n<meta name=\"twitter:card\" content=\"summary_large_image\" \/>\n<meta name=\"twitter:label1\" content=\"Price\" \/>\n\t<meta name=\"twitter:data1\" content=\"6,30&nbsp;&euro;\" \/>\n\t<meta name=\"twitter:label2\" content=\"Availability\" \/>\n\t<meta name=\"twitter:data2\" content=\"In stock\" \/>\n<script type=\"application\/ld+json\" class=\"yoast-schema-graph\">{\"@context\":\"https:\\\/\\\/schema.org\",\"@graph\":[{\"@type\":\"WebPage\",\"@id\":\"https:\\\/\\\/eettinenluksus.fi\\\/shop\\\/tuote\\\/mreco-luffahankain-keittioon-12x8cm\\\/\",\"url\":\"https:\\\/\\\/eettinenluksus.fi\\\/shop\\\/tuote\\\/mreco-luffahankain-keittioon-12x8cm\\\/\",\"name\":\"MrEco Luffahankain keitti\u00f6\u00f6n 12x8cm - Shop Eettinen Luksus\",\"isPartOf\":{\"@id\":\"https:\\\/\\\/eettinenluksus.fi\\\/shop\\\/#website\"},\"primaryImageOfPage\":{\"@id\":\"https:\\\/\\\/eettinenluksus.fi\\\/shop\\\/tuote\\\/mreco-luffahankain-keittioon-12x8cm\\\/#primaryimage\"},\"image\":{\"@id\":\"https:\\\/\\\/eettinenluksus.fi\\\/shop\\\/tuote\\\/mreco-luffahankain-keittioon-12x8cm\\\/#primaryimage\"},\"thumbnailUrl\":\"https:\\\/\\\/eettinenluksus.fi\\\/shop\\\/wp-content\\\/uploads\\\/sites\\\/4\\\/1726\\\/28\\\/MrEco-Luffahankain-keittioon-nelio.jpg\",\"datePublished\":\"2022-10-06T11:27:29+00:00\",\"dateModified\":\"2024-09-20T10:31:41+00:00\",\"description\":\"Luon\u00adnol\u00adlinen ja ymp\u00e4rist\u00f6\u00adyst\u00e4v\u00e4l\u00adlinen luffahankain tehokkaaseen puh\u00addistuk\u00adseen naar\u00admuttamatta. MrEco Luffahankain keitti\u00f6\u00f6n 12x8cm\",\"breadcrumb\":{\"@id\":\"https:\\\/\\\/eettinenluksus.fi\\\/shop\\\/tuote\\\/mreco-luffahankain-keittioon-12x8cm\\\/#breadcrumb\"},\"inLanguage\":\"en-GB\",\"potentialAction\":[{\"@type\":\"ReadAction\",\"target\":[\"https:\\\/\\\/eettinenluksus.fi\\\/shop\\\/tuote\\\/mreco-luffahankain-keittioon-12x8cm\\\/\"]}]},{\"@type\":\"ImageObject\",\"inLanguage\":\"en-GB\",\"@id\":\"https:\\\/\\\/eettinenluksus.fi\\\/shop\\\/tuote\\\/mreco-luffahankain-keittioon-12x8cm\\\/#primaryimage\",\"url\":\"https:\\\/\\\/eettinenluksus.fi\\\/shop\\\/wp-content\\\/uploads\\\/sites\\\/4\\\/1726\\\/28\\\/MrEco-Luffahankain-keittioon-nelio.jpg\",\"contentUrl\":\"https:\\\/\\\/eettinenluksus.fi\\\/shop\\\/wp-content\\\/uploads\\\/sites\\\/4\\\/1726\\\/28\\\/MrEco-Luffahankain-keittioon-nelio.jpg\",\"width\":1045,\"height\":1045,\"caption\":\"MrEco Luffahankain keitti\u00f6\u00f6n\"},{\"@type\":\"BreadcrumbList\",\"@id\":\"https:\\\/\\\/eettinenluksus.fi\\\/shop\\\/tuote\\\/mreco-luffahankain-keittioon-12x8cm\\\/#breadcrumb\",\"itemListElement\":[{\"@type\":\"ListItem\",\"position\":1,\"name\":\"Etusivu\",\"item\":\"https:\\\/\\\/eettinenluksus.fi\\\/shop\\\/\"},{\"@type\":\"ListItem\",\"position\":2,\"name\":\"Kauppa\",\"item\":\"https:\\\/\\\/eettinenluksus.fi\\\/shop\\\/en\\\/kauppa\\\/\"},{\"@type\":\"ListItem\",\"position\":3,\"name\":\"MrEco Luffahankain keitti\u00f6\u00f6n 12x8cm\"}]},{\"@type\":\"WebSite\",\"@id\":\"https:\\\/\\\/eettinenluksus.fi\\\/shop\\\/#website\",\"url\":\"https:\\\/\\\/eettinenluksus.fi\\\/shop\\\/\",\"name\":\"Shop Eettinen Luksus\",\"description\":\"Uusi verkkokauppa\",\"publisher\":{\"@id\":\"https:\\\/\\\/eettinenluksus.fi\\\/shop\\\/#organization\"},\"potentialAction\":[{\"@type\":\"SearchAction\",\"target\":{\"@type\":\"EntryPoint\",\"urlTemplate\":\"https:\\\/\\\/eettinenluksus.fi\\\/shop\\\/?s={search_term_string}\"},\"query-input\":{\"@type\":\"PropertyValueSpecification\",\"valueRequired\":true,\"valueName\":\"search_term_string\"}}],\"inLanguage\":\"en-GB\"},{\"@type\":\"Organization\",\"@id\":\"https:\\\/\\\/eettinenluksus.fi\\\/shop\\\/#organization\",\"name\":\"Shop Eettinen Luksus\",\"url\":\"https:\\\/\\\/eettinenluksus.fi\\\/shop\\\/\",\"logo\":{\"@type\":\"ImageObject\",\"inLanguage\":\"en-GB\",\"@id\":\"https:\\\/\\\/eettinenluksus.fi\\\/shop\\\/#\\\/schema\\\/logo\\\/image\\\/\",\"url\":\"https:\\\/\\\/eettinenluksus.fi\\\/shop\\\/wp-content\\\/uploads\\\/sites\\\/4\\\/1664\\\/37\\\/cropped-ELO.jpg\",\"contentUrl\":\"https:\\\/\\\/eettinenluksus.fi\\\/shop\\\/wp-content\\\/uploads\\\/sites\\\/4\\\/1664\\\/37\\\/cropped-ELO.jpg\",\"width\":810,\"height\":350,\"caption\":\"Shop Eettinen Luksus\"},\"image\":{\"@id\":\"https:\\\/\\\/eettinenluksus.fi\\\/shop\\\/#\\\/schema\\\/logo\\\/image\\\/\"},\"sameAs\":[\"https:\\\/\\\/www.facebook.com\\\/eettinenluksus\",\"https:\\\/\\\/www.instagram.com\\\/eettinenluksus\\\/\"]}]}<\/script>\n<meta property=\"product:price:amount\" content=\"6.30\" \/>\n<meta property=\"product:price:currency\" content=\"EUR\" \/>\n<meta property=\"og:availability\" content=\"instock\" \/>\n<meta property=\"product:availability\" content=\"instock\" \/>\n<meta property=\"product:retailer_item_id\" content=\"7224MRE\" \/>\n<meta property=\"product:condition\" content=\"new\" \/>\n<!-- \/ Yoast SEO Premium plugin. -->","yoast_head_json":{"title":"MrEco Luffahankain keitti\u00f6\u00f6n 12x8cm - Shop Eettinen Luksus","description":"Luon\u00adnol\u00adlinen ja ymp\u00e4rist\u00f6\u00adyst\u00e4v\u00e4l\u00adlinen luffahankain tehokkaaseen puh\u00addistuk\u00adseen naar\u00admuttamatta. MrEco Luffahankain keitti\u00f6\u00f6n 12x8cm","robots":{"index":"index","follow":"follow","max-snippet":"max-snippet:-1","max-image-preview":"max-image-preview:large","max-video-preview":"max-video-preview:-1"},"canonical":"https:\/\/eettinenluksus.fi\/shop\/en\/product\/mreco-luffahankain-keittioon-12x8cm\/","og_locale":"en_GB","og_type":"article","og_title":"MrEco Luffahankain keitti\u00f6\u00f6n 12x8cm","og_description":"Luon\u00adnol\u00adlinen ja ymp\u00e4rist\u00f6\u00adyst\u00e4v\u00e4l\u00adlinen luffahankain tehokkaaseen puh\u00addistuk\u00adseen naar\u00admuttamatta. MrEco Luffahankain keitti\u00f6\u00f6n 12x8cm","og_url":"https:\/\/eettinenluksus.fi\/shop\/en\/product\/mreco-luffahankain-keittioon-12x8cm\/","og_site_name":"Shop Eettinen Luksus","article_publisher":"https:\/\/www.facebook.com\/eettinenluksus","article_modified_time":"2024-09-20T10:31:41+00:00","og_image":[{"width":1045,"height":1045,"url":"https:\/\/eettinenluksus.fi\/shop\/wp-content\/uploads\/sites\/4\/1726\/28\/MrEco-Luffahankain-keittioon-nelio.jpg","type":"image\/jpeg"}],"twitter_card":"summary_large_image","twitter_misc":{"Price":"6,30&nbsp;&euro;","Availability":"In stock"},"schema":{"@context":"https:\/\/schema.org","@graph":[{"@type":"WebPage","@id":"https:\/\/eettinenluksus.fi\/shop\/tuote\/mreco-luffahankain-keittioon-12x8cm\/","url":"https:\/\/eettinenluksus.fi\/shop\/tuote\/mreco-luffahankain-keittioon-12x8cm\/","name":"MrEco Luffahankain keitti\u00f6\u00f6n 12x8cm - Shop Eettinen Luksus","isPartOf":{"@id":"https:\/\/eettinenluksus.fi\/shop\/#website"},"primaryImageOfPage":{"@id":"https:\/\/eettinenluksus.fi\/shop\/tuote\/mreco-luffahankain-keittioon-12x8cm\/#primaryimage"},"image":{"@id":"https:\/\/eettinenluksus.fi\/shop\/tuote\/mreco-luffahankain-keittioon-12x8cm\/#primaryimage"},"thumbnailUrl":"https:\/\/eettinenluksus.fi\/shop\/wp-content\/uploads\/sites\/4\/1726\/28\/MrEco-Luffahankain-keittioon-nelio.jpg","datePublished":"2022-10-06T11:27:29+00:00","dateModified":"2024-09-20T10:31:41+00:00","description":"Luon\u00adnol\u00adlinen ja ymp\u00e4rist\u00f6\u00adyst\u00e4v\u00e4l\u00adlinen luffahankain tehokkaaseen puh\u00addistuk\u00adseen naar\u00admuttamatta. MrEco Luffahankain keitti\u00f6\u00f6n 12x8cm","breadcrumb":{"@id":"https:\/\/eettinenluksus.fi\/shop\/tuote\/mreco-luffahankain-keittioon-12x8cm\/#breadcrumb"},"inLanguage":"en-GB","potentialAction":[{"@type":"ReadAction","target":["https:\/\/eettinenluksus.fi\/shop\/tuote\/mreco-luffahankain-keittioon-12x8cm\/"]}]},{"@type":"ImageObject","inLanguage":"en-GB","@id":"https:\/\/eettinenluksus.fi\/shop\/tuote\/mreco-luffahankain-keittioon-12x8cm\/#primaryimage","url":"https:\/\/eettinenluksus.fi\/shop\/wp-content\/uploads\/sites\/4\/1726\/28\/MrEco-Luffahankain-keittioon-nelio.jpg","contentUrl":"https:\/\/eettinenluksus.fi\/shop\/wp-content\/uploads\/sites\/4\/1726\/28\/MrEco-Luffahankain-keittioon-nelio.jpg","width":1045,"height":1045,"caption":"MrEco Luffahankain keitti\u00f6\u00f6n"},{"@type":"BreadcrumbList","@id":"https:\/\/eettinenluksus.fi\/shop\/tuote\/mreco-luffahankain-keittioon-12x8cm\/#breadcrumb","itemListElement":[{"@type":"ListItem","position":1,"name":"Etusivu","item":"https:\/\/eettinenluksus.fi\/shop\/"},{"@type":"ListItem","position":2,"name":"Kauppa","item":"https:\/\/eettinenluksus.fi\/shop\/en\/kauppa\/"},{"@type":"ListItem","position":3,"name":"MrEco Luffahankain keitti\u00f6\u00f6n 12x8cm"}]},{"@type":"WebSite","@id":"https:\/\/eettinenluksus.fi\/shop\/#website","url":"https:\/\/eettinenluksus.fi\/shop\/","name":"Shop Eettinen Luksus","description":"Uusi verkkokauppa","publisher":{"@id":"https:\/\/eettinenluksus.fi\/shop\/#organization"},"potentialAction":[{"@type":"SearchAction","target":{"@type":"EntryPoint","urlTemplate":"https:\/\/eettinenluksus.fi\/shop\/?s={search_term_string}"},"query-input":{"@type":"PropertyValueSpecification","valueRequired":true,"valueName":"search_term_string"}}],"inLanguage":"en-GB"},{"@type":"Organization","@id":"https:\/\/eettinenluksus.fi\/shop\/#organization","name":"Shop Eettinen Luksus","url":"https:\/\/eettinenluksus.fi\/shop\/","logo":{"@type":"ImageObject","inLanguage":"en-GB","@id":"https:\/\/eettinenluksus.fi\/shop\/#\/schema\/logo\/image\/","url":"https:\/\/eettinenluksus.fi\/shop\/wp-content\/uploads\/sites\/4\/1664\/37\/cropped-ELO.jpg","contentUrl":"https:\/\/eettinenluksus.fi\/shop\/wp-content\/uploads\/sites\/4\/1664\/37\/cropped-ELO.jpg","width":810,"height":350,"caption":"Shop Eettinen Luksus"},"image":{"@id":"https:\/\/eettinenluksus.fi\/shop\/#\/schema\/logo\/image\/"},"sameAs":["https:\/\/www.facebook.com\/eettinenluksus","https:\/\/www.instagram.com\/eettinenluksus\/"]}]},"product_price_amount":"6.30","product_price_currency":"EUR","og_availability":"instock","product_availability":"instock","product_retailer_item_id":"7224MRE","product_condition":"new"},"_links":{"self":[{"href":"https:\/\/eettinenluksus.fi\/shop\/en\/wp-json\/wp\/v2\/product\/513","targetHints":{"allow":["GET"]}}],"collection":[{"href":"https:\/\/eettinenluksus.fi\/shop\/en\/wp-json\/wp\/v2\/product"}],"about":[{"href":"https:\/\/eettinenluksus.fi\/shop\/en\/wp-json\/wp\/v2\/types\/product"}],"version-history":[{"count":12,"href":"https:\/\/eettinenluksus.fi\/shop\/en\/wp-json\/wp\/v2\/product\/513\/revisions"}],"predecessor-version":[{"id":2815,"href":"https:\/\/eettinenluksus.fi\/shop\/en\/wp-json\/wp\/v2\/product\/513\/revisions\/2815"}],"wp:featuredmedia":[{"embeddable":true,"href":"https:\/\/eettinenluksus.fi\/shop\/en\/wp-json\/wp\/v2\/media\/4106"}],"wp:attachment":[{"href":"https:\/\/eettinenluksus.fi\/shop\/en\/wp-json\/wp\/v2\/media?parent=513"}],"wp:term":[{"taxonomy":"product_brand","embeddable":true,"href":"https:\/\/eettinenluksus.fi\/shop\/en\/wp-json\/wp\/v2\/product_brand?post=513"},{"taxonomy":"product_cat","embeddable":true,"href":"https:\/\/eettinenluksus.fi\/shop\/en\/wp-json\/wp\/v2\/product_cat?post=513"},{"taxonomy":"product_tag","embeddable":true,"href":"https:\/\/eettinenluksus.fi\/shop\/en\/wp-json\/wp\/v2\/product_tag?post=513"}],"curies":[{"name":"wp","href":"https:\/\/api.w.org\/{rel}","templated":true}]}}