{"id":4883,"date":"2025-06-13T15:38:21","date_gmt":"2025-06-13T12:38:21","guid":{"rendered":"https:\/\/eettinenluksus.fi\/shop\/?post_type=product&#038;p=4883"},"modified":"2025-07-04T09:30:08","modified_gmt":"2025-07-04T06:30:08","slug":"method-paketti-syksyn-sinista","status":"publish","type":"product","link":"https:\/\/eettinenluksus.fi\/shop\/en\/product\/method-paketti-syksyn-sinista\/","title":{"rendered":"Method set Blue autumn"},"content":{"rendered":"<p>Method set Blue autumn<\/p>\n<p>Contains six products:<\/p>\n<p><a href=\"https:\/\/eettinenluksus.fi\/shop\/tuote\/method-pyykinpesuaine-berry-bliss\" target=\"_blank\" rel=\"noopener\">Method Laundry Liquid Berry Bliss 990ml<\/a><\/p>\n<p>Discover a fresh laundry regime with method that keeps you looking and feeling your best self with every wash.\n\nWorks Wonders at 20\u00b0 \u2013 knocks out tough stains and revives colours. plus our unique carezyme banishes bothersome bobbles over time.<\/p>\n<p><a href=\"https:\/\/eettinenluksus.fi\/shop\/tuote\/method-yleispuhdistussuihke-deep-house-828ml\/\" target=\"_blank\" rel=\"noopener\">Method Multi-Surface Spray Deep House 828ml<\/a><\/p>\n<div class=\"woocommerce-product-details__short-description\">\n<p>Curated deep clean playlists designed for a deep clean with the right tunes in mind, our latest limited edition was inspired by the best genre to do a deep clean to. Deep house music. This remix makes house work more house party. Exclusive limited edition fragrance - ignite and energise your senses with a bold oud bass, harmonised with spicy saffron + infectious oud grooves.<\/p>\n<\/div>\n<p><a href=\"https:\/\/eettinenluksus.fi\/shop\/tuote\/method-nestesaippua-french-lavender-354ml\/\" target=\"_blank\" rel=\"noopener\">Method Hand Soap French Lavender 354ml<\/a><\/p>\n<div class=\"woocommerce-product-details__short-description\">\n<p>Made from plant-based ingredients. Gently cleanses skin. Contains glycerin, aloe vera and vitamin E. Scent French Lavender - Is there really any other kind? This enchanting medley of lavender, bergamot, purple sage + chamomile is like a brief respite to the french countryside.<\/p>\n<\/div>\n<p><a href=\"https:\/\/eettinenluksus.fi\/shop\/tuote\/method-puhdistussuihke-teras-354ml\/\">Method Stainless steel Spray 354ml<\/a><\/p>\n<p>Plant and mineral-based biodegradable stainless steel cleaner. Efficiently cleans and polishes stainless steel surfaces: draining boards, taps, steel appliances and other furniture. Removes fingerprints, grease and other traces without stripes. It is advisable to wipe the brushed steel in the direction of brushing. And then, to do the magic.<\/p>\n<p><a href=\"https:\/\/eettinenluksus.fi\/shop\/tuote\/method-suihkusaippua-wind-down-532ml\/\" target=\"_blank\" rel=\"noopener\">Method Body wash Wind Down 532ml<\/a><\/p>\n<p>Mood-boosting bodywash that makes you feel good inside and out. Bonus. It looks great too - and we're pretty pretty sure we've made one for you.\n\nWind down - Had a really\u2026 long day? We got you. Infused with chamomile, starflower + blue lavender, this soothing body wash is made to unwind as it oozes bedtime bliss.<\/p>\n<div class=\"woocommerce-product-details__short-description\">\n<p><a href=\"https:\/\/eettinenluksus.fi\/shop\/tuote\/method-yleispuhdistustiiviste-lively-240ml\/\" target=\"_blank\" rel=\"noopener\">Multi-surface concentrated cleaner Lively 240ml<\/a><\/p>\n<div class=\"woocommerce-product-details__short-description\">\n<p>Mini in size. Mighty in attitude. 10x more concentrated than method 828ml all-purpose cleaner. Packed with plant-based cleaning power.<\/p>\n<\/div>\n<\/div>\n<ul>\n<li>Not tested on animals<\/li>\n<li>No animal-based ingredients<\/li>\n<li>Leaping Bunny certificate<\/li>\n<\/ul>","protected":false},"excerpt":{"rendered":"<p>Method set Blue autumn<\/p>\n<p>Contains six products:<\/p>\n<ul>\n<li>Method Laundry Liquid Berry Bliss 990ml<\/li>\n<li>Method Multi-Surface Spray Deep House 828ml<\/li>\n<li>Method Hand Soap French Lavender 354ml<\/li>\n<li>Method Stainless steel Spray 354ml<\/li>\n<li>Method Body wash Wind Down 532ml<\/li>\n<li>Multi-surface concentrated cleaner Lively 240ml<\/li>\n<\/ul>","protected":false},"featured_media":4938,"template":"","meta":{"inline_featured_image":false},"product_brand":[],"product_cat":[50,51,17,22,20,21,19,427,52,49,56,338],"product_tag":[],"class_list":{"0":"post-4883","1":"product","2":"type-product","3":"status-publish","4":"has-post-thumbnail","6":"product_cat-erikoispuhdistus","7":"product_cat-kasienpesu","8":"product_cat-method","9":"product_cat-method-erikoispuhdistus","10":"product_cat-method-kasienpesu","11":"product_cat-method-pyykinpesu","12":"product_cat-method-siivous","13":"product_cat-method-tuotepaketit","14":"product_cat-pyykinpesu","15":"product_cat-siivous","16":"product_cat-tuotepaketit","17":"product_cat-vartalonpesu","19":"first","20":"instock","21":"featured","22":"taxable","23":"shipping-taxable","24":"purchasable","25":"product-type-simple"},"yoast_head":"<!-- This site is optimized with the Yoast SEO Premium plugin v26.8 (Yoast SEO v27.4) - https:\/\/yoast.com\/product\/yoast-seo-premium-wordpress\/ -->\n<title>Method-paketti Syksyn sinist\u00e4 - Shop Eettinen Luksus<\/title>\n<meta name=\"description\" content=\"Method-paketti Syksyn sine\u00e4: limited edition -tuote, nestesaippua, pyykinpesuaine, ter\u00e4ksen puhdistussuihke, suihkusaippua, yleispuhdistustiiviste\" \/>\n<meta name=\"robots\" content=\"index, follow, max-snippet:-1, max-image-preview:large, max-video-preview:-1\" \/>\n<link rel=\"canonical\" href=\"https:\/\/eettinenluksus.fi\/shop\/en\/product\/method-paketti-syksyn-sinista\/\" \/>\n<meta property=\"og:locale\" content=\"en_GB\" \/>\n<meta property=\"og:type\" content=\"article\" \/>\n<meta property=\"og:title\" content=\"Method-paketti Syksyn sinist\u00e4\" \/>\n<meta property=\"og:description\" content=\"Method-paketti Syksyn sine\u00e4: limited edition -tuote, nestesaippua, pyykinpesuaine, ter\u00e4ksen puhdistussuihke, suihkusaippua, yleispuhdistustiiviste\" \/>\n<meta property=\"og:url\" content=\"https:\/\/eettinenluksus.fi\/shop\/en\/product\/method-paketti-syksyn-sinista\/\" \/>\n<meta property=\"og:site_name\" content=\"Shop Eettinen Luksus\" \/>\n<meta property=\"article:publisher\" content=\"https:\/\/www.facebook.com\/eettinenluksus\" \/>\n<meta property=\"article:modified_time\" content=\"2025-07-04T06:30:08+00:00\" \/>\n<meta property=\"og:image\" content=\"https:\/\/eettinenluksus.fi\/shop\/wp-content\/uploads\/sites\/4\/2025\/06\/Cityshoppari-syksy-2025-866x866px-kuva-50.webp\" \/>\n\t<meta property=\"og:image:width\" content=\"866\" \/>\n\t<meta property=\"og:image:height\" content=\"866\" \/>\n\t<meta property=\"og:image:type\" content=\"image\/webp\" \/>\n<meta name=\"twitter:card\" content=\"summary_large_image\" \/>\n<meta name=\"twitter:label1\" content=\"Price\" \/>\n\t<meta name=\"twitter:data1\" content=\"55,00&nbsp;&euro;\" \/>\n\t<meta name=\"twitter:label2\" content=\"Availability\" \/>\n\t<meta name=\"twitter:data2\" content=\"In stock\" \/>\n<script type=\"application\/ld+json\" class=\"yoast-schema-graph\">{\"@context\":\"https:\\\/\\\/schema.org\",\"@graph\":[{\"@type\":\"WebPage\",\"@id\":\"https:\\\/\\\/eettinenluksus.fi\\\/shop\\\/tuote\\\/method-paketti-syksyn-sinista\\\/\",\"url\":\"https:\\\/\\\/eettinenluksus.fi\\\/shop\\\/tuote\\\/method-paketti-syksyn-sinista\\\/\",\"name\":\"Method-paketti Syksyn sinist\u00e4 - Shop Eettinen Luksus\",\"isPartOf\":{\"@id\":\"https:\\\/\\\/eettinenluksus.fi\\\/shop\\\/#website\"},\"primaryImageOfPage\":{\"@id\":\"https:\\\/\\\/eettinenluksus.fi\\\/shop\\\/tuote\\\/method-paketti-syksyn-sinista\\\/#primaryimage\"},\"image\":{\"@id\":\"https:\\\/\\\/eettinenluksus.fi\\\/shop\\\/tuote\\\/method-paketti-syksyn-sinista\\\/#primaryimage\"},\"thumbnailUrl\":\"https:\\\/\\\/eettinenluksus.fi\\\/shop\\\/wp-content\\\/uploads\\\/sites\\\/4\\\/2025\\\/06\\\/Cityshoppari-syksy-2025-866x866px-kuva-50.webp\",\"datePublished\":\"2025-06-13T12:38:21+00:00\",\"dateModified\":\"2025-07-04T06:30:08+00:00\",\"description\":\"Method-paketti Syksyn sine\u00e4: limited edition -tuote, nestesaippua, pyykinpesuaine, ter\u00e4ksen puhdistussuihke, suihkusaippua, yleispuhdistustiiviste\",\"breadcrumb\":{\"@id\":\"https:\\\/\\\/eettinenluksus.fi\\\/shop\\\/tuote\\\/method-paketti-syksyn-sinista\\\/#breadcrumb\"},\"inLanguage\":\"en-GB\",\"potentialAction\":[{\"@type\":\"ReadAction\",\"target\":[\"https:\\\/\\\/eettinenluksus.fi\\\/shop\\\/tuote\\\/method-paketti-syksyn-sinista\\\/\"]}]},{\"@type\":\"ImageObject\",\"inLanguage\":\"en-GB\",\"@id\":\"https:\\\/\\\/eettinenluksus.fi\\\/shop\\\/tuote\\\/method-paketti-syksyn-sinista\\\/#primaryimage\",\"url\":\"https:\\\/\\\/eettinenluksus.fi\\\/shop\\\/wp-content\\\/uploads\\\/sites\\\/4\\\/2025\\\/06\\\/Cityshoppari-syksy-2025-866x866px-kuva-50.webp\",\"contentUrl\":\"https:\\\/\\\/eettinenluksus.fi\\\/shop\\\/wp-content\\\/uploads\\\/sites\\\/4\\\/2025\\\/06\\\/Cityshoppari-syksy-2025-866x866px-kuva-50.webp\",\"width\":866,\"height\":866,\"caption\":\"Method Syksyn sinist\u00e4 -paketti\"},{\"@type\":\"BreadcrumbList\",\"@id\":\"https:\\\/\\\/eettinenluksus.fi\\\/shop\\\/tuote\\\/method-paketti-syksyn-sinista\\\/#breadcrumb\",\"itemListElement\":[{\"@type\":\"ListItem\",\"position\":1,\"name\":\"Etusivu\",\"item\":\"https:\\\/\\\/eettinenluksus.fi\\\/shop\\\/\"},{\"@type\":\"ListItem\",\"position\":2,\"name\":\"Kauppa\",\"item\":\"https:\\\/\\\/eettinenluksus.fi\\\/shop\\\/en\\\/kauppa\\\/\"},{\"@type\":\"ListItem\",\"position\":3,\"name\":\"Method-paketti Syksyn sinist\u00e4\"}]},{\"@type\":\"WebSite\",\"@id\":\"https:\\\/\\\/eettinenluksus.fi\\\/shop\\\/#website\",\"url\":\"https:\\\/\\\/eettinenluksus.fi\\\/shop\\\/\",\"name\":\"Shop Eettinen Luksus\",\"description\":\"Uusi verkkokauppa\",\"publisher\":{\"@id\":\"https:\\\/\\\/eettinenluksus.fi\\\/shop\\\/#organization\"},\"potentialAction\":[{\"@type\":\"SearchAction\",\"target\":{\"@type\":\"EntryPoint\",\"urlTemplate\":\"https:\\\/\\\/eettinenluksus.fi\\\/shop\\\/?s={search_term_string}\"},\"query-input\":{\"@type\":\"PropertyValueSpecification\",\"valueRequired\":true,\"valueName\":\"search_term_string\"}}],\"inLanguage\":\"en-GB\"},{\"@type\":\"Organization\",\"@id\":\"https:\\\/\\\/eettinenluksus.fi\\\/shop\\\/#organization\",\"name\":\"Shop Eettinen Luksus\",\"url\":\"https:\\\/\\\/eettinenluksus.fi\\\/shop\\\/\",\"logo\":{\"@type\":\"ImageObject\",\"inLanguage\":\"en-GB\",\"@id\":\"https:\\\/\\\/eettinenluksus.fi\\\/shop\\\/#\\\/schema\\\/logo\\\/image\\\/\",\"url\":\"https:\\\/\\\/eettinenluksus.fi\\\/shop\\\/wp-content\\\/uploads\\\/sites\\\/4\\\/1664\\\/37\\\/cropped-ELO.jpg\",\"contentUrl\":\"https:\\\/\\\/eettinenluksus.fi\\\/shop\\\/wp-content\\\/uploads\\\/sites\\\/4\\\/1664\\\/37\\\/cropped-ELO.jpg\",\"width\":810,\"height\":350,\"caption\":\"Shop Eettinen Luksus\"},\"image\":{\"@id\":\"https:\\\/\\\/eettinenluksus.fi\\\/shop\\\/#\\\/schema\\\/logo\\\/image\\\/\"},\"sameAs\":[\"https:\\\/\\\/www.facebook.com\\\/eettinenluksus\",\"https:\\\/\\\/www.instagram.com\\\/eettinenluksus\\\/\"]}]}<\/script>\n<meta property=\"product:price:amount\" content=\"55.00\" \/>\n<meta property=\"product:price:currency\" content=\"EUR\" \/>\n<meta property=\"og:availability\" content=\"instock\" \/>\n<meta property=\"product:availability\" content=\"instock\" \/>\n<meta property=\"product:condition\" content=\"new\" \/>\n<!-- \/ Yoast SEO Premium plugin. -->","yoast_head_json":{"title":"Method-paketti Syksyn sinist\u00e4 - Shop Eettinen Luksus","description":"Method-paketti Syksyn sine\u00e4: limited edition -tuote, nestesaippua, pyykinpesuaine, ter\u00e4ksen puhdistussuihke, suihkusaippua, yleispuhdistustiiviste","robots":{"index":"index","follow":"follow","max-snippet":"max-snippet:-1","max-image-preview":"max-image-preview:large","max-video-preview":"max-video-preview:-1"},"canonical":"https:\/\/eettinenluksus.fi\/shop\/en\/product\/method-paketti-syksyn-sinista\/","og_locale":"en_GB","og_type":"article","og_title":"Method-paketti Syksyn sinist\u00e4","og_description":"Method-paketti Syksyn sine\u00e4: limited edition -tuote, nestesaippua, pyykinpesuaine, ter\u00e4ksen puhdistussuihke, suihkusaippua, yleispuhdistustiiviste","og_url":"https:\/\/eettinenluksus.fi\/shop\/en\/product\/method-paketti-syksyn-sinista\/","og_site_name":"Shop Eettinen Luksus","article_publisher":"https:\/\/www.facebook.com\/eettinenluksus","article_modified_time":"2025-07-04T06:30:08+00:00","og_image":[{"width":866,"height":866,"url":"https:\/\/eettinenluksus.fi\/shop\/wp-content\/uploads\/sites\/4\/2025\/06\/Cityshoppari-syksy-2025-866x866px-kuva-50.webp","type":"image\/webp"}],"twitter_card":"summary_large_image","twitter_misc":{"Price":"55,00&nbsp;&euro;","Availability":"In stock"},"schema":{"@context":"https:\/\/schema.org","@graph":[{"@type":"WebPage","@id":"https:\/\/eettinenluksus.fi\/shop\/tuote\/method-paketti-syksyn-sinista\/","url":"https:\/\/eettinenluksus.fi\/shop\/tuote\/method-paketti-syksyn-sinista\/","name":"Method-paketti Syksyn sinist\u00e4 - Shop Eettinen Luksus","isPartOf":{"@id":"https:\/\/eettinenluksus.fi\/shop\/#website"},"primaryImageOfPage":{"@id":"https:\/\/eettinenluksus.fi\/shop\/tuote\/method-paketti-syksyn-sinista\/#primaryimage"},"image":{"@id":"https:\/\/eettinenluksus.fi\/shop\/tuote\/method-paketti-syksyn-sinista\/#primaryimage"},"thumbnailUrl":"https:\/\/eettinenluksus.fi\/shop\/wp-content\/uploads\/sites\/4\/2025\/06\/Cityshoppari-syksy-2025-866x866px-kuva-50.webp","datePublished":"2025-06-13T12:38:21+00:00","dateModified":"2025-07-04T06:30:08+00:00","description":"Method-paketti Syksyn sine\u00e4: limited edition -tuote, nestesaippua, pyykinpesuaine, ter\u00e4ksen puhdistussuihke, suihkusaippua, yleispuhdistustiiviste","breadcrumb":{"@id":"https:\/\/eettinenluksus.fi\/shop\/tuote\/method-paketti-syksyn-sinista\/#breadcrumb"},"inLanguage":"en-GB","potentialAction":[{"@type":"ReadAction","target":["https:\/\/eettinenluksus.fi\/shop\/tuote\/method-paketti-syksyn-sinista\/"]}]},{"@type":"ImageObject","inLanguage":"en-GB","@id":"https:\/\/eettinenluksus.fi\/shop\/tuote\/method-paketti-syksyn-sinista\/#primaryimage","url":"https:\/\/eettinenluksus.fi\/shop\/wp-content\/uploads\/sites\/4\/2025\/06\/Cityshoppari-syksy-2025-866x866px-kuva-50.webp","contentUrl":"https:\/\/eettinenluksus.fi\/shop\/wp-content\/uploads\/sites\/4\/2025\/06\/Cityshoppari-syksy-2025-866x866px-kuva-50.webp","width":866,"height":866,"caption":"Method Syksyn sinist\u00e4 -paketti"},{"@type":"BreadcrumbList","@id":"https:\/\/eettinenluksus.fi\/shop\/tuote\/method-paketti-syksyn-sinista\/#breadcrumb","itemListElement":[{"@type":"ListItem","position":1,"name":"Etusivu","item":"https:\/\/eettinenluksus.fi\/shop\/"},{"@type":"ListItem","position":2,"name":"Kauppa","item":"https:\/\/eettinenluksus.fi\/shop\/en\/kauppa\/"},{"@type":"ListItem","position":3,"name":"Method-paketti Syksyn sinist\u00e4"}]},{"@type":"WebSite","@id":"https:\/\/eettinenluksus.fi\/shop\/#website","url":"https:\/\/eettinenluksus.fi\/shop\/","name":"Shop Eettinen Luksus","description":"Uusi verkkokauppa","publisher":{"@id":"https:\/\/eettinenluksus.fi\/shop\/#organization"},"potentialAction":[{"@type":"SearchAction","target":{"@type":"EntryPoint","urlTemplate":"https:\/\/eettinenluksus.fi\/shop\/?s={search_term_string}"},"query-input":{"@type":"PropertyValueSpecification","valueRequired":true,"valueName":"search_term_string"}}],"inLanguage":"en-GB"},{"@type":"Organization","@id":"https:\/\/eettinenluksus.fi\/shop\/#organization","name":"Shop Eettinen Luksus","url":"https:\/\/eettinenluksus.fi\/shop\/","logo":{"@type":"ImageObject","inLanguage":"en-GB","@id":"https:\/\/eettinenluksus.fi\/shop\/#\/schema\/logo\/image\/","url":"https:\/\/eettinenluksus.fi\/shop\/wp-content\/uploads\/sites\/4\/1664\/37\/cropped-ELO.jpg","contentUrl":"https:\/\/eettinenluksus.fi\/shop\/wp-content\/uploads\/sites\/4\/1664\/37\/cropped-ELO.jpg","width":810,"height":350,"caption":"Shop Eettinen Luksus"},"image":{"@id":"https:\/\/eettinenluksus.fi\/shop\/#\/schema\/logo\/image\/"},"sameAs":["https:\/\/www.facebook.com\/eettinenluksus","https:\/\/www.instagram.com\/eettinenluksus\/"]}]},"product_price_amount":"55.00","product_price_currency":"EUR","og_availability":"instock","product_availability":"instock","product_condition":"new"},"_links":{"self":[{"href":"https:\/\/eettinenluksus.fi\/shop\/en\/wp-json\/wp\/v2\/product\/4883","targetHints":{"allow":["GET"]}}],"collection":[{"href":"https:\/\/eettinenluksus.fi\/shop\/en\/wp-json\/wp\/v2\/product"}],"about":[{"href":"https:\/\/eettinenluksus.fi\/shop\/en\/wp-json\/wp\/v2\/types\/product"}],"version-history":[{"count":7,"href":"https:\/\/eettinenluksus.fi\/shop\/en\/wp-json\/wp\/v2\/product\/4883\/revisions"}],"predecessor-version":[{"id":4939,"href":"https:\/\/eettinenluksus.fi\/shop\/en\/wp-json\/wp\/v2\/product\/4883\/revisions\/4939"}],"wp:featuredmedia":[{"embeddable":true,"href":"https:\/\/eettinenluksus.fi\/shop\/en\/wp-json\/wp\/v2\/media\/4938"}],"wp:attachment":[{"href":"https:\/\/eettinenluksus.fi\/shop\/en\/wp-json\/wp\/v2\/media?parent=4883"}],"wp:term":[{"taxonomy":"product_brand","embeddable":true,"href":"https:\/\/eettinenluksus.fi\/shop\/en\/wp-json\/wp\/v2\/product_brand?post=4883"},{"taxonomy":"product_cat","embeddable":true,"href":"https:\/\/eettinenluksus.fi\/shop\/en\/wp-json\/wp\/v2\/product_cat?post=4883"},{"taxonomy":"product_tag","embeddable":true,"href":"https:\/\/eettinenluksus.fi\/shop\/en\/wp-json\/wp\/v2\/product_tag?post=4883"}],"curies":[{"name":"wp","href":"https:\/\/api.w.org\/{rel}","templated":true}]}}