{"id":4878,"date":"2025-08-04T13:24:11","date_gmt":"2025-08-04T10:24:11","guid":{"rendered":"https:\/\/eettinenluksus.fi\/shop\/?post_type=product&#038;p=4878"},"modified":"2025-08-04T14:45:48","modified_gmt":"2025-08-04T11:45:48","slug":"method-pyykinpesuaine-berry-bliss","status":"publish","type":"product","link":"https:\/\/eettinenluksus.fi\/shop\/en\/product\/method-pyykinpesuaine-berry-bliss\/","title":{"rendered":"Method Laundry Liquid Berry Bliss 990ml"},"content":{"rendered":"<p style=\"font-size: 0px;\">Method Laundry Liquid Peony Blush 990ml<\/p>\n<p>Discover a fresh laundry regime with method that keeps you looking and feeling your best self with every wash.\n\nWorks Wonders at 20\u00b0 \u2013 knocks out tough stains and revives colours. plus our unique carezyme banishes bothersome bobbles over time.<\/p>\n<p>DYNAMIC DUETS FOR A HARMONISED SCENT \u2013 whether you like pina coladas, prefer a bouquet of peonies, or want berry-loads of fruity freshness, try our matching fabric softener for a more vivid fragrance.<\/p>\n<p>MISSION STATEMENT \u2013 with a little creativity and a heap of conviction, we can do big things. Preferably while wearing a rainbow and smelling like sunshine.<\/p>\n<p>&nbsp;<\/p>\n<ul>\n<li>40 washes in soft water\/ 33 washes in hard water<\/li>\n<li>no animal testing<\/li>\n<li>Leaping bunny certificate<\/li>\n<li>made from 100% recycled plastic (not cap)<\/li>\n<\/ul>\n<p>&nbsp;<\/p>","protected":false},"excerpt":{"rendered":"<p>Concentrated laundry detergent for white and coloured clothes.<\/p>\n<p>Works Wonders at 20\u00b0 \u2013 knocks out tough stains and revives colours.<\/p>\n<p>Tuoksuna Berry Bliss.<\/p>","protected":false},"featured_media":4879,"template":"","meta":{"inline_featured_image":false},"product_brand":[],"product_cat":[17,21,52],"product_tag":[],"class_list":{"0":"post-4878","1":"product","2":"type-product","3":"status-publish","4":"has-post-thumbnail","6":"product_cat-method","7":"product_cat-method-pyykinpesu","8":"product_cat-pyykinpesu","10":"first","11":"instock","12":"featured","13":"taxable","14":"shipping-taxable","15":"purchasable","16":"product-type-simple"},"yoast_head":"<!-- This site is optimized with the Yoast SEO Premium plugin v26.8 (Yoast SEO v27.4) - https:\/\/yoast.com\/product\/yoast-seo-premium-wordpress\/ -->\n<title>Method Pyykinpesuaine Berry Bliss 990ml - Shop Eettinen Luksus<\/title>\n<meta name=\"description\" content=\"Raikas pyykinpesuaine saa sinut n\u00e4ytt\u00e4m\u00e4\u00e4n ja tuntemaan olosi parhaaksi jokaisella pesulla. Ihmeit\u00e4 jo 20 asteessa. Poistaa tahrat ja elvytt\u00e4\u00e4 v\u00e4rej\u00e4.\" \/>\n<meta name=\"robots\" content=\"index, follow, max-snippet:-1, max-image-preview:large, max-video-preview:-1\" \/>\n<link rel=\"canonical\" href=\"https:\/\/eettinenluksus.fi\/shop\/en\/product\/method-pyykinpesuaine-berry-bliss\/\" \/>\n<meta property=\"og:locale\" content=\"en_GB\" \/>\n<meta property=\"og:type\" content=\"article\" \/>\n<meta property=\"og:title\" content=\"Method Pyykinpesuaine Berry Bliss 990ml\" \/>\n<meta property=\"og:description\" content=\"Raikas pyykinpesuaine saa sinut n\u00e4ytt\u00e4m\u00e4\u00e4n ja tuntemaan olosi parhaaksi jokaisella pesulla. Ihmeit\u00e4 jo 20 asteessa. Poistaa tahrat ja elvytt\u00e4\u00e4 v\u00e4rej\u00e4.\" \/>\n<meta property=\"og:url\" content=\"https:\/\/eettinenluksus.fi\/shop\/en\/product\/method-pyykinpesuaine-berry-bliss\/\" \/>\n<meta property=\"og:site_name\" content=\"Shop Eettinen Luksus\" \/>\n<meta property=\"article:publisher\" content=\"https:\/\/www.facebook.com\/eettinenluksus\" \/>\n<meta property=\"article:modified_time\" content=\"2025-08-04T11:45:48+00:00\" \/>\n<meta property=\"og:image\" content=\"https:\/\/eettinenluksus.fi\/shop\/wp-content\/uploads\/sites\/4\/2025\/06\/MTD_30ml_LALI_Berry_Bliss_0.99L_FI-scaled.png\" \/>\n\t<meta property=\"og:image:width\" content=\"2560\" \/>\n\t<meta property=\"og:image:height\" content=\"2560\" \/>\n\t<meta property=\"og:image:type\" content=\"image\/png\" \/>\n<meta name=\"twitter:card\" content=\"summary_large_image\" \/>\n<meta name=\"twitter:label1\" content=\"Price\" \/>\n\t<meta name=\"twitter:data1\" content=\"12,10&nbsp;&euro;\" \/>\n\t<meta name=\"twitter:label2\" content=\"Availability\" \/>\n\t<meta name=\"twitter:data2\" content=\"In stock\" \/>\n<script type=\"application\/ld+json\" class=\"yoast-schema-graph\">{\"@context\":\"https:\\\/\\\/schema.org\",\"@graph\":[{\"@type\":\"WebPage\",\"@id\":\"https:\\\/\\\/eettinenluksus.fi\\\/shop\\\/tuote\\\/method-pyykinpesuaine-berry-bliss\\\/\",\"url\":\"https:\\\/\\\/eettinenluksus.fi\\\/shop\\\/tuote\\\/method-pyykinpesuaine-berry-bliss\\\/\",\"name\":\"Method Pyykinpesuaine Berry Bliss 990ml - Shop Eettinen Luksus\",\"isPartOf\":{\"@id\":\"https:\\\/\\\/eettinenluksus.fi\\\/shop\\\/#website\"},\"primaryImageOfPage\":{\"@id\":\"https:\\\/\\\/eettinenluksus.fi\\\/shop\\\/tuote\\\/method-pyykinpesuaine-berry-bliss\\\/#primaryimage\"},\"image\":{\"@id\":\"https:\\\/\\\/eettinenluksus.fi\\\/shop\\\/tuote\\\/method-pyykinpesuaine-berry-bliss\\\/#primaryimage\"},\"thumbnailUrl\":\"https:\\\/\\\/eettinenluksus.fi\\\/shop\\\/wp-content\\\/uploads\\\/sites\\\/4\\\/2025\\\/06\\\/MTD_30ml_LALI_Berry_Bliss_0.99L_FI-scaled.png\",\"datePublished\":\"2025-08-04T10:24:11+00:00\",\"dateModified\":\"2025-08-04T11:45:48+00:00\",\"description\":\"Raikas pyykinpesuaine saa sinut n\u00e4ytt\u00e4m\u00e4\u00e4n ja tuntemaan olosi parhaaksi jokaisella pesulla. Ihmeit\u00e4 jo 20 asteessa. Poistaa tahrat ja elvytt\u00e4\u00e4 v\u00e4rej\u00e4.\",\"breadcrumb\":{\"@id\":\"https:\\\/\\\/eettinenluksus.fi\\\/shop\\\/tuote\\\/method-pyykinpesuaine-berry-bliss\\\/#breadcrumb\"},\"inLanguage\":\"en-GB\",\"potentialAction\":[{\"@type\":\"ReadAction\",\"target\":[\"https:\\\/\\\/eettinenluksus.fi\\\/shop\\\/tuote\\\/method-pyykinpesuaine-berry-bliss\\\/\"]}]},{\"@type\":\"ImageObject\",\"inLanguage\":\"en-GB\",\"@id\":\"https:\\\/\\\/eettinenluksus.fi\\\/shop\\\/tuote\\\/method-pyykinpesuaine-berry-bliss\\\/#primaryimage\",\"url\":\"https:\\\/\\\/eettinenluksus.fi\\\/shop\\\/wp-content\\\/uploads\\\/sites\\\/4\\\/2025\\\/06\\\/MTD_30ml_LALI_Berry_Bliss_0.99L_FI-scaled.png\",\"contentUrl\":\"https:\\\/\\\/eettinenluksus.fi\\\/shop\\\/wp-content\\\/uploads\\\/sites\\\/4\\\/2025\\\/06\\\/MTD_30ml_LALI_Berry_Bliss_0.99L_FI-scaled.png\",\"width\":2560,\"height\":2560,\"caption\":\"Method Pyykinpesuaine Berry Bliss 990ml\"},{\"@type\":\"BreadcrumbList\",\"@id\":\"https:\\\/\\\/eettinenluksus.fi\\\/shop\\\/tuote\\\/method-pyykinpesuaine-berry-bliss\\\/#breadcrumb\",\"itemListElement\":[{\"@type\":\"ListItem\",\"position\":1,\"name\":\"Etusivu\",\"item\":\"https:\\\/\\\/eettinenluksus.fi\\\/shop\\\/\"},{\"@type\":\"ListItem\",\"position\":2,\"name\":\"Kauppa\",\"item\":\"https:\\\/\\\/eettinenluksus.fi\\\/shop\\\/en\\\/kauppa\\\/\"},{\"@type\":\"ListItem\",\"position\":3,\"name\":\"Method Pyykinpesuaine Berry Bliss 990ml\"}]},{\"@type\":\"WebSite\",\"@id\":\"https:\\\/\\\/eettinenluksus.fi\\\/shop\\\/#website\",\"url\":\"https:\\\/\\\/eettinenluksus.fi\\\/shop\\\/\",\"name\":\"Shop Eettinen Luksus\",\"description\":\"Uusi verkkokauppa\",\"publisher\":{\"@id\":\"https:\\\/\\\/eettinenluksus.fi\\\/shop\\\/#organization\"},\"potentialAction\":[{\"@type\":\"SearchAction\",\"target\":{\"@type\":\"EntryPoint\",\"urlTemplate\":\"https:\\\/\\\/eettinenluksus.fi\\\/shop\\\/?s={search_term_string}\"},\"query-input\":{\"@type\":\"PropertyValueSpecification\",\"valueRequired\":true,\"valueName\":\"search_term_string\"}}],\"inLanguage\":\"en-GB\"},{\"@type\":\"Organization\",\"@id\":\"https:\\\/\\\/eettinenluksus.fi\\\/shop\\\/#organization\",\"name\":\"Shop Eettinen Luksus\",\"url\":\"https:\\\/\\\/eettinenluksus.fi\\\/shop\\\/\",\"logo\":{\"@type\":\"ImageObject\",\"inLanguage\":\"en-GB\",\"@id\":\"https:\\\/\\\/eettinenluksus.fi\\\/shop\\\/#\\\/schema\\\/logo\\\/image\\\/\",\"url\":\"https:\\\/\\\/eettinenluksus.fi\\\/shop\\\/wp-content\\\/uploads\\\/sites\\\/4\\\/1664\\\/37\\\/cropped-ELO.jpg\",\"contentUrl\":\"https:\\\/\\\/eettinenluksus.fi\\\/shop\\\/wp-content\\\/uploads\\\/sites\\\/4\\\/1664\\\/37\\\/cropped-ELO.jpg\",\"width\":810,\"height\":350,\"caption\":\"Shop Eettinen Luksus\"},\"image\":{\"@id\":\"https:\\\/\\\/eettinenluksus.fi\\\/shop\\\/#\\\/schema\\\/logo\\\/image\\\/\"},\"sameAs\":[\"https:\\\/\\\/www.facebook.com\\\/eettinenluksus\",\"https:\\\/\\\/www.instagram.com\\\/eettinenluksus\\\/\"]}]}<\/script>\n<meta property=\"product:price:amount\" content=\"12.10\" \/>\n<meta property=\"product:price:currency\" content=\"EUR\" \/>\n<meta property=\"og:availability\" content=\"instock\" \/>\n<meta property=\"product:availability\" content=\"instock\" \/>\n<meta property=\"product:retailer_item_id\" content=\"4006538\" \/>\n<meta property=\"product:condition\" content=\"new\" \/>\n<!-- \/ Yoast SEO Premium plugin. -->","yoast_head_json":{"title":"Method Pyykinpesuaine Berry Bliss 990ml - Shop Eettinen Luksus","description":"Raikas pyykinpesuaine saa sinut n\u00e4ytt\u00e4m\u00e4\u00e4n ja tuntemaan olosi parhaaksi jokaisella pesulla. Ihmeit\u00e4 jo 20 asteessa. Poistaa tahrat ja elvytt\u00e4\u00e4 v\u00e4rej\u00e4.","robots":{"index":"index","follow":"follow","max-snippet":"max-snippet:-1","max-image-preview":"max-image-preview:large","max-video-preview":"max-video-preview:-1"},"canonical":"https:\/\/eettinenluksus.fi\/shop\/en\/product\/method-pyykinpesuaine-berry-bliss\/","og_locale":"en_GB","og_type":"article","og_title":"Method Pyykinpesuaine Berry Bliss 990ml","og_description":"Raikas pyykinpesuaine saa sinut n\u00e4ytt\u00e4m\u00e4\u00e4n ja tuntemaan olosi parhaaksi jokaisella pesulla. Ihmeit\u00e4 jo 20 asteessa. Poistaa tahrat ja elvytt\u00e4\u00e4 v\u00e4rej\u00e4.","og_url":"https:\/\/eettinenluksus.fi\/shop\/en\/product\/method-pyykinpesuaine-berry-bliss\/","og_site_name":"Shop Eettinen Luksus","article_publisher":"https:\/\/www.facebook.com\/eettinenluksus","article_modified_time":"2025-08-04T11:45:48+00:00","og_image":[{"width":2560,"height":2560,"url":"https:\/\/eettinenluksus.fi\/shop\/wp-content\/uploads\/sites\/4\/2025\/06\/MTD_30ml_LALI_Berry_Bliss_0.99L_FI-scaled.png","type":"image\/png"}],"twitter_card":"summary_large_image","twitter_misc":{"Price":"12,10&nbsp;&euro;","Availability":"In stock"},"schema":{"@context":"https:\/\/schema.org","@graph":[{"@type":"WebPage","@id":"https:\/\/eettinenluksus.fi\/shop\/tuote\/method-pyykinpesuaine-berry-bliss\/","url":"https:\/\/eettinenluksus.fi\/shop\/tuote\/method-pyykinpesuaine-berry-bliss\/","name":"Method Pyykinpesuaine Berry Bliss 990ml - Shop Eettinen Luksus","isPartOf":{"@id":"https:\/\/eettinenluksus.fi\/shop\/#website"},"primaryImageOfPage":{"@id":"https:\/\/eettinenluksus.fi\/shop\/tuote\/method-pyykinpesuaine-berry-bliss\/#primaryimage"},"image":{"@id":"https:\/\/eettinenluksus.fi\/shop\/tuote\/method-pyykinpesuaine-berry-bliss\/#primaryimage"},"thumbnailUrl":"https:\/\/eettinenluksus.fi\/shop\/wp-content\/uploads\/sites\/4\/2025\/06\/MTD_30ml_LALI_Berry_Bliss_0.99L_FI-scaled.png","datePublished":"2025-08-04T10:24:11+00:00","dateModified":"2025-08-04T11:45:48+00:00","description":"Raikas pyykinpesuaine saa sinut n\u00e4ytt\u00e4m\u00e4\u00e4n ja tuntemaan olosi parhaaksi jokaisella pesulla. Ihmeit\u00e4 jo 20 asteessa. Poistaa tahrat ja elvytt\u00e4\u00e4 v\u00e4rej\u00e4.","breadcrumb":{"@id":"https:\/\/eettinenluksus.fi\/shop\/tuote\/method-pyykinpesuaine-berry-bliss\/#breadcrumb"},"inLanguage":"en-GB","potentialAction":[{"@type":"ReadAction","target":["https:\/\/eettinenluksus.fi\/shop\/tuote\/method-pyykinpesuaine-berry-bliss\/"]}]},{"@type":"ImageObject","inLanguage":"en-GB","@id":"https:\/\/eettinenluksus.fi\/shop\/tuote\/method-pyykinpesuaine-berry-bliss\/#primaryimage","url":"https:\/\/eettinenluksus.fi\/shop\/wp-content\/uploads\/sites\/4\/2025\/06\/MTD_30ml_LALI_Berry_Bliss_0.99L_FI-scaled.png","contentUrl":"https:\/\/eettinenluksus.fi\/shop\/wp-content\/uploads\/sites\/4\/2025\/06\/MTD_30ml_LALI_Berry_Bliss_0.99L_FI-scaled.png","width":2560,"height":2560,"caption":"Method Pyykinpesuaine Berry Bliss 990ml"},{"@type":"BreadcrumbList","@id":"https:\/\/eettinenluksus.fi\/shop\/tuote\/method-pyykinpesuaine-berry-bliss\/#breadcrumb","itemListElement":[{"@type":"ListItem","position":1,"name":"Etusivu","item":"https:\/\/eettinenluksus.fi\/shop\/"},{"@type":"ListItem","position":2,"name":"Kauppa","item":"https:\/\/eettinenluksus.fi\/shop\/en\/kauppa\/"},{"@type":"ListItem","position":3,"name":"Method Pyykinpesuaine Berry Bliss 990ml"}]},{"@type":"WebSite","@id":"https:\/\/eettinenluksus.fi\/shop\/#website","url":"https:\/\/eettinenluksus.fi\/shop\/","name":"Shop Eettinen Luksus","description":"Uusi verkkokauppa","publisher":{"@id":"https:\/\/eettinenluksus.fi\/shop\/#organization"},"potentialAction":[{"@type":"SearchAction","target":{"@type":"EntryPoint","urlTemplate":"https:\/\/eettinenluksus.fi\/shop\/?s={search_term_string}"},"query-input":{"@type":"PropertyValueSpecification","valueRequired":true,"valueName":"search_term_string"}}],"inLanguage":"en-GB"},{"@type":"Organization","@id":"https:\/\/eettinenluksus.fi\/shop\/#organization","name":"Shop Eettinen Luksus","url":"https:\/\/eettinenluksus.fi\/shop\/","logo":{"@type":"ImageObject","inLanguage":"en-GB","@id":"https:\/\/eettinenluksus.fi\/shop\/#\/schema\/logo\/image\/","url":"https:\/\/eettinenluksus.fi\/shop\/wp-content\/uploads\/sites\/4\/1664\/37\/cropped-ELO.jpg","contentUrl":"https:\/\/eettinenluksus.fi\/shop\/wp-content\/uploads\/sites\/4\/1664\/37\/cropped-ELO.jpg","width":810,"height":350,"caption":"Shop Eettinen Luksus"},"image":{"@id":"https:\/\/eettinenluksus.fi\/shop\/#\/schema\/logo\/image\/"},"sameAs":["https:\/\/www.facebook.com\/eettinenluksus","https:\/\/www.instagram.com\/eettinenluksus\/"]}]},"product_price_amount":"12.10","product_price_currency":"EUR","og_availability":"instock","product_availability":"instock","product_retailer_item_id":"4006538","product_condition":"new"},"_links":{"self":[{"href":"https:\/\/eettinenluksus.fi\/shop\/en\/wp-json\/wp\/v2\/product\/4878","targetHints":{"allow":["GET"]}}],"collection":[{"href":"https:\/\/eettinenluksus.fi\/shop\/en\/wp-json\/wp\/v2\/product"}],"about":[{"href":"https:\/\/eettinenluksus.fi\/shop\/en\/wp-json\/wp\/v2\/types\/product"}],"version-history":[{"count":1,"href":"https:\/\/eettinenluksus.fi\/shop\/en\/wp-json\/wp\/v2\/product\/4878\/revisions"}],"predecessor-version":[{"id":4880,"href":"https:\/\/eettinenluksus.fi\/shop\/en\/wp-json\/wp\/v2\/product\/4878\/revisions\/4880"}],"wp:featuredmedia":[{"embeddable":true,"href":"https:\/\/eettinenluksus.fi\/shop\/en\/wp-json\/wp\/v2\/media\/4879"}],"wp:attachment":[{"href":"https:\/\/eettinenluksus.fi\/shop\/en\/wp-json\/wp\/v2\/media?parent=4878"}],"wp:term":[{"taxonomy":"product_brand","embeddable":true,"href":"https:\/\/eettinenluksus.fi\/shop\/en\/wp-json\/wp\/v2\/product_brand?post=4878"},{"taxonomy":"product_cat","embeddable":true,"href":"https:\/\/eettinenluksus.fi\/shop\/en\/wp-json\/wp\/v2\/product_cat?post=4878"},{"taxonomy":"product_tag","embeddable":true,"href":"https:\/\/eettinenluksus.fi\/shop\/en\/wp-json\/wp\/v2\/product_tag?post=4878"}],"curies":[{"name":"wp","href":"https:\/\/api.w.org\/{rel}","templated":true}]}}