{"id":4770,"date":"2025-04-29T14:45:05","date_gmt":"2025-04-29T11:45:05","guid":{"rendered":"https:\/\/eettinenluksus.fi\/shop\/?post_type=product&#038;p=4770"},"modified":"2025-10-23T17:55:20","modified_gmt":"2025-10-23T14:55:20","slug":"method-paketti-kesan-vihreytta","status":"publish","type":"product","link":"https:\/\/eettinenluksus.fi\/shop\/en\/product\/method-paketti-kesan-vihreytta\/","title":{"rendered":"Method set Summer green"},"content":{"rendered":"<p>Method set Summer green<\/p>\n<p>Contains six products:<\/p>\n<p><a href=\"https:\/\/eettinenluksus.fi\/shop\/tuote\/method-lasinpesuaine-minttu-828ml\/\" target=\"_blank\" rel=\"noopener\">Method Glass Spray 828ml<\/a><\/p>\n<p>Plant- and mineral-based biodegradable Method Glass Spray with Powergreen\u00ae technology cleans windows, mirrors and other glass surfaces with no streaks.<\/p>\n<p><a href=\"https:\/\/eettinenluksus.fi\/shop\/tuote\/method-nestesaippua-waterfall-354ml\/\" target=\"_blank\" rel=\"noopener\">Method Hand soap Waterfall 354ml<\/a><\/p>\n<div class=\"woocommerce-product-details__short-description\">\n<p>Kasvi- ja mineraalipohjainen vegaaninen nestesaippua. Sis\u00e4lt\u00e4\u00e4 glyseriini\u00e4, aloe veraa ja E-vitamiinia. Tuoksu Waterfall \u2013 Pakene hetkeksi meren saarelle. Antaudu lumpeen ja santelipuun miellytt\u00e4v\u00e4\u00e4n tuoksuun.<\/p>\n<\/div>\n<p><a href=\"https:\/\/eettinenluksus.fi\/shop\/tuote\/method-keittion-puhdistusaine-klementiini-828ml\/\" target=\"_blank\" rel=\"noopener\">Method Daily Kitchen 828ml<\/a><\/p>\n<div class=\"woocommerce-product-details__short-description\">\n<p>Ready-to-use and powerful non-toxic surface cleaner with Powergreen\u00ae technology for worktops, tiles, stone, wood and glass.<\/p>\n<\/div>\n<p><a href=\"https:\/\/eettinenluksus.fi\/shop\/tuote\/method-astianpesuaine-citrus-green-tea-532ml\/\" target=\"_blank\" rel=\"noopener\">Method Washing-Up Liquid Citrus Green Tea 532ml<\/a><\/p>\n<p>Ecological washing up. It\u2019s a bit of sass for the side of your sink. Who knew recycled plastic could be so dishy. With powerful plant-based cleaners + biodegradable ingredients it leaves your dishes dazzling and your pots spotless. Simply pump twice onto a sponge or straight into the sink. stand back. admire.<\/p>\n<p><a href=\"https:\/\/eettinenluksus.fi\/shop\/tuote\/method-suihkusaippua-daily-zen-532ml\/\" target=\"_blank\" rel=\"noopener\">Method Body wash Daily Zen 532ml<\/a><\/p>\n<p>Mood-boosting bodywash that makes you feel good inside and out. Bonus. It looks great too - and we're pretty pretty sure we've made one for you. Pure peace - Craving a bit...of calm? We got you. Infused with peony, rose water + pink sea salt, this purifying body wash leaves your skin smelling like a no-stress one.<\/p>\n<p><a href=\"https:\/\/eettinenluksus.fi\/shop\/tuote\/method-yleispuhdistustiiviste-refreshing-240ml\/\" target=\"_blank\" rel=\"noopener\">Multi-surface concentrated cleaner Refreshing 240ml<\/a><\/p>\n<div class=\"woocommerce-product-details__short-description\">\n<p>Mini in size. Mighty in attitude. 10x more concentrated than method 828ml all-purpose cleaner. Packed with plant-based cleaning power.<\/p>\n<\/div>\n<ul>\n<li>Not tested on animals<\/li>\n<li>No animal-based ingredients<\/li>\n<li>Leaping Bunny certificate<\/li>\n<\/ul>","protected":false},"excerpt":{"rendered":"<p>Method set Summer green<\/p>\n<p>Contains six products:<\/p>\n<ul>\n<li>Method Glass Spray 828ml<\/li>\n<li>Method Hand soap Waterfall 354ml<\/li>\n<li>Method Daily Kitchen 828ml<\/li>\n<li>Method Washing-Up Liquid Citrus Green Tea 532ml<\/li>\n<li>Method Body wash Daily Zen 532ml<\/li>\n<li>Multi-surface concentrated cleaner Refreshing 240ml<\/li>\n<\/ul>","protected":false},"featured_media":4774,"template":"","meta":{"inline_featured_image":false},"product_brand":[],"product_cat":[48,50,51,17,26,22,20,19,427,49,56,338],"product_tag":[],"class_list":{"0":"post-4770","1":"product","2":"type-product","3":"status-publish","4":"has-post-thumbnail","6":"product_cat-astianpesu","7":"product_cat-erikoispuhdistus","8":"product_cat-kasienpesu","9":"product_cat-method","10":"product_cat-method-astianpesu","11":"product_cat-method-erikoispuhdistus","12":"product_cat-method-kasienpesu","13":"product_cat-method-siivous","14":"product_cat-method-tuotepaketit","15":"product_cat-siivous","16":"product_cat-tuotepaketit","17":"product_cat-vartalonpesu","19":"first","20":"instock","21":"taxable","22":"shipping-taxable","23":"purchasable","24":"product-type-simple"},"yoast_head":"<!-- This site is optimized with the Yoast SEO Premium plugin v26.8 (Yoast SEO v27.4) - https:\/\/yoast.com\/product\/yoast-seo-premium-wordpress\/ -->\n<title>Method-paketti kes\u00e4n vihreytt\u00e4 - Shop Eettinen Luksus<\/title>\n<meta name=\"description\" content=\"Method-paketti kes\u00e4n vihreytt\u00e4 sis\u00e4lt\u00e4\u00e4 lasinpesuaine, nestesaippua, keitti\u00f6n puhdistusaine, astianpesuaine, suihkusaippua, yleispuhdistustiiviste\" \/>\n<meta name=\"robots\" content=\"index, follow, max-snippet:-1, max-image-preview:large, max-video-preview:-1\" \/>\n<link rel=\"canonical\" href=\"https:\/\/eettinenluksus.fi\/shop\/en\/product\/method-paketti-kesan-vihreytta\/\" \/>\n<meta property=\"og:locale\" content=\"en_GB\" \/>\n<meta property=\"og:type\" content=\"article\" \/>\n<meta property=\"og:title\" content=\"Method-paketti kes\u00e4n vihreytt\u00e4\" \/>\n<meta property=\"og:description\" content=\"Method-paketti kes\u00e4n vihreytt\u00e4 sis\u00e4lt\u00e4\u00e4 lasinpesuaine, nestesaippua, keitti\u00f6n puhdistusaine, astianpesuaine, suihkusaippua, yleispuhdistustiiviste\" \/>\n<meta property=\"og:url\" content=\"https:\/\/eettinenluksus.fi\/shop\/en\/product\/method-paketti-kesan-vihreytta\/\" \/>\n<meta property=\"og:site_name\" content=\"Shop Eettinen Luksus\" \/>\n<meta property=\"article:publisher\" content=\"https:\/\/www.facebook.com\/eettinenluksus\" \/>\n<meta property=\"article:modified_time\" content=\"2025-10-23T14:55:20+00:00\" \/>\n<meta property=\"og:image\" content=\"https:\/\/eettinenluksus.fi\/shop\/wp-content\/uploads\/sites\/4\/2025\/04\/Cityshoppari-kesa-2025-kuva-866x866px.webp\" \/>\n\t<meta property=\"og:image:width\" content=\"866\" \/>\n\t<meta property=\"og:image:height\" content=\"866\" \/>\n\t<meta property=\"og:image:type\" content=\"image\/webp\" \/>\n<meta name=\"twitter:card\" content=\"summary_large_image\" \/>\n<meta name=\"twitter:label1\" content=\"Price\" \/>\n\t<meta name=\"twitter:data1\" content=\"48,00&nbsp;&euro;\" \/>\n\t<meta name=\"twitter:label2\" content=\"Availability\" \/>\n\t<meta name=\"twitter:data2\" content=\"In stock\" \/>\n<script type=\"application\/ld+json\" class=\"yoast-schema-graph\">{\"@context\":\"https:\\\/\\\/schema.org\",\"@graph\":[{\"@type\":\"WebPage\",\"@id\":\"https:\\\/\\\/eettinenluksus.fi\\\/shop\\\/tuote\\\/method-paketti-kesan-vihreytta\\\/\",\"url\":\"https:\\\/\\\/eettinenluksus.fi\\\/shop\\\/tuote\\\/method-paketti-kesan-vihreytta\\\/\",\"name\":\"Method-paketti kes\u00e4n vihreytt\u00e4 - Shop Eettinen Luksus\",\"isPartOf\":{\"@id\":\"https:\\\/\\\/eettinenluksus.fi\\\/shop\\\/#website\"},\"primaryImageOfPage\":{\"@id\":\"https:\\\/\\\/eettinenluksus.fi\\\/shop\\\/tuote\\\/method-paketti-kesan-vihreytta\\\/#primaryimage\"},\"image\":{\"@id\":\"https:\\\/\\\/eettinenluksus.fi\\\/shop\\\/tuote\\\/method-paketti-kesan-vihreytta\\\/#primaryimage\"},\"thumbnailUrl\":\"https:\\\/\\\/eettinenluksus.fi\\\/shop\\\/wp-content\\\/uploads\\\/sites\\\/4\\\/2025\\\/04\\\/Cityshoppari-kesa-2025-kuva-866x866px.webp\",\"datePublished\":\"2025-04-29T11:45:05+00:00\",\"dateModified\":\"2025-10-23T14:55:20+00:00\",\"description\":\"Method-paketti kes\u00e4n vihreytt\u00e4 sis\u00e4lt\u00e4\u00e4 lasinpesuaine, nestesaippua, keitti\u00f6n puhdistusaine, astianpesuaine, suihkusaippua, yleispuhdistustiiviste\",\"breadcrumb\":{\"@id\":\"https:\\\/\\\/eettinenluksus.fi\\\/shop\\\/tuote\\\/method-paketti-kesan-vihreytta\\\/#breadcrumb\"},\"inLanguage\":\"en-GB\",\"potentialAction\":[{\"@type\":\"ReadAction\",\"target\":[\"https:\\\/\\\/eettinenluksus.fi\\\/shop\\\/tuote\\\/method-paketti-kesan-vihreytta\\\/\"]}]},{\"@type\":\"ImageObject\",\"inLanguage\":\"en-GB\",\"@id\":\"https:\\\/\\\/eettinenluksus.fi\\\/shop\\\/tuote\\\/method-paketti-kesan-vihreytta\\\/#primaryimage\",\"url\":\"https:\\\/\\\/eettinenluksus.fi\\\/shop\\\/wp-content\\\/uploads\\\/sites\\\/4\\\/2025\\\/04\\\/Cityshoppari-kesa-2025-kuva-866x866px.webp\",\"contentUrl\":\"https:\\\/\\\/eettinenluksus.fi\\\/shop\\\/wp-content\\\/uploads\\\/sites\\\/4\\\/2025\\\/04\\\/Cityshoppari-kesa-2025-kuva-866x866px.webp\",\"width\":866,\"height\":866,\"caption\":\"method-paketti kes\u00e4n vihreytt\u00e4\"},{\"@type\":\"BreadcrumbList\",\"@id\":\"https:\\\/\\\/eettinenluksus.fi\\\/shop\\\/tuote\\\/method-paketti-kesan-vihreytta\\\/#breadcrumb\",\"itemListElement\":[{\"@type\":\"ListItem\",\"position\":1,\"name\":\"Etusivu\",\"item\":\"https:\\\/\\\/eettinenluksus.fi\\\/shop\\\/\"},{\"@type\":\"ListItem\",\"position\":2,\"name\":\"Kauppa\",\"item\":\"https:\\\/\\\/eettinenluksus.fi\\\/shop\\\/en\\\/kauppa\\\/\"},{\"@type\":\"ListItem\",\"position\":3,\"name\":\"Method-paketti kes\u00e4n vihreytt\u00e4\"}]},{\"@type\":\"WebSite\",\"@id\":\"https:\\\/\\\/eettinenluksus.fi\\\/shop\\\/#website\",\"url\":\"https:\\\/\\\/eettinenluksus.fi\\\/shop\\\/\",\"name\":\"Shop Eettinen Luksus\",\"description\":\"Uusi verkkokauppa\",\"publisher\":{\"@id\":\"https:\\\/\\\/eettinenluksus.fi\\\/shop\\\/#organization\"},\"potentialAction\":[{\"@type\":\"SearchAction\",\"target\":{\"@type\":\"EntryPoint\",\"urlTemplate\":\"https:\\\/\\\/eettinenluksus.fi\\\/shop\\\/?s={search_term_string}\"},\"query-input\":{\"@type\":\"PropertyValueSpecification\",\"valueRequired\":true,\"valueName\":\"search_term_string\"}}],\"inLanguage\":\"en-GB\"},{\"@type\":\"Organization\",\"@id\":\"https:\\\/\\\/eettinenluksus.fi\\\/shop\\\/#organization\",\"name\":\"Shop Eettinen Luksus\",\"url\":\"https:\\\/\\\/eettinenluksus.fi\\\/shop\\\/\",\"logo\":{\"@type\":\"ImageObject\",\"inLanguage\":\"en-GB\",\"@id\":\"https:\\\/\\\/eettinenluksus.fi\\\/shop\\\/#\\\/schema\\\/logo\\\/image\\\/\",\"url\":\"https:\\\/\\\/eettinenluksus.fi\\\/shop\\\/wp-content\\\/uploads\\\/sites\\\/4\\\/1664\\\/37\\\/cropped-ELO.jpg\",\"contentUrl\":\"https:\\\/\\\/eettinenluksus.fi\\\/shop\\\/wp-content\\\/uploads\\\/sites\\\/4\\\/1664\\\/37\\\/cropped-ELO.jpg\",\"width\":810,\"height\":350,\"caption\":\"Shop Eettinen Luksus\"},\"image\":{\"@id\":\"https:\\\/\\\/eettinenluksus.fi\\\/shop\\\/#\\\/schema\\\/logo\\\/image\\\/\"},\"sameAs\":[\"https:\\\/\\\/www.facebook.com\\\/eettinenluksus\",\"https:\\\/\\\/www.instagram.com\\\/eettinenluksus\\\/\"]}]}<\/script>\n<meta property=\"product:price:amount\" content=\"48.00\" \/>\n<meta property=\"product:price:currency\" content=\"EUR\" \/>\n<meta property=\"og:availability\" content=\"instock\" \/>\n<meta property=\"product:availability\" content=\"instock\" \/>\n<meta property=\"product:condition\" content=\"new\" \/>\n<!-- \/ Yoast SEO Premium plugin. -->","yoast_head_json":{"title":"Method-paketti kes\u00e4n vihreytt\u00e4 - Shop Eettinen Luksus","description":"Method-paketti kes\u00e4n vihreytt\u00e4 sis\u00e4lt\u00e4\u00e4 lasinpesuaine, nestesaippua, keitti\u00f6n puhdistusaine, astianpesuaine, suihkusaippua, yleispuhdistustiiviste","robots":{"index":"index","follow":"follow","max-snippet":"max-snippet:-1","max-image-preview":"max-image-preview:large","max-video-preview":"max-video-preview:-1"},"canonical":"https:\/\/eettinenluksus.fi\/shop\/en\/product\/method-paketti-kesan-vihreytta\/","og_locale":"en_GB","og_type":"article","og_title":"Method-paketti kes\u00e4n vihreytt\u00e4","og_description":"Method-paketti kes\u00e4n vihreytt\u00e4 sis\u00e4lt\u00e4\u00e4 lasinpesuaine, nestesaippua, keitti\u00f6n puhdistusaine, astianpesuaine, suihkusaippua, yleispuhdistustiiviste","og_url":"https:\/\/eettinenluksus.fi\/shop\/en\/product\/method-paketti-kesan-vihreytta\/","og_site_name":"Shop Eettinen Luksus","article_publisher":"https:\/\/www.facebook.com\/eettinenluksus","article_modified_time":"2025-10-23T14:55:20+00:00","og_image":[{"width":866,"height":866,"url":"https:\/\/eettinenluksus.fi\/shop\/wp-content\/uploads\/sites\/4\/2025\/04\/Cityshoppari-kesa-2025-kuva-866x866px.webp","type":"image\/webp"}],"twitter_card":"summary_large_image","twitter_misc":{"Price":"48,00&nbsp;&euro;","Availability":"In stock"},"schema":{"@context":"https:\/\/schema.org","@graph":[{"@type":"WebPage","@id":"https:\/\/eettinenluksus.fi\/shop\/tuote\/method-paketti-kesan-vihreytta\/","url":"https:\/\/eettinenluksus.fi\/shop\/tuote\/method-paketti-kesan-vihreytta\/","name":"Method-paketti kes\u00e4n vihreytt\u00e4 - Shop Eettinen Luksus","isPartOf":{"@id":"https:\/\/eettinenluksus.fi\/shop\/#website"},"primaryImageOfPage":{"@id":"https:\/\/eettinenluksus.fi\/shop\/tuote\/method-paketti-kesan-vihreytta\/#primaryimage"},"image":{"@id":"https:\/\/eettinenluksus.fi\/shop\/tuote\/method-paketti-kesan-vihreytta\/#primaryimage"},"thumbnailUrl":"https:\/\/eettinenluksus.fi\/shop\/wp-content\/uploads\/sites\/4\/2025\/04\/Cityshoppari-kesa-2025-kuva-866x866px.webp","datePublished":"2025-04-29T11:45:05+00:00","dateModified":"2025-10-23T14:55:20+00:00","description":"Method-paketti kes\u00e4n vihreytt\u00e4 sis\u00e4lt\u00e4\u00e4 lasinpesuaine, nestesaippua, keitti\u00f6n puhdistusaine, astianpesuaine, suihkusaippua, yleispuhdistustiiviste","breadcrumb":{"@id":"https:\/\/eettinenluksus.fi\/shop\/tuote\/method-paketti-kesan-vihreytta\/#breadcrumb"},"inLanguage":"en-GB","potentialAction":[{"@type":"ReadAction","target":["https:\/\/eettinenluksus.fi\/shop\/tuote\/method-paketti-kesan-vihreytta\/"]}]},{"@type":"ImageObject","inLanguage":"en-GB","@id":"https:\/\/eettinenluksus.fi\/shop\/tuote\/method-paketti-kesan-vihreytta\/#primaryimage","url":"https:\/\/eettinenluksus.fi\/shop\/wp-content\/uploads\/sites\/4\/2025\/04\/Cityshoppari-kesa-2025-kuva-866x866px.webp","contentUrl":"https:\/\/eettinenluksus.fi\/shop\/wp-content\/uploads\/sites\/4\/2025\/04\/Cityshoppari-kesa-2025-kuva-866x866px.webp","width":866,"height":866,"caption":"method-paketti kes\u00e4n vihreytt\u00e4"},{"@type":"BreadcrumbList","@id":"https:\/\/eettinenluksus.fi\/shop\/tuote\/method-paketti-kesan-vihreytta\/#breadcrumb","itemListElement":[{"@type":"ListItem","position":1,"name":"Etusivu","item":"https:\/\/eettinenluksus.fi\/shop\/"},{"@type":"ListItem","position":2,"name":"Kauppa","item":"https:\/\/eettinenluksus.fi\/shop\/en\/kauppa\/"},{"@type":"ListItem","position":3,"name":"Method-paketti kes\u00e4n vihreytt\u00e4"}]},{"@type":"WebSite","@id":"https:\/\/eettinenluksus.fi\/shop\/#website","url":"https:\/\/eettinenluksus.fi\/shop\/","name":"Shop Eettinen Luksus","description":"Uusi verkkokauppa","publisher":{"@id":"https:\/\/eettinenluksus.fi\/shop\/#organization"},"potentialAction":[{"@type":"SearchAction","target":{"@type":"EntryPoint","urlTemplate":"https:\/\/eettinenluksus.fi\/shop\/?s={search_term_string}"},"query-input":{"@type":"PropertyValueSpecification","valueRequired":true,"valueName":"search_term_string"}}],"inLanguage":"en-GB"},{"@type":"Organization","@id":"https:\/\/eettinenluksus.fi\/shop\/#organization","name":"Shop Eettinen Luksus","url":"https:\/\/eettinenluksus.fi\/shop\/","logo":{"@type":"ImageObject","inLanguage":"en-GB","@id":"https:\/\/eettinenluksus.fi\/shop\/#\/schema\/logo\/image\/","url":"https:\/\/eettinenluksus.fi\/shop\/wp-content\/uploads\/sites\/4\/1664\/37\/cropped-ELO.jpg","contentUrl":"https:\/\/eettinenluksus.fi\/shop\/wp-content\/uploads\/sites\/4\/1664\/37\/cropped-ELO.jpg","width":810,"height":350,"caption":"Shop Eettinen Luksus"},"image":{"@id":"https:\/\/eettinenluksus.fi\/shop\/#\/schema\/logo\/image\/"},"sameAs":["https:\/\/www.facebook.com\/eettinenluksus","https:\/\/www.instagram.com\/eettinenluksus\/"]}]},"product_price_amount":"48.00","product_price_currency":"EUR","og_availability":"instock","product_availability":"instock","product_condition":"new"},"_links":{"self":[{"href":"https:\/\/eettinenluksus.fi\/shop\/en\/wp-json\/wp\/v2\/product\/4770","targetHints":{"allow":["GET"]}}],"collection":[{"href":"https:\/\/eettinenluksus.fi\/shop\/en\/wp-json\/wp\/v2\/product"}],"about":[{"href":"https:\/\/eettinenluksus.fi\/shop\/en\/wp-json\/wp\/v2\/types\/product"}],"version-history":[{"count":1,"href":"https:\/\/eettinenluksus.fi\/shop\/en\/wp-json\/wp\/v2\/product\/4770\/revisions"}],"predecessor-version":[{"id":4771,"href":"https:\/\/eettinenluksus.fi\/shop\/en\/wp-json\/wp\/v2\/product\/4770\/revisions\/4771"}],"wp:featuredmedia":[{"embeddable":true,"href":"https:\/\/eettinenluksus.fi\/shop\/en\/wp-json\/wp\/v2\/media\/4774"}],"wp:attachment":[{"href":"https:\/\/eettinenluksus.fi\/shop\/en\/wp-json\/wp\/v2\/media?parent=4770"}],"wp:term":[{"taxonomy":"product_brand","embeddable":true,"href":"https:\/\/eettinenluksus.fi\/shop\/en\/wp-json\/wp\/v2\/product_brand?post=4770"},{"taxonomy":"product_cat","embeddable":true,"href":"https:\/\/eettinenluksus.fi\/shop\/en\/wp-json\/wp\/v2\/product_cat?post=4770"},{"taxonomy":"product_tag","embeddable":true,"href":"https:\/\/eettinenluksus.fi\/shop\/en\/wp-json\/wp\/v2\/product_tag?post=4770"}],"curies":[{"name":"wp","href":"https:\/\/api.w.org\/{rel}","templated":true}]}}