{"id":472,"date":"2022-10-06T12:06:29","date_gmt":"2022-10-06T09:06:29","guid":{"rendered":"https:\/\/eettinenluksus.fi\/shop2022\/?post_type=product&#038;p=472"},"modified":"2024-09-20T13:46:34","modified_gmt":"2024-09-20T10:46:34","slug":"mreco-all-nature-tuotepaketti","status":"publish","type":"product","link":"https:\/\/eettinenluksus.fi\/shop\/en\/product\/mreco-all-nature-tuotepaketti\/","title":{"rendered":"MrEco All Nature Kit"},"content":{"rendered":"<p>MrEco All Nature -kit includes the following ecological cleaning equipment made from nature's own raw materials, which can be used to clean your home efficiently and conveniently.<\/p>\n<p><b>MrEco Scrubber in Loofah Vegetable 12x8cm<\/b><br \/>Vegetable loofah sponge for cleaning dishes and kitchenware. Loofah fibres are obtained from the dehydration of the plant's fruit, becoming an effective and natural non-scratch scrubber. 100% biodegradable, hangable, plastic-free.<\/p>\n<p><b>MrEco Multi-purpose Vegetable Cellulose Sponge 13x10cm green<\/b><br \/> Made of 100% biodegradable, plastic-free and\/or recyclable plant-based material. Suitable for all surfaces of the home. Durable and very absorbent. Reinforced edges ensure that the you can get a good grip from the sponge and it is resistant to wear. 100% biodegradable, plastic-free, recyclable.<\/p>\n<p><b>MrEco Dish Brush FSC<\/b><br \/> Ergonomic handle. Made of FSC-certified wood protected by natural wax. The brush has sisal bristles. Hanging loop, designed by Giulio Iacchetti. 100% biodegradable, hanging loop, plastic-free.<\/p>\n<p><b>MrEco Bamboo Multi-Purpose Cloth 32x35cm pattern<\/b><br \/> Mr.Eco multi-purpose cloth in bamboo viscose and fibre in PLA derived from corn. Soft and super absorbent for a sparkling clean. Dries quickly and does not generate odours. Ultra-resistant and durable, ideal for kitchen and bathroom. <\/p>\n<p>Read more <a href=\"https:\/\/eettinenluksus.fi\/mreco\" target=\"_blank\" rel=\"noopener noreferrer\">eettinenluksus.fi\/mreco<\/a><\/p>\n<p style=\"font-size:0px;\"><a href=\"https:\/\/onxon.fi\/\"><span style=\"font-size:0px;\">&#8211;<\/span><\/a>MrEco All Nature -tuotepaketti Monik\u00e4ytt\u00f6liina, Monik\u00e4ytt\u00f6liina ekologinen Luffahankain. Bambu, Astianpesuharja ekologinen Luffa. Bambu, Luonnonmukainen ekologinen Pesusieni. Bambu, Bambu pesusieni Ymp\u00e4rist\u00f6yst\u00e4v\u00e4llinen. Biohajoava, Monik\u00e4ytt\u00f6liina ekologinen Luffahankain. Bambu, Astianpesuharja ekologinen Luffa. Biohajoava, Luonnonmukainen astianpesuharja Pesusieni. Luffa, Bambu ekologinen Ymp\u00e4rist\u00f6yst\u00e4v\u00e4llinen. Luffahankain, Monik\u00e4ytt\u00f6liina ekologinen Luffahankain. Luffa, Astianpesuharja ekologinen Luffa. Bambu, Luonnonmukainen ekologinen Pesusieni. Biohajoava, Bambu ekologinen Ymp\u00e4rist\u00f6yst\u00e4v\u00e4llinen. <\/p>\n<h2 style=\"font-size:0px;\">MrEco All Nature Kit<\/h2>\n<p style=\"font-size:0px;\">Luffa, Monik\u00e4ytt\u00f6liina ekologinen Luffahankain. Biohajoava, Astianpesuharja ekologinen Luffa. Biohajoava, Luonnonmukainen astianpesuharja Pesusieni. Luffa, Bambu pesusieni Ymp\u00e4rist\u00f6yst\u00e4v\u00e4llinen. Luffahankain, Monik\u00e4ytt\u00f6liina ekologinen Luffahankain. Biohajoava, Astianpesuharja ekologinen Luffa. Luffa, Luonnonmukainen ekologinen Pesusieni. Luffa, Bambu astianpesuharja Ymp\u00e4rist\u00f6yst\u00e4v\u00e4llinen. Luffahankain, Monik\u00e4ytt\u00f6liina ekologinen Luffahankain. Biohajoava, Astianpesuharja ekologinen Luffa. Luffa, Luonnonmukainen astianpesuharja Pesusieni. Bambu, Bambu pesusieni Ymp\u00e4rist\u00f6yst\u00e4v\u00e4llinen. Luffahankain, Monik\u00e4ytt\u00f6liina ekologinen Luffahankain. Monik\u00e4ytt\u00f6liina, Astianpesuharja ekologinen Luffa. Luffa, Luonnonmukainen Pesusieni luonnonmukainen. Monik\u00e4ytt\u00f6liina, Bambu pesusieni Ymp\u00e4rist\u00f6yst\u00e4v\u00e4llinen.<\/p>\n<ul style=\"font-size:0px;\">\n<li>astianpesuharja<\/li>\n<li>multi-purpose bamboo cloth<\/li>\n<li>cleaning sponge<\/li>\n<li>luffahankain<\/li>\n<\/ul>\n<p><a href=\"https:\/\/eettinenluksus.fi\/shop\/tuote\/mreco-astianpesuharja\/\"><span style=\"font-size:0px;\">&#8211;<\/span><\/a><a href=\"https:\/\/eettinenluksus.fi\/shop\/tuote\/mreco-monikayttoliina-bambu-32x35cm-kuvio\/\"><span style=\"font-size:0px;\">&#8211;<\/span><\/a><a href=\"https:\/\/eettinenluksus.fi\/shop\/fi\/tuotemerkit\/greener-cleaner-nature\/\"><span style=\"font-size:0px;\">&#8211;<\/span><\/a><a href=\"https:\/\/eettinenluksus.fi\/shop\/tuote\/mreco-luffahankain-keittioon-12x8cm\/\"><span style=\"font-size:0px;\">&#8211;<\/span><\/a><a href=\"https:\/\/eettinenluksus.fi\/shop\/en\/product\/mreco-all-surface-tuotepaketti\/\"><span style=\"font-size:0px;\">&#8211;<\/span><\/a><\/p>","protected":false},"excerpt":{"rendered":"<p>Ecological cleaning equipment made from nature's own raw materials (bamboo, sisal, cellulose, luffa)<\/p>\n<p>With the products in the package, cleaning your home is efficient and convenient<\/p>\n<p>Durable and plastic-free<\/p>","protected":false},"featured_media":4107,"template":"","meta":{"inline_featured_image":false},"product_brand":[],"product_cat":[48,33,36,35,34,49,56],"product_tag":[166,62,70,169,92,226,233,210,216,99,232,88,87,76],"class_list":{"0":"post-472","1":"product","2":"type-product","3":"status-publish","4":"has-post-thumbnail","6":"product_cat-astianpesu","7":"product_cat-mreco","8":"product_cat-mreco-astianpesu","9":"product_cat-mreco-siivous","10":"product_cat-mreco-tuotepaketit","11":"product_cat-siivous","12":"product_cat-tuotepaketit","13":"product_tag-astianpesu","14":"product_tag-bambu","15":"product_tag-ekologinen","16":"product_tag-lattianpesu","17":"product_tag-luffa","18":"product_tag-luffahankain","19":"product_tag-monikayttoliina","20":"product_tag-pesuharja","21":"product_tag-pesusieni","22":"product_tag-puuvilla","23":"product_tag-selluloosa","24":"product_tag-siivous","25":"product_tag-siivousliina","26":"product_tag-tiskiharja","28":"first","29":"instock","30":"taxable","31":"shipping-taxable","32":"purchasable","33":"product-type-variable"},"yoast_head":"<!-- This site is optimized with the Yoast SEO Premium plugin v26.8 (Yoast SEO v27.4) - https:\/\/yoast.com\/product\/yoast-seo-premium-wordpress\/ -->\n<title>MrEco All Nature -tuotepaketti - Shop Eettinen Luksus<\/title>\n<meta name=\"description\" content=\"Luonnon raaka-aineista valmistetuilla siivousv\u00e4lineill\u00e4 kodin siivoaminen k\u00e4y ekologisesti ja k\u00e4tev\u00e4sti. MrEco All Nature -tuotepaketti\" \/>\n<meta name=\"robots\" content=\"index, follow, max-snippet:-1, max-image-preview:large, max-video-preview:-1\" \/>\n<link rel=\"canonical\" href=\"https:\/\/eettinenluksus.fi\/shop\/en\/product\/mreco-all-nature-tuotepaketti\/\" \/>\n<meta property=\"og:locale\" content=\"en_GB\" \/>\n<meta property=\"og:type\" content=\"article\" \/>\n<meta property=\"og:title\" content=\"MrEco All Nature -tuotepaketti\" \/>\n<meta property=\"og:description\" content=\"Luonnon raaka-aineista valmistetuilla siivousv\u00e4lineill\u00e4 kodin siivoaminen k\u00e4y ekologisesti ja k\u00e4tev\u00e4sti. MrEco All Nature -tuotepaketti\" \/>\n<meta property=\"og:url\" content=\"https:\/\/eettinenluksus.fi\/shop\/en\/product\/mreco-all-nature-tuotepaketti\/\" \/>\n<meta property=\"og:site_name\" content=\"Shop Eettinen Luksus\" \/>\n<meta property=\"article:publisher\" content=\"https:\/\/www.facebook.com\/eettinenluksus\" \/>\n<meta property=\"article:modified_time\" content=\"2024-09-20T10:46:34+00:00\" \/>\n<meta property=\"og:image\" content=\"https:\/\/eettinenluksus.fi\/shop\/wp-content\/uploads\/sites\/4\/1726\/29\/All-Nature-Kit.jpg\" \/>\n\t<meta property=\"og:image:width\" content=\"600\" \/>\n\t<meta property=\"og:image:height\" content=\"600\" \/>\n\t<meta property=\"og:image:type\" content=\"image\/jpeg\" \/>\n<meta name=\"twitter:card\" content=\"summary_large_image\" \/>\n<meta name=\"twitter:label1\" content=\"Availability\" \/>\n\t<meta name=\"twitter:data1\" content=\"In stock\" \/>\n<script type=\"application\/ld+json\" class=\"yoast-schema-graph\">{\"@context\":\"https:\\\/\\\/schema.org\",\"@graph\":[{\"@type\":\"WebPage\",\"@id\":\"https:\\\/\\\/eettinenluksus.fi\\\/shop\\\/tuote\\\/mreco-all-nature-tuotepaketti\\\/\",\"url\":\"https:\\\/\\\/eettinenluksus.fi\\\/shop\\\/tuote\\\/mreco-all-nature-tuotepaketti\\\/\",\"name\":\"MrEco All Nature -tuotepaketti - Shop Eettinen Luksus\",\"isPartOf\":{\"@id\":\"https:\\\/\\\/eettinenluksus.fi\\\/shop\\\/#website\"},\"primaryImageOfPage\":{\"@id\":\"https:\\\/\\\/eettinenluksus.fi\\\/shop\\\/tuote\\\/mreco-all-nature-tuotepaketti\\\/#primaryimage\"},\"image\":{\"@id\":\"https:\\\/\\\/eettinenluksus.fi\\\/shop\\\/tuote\\\/mreco-all-nature-tuotepaketti\\\/#primaryimage\"},\"thumbnailUrl\":\"https:\\\/\\\/eettinenluksus.fi\\\/shop\\\/wp-content\\\/uploads\\\/sites\\\/4\\\/1726\\\/29\\\/All-Nature-Kit.jpg\",\"datePublished\":\"2022-10-06T09:06:29+00:00\",\"dateModified\":\"2024-09-20T10:46:34+00:00\",\"description\":\"Luonnon raaka-aineista valmistetuilla siivousv\u00e4lineill\u00e4 kodin siivoaminen k\u00e4y ekologisesti ja k\u00e4tev\u00e4sti. MrEco All Nature -tuotepaketti\",\"breadcrumb\":{\"@id\":\"https:\\\/\\\/eettinenluksus.fi\\\/shop\\\/tuote\\\/mreco-all-nature-tuotepaketti\\\/#breadcrumb\"},\"inLanguage\":\"en-GB\",\"potentialAction\":[{\"@type\":\"ReadAction\",\"target\":[\"https:\\\/\\\/eettinenluksus.fi\\\/shop\\\/tuote\\\/mreco-all-nature-tuotepaketti\\\/\"]}]},{\"@type\":\"ImageObject\",\"inLanguage\":\"en-GB\",\"@id\":\"https:\\\/\\\/eettinenluksus.fi\\\/shop\\\/tuote\\\/mreco-all-nature-tuotepaketti\\\/#primaryimage\",\"url\":\"https:\\\/\\\/eettinenluksus.fi\\\/shop\\\/wp-content\\\/uploads\\\/sites\\\/4\\\/1726\\\/29\\\/All-Nature-Kit.jpg\",\"contentUrl\":\"https:\\\/\\\/eettinenluksus.fi\\\/shop\\\/wp-content\\\/uploads\\\/sites\\\/4\\\/1726\\\/29\\\/All-Nature-Kit.jpg\",\"width\":600,\"height\":600,\"caption\":\"All Nature tuotepaketti\"},{\"@type\":\"BreadcrumbList\",\"@id\":\"https:\\\/\\\/eettinenluksus.fi\\\/shop\\\/tuote\\\/mreco-all-nature-tuotepaketti\\\/#breadcrumb\",\"itemListElement\":[{\"@type\":\"ListItem\",\"position\":1,\"name\":\"Etusivu\",\"item\":\"https:\\\/\\\/eettinenluksus.fi\\\/shop\\\/\"},{\"@type\":\"ListItem\",\"position\":2,\"name\":\"Kauppa\",\"item\":\"https:\\\/\\\/eettinenluksus.fi\\\/shop\\\/en\\\/kauppa\\\/\"},{\"@type\":\"ListItem\",\"position\":3,\"name\":\"MrEco All Nature -tuotepaketti\"}]},{\"@type\":\"WebSite\",\"@id\":\"https:\\\/\\\/eettinenluksus.fi\\\/shop\\\/#website\",\"url\":\"https:\\\/\\\/eettinenluksus.fi\\\/shop\\\/\",\"name\":\"Shop Eettinen Luksus\",\"description\":\"Uusi verkkokauppa\",\"publisher\":{\"@id\":\"https:\\\/\\\/eettinenluksus.fi\\\/shop\\\/#organization\"},\"potentialAction\":[{\"@type\":\"SearchAction\",\"target\":{\"@type\":\"EntryPoint\",\"urlTemplate\":\"https:\\\/\\\/eettinenluksus.fi\\\/shop\\\/?s={search_term_string}\"},\"query-input\":{\"@type\":\"PropertyValueSpecification\",\"valueRequired\":true,\"valueName\":\"search_term_string\"}}],\"inLanguage\":\"en-GB\"},{\"@type\":\"Organization\",\"@id\":\"https:\\\/\\\/eettinenluksus.fi\\\/shop\\\/#organization\",\"name\":\"Shop Eettinen Luksus\",\"url\":\"https:\\\/\\\/eettinenluksus.fi\\\/shop\\\/\",\"logo\":{\"@type\":\"ImageObject\",\"inLanguage\":\"en-GB\",\"@id\":\"https:\\\/\\\/eettinenluksus.fi\\\/shop\\\/#\\\/schema\\\/logo\\\/image\\\/\",\"url\":\"https:\\\/\\\/eettinenluksus.fi\\\/shop\\\/wp-content\\\/uploads\\\/sites\\\/4\\\/1664\\\/37\\\/cropped-ELO.jpg\",\"contentUrl\":\"https:\\\/\\\/eettinenluksus.fi\\\/shop\\\/wp-content\\\/uploads\\\/sites\\\/4\\\/1664\\\/37\\\/cropped-ELO.jpg\",\"width\":810,\"height\":350,\"caption\":\"Shop Eettinen Luksus\"},\"image\":{\"@id\":\"https:\\\/\\\/eettinenluksus.fi\\\/shop\\\/#\\\/schema\\\/logo\\\/image\\\/\"},\"sameAs\":[\"https:\\\/\\\/www.facebook.com\\\/eettinenluksus\",\"https:\\\/\\\/www.instagram.com\\\/eettinenluksus\\\/\"]}]}<\/script>\n<meta property=\"og:availability\" content=\"instock\" \/>\n<meta property=\"product:availability\" content=\"instock\" \/>\n<meta property=\"product:condition\" content=\"new\" \/>\n<!-- \/ Yoast SEO Premium plugin. -->","yoast_head_json":{"title":"MrEco All Nature -tuotepaketti - Shop Eettinen Luksus","description":"Luonnon raaka-aineista valmistetuilla siivousv\u00e4lineill\u00e4 kodin siivoaminen k\u00e4y ekologisesti ja k\u00e4tev\u00e4sti. MrEco All Nature -tuotepaketti","robots":{"index":"index","follow":"follow","max-snippet":"max-snippet:-1","max-image-preview":"max-image-preview:large","max-video-preview":"max-video-preview:-1"},"canonical":"https:\/\/eettinenluksus.fi\/shop\/en\/product\/mreco-all-nature-tuotepaketti\/","og_locale":"en_GB","og_type":"article","og_title":"MrEco All Nature -tuotepaketti","og_description":"Luonnon raaka-aineista valmistetuilla siivousv\u00e4lineill\u00e4 kodin siivoaminen k\u00e4y ekologisesti ja k\u00e4tev\u00e4sti. MrEco All Nature -tuotepaketti","og_url":"https:\/\/eettinenluksus.fi\/shop\/en\/product\/mreco-all-nature-tuotepaketti\/","og_site_name":"Shop Eettinen Luksus","article_publisher":"https:\/\/www.facebook.com\/eettinenluksus","article_modified_time":"2024-09-20T10:46:34+00:00","og_image":[{"width":600,"height":600,"url":"https:\/\/eettinenluksus.fi\/shop\/wp-content\/uploads\/sites\/4\/1726\/29\/All-Nature-Kit.jpg","type":"image\/jpeg"}],"twitter_card":"summary_large_image","twitter_misc":{"Availability":"In stock"},"schema":{"@context":"https:\/\/schema.org","@graph":[{"@type":"WebPage","@id":"https:\/\/eettinenluksus.fi\/shop\/tuote\/mreco-all-nature-tuotepaketti\/","url":"https:\/\/eettinenluksus.fi\/shop\/tuote\/mreco-all-nature-tuotepaketti\/","name":"MrEco All Nature -tuotepaketti - Shop Eettinen Luksus","isPartOf":{"@id":"https:\/\/eettinenluksus.fi\/shop\/#website"},"primaryImageOfPage":{"@id":"https:\/\/eettinenluksus.fi\/shop\/tuote\/mreco-all-nature-tuotepaketti\/#primaryimage"},"image":{"@id":"https:\/\/eettinenluksus.fi\/shop\/tuote\/mreco-all-nature-tuotepaketti\/#primaryimage"},"thumbnailUrl":"https:\/\/eettinenluksus.fi\/shop\/wp-content\/uploads\/sites\/4\/1726\/29\/All-Nature-Kit.jpg","datePublished":"2022-10-06T09:06:29+00:00","dateModified":"2024-09-20T10:46:34+00:00","description":"Luonnon raaka-aineista valmistetuilla siivousv\u00e4lineill\u00e4 kodin siivoaminen k\u00e4y ekologisesti ja k\u00e4tev\u00e4sti. MrEco All Nature -tuotepaketti","breadcrumb":{"@id":"https:\/\/eettinenluksus.fi\/shop\/tuote\/mreco-all-nature-tuotepaketti\/#breadcrumb"},"inLanguage":"en-GB","potentialAction":[{"@type":"ReadAction","target":["https:\/\/eettinenluksus.fi\/shop\/tuote\/mreco-all-nature-tuotepaketti\/"]}]},{"@type":"ImageObject","inLanguage":"en-GB","@id":"https:\/\/eettinenluksus.fi\/shop\/tuote\/mreco-all-nature-tuotepaketti\/#primaryimage","url":"https:\/\/eettinenluksus.fi\/shop\/wp-content\/uploads\/sites\/4\/1726\/29\/All-Nature-Kit.jpg","contentUrl":"https:\/\/eettinenluksus.fi\/shop\/wp-content\/uploads\/sites\/4\/1726\/29\/All-Nature-Kit.jpg","width":600,"height":600,"caption":"All Nature tuotepaketti"},{"@type":"BreadcrumbList","@id":"https:\/\/eettinenluksus.fi\/shop\/tuote\/mreco-all-nature-tuotepaketti\/#breadcrumb","itemListElement":[{"@type":"ListItem","position":1,"name":"Etusivu","item":"https:\/\/eettinenluksus.fi\/shop\/"},{"@type":"ListItem","position":2,"name":"Kauppa","item":"https:\/\/eettinenluksus.fi\/shop\/en\/kauppa\/"},{"@type":"ListItem","position":3,"name":"MrEco All Nature -tuotepaketti"}]},{"@type":"WebSite","@id":"https:\/\/eettinenluksus.fi\/shop\/#website","url":"https:\/\/eettinenluksus.fi\/shop\/","name":"Shop Eettinen Luksus","description":"Uusi verkkokauppa","publisher":{"@id":"https:\/\/eettinenluksus.fi\/shop\/#organization"},"potentialAction":[{"@type":"SearchAction","target":{"@type":"EntryPoint","urlTemplate":"https:\/\/eettinenluksus.fi\/shop\/?s={search_term_string}"},"query-input":{"@type":"PropertyValueSpecification","valueRequired":true,"valueName":"search_term_string"}}],"inLanguage":"en-GB"},{"@type":"Organization","@id":"https:\/\/eettinenluksus.fi\/shop\/#organization","name":"Shop Eettinen Luksus","url":"https:\/\/eettinenluksus.fi\/shop\/","logo":{"@type":"ImageObject","inLanguage":"en-GB","@id":"https:\/\/eettinenluksus.fi\/shop\/#\/schema\/logo\/image\/","url":"https:\/\/eettinenluksus.fi\/shop\/wp-content\/uploads\/sites\/4\/1664\/37\/cropped-ELO.jpg","contentUrl":"https:\/\/eettinenluksus.fi\/shop\/wp-content\/uploads\/sites\/4\/1664\/37\/cropped-ELO.jpg","width":810,"height":350,"caption":"Shop Eettinen Luksus"},"image":{"@id":"https:\/\/eettinenluksus.fi\/shop\/#\/schema\/logo\/image\/"},"sameAs":["https:\/\/www.facebook.com\/eettinenluksus","https:\/\/www.instagram.com\/eettinenluksus\/"]}]},"og_availability":"instock","product_availability":"instock","product_condition":"new"},"_links":{"self":[{"href":"https:\/\/eettinenluksus.fi\/shop\/en\/wp-json\/wp\/v2\/product\/472","targetHints":{"allow":["GET"]}}],"collection":[{"href":"https:\/\/eettinenluksus.fi\/shop\/en\/wp-json\/wp\/v2\/product"}],"about":[{"href":"https:\/\/eettinenluksus.fi\/shop\/en\/wp-json\/wp\/v2\/types\/product"}],"version-history":[{"count":11,"href":"https:\/\/eettinenluksus.fi\/shop\/en\/wp-json\/wp\/v2\/product\/472\/revisions"}],"predecessor-version":[{"id":927,"href":"https:\/\/eettinenluksus.fi\/shop\/en\/wp-json\/wp\/v2\/product\/472\/revisions\/927"}],"wp:featuredmedia":[{"embeddable":true,"href":"https:\/\/eettinenluksus.fi\/shop\/en\/wp-json\/wp\/v2\/media\/4107"}],"wp:attachment":[{"href":"https:\/\/eettinenluksus.fi\/shop\/en\/wp-json\/wp\/v2\/media?parent=472"}],"wp:term":[{"taxonomy":"product_brand","embeddable":true,"href":"https:\/\/eettinenluksus.fi\/shop\/en\/wp-json\/wp\/v2\/product_brand?post=472"},{"taxonomy":"product_cat","embeddable":true,"href":"https:\/\/eettinenluksus.fi\/shop\/en\/wp-json\/wp\/v2\/product_cat?post=472"},{"taxonomy":"product_tag","embeddable":true,"href":"https:\/\/eettinenluksus.fi\/shop\/en\/wp-json\/wp\/v2\/product_tag?post=472"}],"curies":[{"name":"wp","href":"https:\/\/api.w.org\/{rel}","templated":true}]}}