{"id":470,"date":"2022-10-06T12:03:06","date_gmt":"2022-10-06T09:03:06","guid":{"rendered":"https:\/\/eettinenluksus.fi\/shop2022\/?post_type=product&#038;p=470"},"modified":"2024-09-20T13:47:33","modified_gmt":"2024-09-20T10:47:33","slug":"mreco-all-surface-tuotepaketti","status":"publish","type":"product","link":"https:\/\/eettinenluksus.fi\/shop\/en\/product\/mreco-all-surface-tuotepaketti\/","title":{"rendered":"MrEco All Surface Kit"},"content":{"rendered":"<p>MrEco All Surface kit includes a wide range of 100% biodegradable and plastic-free cleaning cloths and sponges for various home cleaning chores. Ecological and convenient.<\/p>\n<p><b>MrEco Sponge Cloth 16x18cm 3pcs<\/b><br \/>\nMade from 100% biodegradable, plastic-free and recyclable plant-based cellulose. There is a cotton net inside as a support structure. It guarantees the durability and long life span of the cloth. Especially suitable for kitchen and bathroom surfaces. Fibres are naturally very absorbent, long-lasting and durable. 100% biodegradable, plant-based, plastic-free.<\/p>\n<p><b>MrEco Double Action Sponge Loofah\/Cellulose 11x7cm<\/b><br \/>\nDouble action sponge in delicate super absorbent cellulose and vegetable loofah. Loofah fibres are obtained from dehydration of the plant's fruit, becoming an effective and natural non-scratch scrubber. 100% biodegradable, hangable, plastic-free.<\/p>\n<p><b>MrEco Antibacterial Copper Scouring Pads 2pcs<\/b><br \/>\nMrEco Scouring pads made from antibacterial copper. Ideal for removing the toughest dirt from pots, pans, oven grills and barbecues. Pads do not rust, and do not retain grease and odours.<\/p>\n<p><b>MrEco Floor Cloth in Bamboo and Cotton fiber 50x50cm off-white<\/b><br \/>\nMr.Eco Floor cloth with bamboo and cotton fibres. Soft and super absorbent for a sparkling clean, torsion resistant. Non-scratch, ideal on all floors, even parquets.\n\nRead more eettinenluksus.fi\/mreco<\/p>\n<p>Read more <a href=\"https:\/\/eettinenluksus.fi\/mreco\" target=\"_blank\" rel=\"noopener noreferrer\">eettinenluksus.fi\/mreco<\/a><\/p>\n<p style=\"font-size:0px;\"><a href=\"https:\/\/onxon.fi\/\"><span style=\"font-size:0px;\">&#8211;<\/span><\/a>MrEco All Nature -tuotepaketti Lattialiina, Lattialiina ekologinen Hankaussieni. Bambu, Selluloosa ekologinen Luffa. Bambu, Muoviton ekologinen Kupari. Bambu, Bambu kupari Ymp\u00e4rist\u00f6yst\u00e4v\u00e4llinen. Biohajoava, Lattialiina ekologinen Hankaussieni. Bambu, Selluloosa ekologinen Luffa. Biohajoava, Muoviton selluloosa Kupari. Luffa, Bambu ekologinen Ymp\u00e4rist\u00f6yst\u00e4v\u00e4llinen. Hankaussieni, Lattialiina ekologinen Hankaussieni. Luffa, Selluloosa ekologinen Luffa. Bambu, Muoviton ekologinen Kupari. Biohajoava, Bambu ekologinen Ymp\u00e4rist\u00f6yst\u00e4v\u00e4llinen. <\/p>\n<h2 style=\"font-size:0px;\">MrEco All Surface Kit<\/h2>\n<p style=\"font-size:0px;\">Luffa, Lattialiina ekologinen Hankaussieni. Biohajoava, Selluloosa ekologinen Luffa. Biohajoava, Muoviton selluloosa Kupari. Luffa, Bambu kupari Ymp\u00e4rist\u00f6yst\u00e4v\u00e4llinen. Hankaussieni, Lattialiina ekologinen Hankaussieni. Biohajoava, Selluloosa ekologinen Luffa. Luffa, Muoviton ekologinen Kupari. Luffa, Bambu selluloosa Ymp\u00e4rist\u00f6yst\u00e4v\u00e4llinen. Hankaussieni, Lattialiina ekologinen Hankaussieni. Biohajoava, Selluloosa ekologinen Luffa. Luffa, Muoviton selluloosa Kupari. Bambu, Bambu kupari Ymp\u00e4rist\u00f6yst\u00e4v\u00e4llinen. Hankaussieni, Lattialiina ekologinen Hankaussieni. Lattialiina, Selluloosa ekologinen Luffa. Luffa, Muoviton Kupari muoviton. Lattialiina, Bambu kupari Ymp\u00e4rist\u00f6yst\u00e4v\u00e4llinen.<\/p>\n<ul style=\"font-size:0px;\">\n<li>selluloosa<\/li>\n<li>floor cloth<\/li>\n<li>copper<\/li>\n<li>scrubbing sponge<\/li>\n<\/ul>\n<p><a href=\"https:\/\/eettinenluksus.fi\/shop\/tuote\/mreco-selluloosa\/\"><span style=\"font-size:0px;\">&#8211;<\/span><\/a><a href=\"https:\/\/eettinenluksus.fi\/shop\/tuote\/mreco-monikayttoliina-bambu-32x35cm-kuvio\/\"><span style=\"font-size:0px;\">&#8211;<\/span><\/a><a href=\"https:\/\/eettinenluksus.fi\/shop\/fi\/tuotemerkit\/greener-cleaner-nature\/\"><span style=\"font-size:0px;\">&#8211;<\/span><\/a><a href=\"https:\/\/eettinenluksus.fi\/shop\/tuote\/mreco-hankaussieni-keittioon-12x8cm\/\"><span style=\"font-size:0px;\">&#8211;<\/span><\/a><a href=\"https:\/\/eettinenluksus.fi\/shop\/en\/product\/mreco-all-surface-tuotepaketti\/\"><span style=\"font-size:0px;\">&#8211;<\/span><\/a><\/p>","protected":false},"excerpt":{"rendered":"<p>Wide selection of cleaning cloths and sponges for various household cleaning chores<\/p>\n<p>100% biodegradable and plastic-free<\/p>\n<p>Ecological and efficient<\/p>","protected":false},"featured_media":4108,"template":"","meta":{"inline_featured_image":false},"product_brand":[],"product_cat":[33,35,34,49,56],"product_tag":[166,70,239,63,92,226,64,216,67,88,87],"class_list":{"0":"post-470","1":"product","2":"type-product","3":"status-publish","4":"has-post-thumbnail","6":"product_cat-mreco","7":"product_cat-mreco-siivous","8":"product_cat-mreco-tuotepaketit","9":"product_cat-siivous","10":"product_cat-tuotepaketit","11":"product_tag-astianpesu","12":"product_tag-ekologinen","13":"product_tag-kupari","14":"product_tag-lattialiina","15":"product_tag-luffa","16":"product_tag-luffahankain","17":"product_tag-mreco","18":"product_tag-pesusieni","19":"product_tag-sieniliina","20":"product_tag-siivous","21":"product_tag-siivousliina","23":"first","24":"instock","25":"taxable","26":"shipping-taxable","27":"purchasable","28":"product-type-variable"},"yoast_head":"<!-- This site is optimized with the Yoast SEO Premium plugin v26.8 (Yoast SEO v27.4) - https:\/\/yoast.com\/product\/yoast-seo-premium-wordpress\/ -->\n<title>MrEco All Surface -tuotepaketti - Shop Eettinen Luksus<\/title>\n<meta name=\"description\" content=\"Luonnon raaka-aineista valmistetuilla siivousv\u00e4lineill\u00e4 kodin siivoaminen k\u00e4y ekologisesti ja k\u00e4tev\u00e4sti. MrEco All Surface -tuotepaketti\" \/>\n<meta name=\"robots\" content=\"index, follow, max-snippet:-1, max-image-preview:large, max-video-preview:-1\" \/>\n<link rel=\"canonical\" href=\"https:\/\/eettinenluksus.fi\/shop\/en\/product\/mreco-all-surface-tuotepaketti\/\" \/>\n<meta property=\"og:locale\" content=\"en_GB\" \/>\n<meta property=\"og:type\" content=\"article\" \/>\n<meta property=\"og:title\" content=\"MrEco All Surface -tuotepaketti\" \/>\n<meta property=\"og:description\" content=\"Luonnon raaka-aineista valmistetuilla siivousv\u00e4lineill\u00e4 kodin siivoaminen k\u00e4y ekologisesti ja k\u00e4tev\u00e4sti. MrEco All Surface -tuotepaketti\" \/>\n<meta property=\"og:url\" content=\"https:\/\/eettinenluksus.fi\/shop\/en\/product\/mreco-all-surface-tuotepaketti\/\" \/>\n<meta property=\"og:site_name\" content=\"Shop Eettinen Luksus\" \/>\n<meta property=\"article:publisher\" content=\"https:\/\/www.facebook.com\/eettinenluksus\" \/>\n<meta property=\"article:modified_time\" content=\"2024-09-20T10:47:33+00:00\" \/>\n<meta property=\"og:image\" content=\"https:\/\/eettinenluksus.fi\/shop\/wp-content\/uploads\/sites\/4\/1726\/29\/All-Surface-Kit.jpg\" \/>\n\t<meta property=\"og:image:width\" content=\"600\" \/>\n\t<meta property=\"og:image:height\" content=\"600\" \/>\n\t<meta property=\"og:image:type\" content=\"image\/jpeg\" \/>\n<meta name=\"twitter:card\" content=\"summary_large_image\" \/>\n<meta name=\"twitter:label1\" content=\"Availability\" \/>\n\t<meta name=\"twitter:data1\" content=\"In stock\" \/>\n<script type=\"application\/ld+json\" class=\"yoast-schema-graph\">{\"@context\":\"https:\\\/\\\/schema.org\",\"@graph\":[{\"@type\":\"WebPage\",\"@id\":\"https:\\\/\\\/eettinenluksus.fi\\\/shop\\\/tuote\\\/mreco-all-surface-tuotepaketti\\\/\",\"url\":\"https:\\\/\\\/eettinenluksus.fi\\\/shop\\\/tuote\\\/mreco-all-surface-tuotepaketti\\\/\",\"name\":\"MrEco All Surface -tuotepaketti - Shop Eettinen Luksus\",\"isPartOf\":{\"@id\":\"https:\\\/\\\/eettinenluksus.fi\\\/shop\\\/#website\"},\"primaryImageOfPage\":{\"@id\":\"https:\\\/\\\/eettinenluksus.fi\\\/shop\\\/tuote\\\/mreco-all-surface-tuotepaketti\\\/#primaryimage\"},\"image\":{\"@id\":\"https:\\\/\\\/eettinenluksus.fi\\\/shop\\\/tuote\\\/mreco-all-surface-tuotepaketti\\\/#primaryimage\"},\"thumbnailUrl\":\"https:\\\/\\\/eettinenluksus.fi\\\/shop\\\/wp-content\\\/uploads\\\/sites\\\/4\\\/1726\\\/29\\\/All-Surface-Kit.jpg\",\"datePublished\":\"2022-10-06T09:03:06+00:00\",\"dateModified\":\"2024-09-20T10:47:33+00:00\",\"description\":\"Luonnon raaka-aineista valmistetuilla siivousv\u00e4lineill\u00e4 kodin siivoaminen k\u00e4y ekologisesti ja k\u00e4tev\u00e4sti. MrEco All Surface -tuotepaketti\",\"breadcrumb\":{\"@id\":\"https:\\\/\\\/eettinenluksus.fi\\\/shop\\\/tuote\\\/mreco-all-surface-tuotepaketti\\\/#breadcrumb\"},\"inLanguage\":\"en-GB\",\"potentialAction\":[{\"@type\":\"ReadAction\",\"target\":[\"https:\\\/\\\/eettinenluksus.fi\\\/shop\\\/tuote\\\/mreco-all-surface-tuotepaketti\\\/\"]}]},{\"@type\":\"ImageObject\",\"inLanguage\":\"en-GB\",\"@id\":\"https:\\\/\\\/eettinenluksus.fi\\\/shop\\\/tuote\\\/mreco-all-surface-tuotepaketti\\\/#primaryimage\",\"url\":\"https:\\\/\\\/eettinenluksus.fi\\\/shop\\\/wp-content\\\/uploads\\\/sites\\\/4\\\/1726\\\/29\\\/All-Surface-Kit.jpg\",\"contentUrl\":\"https:\\\/\\\/eettinenluksus.fi\\\/shop\\\/wp-content\\\/uploads\\\/sites\\\/4\\\/1726\\\/29\\\/All-Surface-Kit.jpg\",\"width\":600,\"height\":600,\"caption\":\"All Surface tuotepaketti\"},{\"@type\":\"BreadcrumbList\",\"@id\":\"https:\\\/\\\/eettinenluksus.fi\\\/shop\\\/tuote\\\/mreco-all-surface-tuotepaketti\\\/#breadcrumb\",\"itemListElement\":[{\"@type\":\"ListItem\",\"position\":1,\"name\":\"Etusivu\",\"item\":\"https:\\\/\\\/eettinenluksus.fi\\\/shop\\\/\"},{\"@type\":\"ListItem\",\"position\":2,\"name\":\"Kauppa\",\"item\":\"https:\\\/\\\/eettinenluksus.fi\\\/shop\\\/en\\\/kauppa\\\/\"},{\"@type\":\"ListItem\",\"position\":3,\"name\":\"MrEco All Surface -tuotepaketti\"}]},{\"@type\":\"WebSite\",\"@id\":\"https:\\\/\\\/eettinenluksus.fi\\\/shop\\\/#website\",\"url\":\"https:\\\/\\\/eettinenluksus.fi\\\/shop\\\/\",\"name\":\"Shop Eettinen Luksus\",\"description\":\"Uusi verkkokauppa\",\"publisher\":{\"@id\":\"https:\\\/\\\/eettinenluksus.fi\\\/shop\\\/#organization\"},\"potentialAction\":[{\"@type\":\"SearchAction\",\"target\":{\"@type\":\"EntryPoint\",\"urlTemplate\":\"https:\\\/\\\/eettinenluksus.fi\\\/shop\\\/?s={search_term_string}\"},\"query-input\":{\"@type\":\"PropertyValueSpecification\",\"valueRequired\":true,\"valueName\":\"search_term_string\"}}],\"inLanguage\":\"en-GB\"},{\"@type\":\"Organization\",\"@id\":\"https:\\\/\\\/eettinenluksus.fi\\\/shop\\\/#organization\",\"name\":\"Shop Eettinen Luksus\",\"url\":\"https:\\\/\\\/eettinenluksus.fi\\\/shop\\\/\",\"logo\":{\"@type\":\"ImageObject\",\"inLanguage\":\"en-GB\",\"@id\":\"https:\\\/\\\/eettinenluksus.fi\\\/shop\\\/#\\\/schema\\\/logo\\\/image\\\/\",\"url\":\"https:\\\/\\\/eettinenluksus.fi\\\/shop\\\/wp-content\\\/uploads\\\/sites\\\/4\\\/1664\\\/37\\\/cropped-ELO.jpg\",\"contentUrl\":\"https:\\\/\\\/eettinenluksus.fi\\\/shop\\\/wp-content\\\/uploads\\\/sites\\\/4\\\/1664\\\/37\\\/cropped-ELO.jpg\",\"width\":810,\"height\":350,\"caption\":\"Shop Eettinen Luksus\"},\"image\":{\"@id\":\"https:\\\/\\\/eettinenluksus.fi\\\/shop\\\/#\\\/schema\\\/logo\\\/image\\\/\"},\"sameAs\":[\"https:\\\/\\\/www.facebook.com\\\/eettinenluksus\",\"https:\\\/\\\/www.instagram.com\\\/eettinenluksus\\\/\"]}]}<\/script>\n<meta property=\"og:availability\" content=\"instock\" \/>\n<meta property=\"product:availability\" content=\"instock\" \/>\n<meta property=\"product:condition\" content=\"new\" \/>\n<!-- \/ Yoast SEO Premium plugin. -->","yoast_head_json":{"title":"MrEco All Surface -tuotepaketti - Shop Eettinen Luksus","description":"Luonnon raaka-aineista valmistetuilla siivousv\u00e4lineill\u00e4 kodin siivoaminen k\u00e4y ekologisesti ja k\u00e4tev\u00e4sti. MrEco All Surface -tuotepaketti","robots":{"index":"index","follow":"follow","max-snippet":"max-snippet:-1","max-image-preview":"max-image-preview:large","max-video-preview":"max-video-preview:-1"},"canonical":"https:\/\/eettinenluksus.fi\/shop\/en\/product\/mreco-all-surface-tuotepaketti\/","og_locale":"en_GB","og_type":"article","og_title":"MrEco All Surface -tuotepaketti","og_description":"Luonnon raaka-aineista valmistetuilla siivousv\u00e4lineill\u00e4 kodin siivoaminen k\u00e4y ekologisesti ja k\u00e4tev\u00e4sti. MrEco All Surface -tuotepaketti","og_url":"https:\/\/eettinenluksus.fi\/shop\/en\/product\/mreco-all-surface-tuotepaketti\/","og_site_name":"Shop Eettinen Luksus","article_publisher":"https:\/\/www.facebook.com\/eettinenluksus","article_modified_time":"2024-09-20T10:47:33+00:00","og_image":[{"width":600,"height":600,"url":"https:\/\/eettinenluksus.fi\/shop\/wp-content\/uploads\/sites\/4\/1726\/29\/All-Surface-Kit.jpg","type":"image\/jpeg"}],"twitter_card":"summary_large_image","twitter_misc":{"Availability":"In stock"},"schema":{"@context":"https:\/\/schema.org","@graph":[{"@type":"WebPage","@id":"https:\/\/eettinenluksus.fi\/shop\/tuote\/mreco-all-surface-tuotepaketti\/","url":"https:\/\/eettinenluksus.fi\/shop\/tuote\/mreco-all-surface-tuotepaketti\/","name":"MrEco All Surface -tuotepaketti - Shop Eettinen Luksus","isPartOf":{"@id":"https:\/\/eettinenluksus.fi\/shop\/#website"},"primaryImageOfPage":{"@id":"https:\/\/eettinenluksus.fi\/shop\/tuote\/mreco-all-surface-tuotepaketti\/#primaryimage"},"image":{"@id":"https:\/\/eettinenluksus.fi\/shop\/tuote\/mreco-all-surface-tuotepaketti\/#primaryimage"},"thumbnailUrl":"https:\/\/eettinenluksus.fi\/shop\/wp-content\/uploads\/sites\/4\/1726\/29\/All-Surface-Kit.jpg","datePublished":"2022-10-06T09:03:06+00:00","dateModified":"2024-09-20T10:47:33+00:00","description":"Luonnon raaka-aineista valmistetuilla siivousv\u00e4lineill\u00e4 kodin siivoaminen k\u00e4y ekologisesti ja k\u00e4tev\u00e4sti. MrEco All Surface -tuotepaketti","breadcrumb":{"@id":"https:\/\/eettinenluksus.fi\/shop\/tuote\/mreco-all-surface-tuotepaketti\/#breadcrumb"},"inLanguage":"en-GB","potentialAction":[{"@type":"ReadAction","target":["https:\/\/eettinenluksus.fi\/shop\/tuote\/mreco-all-surface-tuotepaketti\/"]}]},{"@type":"ImageObject","inLanguage":"en-GB","@id":"https:\/\/eettinenluksus.fi\/shop\/tuote\/mreco-all-surface-tuotepaketti\/#primaryimage","url":"https:\/\/eettinenluksus.fi\/shop\/wp-content\/uploads\/sites\/4\/1726\/29\/All-Surface-Kit.jpg","contentUrl":"https:\/\/eettinenluksus.fi\/shop\/wp-content\/uploads\/sites\/4\/1726\/29\/All-Surface-Kit.jpg","width":600,"height":600,"caption":"All Surface tuotepaketti"},{"@type":"BreadcrumbList","@id":"https:\/\/eettinenluksus.fi\/shop\/tuote\/mreco-all-surface-tuotepaketti\/#breadcrumb","itemListElement":[{"@type":"ListItem","position":1,"name":"Etusivu","item":"https:\/\/eettinenluksus.fi\/shop\/"},{"@type":"ListItem","position":2,"name":"Kauppa","item":"https:\/\/eettinenluksus.fi\/shop\/en\/kauppa\/"},{"@type":"ListItem","position":3,"name":"MrEco All Surface -tuotepaketti"}]},{"@type":"WebSite","@id":"https:\/\/eettinenluksus.fi\/shop\/#website","url":"https:\/\/eettinenluksus.fi\/shop\/","name":"Shop Eettinen Luksus","description":"Uusi verkkokauppa","publisher":{"@id":"https:\/\/eettinenluksus.fi\/shop\/#organization"},"potentialAction":[{"@type":"SearchAction","target":{"@type":"EntryPoint","urlTemplate":"https:\/\/eettinenluksus.fi\/shop\/?s={search_term_string}"},"query-input":{"@type":"PropertyValueSpecification","valueRequired":true,"valueName":"search_term_string"}}],"inLanguage":"en-GB"},{"@type":"Organization","@id":"https:\/\/eettinenluksus.fi\/shop\/#organization","name":"Shop Eettinen Luksus","url":"https:\/\/eettinenluksus.fi\/shop\/","logo":{"@type":"ImageObject","inLanguage":"en-GB","@id":"https:\/\/eettinenluksus.fi\/shop\/#\/schema\/logo\/image\/","url":"https:\/\/eettinenluksus.fi\/shop\/wp-content\/uploads\/sites\/4\/1664\/37\/cropped-ELO.jpg","contentUrl":"https:\/\/eettinenluksus.fi\/shop\/wp-content\/uploads\/sites\/4\/1664\/37\/cropped-ELO.jpg","width":810,"height":350,"caption":"Shop Eettinen Luksus"},"image":{"@id":"https:\/\/eettinenluksus.fi\/shop\/#\/schema\/logo\/image\/"},"sameAs":["https:\/\/www.facebook.com\/eettinenluksus","https:\/\/www.instagram.com\/eettinenluksus\/"]}]},"og_availability":"instock","product_availability":"instock","product_condition":"new"},"_links":{"self":[{"href":"https:\/\/eettinenluksus.fi\/shop\/en\/wp-json\/wp\/v2\/product\/470","targetHints":{"allow":["GET"]}}],"collection":[{"href":"https:\/\/eettinenluksus.fi\/shop\/en\/wp-json\/wp\/v2\/product"}],"about":[{"href":"https:\/\/eettinenluksus.fi\/shop\/en\/wp-json\/wp\/v2\/types\/product"}],"version-history":[{"count":9,"href":"https:\/\/eettinenluksus.fi\/shop\/en\/wp-json\/wp\/v2\/product\/470\/revisions"}],"predecessor-version":[{"id":2939,"href":"https:\/\/eettinenluksus.fi\/shop\/en\/wp-json\/wp\/v2\/product\/470\/revisions\/2939"}],"wp:featuredmedia":[{"embeddable":true,"href":"https:\/\/eettinenluksus.fi\/shop\/en\/wp-json\/wp\/v2\/media\/4108"}],"wp:attachment":[{"href":"https:\/\/eettinenluksus.fi\/shop\/en\/wp-json\/wp\/v2\/media?parent=470"}],"wp:term":[{"taxonomy":"product_brand","embeddable":true,"href":"https:\/\/eettinenluksus.fi\/shop\/en\/wp-json\/wp\/v2\/product_brand?post=470"},{"taxonomy":"product_cat","embeddable":true,"href":"https:\/\/eettinenluksus.fi\/shop\/en\/wp-json\/wp\/v2\/product_cat?post=470"},{"taxonomy":"product_tag","embeddable":true,"href":"https:\/\/eettinenluksus.fi\/shop\/en\/wp-json\/wp\/v2\/product_tag?post=470"}],"curies":[{"name":"wp","href":"https:\/\/api.w.org\/{rel}","templated":true}]}}