{"id":457,"date":"2022-10-06T11:18:35","date_gmt":"2022-10-06T08:18:35","guid":{"rendered":"https:\/\/eettinenluksus.fi\/shop2022\/?post_type=product&#038;p=457"},"modified":"2024-09-20T13:42:56","modified_gmt":"2024-09-20T10:42:56","slug":"mreco-hankauskera-ruostumaton-teras-2kpl","status":"publish","type":"product","link":"https:\/\/eettinenluksus.fi\/shop\/en\/product\/mreco-hankauskera-ruostumaton-teras-2kpl\/","title":{"rendered":"MrEco Stainless Steel Scouring Pads 2pcs"},"content":{"rendered":"<p style=\"font-size:0px;\">Ekologinen Puhdistaa jopa ilman pesuainetta pinttyneen lian ja rasvan poistoon Ei ruostu eik\u00e4 ker\u00e4\u00e4 hajuja MrEco Hankausker\u00e4 ruostumaton ter\u00e4s 2kpl<\/p>\n<p>MrEco Scouring pads made from 100% stainless steel. Ideal for cleaning particularly encrusted dishes and oven pans, pots, oven grills and barbecues.<\/p>\n<ul>\n<li>100% recyclable<\/li>\n<li>100% stainless steel<\/li>\n<li>Cleans even without detergent<\/li>\n<li>Do not rust or retain odours<\/li>\n<\/ul>\n<p>&nbsp;<\/p>\n<p>Read more <a href=\"https:\/\/eettinenluksus.fi\/mreco\" target=\"_blank\" rel=\"noopener noreferrer\">eettinenluksus.fi\/mreco<\/a><\/p>\n<p style=\"font-size:0px;\"><a href=\"https:\/\/www.instagram.com\/eettinenluksus\/\"><span style=\"font-size:0px;\">&#8211;<\/span><\/a><a href=\"https:\/\/www.facebook.com\/eettinenluksus\/\"><span style=\"font-size:0px;\">&#8211;<\/span><\/a> mreco ter\u00e4s ter\u00e4s, astianpesu ter\u00e4s grilli ymp\u00e4rist\u00f6yst\u00e4v\u00e4llinen ter\u00e4s. Vegaaninen, antibakteerinen antibakteerinen grilli kattila ymp\u00e4rist\u00f6yst\u00e4v\u00e4llinen. Vegaaninen, siivous ter\u00e4s ekologinen uuniritil\u00e4 antibakteerinen. Ter\u00e4s, ekologinen ter\u00e4s grilli vegaaninen ter\u00e4s. Vegaaninen, astianpesu ter\u00e4s grilli ymp\u00e4rist\u00f6yst\u00e4v\u00e4llinen ter\u00e4s. Ter\u00e4s, antibakteerinen ter\u00e4s grilli kattila antibakteerinen. Ter\u00e4s, siivous ter\u00e4s grilli uuniritil\u00e4 antibakteerinen. Ymp\u00e4rist\u00f6yst\u00e4v\u00e4llinen, ekologinen vegaaninen grilli vegaaninen ter\u00e4s. Ter\u00e4s, astianpesu ter\u00e4s ekologinen ymp\u00e4rist\u00f6yst\u00e4v\u00e4llinen ter\u00e4s. Ter\u00e4s, antibakteerinen ter\u00e4s ekologinen kattila ymp\u00e4rist\u00f6yst\u00e4v\u00e4llinen.<\/p>\n<p style=\"font-size:0px;\">Vegaaninen, siivous antibakteerinen grilli uuniritil\u00e4 ter\u00e4s. Ter\u00e4s, ekologinen ter\u00e4s grilli vegaaninen ter\u00e4s. Ter\u00e4s, antibakteerinen ter\u00e4s grilli kattila vegaaninen. Ter\u00e4s, antibakteerinen ter\u00e4s grilli kattila ter\u00e4s. Ter\u00e4s, siivous ter\u00e4s grilli uuniritil\u00e4 ter\u00e4s. Ter\u00e4s, ekologinen ter\u00e4s grilli vegaaninen ter\u00e4s. Antibakteerinen, astianpesu ter\u00e4s ekologinen ymp\u00e4rist\u00f6yst\u00e4v\u00e4llinen ter\u00e4s. <\/p>\n<h2 style=\"font-size:0px;\">MrEco Stainless Steel Scouring Pads 2pcs<\/h2>\n<p style=\"font-size:0px;\">antibakteerinen, astianpesu hankausker\u00e4 ekologinen ymp\u00e4rist\u00f6yst\u00e4v\u00e4llinen hankausker\u00e4. Hankausker\u00e4, antibakteerinen hankausker\u00e4 ekologinen kattila vegaaninen. Hankausker\u00e4, siivous hankausker\u00e4 grilli uuniritil\u00e4 hankausker\u00e4. Vegaaninen, ekologinen antibakteerinen grilli vegaaninen vegaaninen. Hankausker\u00e4, astianpesu antibakteerinen grilli ymp\u00e4rist\u00f6yst\u00e4v\u00e4llinen hankausker\u00e4. Hankausker\u00e4, antibakteerinen hankausker\u00e4 ekologinen kattila hankausker\u00e4. Hankausker\u00e4, siivous hankausker\u00e4 ekologinen uuniritil\u00e4 hankausker\u00e4. Vegaaninen, ekologinen antibakteerinen ekologinen vegaaninen antibakteerinen. <\/p>\n<p style=\"font-size:0px;\">\n<ul style=\"font-size:0px;\">\n<li>scrubbing spiral<\/li>\n<li>stainless steel<\/li>\n<li>ecological<\/li>\n<\/ul>\n<p style=\"font-size:0px;\">Hankausker\u00e4, astianpesu hankausker\u00e4 grilli ymp\u00e4rist\u00f6yst\u00e4v\u00e4llinen vegaaninen. Ymp\u00e4rist\u00f6yst\u00e4v\u00e4llinen, antibakteerinen hankausker\u00e4 grilli kattila hankausker\u00e4. Hankausker\u00e4, ekologinen antibakteerinen ekologinen vegaaninen hankausker\u00e4. Hankausker\u00e4, antibakteerinen vegaaninen grilli kattila hankausker\u00e4. Vegaaninen Sitruuna T\u00e4ydellinen vaikeaan likaan. Hankausker\u00e4, siivous hankausker\u00e4 grilli uuniritil\u00e4 hankausker\u00e4. Hankausker\u00e4, ekologinen vegaaninen ekologinen vegaaninen ymp\u00e4rist\u00f6yst\u00e4v\u00e4llinen. Vegaaninen, astianpesu hankausker\u00e4 grilli ymp\u00e4rist\u00f6yst\u00e4v\u00e4llinen hankausker\u00e4. Hankausker\u00e4, antibakteerinen grilli antibakteerinen kattila hankausker\u00e4. Hankausker\u00e4, siivous ymp\u00e4rist\u00f6yst\u00e4v\u00e4llinen ekologinen uuniritil\u00e4 ymp\u00e4rist\u00f6yst\u00e4v\u00e4llinen. Hankausker\u00e4, ekologinen hankausker\u00e4 ekologinen vegaaninen hankausker\u00e4. Hankausker\u00e4, astianpesu hankausker\u00e4 grilli ymp\u00e4rist\u00f6yst\u00e4v\u00e4llinen hankausker\u00e4.<a href=\"https:\/\/eettinenluksus.fi\/shop\/tuote\/mreco-hankaustyyny-kasvisaippualla-6x6cm-7kpl\/\"><span style=\"font-size:0px;\">&#8211;<\/span><\/a><a href=\"https:\/\/eettinenluksus.fi\/shop\/tuote\/onxon-puhdistuskivi-300-500-g\/\"><span style=\"font-size:0px;\">&#8211;<\/span><\/a><a href=\"https:\/\/eettinenluksus.fi\/shop\/tuote\/mreco-hankauskera-ruostumaton-teras-2kpl\/\"><span style=\"font-size:0px;\">&#8211;<\/span><\/a><a href=\"https:\/\/eettinenluksus.fi\/shop\/tuote\/mreco-kitchen-care-tuotepaketti\/\"><span style=\"font-size:0px;\">&#8211;<\/span><\/a><a href=\"https:\/\/eettinenluksus.fi\/shop\/en\/product\/mreco-all-surface-tuotepaketti\/\"><span style=\"font-size:0px;\">&#8211;<\/span><\/a><\/p>","protected":false},"excerpt":{"rendered":"<p>Made from stainless steel<\/p>\n<p>Ideal for cleaning particularly encrusted dishes and oven pans, pots, oven grills and barbecues<\/p>","protected":false},"featured_media":4102,"template":"","meta":{"inline_featured_image":false},"product_brand":[],"product_cat":[48,33,36,35,49],"product_tag":[70,80,225,64,241],"class_list":{"0":"post-457","1":"product","2":"type-product","3":"status-publish","4":"has-post-thumbnail","6":"product_cat-astianpesu","7":"product_cat-mreco","8":"product_cat-mreco-astianpesu","9":"product_cat-mreco-siivous","10":"product_cat-siivous","11":"product_tag-ekologinen","12":"product_tag-hankaus","13":"product_tag-hankauskera","14":"product_tag-mreco","15":"product_tag-ruostumaton-teras","17":"first","18":"instock","19":"taxable","20":"shipping-taxable","21":"purchasable","22":"product-type-simple"},"yoast_head":"<!-- This site is optimized with the Yoast SEO Premium plugin v26.8 (Yoast SEO v27.4) - https:\/\/yoast.com\/product\/yoast-seo-premium-wordpress\/ -->\n<title>MrEco Hankausker\u00e4 ruostumaton ter\u00e4s 2kpl - Shop Eettinen Luksus<\/title>\n<meta name=\"description\" content=\"Ekologinen Puhdistaa jopa ilman pesuainetta pinttyneen lian ja rasvan poistoon Ei ruostu eik\u00e4 ker\u00e4\u00e4 hajuja MrEco Hankausker\u00e4 ruostumaton ter\u00e4s 2kpl\" \/>\n<meta name=\"robots\" content=\"index, follow, max-snippet:-1, max-image-preview:large, max-video-preview:-1\" \/>\n<link rel=\"canonical\" href=\"https:\/\/eettinenluksus.fi\/shop\/en\/product\/mreco-hankauskera-ruostumaton-teras-2kpl\/\" \/>\n<meta property=\"og:locale\" content=\"en_GB\" \/>\n<meta property=\"og:type\" content=\"article\" \/>\n<meta property=\"og:title\" content=\"MrEco Hankausker\u00e4 ruostumaton ter\u00e4s 2kpl\" \/>\n<meta property=\"og:description\" content=\"Ekologinen Puhdistaa jopa ilman pesuainetta pinttyneen lian ja rasvan poistoon Ei ruostu eik\u00e4 ker\u00e4\u00e4 hajuja MrEco Hankausker\u00e4 ruostumaton ter\u00e4s 2kpl\" \/>\n<meta property=\"og:url\" content=\"https:\/\/eettinenluksus.fi\/shop\/en\/product\/mreco-hankauskera-ruostumaton-teras-2kpl\/\" \/>\n<meta property=\"og:site_name\" content=\"Shop Eettinen Luksus\" \/>\n<meta property=\"article:publisher\" content=\"https:\/\/www.facebook.com\/eettinenluksus\" \/>\n<meta property=\"article:modified_time\" content=\"2024-09-20T10:42:56+00:00\" \/>\n<meta property=\"og:image\" content=\"https:\/\/eettinenluksus.fi\/shop\/wp-content\/uploads\/sites\/4\/1726\/27\/mr.-ECO-Terasspiraali-nelio.jpg\" \/>\n\t<meta property=\"og:image:width\" content=\"1045\" \/>\n\t<meta property=\"og:image:height\" content=\"1045\" \/>\n\t<meta property=\"og:image:type\" content=\"image\/jpeg\" \/>\n<meta name=\"twitter:card\" content=\"summary_large_image\" \/>\n<meta name=\"twitter:label1\" content=\"Price\" \/>\n\t<meta name=\"twitter:data1\" content=\"2,85&nbsp;&euro;\" \/>\n\t<meta name=\"twitter:label2\" content=\"Availability\" \/>\n\t<meta name=\"twitter:data2\" content=\"In stock\" \/>\n<script type=\"application\/ld+json\" class=\"yoast-schema-graph\">{\"@context\":\"https:\\\/\\\/schema.org\",\"@graph\":[{\"@type\":\"WebPage\",\"@id\":\"https:\\\/\\\/eettinenluksus.fi\\\/shop\\\/tuote\\\/mreco-hankauskera-ruostumaton-teras-2kpl\\\/\",\"url\":\"https:\\\/\\\/eettinenluksus.fi\\\/shop\\\/tuote\\\/mreco-hankauskera-ruostumaton-teras-2kpl\\\/\",\"name\":\"MrEco Hankausker\u00e4 ruostumaton ter\u00e4s 2kpl - Shop Eettinen Luksus\",\"isPartOf\":{\"@id\":\"https:\\\/\\\/eettinenluksus.fi\\\/shop\\\/#website\"},\"primaryImageOfPage\":{\"@id\":\"https:\\\/\\\/eettinenluksus.fi\\\/shop\\\/tuote\\\/mreco-hankauskera-ruostumaton-teras-2kpl\\\/#primaryimage\"},\"image\":{\"@id\":\"https:\\\/\\\/eettinenluksus.fi\\\/shop\\\/tuote\\\/mreco-hankauskera-ruostumaton-teras-2kpl\\\/#primaryimage\"},\"thumbnailUrl\":\"https:\\\/\\\/eettinenluksus.fi\\\/shop\\\/wp-content\\\/uploads\\\/sites\\\/4\\\/1726\\\/27\\\/mr.-ECO-Terasspiraali-nelio.jpg\",\"datePublished\":\"2022-10-06T08:18:35+00:00\",\"dateModified\":\"2024-09-20T10:42:56+00:00\",\"description\":\"Ekologinen Puhdistaa jopa ilman pesuainetta pinttyneen lian ja rasvan poistoon Ei ruostu eik\u00e4 ker\u00e4\u00e4 hajuja MrEco Hankausker\u00e4 ruostumaton ter\u00e4s 2kpl\",\"breadcrumb\":{\"@id\":\"https:\\\/\\\/eettinenluksus.fi\\\/shop\\\/tuote\\\/mreco-hankauskera-ruostumaton-teras-2kpl\\\/#breadcrumb\"},\"inLanguage\":\"en-GB\",\"potentialAction\":[{\"@type\":\"ReadAction\",\"target\":[\"https:\\\/\\\/eettinenluksus.fi\\\/shop\\\/tuote\\\/mreco-hankauskera-ruostumaton-teras-2kpl\\\/\"]}]},{\"@type\":\"ImageObject\",\"inLanguage\":\"en-GB\",\"@id\":\"https:\\\/\\\/eettinenluksus.fi\\\/shop\\\/tuote\\\/mreco-hankauskera-ruostumaton-teras-2kpl\\\/#primaryimage\",\"url\":\"https:\\\/\\\/eettinenluksus.fi\\\/shop\\\/wp-content\\\/uploads\\\/sites\\\/4\\\/1726\\\/27\\\/mr.-ECO-Terasspiraali-nelio.jpg\",\"contentUrl\":\"https:\\\/\\\/eettinenluksus.fi\\\/shop\\\/wp-content\\\/uploads\\\/sites\\\/4\\\/1726\\\/27\\\/mr.-ECO-Terasspiraali-nelio.jpg\",\"width\":1045,\"height\":1045,\"caption\":\"mrECO Ter\u00e4sspiraali\"},{\"@type\":\"BreadcrumbList\",\"@id\":\"https:\\\/\\\/eettinenluksus.fi\\\/shop\\\/tuote\\\/mreco-hankauskera-ruostumaton-teras-2kpl\\\/#breadcrumb\",\"itemListElement\":[{\"@type\":\"ListItem\",\"position\":1,\"name\":\"Etusivu\",\"item\":\"https:\\\/\\\/eettinenluksus.fi\\\/shop\\\/\"},{\"@type\":\"ListItem\",\"position\":2,\"name\":\"Kauppa\",\"item\":\"https:\\\/\\\/eettinenluksus.fi\\\/shop\\\/en\\\/kauppa\\\/\"},{\"@type\":\"ListItem\",\"position\":3,\"name\":\"MrEco Hankausker\u00e4 ruostumaton ter\u00e4s 2kpl\"}]},{\"@type\":\"WebSite\",\"@id\":\"https:\\\/\\\/eettinenluksus.fi\\\/shop\\\/#website\",\"url\":\"https:\\\/\\\/eettinenluksus.fi\\\/shop\\\/\",\"name\":\"Shop Eettinen Luksus\",\"description\":\"Uusi verkkokauppa\",\"publisher\":{\"@id\":\"https:\\\/\\\/eettinenluksus.fi\\\/shop\\\/#organization\"},\"potentialAction\":[{\"@type\":\"SearchAction\",\"target\":{\"@type\":\"EntryPoint\",\"urlTemplate\":\"https:\\\/\\\/eettinenluksus.fi\\\/shop\\\/?s={search_term_string}\"},\"query-input\":{\"@type\":\"PropertyValueSpecification\",\"valueRequired\":true,\"valueName\":\"search_term_string\"}}],\"inLanguage\":\"en-GB\"},{\"@type\":\"Organization\",\"@id\":\"https:\\\/\\\/eettinenluksus.fi\\\/shop\\\/#organization\",\"name\":\"Shop Eettinen Luksus\",\"url\":\"https:\\\/\\\/eettinenluksus.fi\\\/shop\\\/\",\"logo\":{\"@type\":\"ImageObject\",\"inLanguage\":\"en-GB\",\"@id\":\"https:\\\/\\\/eettinenluksus.fi\\\/shop\\\/#\\\/schema\\\/logo\\\/image\\\/\",\"url\":\"https:\\\/\\\/eettinenluksus.fi\\\/shop\\\/wp-content\\\/uploads\\\/sites\\\/4\\\/1664\\\/37\\\/cropped-ELO.jpg\",\"contentUrl\":\"https:\\\/\\\/eettinenluksus.fi\\\/shop\\\/wp-content\\\/uploads\\\/sites\\\/4\\\/1664\\\/37\\\/cropped-ELO.jpg\",\"width\":810,\"height\":350,\"caption\":\"Shop Eettinen Luksus\"},\"image\":{\"@id\":\"https:\\\/\\\/eettinenluksus.fi\\\/shop\\\/#\\\/schema\\\/logo\\\/image\\\/\"},\"sameAs\":[\"https:\\\/\\\/www.facebook.com\\\/eettinenluksus\",\"https:\\\/\\\/www.instagram.com\\\/eettinenluksus\\\/\"]}]}<\/script>\n<meta property=\"product:price:amount\" content=\"2.85\" \/>\n<meta property=\"product:price:currency\" content=\"EUR\" \/>\n<meta property=\"og:availability\" content=\"instock\" \/>\n<meta property=\"product:availability\" content=\"instock\" \/>\n<meta property=\"product:retailer_item_id\" content=\"70203MRE\" \/>\n<meta property=\"product:condition\" content=\"new\" \/>\n<!-- \/ Yoast SEO Premium plugin. -->","yoast_head_json":{"title":"MrEco Hankausker\u00e4 ruostumaton ter\u00e4s 2kpl - Shop Eettinen Luksus","description":"Ekologinen Puhdistaa jopa ilman pesuainetta pinttyneen lian ja rasvan poistoon Ei ruostu eik\u00e4 ker\u00e4\u00e4 hajuja MrEco Hankausker\u00e4 ruostumaton ter\u00e4s 2kpl","robots":{"index":"index","follow":"follow","max-snippet":"max-snippet:-1","max-image-preview":"max-image-preview:large","max-video-preview":"max-video-preview:-1"},"canonical":"https:\/\/eettinenluksus.fi\/shop\/en\/product\/mreco-hankauskera-ruostumaton-teras-2kpl\/","og_locale":"en_GB","og_type":"article","og_title":"MrEco Hankausker\u00e4 ruostumaton ter\u00e4s 2kpl","og_description":"Ekologinen Puhdistaa jopa ilman pesuainetta pinttyneen lian ja rasvan poistoon Ei ruostu eik\u00e4 ker\u00e4\u00e4 hajuja MrEco Hankausker\u00e4 ruostumaton ter\u00e4s 2kpl","og_url":"https:\/\/eettinenluksus.fi\/shop\/en\/product\/mreco-hankauskera-ruostumaton-teras-2kpl\/","og_site_name":"Shop Eettinen Luksus","article_publisher":"https:\/\/www.facebook.com\/eettinenluksus","article_modified_time":"2024-09-20T10:42:56+00:00","og_image":[{"width":1045,"height":1045,"url":"https:\/\/eettinenluksus.fi\/shop\/wp-content\/uploads\/sites\/4\/1726\/27\/mr.-ECO-Terasspiraali-nelio.jpg","type":"image\/jpeg"}],"twitter_card":"summary_large_image","twitter_misc":{"Price":"2,85&nbsp;&euro;","Availability":"In stock"},"schema":{"@context":"https:\/\/schema.org","@graph":[{"@type":"WebPage","@id":"https:\/\/eettinenluksus.fi\/shop\/tuote\/mreco-hankauskera-ruostumaton-teras-2kpl\/","url":"https:\/\/eettinenluksus.fi\/shop\/tuote\/mreco-hankauskera-ruostumaton-teras-2kpl\/","name":"MrEco Hankausker\u00e4 ruostumaton ter\u00e4s 2kpl - Shop Eettinen Luksus","isPartOf":{"@id":"https:\/\/eettinenluksus.fi\/shop\/#website"},"primaryImageOfPage":{"@id":"https:\/\/eettinenluksus.fi\/shop\/tuote\/mreco-hankauskera-ruostumaton-teras-2kpl\/#primaryimage"},"image":{"@id":"https:\/\/eettinenluksus.fi\/shop\/tuote\/mreco-hankauskera-ruostumaton-teras-2kpl\/#primaryimage"},"thumbnailUrl":"https:\/\/eettinenluksus.fi\/shop\/wp-content\/uploads\/sites\/4\/1726\/27\/mr.-ECO-Terasspiraali-nelio.jpg","datePublished":"2022-10-06T08:18:35+00:00","dateModified":"2024-09-20T10:42:56+00:00","description":"Ekologinen Puhdistaa jopa ilman pesuainetta pinttyneen lian ja rasvan poistoon Ei ruostu eik\u00e4 ker\u00e4\u00e4 hajuja MrEco Hankausker\u00e4 ruostumaton ter\u00e4s 2kpl","breadcrumb":{"@id":"https:\/\/eettinenluksus.fi\/shop\/tuote\/mreco-hankauskera-ruostumaton-teras-2kpl\/#breadcrumb"},"inLanguage":"en-GB","potentialAction":[{"@type":"ReadAction","target":["https:\/\/eettinenluksus.fi\/shop\/tuote\/mreco-hankauskera-ruostumaton-teras-2kpl\/"]}]},{"@type":"ImageObject","inLanguage":"en-GB","@id":"https:\/\/eettinenluksus.fi\/shop\/tuote\/mreco-hankauskera-ruostumaton-teras-2kpl\/#primaryimage","url":"https:\/\/eettinenluksus.fi\/shop\/wp-content\/uploads\/sites\/4\/1726\/27\/mr.-ECO-Terasspiraali-nelio.jpg","contentUrl":"https:\/\/eettinenluksus.fi\/shop\/wp-content\/uploads\/sites\/4\/1726\/27\/mr.-ECO-Terasspiraali-nelio.jpg","width":1045,"height":1045,"caption":"mrECO Ter\u00e4sspiraali"},{"@type":"BreadcrumbList","@id":"https:\/\/eettinenluksus.fi\/shop\/tuote\/mreco-hankauskera-ruostumaton-teras-2kpl\/#breadcrumb","itemListElement":[{"@type":"ListItem","position":1,"name":"Etusivu","item":"https:\/\/eettinenluksus.fi\/shop\/"},{"@type":"ListItem","position":2,"name":"Kauppa","item":"https:\/\/eettinenluksus.fi\/shop\/en\/kauppa\/"},{"@type":"ListItem","position":3,"name":"MrEco Hankausker\u00e4 ruostumaton ter\u00e4s 2kpl"}]},{"@type":"WebSite","@id":"https:\/\/eettinenluksus.fi\/shop\/#website","url":"https:\/\/eettinenluksus.fi\/shop\/","name":"Shop Eettinen Luksus","description":"Uusi verkkokauppa","publisher":{"@id":"https:\/\/eettinenluksus.fi\/shop\/#organization"},"potentialAction":[{"@type":"SearchAction","target":{"@type":"EntryPoint","urlTemplate":"https:\/\/eettinenluksus.fi\/shop\/?s={search_term_string}"},"query-input":{"@type":"PropertyValueSpecification","valueRequired":true,"valueName":"search_term_string"}}],"inLanguage":"en-GB"},{"@type":"Organization","@id":"https:\/\/eettinenluksus.fi\/shop\/#organization","name":"Shop Eettinen Luksus","url":"https:\/\/eettinenluksus.fi\/shop\/","logo":{"@type":"ImageObject","inLanguage":"en-GB","@id":"https:\/\/eettinenluksus.fi\/shop\/#\/schema\/logo\/image\/","url":"https:\/\/eettinenluksus.fi\/shop\/wp-content\/uploads\/sites\/4\/1664\/37\/cropped-ELO.jpg","contentUrl":"https:\/\/eettinenluksus.fi\/shop\/wp-content\/uploads\/sites\/4\/1664\/37\/cropped-ELO.jpg","width":810,"height":350,"caption":"Shop Eettinen Luksus"},"image":{"@id":"https:\/\/eettinenluksus.fi\/shop\/#\/schema\/logo\/image\/"},"sameAs":["https:\/\/www.facebook.com\/eettinenluksus","https:\/\/www.instagram.com\/eettinenluksus\/"]}]},"product_price_amount":"2.85","product_price_currency":"EUR","og_availability":"instock","product_availability":"instock","product_retailer_item_id":"70203MRE","product_condition":"new"},"_links":{"self":[{"href":"https:\/\/eettinenluksus.fi\/shop\/en\/wp-json\/wp\/v2\/product\/457","targetHints":{"allow":["GET"]}}],"collection":[{"href":"https:\/\/eettinenluksus.fi\/shop\/en\/wp-json\/wp\/v2\/product"}],"about":[{"href":"https:\/\/eettinenluksus.fi\/shop\/en\/wp-json\/wp\/v2\/types\/product"}],"version-history":[{"count":10,"href":"https:\/\/eettinenluksus.fi\/shop\/en\/wp-json\/wp\/v2\/product\/457\/revisions"}],"predecessor-version":[{"id":2881,"href":"https:\/\/eettinenluksus.fi\/shop\/en\/wp-json\/wp\/v2\/product\/457\/revisions\/2881"}],"wp:featuredmedia":[{"embeddable":true,"href":"https:\/\/eettinenluksus.fi\/shop\/en\/wp-json\/wp\/v2\/media\/4102"}],"wp:attachment":[{"href":"https:\/\/eettinenluksus.fi\/shop\/en\/wp-json\/wp\/v2\/media?parent=457"}],"wp:term":[{"taxonomy":"product_brand","embeddable":true,"href":"https:\/\/eettinenluksus.fi\/shop\/en\/wp-json\/wp\/v2\/product_brand?post=457"},{"taxonomy":"product_cat","embeddable":true,"href":"https:\/\/eettinenluksus.fi\/shop\/en\/wp-json\/wp\/v2\/product_cat?post=457"},{"taxonomy":"product_tag","embeddable":true,"href":"https:\/\/eettinenluksus.fi\/shop\/en\/wp-json\/wp\/v2\/product_tag?post=457"}],"curies":[{"name":"wp","href":"https:\/\/api.w.org\/{rel}","templated":true}]}}