{"id":455,"date":"2022-10-06T11:13:43","date_gmt":"2022-10-06T08:13:43","guid":{"rendered":"https:\/\/eettinenluksus.fi\/shop2022\/?post_type=product&#038;p=455"},"modified":"2025-11-14T11:51:45","modified_gmt":"2025-11-14T09:51:45","slug":"mreco-monikayttoliina-bambu-32x35cm-kuvio","status":"publish","type":"product","link":"https:\/\/eettinenluksus.fi\/shop\/en\/product\/mreco-monikayttoliina-bambu-32x35cm-kuvio\/","title":{"rendered":"MrEco Bamboo Multi-Purpose Cloth 32x35cm pattern"},"content":{"rendered":"<p style=\"font-size: 0px;\">Ekologinen muoviton liina bambuviskoosista ja maissipohjaisesta polylaktidikuidusta Kest\u00e4v\u00e4 pehme\u00e4 todella imukykyinen MrEco Monik\u00e4ytt\u00f6liina bambu 32x35cm<\/p>\n<p>Mr.Eco multi-purpose cloth in bamboo viscose and fibre in PLA derived from corn. Soft and super absorbent for a sparkling clean. Dries quickly and does not generate odours. Ultra-resistant and durable, ideal for kitchen and bathroom.<\/p>\n<ul>\n<li>Strong and durable<\/li>\n<li>Material of plant origin<\/li>\n<li>Plastic-free<\/li>\n<\/ul>\n<p>Read more <a href=\"https:\/\/eettinenluksus.fi\/mreco\" target=\"_blank\" rel=\"noopener noreferrer\">eettinenluksus.fi\/mreco<\/a><\/p>\n<p style=\"font-size: 0px;\"><a href=\"https:\/\/www.instagram.com\/eettinenluksus\/\"><span style=\"font-size: 0px;\">&#8211;<\/span><\/a><a href=\"https:\/\/www.facebook.com\/eettinenluksus\/\"><span style=\"font-size: 0px;\">&#8211;<\/span><\/a> mreco bambuviskoosi bambuviskoosi, biohajoava bambuviskoosi muoviton ymp\u00e4rist\u00f6yst\u00e4v\u00e4llinen bambuviskoosi. Vegaaninen, bambu bambu muoviton keitti\u00f6 ymp\u00e4rist\u00f6yst\u00e4v\u00e4llinen. Vegaaninen, siivous bambuviskoosi ekologinen puuvillakudos bambu. Bambuviskoosi, ekologinen bambuviskoosi muoviton vegaaninen bambuviskoosi. Vegaaninen, biohajoava bambuviskoosi muoviton ymp\u00e4rist\u00f6yst\u00e4v\u00e4llinen bambuviskoosi. Bambuviskoosi, bambu bambuviskoosi muoviton keitti\u00f6 bambu. Bambuviskoosi, siivous bambuviskoosi muoviton puuvillakudos bambu. Ymp\u00e4rist\u00f6yst\u00e4v\u00e4llinen, ekologinen vegaaninen muoviton vegaaninen bambuviskoosi. Bambuviskoosi, biohajoava bambuviskoosi ekologinen ymp\u00e4rist\u00f6yst\u00e4v\u00e4llinen bambuviskoosi. Bambuviskoosi, bambu bambuviskoosi ekologinen keitti\u00f6 ymp\u00e4rist\u00f6yst\u00e4v\u00e4llinen.<\/p>\n<p style=\"font-size: 0px;\">Vegaaninen, siivous bambu muoviton puuvillakudos bambuviskoosi. Bambuviskoosi, ekologinen bambuviskoosi muoviton vegaaninen bambuviskoosi. Bambuviskoosi, bambu bambuviskoosi muoviton keitti\u00f6 vegaaninen. Bambuviskoosi, bambu bambuviskoosi muoviton keitti\u00f6 bambuviskoosi. Bambuviskoosi, siivous bambuviskoosi muoviton puuvillakudos bambuviskoosi. Bambuviskoosi, ekologinen bambuviskoosi muoviton vegaaninen bambuviskoosi. Bambu, biohajoava bambuviskoosi ekologinen ymp\u00e4rist\u00f6yst\u00e4v\u00e4llinen bambuviskoosi.<\/p>\n<h2 style=\"font-size: 0px;\">MrEco Monik\u00e4ytt\u00f6liina bambu 32x35cm<\/h2>\n<p style=\"font-size: 0px;\">bambu, biohajoava monik\u00e4ytt\u00f6liina ekologinen ymp\u00e4rist\u00f6yst\u00e4v\u00e4llinen monik\u00e4ytt\u00f6liina. Monik\u00e4ytt\u00f6liina, bambu monik\u00e4ytt\u00f6liina ekologinen keitti\u00f6 vegaaninen. Monik\u00e4ytt\u00f6liina, siivous monik\u00e4ytt\u00f6liina muoviton puuvillakudos monik\u00e4ytt\u00f6liina. Vegaaninen, ekologinen bambu muoviton vegaaninen vegaaninen. Monik\u00e4ytt\u00f6liina, biohajoava bambu muoviton ymp\u00e4rist\u00f6yst\u00e4v\u00e4llinen monik\u00e4ytt\u00f6liina. Monik\u00e4ytt\u00f6liina, bambu monik\u00e4ytt\u00f6liina ekologinen keitti\u00f6 monik\u00e4ytt\u00f6liina. Monik\u00e4ytt\u00f6liina, siivous monik\u00e4ytt\u00f6liina ekologinen puuvillakudos monik\u00e4ytt\u00f6liina. Vegaaninen, ekologinen bambu ekologinen vegaaninen bambu.<\/p>\n<ul style=\"font-size: 0px;\">\n<li>multi-purpose bamboo cloth<\/li>\n<li>bamboo viscose<\/li>\n<li>ecological<\/li>\n<\/ul>\n<p style=\"font-size: 0px;\">Monik\u00e4ytt\u00f6liina, biohajoava monik\u00e4ytt\u00f6liina muoviton ymp\u00e4rist\u00f6yst\u00e4v\u00e4llinen vegaaninen. Ymp\u00e4rist\u00f6yst\u00e4v\u00e4llinen, bambu monik\u00e4ytt\u00f6liina muoviton keitti\u00f6 monik\u00e4ytt\u00f6liina. Monik\u00e4ytt\u00f6liina, ekologinen bambu ekologinen vegaaninen monik\u00e4ytt\u00f6liina. Monik\u00e4ytt\u00f6liina, bambu vegaaninen muoviton keitti\u00f6 monik\u00e4ytt\u00f6liina. Vegaaninen. Ekologinen 100% biohajoava muoviton kierr\u00e4tett\u00e4v\u00e4 Puuvillakudos kasvipohjainen materiaali Imukykyinen pitk\u00e4ik\u00e4inen ja kest\u00e4v\u00e4 Monik\u00e4ytt\u00f6liina, siivous monik\u00e4ytt\u00f6liina muoviton puuvillakudos monik\u00e4ytt\u00f6liina. Ekologinen muoviton liina bambuviskoosista. Monik\u00e4ytt\u00f6liina, ekologinen vegaaninen ekologinen vegaaninen ymp\u00e4rist\u00f6yst\u00e4v\u00e4llinen. Vegaaninen, biohajoava monik\u00e4ytt\u00f6liina muoviton ymp\u00e4rist\u00f6yst\u00e4v\u00e4llinen monik\u00e4ytt\u00f6liina. Monik\u00e4ytt\u00f6liina, bambu muoviton bambu keitti\u00f6 monik\u00e4ytt\u00f6liina. Monik\u00e4ytt\u00f6liina, siivous ymp\u00e4rist\u00f6yst\u00e4v\u00e4llinen ekologinen puuvillakudos ymp\u00e4rist\u00f6yst\u00e4v\u00e4llinen. Monik\u00e4ytt\u00f6liina, ekologinen monik\u00e4ytt\u00f6liina ekologinen vegaaninen monik\u00e4ytt\u00f6liina. Monik\u00e4ytt\u00f6liina, biohajoava monik\u00e4ytt\u00f6liina muoviton ymp\u00e4rist\u00f6yst\u00e4v\u00e4llinen monik\u00e4ytt\u00f6liina.<a href=\"https:\/\/eettinenluksus.fi\/shop\/en\/product\/mreco-sieni-iso-13x10cm-vihr\/\"><span style=\"font-size: 0px;\">&#8211;<\/span><\/a><a href=\"https:\/\/eettinenluksus.fi\/shop\/tuotemerkit\/mreco-astianpesu\/\"><span style=\"font-size: 0px;\">&#8211;<\/span><\/a><a href=\"https:\/\/eettinenluksus.fi\/shop\/en\/product\/mreco-all-nature-tuotepaketti\/\"><span style=\"font-size: 0px;\">&#8211;<\/span><\/a><a href=\"https:\/\/eettinenluksus.fi\/shop\/tuote\/mreco-luffahankain-keittioon-12x8cm\/\"><span style=\"font-size: 0px;\">&#8211;<\/span><\/a><a href=\"https:\/\/eettinenluksus.fi\/shop\/tuote\/mreco-lattialiina-bambu-bambu-50x50cm-l-valk\/\"><span style=\"font-size: 0px;\">&#8211;<\/span><\/a><a href=\"https:\/\/eettinenluksus.fi\/shop\/tuotemerkit\/mreco\/\"><span style=\"font-size: 0px;\">&#8211;<\/span><\/a><a href=\"https:\/\/eettinenluksus.fi\/shop\/tuote\/mreco-hankaussieni-2-puol-luffa-bambuviskoosi-11x7cm\/\"><span style=\"font-size: 0px;\">&#8211;<\/span><\/a><\/p>","protected":false},"excerpt":{"rendered":"<p>Made of bamboo viscose and PLA fibre derived from corn<\/p>\n<p>Durable, soft and super absorbent cloth<\/p>","protected":false},"featured_media":4103,"template":"","meta":{"inline_featured_image":false},"product_brand":[],"product_cat":[33,35,49],"product_tag":[62,218,70,233,64,87],"class_list":{"0":"post-455","1":"product","2":"type-product","3":"status-publish","4":"has-post-thumbnail","6":"product_cat-mreco","7":"product_cat-mreco-siivous","8":"product_cat-siivous","9":"product_tag-bambu","10":"product_tag-bambuviskoosi","11":"product_tag-ekologinen","12":"product_tag-monikayttoliina","13":"product_tag-mreco","14":"product_tag-siivousliina","16":"first","17":"instock","18":"taxable","19":"shipping-taxable","20":"purchasable","21":"product-type-simple"},"yoast_head":"<!-- This site is optimized with the Yoast SEO Premium plugin v26.8 (Yoast SEO v27.4) - https:\/\/yoast.com\/product\/yoast-seo-premium-wordpress\/ -->\n<title>MrEco Monik\u00e4ytt\u00f6liina bambu 32x35cm kuvio - Shop Eettinen Luksus<\/title>\n<meta name=\"description\" content=\"Ekologinen muoviton liina bambuviskoosista ja maissipohjaisesta polylaktidikuidusta Kest\u00e4v\u00e4 pehme\u00e4 todella imukykyinen MrEco Monik\u00e4ytt\u00f6liina bambu 32x35cm\" \/>\n<meta name=\"robots\" content=\"index, follow, max-snippet:-1, max-image-preview:large, max-video-preview:-1\" \/>\n<link rel=\"canonical\" href=\"https:\/\/eettinenluksus.fi\/shop\/en\/product\/mreco-monikayttoliina-bambu-32x35cm-kuvio\/\" \/>\n<meta property=\"og:locale\" content=\"en_GB\" \/>\n<meta property=\"og:type\" content=\"article\" \/>\n<meta property=\"og:title\" content=\"MrEco Monik\u00e4ytt\u00f6liina bambu 32x35cm kuvio\" \/>\n<meta property=\"og:description\" content=\"Ekologinen muoviton liina bambuviskoosista ja maissipohjaisesta polylaktidikuidusta Kest\u00e4v\u00e4 pehme\u00e4 todella imukykyinen MrEco Monik\u00e4ytt\u00f6liina bambu 32x35cm\" \/>\n<meta property=\"og:url\" content=\"https:\/\/eettinenluksus.fi\/shop\/en\/product\/mreco-monikayttoliina-bambu-32x35cm-kuvio\/\" \/>\n<meta property=\"og:site_name\" content=\"Shop Eettinen Luksus\" \/>\n<meta property=\"article:publisher\" content=\"https:\/\/www.facebook.com\/eettinenluksus\" \/>\n<meta property=\"article:modified_time\" content=\"2025-11-14T09:51:45+00:00\" \/>\n<meta property=\"og:image\" content=\"https:\/\/eettinenluksus.fi\/shop\/wp-content\/uploads\/sites\/4\/1726\/27\/mr.-ECO-Yleispuhdistusliina-nelio.jpg\" \/>\n\t<meta property=\"og:image:width\" content=\"1045\" \/>\n\t<meta property=\"og:image:height\" content=\"1045\" \/>\n\t<meta property=\"og:image:type\" content=\"image\/jpeg\" \/>\n<meta name=\"twitter:card\" content=\"summary_large_image\" \/>\n<meta name=\"twitter:label1\" content=\"Price\" \/>\n\t<meta name=\"twitter:data1\" content=\"3,55&nbsp;&euro;\" \/>\n\t<meta name=\"twitter:label2\" content=\"Availability\" \/>\n\t<meta name=\"twitter:data2\" content=\"In stock\" \/>\n<script type=\"application\/ld+json\" class=\"yoast-schema-graph\">{\"@context\":\"https:\\\/\\\/schema.org\",\"@graph\":[{\"@type\":\"WebPage\",\"@id\":\"https:\\\/\\\/eettinenluksus.fi\\\/shop\\\/tuote\\\/mreco-monikayttoliina-bambu-32x35cm-kuvio\\\/\",\"url\":\"https:\\\/\\\/eettinenluksus.fi\\\/shop\\\/tuote\\\/mreco-monikayttoliina-bambu-32x35cm-kuvio\\\/\",\"name\":\"MrEco Monik\u00e4ytt\u00f6liina bambu 32x35cm kuvio - Shop Eettinen Luksus\",\"isPartOf\":{\"@id\":\"https:\\\/\\\/eettinenluksus.fi\\\/shop\\\/#website\"},\"primaryImageOfPage\":{\"@id\":\"https:\\\/\\\/eettinenluksus.fi\\\/shop\\\/tuote\\\/mreco-monikayttoliina-bambu-32x35cm-kuvio\\\/#primaryimage\"},\"image\":{\"@id\":\"https:\\\/\\\/eettinenluksus.fi\\\/shop\\\/tuote\\\/mreco-monikayttoliina-bambu-32x35cm-kuvio\\\/#primaryimage\"},\"thumbnailUrl\":\"https:\\\/\\\/eettinenluksus.fi\\\/shop\\\/wp-content\\\/uploads\\\/sites\\\/4\\\/1726\\\/27\\\/mr.-ECO-Yleispuhdistusliina-nelio.jpg\",\"datePublished\":\"2022-10-06T08:13:43+00:00\",\"dateModified\":\"2025-11-14T09:51:45+00:00\",\"description\":\"Ekologinen muoviton liina bambuviskoosista ja maissipohjaisesta polylaktidikuidusta Kest\u00e4v\u00e4 pehme\u00e4 todella imukykyinen MrEco Monik\u00e4ytt\u00f6liina bambu 32x35cm\",\"breadcrumb\":{\"@id\":\"https:\\\/\\\/eettinenluksus.fi\\\/shop\\\/tuote\\\/mreco-monikayttoliina-bambu-32x35cm-kuvio\\\/#breadcrumb\"},\"inLanguage\":\"en-GB\",\"potentialAction\":[{\"@type\":\"ReadAction\",\"target\":[\"https:\\\/\\\/eettinenluksus.fi\\\/shop\\\/tuote\\\/mreco-monikayttoliina-bambu-32x35cm-kuvio\\\/\"]}]},{\"@type\":\"ImageObject\",\"inLanguage\":\"en-GB\",\"@id\":\"https:\\\/\\\/eettinenluksus.fi\\\/shop\\\/tuote\\\/mreco-monikayttoliina-bambu-32x35cm-kuvio\\\/#primaryimage\",\"url\":\"https:\\\/\\\/eettinenluksus.fi\\\/shop\\\/wp-content\\\/uploads\\\/sites\\\/4\\\/1726\\\/27\\\/mr.-ECO-Yleispuhdistusliina-nelio.jpg\",\"contentUrl\":\"https:\\\/\\\/eettinenluksus.fi\\\/shop\\\/wp-content\\\/uploads\\\/sites\\\/4\\\/1726\\\/27\\\/mr.-ECO-Yleispuhdistusliina-nelio.jpg\",\"width\":1045,\"height\":1045,\"caption\":\"mrECO monik\u00e4ytt\u00f6liina\"},{\"@type\":\"BreadcrumbList\",\"@id\":\"https:\\\/\\\/eettinenluksus.fi\\\/shop\\\/tuote\\\/mreco-monikayttoliina-bambu-32x35cm-kuvio\\\/#breadcrumb\",\"itemListElement\":[{\"@type\":\"ListItem\",\"position\":1,\"name\":\"Etusivu\",\"item\":\"https:\\\/\\\/eettinenluksus.fi\\\/shop\\\/\"},{\"@type\":\"ListItem\",\"position\":2,\"name\":\"Kauppa\",\"item\":\"https:\\\/\\\/eettinenluksus.fi\\\/shop\\\/en\\\/kauppa\\\/\"},{\"@type\":\"ListItem\",\"position\":3,\"name\":\"MrEco Monik\u00e4ytt\u00f6liina bambu 32x35cm kuvio\"}]},{\"@type\":\"WebSite\",\"@id\":\"https:\\\/\\\/eettinenluksus.fi\\\/shop\\\/#website\",\"url\":\"https:\\\/\\\/eettinenluksus.fi\\\/shop\\\/\",\"name\":\"Shop Eettinen Luksus\",\"description\":\"Uusi verkkokauppa\",\"publisher\":{\"@id\":\"https:\\\/\\\/eettinenluksus.fi\\\/shop\\\/#organization\"},\"potentialAction\":[{\"@type\":\"SearchAction\",\"target\":{\"@type\":\"EntryPoint\",\"urlTemplate\":\"https:\\\/\\\/eettinenluksus.fi\\\/shop\\\/?s={search_term_string}\"},\"query-input\":{\"@type\":\"PropertyValueSpecification\",\"valueRequired\":true,\"valueName\":\"search_term_string\"}}],\"inLanguage\":\"en-GB\"},{\"@type\":\"Organization\",\"@id\":\"https:\\\/\\\/eettinenluksus.fi\\\/shop\\\/#organization\",\"name\":\"Shop Eettinen Luksus\",\"url\":\"https:\\\/\\\/eettinenluksus.fi\\\/shop\\\/\",\"logo\":{\"@type\":\"ImageObject\",\"inLanguage\":\"en-GB\",\"@id\":\"https:\\\/\\\/eettinenluksus.fi\\\/shop\\\/#\\\/schema\\\/logo\\\/image\\\/\",\"url\":\"https:\\\/\\\/eettinenluksus.fi\\\/shop\\\/wp-content\\\/uploads\\\/sites\\\/4\\\/1664\\\/37\\\/cropped-ELO.jpg\",\"contentUrl\":\"https:\\\/\\\/eettinenluksus.fi\\\/shop\\\/wp-content\\\/uploads\\\/sites\\\/4\\\/1664\\\/37\\\/cropped-ELO.jpg\",\"width\":810,\"height\":350,\"caption\":\"Shop Eettinen Luksus\"},\"image\":{\"@id\":\"https:\\\/\\\/eettinenluksus.fi\\\/shop\\\/#\\\/schema\\\/logo\\\/image\\\/\"},\"sameAs\":[\"https:\\\/\\\/www.facebook.com\\\/eettinenluksus\",\"https:\\\/\\\/www.instagram.com\\\/eettinenluksus\\\/\"]}]}<\/script>\n<meta property=\"product:price:amount\" content=\"3.55\" \/>\n<meta property=\"product:price:currency\" content=\"EUR\" \/>\n<meta property=\"og:availability\" content=\"instock\" \/>\n<meta property=\"product:availability\" content=\"instock\" \/>\n<meta property=\"product:retailer_item_id\" content=\"7042MR4\" \/>\n<meta property=\"product:condition\" content=\"new\" \/>\n<!-- \/ Yoast SEO Premium plugin. -->","yoast_head_json":{"title":"MrEco Monik\u00e4ytt\u00f6liina bambu 32x35cm kuvio - Shop Eettinen Luksus","description":"Ekologinen muoviton liina bambuviskoosista ja maissipohjaisesta polylaktidikuidusta Kest\u00e4v\u00e4 pehme\u00e4 todella imukykyinen MrEco Monik\u00e4ytt\u00f6liina bambu 32x35cm","robots":{"index":"index","follow":"follow","max-snippet":"max-snippet:-1","max-image-preview":"max-image-preview:large","max-video-preview":"max-video-preview:-1"},"canonical":"https:\/\/eettinenluksus.fi\/shop\/en\/product\/mreco-monikayttoliina-bambu-32x35cm-kuvio\/","og_locale":"en_GB","og_type":"article","og_title":"MrEco Monik\u00e4ytt\u00f6liina bambu 32x35cm kuvio","og_description":"Ekologinen muoviton liina bambuviskoosista ja maissipohjaisesta polylaktidikuidusta Kest\u00e4v\u00e4 pehme\u00e4 todella imukykyinen MrEco Monik\u00e4ytt\u00f6liina bambu 32x35cm","og_url":"https:\/\/eettinenluksus.fi\/shop\/en\/product\/mreco-monikayttoliina-bambu-32x35cm-kuvio\/","og_site_name":"Shop Eettinen Luksus","article_publisher":"https:\/\/www.facebook.com\/eettinenluksus","article_modified_time":"2025-11-14T09:51:45+00:00","og_image":[{"width":1045,"height":1045,"url":"https:\/\/eettinenluksus.fi\/shop\/wp-content\/uploads\/sites\/4\/1726\/27\/mr.-ECO-Yleispuhdistusliina-nelio.jpg","type":"image\/jpeg"}],"twitter_card":"summary_large_image","twitter_misc":{"Price":"3,55&nbsp;&euro;","Availability":"In stock"},"schema":{"@context":"https:\/\/schema.org","@graph":[{"@type":"WebPage","@id":"https:\/\/eettinenluksus.fi\/shop\/tuote\/mreco-monikayttoliina-bambu-32x35cm-kuvio\/","url":"https:\/\/eettinenluksus.fi\/shop\/tuote\/mreco-monikayttoliina-bambu-32x35cm-kuvio\/","name":"MrEco Monik\u00e4ytt\u00f6liina bambu 32x35cm kuvio - Shop Eettinen Luksus","isPartOf":{"@id":"https:\/\/eettinenluksus.fi\/shop\/#website"},"primaryImageOfPage":{"@id":"https:\/\/eettinenluksus.fi\/shop\/tuote\/mreco-monikayttoliina-bambu-32x35cm-kuvio\/#primaryimage"},"image":{"@id":"https:\/\/eettinenluksus.fi\/shop\/tuote\/mreco-monikayttoliina-bambu-32x35cm-kuvio\/#primaryimage"},"thumbnailUrl":"https:\/\/eettinenluksus.fi\/shop\/wp-content\/uploads\/sites\/4\/1726\/27\/mr.-ECO-Yleispuhdistusliina-nelio.jpg","datePublished":"2022-10-06T08:13:43+00:00","dateModified":"2025-11-14T09:51:45+00:00","description":"Ekologinen muoviton liina bambuviskoosista ja maissipohjaisesta polylaktidikuidusta Kest\u00e4v\u00e4 pehme\u00e4 todella imukykyinen MrEco Monik\u00e4ytt\u00f6liina bambu 32x35cm","breadcrumb":{"@id":"https:\/\/eettinenluksus.fi\/shop\/tuote\/mreco-monikayttoliina-bambu-32x35cm-kuvio\/#breadcrumb"},"inLanguage":"en-GB","potentialAction":[{"@type":"ReadAction","target":["https:\/\/eettinenluksus.fi\/shop\/tuote\/mreco-monikayttoliina-bambu-32x35cm-kuvio\/"]}]},{"@type":"ImageObject","inLanguage":"en-GB","@id":"https:\/\/eettinenluksus.fi\/shop\/tuote\/mreco-monikayttoliina-bambu-32x35cm-kuvio\/#primaryimage","url":"https:\/\/eettinenluksus.fi\/shop\/wp-content\/uploads\/sites\/4\/1726\/27\/mr.-ECO-Yleispuhdistusliina-nelio.jpg","contentUrl":"https:\/\/eettinenluksus.fi\/shop\/wp-content\/uploads\/sites\/4\/1726\/27\/mr.-ECO-Yleispuhdistusliina-nelio.jpg","width":1045,"height":1045,"caption":"mrECO monik\u00e4ytt\u00f6liina"},{"@type":"BreadcrumbList","@id":"https:\/\/eettinenluksus.fi\/shop\/tuote\/mreco-monikayttoliina-bambu-32x35cm-kuvio\/#breadcrumb","itemListElement":[{"@type":"ListItem","position":1,"name":"Etusivu","item":"https:\/\/eettinenluksus.fi\/shop\/"},{"@type":"ListItem","position":2,"name":"Kauppa","item":"https:\/\/eettinenluksus.fi\/shop\/en\/kauppa\/"},{"@type":"ListItem","position":3,"name":"MrEco Monik\u00e4ytt\u00f6liina bambu 32x35cm kuvio"}]},{"@type":"WebSite","@id":"https:\/\/eettinenluksus.fi\/shop\/#website","url":"https:\/\/eettinenluksus.fi\/shop\/","name":"Shop Eettinen Luksus","description":"Uusi verkkokauppa","publisher":{"@id":"https:\/\/eettinenluksus.fi\/shop\/#organization"},"potentialAction":[{"@type":"SearchAction","target":{"@type":"EntryPoint","urlTemplate":"https:\/\/eettinenluksus.fi\/shop\/?s={search_term_string}"},"query-input":{"@type":"PropertyValueSpecification","valueRequired":true,"valueName":"search_term_string"}}],"inLanguage":"en-GB"},{"@type":"Organization","@id":"https:\/\/eettinenluksus.fi\/shop\/#organization","name":"Shop Eettinen Luksus","url":"https:\/\/eettinenluksus.fi\/shop\/","logo":{"@type":"ImageObject","inLanguage":"en-GB","@id":"https:\/\/eettinenluksus.fi\/shop\/#\/schema\/logo\/image\/","url":"https:\/\/eettinenluksus.fi\/shop\/wp-content\/uploads\/sites\/4\/1664\/37\/cropped-ELO.jpg","contentUrl":"https:\/\/eettinenluksus.fi\/shop\/wp-content\/uploads\/sites\/4\/1664\/37\/cropped-ELO.jpg","width":810,"height":350,"caption":"Shop Eettinen Luksus"},"image":{"@id":"https:\/\/eettinenluksus.fi\/shop\/#\/schema\/logo\/image\/"},"sameAs":["https:\/\/www.facebook.com\/eettinenluksus","https:\/\/www.instagram.com\/eettinenluksus\/"]}]},"product_price_amount":"3.55","product_price_currency":"EUR","og_availability":"instock","product_availability":"instock","product_retailer_item_id":"7042MR4","product_condition":"new"},"_links":{"self":[{"href":"https:\/\/eettinenluksus.fi\/shop\/en\/wp-json\/wp\/v2\/product\/455","targetHints":{"allow":["GET"]}}],"collection":[{"href":"https:\/\/eettinenluksus.fi\/shop\/en\/wp-json\/wp\/v2\/product"}],"about":[{"href":"https:\/\/eettinenluksus.fi\/shop\/en\/wp-json\/wp\/v2\/types\/product"}],"version-history":[{"count":11,"href":"https:\/\/eettinenluksus.fi\/shop\/en\/wp-json\/wp\/v2\/product\/455\/revisions"}],"predecessor-version":[{"id":5161,"href":"https:\/\/eettinenluksus.fi\/shop\/en\/wp-json\/wp\/v2\/product\/455\/revisions\/5161"}],"wp:featuredmedia":[{"embeddable":true,"href":"https:\/\/eettinenluksus.fi\/shop\/en\/wp-json\/wp\/v2\/media\/4103"}],"wp:attachment":[{"href":"https:\/\/eettinenluksus.fi\/shop\/en\/wp-json\/wp\/v2\/media?parent=455"}],"wp:term":[{"taxonomy":"product_brand","embeddable":true,"href":"https:\/\/eettinenluksus.fi\/shop\/en\/wp-json\/wp\/v2\/product_brand?post=455"},{"taxonomy":"product_cat","embeddable":true,"href":"https:\/\/eettinenluksus.fi\/shop\/en\/wp-json\/wp\/v2\/product_cat?post=455"},{"taxonomy":"product_tag","embeddable":true,"href":"https:\/\/eettinenluksus.fi\/shop\/en\/wp-json\/wp\/v2\/product_tag?post=455"}],"curies":[{"name":"wp","href":"https:\/\/api.w.org\/{rel}","templated":true}]}}