{"id":4509,"date":"2025-01-27T15:36:29","date_gmt":"2025-01-27T13:36:29","guid":{"rendered":"https:\/\/eettinenluksus.fi\/shop\/?post_type=product&#038;p=4509"},"modified":"2025-10-23T17:55:40","modified_gmt":"2025-10-23T14:55:40","slug":"method-paketti-uutuuksia-ja-luottotuotteita","status":"publish","type":"product","link":"https:\/\/eettinenluksus.fi\/shop\/en\/product\/method-paketti-uutuuksia-ja-luottotuotteita\/","title":{"rendered":"Method set of novelties and trusted products"},"content":{"rendered":"<p>Method set of novelties and trusted products contains the following five products for home and body care<\/p>\n<p><a href=\"https:\/\/eettinenluksus.fi\/shop\/tuote\/method-yleispuhdistussuihke-cream-custard-828ml\/\"><strong>Method All-purpose Cleaner Cream Custard 828ml<\/strong><\/a><\/p>\n<p>A delicious way of cleaning countertops. Biodegradable cleaners derived from corn + coconut cuts through grease + grime. Each glorious squirt smells like dessert and leaves your surfaces sparkling clean. Cream Custard \u2013 Slip into a wonderland of custard-coloured rainbows and clouds that smell like vanilla + caramel. With a lemony butterfly with citrus wings. smelling is believing. This creamy dreamy delight turns the humdrum into the heavenly.<\/p>\n<p><a href=\"https:\/\/eettinenluksus.fi\/shop\/tuote\/method-lattianpesuaine-wild-rhubarb-739ml\/\"><strong>Method All Floor Wild Rhubarb 739ml<\/strong><\/a><\/p>\n<p>Rready-to-use no-wax, non-toxic, biodegradable floor cleaner. Plant-based and mineral-based biodegradable floor cleaner cleans sealed hardwood and laminate floors without extra water. Wild rhubarb - this is rhubarb in its birthday suit. fresh + tart just like the day it was plucked from the ground. hold the custard. Suitable for sealed hard floors.<\/p>\n<p><a href=\"https:\/\/eettinenluksus.fi\/shop\/tuote\/method-suihkusaippua-pure-peace-532ml\/\"><strong>Method Body wash Pure Peace 532ml<\/strong><\/a><\/p>\n<p>Mood-boosting bodywash that makes you feel good inside and out. Bonus. It looks great too - and we're pretty pretty sure we've made one for you. Pure peace - Craving a bit...of calm? We got you. Infused with peony, rose water + pink sea salt, this purifying body wash leaves your skin smelling like a no-stress one.<\/p>\n<p><a href=\"https:\/\/eettinenluksus.fi\/shop\/tuote\/method-nestesaippua-french-lavender-354ml\/\"><strong>Method Hand Soap French Lavender 354ml<\/strong><\/a><\/p>\n<p>Made from plant-based ingredients. Gently cleanses skin. Contains glycerin, aloe vera and vitamin E. Scent French Lavender - Is there really any other kind? This enchanting medley of lavender, bergamot, purple sage + chamomile is like a brief respite to the french countryside.<\/p>\n<p><a href=\"https:\/\/eettinenluksus.fi\/shop\/tuote\/method-astianpesuaine-cool-coconut-water-532ml\/\"><strong>Method Washing Up Liquid Coconut water 532ml<\/strong><\/a><\/p>\n<p>Ecological washing up. With powerful plant-based cleaners + biodegradable ingredients it leaves your dishes dazzling and your pots spotless. Cool Coconut water - Take a seat at the tiki bar and order yourself a pi\u00f1a colada. Tiny umbrella optional. One whiff of exotic coconut water with notes of yuzu, vibrant citrus + creamy vanilla will transport you to the tropics. Minus the mozzie spray.<\/p>\n<p>&nbsp;<\/p>\n<ul>\n<li>Not tested on animals<\/li>\n<li>No animal-based ingredients<\/li>\n<li>Leaping Bunny certificate<\/li>\n<\/ul>","protected":false},"excerpt":{"rendered":"<p>Method products for home and body care<\/p>\n<p>Contains five products:<\/p>\n<ul>\n<li>Method All-purpose Cleaner Cream Custard 828ml<\/li>\n<li>Method All Floor Wild Rhubarb 739ml<\/li>\n<li>Method Body wash Pure Peace 532ml<\/li>\n<li>Method Hand Soap French Lavender 354ml<\/li>\n<li>Method Washing Up Liquid Coconut water 532ml<\/li>\n<\/ul>","protected":false},"featured_media":4519,"template":"","meta":{"inline_featured_image":false},"product_brand":[],"product_cat":[48,123,51,17,26,20,27,19,427,49,56,338],"product_tag":[],"class_list":{"0":"post-4509","1":"product","2":"type-product","3":"status-publish","4":"has-post-thumbnail","6":"product_cat-astianpesu","7":"product_cat-hyvinvointi","8":"product_cat-kasienpesu","9":"product_cat-method","10":"product_cat-method-astianpesu","11":"product_cat-method-kasienpesu","12":"product_cat-method-limited-edition","13":"product_cat-method-siivous","14":"product_cat-method-tuotepaketit","15":"product_cat-siivous","16":"product_cat-tuotepaketit","17":"product_cat-vartalonhoito","19":"first","20":"instock","21":"taxable","22":"shipping-taxable","23":"purchasable","24":"product-type-simple"},"yoast_head":"<!-- This site is optimized with the Yoast SEO Premium plugin v26.8 (Yoast SEO v27.4) - https:\/\/yoast.com\/product\/yoast-seo-premium-wordpress\/ -->\n<title>Method-paketti uutuuksia ja luottotuotteita - Shop Eettinen Luksus<\/title>\n<meta name=\"description\" content=\"Premium-luokan maapalloyst\u00e4v\u00e4lliset method uutuudet ja vanhat luottotuotteet kodinhoitoon ja peseytymiseen nyt yhdess\u00e4 pakettissa.\" \/>\n<meta name=\"robots\" content=\"index, follow, max-snippet:-1, max-image-preview:large, max-video-preview:-1\" \/>\n<link rel=\"canonical\" href=\"https:\/\/eettinenluksus.fi\/shop\/en\/product\/method-paketti-uutuuksia-ja-luottotuotteita\/\" \/>\n<meta property=\"og:locale\" content=\"en_GB\" \/>\n<meta property=\"og:type\" content=\"article\" \/>\n<meta property=\"og:title\" content=\"Method-paketti uutuuksia ja luottotuotteita\" \/>\n<meta property=\"og:description\" content=\"Premium-luokan maapalloyst\u00e4v\u00e4lliset method uutuudet ja vanhat luottotuotteet kodinhoitoon ja peseytymiseen nyt yhdess\u00e4 pakettissa.\" \/>\n<meta property=\"og:url\" content=\"https:\/\/eettinenluksus.fi\/shop\/en\/product\/method-paketti-uutuuksia-ja-luottotuotteita\/\" \/>\n<meta property=\"og:site_name\" content=\"Shop Eettinen Luksus\" \/>\n<meta property=\"article:publisher\" content=\"https:\/\/www.facebook.com\/eettinenluksus\" \/>\n<meta property=\"article:modified_time\" content=\"2025-10-23T14:55:40+00:00\" \/>\n<meta property=\"og:image\" content=\"https:\/\/eettinenluksus.fi\/shop\/wp-content\/uploads\/sites\/4\/1737\/82\/Cityshoppari-cc-bowa-paketti-202502.png\" \/>\n\t<meta property=\"og:image:width\" content=\"1155\" \/>\n\t<meta property=\"og:image:height\" content=\"1160\" \/>\n\t<meta property=\"og:image:type\" content=\"image\/png\" \/>\n<meta name=\"twitter:card\" content=\"summary_large_image\" \/>\n<meta name=\"twitter:label1\" content=\"Price\" \/>\n\t<meta name=\"twitter:data1\" content=\"37,00&nbsp;&euro;\" \/>\n\t<meta name=\"twitter:label2\" content=\"Availability\" \/>\n\t<meta name=\"twitter:data2\" content=\"In stock\" \/>\n<script type=\"application\/ld+json\" class=\"yoast-schema-graph\">{\"@context\":\"https:\\\/\\\/schema.org\",\"@graph\":[{\"@type\":\"WebPage\",\"@id\":\"https:\\\/\\\/eettinenluksus.fi\\\/shop\\\/tuote\\\/method-paketti-uutuuksia-ja-luottotuotteita\\\/\",\"url\":\"https:\\\/\\\/eettinenluksus.fi\\\/shop\\\/tuote\\\/method-paketti-uutuuksia-ja-luottotuotteita\\\/\",\"name\":\"Method-paketti uutuuksia ja luottotuotteita - Shop Eettinen Luksus\",\"isPartOf\":{\"@id\":\"https:\\\/\\\/eettinenluksus.fi\\\/shop\\\/#website\"},\"primaryImageOfPage\":{\"@id\":\"https:\\\/\\\/eettinenluksus.fi\\\/shop\\\/tuote\\\/method-paketti-uutuuksia-ja-luottotuotteita\\\/#primaryimage\"},\"image\":{\"@id\":\"https:\\\/\\\/eettinenluksus.fi\\\/shop\\\/tuote\\\/method-paketti-uutuuksia-ja-luottotuotteita\\\/#primaryimage\"},\"thumbnailUrl\":\"https:\\\/\\\/eettinenluksus.fi\\\/shop\\\/wp-content\\\/uploads\\\/sites\\\/4\\\/1737\\\/82\\\/Cityshoppari-cc-bowa-paketti-202502.png\",\"datePublished\":\"2025-01-27T13:36:29+00:00\",\"dateModified\":\"2025-10-23T14:55:40+00:00\",\"description\":\"Premium-luokan maapalloyst\u00e4v\u00e4lliset method uutuudet ja vanhat luottotuotteet kodinhoitoon ja peseytymiseen nyt yhdess\u00e4 pakettissa.\",\"breadcrumb\":{\"@id\":\"https:\\\/\\\/eettinenluksus.fi\\\/shop\\\/tuote\\\/method-paketti-uutuuksia-ja-luottotuotteita\\\/#breadcrumb\"},\"inLanguage\":\"en-GB\",\"potentialAction\":[{\"@type\":\"ReadAction\",\"target\":[\"https:\\\/\\\/eettinenluksus.fi\\\/shop\\\/tuote\\\/method-paketti-uutuuksia-ja-luottotuotteita\\\/\"]}]},{\"@type\":\"ImageObject\",\"inLanguage\":\"en-GB\",\"@id\":\"https:\\\/\\\/eettinenluksus.fi\\\/shop\\\/tuote\\\/method-paketti-uutuuksia-ja-luottotuotteita\\\/#primaryimage\",\"url\":\"https:\\\/\\\/eettinenluksus.fi\\\/shop\\\/wp-content\\\/uploads\\\/sites\\\/4\\\/1737\\\/82\\\/Cityshoppari-cc-bowa-paketti-202502.png\",\"contentUrl\":\"https:\\\/\\\/eettinenluksus.fi\\\/shop\\\/wp-content\\\/uploads\\\/sites\\\/4\\\/1737\\\/82\\\/Cityshoppari-cc-bowa-paketti-202502.png\",\"width\":1155,\"height\":1160,\"caption\":\"method tuotepaketti uutuuksia ja luottotuotteita\"},{\"@type\":\"BreadcrumbList\",\"@id\":\"https:\\\/\\\/eettinenluksus.fi\\\/shop\\\/tuote\\\/method-paketti-uutuuksia-ja-luottotuotteita\\\/#breadcrumb\",\"itemListElement\":[{\"@type\":\"ListItem\",\"position\":1,\"name\":\"Etusivu\",\"item\":\"https:\\\/\\\/eettinenluksus.fi\\\/shop\\\/\"},{\"@type\":\"ListItem\",\"position\":2,\"name\":\"Kauppa\",\"item\":\"https:\\\/\\\/eettinenluksus.fi\\\/shop\\\/en\\\/kauppa\\\/\"},{\"@type\":\"ListItem\",\"position\":3,\"name\":\"Method-paketti uutuuksia ja luottotuotteita\"}]},{\"@type\":\"WebSite\",\"@id\":\"https:\\\/\\\/eettinenluksus.fi\\\/shop\\\/#website\",\"url\":\"https:\\\/\\\/eettinenluksus.fi\\\/shop\\\/\",\"name\":\"Shop Eettinen Luksus\",\"description\":\"Uusi verkkokauppa\",\"publisher\":{\"@id\":\"https:\\\/\\\/eettinenluksus.fi\\\/shop\\\/#organization\"},\"potentialAction\":[{\"@type\":\"SearchAction\",\"target\":{\"@type\":\"EntryPoint\",\"urlTemplate\":\"https:\\\/\\\/eettinenluksus.fi\\\/shop\\\/?s={search_term_string}\"},\"query-input\":{\"@type\":\"PropertyValueSpecification\",\"valueRequired\":true,\"valueName\":\"search_term_string\"}}],\"inLanguage\":\"en-GB\"},{\"@type\":\"Organization\",\"@id\":\"https:\\\/\\\/eettinenluksus.fi\\\/shop\\\/#organization\",\"name\":\"Shop Eettinen Luksus\",\"url\":\"https:\\\/\\\/eettinenluksus.fi\\\/shop\\\/\",\"logo\":{\"@type\":\"ImageObject\",\"inLanguage\":\"en-GB\",\"@id\":\"https:\\\/\\\/eettinenluksus.fi\\\/shop\\\/#\\\/schema\\\/logo\\\/image\\\/\",\"url\":\"https:\\\/\\\/eettinenluksus.fi\\\/shop\\\/wp-content\\\/uploads\\\/sites\\\/4\\\/1664\\\/37\\\/cropped-ELO.jpg\",\"contentUrl\":\"https:\\\/\\\/eettinenluksus.fi\\\/shop\\\/wp-content\\\/uploads\\\/sites\\\/4\\\/1664\\\/37\\\/cropped-ELO.jpg\",\"width\":810,\"height\":350,\"caption\":\"Shop Eettinen Luksus\"},\"image\":{\"@id\":\"https:\\\/\\\/eettinenluksus.fi\\\/shop\\\/#\\\/schema\\\/logo\\\/image\\\/\"},\"sameAs\":[\"https:\\\/\\\/www.facebook.com\\\/eettinenluksus\",\"https:\\\/\\\/www.instagram.com\\\/eettinenluksus\\\/\"]}]}<\/script>\n<meta property=\"product:price:amount\" content=\"37.00\" \/>\n<meta property=\"product:price:currency\" content=\"EUR\" \/>\n<meta property=\"og:availability\" content=\"instock\" \/>\n<meta property=\"product:availability\" content=\"instock\" \/>\n<meta property=\"product:condition\" content=\"new\" \/>\n<!-- \/ Yoast SEO Premium plugin. -->","yoast_head_json":{"title":"Method-paketti uutuuksia ja luottotuotteita - Shop Eettinen Luksus","description":"Premium-luokan maapalloyst\u00e4v\u00e4lliset method uutuudet ja vanhat luottotuotteet kodinhoitoon ja peseytymiseen nyt yhdess\u00e4 pakettissa.","robots":{"index":"index","follow":"follow","max-snippet":"max-snippet:-1","max-image-preview":"max-image-preview:large","max-video-preview":"max-video-preview:-1"},"canonical":"https:\/\/eettinenluksus.fi\/shop\/en\/product\/method-paketti-uutuuksia-ja-luottotuotteita\/","og_locale":"en_GB","og_type":"article","og_title":"Method-paketti uutuuksia ja luottotuotteita","og_description":"Premium-luokan maapalloyst\u00e4v\u00e4lliset method uutuudet ja vanhat luottotuotteet kodinhoitoon ja peseytymiseen nyt yhdess\u00e4 pakettissa.","og_url":"https:\/\/eettinenluksus.fi\/shop\/en\/product\/method-paketti-uutuuksia-ja-luottotuotteita\/","og_site_name":"Shop Eettinen Luksus","article_publisher":"https:\/\/www.facebook.com\/eettinenluksus","article_modified_time":"2025-10-23T14:55:40+00:00","og_image":[{"width":1155,"height":1160,"url":"https:\/\/eettinenluksus.fi\/shop\/wp-content\/uploads\/sites\/4\/1737\/82\/Cityshoppari-cc-bowa-paketti-202502.png","type":"image\/png"}],"twitter_card":"summary_large_image","twitter_misc":{"Price":"37,00&nbsp;&euro;","Availability":"In stock"},"schema":{"@context":"https:\/\/schema.org","@graph":[{"@type":"WebPage","@id":"https:\/\/eettinenluksus.fi\/shop\/tuote\/method-paketti-uutuuksia-ja-luottotuotteita\/","url":"https:\/\/eettinenluksus.fi\/shop\/tuote\/method-paketti-uutuuksia-ja-luottotuotteita\/","name":"Method-paketti uutuuksia ja luottotuotteita - Shop Eettinen Luksus","isPartOf":{"@id":"https:\/\/eettinenluksus.fi\/shop\/#website"},"primaryImageOfPage":{"@id":"https:\/\/eettinenluksus.fi\/shop\/tuote\/method-paketti-uutuuksia-ja-luottotuotteita\/#primaryimage"},"image":{"@id":"https:\/\/eettinenluksus.fi\/shop\/tuote\/method-paketti-uutuuksia-ja-luottotuotteita\/#primaryimage"},"thumbnailUrl":"https:\/\/eettinenluksus.fi\/shop\/wp-content\/uploads\/sites\/4\/1737\/82\/Cityshoppari-cc-bowa-paketti-202502.png","datePublished":"2025-01-27T13:36:29+00:00","dateModified":"2025-10-23T14:55:40+00:00","description":"Premium-luokan maapalloyst\u00e4v\u00e4lliset method uutuudet ja vanhat luottotuotteet kodinhoitoon ja peseytymiseen nyt yhdess\u00e4 pakettissa.","breadcrumb":{"@id":"https:\/\/eettinenluksus.fi\/shop\/tuote\/method-paketti-uutuuksia-ja-luottotuotteita\/#breadcrumb"},"inLanguage":"en-GB","potentialAction":[{"@type":"ReadAction","target":["https:\/\/eettinenluksus.fi\/shop\/tuote\/method-paketti-uutuuksia-ja-luottotuotteita\/"]}]},{"@type":"ImageObject","inLanguage":"en-GB","@id":"https:\/\/eettinenluksus.fi\/shop\/tuote\/method-paketti-uutuuksia-ja-luottotuotteita\/#primaryimage","url":"https:\/\/eettinenluksus.fi\/shop\/wp-content\/uploads\/sites\/4\/1737\/82\/Cityshoppari-cc-bowa-paketti-202502.png","contentUrl":"https:\/\/eettinenluksus.fi\/shop\/wp-content\/uploads\/sites\/4\/1737\/82\/Cityshoppari-cc-bowa-paketti-202502.png","width":1155,"height":1160,"caption":"method tuotepaketti uutuuksia ja luottotuotteita"},{"@type":"BreadcrumbList","@id":"https:\/\/eettinenluksus.fi\/shop\/tuote\/method-paketti-uutuuksia-ja-luottotuotteita\/#breadcrumb","itemListElement":[{"@type":"ListItem","position":1,"name":"Etusivu","item":"https:\/\/eettinenluksus.fi\/shop\/"},{"@type":"ListItem","position":2,"name":"Kauppa","item":"https:\/\/eettinenluksus.fi\/shop\/en\/kauppa\/"},{"@type":"ListItem","position":3,"name":"Method-paketti uutuuksia ja luottotuotteita"}]},{"@type":"WebSite","@id":"https:\/\/eettinenluksus.fi\/shop\/#website","url":"https:\/\/eettinenluksus.fi\/shop\/","name":"Shop Eettinen Luksus","description":"Uusi verkkokauppa","publisher":{"@id":"https:\/\/eettinenluksus.fi\/shop\/#organization"},"potentialAction":[{"@type":"SearchAction","target":{"@type":"EntryPoint","urlTemplate":"https:\/\/eettinenluksus.fi\/shop\/?s={search_term_string}"},"query-input":{"@type":"PropertyValueSpecification","valueRequired":true,"valueName":"search_term_string"}}],"inLanguage":"en-GB"},{"@type":"Organization","@id":"https:\/\/eettinenluksus.fi\/shop\/#organization","name":"Shop Eettinen Luksus","url":"https:\/\/eettinenluksus.fi\/shop\/","logo":{"@type":"ImageObject","inLanguage":"en-GB","@id":"https:\/\/eettinenluksus.fi\/shop\/#\/schema\/logo\/image\/","url":"https:\/\/eettinenluksus.fi\/shop\/wp-content\/uploads\/sites\/4\/1664\/37\/cropped-ELO.jpg","contentUrl":"https:\/\/eettinenluksus.fi\/shop\/wp-content\/uploads\/sites\/4\/1664\/37\/cropped-ELO.jpg","width":810,"height":350,"caption":"Shop Eettinen Luksus"},"image":{"@id":"https:\/\/eettinenluksus.fi\/shop\/#\/schema\/logo\/image\/"},"sameAs":["https:\/\/www.facebook.com\/eettinenluksus","https:\/\/www.instagram.com\/eettinenluksus\/"]}]},"product_price_amount":"37.00","product_price_currency":"EUR","og_availability":"instock","product_availability":"instock","product_condition":"new"},"_links":{"self":[{"href":"https:\/\/eettinenluksus.fi\/shop\/en\/wp-json\/wp\/v2\/product\/4509","targetHints":{"allow":["GET"]}}],"collection":[{"href":"https:\/\/eettinenluksus.fi\/shop\/en\/wp-json\/wp\/v2\/product"}],"about":[{"href":"https:\/\/eettinenluksus.fi\/shop\/en\/wp-json\/wp\/v2\/types\/product"}],"version-history":[{"count":13,"href":"https:\/\/eettinenluksus.fi\/shop\/en\/wp-json\/wp\/v2\/product\/4509\/revisions"}],"predecessor-version":[{"id":4658,"href":"https:\/\/eettinenluksus.fi\/shop\/en\/wp-json\/wp\/v2\/product\/4509\/revisions\/4658"}],"wp:featuredmedia":[{"embeddable":true,"href":"https:\/\/eettinenluksus.fi\/shop\/en\/wp-json\/wp\/v2\/media\/4519"}],"wp:attachment":[{"href":"https:\/\/eettinenluksus.fi\/shop\/en\/wp-json\/wp\/v2\/media?parent=4509"}],"wp:term":[{"taxonomy":"product_brand","embeddable":true,"href":"https:\/\/eettinenluksus.fi\/shop\/en\/wp-json\/wp\/v2\/product_brand?post=4509"},{"taxonomy":"product_cat","embeddable":true,"href":"https:\/\/eettinenluksus.fi\/shop\/en\/wp-json\/wp\/v2\/product_cat?post=4509"},{"taxonomy":"product_tag","embeddable":true,"href":"https:\/\/eettinenluksus.fi\/shop\/en\/wp-json\/wp\/v2\/product_tag?post=4509"}],"curies":[{"name":"wp","href":"https:\/\/api.w.org\/{rel}","templated":true}]}}