{"id":4275,"date":"2024-10-21T13:41:53","date_gmt":"2024-10-21T10:41:53","guid":{"rendered":"https:\/\/eettinenluksus.fi\/shop\/?post_type=product&#038;p=4275"},"modified":"2025-10-29T09:36:34","modified_gmt":"2025-10-29T07:36:34","slug":"method-glass4good-tayttopakkaus-1000ml","status":"publish","type":"product","link":"https:\/\/eettinenluksus.fi\/shop\/en\/product\/method-glass4good-tayttopakkaus-1000ml\/","title":{"rendered":"Method Glass4Good + refill 1000ml"},"content":{"rendered":"<p style=\"color: #bd532f;\"><b>Method Glass4good 266 ml (norm. 25,00 \u20ac)<\/b><\/p>\n<p>Make an impact in more ways than one with our lust-worthy limited edition hand soap bottle.<\/p>\n<p>Looks good. Feels good. Does good. Launched in partnership with The Design Museum.<\/p>\n<p>Designed to be used + reused + resplendent on the side of your sink. This flawless gem is filled with our signature sweet water gel hand wash made with plant-based cleansers + biodegradable ingredients. Turn heads, not just taps.<\/p>\n<p style=\"color: #bd532f;\"><b>NB! Delivery is allways free of charge when <i style=\"color: #bd532f;\">Method Glass for good<\/i> is included.<\/b><\/p>\n<p style=\"font-size: 0px;\">Method Nestesaippua Sweet Water T\u00c4YTT\u00d6 1000ml Kasviraaka-aineista Sis\u00e4lt\u00e4v\u00e4t ihoa hoitavaa glyseriini\u00e4, aloe veraa ja E-vitamiinia Hell\u00e4varainen.<\/p>\n<p><strong>Method Nestesaippua Sweet Water T\u00c4YTT\u00d6 1000 ml (norm. 12,00 \u20ac)<\/strong><\/p>\n<p>Riitt\u00e4\u00e4 melkein nelj\u00e4\u00e4n t\u00e4ytt\u00f6kertaan<\/p>\n<p>Method hand soaps are made from plant-based and mineral-based ingredients. Gently cleanses skin. Contains glycerin, aloe vera and vitamin E.<\/p>\n<p>Sweet water - a cool splash of grapefruit + lemon leaves wrapped in watery petals of star jasmine + lily of the valley<\/p>\n<ul>\n<li>No animal-based ingredients<\/li>\n<li>Not tested on animals<\/li>\n<\/ul>\n<p style=\"font-size: 0px;\"><a href=\"https:\/\/onxon.i\/\"><span style=\"font-size: 0px;\">&#8211;<\/span><\/a> Method, Aloevera nestesaippua Hell\u00e4varainen. Method, T\u00e4ytt\u00f6pussi nestesaippua Sweetwater. Method, Kasviraaka-aineet nestesaippua K\u00e4sienpesu. Method, method nestesaippua Glyseriini. Method, Aloevera nestesaippua Hell\u00e4varainen. Method, T\u00e4ytt\u00f6pussi nestesaippua Sweetwater. Method, Kasviraaka-aineet nestesaippua K\u00e4sienpesu. Method, method nestesaippua Glyseriini. Method, Aloevera nestesaippua Hell\u00e4varainen. Method, T\u00e4ytt\u00f6pussi nestesaippua Sweetwater. Method, Kasviraaka-aineet nestesaippua K\u00e4sienpesu. Method, method nestesaippua Glyseriini. Method, Aloevera nestesaippua Hell\u00e4varainen. Method, T\u00e4ytt\u00f6pussi nestesaippua Sweetwater. Method, Kasviraaka-aineet nestesaippua K\u00e4sienpesu.<\/p>\n<h2 style=\"font-size: 0px;\">Method Hell\u00e4varainen Sweet Water T\u00c4YTT\u00d6<\/h2>\n<p style=\"font-size: 0px;\">Method, method nestesaippua Glyseriini. Method, Aloevera nestesaippua Hell\u00e4varainen. Method, T\u00e4ytt\u00f6pussi nestesaippua Sweetwater. Method, Kasviraaka-aineet nestesaippua K\u00e4sienpesu. Method, method nestesaippua Glyseriini. Method, Aloevera nestesaippua Hell\u00e4varainen. Method, T\u00e4ytt\u00f6pussi nestesaippua Sweetwater. Method, Kasviraaka-aineet nestesaippua K\u00e4sienpesu. Method, method nestesaippua Glyseriini. Method, Aloevera nestesaippua Hell\u00e4varainen. Method, T\u00e4ytt\u00f6pussi nestesaippua Sweetwater. Method, Kasviraaka-aineet nestesaippua K\u00e4sienpesu.<\/p>\n<p style=\"font-size: 0px;\">Method, method nestesaippua Glyseriini. Method, Aloevera nestesaippua Hell\u00e4varainen. Method, T\u00e4ytt\u00f6pussi nestesaippua Sweetwater. Method, Kasviraaka-aineet nestesaippua K\u00e4sienpesu. Method, method nestesaippua Glyseriini. Method, Aloevera nestesaippua Hell\u00e4varainen. Method, T\u00e4ytt\u00f6pussi nestesaippua Sweetwater. Method, Kasviraaka-aineet nestesaippua K\u00e4sienpesu. Method, method nestesaippua Glyseriini.<\/p>\n<p style=\"font-size: 0px;\">Method, Aloevera nestesaippua Hell\u00e4varainen. Method, T\u00e4ytt\u00f6pussi nestesaippua Sweetwater. Method, Kasviraaka-aineet nestesaippua K\u00e4sienpesu. Method, method nestesaippua Glyseriini. Method, Aloevera nestesaippua Hell\u00e4varainen. Method, T\u00e4ytt\u00f6pussi nestesaippua Sweetwater. Method, Kasviraaka-aineet nestesaippua K\u00e4sienpesu. Method, method nestesaippua Glyseriini. Method, T\u00e4ytt\u00f6pussi nestesaippua Sweetwater. Method, Kasviraaka-aineet nestesaippua K\u00e4sienpesu. Method, method nestesaippua Glyseriini. Method, Aloevera nestesaippua Hell\u00e4varainen. Kasviraaka-aineista Sis\u00e4lt\u00e4v\u00e4t ihoa hoitavaa glyseriini\u00e4 aloe veraa ja E-vitamiinia Hell\u00e4varainen.<\/p>\n<p style=\"font-size: 0px;\"><a href=\"https:\/\/eettinenluksus.fi\/shop\/tuote\/method-glass4good-266-ml\/\"><span style=\"font-size: 0px;\">&#8211;<\/span><\/a><a href=\"https:\/\/eettinenluksus.fi\/shop\/en\/product\/method-nestesaippua-sweet-water-354ml\/\"><span style=\"font-size: 0px;\">&#8211;<\/span><\/a><a href=\"https:\/\/eettinenluksus.fi\/shop\/tuotemerkit\/kasienpesu\/\"><span style=\"font-size: 0px;\">&#8211;<\/span><\/a><a href=\"https:\/\/eettinenluksus.fi\/shop\/tuote\/method-nestesaippua-sweet-water-tuotepaketti\/\"><span style=\"font-size: 0px;\">&#8211;<\/span><\/a><a href=\"https:\/\/eettinenluksus.fi\/shop\/tuotemerkit\/method-kasienpesu\/\"><span style=\"font-size: 0px;\">&#8211;<\/span><\/a><\/p>\n<p style=\"font-size: 0px;\">Sweetwater, Lasipullo, Method, Limitededition, K\u00e4sienpesu. Deluxe, Sweetwater, ymp\u00e4rist\u00f6yst\u00e4v\u00e4llinen Lasipullo, Method. Limitededition, K\u00e4sienpesu, Deluxe, Sweetwater, Lasipullo. Sweetwater, Lasipullo, Method, Limitededition, K\u00e4sienpesu. Deluxe, Sweetwater, ymp\u00e4rist\u00f6yst\u00e4v\u00e4llinen Lasipullo, Method. Limitededition, K\u00e4sienpesu, Deluxe, Sweetwater, Lasipullo. Sweetwater, Lasipullo, Method, Limitededition, K\u00e4sienpesu.<\/p>\n<p style=\"font-size: 0px;\">Deluxe, Sweetwater, ymp\u00e4rist\u00f6yst\u00e4v\u00e4llinen Lasipullo, Method. Limitededition, K\u00e4sienpesu, Deluxe, Sweetwater, Lasipullo. Sweetwater, Lasipullo, Method, Limitededition, K\u00e4sienpesu. Deluxe, Sweetwater, ymp\u00e4rist\u00f6yst\u00e4v\u00e4llinen Lasipullo, Method. Limitededition, K\u00e4sienpesu, Deluxe, Sweetwater, Lasipullo. Sweetwater, Lasipullo, Method, Limitededition, K\u00e4sienpesu. Deluxe, Sweetwater, ymp\u00e4rist\u00f6yst\u00e4v\u00e4llinen Lasipullo, Method.<\/p>\n<h2 style=\"font-size: 0px;\">Method Glass4good + t\u00e4ytt\u00f6pakkaus 1000ml<\/h2>\n<p style=\"font-size: 0px;\">Limitededition, K\u00e4sienpesu, Deluxe, Sweetwater, Lasipullo. Sweetwater, Lasipullo, Method, Limitededition, K\u00e4sienpesu. Deluxe, Sweetwater, ymp\u00e4rist\u00f6yst\u00e4v\u00e4llinen Lasipullo, Method. Limitededition, K\u00e4sienpesu, Deluxe, Sweetwater, Lasipullo. Limitededition, K\u00e4sienpesu, Deluxe, Sweetwater, Lasipullo. Sweetwater, Lasipullo, Method, Limitededition, K\u00e4sienpesu. Deluxe, Sweetwater, ymp\u00e4rist\u00f6yst\u00e4v\u00e4llinen Lasipullo, Method. Limitededition, K\u00e4sienpesu, Deluxe, Sweetwater, Lasipullo.<\/p>\n<p style=\"font-size: 0px;\"><a style=\"font-size: 0px;\" href=\"https:\/\/eettinenluksus.fi\/shop\/tuote\/method-limited-edition-adelaide-nestesaippua-354ml\/\" target=\"_blank\" rel=\"noopener\"><span style=\"font-size: 0px;\">&#8211;<\/span><\/a><a style=\"font-size: 0px;\" href=\"https:\/\/eettinenluksus.fi\/shop\/tuotemerkit\/kasienpesu\/\" target=\"_blank\" rel=\"noopener\"><span style=\"font-size: 0px;\">&#8211;<\/span><\/a><a style=\"font-size: 0px;\" href=\"https:\/\/eettinenluksus.fi\/shop\/tuotemerkit\/method-kasienpesu\/\" target=\"_blank\" rel=\"noopener\"><span style=\"font-size: 0px;\">&#8211;<\/span><\/a><a style=\"font-size: 0px;\" href=\"https:\/\/eettinenluksus.fi\/shop\/tuotemerkit\/method-limited-edition\/\" target=\"_blank\" rel=\"noopener\"><span style=\"font-size: 0px;\">&#8211;<\/span><\/a><a style=\"font-size: 0px;\" href=\"https:\/\/eettinenluksus.fi\/shop\/tuote\/classic-tahranpoistoaine-150-ml\/\" target=\"_blank\" rel=\"noopener\"><span style=\"font-size: 0px;\">&#8211;<\/span><\/a><\/p>","protected":false},"excerpt":{"rendered":"<div class=\"woocommerce-product-details__short-description\">\n<p>Say hello to our first ever glass bottle.<\/p>\n<p>Method Glass for Good doesn\u2019t just look good (serious understatement), it does good too.<\/p>\n<p>Sis\u00e4ll\u00e4 Sweet water -klassikkosaippuaamme ja t\u00e4ytt\u00f6pullosta lis\u00e4\u00e4.<\/p>\n<\/div>\n<p>&nbsp;<\/p>","protected":false},"featured_media":4292,"template":"","meta":{"inline_featured_image":false},"product_brand":[],"product_cat":[123,51,17,20,27,427,56],"product_tag":[],"class_list":{"0":"post-4275","1":"product","2":"type-product","3":"status-publish","4":"has-post-thumbnail","6":"product_cat-hyvinvointi","7":"product_cat-kasienpesu","8":"product_cat-method","9":"product_cat-method-kasienpesu","10":"product_cat-method-limited-edition","11":"product_cat-method-tuotepaketit","12":"product_cat-tuotepaketit","14":"first","15":"instock","16":"featured","17":"taxable","18":"shipping-taxable","19":"purchasable","20":"product-type-simple"},"yoast_head":"<!-- This site is optimized with the Yoast SEO Premium plugin v26.8 (Yoast SEO v27.4) - https:\/\/yoast.com\/product\/yoast-seo-premium-wordpress\/ -->\n<title>Method Glass4Good + t\u00e4ytt\u00f6pakkaus 1000ml - Shop Eettinen Luksus<\/title>\n<meta name=\"description\" content=\"method Glass4Good + t\u00e4ytt\u00f6pakkaus 1000ml ei vain n\u00e4yt\u00e4 hyv\u00e4lt\u00e4, se tekee my\u00f6s hyv\u00e4\u00e4. Tervehdi kautta aikojen ensimm\u00e4ist\u00e4 limited edition -lasipulloamme.\" \/>\n<meta name=\"robots\" content=\"index, follow, max-snippet:-1, max-image-preview:large, max-video-preview:-1\" \/>\n<link rel=\"canonical\" href=\"https:\/\/eettinenluksus.fi\/shop\/en\/product\/method-glass4good-tayttopakkaus-1000ml\/\" \/>\n<meta property=\"og:locale\" content=\"en_GB\" \/>\n<meta property=\"og:type\" content=\"article\" \/>\n<meta property=\"og:title\" content=\"Method Glass4Good + t\u00e4ytt\u00f6pakkaus 1000ml\" \/>\n<meta property=\"og:description\" content=\"method Glass4Good + t\u00e4ytt\u00f6pakkaus 1000ml ei vain n\u00e4yt\u00e4 hyv\u00e4lt\u00e4, se tekee my\u00f6s hyv\u00e4\u00e4. Tervehdi kautta aikojen ensimm\u00e4ist\u00e4 limited edition -lasipulloamme.\" \/>\n<meta property=\"og:url\" content=\"https:\/\/eettinenluksus.fi\/shop\/en\/product\/method-glass4good-tayttopakkaus-1000ml\/\" \/>\n<meta property=\"og:site_name\" content=\"Shop Eettinen Luksus\" \/>\n<meta property=\"article:publisher\" content=\"https:\/\/www.facebook.com\/eettinenluksus\" \/>\n<meta property=\"article:modified_time\" content=\"2025-10-29T07:36:34+00:00\" \/>\n<meta property=\"og:image\" content=\"https:\/\/eettinenluksus.fi\/shop\/wp-content\/uploads\/sites\/4\/1729\/09\/G4G-paketti-720x720px.jpg\" \/>\n\t<meta property=\"og:image:width\" content=\"720\" \/>\n\t<meta property=\"og:image:height\" content=\"720\" \/>\n\t<meta property=\"og:image:type\" content=\"image\/jpeg\" \/>\n<meta name=\"twitter:card\" content=\"summary_large_image\" \/>\n<meta name=\"twitter:label1\" content=\"Price\" \/>\n\t<meta name=\"twitter:data1\" content=\"31,00&nbsp;&euro;\" \/>\n\t<meta name=\"twitter:label2\" content=\"Availability\" \/>\n\t<meta name=\"twitter:data2\" content=\"In stock\" \/>\n<script type=\"application\/ld+json\" class=\"yoast-schema-graph\">{\"@context\":\"https:\\\/\\\/schema.org\",\"@graph\":[{\"@type\":\"WebPage\",\"@id\":\"https:\\\/\\\/eettinenluksus.fi\\\/shop\\\/tuote\\\/method-glass4good-tayttopakkaus-1000ml\\\/\",\"url\":\"https:\\\/\\\/eettinenluksus.fi\\\/shop\\\/tuote\\\/method-glass4good-tayttopakkaus-1000ml\\\/\",\"name\":\"Method Glass4Good + t\u00e4ytt\u00f6pakkaus 1000ml - Shop Eettinen Luksus\",\"isPartOf\":{\"@id\":\"https:\\\/\\\/eettinenluksus.fi\\\/shop\\\/#website\"},\"primaryImageOfPage\":{\"@id\":\"https:\\\/\\\/eettinenluksus.fi\\\/shop\\\/tuote\\\/method-glass4good-tayttopakkaus-1000ml\\\/#primaryimage\"},\"image\":{\"@id\":\"https:\\\/\\\/eettinenluksus.fi\\\/shop\\\/tuote\\\/method-glass4good-tayttopakkaus-1000ml\\\/#primaryimage\"},\"thumbnailUrl\":\"https:\\\/\\\/eettinenluksus.fi\\\/shop\\\/wp-content\\\/uploads\\\/sites\\\/4\\\/1729\\\/09\\\/G4G-paketti-720x720px.jpg\",\"datePublished\":\"2024-10-21T10:41:53+00:00\",\"dateModified\":\"2025-10-29T07:36:34+00:00\",\"description\":\"method Glass4Good + t\u00e4ytt\u00f6pakkaus 1000ml ei vain n\u00e4yt\u00e4 hyv\u00e4lt\u00e4, se tekee my\u00f6s hyv\u00e4\u00e4. Tervehdi kautta aikojen ensimm\u00e4ist\u00e4 limited edition -lasipulloamme.\",\"breadcrumb\":{\"@id\":\"https:\\\/\\\/eettinenluksus.fi\\\/shop\\\/tuote\\\/method-glass4good-tayttopakkaus-1000ml\\\/#breadcrumb\"},\"inLanguage\":\"en-GB\",\"potentialAction\":[{\"@type\":\"ReadAction\",\"target\":[\"https:\\\/\\\/eettinenluksus.fi\\\/shop\\\/tuote\\\/method-glass4good-tayttopakkaus-1000ml\\\/\"]}]},{\"@type\":\"ImageObject\",\"inLanguage\":\"en-GB\",\"@id\":\"https:\\\/\\\/eettinenluksus.fi\\\/shop\\\/tuote\\\/method-glass4good-tayttopakkaus-1000ml\\\/#primaryimage\",\"url\":\"https:\\\/\\\/eettinenluksus.fi\\\/shop\\\/wp-content\\\/uploads\\\/sites\\\/4\\\/1729\\\/09\\\/G4G-paketti-720x720px.jpg\",\"contentUrl\":\"https:\\\/\\\/eettinenluksus.fi\\\/shop\\\/wp-content\\\/uploads\\\/sites\\\/4\\\/1729\\\/09\\\/G4G-paketti-720x720px.jpg\",\"width\":720,\"height\":720,\"caption\":\"method G4G paketti\"},{\"@type\":\"BreadcrumbList\",\"@id\":\"https:\\\/\\\/eettinenluksus.fi\\\/shop\\\/tuote\\\/method-glass4good-tayttopakkaus-1000ml\\\/#breadcrumb\",\"itemListElement\":[{\"@type\":\"ListItem\",\"position\":1,\"name\":\"Etusivu\",\"item\":\"https:\\\/\\\/eettinenluksus.fi\\\/shop\\\/\"},{\"@type\":\"ListItem\",\"position\":2,\"name\":\"Kauppa\",\"item\":\"https:\\\/\\\/eettinenluksus.fi\\\/shop\\\/en\\\/kauppa\\\/\"},{\"@type\":\"ListItem\",\"position\":3,\"name\":\"Method Glass4Good + t\u00e4ytt\u00f6pakkaus 1000ml\"}]},{\"@type\":\"WebSite\",\"@id\":\"https:\\\/\\\/eettinenluksus.fi\\\/shop\\\/#website\",\"url\":\"https:\\\/\\\/eettinenluksus.fi\\\/shop\\\/\",\"name\":\"Shop Eettinen Luksus\",\"description\":\"Uusi verkkokauppa\",\"publisher\":{\"@id\":\"https:\\\/\\\/eettinenluksus.fi\\\/shop\\\/#organization\"},\"potentialAction\":[{\"@type\":\"SearchAction\",\"target\":{\"@type\":\"EntryPoint\",\"urlTemplate\":\"https:\\\/\\\/eettinenluksus.fi\\\/shop\\\/?s={search_term_string}\"},\"query-input\":{\"@type\":\"PropertyValueSpecification\",\"valueRequired\":true,\"valueName\":\"search_term_string\"}}],\"inLanguage\":\"en-GB\"},{\"@type\":\"Organization\",\"@id\":\"https:\\\/\\\/eettinenluksus.fi\\\/shop\\\/#organization\",\"name\":\"Shop Eettinen Luksus\",\"url\":\"https:\\\/\\\/eettinenluksus.fi\\\/shop\\\/\",\"logo\":{\"@type\":\"ImageObject\",\"inLanguage\":\"en-GB\",\"@id\":\"https:\\\/\\\/eettinenluksus.fi\\\/shop\\\/#\\\/schema\\\/logo\\\/image\\\/\",\"url\":\"https:\\\/\\\/eettinenluksus.fi\\\/shop\\\/wp-content\\\/uploads\\\/sites\\\/4\\\/1664\\\/37\\\/cropped-ELO.jpg\",\"contentUrl\":\"https:\\\/\\\/eettinenluksus.fi\\\/shop\\\/wp-content\\\/uploads\\\/sites\\\/4\\\/1664\\\/37\\\/cropped-ELO.jpg\",\"width\":810,\"height\":350,\"caption\":\"Shop Eettinen Luksus\"},\"image\":{\"@id\":\"https:\\\/\\\/eettinenluksus.fi\\\/shop\\\/#\\\/schema\\\/logo\\\/image\\\/\"},\"sameAs\":[\"https:\\\/\\\/www.facebook.com\\\/eettinenluksus\",\"https:\\\/\\\/www.instagram.com\\\/eettinenluksus\\\/\"]}]}<\/script>\n<meta property=\"product:price:amount\" content=\"31.00\" \/>\n<meta property=\"product:price:currency\" content=\"EUR\" \/>\n<meta property=\"og:availability\" content=\"instock\" \/>\n<meta property=\"product:availability\" content=\"instock\" \/>\n<meta property=\"product:retailer_item_id\" content=\"40047764005462\" \/>\n<meta property=\"product:condition\" content=\"new\" \/>\n<!-- \/ Yoast SEO Premium plugin. -->","yoast_head_json":{"title":"Method Glass4Good + t\u00e4ytt\u00f6pakkaus 1000ml - Shop Eettinen Luksus","description":"method Glass4Good + t\u00e4ytt\u00f6pakkaus 1000ml ei vain n\u00e4yt\u00e4 hyv\u00e4lt\u00e4, se tekee my\u00f6s hyv\u00e4\u00e4. Tervehdi kautta aikojen ensimm\u00e4ist\u00e4 limited edition -lasipulloamme.","robots":{"index":"index","follow":"follow","max-snippet":"max-snippet:-1","max-image-preview":"max-image-preview:large","max-video-preview":"max-video-preview:-1"},"canonical":"https:\/\/eettinenluksus.fi\/shop\/en\/product\/method-glass4good-tayttopakkaus-1000ml\/","og_locale":"en_GB","og_type":"article","og_title":"Method Glass4Good + t\u00e4ytt\u00f6pakkaus 1000ml","og_description":"method Glass4Good + t\u00e4ytt\u00f6pakkaus 1000ml ei vain n\u00e4yt\u00e4 hyv\u00e4lt\u00e4, se tekee my\u00f6s hyv\u00e4\u00e4. Tervehdi kautta aikojen ensimm\u00e4ist\u00e4 limited edition -lasipulloamme.","og_url":"https:\/\/eettinenluksus.fi\/shop\/en\/product\/method-glass4good-tayttopakkaus-1000ml\/","og_site_name":"Shop Eettinen Luksus","article_publisher":"https:\/\/www.facebook.com\/eettinenluksus","article_modified_time":"2025-10-29T07:36:34+00:00","og_image":[{"width":720,"height":720,"url":"https:\/\/eettinenluksus.fi\/shop\/wp-content\/uploads\/sites\/4\/1729\/09\/G4G-paketti-720x720px.jpg","type":"image\/jpeg"}],"twitter_card":"summary_large_image","twitter_misc":{"Price":"31,00&nbsp;&euro;","Availability":"In stock"},"schema":{"@context":"https:\/\/schema.org","@graph":[{"@type":"WebPage","@id":"https:\/\/eettinenluksus.fi\/shop\/tuote\/method-glass4good-tayttopakkaus-1000ml\/","url":"https:\/\/eettinenluksus.fi\/shop\/tuote\/method-glass4good-tayttopakkaus-1000ml\/","name":"Method Glass4Good + t\u00e4ytt\u00f6pakkaus 1000ml - Shop Eettinen Luksus","isPartOf":{"@id":"https:\/\/eettinenluksus.fi\/shop\/#website"},"primaryImageOfPage":{"@id":"https:\/\/eettinenluksus.fi\/shop\/tuote\/method-glass4good-tayttopakkaus-1000ml\/#primaryimage"},"image":{"@id":"https:\/\/eettinenluksus.fi\/shop\/tuote\/method-glass4good-tayttopakkaus-1000ml\/#primaryimage"},"thumbnailUrl":"https:\/\/eettinenluksus.fi\/shop\/wp-content\/uploads\/sites\/4\/1729\/09\/G4G-paketti-720x720px.jpg","datePublished":"2024-10-21T10:41:53+00:00","dateModified":"2025-10-29T07:36:34+00:00","description":"method Glass4Good + t\u00e4ytt\u00f6pakkaus 1000ml ei vain n\u00e4yt\u00e4 hyv\u00e4lt\u00e4, se tekee my\u00f6s hyv\u00e4\u00e4. Tervehdi kautta aikojen ensimm\u00e4ist\u00e4 limited edition -lasipulloamme.","breadcrumb":{"@id":"https:\/\/eettinenluksus.fi\/shop\/tuote\/method-glass4good-tayttopakkaus-1000ml\/#breadcrumb"},"inLanguage":"en-GB","potentialAction":[{"@type":"ReadAction","target":["https:\/\/eettinenluksus.fi\/shop\/tuote\/method-glass4good-tayttopakkaus-1000ml\/"]}]},{"@type":"ImageObject","inLanguage":"en-GB","@id":"https:\/\/eettinenluksus.fi\/shop\/tuote\/method-glass4good-tayttopakkaus-1000ml\/#primaryimage","url":"https:\/\/eettinenluksus.fi\/shop\/wp-content\/uploads\/sites\/4\/1729\/09\/G4G-paketti-720x720px.jpg","contentUrl":"https:\/\/eettinenluksus.fi\/shop\/wp-content\/uploads\/sites\/4\/1729\/09\/G4G-paketti-720x720px.jpg","width":720,"height":720,"caption":"method G4G paketti"},{"@type":"BreadcrumbList","@id":"https:\/\/eettinenluksus.fi\/shop\/tuote\/method-glass4good-tayttopakkaus-1000ml\/#breadcrumb","itemListElement":[{"@type":"ListItem","position":1,"name":"Etusivu","item":"https:\/\/eettinenluksus.fi\/shop\/"},{"@type":"ListItem","position":2,"name":"Kauppa","item":"https:\/\/eettinenluksus.fi\/shop\/en\/kauppa\/"},{"@type":"ListItem","position":3,"name":"Method Glass4Good + t\u00e4ytt\u00f6pakkaus 1000ml"}]},{"@type":"WebSite","@id":"https:\/\/eettinenluksus.fi\/shop\/#website","url":"https:\/\/eettinenluksus.fi\/shop\/","name":"Shop Eettinen Luksus","description":"Uusi verkkokauppa","publisher":{"@id":"https:\/\/eettinenluksus.fi\/shop\/#organization"},"potentialAction":[{"@type":"SearchAction","target":{"@type":"EntryPoint","urlTemplate":"https:\/\/eettinenluksus.fi\/shop\/?s={search_term_string}"},"query-input":{"@type":"PropertyValueSpecification","valueRequired":true,"valueName":"search_term_string"}}],"inLanguage":"en-GB"},{"@type":"Organization","@id":"https:\/\/eettinenluksus.fi\/shop\/#organization","name":"Shop Eettinen Luksus","url":"https:\/\/eettinenluksus.fi\/shop\/","logo":{"@type":"ImageObject","inLanguage":"en-GB","@id":"https:\/\/eettinenluksus.fi\/shop\/#\/schema\/logo\/image\/","url":"https:\/\/eettinenluksus.fi\/shop\/wp-content\/uploads\/sites\/4\/1664\/37\/cropped-ELO.jpg","contentUrl":"https:\/\/eettinenluksus.fi\/shop\/wp-content\/uploads\/sites\/4\/1664\/37\/cropped-ELO.jpg","width":810,"height":350,"caption":"Shop Eettinen Luksus"},"image":{"@id":"https:\/\/eettinenluksus.fi\/shop\/#\/schema\/logo\/image\/"},"sameAs":["https:\/\/www.facebook.com\/eettinenluksus","https:\/\/www.instagram.com\/eettinenluksus\/"]}]},"product_price_amount":"31.00","product_price_currency":"EUR","og_availability":"instock","product_availability":"instock","product_retailer_item_id":"40047764005462","product_condition":"new"},"_links":{"self":[{"href":"https:\/\/eettinenluksus.fi\/shop\/en\/wp-json\/wp\/v2\/product\/4275","targetHints":{"allow":["GET"]}}],"collection":[{"href":"https:\/\/eettinenluksus.fi\/shop\/en\/wp-json\/wp\/v2\/product"}],"about":[{"href":"https:\/\/eettinenluksus.fi\/shop\/en\/wp-json\/wp\/v2\/types\/product"}],"version-history":[{"count":10,"href":"https:\/\/eettinenluksus.fi\/shop\/en\/wp-json\/wp\/v2\/product\/4275\/revisions"}],"predecessor-version":[{"id":4649,"href":"https:\/\/eettinenluksus.fi\/shop\/en\/wp-json\/wp\/v2\/product\/4275\/revisions\/4649"}],"wp:featuredmedia":[{"embeddable":true,"href":"https:\/\/eettinenluksus.fi\/shop\/en\/wp-json\/wp\/v2\/media\/4292"}],"wp:attachment":[{"href":"https:\/\/eettinenluksus.fi\/shop\/en\/wp-json\/wp\/v2\/media?parent=4275"}],"wp:term":[{"taxonomy":"product_brand","embeddable":true,"href":"https:\/\/eettinenluksus.fi\/shop\/en\/wp-json\/wp\/v2\/product_brand?post=4275"},{"taxonomy":"product_cat","embeddable":true,"href":"https:\/\/eettinenluksus.fi\/shop\/en\/wp-json\/wp\/v2\/product_cat?post=4275"},{"taxonomy":"product_tag","embeddable":true,"href":"https:\/\/eettinenluksus.fi\/shop\/en\/wp-json\/wp\/v2\/product_tag?post=4275"}],"curies":[{"name":"wp","href":"https:\/\/api.w.org\/{rel}","templated":true}]}}