{"id":4264,"date":"2024-10-18T09:14:40","date_gmt":"2024-10-18T06:14:40","guid":{"rendered":"https:\/\/eettinenluksus.fi\/shop\/?post_type=product&#038;p=4264"},"modified":"2025-04-07T11:09:01","modified_gmt":"2025-04-07T08:09:01","slug":"method-cream-custard-wild-rhubarb","status":"publish","type":"product","link":"https:\/\/eettinenluksus.fi\/shop\/en\/product\/method-cream-custard-wild-rhubarb\/","title":{"rendered":"Method Cream Custard &amp; Wild Rhubarb set"},"content":{"rendered":"<p>method Cream Custard &amp; Wild Rhubarb -tuotepaketti:<\/p>\n<p><strong>method LIMITED EDITION Cream Custard<\/strong><\/p>\n<p>Rhubarb without custard? Unfathomable. In a custardy battle with dirt, our new limited edition multi-surface cleaner wins hands down. Our 75% biobased formula, made with biodegradable cleaners derived from corn + coconut cuts through grease + grime. Each glorious squirt smells like dessert and leaves your surfaces sparkling clean. It's bff wild rhubarb has been waiting for.<\/p>\n<p>Cream Custard \u2013 Sujahda vaniljan- ja karamellintuoksuisten sateenkaarien ja pilvien ihmemaahan. Sitrussiipisen sitruunaperhosen kanssa. Tuoksu vahvistaa sen todeksi. T\u00e4m\u00e4 kermainen unenomainen nautinto muuttaa tylsyyden taivaaksi.<\/p>\n<p><strong>Method All Floor Wild Rhubarb 739ml<\/strong><\/p>\n<p>K\u00e4ytt\u00f6valmis ja ekologinen lattianpesuaine koville lattioille. Kasvi- ja mineraalipohjaisista ainesosista valmistettu biohajoava lattianpesuaine puhdistaa kaikki kovat lattiapinnat ilman ylim\u00e4\u00e4r\u00e4ist\u00e4 vett\u00e4. <span style=\"color: var(--color-body); font-family: var(--ff-body); font-size: var(--fs-normal); font-style: var(--f-style-body); font-weight: var(--fw-body); text-transform: var(--tt-body);\">For sealed hardwood and laminate floors<\/span><\/p>\n<p>Tuoksuna Wild Rhubarb \u2013 T\u00e4m\u00e4 on raparperi juhla-asussaan. Tuore ja hapokas kuin vastapoimittuna. Vain vaniljakastike puuttuu.<\/p>\n<p>Smells so good, you practically want to eat off the floor. We don\u2019t recommend it. But it is good to know this no-wax formula is non-toxic and biodegradable.<\/p>\n<ul>\n<li>Not tested on animals<\/li>\n<li>No animal-based ingredients<\/li>\n<li>Leaping Bunny certificate<\/li>\n<\/ul>","protected":false},"excerpt":{"rendered":"<div class=\"woocommerce-product-details__short-description\">\n<p><span style=\"color: var(--color-body); font-family: var(--ff-body); font-size: var(--fs-normal); font-style: var(--f-style-body); font-weight: var(--fw-body); text-transform: var(--tt-body);\">Rhubarb without custard? Unfathomable.<\/span><\/p>\n<p>Erottamaton kaksikko ja parhaat yst\u00e4v\u00e4t ovat nyt t\u00e4\u00e4ll\u00e4.<\/p>\n<p><span style=\"color: var(--color-body); font-family: var(--ff-body); font-size: var(--fs-normal); font-style: var(--f-style-body); font-weight: var(--fw-body); text-transform: var(--tt-body);\">method Cream Custard &amp; Wild Rhubarb -tuotepaketti:<\/span><\/p>\n<\/div>\n<div class=\"woocommerce-product-details__short-description\">\n<ul>\n<li>method LIMITED EDITION Yleispuhdistussuihke Cream Custard 828ml<\/li>\n<li>method Lattianpesuaine Wild Rhubarb 739ml<\/li>\n<\/ul>\n<\/div>","protected":false},"featured_media":4265,"template":"","meta":{"inline_featured_image":false},"product_brand":[],"product_cat":[17,27,19,49,56],"product_tag":[],"class_list":{"0":"post-4264","1":"product","2":"type-product","3":"status-publish","4":"has-post-thumbnail","6":"product_cat-method","7":"product_cat-method-limited-edition","8":"product_cat-method-siivous","9":"product_cat-siivous","10":"product_cat-tuotepaketit","12":"first","13":"instock","14":"taxable","15":"shipping-taxable","16":"purchasable","17":"product-type-simple"},"yoast_head":"<!-- This site is optimized with the Yoast SEO Premium plugin v26.8 (Yoast SEO v27.4) - https:\/\/yoast.com\/product\/yoast-seo-premium-wordpress\/ -->\n<title>Method Cream Custard &amp; Wild Rhubarb -tuotepaketti - Shop Eettinen Luksus<\/title>\n<meta name=\"description\" content=\"Raparperi ilman vaniljakastiketta? K\u00e4sitt\u00e4m\u00e4t\u00f6nt\u00e4.Erottamaton kaksikko on l\u00f6yt\u00e4nyt toisensa. method LIMITED EDITION Cream Custard &amp; Wild Rhubarb\" \/>\n<meta name=\"robots\" content=\"index, follow, max-snippet:-1, max-image-preview:large, max-video-preview:-1\" \/>\n<link rel=\"canonical\" href=\"https:\/\/eettinenluksus.fi\/shop\/en\/product\/method-cream-custard-wild-rhubarb\/\" \/>\n<meta property=\"og:locale\" content=\"en_GB\" \/>\n<meta property=\"og:type\" content=\"article\" \/>\n<meta property=\"og:title\" content=\"Method Cream Custard &amp; Wild Rhubarb -tuotepaketti\" \/>\n<meta property=\"og:description\" content=\"Raparperi ilman vaniljakastiketta? K\u00e4sitt\u00e4m\u00e4t\u00f6nt\u00e4.Erottamaton kaksikko on l\u00f6yt\u00e4nyt toisensa. method LIMITED EDITION Cream Custard &amp; Wild Rhubarb\" \/>\n<meta property=\"og:url\" content=\"https:\/\/eettinenluksus.fi\/shop\/en\/product\/method-cream-custard-wild-rhubarb\/\" \/>\n<meta property=\"og:site_name\" content=\"Shop Eettinen Luksus\" \/>\n<meta property=\"article:publisher\" content=\"https:\/\/www.facebook.com\/eettinenluksus\" \/>\n<meta property=\"article:modified_time\" content=\"2025-04-07T08:09:01+00:00\" \/>\n<meta property=\"og:image\" content=\"https:\/\/eettinenluksus.fi\/shop\/wp-content\/uploads\/sites\/4\/1729\/31\/Cream-Custard-Wild-Rhubard.jpg\" \/>\n\t<meta property=\"og:image:width\" content=\"720\" \/>\n\t<meta property=\"og:image:height\" content=\"720\" \/>\n\t<meta property=\"og:image:type\" content=\"image\/jpeg\" \/>\n<meta name=\"twitter:card\" content=\"summary_large_image\" \/>\n<meta name=\"twitter:label1\" content=\"Price\" \/>\n\t<meta name=\"twitter:data1\" content=\"12,50&nbsp;&euro;\" \/>\n\t<meta name=\"twitter:label2\" content=\"Availability\" \/>\n\t<meta name=\"twitter:data2\" content=\"In stock\" \/>\n<script type=\"application\/ld+json\" class=\"yoast-schema-graph\">{\"@context\":\"https:\\\/\\\/schema.org\",\"@graph\":[{\"@type\":\"WebPage\",\"@id\":\"https:\\\/\\\/eettinenluksus.fi\\\/shop\\\/tuote\\\/method-cream-custard-wild-rhubarb\\\/\",\"url\":\"https:\\\/\\\/eettinenluksus.fi\\\/shop\\\/tuote\\\/method-cream-custard-wild-rhubarb\\\/\",\"name\":\"Method Cream Custard & Wild Rhubarb -tuotepaketti - Shop Eettinen Luksus\",\"isPartOf\":{\"@id\":\"https:\\\/\\\/eettinenluksus.fi\\\/shop\\\/#website\"},\"primaryImageOfPage\":{\"@id\":\"https:\\\/\\\/eettinenluksus.fi\\\/shop\\\/tuote\\\/method-cream-custard-wild-rhubarb\\\/#primaryimage\"},\"image\":{\"@id\":\"https:\\\/\\\/eettinenluksus.fi\\\/shop\\\/tuote\\\/method-cream-custard-wild-rhubarb\\\/#primaryimage\"},\"thumbnailUrl\":\"https:\\\/\\\/eettinenluksus.fi\\\/shop\\\/wp-content\\\/uploads\\\/sites\\\/4\\\/1729\\\/31\\\/Cream-Custard-Wild-Rhubard.jpg\",\"datePublished\":\"2024-10-18T06:14:40+00:00\",\"dateModified\":\"2025-04-07T08:09:01+00:00\",\"description\":\"Raparperi ilman vaniljakastiketta? K\u00e4sitt\u00e4m\u00e4t\u00f6nt\u00e4.Erottamaton kaksikko on l\u00f6yt\u00e4nyt toisensa. method LIMITED EDITION Cream Custard & Wild Rhubarb\",\"breadcrumb\":{\"@id\":\"https:\\\/\\\/eettinenluksus.fi\\\/shop\\\/tuote\\\/method-cream-custard-wild-rhubarb\\\/#breadcrumb\"},\"inLanguage\":\"en-GB\",\"potentialAction\":[{\"@type\":\"ReadAction\",\"target\":[\"https:\\\/\\\/eettinenluksus.fi\\\/shop\\\/tuote\\\/method-cream-custard-wild-rhubarb\\\/\"]}]},{\"@type\":\"ImageObject\",\"inLanguage\":\"en-GB\",\"@id\":\"https:\\\/\\\/eettinenluksus.fi\\\/shop\\\/tuote\\\/method-cream-custard-wild-rhubarb\\\/#primaryimage\",\"url\":\"https:\\\/\\\/eettinenluksus.fi\\\/shop\\\/wp-content\\\/uploads\\\/sites\\\/4\\\/1729\\\/31\\\/Cream-Custard-Wild-Rhubard.jpg\",\"contentUrl\":\"https:\\\/\\\/eettinenluksus.fi\\\/shop\\\/wp-content\\\/uploads\\\/sites\\\/4\\\/1729\\\/31\\\/Cream-Custard-Wild-Rhubard.jpg\",\"width\":720,\"height\":720,\"caption\":\"method Cream Custard & Wild Rhubard\"},{\"@type\":\"BreadcrumbList\",\"@id\":\"https:\\\/\\\/eettinenluksus.fi\\\/shop\\\/tuote\\\/method-cream-custard-wild-rhubarb\\\/#breadcrumb\",\"itemListElement\":[{\"@type\":\"ListItem\",\"position\":1,\"name\":\"Etusivu\",\"item\":\"https:\\\/\\\/eettinenluksus.fi\\\/shop\\\/\"},{\"@type\":\"ListItem\",\"position\":2,\"name\":\"Kauppa\",\"item\":\"https:\\\/\\\/eettinenluksus.fi\\\/shop\\\/en\\\/kauppa\\\/\"},{\"@type\":\"ListItem\",\"position\":3,\"name\":\"Method Cream Custard &#038; Wild Rhubarb -tuotepaketti\"}]},{\"@type\":\"WebSite\",\"@id\":\"https:\\\/\\\/eettinenluksus.fi\\\/shop\\\/#website\",\"url\":\"https:\\\/\\\/eettinenluksus.fi\\\/shop\\\/\",\"name\":\"Shop Eettinen Luksus\",\"description\":\"Uusi verkkokauppa\",\"publisher\":{\"@id\":\"https:\\\/\\\/eettinenluksus.fi\\\/shop\\\/#organization\"},\"potentialAction\":[{\"@type\":\"SearchAction\",\"target\":{\"@type\":\"EntryPoint\",\"urlTemplate\":\"https:\\\/\\\/eettinenluksus.fi\\\/shop\\\/?s={search_term_string}\"},\"query-input\":{\"@type\":\"PropertyValueSpecification\",\"valueRequired\":true,\"valueName\":\"search_term_string\"}}],\"inLanguage\":\"en-GB\"},{\"@type\":\"Organization\",\"@id\":\"https:\\\/\\\/eettinenluksus.fi\\\/shop\\\/#organization\",\"name\":\"Shop Eettinen Luksus\",\"url\":\"https:\\\/\\\/eettinenluksus.fi\\\/shop\\\/\",\"logo\":{\"@type\":\"ImageObject\",\"inLanguage\":\"en-GB\",\"@id\":\"https:\\\/\\\/eettinenluksus.fi\\\/shop\\\/#\\\/schema\\\/logo\\\/image\\\/\",\"url\":\"https:\\\/\\\/eettinenluksus.fi\\\/shop\\\/wp-content\\\/uploads\\\/sites\\\/4\\\/1664\\\/37\\\/cropped-ELO.jpg\",\"contentUrl\":\"https:\\\/\\\/eettinenluksus.fi\\\/shop\\\/wp-content\\\/uploads\\\/sites\\\/4\\\/1664\\\/37\\\/cropped-ELO.jpg\",\"width\":810,\"height\":350,\"caption\":\"Shop Eettinen Luksus\"},\"image\":{\"@id\":\"https:\\\/\\\/eettinenluksus.fi\\\/shop\\\/#\\\/schema\\\/logo\\\/image\\\/\"},\"sameAs\":[\"https:\\\/\\\/www.facebook.com\\\/eettinenluksus\",\"https:\\\/\\\/www.instagram.com\\\/eettinenluksus\\\/\"]}]}<\/script>\n<meta property=\"product:price:amount\" content=\"12.50\" \/>\n<meta property=\"product:price:currency\" content=\"EUR\" \/>\n<meta property=\"og:availability\" content=\"instock\" \/>\n<meta property=\"product:availability\" content=\"instock\" \/>\n<meta property=\"product:retailer_item_id\" content=\"40062304004282\" \/>\n<meta property=\"product:condition\" content=\"new\" \/>\n<!-- \/ Yoast SEO Premium plugin. -->","yoast_head_json":{"title":"Method Cream Custard & Wild Rhubarb -tuotepaketti - Shop Eettinen Luksus","description":"Raparperi ilman vaniljakastiketta? K\u00e4sitt\u00e4m\u00e4t\u00f6nt\u00e4.Erottamaton kaksikko on l\u00f6yt\u00e4nyt toisensa. method LIMITED EDITION Cream Custard & Wild Rhubarb","robots":{"index":"index","follow":"follow","max-snippet":"max-snippet:-1","max-image-preview":"max-image-preview:large","max-video-preview":"max-video-preview:-1"},"canonical":"https:\/\/eettinenluksus.fi\/shop\/en\/product\/method-cream-custard-wild-rhubarb\/","og_locale":"en_GB","og_type":"article","og_title":"Method Cream Custard & Wild Rhubarb -tuotepaketti","og_description":"Raparperi ilman vaniljakastiketta? K\u00e4sitt\u00e4m\u00e4t\u00f6nt\u00e4.Erottamaton kaksikko on l\u00f6yt\u00e4nyt toisensa. method LIMITED EDITION Cream Custard & Wild Rhubarb","og_url":"https:\/\/eettinenluksus.fi\/shop\/en\/product\/method-cream-custard-wild-rhubarb\/","og_site_name":"Shop Eettinen Luksus","article_publisher":"https:\/\/www.facebook.com\/eettinenluksus","article_modified_time":"2025-04-07T08:09:01+00:00","og_image":[{"width":720,"height":720,"url":"https:\/\/eettinenluksus.fi\/shop\/wp-content\/uploads\/sites\/4\/1729\/31\/Cream-Custard-Wild-Rhubard.jpg","type":"image\/jpeg"}],"twitter_card":"summary_large_image","twitter_misc":{"Price":"12,50&nbsp;&euro;","Availability":"In stock"},"schema":{"@context":"https:\/\/schema.org","@graph":[{"@type":"WebPage","@id":"https:\/\/eettinenluksus.fi\/shop\/tuote\/method-cream-custard-wild-rhubarb\/","url":"https:\/\/eettinenluksus.fi\/shop\/tuote\/method-cream-custard-wild-rhubarb\/","name":"Method Cream Custard & Wild Rhubarb -tuotepaketti - Shop Eettinen Luksus","isPartOf":{"@id":"https:\/\/eettinenluksus.fi\/shop\/#website"},"primaryImageOfPage":{"@id":"https:\/\/eettinenluksus.fi\/shop\/tuote\/method-cream-custard-wild-rhubarb\/#primaryimage"},"image":{"@id":"https:\/\/eettinenluksus.fi\/shop\/tuote\/method-cream-custard-wild-rhubarb\/#primaryimage"},"thumbnailUrl":"https:\/\/eettinenluksus.fi\/shop\/wp-content\/uploads\/sites\/4\/1729\/31\/Cream-Custard-Wild-Rhubard.jpg","datePublished":"2024-10-18T06:14:40+00:00","dateModified":"2025-04-07T08:09:01+00:00","description":"Raparperi ilman vaniljakastiketta? K\u00e4sitt\u00e4m\u00e4t\u00f6nt\u00e4.Erottamaton kaksikko on l\u00f6yt\u00e4nyt toisensa. method LIMITED EDITION Cream Custard & Wild Rhubarb","breadcrumb":{"@id":"https:\/\/eettinenluksus.fi\/shop\/tuote\/method-cream-custard-wild-rhubarb\/#breadcrumb"},"inLanguage":"en-GB","potentialAction":[{"@type":"ReadAction","target":["https:\/\/eettinenluksus.fi\/shop\/tuote\/method-cream-custard-wild-rhubarb\/"]}]},{"@type":"ImageObject","inLanguage":"en-GB","@id":"https:\/\/eettinenluksus.fi\/shop\/tuote\/method-cream-custard-wild-rhubarb\/#primaryimage","url":"https:\/\/eettinenluksus.fi\/shop\/wp-content\/uploads\/sites\/4\/1729\/31\/Cream-Custard-Wild-Rhubard.jpg","contentUrl":"https:\/\/eettinenluksus.fi\/shop\/wp-content\/uploads\/sites\/4\/1729\/31\/Cream-Custard-Wild-Rhubard.jpg","width":720,"height":720,"caption":"method Cream Custard & Wild Rhubard"},{"@type":"BreadcrumbList","@id":"https:\/\/eettinenluksus.fi\/shop\/tuote\/method-cream-custard-wild-rhubarb\/#breadcrumb","itemListElement":[{"@type":"ListItem","position":1,"name":"Etusivu","item":"https:\/\/eettinenluksus.fi\/shop\/"},{"@type":"ListItem","position":2,"name":"Kauppa","item":"https:\/\/eettinenluksus.fi\/shop\/en\/kauppa\/"},{"@type":"ListItem","position":3,"name":"Method Cream Custard &#038; Wild Rhubarb -tuotepaketti"}]},{"@type":"WebSite","@id":"https:\/\/eettinenluksus.fi\/shop\/#website","url":"https:\/\/eettinenluksus.fi\/shop\/","name":"Shop Eettinen Luksus","description":"Uusi verkkokauppa","publisher":{"@id":"https:\/\/eettinenluksus.fi\/shop\/#organization"},"potentialAction":[{"@type":"SearchAction","target":{"@type":"EntryPoint","urlTemplate":"https:\/\/eettinenluksus.fi\/shop\/?s={search_term_string}"},"query-input":{"@type":"PropertyValueSpecification","valueRequired":true,"valueName":"search_term_string"}}],"inLanguage":"en-GB"},{"@type":"Organization","@id":"https:\/\/eettinenluksus.fi\/shop\/#organization","name":"Shop Eettinen Luksus","url":"https:\/\/eettinenluksus.fi\/shop\/","logo":{"@type":"ImageObject","inLanguage":"en-GB","@id":"https:\/\/eettinenluksus.fi\/shop\/#\/schema\/logo\/image\/","url":"https:\/\/eettinenluksus.fi\/shop\/wp-content\/uploads\/sites\/4\/1664\/37\/cropped-ELO.jpg","contentUrl":"https:\/\/eettinenluksus.fi\/shop\/wp-content\/uploads\/sites\/4\/1664\/37\/cropped-ELO.jpg","width":810,"height":350,"caption":"Shop Eettinen Luksus"},"image":{"@id":"https:\/\/eettinenluksus.fi\/shop\/#\/schema\/logo\/image\/"},"sameAs":["https:\/\/www.facebook.com\/eettinenluksus","https:\/\/www.instagram.com\/eettinenluksus\/"]}]},"product_price_amount":"12.50","product_price_currency":"EUR","og_availability":"instock","product_availability":"instock","product_retailer_item_id":"40062304004282","product_condition":"new"},"_links":{"self":[{"href":"https:\/\/eettinenluksus.fi\/shop\/en\/wp-json\/wp\/v2\/product\/4264","targetHints":{"allow":["GET"]}}],"collection":[{"href":"https:\/\/eettinenluksus.fi\/shop\/en\/wp-json\/wp\/v2\/product"}],"about":[{"href":"https:\/\/eettinenluksus.fi\/shop\/en\/wp-json\/wp\/v2\/types\/product"}],"version-history":[{"count":6,"href":"https:\/\/eettinenluksus.fi\/shop\/en\/wp-json\/wp\/v2\/product\/4264\/revisions"}],"predecessor-version":[{"id":4286,"href":"https:\/\/eettinenluksus.fi\/shop\/en\/wp-json\/wp\/v2\/product\/4264\/revisions\/4286"}],"wp:featuredmedia":[{"embeddable":true,"href":"https:\/\/eettinenluksus.fi\/shop\/en\/wp-json\/wp\/v2\/media\/4265"}],"wp:attachment":[{"href":"https:\/\/eettinenluksus.fi\/shop\/en\/wp-json\/wp\/v2\/media?parent=4264"}],"wp:term":[{"taxonomy":"product_brand","embeddable":true,"href":"https:\/\/eettinenluksus.fi\/shop\/en\/wp-json\/wp\/v2\/product_brand?post=4264"},{"taxonomy":"product_cat","embeddable":true,"href":"https:\/\/eettinenluksus.fi\/shop\/en\/wp-json\/wp\/v2\/product_cat?post=4264"},{"taxonomy":"product_tag","embeddable":true,"href":"https:\/\/eettinenluksus.fi\/shop\/en\/wp-json\/wp\/v2\/product_tag?post=4264"}],"curies":[{"name":"wp","href":"https:\/\/api.w.org\/{rel}","templated":true}]}}