{"id":419,"date":"2022-10-06T08:36:13","date_gmt":"2022-10-06T05:36:13","guid":{"rendered":"https:\/\/eettinenluksus.fi\/shop2022\/?post_type=product&#038;p=419"},"modified":"2025-11-18T12:51:26","modified_gmt":"2025-11-18T10:51:26","slug":"onxon-sappisaippua-160-g","status":"publish","type":"product","link":"https:\/\/eettinenluksus.fi\/shop\/en\/product\/onxon-sappisaippua-160-g\/","title":{"rendered":"OnXOn Gall Soap 160g"},"content":{"rendered":"<div data-elementor-type=\"product-post\" data-elementor-id=\"419\" class=\"elementor elementor-419\" data-elementor-settings=\"{&quot;ha_cmc_init_switcher&quot;:&quot;no&quot;}\" data-elementor-post-type=\"product\">\n\t\t\t\t\t\t<section class=\"elementor-section elementor-top-section elementor-element elementor-element-4f54d8a6 elementor-section-boxed elementor-section-height-default elementor-section-height-default\" data-id=\"4f54d8a6\" data-element_type=\"section\" data-e-type=\"section\" data-settings=\"{&quot;_ha_eqh_enable&quot;:false}\">\n\t\t\t\t\t\t<div class=\"elementor-container elementor-column-gap-default\">\n\t\t\t\t\t<div class=\"elementor-column elementor-col-100 elementor-top-column elementor-element elementor-element-4d3e302c\" data-id=\"4d3e302c\" data-element_type=\"column\" data-e-type=\"column\">\n\t\t\t<div class=\"elementor-widget-wrap elementor-element-populated\">\n\t\t\t\t\t\t<div class=\"elementor-element elementor-element-2489ba6f elementor-widget elementor-widget-text-editor\" data-id=\"2489ba6f\" data-element_type=\"widget\" data-e-type=\"widget\" data-widget_type=\"text-editor.default\">\n\t\t\t\t<div class=\"elementor-widget-container\">\n\t\t\t\t\t\t\t\t\t<p>OnXOn Sappisaippua 160 g on tehokas ja ekologinen tahranpoistaja. Hajottaa rasvan luonnon omalla keinolla &#8211; sapella. Sopii erinomaisesti tahrojen poistamiseen vaatteista (paidan kaulukset, hihan suut), lakatuilta pinnoilta, sein\u00e4laatoista, kengist\u00e4, matoista ja muusta verhoilusta. Tehoaa erityisesti vaikeisiin tahroihin, kuten tomaatti-, punaviini- ja sinappitahroihin. Pakkauksessa on mukana sieni, jolla on helppo ja nopea levitt\u00e4\u00e4 pehme\u00e4\u00e4 sappisaippuan tahrakohtaan.<\/p><p style=\"font-size: 0px;\"><a href=\"https:\/\/onxon.fi\/\"><span style=\"font-size: 0px;\">&#8211;<\/span><\/a>OnXOn Sappisaippua ekologinen sappisaippua, ekologinen siivous, ekologinen tahranpoisto, tahranpoisto, tahra, ruoho, tomaatti, punaviini, sinappi, sappisaippua, ekologinen sappisaippua, siivous, ekologinen siivous, sappijauhe, sappi. Ekologinen siivous, ekologinen tahranpoisto, tahranpoisto, sappisaippua, tomaatti, punaviini, sinappi, ruoho. Hajusteeton saippua, ekologinen puhdistusaine, sappisaippua, sappi, tomaatti, ekologinen siivous<\/p><h2 style=\"font-size: 0px;\">OnXOn Gall Soap 160g<\/h2><p style=\"font-size: 0px;\"><a href=\"https:\/\/onxon.fi\/\"><span style=\"font-size: 0px;\">&#8211;<\/span><\/a>OnXOn Sappisaippua ekologinen sappisaippua, sappisaippua, ekologinen siivous, ekologinen tahranpoisto, tahranpoisto, tahra, ruoho, tomaatti, punaviini, sappisaippua, sinappi, sappisaippua, ekologinen sappisaippua, siivous, ekologinen siivous, sappijauhe, sappi. Ekologinen siivous, ekologinen tahranpoisto, tahranpoisto, sappisaippua, tomaatti, punaviini, sinappi, ruoho. Hajusteeton saippua, sappisaippua, ekologinen puhdistusaine, sappisaippua, sappisaippua, sappi, tomaatti, ekologinen siivous<\/p><p style=\"font-size: 0px;\"><a href=\"https:\/\/eettinenluksus.fi\/shop\"><span style=\"font-size: 0px;\">&#8211;<\/span><\/a><a href=\"https:\/\/eettinenluksus.fi\/shop\/tuotemerkit\/greener-cleaner-siivous\/\"><span style=\"font-size: 0px;\">&#8211;<\/span><\/a><a href=\"https:\/\/eettinenluksus.fi\/shop\/tuote\/onxon-pyykinpesupaketti\/\"><span style=\"font-size: 0px;\">&#8211;<\/span><\/a><a href=\"https:\/\/eettinenluksus.fi\/shop\/tuotemerkit\/onxon-pyykinpesu\/\"><span style=\"font-size: 0px;\">&#8211;<\/span><\/a><a href=\"https:\/\/eettinenluksus.fi\/shop\/tuotemerkit\/onxon-siivous\/\"><span style=\"font-size: 0px;\">&#8211;<\/span><\/a><a href=\"https:\/\/eettinenluksus.fi\/shop\/tuote\/onxon-happivalkaisija-550g\/\"><span style=\"font-size: 0px;\">&#8211;<\/span><\/a><a href=\"https:\/\/eettinenluksus.fi\/shop\/tuote\/onxon-kuivausrumpupallot-villa-3kpl\/\"><span style=\"font-size: 0px;\">&#8211;<\/span><\/a><a href=\"https:\/\/eettinenluksus.fi\/shop\/tuotemerkit\/mreco-siivous\/\"><span style=\"font-size: 0px;\">&#8211;<\/span><\/a><\/p><p style=\"font-size: 0px;\"><a href=\"https:\/\/onxon.fi\/\"><span style=\"font-size: 0px;\">&#8211;<\/span><\/a>OnXOn Sappisaippua 160 g, ekologinen sappisaippua, ekologinen siivous, ekologinen tahranpoisto, tahranpoisto, tahra, ruoho, tomaatti, punaviini, sinappi, sappisaippua, ekologinen sappisaippua, siivous, ekologinen siivous, sappijauhe, sappi. Ekologinen siivous, sappisaippua, tehokas ja ekologinen tahranpoistaja, sappisaippua, tahranpoisto, sappisaippua, tomaatti, punaviini, sappisaippua, sinappi, ruoho. Hajusteeton saippua, ekologinen puhdistusaine, sappisaippua, sappi, sappisaippua, tomaatti, ekologinen siivous.<\/p><ul style=\"font-size: 0px;\"><li>gall soap<\/li><li>ecological<\/li><li>cleaning<\/li><li>ekologinen tahranpoisto<\/li><li>hajusteeton saippua<\/li><\/ul>\t\t\t\t\t\t\t\t<\/div>\n\t\t\t\t<\/div>\n\t\t\t\t\t<\/div>\n\t\t<\/div>\n\t\t\t\t\t<\/div>\n\t\t<\/section>\n\t\t\t\t<section class=\"elementor-section elementor-top-section elementor-element elementor-element-8986510 elementor-section-boxed elementor-section-height-default elementor-section-height-default\" data-id=\"8986510\" data-element_type=\"section\" data-e-type=\"section\" data-settings=\"{&quot;_ha_eqh_enable&quot;:false}\">\n\t\t\t\t\t\t<div class=\"elementor-container elementor-column-gap-default\">\n\t\t\t\t\t<div class=\"elementor-column elementor-col-100 elementor-top-column elementor-element elementor-element-f623a20\" data-id=\"f623a20\" data-element_type=\"column\" data-e-type=\"column\">\n\t\t\t<div class=\"elementor-widget-wrap elementor-element-populated\">\n\t\t\t\t\t\t<section class=\"elementor-section elementor-inner-section elementor-element elementor-element-f02932e elementor-section-boxed elementor-section-height-default elementor-section-height-default\" data-id=\"f02932e\" data-element_type=\"section\" data-e-type=\"section\" data-settings=\"{&quot;_ha_eqh_enable&quot;:false}\">\n\t\t\t\t\t\t<div class=\"elementor-container elementor-column-gap-default\">\n\t\t\t\t\t<div class=\"elementor-column elementor-col-50 elementor-inner-column elementor-element elementor-element-46beb98\" data-id=\"46beb98\" data-element_type=\"column\" data-e-type=\"column\">\n\t\t\t<div class=\"elementor-widget-wrap\">\n\t\t\t\t\t\t\t<\/div>\n\t\t<\/div>\n\t\t\t\t<div class=\"elementor-column elementor-col-50 elementor-inner-column elementor-element elementor-element-a38cc7d\" data-id=\"a38cc7d\" data-element_type=\"column\" data-e-type=\"column\">\n\t\t\t<div class=\"elementor-widget-wrap\">\n\t\t\t\t\t\t\t<\/div>\n\t\t<\/div>\n\t\t\t\t\t<\/div>\n\t\t<\/section>\n\t\t\t\t\t<\/div>\n\t\t<\/div>\n\t\t\t\t\t<\/div>\n\t\t<\/section>\n\t\t\t\t<section class=\"elementor-section elementor-top-section elementor-element elementor-element-7904a51 elementor-section-boxed elementor-section-height-default elementor-section-height-default\" data-id=\"7904a51\" data-element_type=\"section\" data-e-type=\"section\" data-settings=\"{&quot;_ha_eqh_enable&quot;:false}\">\n\t\t\t\t\t\t<div class=\"elementor-container elementor-column-gap-default\">\n\t\t\t\t\t<div class=\"elementor-column elementor-col-100 elementor-top-column elementor-element elementor-element-2d52ee0\" data-id=\"2d52ee0\" data-element_type=\"column\" data-e-type=\"column\">\n\t\t\t<div class=\"elementor-widget-wrap\">\n\t\t\t\t\t\t\t<\/div>\n\t\t<\/div>\n\t\t\t\t\t<\/div>\n\t\t<\/section>\n\t\t\t\t<\/div>","protected":false},"excerpt":{"rendered":"<p>Effective, ecological and organic stain remover<\/p>\n<p>Breaks down fat by nature's own means \u2013 gall<\/p>\n<p>Especially for persistent stains such as tomato, red wine and mustard<\/p>","protected":false},"featured_media":5171,"template":"","meta":{"inline_featured_image":false},"product_brand":[],"product_cat":[23,31,52],"product_tag":[70,164,266,265,88,171],"class_list":{"0":"post-419","1":"product","2":"type-product","3":"status-publish","4":"has-post-thumbnail","6":"product_cat-onxon","7":"product_cat-onxon-pyykinpesu","8":"product_cat-pyykinpesu","9":"product_tag-ekologinen","10":"product_tag-onxon","11":"product_tag-sappi","12":"product_tag-sappisaippua","13":"product_tag-siivous","14":"product_tag-tahranpoisto","16":"first","17":"instock","18":"taxable","19":"shipping-taxable","20":"purchasable","21":"product-type-simple"},"yoast_head":"<!-- This site is optimized with the Yoast SEO Premium plugin v26.8 (Yoast SEO v27.4) - https:\/\/yoast.com\/product\/yoast-seo-premium-wordpress\/ -->\n<title>OnXOn Sappisaippua 160 g - Shop Eettinen Luksus<\/title>\n<meta name=\"description\" content=\"Tehokas ja ekologinen tahranpoistaja hajottaa rasvan luonnon omalla keinolla - sapella. Tehoaa erityisesti vaikeisiin tahroihin. OnXOn Sappisaippua 160 g\" \/>\n<meta name=\"robots\" content=\"index, follow, max-snippet:-1, max-image-preview:large, max-video-preview:-1\" \/>\n<link rel=\"canonical\" href=\"https:\/\/eettinenluksus.fi\/shop\/en\/product\/onxon-sappisaippua-160-g\/\" \/>\n<meta property=\"og:locale\" content=\"en_GB\" \/>\n<meta property=\"og:type\" content=\"article\" \/>\n<meta property=\"og:title\" content=\"OnXOn Sappisaippua 160 g\" \/>\n<meta property=\"og:description\" content=\"Tehokas ja ekologinen tahranpoistaja hajottaa rasvan luonnon omalla keinolla - sapella. Tehoaa erityisesti vaikeisiin tahroihin. OnXOn Sappisaippua 160 g\" \/>\n<meta property=\"og:url\" content=\"https:\/\/eettinenluksus.fi\/shop\/en\/product\/onxon-sappisaippua-160-g\/\" \/>\n<meta property=\"og:site_name\" content=\"Shop Eettinen Luksus\" \/>\n<meta property=\"article:publisher\" content=\"https:\/\/www.facebook.com\/eettinenluksus\" \/>\n<meta property=\"article:modified_time\" content=\"2025-11-18T10:51:26+00:00\" \/>\n<meta property=\"og:image\" content=\"https:\/\/eettinenluksus.fi\/shop\/wp-content\/uploads\/sites\/4\/2022\/10\/OnXOn-Sappisaippua-2025-K1045.png\" \/>\n\t<meta property=\"og:image:width\" content=\"1858\" \/>\n\t<meta property=\"og:image:height\" content=\"1045\" \/>\n\t<meta property=\"og:image:type\" content=\"image\/png\" \/>\n<meta name=\"twitter:card\" content=\"summary_large_image\" \/>\n<meta name=\"twitter:label1\" content=\"Price\" \/>\n\t<meta name=\"twitter:data1\" content=\"5,45&nbsp;&euro;\" \/>\n\t<meta name=\"twitter:label2\" content=\"Availability\" \/>\n\t<meta name=\"twitter:data2\" content=\"In stock\" \/>\n<script type=\"application\/ld+json\" class=\"yoast-schema-graph\">{\"@context\":\"https:\\\/\\\/schema.org\",\"@graph\":[{\"@type\":\"WebPage\",\"@id\":\"https:\\\/\\\/eettinenluksus.fi\\\/shop\\\/tuote\\\/onxon-sappisaippua-160-g\\\/\",\"url\":\"https:\\\/\\\/eettinenluksus.fi\\\/shop\\\/tuote\\\/onxon-sappisaippua-160-g\\\/\",\"name\":\"OnXOn Sappisaippua 160 g - Shop Eettinen Luksus\",\"isPartOf\":{\"@id\":\"https:\\\/\\\/eettinenluksus.fi\\\/shop\\\/#website\"},\"primaryImageOfPage\":{\"@id\":\"https:\\\/\\\/eettinenluksus.fi\\\/shop\\\/tuote\\\/onxon-sappisaippua-160-g\\\/#primaryimage\"},\"image\":{\"@id\":\"https:\\\/\\\/eettinenluksus.fi\\\/shop\\\/tuote\\\/onxon-sappisaippua-160-g\\\/#primaryimage\"},\"thumbnailUrl\":\"https:\\\/\\\/eettinenluksus.fi\\\/shop\\\/wp-content\\\/uploads\\\/sites\\\/4\\\/2022\\\/10\\\/OnXOn-Sappisaippua-2025-K1045.png\",\"datePublished\":\"2022-10-06T05:36:13+00:00\",\"dateModified\":\"2025-11-18T10:51:26+00:00\",\"description\":\"Tehokas ja ekologinen tahranpoistaja hajottaa rasvan luonnon omalla keinolla - sapella. Tehoaa erityisesti vaikeisiin tahroihin. OnXOn Sappisaippua 160 g\",\"breadcrumb\":{\"@id\":\"https:\\\/\\\/eettinenluksus.fi\\\/shop\\\/tuote\\\/onxon-sappisaippua-160-g\\\/#breadcrumb\"},\"inLanguage\":\"en-GB\",\"potentialAction\":[{\"@type\":\"ReadAction\",\"target\":[\"https:\\\/\\\/eettinenluksus.fi\\\/shop\\\/tuote\\\/onxon-sappisaippua-160-g\\\/\"]}]},{\"@type\":\"ImageObject\",\"inLanguage\":\"en-GB\",\"@id\":\"https:\\\/\\\/eettinenluksus.fi\\\/shop\\\/tuote\\\/onxon-sappisaippua-160-g\\\/#primaryimage\",\"url\":\"https:\\\/\\\/eettinenluksus.fi\\\/shop\\\/wp-content\\\/uploads\\\/sites\\\/4\\\/2022\\\/10\\\/OnXOn-Sappisaippua-2025-K1045.png\",\"contentUrl\":\"https:\\\/\\\/eettinenluksus.fi\\\/shop\\\/wp-content\\\/uploads\\\/sites\\\/4\\\/2022\\\/10\\\/OnXOn-Sappisaippua-2025-K1045.png\",\"width\":1858,\"height\":1045,\"caption\":\"OnXOn Sappisaippua\"},{\"@type\":\"BreadcrumbList\",\"@id\":\"https:\\\/\\\/eettinenluksus.fi\\\/shop\\\/tuote\\\/onxon-sappisaippua-160-g\\\/#breadcrumb\",\"itemListElement\":[{\"@type\":\"ListItem\",\"position\":1,\"name\":\"Etusivu\",\"item\":\"https:\\\/\\\/eettinenluksus.fi\\\/shop\\\/\"},{\"@type\":\"ListItem\",\"position\":2,\"name\":\"Kauppa\",\"item\":\"https:\\\/\\\/eettinenluksus.fi\\\/shop\\\/en\\\/kauppa\\\/\"},{\"@type\":\"ListItem\",\"position\":3,\"name\":\"OnXOn Sappisaippua 160 g\"}]},{\"@type\":\"WebSite\",\"@id\":\"https:\\\/\\\/eettinenluksus.fi\\\/shop\\\/#website\",\"url\":\"https:\\\/\\\/eettinenluksus.fi\\\/shop\\\/\",\"name\":\"Shop Eettinen Luksus\",\"description\":\"Uusi verkkokauppa\",\"publisher\":{\"@id\":\"https:\\\/\\\/eettinenluksus.fi\\\/shop\\\/#organization\"},\"potentialAction\":[{\"@type\":\"SearchAction\",\"target\":{\"@type\":\"EntryPoint\",\"urlTemplate\":\"https:\\\/\\\/eettinenluksus.fi\\\/shop\\\/?s={search_term_string}\"},\"query-input\":{\"@type\":\"PropertyValueSpecification\",\"valueRequired\":true,\"valueName\":\"search_term_string\"}}],\"inLanguage\":\"en-GB\"},{\"@type\":\"Organization\",\"@id\":\"https:\\\/\\\/eettinenluksus.fi\\\/shop\\\/#organization\",\"name\":\"Shop Eettinen Luksus\",\"url\":\"https:\\\/\\\/eettinenluksus.fi\\\/shop\\\/\",\"logo\":{\"@type\":\"ImageObject\",\"inLanguage\":\"en-GB\",\"@id\":\"https:\\\/\\\/eettinenluksus.fi\\\/shop\\\/#\\\/schema\\\/logo\\\/image\\\/\",\"url\":\"https:\\\/\\\/eettinenluksus.fi\\\/shop\\\/wp-content\\\/uploads\\\/sites\\\/4\\\/1664\\\/37\\\/cropped-ELO.jpg\",\"contentUrl\":\"https:\\\/\\\/eettinenluksus.fi\\\/shop\\\/wp-content\\\/uploads\\\/sites\\\/4\\\/1664\\\/37\\\/cropped-ELO.jpg\",\"width\":810,\"height\":350,\"caption\":\"Shop Eettinen Luksus\"},\"image\":{\"@id\":\"https:\\\/\\\/eettinenluksus.fi\\\/shop\\\/#\\\/schema\\\/logo\\\/image\\\/\"},\"sameAs\":[\"https:\\\/\\\/www.facebook.com\\\/eettinenluksus\",\"https:\\\/\\\/www.instagram.com\\\/eettinenluksus\\\/\"]}]}<\/script>\n<meta property=\"product:price:amount\" content=\"5.45\" \/>\n<meta property=\"product:price:currency\" content=\"EUR\" \/>\n<meta property=\"og:availability\" content=\"instock\" \/>\n<meta property=\"product:availability\" content=\"instock\" \/>\n<meta property=\"product:retailer_item_id\" content=\"2027\" \/>\n<meta property=\"product:condition\" content=\"new\" \/>\n<!-- \/ Yoast SEO Premium plugin. -->","yoast_head_json":{"title":"OnXOn Sappisaippua 160 g - Shop Eettinen Luksus","description":"Tehokas ja ekologinen tahranpoistaja hajottaa rasvan luonnon omalla keinolla - sapella. Tehoaa erityisesti vaikeisiin tahroihin. OnXOn Sappisaippua 160 g","robots":{"index":"index","follow":"follow","max-snippet":"max-snippet:-1","max-image-preview":"max-image-preview:large","max-video-preview":"max-video-preview:-1"},"canonical":"https:\/\/eettinenluksus.fi\/shop\/en\/product\/onxon-sappisaippua-160-g\/","og_locale":"en_GB","og_type":"article","og_title":"OnXOn Sappisaippua 160 g","og_description":"Tehokas ja ekologinen tahranpoistaja hajottaa rasvan luonnon omalla keinolla - sapella. Tehoaa erityisesti vaikeisiin tahroihin. OnXOn Sappisaippua 160 g","og_url":"https:\/\/eettinenluksus.fi\/shop\/en\/product\/onxon-sappisaippua-160-g\/","og_site_name":"Shop Eettinen Luksus","article_publisher":"https:\/\/www.facebook.com\/eettinenluksus","article_modified_time":"2025-11-18T10:51:26+00:00","og_image":[{"width":1858,"height":1045,"url":"https:\/\/eettinenluksus.fi\/shop\/wp-content\/uploads\/sites\/4\/2022\/10\/OnXOn-Sappisaippua-2025-K1045.png","type":"image\/png"}],"twitter_card":"summary_large_image","twitter_misc":{"Price":"5,45&nbsp;&euro;","Availability":"In stock"},"schema":{"@context":"https:\/\/schema.org","@graph":[{"@type":"WebPage","@id":"https:\/\/eettinenluksus.fi\/shop\/tuote\/onxon-sappisaippua-160-g\/","url":"https:\/\/eettinenluksus.fi\/shop\/tuote\/onxon-sappisaippua-160-g\/","name":"OnXOn Sappisaippua 160 g - Shop Eettinen Luksus","isPartOf":{"@id":"https:\/\/eettinenluksus.fi\/shop\/#website"},"primaryImageOfPage":{"@id":"https:\/\/eettinenluksus.fi\/shop\/tuote\/onxon-sappisaippua-160-g\/#primaryimage"},"image":{"@id":"https:\/\/eettinenluksus.fi\/shop\/tuote\/onxon-sappisaippua-160-g\/#primaryimage"},"thumbnailUrl":"https:\/\/eettinenluksus.fi\/shop\/wp-content\/uploads\/sites\/4\/2022\/10\/OnXOn-Sappisaippua-2025-K1045.png","datePublished":"2022-10-06T05:36:13+00:00","dateModified":"2025-11-18T10:51:26+00:00","description":"Tehokas ja ekologinen tahranpoistaja hajottaa rasvan luonnon omalla keinolla - sapella. Tehoaa erityisesti vaikeisiin tahroihin. OnXOn Sappisaippua 160 g","breadcrumb":{"@id":"https:\/\/eettinenluksus.fi\/shop\/tuote\/onxon-sappisaippua-160-g\/#breadcrumb"},"inLanguage":"en-GB","potentialAction":[{"@type":"ReadAction","target":["https:\/\/eettinenluksus.fi\/shop\/tuote\/onxon-sappisaippua-160-g\/"]}]},{"@type":"ImageObject","inLanguage":"en-GB","@id":"https:\/\/eettinenluksus.fi\/shop\/tuote\/onxon-sappisaippua-160-g\/#primaryimage","url":"https:\/\/eettinenluksus.fi\/shop\/wp-content\/uploads\/sites\/4\/2022\/10\/OnXOn-Sappisaippua-2025-K1045.png","contentUrl":"https:\/\/eettinenluksus.fi\/shop\/wp-content\/uploads\/sites\/4\/2022\/10\/OnXOn-Sappisaippua-2025-K1045.png","width":1858,"height":1045,"caption":"OnXOn Sappisaippua"},{"@type":"BreadcrumbList","@id":"https:\/\/eettinenluksus.fi\/shop\/tuote\/onxon-sappisaippua-160-g\/#breadcrumb","itemListElement":[{"@type":"ListItem","position":1,"name":"Etusivu","item":"https:\/\/eettinenluksus.fi\/shop\/"},{"@type":"ListItem","position":2,"name":"Kauppa","item":"https:\/\/eettinenluksus.fi\/shop\/en\/kauppa\/"},{"@type":"ListItem","position":3,"name":"OnXOn Sappisaippua 160 g"}]},{"@type":"WebSite","@id":"https:\/\/eettinenluksus.fi\/shop\/#website","url":"https:\/\/eettinenluksus.fi\/shop\/","name":"Shop Eettinen Luksus","description":"Uusi verkkokauppa","publisher":{"@id":"https:\/\/eettinenluksus.fi\/shop\/#organization"},"potentialAction":[{"@type":"SearchAction","target":{"@type":"EntryPoint","urlTemplate":"https:\/\/eettinenluksus.fi\/shop\/?s={search_term_string}"},"query-input":{"@type":"PropertyValueSpecification","valueRequired":true,"valueName":"search_term_string"}}],"inLanguage":"en-GB"},{"@type":"Organization","@id":"https:\/\/eettinenluksus.fi\/shop\/#organization","name":"Shop Eettinen Luksus","url":"https:\/\/eettinenluksus.fi\/shop\/","logo":{"@type":"ImageObject","inLanguage":"en-GB","@id":"https:\/\/eettinenluksus.fi\/shop\/#\/schema\/logo\/image\/","url":"https:\/\/eettinenluksus.fi\/shop\/wp-content\/uploads\/sites\/4\/1664\/37\/cropped-ELO.jpg","contentUrl":"https:\/\/eettinenluksus.fi\/shop\/wp-content\/uploads\/sites\/4\/1664\/37\/cropped-ELO.jpg","width":810,"height":350,"caption":"Shop Eettinen Luksus"},"image":{"@id":"https:\/\/eettinenluksus.fi\/shop\/#\/schema\/logo\/image\/"},"sameAs":["https:\/\/www.facebook.com\/eettinenluksus","https:\/\/www.instagram.com\/eettinenluksus\/"]}]},"product_price_amount":"5.45","product_price_currency":"EUR","og_availability":"instock","product_availability":"instock","product_retailer_item_id":"2027","product_condition":"new"},"_links":{"self":[{"href":"https:\/\/eettinenluksus.fi\/shop\/en\/wp-json\/wp\/v2\/product\/419","targetHints":{"allow":["GET"]}}],"collection":[{"href":"https:\/\/eettinenluksus.fi\/shop\/en\/wp-json\/wp\/v2\/product"}],"about":[{"href":"https:\/\/eettinenluksus.fi\/shop\/en\/wp-json\/wp\/v2\/types\/product"}],"version-history":[{"count":20,"href":"https:\/\/eettinenluksus.fi\/shop\/en\/wp-json\/wp\/v2\/product\/419\/revisions"}],"predecessor-version":[{"id":5172,"href":"https:\/\/eettinenluksus.fi\/shop\/en\/wp-json\/wp\/v2\/product\/419\/revisions\/5172"}],"wp:featuredmedia":[{"embeddable":true,"href":"https:\/\/eettinenluksus.fi\/shop\/en\/wp-json\/wp\/v2\/media\/5171"}],"wp:attachment":[{"href":"https:\/\/eettinenluksus.fi\/shop\/en\/wp-json\/wp\/v2\/media?parent=419"}],"wp:term":[{"taxonomy":"product_brand","embeddable":true,"href":"https:\/\/eettinenluksus.fi\/shop\/en\/wp-json\/wp\/v2\/product_brand?post=419"},{"taxonomy":"product_cat","embeddable":true,"href":"https:\/\/eettinenluksus.fi\/shop\/en\/wp-json\/wp\/v2\/product_cat?post=419"},{"taxonomy":"product_tag","embeddable":true,"href":"https:\/\/eettinenluksus.fi\/shop\/en\/wp-json\/wp\/v2\/product_tag?post=419"}],"curies":[{"name":"wp","href":"https:\/\/api.w.org\/{rel}","templated":true}]}}