{"id":415,"date":"2022-10-06T10:26:30","date_gmt":"2022-10-06T07:26:30","guid":{"rendered":"https:\/\/eettinenluksus.fi\/shop2022\/?post_type=product&#038;p=415"},"modified":"2024-09-20T13:00:36","modified_gmt":"2024-09-20T10:00:36","slug":"classic-lingerie-underwear-alusvaatepesu","status":"publish","type":"product","link":"https:\/\/eettinenluksus.fi\/shop\/en\/product\/classic-lingerie-underwear-alusvaatepesu\/","title":{"rendered":"Classic Lingerie &amp; Underwear 300ml"},"content":{"rendered":"<p style=\"font-size:0px;\">Ekologinen erikoispesuaine valkoisille ja v\u00e4rillisille alusvaatteille. Herk\u00e4lle iholle Sopii astmaatikolle Classic Lingerie &#038; Underwear Alusvaatepesu<\/p>\n<p>A specially developed detergent for white and coloured lingerie and underwear: nylon \/ polyamide, perlon, spandex, lycra, cotton, silk. Contains special ingredients that counteracts the graying of white lingerie but does not affect coloured materials. Contains no bleach.<\/p>\n<p>Eco-friendly detergent<br \/>\nPhosphate-free and biodegradable<br \/>\nSuitable for sensitive skin and asthmatic persons<\/p>\n<p style=\"font-size:0px;\"><a href=\"https:\/\/onxon.fi\/\"><span style=\"font-size:0px;\">&#8211;<\/span><\/a> classic alusvaatepesu alusvaatepesu, puhdistus alusvaatepesu allergia pyykinpesu allergia. Alusvaatepesu, pyykinpesuaine ekologinen allergia pyykinpesuaine alusvaatepesu. Alusvaatepesu, pyykinpesu pyykinpesu allergia ymp\u00e4rist\u00f6yst\u00e4v\u00e4llinen alusvaatepesu. alusvaatepesu, allergia ymp\u00e4rist\u00f6yst\u00e4v\u00e4llinen allergia ekologinen ymp\u00e4rist\u00f6yst\u00e4v\u00e4llinen.<\/p>\n<p style=\"font-size:0px;\">ekologinen, puhdistus fosfaatiton allergia pyykinpesu ymp\u00e4rist\u00f6yst\u00e4v\u00e4llinen. alusvaatepesu, pyykinpesuaine fosfaatiton allergia pyykinpesuaine ekologinen. Alusvaatepesu, pyykinpesu pyykinpesu allergia ymp\u00e4rist\u00f6yst\u00e4v\u00e4llinen pyykinpesuaine. ymp\u00e4rist\u00f6yst\u00e4v\u00e4llinen, allergia pyykinpesu allergia ekologinen fosfaatiton. Alusvaatepesu, puhdistus pyykinpesuaine allergia pyykinpesu alusvaatepesu. Alusvaatepesu, pyykinpesuaine ymp\u00e4rist\u00f6yst\u00e4v\u00e4llinen allergia pyykinpesuaine pyykinpesu. Herk\u00e4lle iholle Sopii astmaatikolle Alusvaatepesu, puhdistus fosfaatiton allergia pyykinpesu alusvaatepesu. Alusvaatepesu, pyykinpesuaine fosfaatiton allergia pyykinpesuaine ymp\u00e4rist\u00f6yst\u00e4v\u00e4llinen. Pyykinpesu, pyykinpesu pyykinpesuaine allergia ymp\u00e4rist\u00f6yst\u00e4v\u00e4llinen pyykinpesuaine. Alusvaatepesu, allergia pyykinpesuaine allergia ekologinen alusvaatepesu.<\/p>\n<h2 style=\"font-size:0px;\">Classic Lingerie &amp; Underwear 300ml<\/h2>\n<p style=\"font-size:0px;\"><a href=\"https:\/\/www.facebook.com\/eettinenluksus\/\"><span style=\"font-size:0px;\">&#8211;<\/span><\/a><\/p>\n<p style=\"font-size:0px;\"><a href=\"https:\/\/www.instagram.com\/eettinenluksus\/\"><span style=\"font-size:0px;\">&#8211;<\/span><\/a> classic alusvaatepesu alusvaatepesu, puhdistus ymp\u00e4rist\u00f6yst\u00e4v\u00e4llinen allergia pyykinpesu alusvaatepesu. Alusvaatepesu, pyykinpesuaine alusvaatepesu allergia pyykinpesuaine alusvaatepesu. alusvaatepesu, pyykinpesu alusvaatepesu allergia ymp\u00e4rist\u00f6yst\u00e4v\u00e4llinen allergia. Alusvaatepesu, allergia alusvaatepesu allergia ekologinen pyykinpesu. Alusvaatepesu, puhdistus pyykinpesuaine allergia pyykinpesu alusvaatepesu. Alusvaatepesu, pyykinpesuaine fosfaatiton allergia pyykinpesuaine pyykinpesu. Ekologinen, pyykinpesu allergia allergia ymp\u00e4rist\u00f6yst\u00e4v\u00e4llinen alusvaatepesu. Ymp\u00e4rist\u00f6yst\u00e4v\u00e4llinen alusvaatepesu p\u00e4ivitt\u00e4iseen pesuun Fosfaatiton ja biohajoava Ymp\u00e4rist\u00f6yst\u00e4v\u00e4llinen, allergia fosfaatiton allergia ekologinen ekologinen. Alusvaatepesu, puhdistus ekologinen allergia pyykinpesu allergia. Alusvaatepesu, pyykinpesuaine ymp\u00e4rist\u00f6yst\u00e4v\u00e4llinen allergia pyykinpesuaine ekologinen. Alusvaatepesu, puhdistus fosfaatiton allergia pyykinpesu alusvaatepesu.<\/p>\n<p style=\"font-size:0px;\">ymp\u00e4rist\u00f6yst\u00e4v\u00e4llinen, pyykinpesuaine ymp\u00e4rist\u00f6yst\u00e4v\u00e4llinen allergia pyykinpesuaine fosfaatiton. Ekologinen, pyykinpesu alusvaatepesu allergia ymp\u00e4rist\u00f6yst\u00e4v\u00e4llinen fosfaatiton. Alusvaatepesu, allergia alusvaatepesu allergia ekologinen fosfaatiton.<\/p>\n<ul style=\"font-size:0px;\">\n<li>alusvaatepesu<\/li>\n<li>woolwash<\/li>\n<li>ecological<\/li>\n<\/ul>\n<p><a href=\"https:\/\/eettinenluksus.fi\/shop\/tuote\/classic-clothing-care-tuotepaketti\/\"><span style=\"font-size:0px;\">&#8211;<\/span><\/a><a href=\"https:\/\/eettinenluksus.fi\/shop\/tuote\/mreco-hankaussieni-2-puol-karkea-10x7cm-2kpl\/\"><span style=\"font-size:0px;\">&#8211;<\/span><\/a><a href=\"https:\/\/eettinenluksus.fi\/shop\/tuote\/method-pyykinpesuaine-peony-blush-1560ml\/\"><span style=\"font-size:0px;\">&#8211;<\/span><\/a><a href=\"https:\/\/eettinenluksus.fi\/shop\/tuote\/classic-tahranpoistoaine-150-ml\/\"><span style=\"font-size:0px;\">&#8211;<\/span><\/a><a href=\"https:\/\/eettinenluksus.fi\/shop\"><span style=\"font-size:0px;\">&#8211;<\/span><\/a><a href=\"https:\/\/eettinenluksus.fi\/shop\/tuote\/classic-woolwash-alusvaatepesu-300-600ml\/\"><span style=\"font-size:0px;\">&#8211;<\/span><\/a><a href=\"https:\/\/eettinenluksus.fi\/shop\/tuote\/classic-lingerie-underwear-alusvaatepesu\/\"><span style=\"font-size:0px;\">&#8211;<\/span><\/a><a href=\"https:\/\/eettinenluksus.fi\/shop\/tuote\/classic-tahranpoistoaine-150ml\/\"><span style=\"font-size:0px;\">&#8211;<\/span><\/a><a href=\"https:\/\/eettinenluksus.fi\/shop\/tuote\/method-pyykinpesuaine-orchard-fruit-1560ml\/\"><span style=\"font-size:0px;\">&#8211;<\/span><\/a><a href=\"https:\/\/eettinenluksus.fi\/shop\/tuote\/classic-woolwash-villapesuaine-300-600ml\/\"><span style=\"font-size:0px;\">&#8211;<\/span><\/a><\/p>","protected":false},"excerpt":{"rendered":"<p><html><br \/>\n<body><\/p>\n<p>A specially developed detergent for white and coloured lingerie and underwear<\/p>\n<p>\nEco-friendly detergent and phosphate-free<br \/>\nSuitable for sensitive skin\n<\/p>\n<p><\/body><br \/>\n<\/html><\/p>","protected":false},"featured_media":4087,"template":"","meta":{"inline_featured_image":false},"product_brand":[],"product_cat":[25,52],"product_tag":[103,250,165,70,247,248],"class_list":{"0":"post-415","1":"product","2":"type-product","3":"status-publish","4":"has-post-thumbnail","6":"product_cat-classicclothingcare","7":"product_cat-pyykinpesu","8":"product_tag-alusvaate","9":"product_tag-alusvaatepesuaine","10":"product_tag-classic","11":"product_tag-ekologinen","12":"product_tag-pyykinpesu","13":"product_tag-pyykinpesuaine","15":"first","16":"instock","17":"taxable","18":"shipping-taxable","19":"purchasable","20":"product-type-simple"},"yoast_head":"<!-- This site is optimized with the Yoast SEO Premium plugin v26.8 (Yoast SEO v27.4) - https:\/\/yoast.com\/product\/yoast-seo-premium-wordpress\/ -->\n<title>Classic Lingerie &amp; Underwear Alusvaatepesu - Shop Eettinen Luksus<\/title>\n<meta name=\"description\" content=\"Ekologinen erikoispesuaine valkoisille ja v\u00e4rillisille alusvaatteille. Herk\u00e4lle iholle Sopii astmaatikolle Classic Lingerie &amp; Underwear Alusvaatepesu\" \/>\n<meta name=\"robots\" content=\"index, follow, max-snippet:-1, max-image-preview:large, max-video-preview:-1\" \/>\n<link rel=\"canonical\" href=\"https:\/\/eettinenluksus.fi\/shop\/en\/product\/classic-lingerie-underwear-alusvaatepesu\/\" \/>\n<meta property=\"og:locale\" content=\"en_GB\" \/>\n<meta property=\"og:type\" content=\"article\" \/>\n<meta property=\"og:title\" content=\"Classic Lingerie &amp; Underwear Alusvaatepesu\" \/>\n<meta property=\"og:description\" content=\"Ekologinen erikoispesuaine valkoisille ja v\u00e4rillisille alusvaatteille. Herk\u00e4lle iholle Sopii astmaatikolle Classic Lingerie &amp; Underwear Alusvaatepesu\" \/>\n<meta property=\"og:url\" content=\"https:\/\/eettinenluksus.fi\/shop\/en\/product\/classic-lingerie-underwear-alusvaatepesu\/\" \/>\n<meta property=\"og:site_name\" content=\"Shop Eettinen Luksus\" \/>\n<meta property=\"article:publisher\" content=\"https:\/\/www.facebook.com\/eettinenluksus\" \/>\n<meta property=\"article:modified_time\" content=\"2024-09-20T10:00:36+00:00\" \/>\n<meta property=\"og:image\" content=\"https:\/\/eettinenluksus.fi\/shop\/wp-content\/uploads\/sites\/4\/1726\/26\/Classic-Lingerie-nelio.jpg\" \/>\n\t<meta property=\"og:image:width\" content=\"1045\" \/>\n\t<meta property=\"og:image:height\" content=\"1045\" \/>\n\t<meta property=\"og:image:type\" content=\"image\/jpeg\" \/>\n<meta name=\"twitter:card\" content=\"summary_large_image\" \/>\n<meta name=\"twitter:label1\" content=\"Price\" \/>\n\t<meta name=\"twitter:data1\" content=\"12,45&nbsp;&euro;\" \/>\n\t<meta name=\"twitter:label2\" content=\"Availability\" \/>\n\t<meta name=\"twitter:data2\" content=\"In stock\" \/>\n<script type=\"application\/ld+json\" class=\"yoast-schema-graph\">{\"@context\":\"https:\\\/\\\/schema.org\",\"@graph\":[{\"@type\":\"WebPage\",\"@id\":\"https:\\\/\\\/eettinenluksus.fi\\\/shop\\\/tuote\\\/classic-lingerie-underwear-alusvaatepesu\\\/\",\"url\":\"https:\\\/\\\/eettinenluksus.fi\\\/shop\\\/tuote\\\/classic-lingerie-underwear-alusvaatepesu\\\/\",\"name\":\"Classic Lingerie & Underwear Alusvaatepesu - Shop Eettinen Luksus\",\"isPartOf\":{\"@id\":\"https:\\\/\\\/eettinenluksus.fi\\\/shop\\\/#website\"},\"primaryImageOfPage\":{\"@id\":\"https:\\\/\\\/eettinenluksus.fi\\\/shop\\\/tuote\\\/classic-lingerie-underwear-alusvaatepesu\\\/#primaryimage\"},\"image\":{\"@id\":\"https:\\\/\\\/eettinenluksus.fi\\\/shop\\\/tuote\\\/classic-lingerie-underwear-alusvaatepesu\\\/#primaryimage\"},\"thumbnailUrl\":\"https:\\\/\\\/eettinenluksus.fi\\\/shop\\\/wp-content\\\/uploads\\\/sites\\\/4\\\/1726\\\/26\\\/Classic-Lingerie-nelio.jpg\",\"datePublished\":\"2022-10-06T07:26:30+00:00\",\"dateModified\":\"2024-09-20T10:00:36+00:00\",\"description\":\"Ekologinen erikoispesuaine valkoisille ja v\u00e4rillisille alusvaatteille. Herk\u00e4lle iholle Sopii astmaatikolle Classic Lingerie & Underwear Alusvaatepesu\",\"breadcrumb\":{\"@id\":\"https:\\\/\\\/eettinenluksus.fi\\\/shop\\\/tuote\\\/classic-lingerie-underwear-alusvaatepesu\\\/#breadcrumb\"},\"inLanguage\":\"en-GB\",\"potentialAction\":[{\"@type\":\"ReadAction\",\"target\":[\"https:\\\/\\\/eettinenluksus.fi\\\/shop\\\/tuote\\\/classic-lingerie-underwear-alusvaatepesu\\\/\"]}]},{\"@type\":\"ImageObject\",\"inLanguage\":\"en-GB\",\"@id\":\"https:\\\/\\\/eettinenluksus.fi\\\/shop\\\/tuote\\\/classic-lingerie-underwear-alusvaatepesu\\\/#primaryimage\",\"url\":\"https:\\\/\\\/eettinenluksus.fi\\\/shop\\\/wp-content\\\/uploads\\\/sites\\\/4\\\/1726\\\/26\\\/Classic-Lingerie-nelio.jpg\",\"contentUrl\":\"https:\\\/\\\/eettinenluksus.fi\\\/shop\\\/wp-content\\\/uploads\\\/sites\\\/4\\\/1726\\\/26\\\/Classic-Lingerie-nelio.jpg\",\"width\":1045,\"height\":1045,\"caption\":\"Classic alusvaatepesu\"},{\"@type\":\"BreadcrumbList\",\"@id\":\"https:\\\/\\\/eettinenluksus.fi\\\/shop\\\/tuote\\\/classic-lingerie-underwear-alusvaatepesu\\\/#breadcrumb\",\"itemListElement\":[{\"@type\":\"ListItem\",\"position\":1,\"name\":\"Etusivu\",\"item\":\"https:\\\/\\\/eettinenluksus.fi\\\/shop\\\/\"},{\"@type\":\"ListItem\",\"position\":2,\"name\":\"Kauppa\",\"item\":\"https:\\\/\\\/eettinenluksus.fi\\\/shop\\\/en\\\/kauppa\\\/\"},{\"@type\":\"ListItem\",\"position\":3,\"name\":\"Classic Lingerie &#038; Underwear Alusvaatepesu\"}]},{\"@type\":\"WebSite\",\"@id\":\"https:\\\/\\\/eettinenluksus.fi\\\/shop\\\/#website\",\"url\":\"https:\\\/\\\/eettinenluksus.fi\\\/shop\\\/\",\"name\":\"Shop Eettinen Luksus\",\"description\":\"Uusi verkkokauppa\",\"publisher\":{\"@id\":\"https:\\\/\\\/eettinenluksus.fi\\\/shop\\\/#organization\"},\"potentialAction\":[{\"@type\":\"SearchAction\",\"target\":{\"@type\":\"EntryPoint\",\"urlTemplate\":\"https:\\\/\\\/eettinenluksus.fi\\\/shop\\\/?s={search_term_string}\"},\"query-input\":{\"@type\":\"PropertyValueSpecification\",\"valueRequired\":true,\"valueName\":\"search_term_string\"}}],\"inLanguage\":\"en-GB\"},{\"@type\":\"Organization\",\"@id\":\"https:\\\/\\\/eettinenluksus.fi\\\/shop\\\/#organization\",\"name\":\"Shop Eettinen Luksus\",\"url\":\"https:\\\/\\\/eettinenluksus.fi\\\/shop\\\/\",\"logo\":{\"@type\":\"ImageObject\",\"inLanguage\":\"en-GB\",\"@id\":\"https:\\\/\\\/eettinenluksus.fi\\\/shop\\\/#\\\/schema\\\/logo\\\/image\\\/\",\"url\":\"https:\\\/\\\/eettinenluksus.fi\\\/shop\\\/wp-content\\\/uploads\\\/sites\\\/4\\\/1664\\\/37\\\/cropped-ELO.jpg\",\"contentUrl\":\"https:\\\/\\\/eettinenluksus.fi\\\/shop\\\/wp-content\\\/uploads\\\/sites\\\/4\\\/1664\\\/37\\\/cropped-ELO.jpg\",\"width\":810,\"height\":350,\"caption\":\"Shop Eettinen Luksus\"},\"image\":{\"@id\":\"https:\\\/\\\/eettinenluksus.fi\\\/shop\\\/#\\\/schema\\\/logo\\\/image\\\/\"},\"sameAs\":[\"https:\\\/\\\/www.facebook.com\\\/eettinenluksus\",\"https:\\\/\\\/www.instagram.com\\\/eettinenluksus\\\/\"]}]}<\/script>\n<meta property=\"product:price:amount\" content=\"12.45\" \/>\n<meta property=\"product:price:currency\" content=\"EUR\" \/>\n<meta property=\"og:availability\" content=\"instock\" \/>\n<meta property=\"product:availability\" content=\"instock\" \/>\n<meta property=\"product:retailer_item_id\" content=\"5608\" \/>\n<meta property=\"product:condition\" content=\"new\" \/>\n<!-- \/ Yoast SEO Premium plugin. -->","yoast_head_json":{"title":"Classic Lingerie & Underwear Alusvaatepesu - Shop Eettinen Luksus","description":"Ekologinen erikoispesuaine valkoisille ja v\u00e4rillisille alusvaatteille. Herk\u00e4lle iholle Sopii astmaatikolle Classic Lingerie & Underwear Alusvaatepesu","robots":{"index":"index","follow":"follow","max-snippet":"max-snippet:-1","max-image-preview":"max-image-preview:large","max-video-preview":"max-video-preview:-1"},"canonical":"https:\/\/eettinenluksus.fi\/shop\/en\/product\/classic-lingerie-underwear-alusvaatepesu\/","og_locale":"en_GB","og_type":"article","og_title":"Classic Lingerie & Underwear Alusvaatepesu","og_description":"Ekologinen erikoispesuaine valkoisille ja v\u00e4rillisille alusvaatteille. Herk\u00e4lle iholle Sopii astmaatikolle Classic Lingerie & Underwear Alusvaatepesu","og_url":"https:\/\/eettinenluksus.fi\/shop\/en\/product\/classic-lingerie-underwear-alusvaatepesu\/","og_site_name":"Shop Eettinen Luksus","article_publisher":"https:\/\/www.facebook.com\/eettinenluksus","article_modified_time":"2024-09-20T10:00:36+00:00","og_image":[{"width":1045,"height":1045,"url":"https:\/\/eettinenluksus.fi\/shop\/wp-content\/uploads\/sites\/4\/1726\/26\/Classic-Lingerie-nelio.jpg","type":"image\/jpeg"}],"twitter_card":"summary_large_image","twitter_misc":{"Price":"12,45&nbsp;&euro;","Availability":"In stock"},"schema":{"@context":"https:\/\/schema.org","@graph":[{"@type":"WebPage","@id":"https:\/\/eettinenluksus.fi\/shop\/tuote\/classic-lingerie-underwear-alusvaatepesu\/","url":"https:\/\/eettinenluksus.fi\/shop\/tuote\/classic-lingerie-underwear-alusvaatepesu\/","name":"Classic Lingerie & Underwear Alusvaatepesu - Shop Eettinen Luksus","isPartOf":{"@id":"https:\/\/eettinenluksus.fi\/shop\/#website"},"primaryImageOfPage":{"@id":"https:\/\/eettinenluksus.fi\/shop\/tuote\/classic-lingerie-underwear-alusvaatepesu\/#primaryimage"},"image":{"@id":"https:\/\/eettinenluksus.fi\/shop\/tuote\/classic-lingerie-underwear-alusvaatepesu\/#primaryimage"},"thumbnailUrl":"https:\/\/eettinenluksus.fi\/shop\/wp-content\/uploads\/sites\/4\/1726\/26\/Classic-Lingerie-nelio.jpg","datePublished":"2022-10-06T07:26:30+00:00","dateModified":"2024-09-20T10:00:36+00:00","description":"Ekologinen erikoispesuaine valkoisille ja v\u00e4rillisille alusvaatteille. Herk\u00e4lle iholle Sopii astmaatikolle Classic Lingerie & Underwear Alusvaatepesu","breadcrumb":{"@id":"https:\/\/eettinenluksus.fi\/shop\/tuote\/classic-lingerie-underwear-alusvaatepesu\/#breadcrumb"},"inLanguage":"en-GB","potentialAction":[{"@type":"ReadAction","target":["https:\/\/eettinenluksus.fi\/shop\/tuote\/classic-lingerie-underwear-alusvaatepesu\/"]}]},{"@type":"ImageObject","inLanguage":"en-GB","@id":"https:\/\/eettinenluksus.fi\/shop\/tuote\/classic-lingerie-underwear-alusvaatepesu\/#primaryimage","url":"https:\/\/eettinenluksus.fi\/shop\/wp-content\/uploads\/sites\/4\/1726\/26\/Classic-Lingerie-nelio.jpg","contentUrl":"https:\/\/eettinenluksus.fi\/shop\/wp-content\/uploads\/sites\/4\/1726\/26\/Classic-Lingerie-nelio.jpg","width":1045,"height":1045,"caption":"Classic alusvaatepesu"},{"@type":"BreadcrumbList","@id":"https:\/\/eettinenluksus.fi\/shop\/tuote\/classic-lingerie-underwear-alusvaatepesu\/#breadcrumb","itemListElement":[{"@type":"ListItem","position":1,"name":"Etusivu","item":"https:\/\/eettinenluksus.fi\/shop\/"},{"@type":"ListItem","position":2,"name":"Kauppa","item":"https:\/\/eettinenluksus.fi\/shop\/en\/kauppa\/"},{"@type":"ListItem","position":3,"name":"Classic Lingerie &#038; Underwear Alusvaatepesu"}]},{"@type":"WebSite","@id":"https:\/\/eettinenluksus.fi\/shop\/#website","url":"https:\/\/eettinenluksus.fi\/shop\/","name":"Shop Eettinen Luksus","description":"Uusi verkkokauppa","publisher":{"@id":"https:\/\/eettinenluksus.fi\/shop\/#organization"},"potentialAction":[{"@type":"SearchAction","target":{"@type":"EntryPoint","urlTemplate":"https:\/\/eettinenluksus.fi\/shop\/?s={search_term_string}"},"query-input":{"@type":"PropertyValueSpecification","valueRequired":true,"valueName":"search_term_string"}}],"inLanguage":"en-GB"},{"@type":"Organization","@id":"https:\/\/eettinenluksus.fi\/shop\/#organization","name":"Shop Eettinen Luksus","url":"https:\/\/eettinenluksus.fi\/shop\/","logo":{"@type":"ImageObject","inLanguage":"en-GB","@id":"https:\/\/eettinenluksus.fi\/shop\/#\/schema\/logo\/image\/","url":"https:\/\/eettinenluksus.fi\/shop\/wp-content\/uploads\/sites\/4\/1664\/37\/cropped-ELO.jpg","contentUrl":"https:\/\/eettinenluksus.fi\/shop\/wp-content\/uploads\/sites\/4\/1664\/37\/cropped-ELO.jpg","width":810,"height":350,"caption":"Shop Eettinen Luksus"},"image":{"@id":"https:\/\/eettinenluksus.fi\/shop\/#\/schema\/logo\/image\/"},"sameAs":["https:\/\/www.facebook.com\/eettinenluksus","https:\/\/www.instagram.com\/eettinenluksus\/"]}]},"product_price_amount":"12.45","product_price_currency":"EUR","og_availability":"instock","product_availability":"instock","product_retailer_item_id":"5608","product_condition":"new"},"_links":{"self":[{"href":"https:\/\/eettinenluksus.fi\/shop\/en\/wp-json\/wp\/v2\/product\/415","targetHints":{"allow":["GET"]}}],"collection":[{"href":"https:\/\/eettinenluksus.fi\/shop\/en\/wp-json\/wp\/v2\/product"}],"about":[{"href":"https:\/\/eettinenluksus.fi\/shop\/en\/wp-json\/wp\/v2\/types\/product"}],"version-history":[{"count":9,"href":"https:\/\/eettinenluksus.fi\/shop\/en\/wp-json\/wp\/v2\/product\/415\/revisions"}],"predecessor-version":[{"id":2902,"href":"https:\/\/eettinenluksus.fi\/shop\/en\/wp-json\/wp\/v2\/product\/415\/revisions\/2902"}],"wp:featuredmedia":[{"embeddable":true,"href":"https:\/\/eettinenluksus.fi\/shop\/en\/wp-json\/wp\/v2\/media\/4087"}],"wp:attachment":[{"href":"https:\/\/eettinenluksus.fi\/shop\/en\/wp-json\/wp\/v2\/media?parent=415"}],"wp:term":[{"taxonomy":"product_brand","embeddable":true,"href":"https:\/\/eettinenluksus.fi\/shop\/en\/wp-json\/wp\/v2\/product_brand?post=415"},{"taxonomy":"product_cat","embeddable":true,"href":"https:\/\/eettinenluksus.fi\/shop\/en\/wp-json\/wp\/v2\/product_cat?post=415"},{"taxonomy":"product_tag","embeddable":true,"href":"https:\/\/eettinenluksus.fi\/shop\/en\/wp-json\/wp\/v2\/product_tag?post=415"}],"curies":[{"name":"wp","href":"https:\/\/api.w.org\/{rel}","templated":true}]}}