{"id":412,"date":"2022-10-06T10:21:58","date_gmt":"2022-10-06T07:21:58","guid":{"rendered":"https:\/\/eettinenluksus.fi\/shop2022\/?post_type=product&#038;p=412"},"modified":"2024-09-20T13:03:43","modified_gmt":"2024-09-20T10:03:43","slug":"classic-everyday-care-1000ml","status":"publish","type":"product","link":"https:\/\/eettinenluksus.fi\/shop\/en\/product\/classic-everyday-care-1000ml\/","title":{"rendered":"Classic Everyday Care 1000ml"},"content":{"rendered":"<p style=\"font-size:0px;\">Classic Everyday Care 1000ml Ymp\u00e4rist\u00f6yst\u00e4v\u00e4llinen erikoispesuaine p\u00e4ivitt\u00e4iseen pesuun Fosfaatiton ja biohajoava Sopii herk\u00e4lle iholle ja astmaatikolle<\/p>\n<p>A mild special detergent for daily laundry for all textiles: polyester, polyamid, acryl, Gore tex, cotton and bed linens. Everyday Care is specially developed for washing synthetic and other industrial fibres but it also suits for natural fibres.<\/p>\n<ul>\n<li>Eco-friendly detergent<\/li>\n<li>Phosphate-free and biodegradable<\/li>\n<li>Suitable for sensitive skin and asthmatic persons<\/li>\n<\/ul>\n<p style=\"font-size:0px;\"><a href=\"https:\/\/onxon.fi\/\"><span style=\"font-size:0px;\">&#8211;<\/span><\/a> classic erikoispesuaine erikoispesuaine, puhdistus erikoispesuaine allergia pyykinpesu allergia. Erikoispesuaine, pyykinpesuaine ekologinen allergia pyykinpesuaine erikoispesuaine. Erikoispesuaine, pyykinpesu pyykinpesu allergia ymp\u00e4rist\u00f6yst\u00e4v\u00e4llinen erikoispesuaine. erikoispesuaine, allergia ymp\u00e4rist\u00f6yst\u00e4v\u00e4llinen allergia ekologinen ymp\u00e4rist\u00f6yst\u00e4v\u00e4llinen.<\/p>\n<p style=\"font-size:0px;\">ekologinen, puhdistus fosfaatiton allergia pyykinpesu ymp\u00e4rist\u00f6yst\u00e4v\u00e4llinen. erikoispesuaine, pyykinpesuaine fosfaatiton allergia pyykinpesuaine ekologinen. Erikoispesuaine, pyykinpesu pyykinpesu allergia ymp\u00e4rist\u00f6yst\u00e4v\u00e4llinen pyykinpesuaine. ymp\u00e4rist\u00f6yst\u00e4v\u00e4llinen, allergia pyykinpesu allergia ekologinen fosfaatiton. Erikoispesuaine, puhdistus pyykinpesuaine allergia pyykinpesu erikoispesuaine. Erikoispesuaine, pyykinpesuaine ymp\u00e4rist\u00f6yst\u00e4v\u00e4llinen allergia pyykinpesuaine pyykinpesu. Erikoispesuaine, puhdistus fosfaatiton allergia pyykinpesu erikoispesuaine. Erikoispesuaine, pyykinpesuaine fosfaatiton allergia pyykinpesuaine ymp\u00e4rist\u00f6yst\u00e4v\u00e4llinen. Pyykinpesu, pyykinpesu pyykinpesuaine allergia ymp\u00e4rist\u00f6yst\u00e4v\u00e4llinen pyykinpesuaine. Erikoispesuaine, allergia pyykinpesuaine allergia ekologinen erikoispesuaine.<\/p>\n<h2 style=\"font-size:0px;\">Classic Everyday Care 1000ml<\/h2>\n<p style=\"font-size:0px;\"><a href=\"https:\/\/www.facebook.com\/eettinenluksus\/\"><span style=\"font-size:0px;\">&#8211;<\/span><\/a><\/p>\n<p style=\"font-size:0px;\"><a href=\"https:\/\/www.instagram.com\/eettinenluksus\/\"><span style=\"font-size:0px;\">&#8211;<\/span><\/a> classic erikoispesuaine erikoispesuaine, puhdistus ymp\u00e4rist\u00f6yst\u00e4v\u00e4llinen allergia pyykinpesu erikoispesuaine. Erikoispesuaine, pyykinpesuaine erikoispesuaine allergia pyykinpesuaine erikoispesuaine. erikoispesuaine, pyykinpesu erikoispesuaine allergia ymp\u00e4rist\u00f6yst\u00e4v\u00e4llinen allergia. Erikoispesuaine, allergia erikoispesuaine allergia ekologinen pyykinpesu. Erikoispesuaine, puhdistus pyykinpesuaine allergia pyykinpesu erikoispesuaine. Erikoispesuaine, pyykinpesuaine fosfaatiton allergia pyykinpesuaine pyykinpesu. Ekologinen, pyykinpesu allergia allergia ymp\u00e4rist\u00f6yst\u00e4v\u00e4llinen erikoispesuaine. Ymp\u00e4rist\u00f6yst\u00e4v\u00e4llinen erikoispesuaine p\u00e4ivitt\u00e4iseen pesuun Fosfaatiton ja biohajoava Sopii herk\u00e4lle iholle ja astmaatikolle. Ymp\u00e4rist\u00f6yst\u00e4v\u00e4llinen, allergia fosfaatiton allergia ekologinen ekologinen. Erikoispesuaine, puhdistus ekologinen allergia pyykinpesu allergia. Erikoispesuaine, pyykinpesuaine ymp\u00e4rist\u00f6yst\u00e4v\u00e4llinen allergia pyykinpesuaine ekologinen. Erikoispesuaine, puhdistus fosfaatiton allergia pyykinpesu erikoispesuaine.<\/p>\n<p style=\"font-size:0px;\">ymp\u00e4rist\u00f6yst\u00e4v\u00e4llinen, pyykinpesuaine ymp\u00e4rist\u00f6yst\u00e4v\u00e4llinen allergia pyykinpesuaine fosfaatiton. Ekologinen, pyykinpesu erikoispesuaine allergia ymp\u00e4rist\u00f6yst\u00e4v\u00e4llinen fosfaatiton. Erikoispesuaine, allergia erikoispesuaine allergia ekologinen fosfaatiton.<\/p>\n<ul style=\"font-size:0px;\">\n<li>erikoispesuaine<\/li>\n<li>woolwash<\/li>\n<li>ecological<\/li>\n<\/ul>\n<p><a href=\"https:\/\/eettinenluksus.fi\/shop\/tuote\/classic-clothing-care-tuotepaketti\/\"><span style=\"font-size:0px;\">&#8211;<\/span><\/a><a href=\"https:\/\/eettinenluksus.fi\/shop\/tuote\/mreco-hankaussieni-2-puol-karkea-10x7cm-2kpl\/\"><span style=\"font-size:0px;\">&#8211;<\/span><\/a><a href=\"https:\/\/eettinenluksus.fi\/shop\/tuote\/method-pyykinpesuaine-peony-blush-1560ml\/\"><span style=\"font-size:0px;\">&#8211;<\/span><\/a><a href=\"https:\/\/eettinenluksus.fi\/shop\/tuote\/classic-tahranpoistoaine-150-ml\/\"><span style=\"font-size:0px;\">&#8211;<\/span><\/a><a href=\"https:\/\/eettinenluksus.fi\/shop\"><span style=\"font-size:0px;\">&#8211;<\/span><\/a><a href=\"https:\/\/eettinenluksus.fi\/shop\/tuote\/classic-woolwash-erikoispesuaine-300-600ml\/\"><span style=\"font-size:0px;\">&#8211;<\/span><\/a><a href=\"https:\/\/eettinenluksus.fi\/shop\/tuote\/classic-lingerie-underwear-alusvaatepesu\/\"><span style=\"font-size:0px;\">&#8211;<\/span><\/a><a href=\"https:\/\/eettinenluksus.fi\/shop\/tuote\/classic-tahranpoistoaine-150ml\/\"><span style=\"font-size:0px;\">&#8211;<\/span><\/a><a href=\"https:\/\/eettinenluksus.fi\/shop\/tuote\/method-pyykinpesuaine-orchard-fruit-1560ml\/\"><span style=\"font-size:0px;\">&#8211;<\/span><\/a><a href=\"https:\/\/eettinenluksus.fi\/shop\/tuote\/classic-woolwash-villapesuaine-300-600ml\/\"><span style=\"font-size:0px;\">&#8211;<\/span><\/a><\/p>","protected":false},"excerpt":{"rendered":"<p>A mild special detergent for daily laundry for all textiles<\/p>\n<p>Specially developed for washing synthetic and other industrial fibres<\/p>\n<p>Eco-friendly detergent and phosphate-free<\/p>","protected":false},"featured_media":4091,"template":"","meta":{"inline_featured_image":false},"product_brand":[],"product_cat":[25,52],"product_tag":[165,247,248,252,254],"class_list":{"0":"post-412","1":"product","2":"type-product","3":"status-publish","4":"has-post-thumbnail","6":"product_cat-classicclothingcare","7":"product_cat-pyykinpesu","8":"product_tag-classic","9":"product_tag-pyykinpesu","10":"product_tag-pyykinpesuaine","11":"product_tag-paivittainen-pesu","12":"product_tag-synteettiset-kuidut","14":"first","15":"instock","16":"taxable","17":"shipping-taxable","18":"purchasable","19":"product-type-simple"},"yoast_head":"<!-- This site is optimized with the Yoast SEO Premium plugin v26.8 (Yoast SEO v27.3) - https:\/\/yoast.com\/product\/yoast-seo-premium-wordpress\/ -->\n<title>Classic Everyday Care 1000ml - Shop Eettinen Luksus<\/title>\n<meta name=\"description\" content=\"Classic Everyday Care 1000ml Ymp\u00e4rist\u00f6yst\u00e4v\u00e4llinen erikoispesuaine p\u00e4ivitt\u00e4iseen pesuun Fosfaatiton ja biohajoava Sopii herk\u00e4lle iholle ja astmaatikolle\" \/>\n<meta name=\"robots\" content=\"index, follow, max-snippet:-1, max-image-preview:large, max-video-preview:-1\" \/>\n<link rel=\"canonical\" href=\"https:\/\/eettinenluksus.fi\/shop\/en\/product\/classic-everyday-care-1000ml\/\" \/>\n<meta property=\"og:locale\" content=\"en_GB\" \/>\n<meta property=\"og:type\" content=\"article\" \/>\n<meta property=\"og:title\" content=\"Classic Everyday Care 1000ml\" \/>\n<meta property=\"og:description\" content=\"Classic Everyday Care 1000ml Ymp\u00e4rist\u00f6yst\u00e4v\u00e4llinen erikoispesuaine p\u00e4ivitt\u00e4iseen pesuun Fosfaatiton ja biohajoava Sopii herk\u00e4lle iholle ja astmaatikolle\" \/>\n<meta property=\"og:url\" content=\"https:\/\/eettinenluksus.fi\/shop\/en\/product\/classic-everyday-care-1000ml\/\" \/>\n<meta property=\"og:site_name\" content=\"Shop Eettinen Luksus\" \/>\n<meta property=\"article:publisher\" content=\"https:\/\/www.facebook.com\/eettinenluksus\" \/>\n<meta property=\"article:modified_time\" content=\"2024-09-20T10:03:43+00:00\" \/>\n<meta property=\"og:image\" content=\"https:\/\/eettinenluksus.fi\/shop\/wp-content\/uploads\/sites\/4\/1726\/26\/Everyday-care-nelio.jpg\" \/>\n\t<meta property=\"og:image:width\" content=\"1045\" \/>\n\t<meta property=\"og:image:height\" content=\"1045\" \/>\n\t<meta property=\"og:image:type\" content=\"image\/jpeg\" \/>\n<meta name=\"twitter:card\" content=\"summary_large_image\" \/>\n<meta name=\"twitter:label1\" content=\"Price\" \/>\n\t<meta name=\"twitter:data1\" content=\"18,60&nbsp;&euro;\" \/>\n\t<meta name=\"twitter:label2\" content=\"Availability\" \/>\n\t<meta name=\"twitter:data2\" content=\"In stock\" \/>\n<script type=\"application\/ld+json\" class=\"yoast-schema-graph\">{\"@context\":\"https:\\\/\\\/schema.org\",\"@graph\":[{\"@type\":\"WebPage\",\"@id\":\"https:\\\/\\\/eettinenluksus.fi\\\/shop\\\/tuote\\\/classic-everyday-care-1000ml\\\/\",\"url\":\"https:\\\/\\\/eettinenluksus.fi\\\/shop\\\/tuote\\\/classic-everyday-care-1000ml\\\/\",\"name\":\"Classic Everyday Care 1000ml - Shop Eettinen Luksus\",\"isPartOf\":{\"@id\":\"https:\\\/\\\/eettinenluksus.fi\\\/shop\\\/#website\"},\"primaryImageOfPage\":{\"@id\":\"https:\\\/\\\/eettinenluksus.fi\\\/shop\\\/tuote\\\/classic-everyday-care-1000ml\\\/#primaryimage\"},\"image\":{\"@id\":\"https:\\\/\\\/eettinenluksus.fi\\\/shop\\\/tuote\\\/classic-everyday-care-1000ml\\\/#primaryimage\"},\"thumbnailUrl\":\"https:\\\/\\\/eettinenluksus.fi\\\/shop\\\/wp-content\\\/uploads\\\/sites\\\/4\\\/1726\\\/26\\\/Everyday-care-nelio.jpg\",\"datePublished\":\"2022-10-06T07:21:58+00:00\",\"dateModified\":\"2024-09-20T10:03:43+00:00\",\"description\":\"Classic Everyday Care 1000ml Ymp\u00e4rist\u00f6yst\u00e4v\u00e4llinen erikoispesuaine p\u00e4ivitt\u00e4iseen pesuun Fosfaatiton ja biohajoava Sopii herk\u00e4lle iholle ja astmaatikolle\",\"breadcrumb\":{\"@id\":\"https:\\\/\\\/eettinenluksus.fi\\\/shop\\\/tuote\\\/classic-everyday-care-1000ml\\\/#breadcrumb\"},\"inLanguage\":\"en-GB\",\"potentialAction\":[{\"@type\":\"ReadAction\",\"target\":[\"https:\\\/\\\/eettinenluksus.fi\\\/shop\\\/tuote\\\/classic-everyday-care-1000ml\\\/\"]}]},{\"@type\":\"ImageObject\",\"inLanguage\":\"en-GB\",\"@id\":\"https:\\\/\\\/eettinenluksus.fi\\\/shop\\\/tuote\\\/classic-everyday-care-1000ml\\\/#primaryimage\",\"url\":\"https:\\\/\\\/eettinenluksus.fi\\\/shop\\\/wp-content\\\/uploads\\\/sites\\\/4\\\/1726\\\/26\\\/Everyday-care-nelio.jpg\",\"contentUrl\":\"https:\\\/\\\/eettinenluksus.fi\\\/shop\\\/wp-content\\\/uploads\\\/sites\\\/4\\\/1726\\\/26\\\/Everyday-care-nelio.jpg\",\"width\":1045,\"height\":1045,\"caption\":\"Classic Everyday care\"},{\"@type\":\"BreadcrumbList\",\"@id\":\"https:\\\/\\\/eettinenluksus.fi\\\/shop\\\/tuote\\\/classic-everyday-care-1000ml\\\/#breadcrumb\",\"itemListElement\":[{\"@type\":\"ListItem\",\"position\":1,\"name\":\"Etusivu\",\"item\":\"https:\\\/\\\/eettinenluksus.fi\\\/shop\\\/\"},{\"@type\":\"ListItem\",\"position\":2,\"name\":\"Kauppa\",\"item\":\"https:\\\/\\\/eettinenluksus.fi\\\/shop\\\/en\\\/kauppa\\\/\"},{\"@type\":\"ListItem\",\"position\":3,\"name\":\"Classic Everyday Care 1000ml\"}]},{\"@type\":\"WebSite\",\"@id\":\"https:\\\/\\\/eettinenluksus.fi\\\/shop\\\/#website\",\"url\":\"https:\\\/\\\/eettinenluksus.fi\\\/shop\\\/\",\"name\":\"Shop Eettinen Luksus\",\"description\":\"Uusi verkkokauppa\",\"publisher\":{\"@id\":\"https:\\\/\\\/eettinenluksus.fi\\\/shop\\\/#organization\"},\"potentialAction\":[{\"@type\":\"SearchAction\",\"target\":{\"@type\":\"EntryPoint\",\"urlTemplate\":\"https:\\\/\\\/eettinenluksus.fi\\\/shop\\\/?s={search_term_string}\"},\"query-input\":{\"@type\":\"PropertyValueSpecification\",\"valueRequired\":true,\"valueName\":\"search_term_string\"}}],\"inLanguage\":\"en-GB\"},{\"@type\":\"Organization\",\"@id\":\"https:\\\/\\\/eettinenluksus.fi\\\/shop\\\/#organization\",\"name\":\"Shop Eettinen Luksus\",\"url\":\"https:\\\/\\\/eettinenluksus.fi\\\/shop\\\/\",\"logo\":{\"@type\":\"ImageObject\",\"inLanguage\":\"en-GB\",\"@id\":\"https:\\\/\\\/eettinenluksus.fi\\\/shop\\\/#\\\/schema\\\/logo\\\/image\\\/\",\"url\":\"https:\\\/\\\/eettinenluksus.fi\\\/shop\\\/wp-content\\\/uploads\\\/sites\\\/4\\\/1664\\\/37\\\/cropped-ELO.jpg\",\"contentUrl\":\"https:\\\/\\\/eettinenluksus.fi\\\/shop\\\/wp-content\\\/uploads\\\/sites\\\/4\\\/1664\\\/37\\\/cropped-ELO.jpg\",\"width\":810,\"height\":350,\"caption\":\"Shop Eettinen Luksus\"},\"image\":{\"@id\":\"https:\\\/\\\/eettinenluksus.fi\\\/shop\\\/#\\\/schema\\\/logo\\\/image\\\/\"},\"sameAs\":[\"https:\\\/\\\/www.facebook.com\\\/eettinenluksus\",\"https:\\\/\\\/www.instagram.com\\\/eettinenluksus\\\/\"]}]}<\/script>\n<meta property=\"product:price:amount\" content=\"18.60\" \/>\n<meta property=\"product:price:currency\" content=\"EUR\" \/>\n<meta property=\"og:availability\" content=\"instock\" \/>\n<meta property=\"product:availability\" content=\"instock\" \/>\n<meta property=\"product:retailer_item_id\" content=\"5603\" \/>\n<meta property=\"product:condition\" content=\"new\" \/>\n<!-- \/ Yoast SEO Premium plugin. -->","yoast_head_json":{"title":"Classic Everyday Care 1000ml - Shop Eettinen Luksus","description":"Classic Everyday Care 1000ml Ymp\u00e4rist\u00f6yst\u00e4v\u00e4llinen erikoispesuaine p\u00e4ivitt\u00e4iseen pesuun Fosfaatiton ja biohajoava Sopii herk\u00e4lle iholle ja astmaatikolle","robots":{"index":"index","follow":"follow","max-snippet":"max-snippet:-1","max-image-preview":"max-image-preview:large","max-video-preview":"max-video-preview:-1"},"canonical":"https:\/\/eettinenluksus.fi\/shop\/en\/product\/classic-everyday-care-1000ml\/","og_locale":"en_GB","og_type":"article","og_title":"Classic Everyday Care 1000ml","og_description":"Classic Everyday Care 1000ml Ymp\u00e4rist\u00f6yst\u00e4v\u00e4llinen erikoispesuaine p\u00e4ivitt\u00e4iseen pesuun Fosfaatiton ja biohajoava Sopii herk\u00e4lle iholle ja astmaatikolle","og_url":"https:\/\/eettinenluksus.fi\/shop\/en\/product\/classic-everyday-care-1000ml\/","og_site_name":"Shop Eettinen Luksus","article_publisher":"https:\/\/www.facebook.com\/eettinenluksus","article_modified_time":"2024-09-20T10:03:43+00:00","og_image":[{"width":1045,"height":1045,"url":"https:\/\/eettinenluksus.fi\/shop\/wp-content\/uploads\/sites\/4\/1726\/26\/Everyday-care-nelio.jpg","type":"image\/jpeg"}],"twitter_card":"summary_large_image","twitter_misc":{"Price":"18,60&nbsp;&euro;","Availability":"In stock"},"schema":{"@context":"https:\/\/schema.org","@graph":[{"@type":"WebPage","@id":"https:\/\/eettinenluksus.fi\/shop\/tuote\/classic-everyday-care-1000ml\/","url":"https:\/\/eettinenluksus.fi\/shop\/tuote\/classic-everyday-care-1000ml\/","name":"Classic Everyday Care 1000ml - Shop Eettinen Luksus","isPartOf":{"@id":"https:\/\/eettinenluksus.fi\/shop\/#website"},"primaryImageOfPage":{"@id":"https:\/\/eettinenluksus.fi\/shop\/tuote\/classic-everyday-care-1000ml\/#primaryimage"},"image":{"@id":"https:\/\/eettinenluksus.fi\/shop\/tuote\/classic-everyday-care-1000ml\/#primaryimage"},"thumbnailUrl":"https:\/\/eettinenluksus.fi\/shop\/wp-content\/uploads\/sites\/4\/1726\/26\/Everyday-care-nelio.jpg","datePublished":"2022-10-06T07:21:58+00:00","dateModified":"2024-09-20T10:03:43+00:00","description":"Classic Everyday Care 1000ml Ymp\u00e4rist\u00f6yst\u00e4v\u00e4llinen erikoispesuaine p\u00e4ivitt\u00e4iseen pesuun Fosfaatiton ja biohajoava Sopii herk\u00e4lle iholle ja astmaatikolle","breadcrumb":{"@id":"https:\/\/eettinenluksus.fi\/shop\/tuote\/classic-everyday-care-1000ml\/#breadcrumb"},"inLanguage":"en-GB","potentialAction":[{"@type":"ReadAction","target":["https:\/\/eettinenluksus.fi\/shop\/tuote\/classic-everyday-care-1000ml\/"]}]},{"@type":"ImageObject","inLanguage":"en-GB","@id":"https:\/\/eettinenluksus.fi\/shop\/tuote\/classic-everyday-care-1000ml\/#primaryimage","url":"https:\/\/eettinenluksus.fi\/shop\/wp-content\/uploads\/sites\/4\/1726\/26\/Everyday-care-nelio.jpg","contentUrl":"https:\/\/eettinenluksus.fi\/shop\/wp-content\/uploads\/sites\/4\/1726\/26\/Everyday-care-nelio.jpg","width":1045,"height":1045,"caption":"Classic Everyday care"},{"@type":"BreadcrumbList","@id":"https:\/\/eettinenluksus.fi\/shop\/tuote\/classic-everyday-care-1000ml\/#breadcrumb","itemListElement":[{"@type":"ListItem","position":1,"name":"Etusivu","item":"https:\/\/eettinenluksus.fi\/shop\/"},{"@type":"ListItem","position":2,"name":"Kauppa","item":"https:\/\/eettinenluksus.fi\/shop\/en\/kauppa\/"},{"@type":"ListItem","position":3,"name":"Classic Everyday Care 1000ml"}]},{"@type":"WebSite","@id":"https:\/\/eettinenluksus.fi\/shop\/#website","url":"https:\/\/eettinenluksus.fi\/shop\/","name":"Shop Eettinen Luksus","description":"Uusi verkkokauppa","publisher":{"@id":"https:\/\/eettinenluksus.fi\/shop\/#organization"},"potentialAction":[{"@type":"SearchAction","target":{"@type":"EntryPoint","urlTemplate":"https:\/\/eettinenluksus.fi\/shop\/?s={search_term_string}"},"query-input":{"@type":"PropertyValueSpecification","valueRequired":true,"valueName":"search_term_string"}}],"inLanguage":"en-GB"},{"@type":"Organization","@id":"https:\/\/eettinenluksus.fi\/shop\/#organization","name":"Shop Eettinen Luksus","url":"https:\/\/eettinenluksus.fi\/shop\/","logo":{"@type":"ImageObject","inLanguage":"en-GB","@id":"https:\/\/eettinenluksus.fi\/shop\/#\/schema\/logo\/image\/","url":"https:\/\/eettinenluksus.fi\/shop\/wp-content\/uploads\/sites\/4\/1664\/37\/cropped-ELO.jpg","contentUrl":"https:\/\/eettinenluksus.fi\/shop\/wp-content\/uploads\/sites\/4\/1664\/37\/cropped-ELO.jpg","width":810,"height":350,"caption":"Shop Eettinen Luksus"},"image":{"@id":"https:\/\/eettinenluksus.fi\/shop\/#\/schema\/logo\/image\/"},"sameAs":["https:\/\/www.facebook.com\/eettinenluksus","https:\/\/www.instagram.com\/eettinenluksus\/"]}]},"product_price_amount":"18.60","product_price_currency":"EUR","og_availability":"instock","product_availability":"instock","product_retailer_item_id":"5603","product_condition":"new"},"_links":{"self":[{"href":"https:\/\/eettinenluksus.fi\/shop\/en\/wp-json\/wp\/v2\/product\/412","targetHints":{"allow":["GET"]}}],"collection":[{"href":"https:\/\/eettinenluksus.fi\/shop\/en\/wp-json\/wp\/v2\/product"}],"about":[{"href":"https:\/\/eettinenluksus.fi\/shop\/en\/wp-json\/wp\/v2\/types\/product"}],"version-history":[{"count":9,"href":"https:\/\/eettinenluksus.fi\/shop\/en\/wp-json\/wp\/v2\/product\/412\/revisions"}],"predecessor-version":[{"id":2901,"href":"https:\/\/eettinenluksus.fi\/shop\/en\/wp-json\/wp\/v2\/product\/412\/revisions\/2901"}],"wp:featuredmedia":[{"embeddable":true,"href":"https:\/\/eettinenluksus.fi\/shop\/en\/wp-json\/wp\/v2\/media\/4091"}],"wp:attachment":[{"href":"https:\/\/eettinenluksus.fi\/shop\/en\/wp-json\/wp\/v2\/media?parent=412"}],"wp:term":[{"taxonomy":"product_brand","embeddable":true,"href":"https:\/\/eettinenluksus.fi\/shop\/en\/wp-json\/wp\/v2\/product_brand?post=412"},{"taxonomy":"product_cat","embeddable":true,"href":"https:\/\/eettinenluksus.fi\/shop\/en\/wp-json\/wp\/v2\/product_cat?post=412"},{"taxonomy":"product_tag","embeddable":true,"href":"https:\/\/eettinenluksus.fi\/shop\/en\/wp-json\/wp\/v2\/product_tag?post=412"}],"curies":[{"name":"wp","href":"https:\/\/api.w.org\/{rel}","templated":true}]}}