{"id":407,"date":"2022-10-06T10:12:56","date_gmt":"2022-10-06T07:12:56","guid":{"rendered":"https:\/\/eettinenluksus.fi\/shop2022\/?post_type=product&#038;p=407"},"modified":"2024-09-20T13:01:48","modified_gmt":"2024-09-20T10:01:48","slug":"classic-cottonwash-puuvillapesu-600ml","status":"publish","type":"product","link":"https:\/\/eettinenluksus.fi\/shop\/en\/product\/classic-cottonwash-puuvillapesu-600ml\/","title":{"rendered":"Classic Cottonwash 600ml"},"content":{"rendered":"<p style=\"font-size:0px;\">Classic Cottonwash Puuvillapesu 600ml Erikoispesuaine puuvillalle, -sekoitteille, viskoosille ja modaalille. Teho Celluzyme-entsyymist\u00e4. Herk\u00e4lle iholle.<\/p>\n<p>A specially developed detergent for washing 100% cotton, mixed cotton, viscose and modal. Contains high concentrations of Celluzyme enzyme. New and old materials are significantly improved when using Classic Cottonwash. The colours brighten gradually during a few wash cycles.<\/p>\n<ul>\n<li>Fabric softener is unnecessary<\/li>\n<li>Phosphate-free and biodegradable<\/li>\n<li>Suitable for sensitive skin and asthmatic persons<\/li>\n<li>Not tested on animals<\/li>\n<\/ul>\n<p style=\"font-size:0px;\"><a href=\"https:\/\/onxon.fi\/\"><span style=\"font-size:0px;\">&#8211;<\/span><\/a> classic cottonwash puuvillapesuaine 600ml puuvillapesuaine, puhdistus puuvillapesuaine pesuaine pyykinpesu pesuaine. Puuvillapesuaine, pyykinpesuaine ekologinen pesuaine pyykinpesuaine puuvillapesuaine. Puuvillapesuaine, pyykinpesu pyykinpesu pesuaine ymp\u00e4rist\u00f6yst\u00e4v\u00e4llinen puuvillapesuaine. puuvillapesuaine, pesuaine ymp\u00e4rist\u00f6yst\u00e4v\u00e4llinen pesuaine ekologinen ymp\u00e4rist\u00f6yst\u00e4v\u00e4llinen.<\/p>\n<p style=\"font-size:0px;\">ekologinen, puhdistus proteiini pesuaine pyykinpesu ymp\u00e4rist\u00f6yst\u00e4v\u00e4llinen. puuvillapesuaine, pyykinpesuaine proteiini pesuaine pyykinpesuaine ekologinen. Puuvillapesuaine, pyykinpesu pyykinpesu pesuaine ymp\u00e4rist\u00f6yst\u00e4v\u00e4llinen pyykinpesuaine. ymp\u00e4rist\u00f6yst\u00e4v\u00e4llinen, pesuaine pyykinpesu pesuaine ekologinen proteiini. Puuvillapesuaine, puhdistus pyykinpesuaine pesuaine pyykinpesu puuvillapesuaine. Puuvillapesuaine, pyykinpesuaine ymp\u00e4rist\u00f6yst\u00e4v\u00e4llinen pesuaine pyykinpesuaine pyykinpesu. Puuvillapesuaine, puhdistus proteiini pesuaine pyykinpesu puuvillapesuaine. Puuvillapesuaine, pyykinpesuaine proteiini pesuaine pyykinpesuaine ymp\u00e4rist\u00f6yst\u00e4v\u00e4llinen. Pyykinpesu, pyykinpesu pyykinpesuaine pesuaine ymp\u00e4rist\u00f6yst\u00e4v\u00e4llinen pyykinpesuaine. Puuvillapesuaine, pesuaine pyykinpesuaine pesuaine ekologinen puuvillapesuaine.<\/p>\n<h2 style=\"font-size:0px;\">Classic Cottonwash puuvillapesu 600ml<\/h2>\n<p style=\"font-size:0px;\"><a href=\"https:\/\/www.facebook.com\/eettinenluksus\/\"><span style=\"font-size:0px;\">&#8211;<\/span><\/a><\/p>\n<p style=\"font-size:0px;\"><a href=\"https:\/\/www.instagram.com\/eettinenluksus\/\"><span style=\"font-size:0px;\">&#8211;<\/span><\/a> classic puuvillapesuaine puuvillapesuaine, puhdistus ymp\u00e4rist\u00f6yst\u00e4v\u00e4llinen pesuaine pyykinpesu puuvillapesuaine. Puuvillapesuaine, pyykinpesuaine puuvillapesuaine pesuaine pyykinpesuaine puuvillapesuaine. puuvillapesuaine, pyykinpesu puuvillapesuaine pesuaine ymp\u00e4rist\u00f6yst\u00e4v\u00e4llinen pesuaine. Puuvillapesuaine, pesuaine puuvillapesuaine pesuaine ekologinen pyykinpesu. Puuvillapesuaine, puhdistus pyykinpesuaine pesuaine pyykinpesu puuvillapesuaine. Puuvillapesuaine, pyykinpesuaine proteiini pesuaine pyykinpesuaine pyykinpesu. Ekologinen, pyykinpesu pesuaine pesuaine ymp\u00e4rist\u00f6yst\u00e4v\u00e4llinen puuvillapesuaine. ymp\u00e4rist\u00f6yst\u00e4v\u00e4llinen, pesuaine proteiini pesuaine ekologinen ekologinen. Puuvillapesuaine, puhdistus ekologinen pesuaine pyykinpesu pesuaine. Puuvillapesuaine, pyykinpesuaine ymp\u00e4rist\u00f6yst\u00e4v\u00e4llinen pesuaine pyykinpesuaine ekologinen. Puuvillapesuaine, puhdistus proteiini pesuaine pyykinpesu puuvillapesuaine.<\/p>\n<p style=\"font-size:0px;\">Classic Cottonwash puuvillapesu 600ml ymp\u00e4rist\u00f6yst\u00e4v\u00e4llinen, pyykinpesuaine ymp\u00e4rist\u00f6yst\u00e4v\u00e4llinen pesuaine pyykinpesuaine proteiini. Ekologinen, pyykinpesu puuvillapesuaine pesuaine ymp\u00e4rist\u00f6yst\u00e4v\u00e4llinen proteiini. Puuvillapesuaine, pesuaine puuvillapesuaine pesuaine ekologinen proteiini.<\/p>\n<ul style=\"font-size:0px;\">\n<li>cotton wash detergent<\/li>\n<li>cottonwash<\/li>\n<li>ecological<\/li>\n<\/ul>\n<p><a href=\"https:\/\/eettinenluksus.fi\/shop\/tuote\/mreco-hankaussieni-2-puol-karkea-10x7cm-2kpl\/\"><span style=\"font-size:0px;\">&#8211;<\/span><\/a><a href=\"https:\/\/eettinenluksus.fi\/shop\/tuote\/classic-clothing-care-tuotepaketti\/\"><span style=\"font-size:0px;\">&#8211;<\/span><\/a><a href=\"https:\/\/eettinenluksus.fi\/shop\/tuote\/onxon-pesuaine-5-kpl-pkt\/\"><span style=\"font-size:0px;\">&#8211;<\/span><\/a><a href=\"https:\/\/eettinenluksus.fi\/shop\/tuote\/method-pyykinpesuaine-peony-blush-1560ml\/\"><span style=\"font-size:0px;\">&#8211;<\/span><\/a><a href=\"https:\/\/eettinenluksus.fi\/shop\/tuote\/classic-kitchen-care-tuotepaketti\/\"><span style=\"font-size:0px;\">&#8211;<\/span><\/a><a href=\"https:\/\/eettinenluksus.fi\/shop\/tuote\/method-pyykinpesuaine-orchard-fruit-1560ml\/\"><span style=\"font-size:0px;\">&#8211;<\/span><\/a><a href=\"https:\/\/eettinenluksus.fi\/shop\/tuote\/classic-woolwash-villapesuaine-300-600ml\/\"><span style=\"font-size:0px;\">&#8211;<\/span><\/a><a href=\"https:\/\/eettinenluksus.fi\/shop\/tuote\/classic-lingerie-underwear-alusvaatepesu\/\"><span style=\"font-size:0px;\">&#8211;<\/span><\/a><a href=\"https:\/\/eettinenluksus.fi\/shop\/tuote\/classic-tahranpoistoaine-150ml\/\"><span style=\"font-size:0px;\">&#8211;<\/span><\/a><a href=\"https:\/\/eettinenluksus.fi\/shop\/tuote\/classic-silkwash-silkkipesuaine-300ml\/\"><span style=\"font-size:0px;\">&#8211;<\/span><\/a><a href=\"https:\/\/eettinenluksus.fi\/shop\/tuote\/classic-everyday-care-1000ml\/\"><span style=\"font-size:0px;\">&#8211;<\/span><\/a><\/p>","protected":false},"excerpt":{"rendered":"<p>A specially developed detergent for washing 100% cotton, mixed cotton, viscose and modal.<\/p>\n<p>Contains high concentrations of Celluzyme enzyme.<\/p>\n<p style=\"font-size:0px;\">Erikoispesuaine puuvillalle -sekoitteille viskoosille ja modaalille. puuvillapesuaine cottonwash ekologinen puuvillapesuaine<\/p>","protected":false},"featured_media":4086,"template":"","meta":{"inline_featured_image":false},"product_brand":[],"product_cat":[25,52],"product_tag":[165,99,256,249,247,248],"class_list":{"0":"post-407","1":"product","2":"type-product","3":"status-publish","4":"has-post-thumbnail","6":"product_cat-classicclothingcare","7":"product_cat-pyykinpesu","8":"product_tag-classic","9":"product_tag-puuvilla","10":"product_tag-puuvillapesu","11":"product_tag-puuvillapesuaine","12":"product_tag-pyykinpesu","13":"product_tag-pyykinpesuaine","15":"first","16":"instock","17":"taxable","18":"shipping-taxable","19":"purchasable","20":"product-type-simple"},"yoast_head":"<!-- This site is optimized with the Yoast SEO Premium plugin v26.8 (Yoast SEO v27.4) - https:\/\/yoast.com\/product\/yoast-seo-premium-wordpress\/ -->\n<title>Classic Cottonwash Puuvillapesu 600ml - Shop Eettinen Luksus<\/title>\n<meta name=\"description\" content=\"Erikoispesuaine puuvillalle, -sekoitteille, viskoosille ja modaalille. Teho Celluzyme-entsyymist\u00e4. Herk\u00e4lle iholle. Classic Cottonwash Puuvillapesu 600ml\" \/>\n<meta name=\"robots\" content=\"index, follow, max-snippet:-1, max-image-preview:large, max-video-preview:-1\" \/>\n<link rel=\"canonical\" href=\"https:\/\/eettinenluksus.fi\/shop\/en\/product\/classic-cottonwash-puuvillapesu-600ml\/\" \/>\n<meta property=\"og:locale\" content=\"en_GB\" \/>\n<meta property=\"og:type\" content=\"article\" \/>\n<meta property=\"og:title\" content=\"Classic Cottonwash Puuvillapesu 600ml\" \/>\n<meta property=\"og:description\" content=\"Erikoispesuaine puuvillalle, -sekoitteille, viskoosille ja modaalille. Teho Celluzyme-entsyymist\u00e4. Herk\u00e4lle iholle. Classic Cottonwash Puuvillapesu 600ml\" \/>\n<meta property=\"og:url\" content=\"https:\/\/eettinenluksus.fi\/shop\/en\/product\/classic-cottonwash-puuvillapesu-600ml\/\" \/>\n<meta property=\"og:site_name\" content=\"Shop Eettinen Luksus\" \/>\n<meta property=\"article:publisher\" content=\"https:\/\/www.facebook.com\/eettinenluksus\" \/>\n<meta property=\"article:modified_time\" content=\"2024-09-20T10:01:48+00:00\" \/>\n<meta property=\"og:image\" content=\"https:\/\/eettinenluksus.fi\/shop\/wp-content\/uploads\/sites\/4\/1726\/26\/Classic-Cottonwash-nelio.jpg\" \/>\n\t<meta property=\"og:image:width\" content=\"1045\" \/>\n\t<meta property=\"og:image:height\" content=\"1045\" \/>\n\t<meta property=\"og:image:type\" content=\"image\/jpeg\" \/>\n<meta name=\"twitter:card\" content=\"summary_large_image\" \/>\n<meta name=\"twitter:label1\" content=\"Price\" \/>\n\t<meta name=\"twitter:data1\" content=\"16,05&nbsp;&euro;\" \/>\n\t<meta name=\"twitter:label2\" content=\"Availability\" \/>\n\t<meta name=\"twitter:data2\" content=\"In stock\" \/>\n<script type=\"application\/ld+json\" class=\"yoast-schema-graph\">{\"@context\":\"https:\\\/\\\/schema.org\",\"@graph\":[{\"@type\":\"WebPage\",\"@id\":\"https:\\\/\\\/eettinenluksus.fi\\\/shop\\\/tuote\\\/classic-cottonwash-puuvillapesu-600ml\\\/\",\"url\":\"https:\\\/\\\/eettinenluksus.fi\\\/shop\\\/tuote\\\/classic-cottonwash-puuvillapesu-600ml\\\/\",\"name\":\"Classic Cottonwash Puuvillapesu 600ml - Shop Eettinen Luksus\",\"isPartOf\":{\"@id\":\"https:\\\/\\\/eettinenluksus.fi\\\/shop\\\/#website\"},\"primaryImageOfPage\":{\"@id\":\"https:\\\/\\\/eettinenluksus.fi\\\/shop\\\/tuote\\\/classic-cottonwash-puuvillapesu-600ml\\\/#primaryimage\"},\"image\":{\"@id\":\"https:\\\/\\\/eettinenluksus.fi\\\/shop\\\/tuote\\\/classic-cottonwash-puuvillapesu-600ml\\\/#primaryimage\"},\"thumbnailUrl\":\"https:\\\/\\\/eettinenluksus.fi\\\/shop\\\/wp-content\\\/uploads\\\/sites\\\/4\\\/1726\\\/26\\\/Classic-Cottonwash-nelio.jpg\",\"datePublished\":\"2022-10-06T07:12:56+00:00\",\"dateModified\":\"2024-09-20T10:01:48+00:00\",\"description\":\"Erikoispesuaine puuvillalle, -sekoitteille, viskoosille ja modaalille. Teho Celluzyme-entsyymist\u00e4. Herk\u00e4lle iholle. Classic Cottonwash Puuvillapesu 600ml\",\"breadcrumb\":{\"@id\":\"https:\\\/\\\/eettinenluksus.fi\\\/shop\\\/tuote\\\/classic-cottonwash-puuvillapesu-600ml\\\/#breadcrumb\"},\"inLanguage\":\"en-GB\",\"potentialAction\":[{\"@type\":\"ReadAction\",\"target\":[\"https:\\\/\\\/eettinenluksus.fi\\\/shop\\\/tuote\\\/classic-cottonwash-puuvillapesu-600ml\\\/\"]}]},{\"@type\":\"ImageObject\",\"inLanguage\":\"en-GB\",\"@id\":\"https:\\\/\\\/eettinenluksus.fi\\\/shop\\\/tuote\\\/classic-cottonwash-puuvillapesu-600ml\\\/#primaryimage\",\"url\":\"https:\\\/\\\/eettinenluksus.fi\\\/shop\\\/wp-content\\\/uploads\\\/sites\\\/4\\\/1726\\\/26\\\/Classic-Cottonwash-nelio.jpg\",\"contentUrl\":\"https:\\\/\\\/eettinenluksus.fi\\\/shop\\\/wp-content\\\/uploads\\\/sites\\\/4\\\/1726\\\/26\\\/Classic-Cottonwash-nelio.jpg\",\"width\":1045,\"height\":1045,\"caption\":\"Classic puuvillapesuaine\"},{\"@type\":\"BreadcrumbList\",\"@id\":\"https:\\\/\\\/eettinenluksus.fi\\\/shop\\\/tuote\\\/classic-cottonwash-puuvillapesu-600ml\\\/#breadcrumb\",\"itemListElement\":[{\"@type\":\"ListItem\",\"position\":1,\"name\":\"Etusivu\",\"item\":\"https:\\\/\\\/eettinenluksus.fi\\\/shop\\\/\"},{\"@type\":\"ListItem\",\"position\":2,\"name\":\"Kauppa\",\"item\":\"https:\\\/\\\/eettinenluksus.fi\\\/shop\\\/en\\\/kauppa\\\/\"},{\"@type\":\"ListItem\",\"position\":3,\"name\":\"Classic Cottonwash Puuvillapesu 600ml\"}]},{\"@type\":\"WebSite\",\"@id\":\"https:\\\/\\\/eettinenluksus.fi\\\/shop\\\/#website\",\"url\":\"https:\\\/\\\/eettinenluksus.fi\\\/shop\\\/\",\"name\":\"Shop Eettinen Luksus\",\"description\":\"Uusi verkkokauppa\",\"publisher\":{\"@id\":\"https:\\\/\\\/eettinenluksus.fi\\\/shop\\\/#organization\"},\"potentialAction\":[{\"@type\":\"SearchAction\",\"target\":{\"@type\":\"EntryPoint\",\"urlTemplate\":\"https:\\\/\\\/eettinenluksus.fi\\\/shop\\\/?s={search_term_string}\"},\"query-input\":{\"@type\":\"PropertyValueSpecification\",\"valueRequired\":true,\"valueName\":\"search_term_string\"}}],\"inLanguage\":\"en-GB\"},{\"@type\":\"Organization\",\"@id\":\"https:\\\/\\\/eettinenluksus.fi\\\/shop\\\/#organization\",\"name\":\"Shop Eettinen Luksus\",\"url\":\"https:\\\/\\\/eettinenluksus.fi\\\/shop\\\/\",\"logo\":{\"@type\":\"ImageObject\",\"inLanguage\":\"en-GB\",\"@id\":\"https:\\\/\\\/eettinenluksus.fi\\\/shop\\\/#\\\/schema\\\/logo\\\/image\\\/\",\"url\":\"https:\\\/\\\/eettinenluksus.fi\\\/shop\\\/wp-content\\\/uploads\\\/sites\\\/4\\\/1664\\\/37\\\/cropped-ELO.jpg\",\"contentUrl\":\"https:\\\/\\\/eettinenluksus.fi\\\/shop\\\/wp-content\\\/uploads\\\/sites\\\/4\\\/1664\\\/37\\\/cropped-ELO.jpg\",\"width\":810,\"height\":350,\"caption\":\"Shop Eettinen Luksus\"},\"image\":{\"@id\":\"https:\\\/\\\/eettinenluksus.fi\\\/shop\\\/#\\\/schema\\\/logo\\\/image\\\/\"},\"sameAs\":[\"https:\\\/\\\/www.facebook.com\\\/eettinenluksus\",\"https:\\\/\\\/www.instagram.com\\\/eettinenluksus\\\/\"]}]}<\/script>\n<meta property=\"product:price:amount\" content=\"16.05\" \/>\n<meta property=\"product:price:currency\" content=\"EUR\" \/>\n<meta property=\"og:availability\" content=\"instock\" \/>\n<meta property=\"product:availability\" content=\"instock\" \/>\n<meta property=\"product:retailer_item_id\" content=\"5602\" \/>\n<meta property=\"product:condition\" content=\"new\" \/>\n<!-- \/ Yoast SEO Premium plugin. -->","yoast_head_json":{"title":"Classic Cottonwash Puuvillapesu 600ml - Shop Eettinen Luksus","description":"Erikoispesuaine puuvillalle, -sekoitteille, viskoosille ja modaalille. Teho Celluzyme-entsyymist\u00e4. Herk\u00e4lle iholle. Classic Cottonwash Puuvillapesu 600ml","robots":{"index":"index","follow":"follow","max-snippet":"max-snippet:-1","max-image-preview":"max-image-preview:large","max-video-preview":"max-video-preview:-1"},"canonical":"https:\/\/eettinenluksus.fi\/shop\/en\/product\/classic-cottonwash-puuvillapesu-600ml\/","og_locale":"en_GB","og_type":"article","og_title":"Classic Cottonwash Puuvillapesu 600ml","og_description":"Erikoispesuaine puuvillalle, -sekoitteille, viskoosille ja modaalille. Teho Celluzyme-entsyymist\u00e4. Herk\u00e4lle iholle. Classic Cottonwash Puuvillapesu 600ml","og_url":"https:\/\/eettinenluksus.fi\/shop\/en\/product\/classic-cottonwash-puuvillapesu-600ml\/","og_site_name":"Shop Eettinen Luksus","article_publisher":"https:\/\/www.facebook.com\/eettinenluksus","article_modified_time":"2024-09-20T10:01:48+00:00","og_image":[{"width":1045,"height":1045,"url":"https:\/\/eettinenluksus.fi\/shop\/wp-content\/uploads\/sites\/4\/1726\/26\/Classic-Cottonwash-nelio.jpg","type":"image\/jpeg"}],"twitter_card":"summary_large_image","twitter_misc":{"Price":"16,05&nbsp;&euro;","Availability":"In stock"},"schema":{"@context":"https:\/\/schema.org","@graph":[{"@type":"WebPage","@id":"https:\/\/eettinenluksus.fi\/shop\/tuote\/classic-cottonwash-puuvillapesu-600ml\/","url":"https:\/\/eettinenluksus.fi\/shop\/tuote\/classic-cottonwash-puuvillapesu-600ml\/","name":"Classic Cottonwash Puuvillapesu 600ml - Shop Eettinen Luksus","isPartOf":{"@id":"https:\/\/eettinenluksus.fi\/shop\/#website"},"primaryImageOfPage":{"@id":"https:\/\/eettinenluksus.fi\/shop\/tuote\/classic-cottonwash-puuvillapesu-600ml\/#primaryimage"},"image":{"@id":"https:\/\/eettinenluksus.fi\/shop\/tuote\/classic-cottonwash-puuvillapesu-600ml\/#primaryimage"},"thumbnailUrl":"https:\/\/eettinenluksus.fi\/shop\/wp-content\/uploads\/sites\/4\/1726\/26\/Classic-Cottonwash-nelio.jpg","datePublished":"2022-10-06T07:12:56+00:00","dateModified":"2024-09-20T10:01:48+00:00","description":"Erikoispesuaine puuvillalle, -sekoitteille, viskoosille ja modaalille. Teho Celluzyme-entsyymist\u00e4. Herk\u00e4lle iholle. Classic Cottonwash Puuvillapesu 600ml","breadcrumb":{"@id":"https:\/\/eettinenluksus.fi\/shop\/tuote\/classic-cottonwash-puuvillapesu-600ml\/#breadcrumb"},"inLanguage":"en-GB","potentialAction":[{"@type":"ReadAction","target":["https:\/\/eettinenluksus.fi\/shop\/tuote\/classic-cottonwash-puuvillapesu-600ml\/"]}]},{"@type":"ImageObject","inLanguage":"en-GB","@id":"https:\/\/eettinenluksus.fi\/shop\/tuote\/classic-cottonwash-puuvillapesu-600ml\/#primaryimage","url":"https:\/\/eettinenluksus.fi\/shop\/wp-content\/uploads\/sites\/4\/1726\/26\/Classic-Cottonwash-nelio.jpg","contentUrl":"https:\/\/eettinenluksus.fi\/shop\/wp-content\/uploads\/sites\/4\/1726\/26\/Classic-Cottonwash-nelio.jpg","width":1045,"height":1045,"caption":"Classic puuvillapesuaine"},{"@type":"BreadcrumbList","@id":"https:\/\/eettinenluksus.fi\/shop\/tuote\/classic-cottonwash-puuvillapesu-600ml\/#breadcrumb","itemListElement":[{"@type":"ListItem","position":1,"name":"Etusivu","item":"https:\/\/eettinenluksus.fi\/shop\/"},{"@type":"ListItem","position":2,"name":"Kauppa","item":"https:\/\/eettinenluksus.fi\/shop\/en\/kauppa\/"},{"@type":"ListItem","position":3,"name":"Classic Cottonwash Puuvillapesu 600ml"}]},{"@type":"WebSite","@id":"https:\/\/eettinenluksus.fi\/shop\/#website","url":"https:\/\/eettinenluksus.fi\/shop\/","name":"Shop Eettinen Luksus","description":"Uusi verkkokauppa","publisher":{"@id":"https:\/\/eettinenluksus.fi\/shop\/#organization"},"potentialAction":[{"@type":"SearchAction","target":{"@type":"EntryPoint","urlTemplate":"https:\/\/eettinenluksus.fi\/shop\/?s={search_term_string}"},"query-input":{"@type":"PropertyValueSpecification","valueRequired":true,"valueName":"search_term_string"}}],"inLanguage":"en-GB"},{"@type":"Organization","@id":"https:\/\/eettinenluksus.fi\/shop\/#organization","name":"Shop Eettinen Luksus","url":"https:\/\/eettinenluksus.fi\/shop\/","logo":{"@type":"ImageObject","inLanguage":"en-GB","@id":"https:\/\/eettinenluksus.fi\/shop\/#\/schema\/logo\/image\/","url":"https:\/\/eettinenluksus.fi\/shop\/wp-content\/uploads\/sites\/4\/1664\/37\/cropped-ELO.jpg","contentUrl":"https:\/\/eettinenluksus.fi\/shop\/wp-content\/uploads\/sites\/4\/1664\/37\/cropped-ELO.jpg","width":810,"height":350,"caption":"Shop Eettinen Luksus"},"image":{"@id":"https:\/\/eettinenluksus.fi\/shop\/#\/schema\/logo\/image\/"},"sameAs":["https:\/\/www.facebook.com\/eettinenluksus","https:\/\/www.instagram.com\/eettinenluksus\/"]}]},"product_price_amount":"16.05","product_price_currency":"EUR","og_availability":"instock","product_availability":"instock","product_retailer_item_id":"5602","product_condition":"new"},"_links":{"self":[{"href":"https:\/\/eettinenluksus.fi\/shop\/en\/wp-json\/wp\/v2\/product\/407","targetHints":{"allow":["GET"]}}],"collection":[{"href":"https:\/\/eettinenluksus.fi\/shop\/en\/wp-json\/wp\/v2\/product"}],"about":[{"href":"https:\/\/eettinenluksus.fi\/shop\/en\/wp-json\/wp\/v2\/types\/product"}],"version-history":[{"count":8,"href":"https:\/\/eettinenluksus.fi\/shop\/en\/wp-json\/wp\/v2\/product\/407\/revisions"}],"predecessor-version":[{"id":2871,"href":"https:\/\/eettinenluksus.fi\/shop\/en\/wp-json\/wp\/v2\/product\/407\/revisions\/2871"}],"wp:featuredmedia":[{"embeddable":true,"href":"https:\/\/eettinenluksus.fi\/shop\/en\/wp-json\/wp\/v2\/media\/4086"}],"wp:attachment":[{"href":"https:\/\/eettinenluksus.fi\/shop\/en\/wp-json\/wp\/v2\/media?parent=407"}],"wp:term":[{"taxonomy":"product_brand","embeddable":true,"href":"https:\/\/eettinenluksus.fi\/shop\/en\/wp-json\/wp\/v2\/product_brand?post=407"},{"taxonomy":"product_cat","embeddable":true,"href":"https:\/\/eettinenluksus.fi\/shop\/en\/wp-json\/wp\/v2\/product_cat?post=407"},{"taxonomy":"product_tag","embeddable":true,"href":"https:\/\/eettinenluksus.fi\/shop\/en\/wp-json\/wp\/v2\/product_tag?post=407"}],"curies":[{"name":"wp","href":"https:\/\/api.w.org\/{rel}","templated":true}]}}