{"id":3394,"date":"2024-12-02T10:32:42","date_gmt":"2024-12-02T08:32:42","guid":{"rendered":"https:\/\/eettinenluksus.fi\/shop\/?post_type=product&#038;p=3394"},"modified":"2025-01-09T16:06:04","modified_gmt":"2025-01-09T14:06:04","slug":"method-suihkusaippua-daily-zen-532ml","status":"publish","type":"product","link":"https:\/\/eettinenluksus.fi\/shop\/en\/product\/method-suihkusaippua-daily-zen-532ml\/","title":{"rendered":"Method Body wash Daily Zen 532ml"},"content":{"rendered":"<p style=\"font-size: 0px;\">Method Body wash Daily Zen 532ml<\/p>\n<p>Mood-boosting bodywash that makes you feel good inside and out. Bonus. It looks great too - and we're pretty pretty sure we've made one for you.<\/p>\n<p>Daily zen - Need to take...a breath? We got you. Infused with cucumber, seaweed + green tea, this cool body wash leaves your skin feeling refreshed and your self  feeling rejuvenated.<\/p>\n<p>The bottle had a past life. Bottle (minus cap) made from 85% post-consumer recycled plastic.<\/p>\n<p>Dermatologically tested. Leaping bunny cruelty free programme.<\/p>\n<ul style=\"font-size: 0px;\">\n<li>Method Body wash Daily Zen 532ml<\/li>\n<li>kurkku, merilev\u00e4 + vihre\u00e4 tee<\/li>\n<li>Daily Zen<\/li>\n<li>virkistys<\/li>\n<\/ul>","protected":false},"excerpt":{"rendered":"<p>Mood-boosting bodywash<\/p>\n<p>Infused with cucumber, seaweed + green tea<\/p>\n<p>Dermatologically tested<\/p>","protected":false},"featured_media":4457,"template":"","meta":{"inline_featured_image":false},"product_brand":[],"product_cat":[123,17,338],"product_tag":[348,70,350,347,346,351,345,352,349,327],"class_list":{"0":"post-3394","1":"product","2":"type-product","3":"status-publish","4":"has-post-thumbnail","6":"product_cat-hyvinvointi","7":"product_cat-method","8":"product_cat-vartalonhoito","9":"product_tag-cucumber","10":"product_tag-ekologinen","11":"product_tag-green-tea","12":"product_tag-kierratetty","13":"product_tag-kierratysmuovi","14":"product_tag-kurkku","15":"product_tag-leaping-bunny","16":"product_tag-meriruoho","17":"product_tag-sea-weed","18":"product_tag-vihrea-tee","20":"first","21":"instock","22":"taxable","23":"shipping-taxable","24":"purchasable","25":"product-type-simple"},"yoast_head":"<!-- This site is optimized with the Yoast SEO Premium plugin v26.8 (Yoast SEO v27.4) - https:\/\/yoast.com\/product\/yoast-seo-premium-wordpress\/ -->\n<title>Method Suihkusaippua Daily Zen 532ml - Shop Eettinen Luksus<\/title>\n<meta name=\"description\" content=\"Method Suihkusaippua Daily Zen 532ml - Viile\u00e4, kurkulta, merilev\u00e4lt\u00e4 + vihre\u00e4lt\u00e4 teelt\u00e4 tuoksuva suihkusaippua raikastaa ihosi ja virkist\u00e4\u00e4 sinut.\" \/>\n<meta name=\"robots\" content=\"index, follow, max-snippet:-1, max-image-preview:large, max-video-preview:-1\" \/>\n<link rel=\"canonical\" href=\"https:\/\/eettinenluksus.fi\/shop\/en\/product\/method-suihkusaippua-daily-zen-532ml\/\" \/>\n<meta property=\"og:locale\" content=\"en_GB\" \/>\n<meta property=\"og:type\" content=\"article\" \/>\n<meta property=\"og:title\" content=\"Method Suihkusaippua Daily Zen 532ml\" \/>\n<meta property=\"og:description\" content=\"Method Suihkusaippua Daily Zen 532ml - Viile\u00e4, kurkulta, merilev\u00e4lt\u00e4 + vihre\u00e4lt\u00e4 teelt\u00e4 tuoksuva suihkusaippua raikastaa ihosi ja virkist\u00e4\u00e4 sinut.\" \/>\n<meta property=\"og:url\" content=\"https:\/\/eettinenluksus.fi\/shop\/en\/product\/method-suihkusaippua-daily-zen-532ml\/\" \/>\n<meta property=\"og:site_name\" content=\"Shop Eettinen Luksus\" \/>\n<meta property=\"article:publisher\" content=\"https:\/\/www.facebook.com\/eettinenluksus\" \/>\n<meta property=\"article:modified_time\" content=\"2025-01-09T14:06:04+00:00\" \/>\n<meta property=\"og:image\" content=\"https:\/\/eettinenluksus.fi\/shop\/wp-content\/uploads\/sites\/4\/1736\/31\/Method-Suihkusaippua-Daily-Zen-532ml.jpg\" \/>\n\t<meta property=\"og:image:width\" content=\"1045\" \/>\n\t<meta property=\"og:image:height\" content=\"1045\" \/>\n\t<meta property=\"og:image:type\" content=\"image\/jpeg\" \/>\n<meta name=\"twitter:card\" content=\"summary_large_image\" \/>\n<meta name=\"twitter:label1\" content=\"Price\" \/>\n\t<meta name=\"twitter:data1\" content=\"12,00&nbsp;&euro;\" \/>\n\t<meta name=\"twitter:label2\" content=\"Availability\" \/>\n\t<meta name=\"twitter:data2\" content=\"In stock\" \/>\n<script type=\"application\/ld+json\" class=\"yoast-schema-graph\">{\"@context\":\"https:\\\/\\\/schema.org\",\"@graph\":[{\"@type\":\"WebPage\",\"@id\":\"https:\\\/\\\/eettinenluksus.fi\\\/shop\\\/tuote\\\/method-suihkusaippua-daily-zen-532ml\\\/\",\"url\":\"https:\\\/\\\/eettinenluksus.fi\\\/shop\\\/tuote\\\/method-suihkusaippua-daily-zen-532ml\\\/\",\"name\":\"Method Suihkusaippua Daily Zen 532ml - Shop Eettinen Luksus\",\"isPartOf\":{\"@id\":\"https:\\\/\\\/eettinenluksus.fi\\\/shop\\\/#website\"},\"primaryImageOfPage\":{\"@id\":\"https:\\\/\\\/eettinenluksus.fi\\\/shop\\\/tuote\\\/method-suihkusaippua-daily-zen-532ml\\\/#primaryimage\"},\"image\":{\"@id\":\"https:\\\/\\\/eettinenluksus.fi\\\/shop\\\/tuote\\\/method-suihkusaippua-daily-zen-532ml\\\/#primaryimage\"},\"thumbnailUrl\":\"https:\\\/\\\/eettinenluksus.fi\\\/shop\\\/wp-content\\\/uploads\\\/sites\\\/4\\\/1736\\\/31\\\/Method-Suihkusaippua-Daily-Zen-532ml.jpg\",\"datePublished\":\"2024-12-02T08:32:42+00:00\",\"dateModified\":\"2025-01-09T14:06:04+00:00\",\"description\":\"Method Suihkusaippua Daily Zen 532ml - Viile\u00e4, kurkulta, merilev\u00e4lt\u00e4 + vihre\u00e4lt\u00e4 teelt\u00e4 tuoksuva suihkusaippua raikastaa ihosi ja virkist\u00e4\u00e4 sinut.\",\"breadcrumb\":{\"@id\":\"https:\\\/\\\/eettinenluksus.fi\\\/shop\\\/tuote\\\/method-suihkusaippua-daily-zen-532ml\\\/#breadcrumb\"},\"inLanguage\":\"en-GB\",\"potentialAction\":[{\"@type\":\"ReadAction\",\"target\":[\"https:\\\/\\\/eettinenluksus.fi\\\/shop\\\/tuote\\\/method-suihkusaippua-daily-zen-532ml\\\/\"]}]},{\"@type\":\"ImageObject\",\"inLanguage\":\"en-GB\",\"@id\":\"https:\\\/\\\/eettinenluksus.fi\\\/shop\\\/tuote\\\/method-suihkusaippua-daily-zen-532ml\\\/#primaryimage\",\"url\":\"https:\\\/\\\/eettinenluksus.fi\\\/shop\\\/wp-content\\\/uploads\\\/sites\\\/4\\\/1736\\\/31\\\/Method-Suihkusaippua-Daily-Zen-532ml.jpg\",\"contentUrl\":\"https:\\\/\\\/eettinenluksus.fi\\\/shop\\\/wp-content\\\/uploads\\\/sites\\\/4\\\/1736\\\/31\\\/Method-Suihkusaippua-Daily-Zen-532ml.jpg\",\"width\":1045,\"height\":1045,\"caption\":\"Method Suihkusaippua Daily Zen 532ml\"},{\"@type\":\"BreadcrumbList\",\"@id\":\"https:\\\/\\\/eettinenluksus.fi\\\/shop\\\/tuote\\\/method-suihkusaippua-daily-zen-532ml\\\/#breadcrumb\",\"itemListElement\":[{\"@type\":\"ListItem\",\"position\":1,\"name\":\"Etusivu\",\"item\":\"https:\\\/\\\/eettinenluksus.fi\\\/shop\\\/\"},{\"@type\":\"ListItem\",\"position\":2,\"name\":\"Kauppa\",\"item\":\"https:\\\/\\\/eettinenluksus.fi\\\/shop\\\/en\\\/kauppa\\\/\"},{\"@type\":\"ListItem\",\"position\":3,\"name\":\"Method Suihkusaippua Daily Zen 532ml\"}]},{\"@type\":\"WebSite\",\"@id\":\"https:\\\/\\\/eettinenluksus.fi\\\/shop\\\/#website\",\"url\":\"https:\\\/\\\/eettinenluksus.fi\\\/shop\\\/\",\"name\":\"Shop Eettinen Luksus\",\"description\":\"Uusi verkkokauppa\",\"publisher\":{\"@id\":\"https:\\\/\\\/eettinenluksus.fi\\\/shop\\\/#organization\"},\"potentialAction\":[{\"@type\":\"SearchAction\",\"target\":{\"@type\":\"EntryPoint\",\"urlTemplate\":\"https:\\\/\\\/eettinenluksus.fi\\\/shop\\\/?s={search_term_string}\"},\"query-input\":{\"@type\":\"PropertyValueSpecification\",\"valueRequired\":true,\"valueName\":\"search_term_string\"}}],\"inLanguage\":\"en-GB\"},{\"@type\":\"Organization\",\"@id\":\"https:\\\/\\\/eettinenluksus.fi\\\/shop\\\/#organization\",\"name\":\"Shop Eettinen Luksus\",\"url\":\"https:\\\/\\\/eettinenluksus.fi\\\/shop\\\/\",\"logo\":{\"@type\":\"ImageObject\",\"inLanguage\":\"en-GB\",\"@id\":\"https:\\\/\\\/eettinenluksus.fi\\\/shop\\\/#\\\/schema\\\/logo\\\/image\\\/\",\"url\":\"https:\\\/\\\/eettinenluksus.fi\\\/shop\\\/wp-content\\\/uploads\\\/sites\\\/4\\\/1664\\\/37\\\/cropped-ELO.jpg\",\"contentUrl\":\"https:\\\/\\\/eettinenluksus.fi\\\/shop\\\/wp-content\\\/uploads\\\/sites\\\/4\\\/1664\\\/37\\\/cropped-ELO.jpg\",\"width\":810,\"height\":350,\"caption\":\"Shop Eettinen Luksus\"},\"image\":{\"@id\":\"https:\\\/\\\/eettinenluksus.fi\\\/shop\\\/#\\\/schema\\\/logo\\\/image\\\/\"},\"sameAs\":[\"https:\\\/\\\/www.facebook.com\\\/eettinenluksus\",\"https:\\\/\\\/www.instagram.com\\\/eettinenluksus\\\/\"]}]}<\/script>\n<meta property=\"product:price:amount\" content=\"12.00\" \/>\n<meta property=\"product:price:currency\" content=\"EUR\" \/>\n<meta property=\"og:availability\" content=\"instock\" \/>\n<meta property=\"product:availability\" content=\"instock\" \/>\n<meta property=\"product:retailer_item_id\" content=\"4006258\" \/>\n<meta property=\"product:condition\" content=\"new\" \/>\n<!-- \/ Yoast SEO Premium plugin. -->","yoast_head_json":{"title":"Method Suihkusaippua Daily Zen 532ml - Shop Eettinen Luksus","description":"Method Suihkusaippua Daily Zen 532ml - Viile\u00e4, kurkulta, merilev\u00e4lt\u00e4 + vihre\u00e4lt\u00e4 teelt\u00e4 tuoksuva suihkusaippua raikastaa ihosi ja virkist\u00e4\u00e4 sinut.","robots":{"index":"index","follow":"follow","max-snippet":"max-snippet:-1","max-image-preview":"max-image-preview:large","max-video-preview":"max-video-preview:-1"},"canonical":"https:\/\/eettinenluksus.fi\/shop\/en\/product\/method-suihkusaippua-daily-zen-532ml\/","og_locale":"en_GB","og_type":"article","og_title":"Method Suihkusaippua Daily Zen 532ml","og_description":"Method Suihkusaippua Daily Zen 532ml - Viile\u00e4, kurkulta, merilev\u00e4lt\u00e4 + vihre\u00e4lt\u00e4 teelt\u00e4 tuoksuva suihkusaippua raikastaa ihosi ja virkist\u00e4\u00e4 sinut.","og_url":"https:\/\/eettinenluksus.fi\/shop\/en\/product\/method-suihkusaippua-daily-zen-532ml\/","og_site_name":"Shop Eettinen Luksus","article_publisher":"https:\/\/www.facebook.com\/eettinenluksus","article_modified_time":"2025-01-09T14:06:04+00:00","og_image":[{"width":1045,"height":1045,"url":"https:\/\/eettinenluksus.fi\/shop\/wp-content\/uploads\/sites\/4\/1736\/31\/Method-Suihkusaippua-Daily-Zen-532ml.jpg","type":"image\/jpeg"}],"twitter_card":"summary_large_image","twitter_misc":{"Price":"12,00&nbsp;&euro;","Availability":"In stock"},"schema":{"@context":"https:\/\/schema.org","@graph":[{"@type":"WebPage","@id":"https:\/\/eettinenluksus.fi\/shop\/tuote\/method-suihkusaippua-daily-zen-532ml\/","url":"https:\/\/eettinenluksus.fi\/shop\/tuote\/method-suihkusaippua-daily-zen-532ml\/","name":"Method Suihkusaippua Daily Zen 532ml - Shop Eettinen Luksus","isPartOf":{"@id":"https:\/\/eettinenluksus.fi\/shop\/#website"},"primaryImageOfPage":{"@id":"https:\/\/eettinenluksus.fi\/shop\/tuote\/method-suihkusaippua-daily-zen-532ml\/#primaryimage"},"image":{"@id":"https:\/\/eettinenluksus.fi\/shop\/tuote\/method-suihkusaippua-daily-zen-532ml\/#primaryimage"},"thumbnailUrl":"https:\/\/eettinenluksus.fi\/shop\/wp-content\/uploads\/sites\/4\/1736\/31\/Method-Suihkusaippua-Daily-Zen-532ml.jpg","datePublished":"2024-12-02T08:32:42+00:00","dateModified":"2025-01-09T14:06:04+00:00","description":"Method Suihkusaippua Daily Zen 532ml - Viile\u00e4, kurkulta, merilev\u00e4lt\u00e4 + vihre\u00e4lt\u00e4 teelt\u00e4 tuoksuva suihkusaippua raikastaa ihosi ja virkist\u00e4\u00e4 sinut.","breadcrumb":{"@id":"https:\/\/eettinenluksus.fi\/shop\/tuote\/method-suihkusaippua-daily-zen-532ml\/#breadcrumb"},"inLanguage":"en-GB","potentialAction":[{"@type":"ReadAction","target":["https:\/\/eettinenluksus.fi\/shop\/tuote\/method-suihkusaippua-daily-zen-532ml\/"]}]},{"@type":"ImageObject","inLanguage":"en-GB","@id":"https:\/\/eettinenluksus.fi\/shop\/tuote\/method-suihkusaippua-daily-zen-532ml\/#primaryimage","url":"https:\/\/eettinenluksus.fi\/shop\/wp-content\/uploads\/sites\/4\/1736\/31\/Method-Suihkusaippua-Daily-Zen-532ml.jpg","contentUrl":"https:\/\/eettinenluksus.fi\/shop\/wp-content\/uploads\/sites\/4\/1736\/31\/Method-Suihkusaippua-Daily-Zen-532ml.jpg","width":1045,"height":1045,"caption":"Method Suihkusaippua Daily Zen 532ml"},{"@type":"BreadcrumbList","@id":"https:\/\/eettinenluksus.fi\/shop\/tuote\/method-suihkusaippua-daily-zen-532ml\/#breadcrumb","itemListElement":[{"@type":"ListItem","position":1,"name":"Etusivu","item":"https:\/\/eettinenluksus.fi\/shop\/"},{"@type":"ListItem","position":2,"name":"Kauppa","item":"https:\/\/eettinenluksus.fi\/shop\/en\/kauppa\/"},{"@type":"ListItem","position":3,"name":"Method Suihkusaippua Daily Zen 532ml"}]},{"@type":"WebSite","@id":"https:\/\/eettinenluksus.fi\/shop\/#website","url":"https:\/\/eettinenluksus.fi\/shop\/","name":"Shop Eettinen Luksus","description":"Uusi verkkokauppa","publisher":{"@id":"https:\/\/eettinenluksus.fi\/shop\/#organization"},"potentialAction":[{"@type":"SearchAction","target":{"@type":"EntryPoint","urlTemplate":"https:\/\/eettinenluksus.fi\/shop\/?s={search_term_string}"},"query-input":{"@type":"PropertyValueSpecification","valueRequired":true,"valueName":"search_term_string"}}],"inLanguage":"en-GB"},{"@type":"Organization","@id":"https:\/\/eettinenluksus.fi\/shop\/#organization","name":"Shop Eettinen Luksus","url":"https:\/\/eettinenluksus.fi\/shop\/","logo":{"@type":"ImageObject","inLanguage":"en-GB","@id":"https:\/\/eettinenluksus.fi\/shop\/#\/schema\/logo\/image\/","url":"https:\/\/eettinenluksus.fi\/shop\/wp-content\/uploads\/sites\/4\/1664\/37\/cropped-ELO.jpg","contentUrl":"https:\/\/eettinenluksus.fi\/shop\/wp-content\/uploads\/sites\/4\/1664\/37\/cropped-ELO.jpg","width":810,"height":350,"caption":"Shop Eettinen Luksus"},"image":{"@id":"https:\/\/eettinenluksus.fi\/shop\/#\/schema\/logo\/image\/"},"sameAs":["https:\/\/www.facebook.com\/eettinenluksus","https:\/\/www.instagram.com\/eettinenluksus\/"]}]},"product_price_amount":"12.00","product_price_currency":"EUR","og_availability":"instock","product_availability":"instock","product_retailer_item_id":"4006258","product_condition":"new"},"_links":{"self":[{"href":"https:\/\/eettinenluksus.fi\/shop\/en\/wp-json\/wp\/v2\/product\/3394","targetHints":{"allow":["GET"]}}],"collection":[{"href":"https:\/\/eettinenluksus.fi\/shop\/en\/wp-json\/wp\/v2\/product"}],"about":[{"href":"https:\/\/eettinenluksus.fi\/shop\/en\/wp-json\/wp\/v2\/types\/product"}],"version-history":[{"count":3,"href":"https:\/\/eettinenluksus.fi\/shop\/en\/wp-json\/wp\/v2\/product\/3394\/revisions"}],"predecessor-version":[{"id":4456,"href":"https:\/\/eettinenluksus.fi\/shop\/en\/wp-json\/wp\/v2\/product\/3394\/revisions\/4456"}],"wp:featuredmedia":[{"embeddable":true,"href":"https:\/\/eettinenluksus.fi\/shop\/en\/wp-json\/wp\/v2\/media\/4457"}],"wp:attachment":[{"href":"https:\/\/eettinenluksus.fi\/shop\/en\/wp-json\/wp\/v2\/media?parent=3394"}],"wp:term":[{"taxonomy":"product_brand","embeddable":true,"href":"https:\/\/eettinenluksus.fi\/shop\/en\/wp-json\/wp\/v2\/product_brand?post=3394"},{"taxonomy":"product_cat","embeddable":true,"href":"https:\/\/eettinenluksus.fi\/shop\/en\/wp-json\/wp\/v2\/product_cat?post=3394"},{"taxonomy":"product_tag","embeddable":true,"href":"https:\/\/eettinenluksus.fi\/shop\/en\/wp-json\/wp\/v2\/product_tag?post=3394"}],"curies":[{"name":"wp","href":"https:\/\/api.w.org\/{rel}","templated":true}]}}