{"id":3052,"date":"2023-12-11T09:42:06","date_gmt":"2023-12-11T07:42:06","guid":{"rendered":"https:\/\/eettinenluksus.fi\/shop\/?post_type=product&#038;p=3052"},"modified":"2025-10-23T17:33:37","modified_gmt":"2025-10-23T14:33:37","slug":"moominbymilu-tuoksukynttila-eucalyptus-cedar-75x95mm","status":"publish","type":"product","link":"https:\/\/eettinenluksus.fi\/shop\/en\/product\/moominbymilu-tuoksukynttila-eucalyptus-cedar-75x95mm\/","title":{"rendered":"MoominbyMiLu Scented Wax Candle Eucalyptus Cedar 75x95mm"},"content":{"rendered":"<p style=\"font-size:0px;\">Tuoksukynttil\u00e4 puukantisessa lasipurkissa MoominbyMiLu Tuoksukynttil\u00e4 Eucalyptus Cedar 75x95mm Ekologinen kynttil\u00e4 on tuotettu uusiutuvalla energialla.<\/p>\n<p>Scented candle in glass with wooden cap. 75X95mm.<\/p>\n<p>Moomintroll is a dreamer and thinker. The exclusive scent \u201cEucalyptus &amp; Cedarwood\u201d with Australian Eucalyptus, Cedar, White Maple is the best choice for creating ideas and relaxation.<\/p>\n<p>Moomin scented candles by MiLu are natural eco-friendly rapeseed wax candles, vegan, GMO free, hand made with essential oils, palm-free. 100% Ecotex certified cotton wick is being used. Burns w\/o releasing toxic substances. Low soot index.<\/p>\n<p>Our production processes and planning are focused on sustainable management, all products are manufactured using electricity from 100% renewable sources and it is very important for us to use the most environmentally friendly packaging, without or with minimal usage of plastic materials and from recycled materials.<\/p>\n<p>Enjoy the Moominous well-being experience &amp; fragrance joy with the Moomin candles by Milu!<\/p>\n<p style=\"font-size:0px;\">Tuoksukynttil\u00e4 puukantisessa lasipurkissa 75x95mm Ekologinen kynttil\u00e4 on tuotettu uusiutuvalla energialla.<\/p>\n<h2 style=\"font-size:0px;\">MoominbyMiLu Tuoksukynttil\u00e4 Eucalyptus Cedar<\/h2>\n<p style=\"font-size:0px;\">tuoksukynttil\u00e4, ekologinen, eucalyptus, cedar, rypsivahakynttil\u00e4, eucalyptus, cedar, kynttil\u00e4, ymp\u00e4rist\u00f6yst\u00e4v\u00e4llinen, uusituva energia, ymp\u00e4rist\u00f6yst\u00e4v\u00e4llinen, sertifioitu puuvilla, kynttil\u00e4, ymp\u00e4rist\u00f6yst\u00e4v\u00e4llinen, tuoksukynttil\u00e4, eucalyptus, cedar, ymp\u00e4rist\u00f6yst\u00e4v\u00e4llinen, kynttil\u00e4, k\u00e4sintehty, ekologinen, kynttil\u00e4, eucalyptus, cedar, ymp\u00e4rist\u00f6yst\u00e4v\u00e4llinen, ekologinen, eucalyptus, cedar. rypsivahakynttil\u00e4, kynttil\u00e4, tuoksukynttil\u00e4, ymp\u00e4rist\u00f6yst\u00e4v\u00e4llinen, uusituva energia, kynttil\u00e4, sertifioitu puuvilla, ymp\u00e4rist\u00f6yst\u00e4v\u00e4llinen, eucalyptus, cedar, k\u00e4sintehty.<\/p>\n<p style=\"font-size:0px;\">ekologinen, kynttil\u00e4, eucalyptus, cedar, ymp\u00e4rist\u00f6yst\u00e4v\u00e4llinen, tuoksukynttil\u00e4, ymp\u00e4rist\u00f6yst\u00e4v\u00e4llinen, ekologinen, eucalyptus, cedar. rypsivahakynttil\u00e4, kynttil\u00e4, eucalyptus, cedar,tuoksukynttil\u00e4, uusituva energia, sertifioitu puuvilla, eucalyptus, cedar, ekologinen, eucalyptus, cedar, k\u00e4sintehty, ymp\u00e4rist\u00f6yst\u00e4v\u00e4llinen, ekologinen, eucalyptus, cedar. tuoksukynttil\u00e4, ekologinen, eucalyptus, kynttil\u00e4, cedar, rypsivahakynttil\u00e4, ymp\u00e4rist\u00f6yst\u00e4v\u00e4llinen, kynttil\u00e4, uusituva energia, tuoksukynttil\u00e4, sertifioitu puuvilla, k\u00e4sintehty, ymp\u00e4rist\u00f6yst\u00e4v\u00e4llinen, ekologinen, eucalyptus, cedar.<\/p>\n<ul style=\"font-size:0px;\">\n<li>tuoksukynttil\u00e4<\/li>\n<li>eucalyptus cedar<\/li>\n<li>ecological<\/li>\n<p style=\"font-size:0px;\"><a href=\"https:\/\/eettinenluksus.fi\/shop\/tuote\/moominbymilu-tuoksukynttila-rose-vanilla-75x95mm\/\"><span style=\"font-size: 0px;\">&#8211;<\/span><\/a><a href=\"https:\/\/eettinenluksus.fi\/shop\/tuote\/moominbymilu-tuoksukynttila-marine-freshness-75x95mm\/\"><span style=\"font-size: 0px;\">&#8211;<\/span><\/a><a href=\"https:\/\/eettinenluksus.fi\/shop\/tuote\/mreco-lattialiina-bambu-puuvilla-50x50cm-l-valk\/\"><span style=\"font-size: 0px;\">&#8211;<\/span><\/a><a href=\"https:\/\/eettinenluksus.fi\/shop\/tuote\/mreco-sieniliina-16x18cm-3kpl\/\"><span style=\"font-size: 0px;\">&#8211;<\/span><\/a><a href=\"https:\/\/eettinenluksus.fi\/shop\/tuote\/mreco-astianpesuharja-puu-sisal\/\"><span style=\"font-size: 0px;\">&#8211;<\/span><\/a><a href=\"https:\/\/eettinenluksus.fi\/shop\/tuote\/method-astianpesuaine-peach-pink-pepper-paketti\/\"><span style=\"font-size: 0px;\">&#8211;<\/span><\/a><a href=\"https:\/\/eettinenluksus.fi\/shop\/tuote\/classic-antistat-spray-225ml\/\"><span style=\"font-size: 0px;\">&#8211;<\/span><\/a><\/p>","protected":false},"excerpt":{"rendered":"<p>Scented candle in glass with wooden cap. 75X95mm.<\/p>\n<p>The exclusive scent \u201cEucalyptus &amp; Cedarwood\u201d with Australian Eucalyptus, Cedar, White Maple is the best choice for creating ideas and relaxation.<\/p>","protected":false},"featured_media":4035,"template":"","meta":{"inline_featured_image":false},"product_brand":[],"product_cat":[123,426,142],"product_tag":[70,153,159,155,158,152,147,148,154,149,156],"class_list":{"0":"post-3052","1":"product","2":"type-product","3":"status-publish","4":"has-post-thumbnail","6":"product_cat-hyvinvointi","7":"product_cat-muumit","8":"product_cat-muumi-tuoksukynttilat","9":"product_tag-ekologinen","10":"product_tag-eteeriset-oljyt","11":"product_tag-eukalyptus","12":"product_tag-gmo-vapaa","13":"product_tag-metsa","14":"product_tag-milu","15":"product_tag-moomin","16":"product_tag-muumi","17":"product_tag-rypsivaha","18":"product_tag-tuoksukynttila","19":"product_tag-vegaaninen","21":"first","22":"instock","23":"taxable","24":"shipping-taxable","25":"purchasable","26":"product-type-simple"},"yoast_head":"<!-- This site is optimized with the Yoast SEO Premium plugin v26.8 (Yoast SEO v27.4) - https:\/\/yoast.com\/product\/yoast-seo-premium-wordpress\/ -->\n<title>MoominbyMiLu Tuoksukynttil\u00e4 Eucalyptus Cedar 75x95mm - Shop Eettinen Luksus<\/title>\n<meta name=\"description\" content=\"Tuoksukynttil\u00e4 puukantisessa lasipurkissa MoominbyMiLu Tuoksukynttil\u00e4 Eucalyptus Cedar 75x95mm Ekologinen kynttil\u00e4 on tuotettu uusiutuvalla energialla.\" \/>\n<meta name=\"robots\" content=\"index, follow, max-snippet:-1, max-image-preview:large, max-video-preview:-1\" \/>\n<link rel=\"canonical\" href=\"https:\/\/eettinenluksus.fi\/shop\/en\/product\/moominbymilu-tuoksukynttila-eucalyptus-cedar-75x95mm\/\" \/>\n<meta property=\"og:locale\" content=\"en_GB\" \/>\n<meta property=\"og:type\" content=\"article\" \/>\n<meta property=\"og:title\" content=\"MoominbyMiLu Tuoksukynttil\u00e4 Eucalyptus Cedar 75x95mm\" \/>\n<meta property=\"og:description\" content=\"Tuoksukynttil\u00e4 puukantisessa lasipurkissa MoominbyMiLu Tuoksukynttil\u00e4 Eucalyptus Cedar 75x95mm Ekologinen kynttil\u00e4 on tuotettu uusiutuvalla energialla.\" \/>\n<meta property=\"og:url\" content=\"https:\/\/eettinenluksus.fi\/shop\/en\/product\/moominbymilu-tuoksukynttila-eucalyptus-cedar-75x95mm\/\" \/>\n<meta property=\"og:site_name\" content=\"Shop Eettinen Luksus\" \/>\n<meta property=\"article:publisher\" content=\"https:\/\/www.facebook.com\/eettinenluksus\" \/>\n<meta property=\"article:modified_time\" content=\"2025-10-23T14:33:37+00:00\" \/>\n<meta property=\"og:image\" content=\"https:\/\/eettinenluksus.fi\/shop\/wp-content\/uploads\/sites\/4\/1726\/12\/milu_eucalyptus_nelio.jpg\" \/>\n\t<meta property=\"og:image:width\" content=\"600\" \/>\n\t<meta property=\"og:image:height\" content=\"600\" \/>\n\t<meta property=\"og:image:type\" content=\"image\/jpeg\" \/>\n<meta name=\"twitter:card\" content=\"summary_large_image\" \/>\n<meta name=\"twitter:label1\" content=\"Price\" \/>\n\t<meta name=\"twitter:data1\" content=\"12,00&nbsp;&euro;\" \/>\n\t<meta name=\"twitter:label2\" content=\"Availability\" \/>\n\t<meta name=\"twitter:data2\" content=\"In stock\" \/>\n<script type=\"application\/ld+json\" class=\"yoast-schema-graph\">{\"@context\":\"https:\\\/\\\/schema.org\",\"@graph\":[{\"@type\":\"WebPage\",\"@id\":\"https:\\\/\\\/eettinenluksus.fi\\\/shop\\\/tuote\\\/moominbymilu-tuoksukynttila-eucalyptus-cedar-75x95mm\\\/\",\"url\":\"https:\\\/\\\/eettinenluksus.fi\\\/shop\\\/tuote\\\/moominbymilu-tuoksukynttila-eucalyptus-cedar-75x95mm\\\/\",\"name\":\"MoominbyMiLu Tuoksukynttil\u00e4 Eucalyptus Cedar 75x95mm - Shop Eettinen Luksus\",\"isPartOf\":{\"@id\":\"https:\\\/\\\/eettinenluksus.fi\\\/shop\\\/#website\"},\"primaryImageOfPage\":{\"@id\":\"https:\\\/\\\/eettinenluksus.fi\\\/shop\\\/tuote\\\/moominbymilu-tuoksukynttila-eucalyptus-cedar-75x95mm\\\/#primaryimage\"},\"image\":{\"@id\":\"https:\\\/\\\/eettinenluksus.fi\\\/shop\\\/tuote\\\/moominbymilu-tuoksukynttila-eucalyptus-cedar-75x95mm\\\/#primaryimage\"},\"thumbnailUrl\":\"https:\\\/\\\/eettinenluksus.fi\\\/shop\\\/wp-content\\\/uploads\\\/sites\\\/4\\\/1726\\\/12\\\/milu_eucalyptus_nelio.jpg\",\"datePublished\":\"2023-12-11T07:42:06+00:00\",\"dateModified\":\"2025-10-23T14:33:37+00:00\",\"description\":\"Tuoksukynttil\u00e4 puukantisessa lasipurkissa MoominbyMiLu Tuoksukynttil\u00e4 Eucalyptus Cedar 75x95mm Ekologinen kynttil\u00e4 on tuotettu uusiutuvalla energialla.\",\"breadcrumb\":{\"@id\":\"https:\\\/\\\/eettinenluksus.fi\\\/shop\\\/tuote\\\/moominbymilu-tuoksukynttila-eucalyptus-cedar-75x95mm\\\/#breadcrumb\"},\"inLanguage\":\"en-GB\",\"potentialAction\":[{\"@type\":\"ReadAction\",\"target\":[\"https:\\\/\\\/eettinenluksus.fi\\\/shop\\\/tuote\\\/moominbymilu-tuoksukynttila-eucalyptus-cedar-75x95mm\\\/\"]}]},{\"@type\":\"ImageObject\",\"inLanguage\":\"en-GB\",\"@id\":\"https:\\\/\\\/eettinenluksus.fi\\\/shop\\\/tuote\\\/moominbymilu-tuoksukynttila-eucalyptus-cedar-75x95mm\\\/#primaryimage\",\"url\":\"https:\\\/\\\/eettinenluksus.fi\\\/shop\\\/wp-content\\\/uploads\\\/sites\\\/4\\\/1726\\\/12\\\/milu_eucalyptus_nelio.jpg\",\"contentUrl\":\"https:\\\/\\\/eettinenluksus.fi\\\/shop\\\/wp-content\\\/uploads\\\/sites\\\/4\\\/1726\\\/12\\\/milu_eucalyptus_nelio.jpg\",\"width\":600,\"height\":600,\"caption\":\"Moomin Eucalyptus Cedar\"},{\"@type\":\"BreadcrumbList\",\"@id\":\"https:\\\/\\\/eettinenluksus.fi\\\/shop\\\/tuote\\\/moominbymilu-tuoksukynttila-eucalyptus-cedar-75x95mm\\\/#breadcrumb\",\"itemListElement\":[{\"@type\":\"ListItem\",\"position\":1,\"name\":\"Etusivu\",\"item\":\"https:\\\/\\\/eettinenluksus.fi\\\/shop\\\/\"},{\"@type\":\"ListItem\",\"position\":2,\"name\":\"Kauppa\",\"item\":\"https:\\\/\\\/eettinenluksus.fi\\\/shop\\\/en\\\/kauppa\\\/\"},{\"@type\":\"ListItem\",\"position\":3,\"name\":\"MoominbyMiLu Tuoksukynttil\u00e4 Eucalyptus Cedar 75x95mm\"}]},{\"@type\":\"WebSite\",\"@id\":\"https:\\\/\\\/eettinenluksus.fi\\\/shop\\\/#website\",\"url\":\"https:\\\/\\\/eettinenluksus.fi\\\/shop\\\/\",\"name\":\"Shop Eettinen Luksus\",\"description\":\"Uusi verkkokauppa\",\"publisher\":{\"@id\":\"https:\\\/\\\/eettinenluksus.fi\\\/shop\\\/#organization\"},\"potentialAction\":[{\"@type\":\"SearchAction\",\"target\":{\"@type\":\"EntryPoint\",\"urlTemplate\":\"https:\\\/\\\/eettinenluksus.fi\\\/shop\\\/?s={search_term_string}\"},\"query-input\":{\"@type\":\"PropertyValueSpecification\",\"valueRequired\":true,\"valueName\":\"search_term_string\"}}],\"inLanguage\":\"en-GB\"},{\"@type\":\"Organization\",\"@id\":\"https:\\\/\\\/eettinenluksus.fi\\\/shop\\\/#organization\",\"name\":\"Shop Eettinen Luksus\",\"url\":\"https:\\\/\\\/eettinenluksus.fi\\\/shop\\\/\",\"logo\":{\"@type\":\"ImageObject\",\"inLanguage\":\"en-GB\",\"@id\":\"https:\\\/\\\/eettinenluksus.fi\\\/shop\\\/#\\\/schema\\\/logo\\\/image\\\/\",\"url\":\"https:\\\/\\\/eettinenluksus.fi\\\/shop\\\/wp-content\\\/uploads\\\/sites\\\/4\\\/1664\\\/37\\\/cropped-ELO.jpg\",\"contentUrl\":\"https:\\\/\\\/eettinenluksus.fi\\\/shop\\\/wp-content\\\/uploads\\\/sites\\\/4\\\/1664\\\/37\\\/cropped-ELO.jpg\",\"width\":810,\"height\":350,\"caption\":\"Shop Eettinen Luksus\"},\"image\":{\"@id\":\"https:\\\/\\\/eettinenluksus.fi\\\/shop\\\/#\\\/schema\\\/logo\\\/image\\\/\"},\"sameAs\":[\"https:\\\/\\\/www.facebook.com\\\/eettinenluksus\",\"https:\\\/\\\/www.instagram.com\\\/eettinenluksus\\\/\"]}]}<\/script>\n<meta property=\"product:price:amount\" content=\"12.00\" \/>\n<meta property=\"product:price:currency\" content=\"EUR\" \/>\n<meta property=\"og:availability\" content=\"instock\" \/>\n<meta property=\"product:availability\" content=\"instock\" \/>\n<meta property=\"product:retailer_item_id\" content=\"3788504\" \/>\n<meta property=\"product:condition\" content=\"new\" \/>\n<!-- \/ Yoast SEO Premium plugin. -->","yoast_head_json":{"title":"MoominbyMiLu Tuoksukynttil\u00e4 Eucalyptus Cedar 75x95mm - Shop Eettinen Luksus","description":"Tuoksukynttil\u00e4 puukantisessa lasipurkissa MoominbyMiLu Tuoksukynttil\u00e4 Eucalyptus Cedar 75x95mm Ekologinen kynttil\u00e4 on tuotettu uusiutuvalla energialla.","robots":{"index":"index","follow":"follow","max-snippet":"max-snippet:-1","max-image-preview":"max-image-preview:large","max-video-preview":"max-video-preview:-1"},"canonical":"https:\/\/eettinenluksus.fi\/shop\/en\/product\/moominbymilu-tuoksukynttila-eucalyptus-cedar-75x95mm\/","og_locale":"en_GB","og_type":"article","og_title":"MoominbyMiLu Tuoksukynttil\u00e4 Eucalyptus Cedar 75x95mm","og_description":"Tuoksukynttil\u00e4 puukantisessa lasipurkissa MoominbyMiLu Tuoksukynttil\u00e4 Eucalyptus Cedar 75x95mm Ekologinen kynttil\u00e4 on tuotettu uusiutuvalla energialla.","og_url":"https:\/\/eettinenluksus.fi\/shop\/en\/product\/moominbymilu-tuoksukynttila-eucalyptus-cedar-75x95mm\/","og_site_name":"Shop Eettinen Luksus","article_publisher":"https:\/\/www.facebook.com\/eettinenluksus","article_modified_time":"2025-10-23T14:33:37+00:00","og_image":[{"width":600,"height":600,"url":"https:\/\/eettinenluksus.fi\/shop\/wp-content\/uploads\/sites\/4\/1726\/12\/milu_eucalyptus_nelio.jpg","type":"image\/jpeg"}],"twitter_card":"summary_large_image","twitter_misc":{"Price":"12,00&nbsp;&euro;","Availability":"In stock"},"schema":{"@context":"https:\/\/schema.org","@graph":[{"@type":"WebPage","@id":"https:\/\/eettinenluksus.fi\/shop\/tuote\/moominbymilu-tuoksukynttila-eucalyptus-cedar-75x95mm\/","url":"https:\/\/eettinenluksus.fi\/shop\/tuote\/moominbymilu-tuoksukynttila-eucalyptus-cedar-75x95mm\/","name":"MoominbyMiLu Tuoksukynttil\u00e4 Eucalyptus Cedar 75x95mm - Shop Eettinen Luksus","isPartOf":{"@id":"https:\/\/eettinenluksus.fi\/shop\/#website"},"primaryImageOfPage":{"@id":"https:\/\/eettinenluksus.fi\/shop\/tuote\/moominbymilu-tuoksukynttila-eucalyptus-cedar-75x95mm\/#primaryimage"},"image":{"@id":"https:\/\/eettinenluksus.fi\/shop\/tuote\/moominbymilu-tuoksukynttila-eucalyptus-cedar-75x95mm\/#primaryimage"},"thumbnailUrl":"https:\/\/eettinenluksus.fi\/shop\/wp-content\/uploads\/sites\/4\/1726\/12\/milu_eucalyptus_nelio.jpg","datePublished":"2023-12-11T07:42:06+00:00","dateModified":"2025-10-23T14:33:37+00:00","description":"Tuoksukynttil\u00e4 puukantisessa lasipurkissa MoominbyMiLu Tuoksukynttil\u00e4 Eucalyptus Cedar 75x95mm Ekologinen kynttil\u00e4 on tuotettu uusiutuvalla energialla.","breadcrumb":{"@id":"https:\/\/eettinenluksus.fi\/shop\/tuote\/moominbymilu-tuoksukynttila-eucalyptus-cedar-75x95mm\/#breadcrumb"},"inLanguage":"en-GB","potentialAction":[{"@type":"ReadAction","target":["https:\/\/eettinenluksus.fi\/shop\/tuote\/moominbymilu-tuoksukynttila-eucalyptus-cedar-75x95mm\/"]}]},{"@type":"ImageObject","inLanguage":"en-GB","@id":"https:\/\/eettinenluksus.fi\/shop\/tuote\/moominbymilu-tuoksukynttila-eucalyptus-cedar-75x95mm\/#primaryimage","url":"https:\/\/eettinenluksus.fi\/shop\/wp-content\/uploads\/sites\/4\/1726\/12\/milu_eucalyptus_nelio.jpg","contentUrl":"https:\/\/eettinenluksus.fi\/shop\/wp-content\/uploads\/sites\/4\/1726\/12\/milu_eucalyptus_nelio.jpg","width":600,"height":600,"caption":"Moomin Eucalyptus Cedar"},{"@type":"BreadcrumbList","@id":"https:\/\/eettinenluksus.fi\/shop\/tuote\/moominbymilu-tuoksukynttila-eucalyptus-cedar-75x95mm\/#breadcrumb","itemListElement":[{"@type":"ListItem","position":1,"name":"Etusivu","item":"https:\/\/eettinenluksus.fi\/shop\/"},{"@type":"ListItem","position":2,"name":"Kauppa","item":"https:\/\/eettinenluksus.fi\/shop\/en\/kauppa\/"},{"@type":"ListItem","position":3,"name":"MoominbyMiLu Tuoksukynttil\u00e4 Eucalyptus Cedar 75x95mm"}]},{"@type":"WebSite","@id":"https:\/\/eettinenluksus.fi\/shop\/#website","url":"https:\/\/eettinenluksus.fi\/shop\/","name":"Shop Eettinen Luksus","description":"Uusi verkkokauppa","publisher":{"@id":"https:\/\/eettinenluksus.fi\/shop\/#organization"},"potentialAction":[{"@type":"SearchAction","target":{"@type":"EntryPoint","urlTemplate":"https:\/\/eettinenluksus.fi\/shop\/?s={search_term_string}"},"query-input":{"@type":"PropertyValueSpecification","valueRequired":true,"valueName":"search_term_string"}}],"inLanguage":"en-GB"},{"@type":"Organization","@id":"https:\/\/eettinenluksus.fi\/shop\/#organization","name":"Shop Eettinen Luksus","url":"https:\/\/eettinenluksus.fi\/shop\/","logo":{"@type":"ImageObject","inLanguage":"en-GB","@id":"https:\/\/eettinenluksus.fi\/shop\/#\/schema\/logo\/image\/","url":"https:\/\/eettinenluksus.fi\/shop\/wp-content\/uploads\/sites\/4\/1664\/37\/cropped-ELO.jpg","contentUrl":"https:\/\/eettinenluksus.fi\/shop\/wp-content\/uploads\/sites\/4\/1664\/37\/cropped-ELO.jpg","width":810,"height":350,"caption":"Shop Eettinen Luksus"},"image":{"@id":"https:\/\/eettinenluksus.fi\/shop\/#\/schema\/logo\/image\/"},"sameAs":["https:\/\/www.facebook.com\/eettinenluksus","https:\/\/www.instagram.com\/eettinenluksus\/"]}]},"product_price_amount":"12.00","product_price_currency":"EUR","og_availability":"instock","product_availability":"instock","product_retailer_item_id":"3788504","product_condition":"new"},"_links":{"self":[{"href":"https:\/\/eettinenluksus.fi\/shop\/en\/wp-json\/wp\/v2\/product\/3052","targetHints":{"allow":["GET"]}}],"collection":[{"href":"https:\/\/eettinenluksus.fi\/shop\/en\/wp-json\/wp\/v2\/product"}],"about":[{"href":"https:\/\/eettinenluksus.fi\/shop\/en\/wp-json\/wp\/v2\/types\/product"}],"version-history":[{"count":9,"href":"https:\/\/eettinenluksus.fi\/shop\/en\/wp-json\/wp\/v2\/product\/3052\/revisions"}],"predecessor-version":[{"id":3155,"href":"https:\/\/eettinenluksus.fi\/shop\/en\/wp-json\/wp\/v2\/product\/3052\/revisions\/3155"}],"wp:featuredmedia":[{"embeddable":true,"href":"https:\/\/eettinenluksus.fi\/shop\/en\/wp-json\/wp\/v2\/media\/4035"}],"wp:attachment":[{"href":"https:\/\/eettinenluksus.fi\/shop\/en\/wp-json\/wp\/v2\/media?parent=3052"}],"wp:term":[{"taxonomy":"product_brand","embeddable":true,"href":"https:\/\/eettinenluksus.fi\/shop\/en\/wp-json\/wp\/v2\/product_brand?post=3052"},{"taxonomy":"product_cat","embeddable":true,"href":"https:\/\/eettinenluksus.fi\/shop\/en\/wp-json\/wp\/v2\/product_cat?post=3052"},{"taxonomy":"product_tag","embeddable":true,"href":"https:\/\/eettinenluksus.fi\/shop\/en\/wp-json\/wp\/v2\/product_tag?post=3052"}],"curies":[{"name":"wp","href":"https:\/\/api.w.org\/{rel}","templated":true}]}}