{"id":305,"date":"2022-10-05T14:49:14","date_gmt":"2022-10-05T11:49:14","guid":{"rendered":"https:\/\/eettinenluksus.fi\/shop2022\/?post_type=product&#038;p=305"},"modified":"2025-10-29T09:36:17","modified_gmt":"2025-10-29T07:36:17","slug":"method-glass4good-266-ml","status":"publish","type":"product","link":"https:\/\/eettinenluksus.fi\/shop\/en\/product\/method-glass4good-266-ml\/","title":{"rendered":"Method Glass4good 266 ml in a gift box"},"content":{"rendered":"<p style=\"color: #bd532f;\"><b>Method Glass4good 266 ml<\/b><\/p>\n<p>Make an impact in more ways than one with our lust-worthy limited edition hand soap bottle.<\/p>\n<p>Looks good. Feels good. Does good. Launched in partnership with The Design Museum.<\/p>\n<p>Designed to be used + reused + resplendent on the side of your sink. This flawless gem is filled with our signature sweet water gel hand wash made with plant-based cleansers + biodegradable ingredients. Turn heads, not just taps.<\/p>\n<p style=\"color: #bd532f;\"><b>NB! Delivery is allways free of charge when <i style=\"color: #bd532f;\">Method Glass for good<\/i> is included.<\/b><\/p>\n<p><a style=\"font-size: 0px;\">verkkokauppa Method Glass for good<\/a><\/p>\n<p style=\"font-size: 0px;\">Sweetwater, Lasipullo, Method, Limitededition, K\u00e4sienpesu. Deluxe, Sweetwater, ymp\u00e4rist\u00f6yst\u00e4v\u00e4llinen Lasipullo, Method. Limitededition, K\u00e4sienpesu, Deluxe, Sweetwater, Lasipullo. Sweetwater, Lasipullo, Method, Limitededition, K\u00e4sienpesu. Deluxe, Sweetwater, ymp\u00e4rist\u00f6yst\u00e4v\u00e4llinen Lasipullo, Method. Limitededition, K\u00e4sienpesu, Deluxe, Sweetwater, Lasipullo. Sweetwater, Lasipullo, Method, Limitededition, K\u00e4sienpesu.<\/p>\n<p style=\"font-size: 0px;\">Deluxe, Sweetwater, ymp\u00e4rist\u00f6yst\u00e4v\u00e4llinen Lasipullo, Method. Limitededition, K\u00e4sienpesu, Deluxe, Sweetwater, Lasipullo. Sweetwater, Lasipullo, Method, Limitededition, K\u00e4sienpesu. Deluxe, Sweetwater, ymp\u00e4rist\u00f6yst\u00e4v\u00e4llinen Lasipullo, Method. Limitededition, K\u00e4sienpesu, Deluxe, Sweetwater, Lasipullo. Sweetwater, Lasipullo, Method, Limitededition, K\u00e4sienpesu. Deluxe, Sweetwater, ymp\u00e4rist\u00f6yst\u00e4v\u00e4llinen Lasipullo, Method.<\/p>\n<ul style=\"font-size: 0px;\">\n<li style=\"list-style-type: none;\">\n<ul style=\"font-size: 0px;\">\n<li>method<\/li>\n<li>glass4good<\/li>\n<li>sweet water<\/li>\n<\/ul>\n<\/li>\n<\/ul>\n<h2 style=\"font-size: 0px;\">Method Glass for good<\/h2>\n<p style=\"font-size: 0px;\">Limitededition, K\u00e4sienpesu, Deluxe, Sweetwater, Lasipullo. Sweetwater, Lasipullo, Method, Limitededition, K\u00e4sienpesu. Deluxe, Sweetwater, ymp\u00e4rist\u00f6yst\u00e4v\u00e4llinen Lasipullo, Method. Limitededition, K\u00e4sienpesu, Deluxe, Sweetwater, Lasipullo. Limitededition, K\u00e4sienpesu, Deluxe, Sweetwater, Lasipullo. Sweetwater, Lasipullo, Method, Limitededition, K\u00e4sienpesu. Deluxe, Sweetwater, ymp\u00e4rist\u00f6yst\u00e4v\u00e4llinen Lasipullo, Method. Limitededition, K\u00e4sienpesu, Deluxe, Sweetwater, Lasipullo.<\/p>\n<p style=\"font-size: 0px;\"><a style=\"font-size: 0px;\" href=\"https:\/\/eettinenluksus.fi\/shop\/tuote\/method-limited-edition-adelaide-nestesaippua-354ml\/\" target=\"_blank\" rel=\"noopener\"><span style=\"font-size: 0px;\">&#8211;<\/span><\/a><a style=\"font-size: 0px;\" href=\"https:\/\/eettinenluksus.fi\/shop\/tuotemerkit\/kasienpesu\/\" target=\"_blank\" rel=\"noopener\"><span style=\"font-size: 0px;\">&#8211;<\/span><\/a><a style=\"font-size: 0px;\" href=\"https:\/\/eettinenluksus.fi\/shop\/tuotemerkit\/method-kasienpesu\/\" target=\"_blank\" rel=\"noopener\"><span style=\"font-size: 0px;\">&#8211;<\/span><\/a><a style=\"font-size: 0px;\" href=\"https:\/\/eettinenluksus.fi\/shop\/tuotemerkit\/method-limited-edition\/\" target=\"_blank\" rel=\"noopener\"><span style=\"font-size: 0px;\">&#8211;<\/span><\/a><a style=\"font-size: 0px;\" href=\"https:\/\/eettinenluksus.fi\/shop\/tuote\/classic-tahranpoistoaine-150-ml\/\" target=\"_blank\" rel=\"noopener\"><span style=\"font-size: 0px;\">&#8211;<\/span><\/a><\/p>","protected":false},"excerpt":{"rendered":"<p>Say hello to our first ever glass bottle.<\/p>\n<p>Method Glass for Good doesn\u2019t just look good (serious understatement), it does good too.<\/p>\n<p>Filled with our signature sweet water gel hand wash.<\/p>","protected":false},"featured_media":4046,"template":"","meta":{"inline_featured_image":false},"product_brand":[],"product_cat":[51,17,20,27],"product_tag":[70,301,185,304,302,163,293,303],"class_list":{"0":"post-305","1":"product","2":"type-product","3":"status-publish","4":"has-post-thumbnail","6":"product_cat-kasienpesu","7":"product_cat-method","8":"product_cat-method-kasienpesu","9":"product_cat-method-limited-edition","10":"product_tag-ekologinen","11":"product_tag-glass4good","12":"product_tag-hyvinvointi","13":"product_tag-kasienpesu","14":"product_tag-lasi","15":"product_tag-method","16":"product_tag-nestesaippua","17":"product_tag-sweet-water","19":"first","20":"instock","21":"taxable","22":"shipping-taxable","23":"purchasable","24":"product-type-simple"},"yoast_head":"<!-- This site is optimized with the Yoast SEO Premium plugin v26.8 (Yoast SEO v27.4) - https:\/\/yoast.com\/product\/yoast-seo-premium-wordpress\/ -->\n<title>Method Glass4good 266 ml lahjapakkauksessa - Shop Eettinen Luksus<\/title>\n<meta name=\"description\" content=\"Method Glass4good 266 ml ei vain n\u00e4yt\u00e4 hyv\u00e4lt\u00e4, se tekee my\u00f6s hyv\u00e4\u00e4. Tervehdi kautta aikojen ensimm\u00e4ist\u00e4 limited edition -lasipulloamme.\" \/>\n<meta name=\"robots\" content=\"index, follow, max-snippet:-1, max-image-preview:large, max-video-preview:-1\" \/>\n<link rel=\"canonical\" href=\"https:\/\/eettinenluksus.fi\/shop\/en\/product\/method-glass4good-266-ml\/\" \/>\n<meta property=\"og:locale\" content=\"en_GB\" \/>\n<meta property=\"og:type\" content=\"article\" \/>\n<meta property=\"og:title\" content=\"Method Glass4good 266 ml lahjapakkauksessa\" \/>\n<meta property=\"og:description\" content=\"Method Glass4good 266 ml ei vain n\u00e4yt\u00e4 hyv\u00e4lt\u00e4, se tekee my\u00f6s hyv\u00e4\u00e4. Tervehdi kautta aikojen ensimm\u00e4ist\u00e4 limited edition -lasipulloamme.\" \/>\n<meta property=\"og:url\" content=\"https:\/\/eettinenluksus.fi\/shop\/en\/product\/method-glass4good-266-ml\/\" \/>\n<meta property=\"og:site_name\" content=\"Shop Eettinen Luksus\" \/>\n<meta property=\"article:publisher\" content=\"https:\/\/www.facebook.com\/eettinenluksus\" \/>\n<meta property=\"article:modified_time\" content=\"2025-10-29T07:36:17+00:00\" \/>\n<meta property=\"og:image\" content=\"https:\/\/eettinenluksus.fi\/shop\/wp-content\/uploads\/sites\/4\/1726\/17\/G4G-pullo-ilman-heijastusta-nelio.jpg\" \/>\n\t<meta property=\"og:image:width\" content=\"1045\" \/>\n\t<meta property=\"og:image:height\" content=\"1045\" \/>\n\t<meta property=\"og:image:type\" content=\"image\/jpeg\" \/>\n<meta name=\"twitter:card\" content=\"summary_large_image\" \/>\n<meta name=\"twitter:label1\" content=\"Price\" \/>\n\t<meta name=\"twitter:data1\" content=\"20,00&nbsp;&euro;\" \/>\n\t<meta name=\"twitter:label2\" content=\"Availability\" \/>\n\t<meta name=\"twitter:data2\" content=\"In stock\" \/>\n<script type=\"application\/ld+json\" class=\"yoast-schema-graph\">{\"@context\":\"https:\\\/\\\/schema.org\",\"@graph\":[{\"@type\":\"WebPage\",\"@id\":\"https:\\\/\\\/eettinenluksus.fi\\\/shop\\\/tuote\\\/method-glass4good-266-ml\\\/\",\"url\":\"https:\\\/\\\/eettinenluksus.fi\\\/shop\\\/tuote\\\/method-glass4good-266-ml\\\/\",\"name\":\"Method Glass4good 266 ml lahjapakkauksessa - Shop Eettinen Luksus\",\"isPartOf\":{\"@id\":\"https:\\\/\\\/eettinenluksus.fi\\\/shop\\\/#website\"},\"primaryImageOfPage\":{\"@id\":\"https:\\\/\\\/eettinenluksus.fi\\\/shop\\\/tuote\\\/method-glass4good-266-ml\\\/#primaryimage\"},\"image\":{\"@id\":\"https:\\\/\\\/eettinenluksus.fi\\\/shop\\\/tuote\\\/method-glass4good-266-ml\\\/#primaryimage\"},\"thumbnailUrl\":\"https:\\\/\\\/eettinenluksus.fi\\\/shop\\\/wp-content\\\/uploads\\\/sites\\\/4\\\/1726\\\/17\\\/G4G-pullo-ilman-heijastusta-nelio.jpg\",\"datePublished\":\"2022-10-05T11:49:14+00:00\",\"dateModified\":\"2025-10-29T07:36:17+00:00\",\"description\":\"Method Glass4good 266 ml ei vain n\u00e4yt\u00e4 hyv\u00e4lt\u00e4, se tekee my\u00f6s hyv\u00e4\u00e4. Tervehdi kautta aikojen ensimm\u00e4ist\u00e4 limited edition -lasipulloamme.\",\"breadcrumb\":{\"@id\":\"https:\\\/\\\/eettinenluksus.fi\\\/shop\\\/tuote\\\/method-glass4good-266-ml\\\/#breadcrumb\"},\"inLanguage\":\"en-GB\",\"potentialAction\":[{\"@type\":\"ReadAction\",\"target\":[\"https:\\\/\\\/eettinenluksus.fi\\\/shop\\\/tuote\\\/method-glass4good-266-ml\\\/\"]}]},{\"@type\":\"ImageObject\",\"inLanguage\":\"en-GB\",\"@id\":\"https:\\\/\\\/eettinenluksus.fi\\\/shop\\\/tuote\\\/method-glass4good-266-ml\\\/#primaryimage\",\"url\":\"https:\\\/\\\/eettinenluksus.fi\\\/shop\\\/wp-content\\\/uploads\\\/sites\\\/4\\\/1726\\\/17\\\/G4G-pullo-ilman-heijastusta-nelio.jpg\",\"contentUrl\":\"https:\\\/\\\/eettinenluksus.fi\\\/shop\\\/wp-content\\\/uploads\\\/sites\\\/4\\\/1726\\\/17\\\/G4G-pullo-ilman-heijastusta-nelio.jpg\",\"width\":1045,\"height\":1045,\"caption\":\"G4G pullo ilman heijastusta\"},{\"@type\":\"BreadcrumbList\",\"@id\":\"https:\\\/\\\/eettinenluksus.fi\\\/shop\\\/tuote\\\/method-glass4good-266-ml\\\/#breadcrumb\",\"itemListElement\":[{\"@type\":\"ListItem\",\"position\":1,\"name\":\"Etusivu\",\"item\":\"https:\\\/\\\/eettinenluksus.fi\\\/shop\\\/\"},{\"@type\":\"ListItem\",\"position\":2,\"name\":\"Kauppa\",\"item\":\"https:\\\/\\\/eettinenluksus.fi\\\/shop\\\/en\\\/kauppa\\\/\"},{\"@type\":\"ListItem\",\"position\":3,\"name\":\"Method Glass4good 266 ml lahjapakkauksessa\"}]},{\"@type\":\"WebSite\",\"@id\":\"https:\\\/\\\/eettinenluksus.fi\\\/shop\\\/#website\",\"url\":\"https:\\\/\\\/eettinenluksus.fi\\\/shop\\\/\",\"name\":\"Shop Eettinen Luksus\",\"description\":\"Uusi verkkokauppa\",\"publisher\":{\"@id\":\"https:\\\/\\\/eettinenluksus.fi\\\/shop\\\/#organization\"},\"potentialAction\":[{\"@type\":\"SearchAction\",\"target\":{\"@type\":\"EntryPoint\",\"urlTemplate\":\"https:\\\/\\\/eettinenluksus.fi\\\/shop\\\/?s={search_term_string}\"},\"query-input\":{\"@type\":\"PropertyValueSpecification\",\"valueRequired\":true,\"valueName\":\"search_term_string\"}}],\"inLanguage\":\"en-GB\"},{\"@type\":\"Organization\",\"@id\":\"https:\\\/\\\/eettinenluksus.fi\\\/shop\\\/#organization\",\"name\":\"Shop Eettinen Luksus\",\"url\":\"https:\\\/\\\/eettinenluksus.fi\\\/shop\\\/\",\"logo\":{\"@type\":\"ImageObject\",\"inLanguage\":\"en-GB\",\"@id\":\"https:\\\/\\\/eettinenluksus.fi\\\/shop\\\/#\\\/schema\\\/logo\\\/image\\\/\",\"url\":\"https:\\\/\\\/eettinenluksus.fi\\\/shop\\\/wp-content\\\/uploads\\\/sites\\\/4\\\/1664\\\/37\\\/cropped-ELO.jpg\",\"contentUrl\":\"https:\\\/\\\/eettinenluksus.fi\\\/shop\\\/wp-content\\\/uploads\\\/sites\\\/4\\\/1664\\\/37\\\/cropped-ELO.jpg\",\"width\":810,\"height\":350,\"caption\":\"Shop Eettinen Luksus\"},\"image\":{\"@id\":\"https:\\\/\\\/eettinenluksus.fi\\\/shop\\\/#\\\/schema\\\/logo\\\/image\\\/\"},\"sameAs\":[\"https:\\\/\\\/www.facebook.com\\\/eettinenluksus\",\"https:\\\/\\\/www.instagram.com\\\/eettinenluksus\\\/\"]}]}<\/script>\n<meta property=\"product:price:amount\" content=\"20.00\" \/>\n<meta property=\"product:price:currency\" content=\"EUR\" \/>\n<meta property=\"og:availability\" content=\"instock\" \/>\n<meta property=\"product:availability\" content=\"instock\" \/>\n<meta property=\"product:retailer_item_id\" content=\"4004776\" \/>\n<meta property=\"product:condition\" content=\"new\" \/>\n<!-- \/ Yoast SEO Premium plugin. -->","yoast_head_json":{"title":"Method Glass4good 266 ml lahjapakkauksessa - Shop Eettinen Luksus","description":"Method Glass4good 266 ml ei vain n\u00e4yt\u00e4 hyv\u00e4lt\u00e4, se tekee my\u00f6s hyv\u00e4\u00e4. Tervehdi kautta aikojen ensimm\u00e4ist\u00e4 limited edition -lasipulloamme.","robots":{"index":"index","follow":"follow","max-snippet":"max-snippet:-1","max-image-preview":"max-image-preview:large","max-video-preview":"max-video-preview:-1"},"canonical":"https:\/\/eettinenluksus.fi\/shop\/en\/product\/method-glass4good-266-ml\/","og_locale":"en_GB","og_type":"article","og_title":"Method Glass4good 266 ml lahjapakkauksessa","og_description":"Method Glass4good 266 ml ei vain n\u00e4yt\u00e4 hyv\u00e4lt\u00e4, se tekee my\u00f6s hyv\u00e4\u00e4. Tervehdi kautta aikojen ensimm\u00e4ist\u00e4 limited edition -lasipulloamme.","og_url":"https:\/\/eettinenluksus.fi\/shop\/en\/product\/method-glass4good-266-ml\/","og_site_name":"Shop Eettinen Luksus","article_publisher":"https:\/\/www.facebook.com\/eettinenluksus","article_modified_time":"2025-10-29T07:36:17+00:00","og_image":[{"width":1045,"height":1045,"url":"https:\/\/eettinenluksus.fi\/shop\/wp-content\/uploads\/sites\/4\/1726\/17\/G4G-pullo-ilman-heijastusta-nelio.jpg","type":"image\/jpeg"}],"twitter_card":"summary_large_image","twitter_misc":{"Price":"20,00&nbsp;&euro;","Availability":"In stock"},"schema":{"@context":"https:\/\/schema.org","@graph":[{"@type":"WebPage","@id":"https:\/\/eettinenluksus.fi\/shop\/tuote\/method-glass4good-266-ml\/","url":"https:\/\/eettinenluksus.fi\/shop\/tuote\/method-glass4good-266-ml\/","name":"Method Glass4good 266 ml lahjapakkauksessa - Shop Eettinen Luksus","isPartOf":{"@id":"https:\/\/eettinenluksus.fi\/shop\/#website"},"primaryImageOfPage":{"@id":"https:\/\/eettinenluksus.fi\/shop\/tuote\/method-glass4good-266-ml\/#primaryimage"},"image":{"@id":"https:\/\/eettinenluksus.fi\/shop\/tuote\/method-glass4good-266-ml\/#primaryimage"},"thumbnailUrl":"https:\/\/eettinenluksus.fi\/shop\/wp-content\/uploads\/sites\/4\/1726\/17\/G4G-pullo-ilman-heijastusta-nelio.jpg","datePublished":"2022-10-05T11:49:14+00:00","dateModified":"2025-10-29T07:36:17+00:00","description":"Method Glass4good 266 ml ei vain n\u00e4yt\u00e4 hyv\u00e4lt\u00e4, se tekee my\u00f6s hyv\u00e4\u00e4. Tervehdi kautta aikojen ensimm\u00e4ist\u00e4 limited edition -lasipulloamme.","breadcrumb":{"@id":"https:\/\/eettinenluksus.fi\/shop\/tuote\/method-glass4good-266-ml\/#breadcrumb"},"inLanguage":"en-GB","potentialAction":[{"@type":"ReadAction","target":["https:\/\/eettinenluksus.fi\/shop\/tuote\/method-glass4good-266-ml\/"]}]},{"@type":"ImageObject","inLanguage":"en-GB","@id":"https:\/\/eettinenluksus.fi\/shop\/tuote\/method-glass4good-266-ml\/#primaryimage","url":"https:\/\/eettinenluksus.fi\/shop\/wp-content\/uploads\/sites\/4\/1726\/17\/G4G-pullo-ilman-heijastusta-nelio.jpg","contentUrl":"https:\/\/eettinenluksus.fi\/shop\/wp-content\/uploads\/sites\/4\/1726\/17\/G4G-pullo-ilman-heijastusta-nelio.jpg","width":1045,"height":1045,"caption":"G4G pullo ilman heijastusta"},{"@type":"BreadcrumbList","@id":"https:\/\/eettinenluksus.fi\/shop\/tuote\/method-glass4good-266-ml\/#breadcrumb","itemListElement":[{"@type":"ListItem","position":1,"name":"Etusivu","item":"https:\/\/eettinenluksus.fi\/shop\/"},{"@type":"ListItem","position":2,"name":"Kauppa","item":"https:\/\/eettinenluksus.fi\/shop\/en\/kauppa\/"},{"@type":"ListItem","position":3,"name":"Method Glass4good 266 ml lahjapakkauksessa"}]},{"@type":"WebSite","@id":"https:\/\/eettinenluksus.fi\/shop\/#website","url":"https:\/\/eettinenluksus.fi\/shop\/","name":"Shop Eettinen Luksus","description":"Uusi verkkokauppa","publisher":{"@id":"https:\/\/eettinenluksus.fi\/shop\/#organization"},"potentialAction":[{"@type":"SearchAction","target":{"@type":"EntryPoint","urlTemplate":"https:\/\/eettinenluksus.fi\/shop\/?s={search_term_string}"},"query-input":{"@type":"PropertyValueSpecification","valueRequired":true,"valueName":"search_term_string"}}],"inLanguage":"en-GB"},{"@type":"Organization","@id":"https:\/\/eettinenluksus.fi\/shop\/#organization","name":"Shop Eettinen Luksus","url":"https:\/\/eettinenluksus.fi\/shop\/","logo":{"@type":"ImageObject","inLanguage":"en-GB","@id":"https:\/\/eettinenluksus.fi\/shop\/#\/schema\/logo\/image\/","url":"https:\/\/eettinenluksus.fi\/shop\/wp-content\/uploads\/sites\/4\/1664\/37\/cropped-ELO.jpg","contentUrl":"https:\/\/eettinenluksus.fi\/shop\/wp-content\/uploads\/sites\/4\/1664\/37\/cropped-ELO.jpg","width":810,"height":350,"caption":"Shop Eettinen Luksus"},"image":{"@id":"https:\/\/eettinenluksus.fi\/shop\/#\/schema\/logo\/image\/"},"sameAs":["https:\/\/www.facebook.com\/eettinenluksus","https:\/\/www.instagram.com\/eettinenluksus\/"]}]},"product_price_amount":"20.00","product_price_currency":"EUR","og_availability":"instock","product_availability":"instock","product_retailer_item_id":"4004776","product_condition":"new"},"_links":{"self":[{"href":"https:\/\/eettinenluksus.fi\/shop\/en\/wp-json\/wp\/v2\/product\/305","targetHints":{"allow":["GET"]}}],"collection":[{"href":"https:\/\/eettinenluksus.fi\/shop\/en\/wp-json\/wp\/v2\/product"}],"about":[{"href":"https:\/\/eettinenluksus.fi\/shop\/en\/wp-json\/wp\/v2\/types\/product"}],"version-history":[{"count":20,"href":"https:\/\/eettinenluksus.fi\/shop\/en\/wp-json\/wp\/v2\/product\/305\/revisions"}],"predecessor-version":[{"id":4295,"href":"https:\/\/eettinenluksus.fi\/shop\/en\/wp-json\/wp\/v2\/product\/305\/revisions\/4295"}],"wp:featuredmedia":[{"embeddable":true,"href":"https:\/\/eettinenluksus.fi\/shop\/en\/wp-json\/wp\/v2\/media\/4046"}],"wp:attachment":[{"href":"https:\/\/eettinenluksus.fi\/shop\/en\/wp-json\/wp\/v2\/media?parent=305"}],"wp:term":[{"taxonomy":"product_brand","embeddable":true,"href":"https:\/\/eettinenluksus.fi\/shop\/en\/wp-json\/wp\/v2\/product_brand?post=305"},{"taxonomy":"product_cat","embeddable":true,"href":"https:\/\/eettinenluksus.fi\/shop\/en\/wp-json\/wp\/v2\/product_cat?post=305"},{"taxonomy":"product_tag","embeddable":true,"href":"https:\/\/eettinenluksus.fi\/shop\/en\/wp-json\/wp\/v2\/product_tag?post=305"}],"curies":[{"name":"wp","href":"https:\/\/api.w.org\/{rel}","templated":true}]}}