{"id":3031,"date":"2023-12-11T11:53:01","date_gmt":"2023-12-11T09:53:01","guid":{"rendered":"https:\/\/eettinenluksus.fi\/shop\/?post_type=product&#038;p=3031"},"modified":"2025-10-23T17:32:45","modified_gmt":"2025-10-23T14:32:45","slug":"moominbymilu-tuoksukynttila-rose-vanilla-75x95mm","status":"publish","type":"product","link":"https:\/\/eettinenluksus.fi\/shop\/en\/product\/moominbymilu-tuoksukynttila-rose-vanilla-75x95mm\/","title":{"rendered":"MoominbyMiLu Scented Wax Candle Rose Vanilla 75x95mm"},"content":{"rendered":"<p style=\"font-size:0px;\">Tuoksukynttil\u00e4 puukantisessa lasipurkissa Moomin by MiLu Tuoksukynttil\u00e4 Rose Vanilla 75x95mm Ekologinen kynttil\u00e4 on tuotettu uusiutuvalla energialla.<\/p>\n<p>Scented candle in glass with wooden cap. 75X95mm.<\/p>\n<p>Moominmamma loves her family and nature. The exclusive scent \u201cRose &amp; Vanilla\u201d with notes of Damask Rose, Crushed Clove and Vanilla is the best for a moment of celebration with family and friends.<\/p>\n<p>Moomin scented candles by MiLu are natural eco-friendly rapeseed wax candles, vegan, GMO free, hand made with essential oils, palm-free. 100% Ecotex certified cotton wick is being used. Burns w\/o releasing toxic substances. Low soot index.<\/p>\n<p>Our production processes and planning are focused on sustainable management, all products are manufactured using electricity from 100% renewable sources and it is very important for us to use the most environmentally friendly packaging, without or with minimal usage of plastic materials and from recycled materials.<\/p>\n<p>Enjoy the Moominous well-being experience &amp; fragrance joy with the Moomin candles by Milu!<\/p>\n<p style=\"font-size:0px;\">Tuoksukynttil\u00e4 puukantisessa lasipurkissa 75x95mm Ekologinen kynttil\u00e4 uusiutuvalla energialla.<\/p>\n<h2 style=\"font-size:0px;\">Moomin by MiLu Tuoksukynttil\u00e4 Rose Vanilla<\/h2>\n<p style=\"font-size:0px;\">tuoksukynttil\u00e4, ekologinen, ruusu, vanilja, rypsivahakynttil\u00e4, rose, vanilla, kynttil\u00e4, ymp\u00e4rist\u00f6yst\u00e4v\u00e4llinen, uusituva energia, ymp\u00e4rist\u00f6yst\u00e4v\u00e4llinen, sertifioitu puuvilla, kynttil\u00e4, ymp\u00e4rist\u00f6yst\u00e4v\u00e4llinen, tuoksukynttil\u00e4, rose, vanilla, ymp\u00e4rist\u00f6yst\u00e4v\u00e4llinen, kynttil\u00e4, k\u00e4sintehty, ekologinen, kynttil\u00e4, ruusu, vanilja, ymp\u00e4rist\u00f6yst\u00e4v\u00e4llinen, ekologinen, ruusu, vanilja. rypsivahakynttil\u00e4, kynttil\u00e4, tuoksukynttil\u00e4, ymp\u00e4rist\u00f6yst\u00e4v\u00e4llinen, uusituva energia, kynttil\u00e4, sertifioitu puuvilla, ymp\u00e4rist\u00f6yst\u00e4v\u00e4llinen, rose, vanilla, k\u00e4sintehty.<\/p>\n<p style=\"font-size:0px;\">ekologinen, kynttil\u00e4, ruusu, vanilja, ymp\u00e4rist\u00f6yst\u00e4v\u00e4llinen, tuoksukynttil\u00e4, ymp\u00e4rist\u00f6yst\u00e4v\u00e4llinen, ekologinen, ruusu, vanilja. rypsivahakynttil\u00e4, kynttil\u00e4, rose, vanilla,tuoksukynttil\u00e4, uusituva energia, sertifioitu puuvilla, rose, vanilla, ekologinen, ruusu, vanilja, k\u00e4sintehty, ymp\u00e4rist\u00f6yst\u00e4v\u00e4llinen, ekologinen, ruusu, vanilja. tuoksukynttil\u00e4, ekologinen, ruusu, kynttil\u00e4, vanilja, rypsivahakynttil\u00e4, ymp\u00e4rist\u00f6yst\u00e4v\u00e4llinen, kynttil\u00e4, uusituva energia, tuoksukynttil\u00e4, sertifioitu puuvilla, k\u00e4sintehty, ymp\u00e4rist\u00f6yst\u00e4v\u00e4llinen, ekologinen, ruusu, vanilja.<\/p>\n<ul style=\"font-size:0px;\">\n<li>tuoksukynttil\u00e4<\/li>\n<li>rose vanilla<\/li>\n<li>ecological<\/li>\n<p style=\"font-size:0px;\"><a href=\"https:\/\/eettinenluksus.fi\/shop\/tuote\/moomin-by-milu-tuoksukynttila-eucalyptus-cedar-75x95mm\/\"><span style=\"font-size: 0px;\">&#8211;<\/span><\/a><a href=\"https:\/\/eettinenluksus.fi\/shop\/tuote\/moominbymilu-tuoksukynttila-marine-freshness-75x95mm\/\"><span style=\"font-size: 0px;\">&#8211;<\/span><\/a><a href=\"https:\/\/eettinenluksus.fi\/shop\/tuote\/mreco-lattialiina-bambu-puuvilla-50x50cm-l-valk\/\"><span style=\"font-size: 0px;\">&#8211;<\/span><\/a><a href=\"https:\/\/eettinenluksus.fi\/shop\/tuote\/mreco-sieniliina-16x18cm-3kpl\/\"><span style=\"font-size: 0px;\">&#8211;<\/span><\/a><a href=\"https:\/\/eettinenluksus.fi\/shop\/tuote\/mreco-astianpesuharja-puu-sisal\/\"><span style=\"font-size: 0px;\">&#8211;<\/span><\/a><a href=\"https:\/\/eettinenluksus.fi\/shop\/tuote\/method-astianpesuaine-peach-pink-pepper-paketti\/\"><span style=\"font-size: 0px;\">&#8211;<\/span><\/a><a href=\"https:\/\/eettinenluksus.fi\/shop\/tuote\/classic-antistat-spray-225ml\/\"><span style=\"font-size: 0px;\">&#8211;<\/span><\/a><\/p>","protected":false},"excerpt":{"rendered":"<p>Scented candle in glass with wooden cap. 75X95mm.<\/p>\n<p>The exclusive scent \u201cRose &amp; Vanilla\u201d with notes of Damask Rose, Crushed Clove and Vanilla is the best for a moment of celebration with family and friends.<\/p>","protected":false},"featured_media":4037,"template":"","meta":{"inline_featured_image":false},"product_brand":[],"product_cat":[123,426,142],"product_tag":[70,153,155,152,147,148,150,154,149,151,156],"class_list":{"0":"post-3031","1":"product","2":"type-product","3":"status-publish","4":"has-post-thumbnail","6":"product_cat-hyvinvointi","7":"product_cat-muumit","8":"product_cat-muumi-tuoksukynttilat","9":"product_tag-ekologinen","10":"product_tag-eteeriset-oljyt","11":"product_tag-gmo-vapaa","12":"product_tag-milu","13":"product_tag-moomin","14":"product_tag-muumi","15":"product_tag-ruusu","16":"product_tag-rypsivaha","17":"product_tag-tuoksukynttila","18":"product_tag-vanilja","19":"product_tag-vegaaninen","21":"first","22":"instock","23":"featured","24":"taxable","25":"shipping-taxable","26":"purchasable","27":"product-type-simple"},"yoast_head":"<!-- This site is optimized with the Yoast SEO Premium plugin v26.8 (Yoast SEO v27.4) - https:\/\/yoast.com\/product\/yoast-seo-premium-wordpress\/ -->\n<title>MoominbyMiLu Tuoksukynttil\u00e4 Rose Vanilla 75x95mm - Shop Eettinen Luksus<\/title>\n<meta name=\"description\" content=\"Tuoksukynttil\u00e4 puukantisessa lasipurkissa Moomin by MiLu Tuoksukynttil\u00e4 Rose Vanilla 75x95mm Ekologinen kynttil\u00e4 on tuotettu uusiutuvalla energialla.\" \/>\n<meta name=\"robots\" content=\"index, follow, max-snippet:-1, max-image-preview:large, max-video-preview:-1\" \/>\n<link rel=\"canonical\" href=\"https:\/\/eettinenluksus.fi\/shop\/en\/product\/moominbymilu-tuoksukynttila-rose-vanilla-75x95mm\/\" \/>\n<meta property=\"og:locale\" content=\"en_GB\" \/>\n<meta property=\"og:type\" content=\"article\" \/>\n<meta property=\"og:title\" content=\"MoominbyMiLu Tuoksukynttil\u00e4 Rose Vanilla 75x95mm\" \/>\n<meta property=\"og:description\" content=\"Tuoksukynttil\u00e4 puukantisessa lasipurkissa Moomin by MiLu Tuoksukynttil\u00e4 Rose Vanilla 75x95mm Ekologinen kynttil\u00e4 on tuotettu uusiutuvalla energialla.\" \/>\n<meta property=\"og:url\" content=\"https:\/\/eettinenluksus.fi\/shop\/en\/product\/moominbymilu-tuoksukynttila-rose-vanilla-75x95mm\/\" \/>\n<meta property=\"og:site_name\" content=\"Shop Eettinen Luksus\" \/>\n<meta property=\"article:publisher\" content=\"https:\/\/www.facebook.com\/eettinenluksus\" \/>\n<meta property=\"article:modified_time\" content=\"2025-10-23T14:32:45+00:00\" \/>\n<meta property=\"og:image\" content=\"https:\/\/eettinenluksus.fi\/shop\/wp-content\/uploads\/sites\/4\/1726\/12\/Milu_rose_nelio.jpg\" \/>\n\t<meta property=\"og:image:width\" content=\"600\" \/>\n\t<meta property=\"og:image:height\" content=\"600\" \/>\n\t<meta property=\"og:image:type\" content=\"image\/jpeg\" \/>\n<meta name=\"twitter:card\" content=\"summary_large_image\" \/>\n<meta name=\"twitter:label1\" content=\"Price\" \/>\n\t<meta name=\"twitter:data1\" content=\"12,00&nbsp;&euro;\" \/>\n\t<meta name=\"twitter:label2\" content=\"Availability\" \/>\n\t<meta name=\"twitter:data2\" content=\"In stock\" \/>\n<script type=\"application\/ld+json\" class=\"yoast-schema-graph\">{\"@context\":\"https:\\\/\\\/schema.org\",\"@graph\":[{\"@type\":\"WebPage\",\"@id\":\"https:\\\/\\\/eettinenluksus.fi\\\/shop\\\/tuote\\\/moominbymilu-tuoksukynttila-rose-vanilla-75x95mm\\\/\",\"url\":\"https:\\\/\\\/eettinenluksus.fi\\\/shop\\\/tuote\\\/moominbymilu-tuoksukynttila-rose-vanilla-75x95mm\\\/\",\"name\":\"MoominbyMiLu Tuoksukynttil\u00e4 Rose Vanilla 75x95mm - Shop Eettinen Luksus\",\"isPartOf\":{\"@id\":\"https:\\\/\\\/eettinenluksus.fi\\\/shop\\\/#website\"},\"primaryImageOfPage\":{\"@id\":\"https:\\\/\\\/eettinenluksus.fi\\\/shop\\\/tuote\\\/moominbymilu-tuoksukynttila-rose-vanilla-75x95mm\\\/#primaryimage\"},\"image\":{\"@id\":\"https:\\\/\\\/eettinenluksus.fi\\\/shop\\\/tuote\\\/moominbymilu-tuoksukynttila-rose-vanilla-75x95mm\\\/#primaryimage\"},\"thumbnailUrl\":\"https:\\\/\\\/eettinenluksus.fi\\\/shop\\\/wp-content\\\/uploads\\\/sites\\\/4\\\/1726\\\/12\\\/Milu_rose_nelio.jpg\",\"datePublished\":\"2023-12-11T09:53:01+00:00\",\"dateModified\":\"2025-10-23T14:32:45+00:00\",\"description\":\"Tuoksukynttil\u00e4 puukantisessa lasipurkissa Moomin by MiLu Tuoksukynttil\u00e4 Rose Vanilla 75x95mm Ekologinen kynttil\u00e4 on tuotettu uusiutuvalla energialla.\",\"breadcrumb\":{\"@id\":\"https:\\\/\\\/eettinenluksus.fi\\\/shop\\\/tuote\\\/moominbymilu-tuoksukynttila-rose-vanilla-75x95mm\\\/#breadcrumb\"},\"inLanguage\":\"en-GB\",\"potentialAction\":[{\"@type\":\"ReadAction\",\"target\":[\"https:\\\/\\\/eettinenluksus.fi\\\/shop\\\/tuote\\\/moominbymilu-tuoksukynttila-rose-vanilla-75x95mm\\\/\"]}]},{\"@type\":\"ImageObject\",\"inLanguage\":\"en-GB\",\"@id\":\"https:\\\/\\\/eettinenluksus.fi\\\/shop\\\/tuote\\\/moominbymilu-tuoksukynttila-rose-vanilla-75x95mm\\\/#primaryimage\",\"url\":\"https:\\\/\\\/eettinenluksus.fi\\\/shop\\\/wp-content\\\/uploads\\\/sites\\\/4\\\/1726\\\/12\\\/Milu_rose_nelio.jpg\",\"contentUrl\":\"https:\\\/\\\/eettinenluksus.fi\\\/shop\\\/wp-content\\\/uploads\\\/sites\\\/4\\\/1726\\\/12\\\/Milu_rose_nelio.jpg\",\"width\":600,\"height\":600,\"caption\":\"Moomin Rose Vanilla\"},{\"@type\":\"BreadcrumbList\",\"@id\":\"https:\\\/\\\/eettinenluksus.fi\\\/shop\\\/tuote\\\/moominbymilu-tuoksukynttila-rose-vanilla-75x95mm\\\/#breadcrumb\",\"itemListElement\":[{\"@type\":\"ListItem\",\"position\":1,\"name\":\"Etusivu\",\"item\":\"https:\\\/\\\/eettinenluksus.fi\\\/shop\\\/\"},{\"@type\":\"ListItem\",\"position\":2,\"name\":\"Kauppa\",\"item\":\"https:\\\/\\\/eettinenluksus.fi\\\/shop\\\/en\\\/kauppa\\\/\"},{\"@type\":\"ListItem\",\"position\":3,\"name\":\"MoominbyMiLu Tuoksukynttil\u00e4 Rose Vanilla 75x95mm\"}]},{\"@type\":\"WebSite\",\"@id\":\"https:\\\/\\\/eettinenluksus.fi\\\/shop\\\/#website\",\"url\":\"https:\\\/\\\/eettinenluksus.fi\\\/shop\\\/\",\"name\":\"Shop Eettinen Luksus\",\"description\":\"Uusi verkkokauppa\",\"publisher\":{\"@id\":\"https:\\\/\\\/eettinenluksus.fi\\\/shop\\\/#organization\"},\"potentialAction\":[{\"@type\":\"SearchAction\",\"target\":{\"@type\":\"EntryPoint\",\"urlTemplate\":\"https:\\\/\\\/eettinenluksus.fi\\\/shop\\\/?s={search_term_string}\"},\"query-input\":{\"@type\":\"PropertyValueSpecification\",\"valueRequired\":true,\"valueName\":\"search_term_string\"}}],\"inLanguage\":\"en-GB\"},{\"@type\":\"Organization\",\"@id\":\"https:\\\/\\\/eettinenluksus.fi\\\/shop\\\/#organization\",\"name\":\"Shop Eettinen Luksus\",\"url\":\"https:\\\/\\\/eettinenluksus.fi\\\/shop\\\/\",\"logo\":{\"@type\":\"ImageObject\",\"inLanguage\":\"en-GB\",\"@id\":\"https:\\\/\\\/eettinenluksus.fi\\\/shop\\\/#\\\/schema\\\/logo\\\/image\\\/\",\"url\":\"https:\\\/\\\/eettinenluksus.fi\\\/shop\\\/wp-content\\\/uploads\\\/sites\\\/4\\\/1664\\\/37\\\/cropped-ELO.jpg\",\"contentUrl\":\"https:\\\/\\\/eettinenluksus.fi\\\/shop\\\/wp-content\\\/uploads\\\/sites\\\/4\\\/1664\\\/37\\\/cropped-ELO.jpg\",\"width\":810,\"height\":350,\"caption\":\"Shop Eettinen Luksus\"},\"image\":{\"@id\":\"https:\\\/\\\/eettinenluksus.fi\\\/shop\\\/#\\\/schema\\\/logo\\\/image\\\/\"},\"sameAs\":[\"https:\\\/\\\/www.facebook.com\\\/eettinenluksus\",\"https:\\\/\\\/www.instagram.com\\\/eettinenluksus\\\/\"]}]}<\/script>\n<meta property=\"product:price:amount\" content=\"12.00\" \/>\n<meta property=\"product:price:currency\" content=\"EUR\" \/>\n<meta property=\"og:availability\" content=\"instock\" \/>\n<meta property=\"product:availability\" content=\"instock\" \/>\n<meta property=\"product:retailer_item_id\" content=\"3788503\" \/>\n<meta property=\"product:condition\" content=\"new\" \/>\n<!-- \/ Yoast SEO Premium plugin. -->","yoast_head_json":{"title":"MoominbyMiLu Tuoksukynttil\u00e4 Rose Vanilla 75x95mm - Shop Eettinen Luksus","description":"Tuoksukynttil\u00e4 puukantisessa lasipurkissa Moomin by MiLu Tuoksukynttil\u00e4 Rose Vanilla 75x95mm Ekologinen kynttil\u00e4 on tuotettu uusiutuvalla energialla.","robots":{"index":"index","follow":"follow","max-snippet":"max-snippet:-1","max-image-preview":"max-image-preview:large","max-video-preview":"max-video-preview:-1"},"canonical":"https:\/\/eettinenluksus.fi\/shop\/en\/product\/moominbymilu-tuoksukynttila-rose-vanilla-75x95mm\/","og_locale":"en_GB","og_type":"article","og_title":"MoominbyMiLu Tuoksukynttil\u00e4 Rose Vanilla 75x95mm","og_description":"Tuoksukynttil\u00e4 puukantisessa lasipurkissa Moomin by MiLu Tuoksukynttil\u00e4 Rose Vanilla 75x95mm Ekologinen kynttil\u00e4 on tuotettu uusiutuvalla energialla.","og_url":"https:\/\/eettinenluksus.fi\/shop\/en\/product\/moominbymilu-tuoksukynttila-rose-vanilla-75x95mm\/","og_site_name":"Shop Eettinen Luksus","article_publisher":"https:\/\/www.facebook.com\/eettinenluksus","article_modified_time":"2025-10-23T14:32:45+00:00","og_image":[{"width":600,"height":600,"url":"https:\/\/eettinenluksus.fi\/shop\/wp-content\/uploads\/sites\/4\/1726\/12\/Milu_rose_nelio.jpg","type":"image\/jpeg"}],"twitter_card":"summary_large_image","twitter_misc":{"Price":"12,00&nbsp;&euro;","Availability":"In stock"},"schema":{"@context":"https:\/\/schema.org","@graph":[{"@type":"WebPage","@id":"https:\/\/eettinenluksus.fi\/shop\/tuote\/moominbymilu-tuoksukynttila-rose-vanilla-75x95mm\/","url":"https:\/\/eettinenluksus.fi\/shop\/tuote\/moominbymilu-tuoksukynttila-rose-vanilla-75x95mm\/","name":"MoominbyMiLu Tuoksukynttil\u00e4 Rose Vanilla 75x95mm - Shop Eettinen Luksus","isPartOf":{"@id":"https:\/\/eettinenluksus.fi\/shop\/#website"},"primaryImageOfPage":{"@id":"https:\/\/eettinenluksus.fi\/shop\/tuote\/moominbymilu-tuoksukynttila-rose-vanilla-75x95mm\/#primaryimage"},"image":{"@id":"https:\/\/eettinenluksus.fi\/shop\/tuote\/moominbymilu-tuoksukynttila-rose-vanilla-75x95mm\/#primaryimage"},"thumbnailUrl":"https:\/\/eettinenluksus.fi\/shop\/wp-content\/uploads\/sites\/4\/1726\/12\/Milu_rose_nelio.jpg","datePublished":"2023-12-11T09:53:01+00:00","dateModified":"2025-10-23T14:32:45+00:00","description":"Tuoksukynttil\u00e4 puukantisessa lasipurkissa Moomin by MiLu Tuoksukynttil\u00e4 Rose Vanilla 75x95mm Ekologinen kynttil\u00e4 on tuotettu uusiutuvalla energialla.","breadcrumb":{"@id":"https:\/\/eettinenluksus.fi\/shop\/tuote\/moominbymilu-tuoksukynttila-rose-vanilla-75x95mm\/#breadcrumb"},"inLanguage":"en-GB","potentialAction":[{"@type":"ReadAction","target":["https:\/\/eettinenluksus.fi\/shop\/tuote\/moominbymilu-tuoksukynttila-rose-vanilla-75x95mm\/"]}]},{"@type":"ImageObject","inLanguage":"en-GB","@id":"https:\/\/eettinenluksus.fi\/shop\/tuote\/moominbymilu-tuoksukynttila-rose-vanilla-75x95mm\/#primaryimage","url":"https:\/\/eettinenluksus.fi\/shop\/wp-content\/uploads\/sites\/4\/1726\/12\/Milu_rose_nelio.jpg","contentUrl":"https:\/\/eettinenluksus.fi\/shop\/wp-content\/uploads\/sites\/4\/1726\/12\/Milu_rose_nelio.jpg","width":600,"height":600,"caption":"Moomin Rose Vanilla"},{"@type":"BreadcrumbList","@id":"https:\/\/eettinenluksus.fi\/shop\/tuote\/moominbymilu-tuoksukynttila-rose-vanilla-75x95mm\/#breadcrumb","itemListElement":[{"@type":"ListItem","position":1,"name":"Etusivu","item":"https:\/\/eettinenluksus.fi\/shop\/"},{"@type":"ListItem","position":2,"name":"Kauppa","item":"https:\/\/eettinenluksus.fi\/shop\/en\/kauppa\/"},{"@type":"ListItem","position":3,"name":"MoominbyMiLu Tuoksukynttil\u00e4 Rose Vanilla 75x95mm"}]},{"@type":"WebSite","@id":"https:\/\/eettinenluksus.fi\/shop\/#website","url":"https:\/\/eettinenluksus.fi\/shop\/","name":"Shop Eettinen Luksus","description":"Uusi verkkokauppa","publisher":{"@id":"https:\/\/eettinenluksus.fi\/shop\/#organization"},"potentialAction":[{"@type":"SearchAction","target":{"@type":"EntryPoint","urlTemplate":"https:\/\/eettinenluksus.fi\/shop\/?s={search_term_string}"},"query-input":{"@type":"PropertyValueSpecification","valueRequired":true,"valueName":"search_term_string"}}],"inLanguage":"en-GB"},{"@type":"Organization","@id":"https:\/\/eettinenluksus.fi\/shop\/#organization","name":"Shop Eettinen Luksus","url":"https:\/\/eettinenluksus.fi\/shop\/","logo":{"@type":"ImageObject","inLanguage":"en-GB","@id":"https:\/\/eettinenluksus.fi\/shop\/#\/schema\/logo\/image\/","url":"https:\/\/eettinenluksus.fi\/shop\/wp-content\/uploads\/sites\/4\/1664\/37\/cropped-ELO.jpg","contentUrl":"https:\/\/eettinenluksus.fi\/shop\/wp-content\/uploads\/sites\/4\/1664\/37\/cropped-ELO.jpg","width":810,"height":350,"caption":"Shop Eettinen Luksus"},"image":{"@id":"https:\/\/eettinenluksus.fi\/shop\/#\/schema\/logo\/image\/"},"sameAs":["https:\/\/www.facebook.com\/eettinenluksus","https:\/\/www.instagram.com\/eettinenluksus\/"]}]},"product_price_amount":"12.00","product_price_currency":"EUR","og_availability":"instock","product_availability":"instock","product_retailer_item_id":"3788503","product_condition":"new"},"_links":{"self":[{"href":"https:\/\/eettinenluksus.fi\/shop\/en\/wp-json\/wp\/v2\/product\/3031","targetHints":{"allow":["GET"]}}],"collection":[{"href":"https:\/\/eettinenluksus.fi\/shop\/en\/wp-json\/wp\/v2\/product"}],"about":[{"href":"https:\/\/eettinenluksus.fi\/shop\/en\/wp-json\/wp\/v2\/types\/product"}],"version-history":[{"count":15,"href":"https:\/\/eettinenluksus.fi\/shop\/en\/wp-json\/wp\/v2\/product\/3031\/revisions"}],"predecessor-version":[{"id":3092,"href":"https:\/\/eettinenluksus.fi\/shop\/en\/wp-json\/wp\/v2\/product\/3031\/revisions\/3092"}],"wp:featuredmedia":[{"embeddable":true,"href":"https:\/\/eettinenluksus.fi\/shop\/en\/wp-json\/wp\/v2\/media\/4037"}],"wp:attachment":[{"href":"https:\/\/eettinenluksus.fi\/shop\/en\/wp-json\/wp\/v2\/media?parent=3031"}],"wp:term":[{"taxonomy":"product_brand","embeddable":true,"href":"https:\/\/eettinenluksus.fi\/shop\/en\/wp-json\/wp\/v2\/product_brand?post=3031"},{"taxonomy":"product_cat","embeddable":true,"href":"https:\/\/eettinenluksus.fi\/shop\/en\/wp-json\/wp\/v2\/product_cat?post=3031"},{"taxonomy":"product_tag","embeddable":true,"href":"https:\/\/eettinenluksus.fi\/shop\/en\/wp-json\/wp\/v2\/product_tag?post=3031"}],"curies":[{"name":"wp","href":"https:\/\/api.w.org\/{rel}","templated":true}]}}