{"id":2957,"date":"2023-11-23T15:45:37","date_gmt":"2023-11-23T13:45:37","guid":{"rendered":"https:\/\/eettinenluksus.fi\/shop\/?post_type=product&#038;p=2957"},"modified":"2025-06-03T14:25:59","modified_gmt":"2025-06-03T11:25:59","slug":"tuotepaketti-tuparilahjakori-10-tuotetta","status":"publish","type":"product","link":"https:\/\/eettinenluksus.fi\/shop\/en\/product\/tuotepaketti-tuparilahjakori-10-tuotetta\/","title":{"rendered":"Product package \u2013 Home coming gift basket 10 products"},"content":{"rendered":"<p style=\"font-size: 0px;\">Tuotepaketti &#8211; Tuparilahjakori 10 tuotetta Ekologinen esteettinen ja eettinen tuotepaketti<\/p>\n<p>Product package \u2013 Home coming gift basket includes the following 10 products:<\/p>\n<p><strong>Method Astianpesuaine Peach &amp; Pink Pepper 532 ml<\/strong>: Ekologinen astianpesuaine. Rohkeaa ja kaunista muotoilua pesualtaan laidalle. Suunniteltu pit\u00e4en mieless\u00e4 planeettamme. Kasvipohjaiset, vegaaniyst\u00e4v\u00e4lliset, biohajoavat aineosat voittavat lian ja rasvan sek\u00e4 saavat lautaset s\u00e4ihkym\u00e4\u00e4n ja kattilat kiilt\u00e4m\u00e4\u00e4n. Yhdess\u00e4 voimme muuttaa rutiinit ilotulitukseksi. Tuoksuna Peach &amp; Pink Pepper \u2013 Samettinen persikka + hienostunut mustaherukka tuoksuvat pehme\u00e4sti. Roseepippurin pilkahdus saattaa kuitenkin yll\u00e4tt\u00e4\u00e4.<\/p>\n<p><strong>Method All Floor Wild Rhubarb 739ml<\/strong>: Rready-to-use no-wax, non-toxic, biodegradable floor cleaner. Plant-based and mineral-based biodegradable floor cleaner cleans sealed hardwood and laminate floors without extra water. Wild rhubarb - this is rhubarb in its birthday suit. fresh + tart just like the day it was plucked from the ground. hold the custard. Suitable for sealed hard floors.<\/p>\n<p><strong>Multi-surface concentrated cleaner Dreamy 240ml<\/strong>: Mini in size. mighty in attitude. This clever little concentrate goes to town on tasks. Packed with plant-based cleaning power, our new 10x concentrated formula* can be diluted to make spray bottles, buckets or used neat to tackle stubborn grime. Pretty neat hey? Re-use a method spray bottle to save 81% plastic (vs buying 3x method 828ml). *10x more concentrated than method 828ml all-purpose cleaner. Dreamy jasmine + cypress wood. Hitch your hammock to the nearest tree and drift off with the heady notes of sweet jasmine + warming wood sticks. mocktail optional.<\/p>\n<p><strong>Greener Cleaner Utility Brush cream<\/strong>: Tough and durable bristles and robust handle for good grip. Long-lasting brush. Extra small precision brush for tough dirt and hard to reach areas. Made from 100% recycled material. Ecological choice. Dish-washer safe. Hangable.<\/p>\n<p><strong>OnXOn Wool Dryer Balls 3pcs<\/strong>: OnXOn Wool Dryer Balls 3pcs made from 100% New Zeeland Wool. BETTER RESULTS - LOWER COSTS - NATURE THANKS YOU. OnXOn Wool Dryer Balls gently massage your clothes softening them naturally without chemicals. Balls bounce around in the tumble dryer separating laundry and allowing hot air to circulate more evenly and efficiently reducing drying time by 25 \u2013 40 %. By using reusable Wool Dryer Balls, which improve drying efficiency, you save money whilst using substantially less energy and reducing your carbon footprint. Heat and abrasion cause fabric decay and ageing. Natural softness, time saving, smaller carbon footprint and chemical burden - all this and yet ecologically!<\/p>\n<h2 style=\"font-size: 0px;\">Product package \u2013 Home coming gift basket 10 products<\/h2>\n<p><strong>OnXOn Oxygen Brightener 550g<\/strong>: OnXOn Oxygen Brightener for white textiles. For pre-wash, machine-wash, soak. Bright whiteness without chlorine, zeolite and harmful gases. It can easily remove stains, like fruit, grass, mustard, ketchup or red wine. It cleans almost any washable material, such as textiles, carpets or curtains. It is always a good idea to test on an inconspicuous spot. Close the container after use and store in a dry place.<\/p>\n<p><strong>OnXOn Gall Soap 160g<\/strong>: A safe, effective and organic all-purpose cleaning agent and stain remover. Gall soap made from ox gall powder is perfect for removing stains from clothing, for cleaning varnished and lacquered surfaces, wall tiles, shoes, carpets and upholstery. Also, very effective for persistent stains such as tomato, red wine and mustard.<\/p>\n<p><strong>MrEco Sponge Cloth 16x18cm 3pcs<\/strong>: Made from 100% biodegradable, plastic-free and recyclable plant-based cellulose. There is a cotton net inside as a support structure. It guarantees the durability and long life span of the cloth. Especially suitable for kitchen and bathroom surfaces. Fibres are naturally very absorbent, long-lasting and durable. 100% biodegradable, plant-based, plastic-free.<\/p>\n<p><strong>MrEco Multi-purpose Vegetable Cellulose Sponge 13x10cm green<\/strong>: Made of 100% biodegradable, plastic-free and\/or recyclable plant-based material. Suitable for all surfaces of the home. Durable and very absorbent. Reinforced edges ensure that the you can get a good grip from the sponge and it is resistant to wear. 100% biodegradable, plastic-free, recyclable.<\/p>\n<p><strong>Classic Everyday Care 1000ml<\/strong>: A mild special detergent for daily laundry for all textiles: polyester, polyamid, acryl, Gore tex, cotton and bed linens. Everyday Care is specially developed for washing synthetic and other industrial fibres but it also suits for natural fibres. Phosphate-free. Biodegradable.<\/p>\n<ul style=\"font-size: 0px;\">\n<li>product package<\/li>\n<li>method<\/li>\n<li>onxon<\/li>\n<li>classic<\/li>\n<\/ul>\n<p style=\"font-size: 0px;\"><a href=\"https:\/\/eettinenluksus.fi\/shop\/tuote\/method-yleispuhdistustiiviste-dreamy-240ml\/\"><span style=\"font-size: 0px;\">&#8211;<\/span><\/a><a href=\"https:\/\/eettinenluksus.fi\/shop\/tuote\/classic-clothing-care-tuotepaketti\/\"><span style=\"font-size: 0px;\">&#8211;<\/span><\/a><a href=\"https:\/\/eettinenluksus.fi\/shop\/tuote\/method-astianpesuaine-peach-pink-pepper-532ml\/\"><span style=\"font-size: 0px;\">&#8211;<\/span><\/a><a href=\"https:\/\/eettinenluksus.fi\/shop\/tuote\/method-astianpesuaine-peach-pink-pepper-paketti\/\"><span style=\"font-size: 0px;\">&#8211;<\/span><\/a><a href=\"https:\/\/eettinenluksus.fi\/shop\/tuote\/bambu-meikinpoistosienet-2-kpl\/\"><span style=\"font-size: 0px;\">&#8211;<\/span><\/a>Ekologinen esteettinen ja eettinen tuotepaketti<\/p>","protected":false},"excerpt":{"rendered":"<p><b>Product package \u2013 Home coming gift basket 10 products<\/b><br \/>\nMethod Astianpesuaine Peach &amp; Pink Pepper 532 ml<br \/>\nMethod All Floor Wild Rhubarb 739ml<br \/>\nMulti-surface concentrated cleaner Dreamy 240ml<br \/>\nGreener Cleaner Utility Brush cream<br \/>\nOnXOn Wool Dryer Balls 3pcs<br \/>\nOnXOn Oxygen Brightener 550g<br \/>\nOnXOn Gall Soap 160g<br \/>\nMrEco Sponge Cloth 16x18cm 3pcs<br \/>\nMrEco Multi-purpose Vegetable Cellulose Sponge 13x10cm green<br \/>\nClassic Everyday Care 1000ml<\/p>","protected":false},"featured_media":3996,"template":"","meta":{"inline_featured_image":false},"product_brand":[],"product_cat":[48,25,17,26,19,427,33,35,23,31,52,49,56],"product_tag":[166,165,70,144,161,162,163,64,164,88,160,167],"class_list":{"0":"post-2957","1":"product","2":"type-product","3":"status-publish","4":"has-post-thumbnail","6":"product_cat-astianpesu","7":"product_cat-classicclothingcare","8":"product_cat-method","9":"product_cat-method-astianpesu","10":"product_cat-method-siivous","11":"product_cat-method-tuotepaketit","12":"product_cat-mreco","13":"product_cat-mreco-siivous","14":"product_cat-onxon","15":"product_cat-onxon-pyykinpesu","16":"product_cat-pyykinpesu","17":"product_cat-siivous","18":"product_cat-tuotepaketit","19":"product_tag-astianpesu","20":"product_tag-classic","21":"product_tag-ekologinen","22":"product_tag-lahja","23":"product_tag-lahjakori","24":"product_tag-lahjapakkaus","25":"product_tag-method","26":"product_tag-mreco","27":"product_tag-onxon","28":"product_tag-siivous","29":"product_tag-tuparit","30":"product_tag-yleispuhdistus","32":"first","33":"instock","34":"taxable","35":"shipping-taxable","36":"purchasable","37":"product-type-variable"},"yoast_head":"<!-- This site is optimized with the Yoast SEO Premium plugin v26.8 (Yoast SEO v27.4) - https:\/\/yoast.com\/product\/yoast-seo-premium-wordpress\/ -->\n<title>Tuotepaketti - Tuparilahjakori 10 tuotetta - Shop Eettinen Luksus<\/title>\n<meta name=\"description\" content=\"Ekologinen esteettinen ja eettinen tuotepaketti - Tuparilahjakori 10 tuotetta - sis\u00e4lt\u00e4\u00e4 10 v\u00e4ltt\u00e4m\u00e4t\u00f6nt\u00e4 ja k\u00e4yt\u00e4nn\u00f6llist\u00e4 tuotetta uuteen kotiin.\" \/>\n<meta name=\"robots\" content=\"index, follow, max-snippet:-1, max-image-preview:large, max-video-preview:-1\" \/>\n<link rel=\"canonical\" href=\"https:\/\/eettinenluksus.fi\/shop\/en\/product\/tuotepaketti-tuparilahjakori-10-tuotetta\/\" \/>\n<meta property=\"og:locale\" content=\"en_GB\" \/>\n<meta property=\"og:type\" content=\"article\" \/>\n<meta property=\"og:title\" content=\"Tuotepaketti - Tuparilahjakori 10 tuotetta\" \/>\n<meta property=\"og:description\" content=\"Ekologinen esteettinen ja eettinen tuotepaketti - Tuparilahjakori 10 tuotetta - sis\u00e4lt\u00e4\u00e4 10 v\u00e4ltt\u00e4m\u00e4t\u00f6nt\u00e4 ja k\u00e4yt\u00e4nn\u00f6llist\u00e4 tuotetta uuteen kotiin.\" \/>\n<meta property=\"og:url\" content=\"https:\/\/eettinenluksus.fi\/shop\/en\/product\/tuotepaketti-tuparilahjakori-10-tuotetta\/\" \/>\n<meta property=\"og:site_name\" content=\"Shop Eettinen Luksus\" \/>\n<meta property=\"article:publisher\" content=\"https:\/\/www.facebook.com\/eettinenluksus\" \/>\n<meta property=\"article:modified_time\" content=\"2025-06-03T11:25:59+00:00\" \/>\n<meta property=\"og:image\" content=\"https:\/\/eettinenluksus.fi\/shop\/wp-content\/uploads\/sites\/4\/1726\/86\/Tuparikori-2023-RGB-265x265px.jpg\" \/>\n\t<meta property=\"og:image:width\" content=\"265\" \/>\n\t<meta property=\"og:image:height\" content=\"265\" \/>\n\t<meta property=\"og:image:type\" content=\"image\/jpeg\" \/>\n<meta name=\"twitter:card\" content=\"summary_large_image\" \/>\n<meta name=\"twitter:label1\" content=\"Availability\" \/>\n\t<meta name=\"twitter:data1\" content=\"In stock\" \/>\n<script type=\"application\/ld+json\" class=\"yoast-schema-graph\">{\"@context\":\"https:\\\/\\\/schema.org\",\"@graph\":[{\"@type\":\"WebPage\",\"@id\":\"https:\\\/\\\/eettinenluksus.fi\\\/shop\\\/tuote\\\/tuotepaketti-tuparilahjakori-10-tuotetta\\\/\",\"url\":\"https:\\\/\\\/eettinenluksus.fi\\\/shop\\\/tuote\\\/tuotepaketti-tuparilahjakori-10-tuotetta\\\/\",\"name\":\"Tuotepaketti - Tuparilahjakori 10 tuotetta - Shop Eettinen Luksus\",\"isPartOf\":{\"@id\":\"https:\\\/\\\/eettinenluksus.fi\\\/shop\\\/#website\"},\"primaryImageOfPage\":{\"@id\":\"https:\\\/\\\/eettinenluksus.fi\\\/shop\\\/tuote\\\/tuotepaketti-tuparilahjakori-10-tuotetta\\\/#primaryimage\"},\"image\":{\"@id\":\"https:\\\/\\\/eettinenluksus.fi\\\/shop\\\/tuote\\\/tuotepaketti-tuparilahjakori-10-tuotetta\\\/#primaryimage\"},\"thumbnailUrl\":\"https:\\\/\\\/eettinenluksus.fi\\\/shop\\\/wp-content\\\/uploads\\\/sites\\\/4\\\/1726\\\/86\\\/Tuparikori-2023-RGB-265x265px.jpg\",\"datePublished\":\"2023-11-23T13:45:37+00:00\",\"dateModified\":\"2025-06-03T11:25:59+00:00\",\"description\":\"Ekologinen esteettinen ja eettinen tuotepaketti - Tuparilahjakori 10 tuotetta - sis\u00e4lt\u00e4\u00e4 10 v\u00e4ltt\u00e4m\u00e4t\u00f6nt\u00e4 ja k\u00e4yt\u00e4nn\u00f6llist\u00e4 tuotetta uuteen kotiin.\",\"breadcrumb\":{\"@id\":\"https:\\\/\\\/eettinenluksus.fi\\\/shop\\\/tuote\\\/tuotepaketti-tuparilahjakori-10-tuotetta\\\/#breadcrumb\"},\"inLanguage\":\"en-GB\",\"potentialAction\":[{\"@type\":\"ReadAction\",\"target\":[\"https:\\\/\\\/eettinenluksus.fi\\\/shop\\\/tuote\\\/tuotepaketti-tuparilahjakori-10-tuotetta\\\/\"]}]},{\"@type\":\"ImageObject\",\"inLanguage\":\"en-GB\",\"@id\":\"https:\\\/\\\/eettinenluksus.fi\\\/shop\\\/tuote\\\/tuotepaketti-tuparilahjakori-10-tuotetta\\\/#primaryimage\",\"url\":\"https:\\\/\\\/eettinenluksus.fi\\\/shop\\\/wp-content\\\/uploads\\\/sites\\\/4\\\/1726\\\/86\\\/Tuparikori-2023-RGB-265x265px.jpg\",\"contentUrl\":\"https:\\\/\\\/eettinenluksus.fi\\\/shop\\\/wp-content\\\/uploads\\\/sites\\\/4\\\/1726\\\/86\\\/Tuparikori-2023-RGB-265x265px.jpg\",\"width\":265,\"height\":265,\"caption\":\"Tuparikori 265x265px\"},{\"@type\":\"BreadcrumbList\",\"@id\":\"https:\\\/\\\/eettinenluksus.fi\\\/shop\\\/tuote\\\/tuotepaketti-tuparilahjakori-10-tuotetta\\\/#breadcrumb\",\"itemListElement\":[{\"@type\":\"ListItem\",\"position\":1,\"name\":\"Etusivu\",\"item\":\"https:\\\/\\\/eettinenluksus.fi\\\/shop\\\/\"},{\"@type\":\"ListItem\",\"position\":2,\"name\":\"Kauppa\",\"item\":\"https:\\\/\\\/eettinenluksus.fi\\\/shop\\\/en\\\/kauppa\\\/\"},{\"@type\":\"ListItem\",\"position\":3,\"name\":\"Tuotepaketti &#8211; Tuparilahjakori 10 tuotetta\"}]},{\"@type\":\"WebSite\",\"@id\":\"https:\\\/\\\/eettinenluksus.fi\\\/shop\\\/#website\",\"url\":\"https:\\\/\\\/eettinenluksus.fi\\\/shop\\\/\",\"name\":\"Shop Eettinen Luksus\",\"description\":\"Uusi verkkokauppa\",\"publisher\":{\"@id\":\"https:\\\/\\\/eettinenluksus.fi\\\/shop\\\/#organization\"},\"potentialAction\":[{\"@type\":\"SearchAction\",\"target\":{\"@type\":\"EntryPoint\",\"urlTemplate\":\"https:\\\/\\\/eettinenluksus.fi\\\/shop\\\/?s={search_term_string}\"},\"query-input\":{\"@type\":\"PropertyValueSpecification\",\"valueRequired\":true,\"valueName\":\"search_term_string\"}}],\"inLanguage\":\"en-GB\"},{\"@type\":\"Organization\",\"@id\":\"https:\\\/\\\/eettinenluksus.fi\\\/shop\\\/#organization\",\"name\":\"Shop Eettinen Luksus\",\"url\":\"https:\\\/\\\/eettinenluksus.fi\\\/shop\\\/\",\"logo\":{\"@type\":\"ImageObject\",\"inLanguage\":\"en-GB\",\"@id\":\"https:\\\/\\\/eettinenluksus.fi\\\/shop\\\/#\\\/schema\\\/logo\\\/image\\\/\",\"url\":\"https:\\\/\\\/eettinenluksus.fi\\\/shop\\\/wp-content\\\/uploads\\\/sites\\\/4\\\/1664\\\/37\\\/cropped-ELO.jpg\",\"contentUrl\":\"https:\\\/\\\/eettinenluksus.fi\\\/shop\\\/wp-content\\\/uploads\\\/sites\\\/4\\\/1664\\\/37\\\/cropped-ELO.jpg\",\"width\":810,\"height\":350,\"caption\":\"Shop Eettinen Luksus\"},\"image\":{\"@id\":\"https:\\\/\\\/eettinenluksus.fi\\\/shop\\\/#\\\/schema\\\/logo\\\/image\\\/\"},\"sameAs\":[\"https:\\\/\\\/www.facebook.com\\\/eettinenluksus\",\"https:\\\/\\\/www.instagram.com\\\/eettinenluksus\\\/\"]}]}<\/script>\n<meta property=\"og:availability\" content=\"instock\" \/>\n<meta property=\"product:availability\" content=\"instock\" \/>\n<meta property=\"product:condition\" content=\"new\" \/>\n<!-- \/ Yoast SEO Premium plugin. -->","yoast_head_json":{"title":"Tuotepaketti - Tuparilahjakori 10 tuotetta - Shop Eettinen Luksus","description":"Ekologinen esteettinen ja eettinen tuotepaketti - Tuparilahjakori 10 tuotetta - sis\u00e4lt\u00e4\u00e4 10 v\u00e4ltt\u00e4m\u00e4t\u00f6nt\u00e4 ja k\u00e4yt\u00e4nn\u00f6llist\u00e4 tuotetta uuteen kotiin.","robots":{"index":"index","follow":"follow","max-snippet":"max-snippet:-1","max-image-preview":"max-image-preview:large","max-video-preview":"max-video-preview:-1"},"canonical":"https:\/\/eettinenluksus.fi\/shop\/en\/product\/tuotepaketti-tuparilahjakori-10-tuotetta\/","og_locale":"en_GB","og_type":"article","og_title":"Tuotepaketti - Tuparilahjakori 10 tuotetta","og_description":"Ekologinen esteettinen ja eettinen tuotepaketti - Tuparilahjakori 10 tuotetta - sis\u00e4lt\u00e4\u00e4 10 v\u00e4ltt\u00e4m\u00e4t\u00f6nt\u00e4 ja k\u00e4yt\u00e4nn\u00f6llist\u00e4 tuotetta uuteen kotiin.","og_url":"https:\/\/eettinenluksus.fi\/shop\/en\/product\/tuotepaketti-tuparilahjakori-10-tuotetta\/","og_site_name":"Shop Eettinen Luksus","article_publisher":"https:\/\/www.facebook.com\/eettinenluksus","article_modified_time":"2025-06-03T11:25:59+00:00","og_image":[{"width":265,"height":265,"url":"https:\/\/eettinenluksus.fi\/shop\/wp-content\/uploads\/sites\/4\/1726\/86\/Tuparikori-2023-RGB-265x265px.jpg","type":"image\/jpeg"}],"twitter_card":"summary_large_image","twitter_misc":{"Availability":"In stock"},"schema":{"@context":"https:\/\/schema.org","@graph":[{"@type":"WebPage","@id":"https:\/\/eettinenluksus.fi\/shop\/tuote\/tuotepaketti-tuparilahjakori-10-tuotetta\/","url":"https:\/\/eettinenluksus.fi\/shop\/tuote\/tuotepaketti-tuparilahjakori-10-tuotetta\/","name":"Tuotepaketti - Tuparilahjakori 10 tuotetta - Shop Eettinen Luksus","isPartOf":{"@id":"https:\/\/eettinenluksus.fi\/shop\/#website"},"primaryImageOfPage":{"@id":"https:\/\/eettinenluksus.fi\/shop\/tuote\/tuotepaketti-tuparilahjakori-10-tuotetta\/#primaryimage"},"image":{"@id":"https:\/\/eettinenluksus.fi\/shop\/tuote\/tuotepaketti-tuparilahjakori-10-tuotetta\/#primaryimage"},"thumbnailUrl":"https:\/\/eettinenluksus.fi\/shop\/wp-content\/uploads\/sites\/4\/1726\/86\/Tuparikori-2023-RGB-265x265px.jpg","datePublished":"2023-11-23T13:45:37+00:00","dateModified":"2025-06-03T11:25:59+00:00","description":"Ekologinen esteettinen ja eettinen tuotepaketti - Tuparilahjakori 10 tuotetta - sis\u00e4lt\u00e4\u00e4 10 v\u00e4ltt\u00e4m\u00e4t\u00f6nt\u00e4 ja k\u00e4yt\u00e4nn\u00f6llist\u00e4 tuotetta uuteen kotiin.","breadcrumb":{"@id":"https:\/\/eettinenluksus.fi\/shop\/tuote\/tuotepaketti-tuparilahjakori-10-tuotetta\/#breadcrumb"},"inLanguage":"en-GB","potentialAction":[{"@type":"ReadAction","target":["https:\/\/eettinenluksus.fi\/shop\/tuote\/tuotepaketti-tuparilahjakori-10-tuotetta\/"]}]},{"@type":"ImageObject","inLanguage":"en-GB","@id":"https:\/\/eettinenluksus.fi\/shop\/tuote\/tuotepaketti-tuparilahjakori-10-tuotetta\/#primaryimage","url":"https:\/\/eettinenluksus.fi\/shop\/wp-content\/uploads\/sites\/4\/1726\/86\/Tuparikori-2023-RGB-265x265px.jpg","contentUrl":"https:\/\/eettinenluksus.fi\/shop\/wp-content\/uploads\/sites\/4\/1726\/86\/Tuparikori-2023-RGB-265x265px.jpg","width":265,"height":265,"caption":"Tuparikori 265x265px"},{"@type":"BreadcrumbList","@id":"https:\/\/eettinenluksus.fi\/shop\/tuote\/tuotepaketti-tuparilahjakori-10-tuotetta\/#breadcrumb","itemListElement":[{"@type":"ListItem","position":1,"name":"Etusivu","item":"https:\/\/eettinenluksus.fi\/shop\/"},{"@type":"ListItem","position":2,"name":"Kauppa","item":"https:\/\/eettinenluksus.fi\/shop\/en\/kauppa\/"},{"@type":"ListItem","position":3,"name":"Tuotepaketti &#8211; Tuparilahjakori 10 tuotetta"}]},{"@type":"WebSite","@id":"https:\/\/eettinenluksus.fi\/shop\/#website","url":"https:\/\/eettinenluksus.fi\/shop\/","name":"Shop Eettinen Luksus","description":"Uusi verkkokauppa","publisher":{"@id":"https:\/\/eettinenluksus.fi\/shop\/#organization"},"potentialAction":[{"@type":"SearchAction","target":{"@type":"EntryPoint","urlTemplate":"https:\/\/eettinenluksus.fi\/shop\/?s={search_term_string}"},"query-input":{"@type":"PropertyValueSpecification","valueRequired":true,"valueName":"search_term_string"}}],"inLanguage":"en-GB"},{"@type":"Organization","@id":"https:\/\/eettinenluksus.fi\/shop\/#organization","name":"Shop Eettinen Luksus","url":"https:\/\/eettinenluksus.fi\/shop\/","logo":{"@type":"ImageObject","inLanguage":"en-GB","@id":"https:\/\/eettinenluksus.fi\/shop\/#\/schema\/logo\/image\/","url":"https:\/\/eettinenluksus.fi\/shop\/wp-content\/uploads\/sites\/4\/1664\/37\/cropped-ELO.jpg","contentUrl":"https:\/\/eettinenluksus.fi\/shop\/wp-content\/uploads\/sites\/4\/1664\/37\/cropped-ELO.jpg","width":810,"height":350,"caption":"Shop Eettinen Luksus"},"image":{"@id":"https:\/\/eettinenluksus.fi\/shop\/#\/schema\/logo\/image\/"},"sameAs":["https:\/\/www.facebook.com\/eettinenluksus","https:\/\/www.instagram.com\/eettinenluksus\/"]}]},"og_availability":"instock","product_availability":"instock","product_condition":"new"},"_links":{"self":[{"href":"https:\/\/eettinenluksus.fi\/shop\/en\/wp-json\/wp\/v2\/product\/2957","targetHints":{"allow":["GET"]}}],"collection":[{"href":"https:\/\/eettinenluksus.fi\/shop\/en\/wp-json\/wp\/v2\/product"}],"about":[{"href":"https:\/\/eettinenluksus.fi\/shop\/en\/wp-json\/wp\/v2\/types\/product"}],"version-history":[{"count":10,"href":"https:\/\/eettinenluksus.fi\/shop\/en\/wp-json\/wp\/v2\/product\/2957\/revisions"}],"predecessor-version":[{"id":3997,"href":"https:\/\/eettinenluksus.fi\/shop\/en\/wp-json\/wp\/v2\/product\/2957\/revisions\/3997"}],"wp:featuredmedia":[{"embeddable":true,"href":"https:\/\/eettinenluksus.fi\/shop\/en\/wp-json\/wp\/v2\/media\/3996"}],"wp:attachment":[{"href":"https:\/\/eettinenluksus.fi\/shop\/en\/wp-json\/wp\/v2\/media?parent=2957"}],"wp:term":[{"taxonomy":"product_brand","embeddable":true,"href":"https:\/\/eettinenluksus.fi\/shop\/en\/wp-json\/wp\/v2\/product_brand?post=2957"},{"taxonomy":"product_cat","embeddable":true,"href":"https:\/\/eettinenluksus.fi\/shop\/en\/wp-json\/wp\/v2\/product_cat?post=2957"},{"taxonomy":"product_tag","embeddable":true,"href":"https:\/\/eettinenluksus.fi\/shop\/en\/wp-json\/wp\/v2\/product_tag?post=2957"}],"curies":[{"name":"wp","href":"https:\/\/api.w.org\/{rel}","templated":true}]}}