{"id":284,"date":"2022-10-05T14:29:34","date_gmt":"2022-10-05T11:29:34","guid":{"rendered":"https:\/\/eettinenluksus.fi\/shop2022\/?post_type=product&#038;p=284"},"modified":"2024-09-20T11:20:29","modified_gmt":"2024-09-20T08:20:29","slug":"method-puhdistussuihke-puu-354ml","status":"publish","type":"product","link":"https:\/\/eettinenluksus.fi\/shop\/en\/product\/method-puhdistussuihke-puu-354ml\/","title":{"rendered":"Method Wood Spray 354ml"},"content":{"rendered":"<p style=\"font-size:0px;\">Method Puhdistussuihke puu<\/p>\n<p>Plant and mineral-based biodegradable Wood Polish. Cleans, conditions, revitalises and polishes the surfaces of wooden furniture. Reduces the accumulation of dust on surfaces. A natural wooden surface needs little but regular care to maintain its glow.<\/p>\n<p>Almond - Rich. Nutty. Good with chocolate. If these were clues in a game show, you\u2019d guess almond. And you would be right. Of course, the answer could also be macadamia. Or willy wonka.<\/p>\n<ul>\n<li>Not tested on animals<\/li>\n<li>Leaping Bunny certificate<\/li>\n<\/ul>\n<p style=\"font-size:0px;\"><a href=\"https:\/\/www.facebook.com\/eettinenluksus\/\"><span style=\"font-size:0px;\">&#8211;<\/span><\/a><a href=\"https:\/\/www.instagram.com\/eettinenluksus\/\"><span style=\"font-size:0px;\">&#8211;<\/span><\/a>Method Erikoispuhdistussuihke, Kasviraaka-aineet erikoispuhdistussuihke Puu. Puu erikoispuhdistussuihke Manteli. puupinnat, erikoispuhdistussuihke. Ekologinen erikoispuhdistussuihke Ymp\u00e4rist\u00f6yst\u00e4v\u00e4llinen. puupinnat Kasviraaka-aineet erikoispuhdistussuihke Puu.  Puu, Manteli. puupinnat, erikoispuhdistussuihke. Ekologinen erikoispuhdistussuihke Ymp\u00e4rist\u00f6yst\u00e4v\u00e4llinen, Kasviraaka-aineet erikoispuhdistussuihke Puu.  Puu erikoispuhdistussuihke Manteli. puupinnat, erikoispuhdistussuihke.  Ekologinen erikoispuhdistussuihke Ymp\u00e4rist\u00f6yst\u00e4v\u00e4llinen. Puu erikoispuhdistussuihke Manteli. Erikoispuhdistussuihke. Ekologinen, Ymp\u00e4rist\u00f6yst\u00e4v\u00e4llinen. <\/p>\n<h2 style=\"font-size:0px;\">Method Puhdistussuihke Puu 354ml<\/h2>\n<p style=\"font-size:0px;\">, Ekologinen erikoispuhdistussuihke Ymp\u00e4rist\u00f6yst\u00e4v\u00e4llinen. puupinnat, Kasviraaka-aineet erikoispuhdistussuihke Puu. , Puu erikoispuhdistussuihke Manteli. ,  erikoispuhdistussuihke . , Ekologinen erikoispuhdistussuihke Ymp\u00e4rist\u00f6yst\u00e4v\u00e4llinen. , Puu erikoispuhdistussuihke Manteli. ,  erikoispuhdistussuihke . , Ekologinen  Ymp\u00e4rist\u00f6yst\u00e4v\u00e4llinen. , Kasviraaka-aineet erikoispuhdistussuihke Puu. , Kasviraaka-aineet erikoispuhdistussuihke Puu. , Puu erikoispuhdistussuihke Manteli. ,  erikoispuhdistussuihke . , Ekologinen erikoispuhdistussuihke Ymp\u00e4rist\u00f6yst\u00e4v\u00e4llinen. puupinnat, Kasviraaka-aineet erikoispuhdistussuihke Puu. Puu erikoispuhdistussuihke Manteli puupinnat, erikoispuhdistussuihke. Ekologinen erikoispuhdistussuihke Ymp\u00e4rist\u00f6yst\u00e4v\u00e4llinen. <\/p>\n<p style=\"font-size:0px;\">, Ekologinen erikoispuhdistussuihke Ymp\u00e4rist\u00f6yst\u00e4v\u00e4llinen, Kasviraaka-aineet erikoispuhdistussuihke Puu. puupinnat Puu erikoispuhdistussuihke Manteli.  erikoispuhdistussuihke. puupinnat Ekologinen erikoispuhdistussuihke Ymp\u00e4rist\u00f6yst\u00e4v\u00e4llinen, Puu erikoispuhdistussuihke Manteli. Puupinnat, erikoispuhdistussuihke, Ekologinen erikoispuhdistussuihke Ymp\u00e4rist\u00f6yst\u00e4v\u00e4llinen. puupinnat, Kasviraaka-aineet erikoispuhdistussuihke Puu. Puu erikoispuhdistussuihke Manteli. Erikoispuhdistussuihke. Ekologinen, Ymp\u00e4rist\u00f6yst\u00e4v\u00e4llinen. puupinnat, Puu erikoispuhdistussuihke Manteli. puupinnat, erikoispuhdistussuihke. Ekologinen  Ymp\u00e4rist\u00f6yst\u00e4v\u00e4llinen. , Kasviraaka-aineet erikoispuhdistussuihke Puu.<a href=\"https:\/\/eettinenluksus.fi\/shop\/tuote\/method-lattianpesuaine-puulattialle-manteli-739ml\/\"><span style=\"font-size:0px;\">&#8211;<\/span><\/a><a href=\"https:\/\/eettinenluksus.fi\/shop\/tuote\/method-puhdistussuihke-graniitti-354ml\/\"><span style=\"font-size:0px;\">&#8211;<\/span><\/a><a href=\"https:\/\/eettinenluksus.fi\/shop\/tuote\/mreco-astianpesuharja-puu-sisal\/\"><span style=\"font-size:0px;\">&#8211;<\/span><\/a><a href=\"https:\/\/eettinenluksus.fi\/shop\/tuote\/method-puhdistussuihke-teras-354ml\/\"><span style=\"font-size:0px;\">&#8211;<\/span><\/a><a href=\"https:\/\/eettinenluksus.fi\/shop\/en\/product\/method-suihkun-puhdistussuihke-tuoksuilangia-828ml\/\"><span style=\"font-size:0px;\">&#8211;<\/span><\/a><\/p>","protected":false},"excerpt":{"rendered":"<p>Plant and mineral-based biodegradable Wood Polish<\/p>\n<p>Conditions and revitalises hard wood surfaces<\/p>\n<p>Scent Almond<\/p>","protected":false},"featured_media":4067,"template":"","meta":{"inline_featured_image":false},"product_brand":[],"product_cat":[50,17,22],"product_tag":[70,163,322,320,235,88],"class_list":{"0":"post-284","1":"product","2":"type-product","3":"status-publish","4":"has-post-thumbnail","6":"product_cat-erikoispuhdistus","7":"product_cat-method","8":"product_cat-method-erikoispuhdistus","9":"product_tag-ekologinen","10":"product_tag-method","11":"product_tag-puhdistus","12":"product_tag-puhdistussuihke","13":"product_tag-puu","14":"product_tag-siivous","16":"first","17":"instock","18":"taxable","19":"shipping-taxable","20":"purchasable","21":"product-type-simple"},"yoast_head":"<!-- This site is optimized with the Yoast SEO Premium plugin v26.8 (Yoast SEO v27.4) - https:\/\/yoast.com\/product\/yoast-seo-premium-wordpress\/ -->\n<title>Method Puhdistussuihke puu 354ml - Shop Eettinen Luksus<\/title>\n<meta name=\"description\" content=\"Kasvi- ja mineraalipohjainen, biohajoava puupintojen puhdistussuihke hoitaa, virkist\u00e4\u00e4 vedenkest\u00e4vi\u00e4 puupintoja. Method Puhdistussuihke puu\" \/>\n<meta name=\"robots\" content=\"index, follow, max-snippet:-1, max-image-preview:large, max-video-preview:-1\" \/>\n<link rel=\"canonical\" href=\"https:\/\/eettinenluksus.fi\/shop\/en\/product\/method-puhdistussuihke-puu-354ml\/\" \/>\n<meta property=\"og:locale\" content=\"en_GB\" \/>\n<meta property=\"og:type\" content=\"article\" \/>\n<meta property=\"og:title\" content=\"Method Puhdistussuihke puu 354ml\" \/>\n<meta property=\"og:description\" content=\"Kasvi- ja mineraalipohjainen, biohajoava puupintojen puhdistussuihke hoitaa, virkist\u00e4\u00e4 vedenkest\u00e4vi\u00e4 puupintoja. Method Puhdistussuihke puu\" \/>\n<meta property=\"og:url\" content=\"https:\/\/eettinenluksus.fi\/shop\/en\/product\/method-puhdistussuihke-puu-354ml\/\" \/>\n<meta property=\"og:site_name\" content=\"Shop Eettinen Luksus\" \/>\n<meta property=\"article:publisher\" content=\"https:\/\/www.facebook.com\/eettinenluksus\" \/>\n<meta property=\"article:modified_time\" content=\"2024-09-20T08:20:29+00:00\" \/>\n<meta property=\"og:image\" content=\"https:\/\/eettinenluksus.fi\/shop\/wp-content\/uploads\/sites\/4\/1726\/20\/Puhdistussuihke-puu-nelio.jpg\" \/>\n\t<meta property=\"og:image:width\" content=\"1045\" \/>\n\t<meta property=\"og:image:height\" content=\"1045\" \/>\n\t<meta property=\"og:image:type\" content=\"image\/jpeg\" \/>\n<meta name=\"twitter:card\" content=\"summary_large_image\" \/>\n<meta name=\"twitter:label1\" content=\"Price\" \/>\n\t<meta name=\"twitter:data1\" content=\"6,95&nbsp;&euro;\" \/>\n\t<meta name=\"twitter:label2\" content=\"Availability\" \/>\n\t<meta name=\"twitter:data2\" content=\"In stock\" \/>\n<script type=\"application\/ld+json\" class=\"yoast-schema-graph\">{\"@context\":\"https:\\\/\\\/schema.org\",\"@graph\":[{\"@type\":\"WebPage\",\"@id\":\"https:\\\/\\\/eettinenluksus.fi\\\/shop\\\/tuote\\\/method-puhdistussuihke-puu-354ml\\\/\",\"url\":\"https:\\\/\\\/eettinenluksus.fi\\\/shop\\\/tuote\\\/method-puhdistussuihke-puu-354ml\\\/\",\"name\":\"Method Puhdistussuihke puu 354ml - Shop Eettinen Luksus\",\"isPartOf\":{\"@id\":\"https:\\\/\\\/eettinenluksus.fi\\\/shop\\\/#website\"},\"primaryImageOfPage\":{\"@id\":\"https:\\\/\\\/eettinenluksus.fi\\\/shop\\\/tuote\\\/method-puhdistussuihke-puu-354ml\\\/#primaryimage\"},\"image\":{\"@id\":\"https:\\\/\\\/eettinenluksus.fi\\\/shop\\\/tuote\\\/method-puhdistussuihke-puu-354ml\\\/#primaryimage\"},\"thumbnailUrl\":\"https:\\\/\\\/eettinenluksus.fi\\\/shop\\\/wp-content\\\/uploads\\\/sites\\\/4\\\/1726\\\/20\\\/Puhdistussuihke-puu-nelio.jpg\",\"datePublished\":\"2022-10-05T11:29:34+00:00\",\"dateModified\":\"2024-09-20T08:20:29+00:00\",\"description\":\"Kasvi- ja mineraalipohjainen, biohajoava puupintojen puhdistussuihke hoitaa, virkist\u00e4\u00e4 vedenkest\u00e4vi\u00e4 puupintoja. Method Puhdistussuihke puu\",\"breadcrumb\":{\"@id\":\"https:\\\/\\\/eettinenluksus.fi\\\/shop\\\/tuote\\\/method-puhdistussuihke-puu-354ml\\\/#breadcrumb\"},\"inLanguage\":\"en-GB\",\"potentialAction\":[{\"@type\":\"ReadAction\",\"target\":[\"https:\\\/\\\/eettinenluksus.fi\\\/shop\\\/tuote\\\/method-puhdistussuihke-puu-354ml\\\/\"]}]},{\"@type\":\"ImageObject\",\"inLanguage\":\"en-GB\",\"@id\":\"https:\\\/\\\/eettinenluksus.fi\\\/shop\\\/tuote\\\/method-puhdistussuihke-puu-354ml\\\/#primaryimage\",\"url\":\"https:\\\/\\\/eettinenluksus.fi\\\/shop\\\/wp-content\\\/uploads\\\/sites\\\/4\\\/1726\\\/20\\\/Puhdistussuihke-puu-nelio.jpg\",\"contentUrl\":\"https:\\\/\\\/eettinenluksus.fi\\\/shop\\\/wp-content\\\/uploads\\\/sites\\\/4\\\/1726\\\/20\\\/Puhdistussuihke-puu-nelio.jpg\",\"width\":1045,\"height\":1045,\"caption\":\"Puhdistussuihke puu\"},{\"@type\":\"BreadcrumbList\",\"@id\":\"https:\\\/\\\/eettinenluksus.fi\\\/shop\\\/tuote\\\/method-puhdistussuihke-puu-354ml\\\/#breadcrumb\",\"itemListElement\":[{\"@type\":\"ListItem\",\"position\":1,\"name\":\"Etusivu\",\"item\":\"https:\\\/\\\/eettinenluksus.fi\\\/shop\\\/\"},{\"@type\":\"ListItem\",\"position\":2,\"name\":\"Kauppa\",\"item\":\"https:\\\/\\\/eettinenluksus.fi\\\/shop\\\/en\\\/kauppa\\\/\"},{\"@type\":\"ListItem\",\"position\":3,\"name\":\"Method Puhdistussuihke puu 354ml\"}]},{\"@type\":\"WebSite\",\"@id\":\"https:\\\/\\\/eettinenluksus.fi\\\/shop\\\/#website\",\"url\":\"https:\\\/\\\/eettinenluksus.fi\\\/shop\\\/\",\"name\":\"Shop Eettinen Luksus\",\"description\":\"Uusi verkkokauppa\",\"publisher\":{\"@id\":\"https:\\\/\\\/eettinenluksus.fi\\\/shop\\\/#organization\"},\"potentialAction\":[{\"@type\":\"SearchAction\",\"target\":{\"@type\":\"EntryPoint\",\"urlTemplate\":\"https:\\\/\\\/eettinenluksus.fi\\\/shop\\\/?s={search_term_string}\"},\"query-input\":{\"@type\":\"PropertyValueSpecification\",\"valueRequired\":true,\"valueName\":\"search_term_string\"}}],\"inLanguage\":\"en-GB\"},{\"@type\":\"Organization\",\"@id\":\"https:\\\/\\\/eettinenluksus.fi\\\/shop\\\/#organization\",\"name\":\"Shop Eettinen Luksus\",\"url\":\"https:\\\/\\\/eettinenluksus.fi\\\/shop\\\/\",\"logo\":{\"@type\":\"ImageObject\",\"inLanguage\":\"en-GB\",\"@id\":\"https:\\\/\\\/eettinenluksus.fi\\\/shop\\\/#\\\/schema\\\/logo\\\/image\\\/\",\"url\":\"https:\\\/\\\/eettinenluksus.fi\\\/shop\\\/wp-content\\\/uploads\\\/sites\\\/4\\\/1664\\\/37\\\/cropped-ELO.jpg\",\"contentUrl\":\"https:\\\/\\\/eettinenluksus.fi\\\/shop\\\/wp-content\\\/uploads\\\/sites\\\/4\\\/1664\\\/37\\\/cropped-ELO.jpg\",\"width\":810,\"height\":350,\"caption\":\"Shop Eettinen Luksus\"},\"image\":{\"@id\":\"https:\\\/\\\/eettinenluksus.fi\\\/shop\\\/#\\\/schema\\\/logo\\\/image\\\/\"},\"sameAs\":[\"https:\\\/\\\/www.facebook.com\\\/eettinenluksus\",\"https:\\\/\\\/www.instagram.com\\\/eettinenluksus\\\/\"]}]}<\/script>\n<meta property=\"product:price:amount\" content=\"6.95\" \/>\n<meta property=\"product:price:currency\" content=\"EUR\" \/>\n<meta property=\"og:availability\" content=\"instock\" \/>\n<meta property=\"product:availability\" content=\"instock\" \/>\n<meta property=\"product:retailer_item_id\" content=\"4004142\" \/>\n<meta property=\"product:condition\" content=\"new\" \/>\n<!-- \/ Yoast SEO Premium plugin. -->","yoast_head_json":{"title":"Method Puhdistussuihke puu 354ml - Shop Eettinen Luksus","description":"Kasvi- ja mineraalipohjainen, biohajoava puupintojen puhdistussuihke hoitaa, virkist\u00e4\u00e4 vedenkest\u00e4vi\u00e4 puupintoja. Method Puhdistussuihke puu","robots":{"index":"index","follow":"follow","max-snippet":"max-snippet:-1","max-image-preview":"max-image-preview:large","max-video-preview":"max-video-preview:-1"},"canonical":"https:\/\/eettinenluksus.fi\/shop\/en\/product\/method-puhdistussuihke-puu-354ml\/","og_locale":"en_GB","og_type":"article","og_title":"Method Puhdistussuihke puu 354ml","og_description":"Kasvi- ja mineraalipohjainen, biohajoava puupintojen puhdistussuihke hoitaa, virkist\u00e4\u00e4 vedenkest\u00e4vi\u00e4 puupintoja. Method Puhdistussuihke puu","og_url":"https:\/\/eettinenluksus.fi\/shop\/en\/product\/method-puhdistussuihke-puu-354ml\/","og_site_name":"Shop Eettinen Luksus","article_publisher":"https:\/\/www.facebook.com\/eettinenluksus","article_modified_time":"2024-09-20T08:20:29+00:00","og_image":[{"width":1045,"height":1045,"url":"https:\/\/eettinenluksus.fi\/shop\/wp-content\/uploads\/sites\/4\/1726\/20\/Puhdistussuihke-puu-nelio.jpg","type":"image\/jpeg"}],"twitter_card":"summary_large_image","twitter_misc":{"Price":"6,95&nbsp;&euro;","Availability":"In stock"},"schema":{"@context":"https:\/\/schema.org","@graph":[{"@type":"WebPage","@id":"https:\/\/eettinenluksus.fi\/shop\/tuote\/method-puhdistussuihke-puu-354ml\/","url":"https:\/\/eettinenluksus.fi\/shop\/tuote\/method-puhdistussuihke-puu-354ml\/","name":"Method Puhdistussuihke puu 354ml - Shop Eettinen Luksus","isPartOf":{"@id":"https:\/\/eettinenluksus.fi\/shop\/#website"},"primaryImageOfPage":{"@id":"https:\/\/eettinenluksus.fi\/shop\/tuote\/method-puhdistussuihke-puu-354ml\/#primaryimage"},"image":{"@id":"https:\/\/eettinenluksus.fi\/shop\/tuote\/method-puhdistussuihke-puu-354ml\/#primaryimage"},"thumbnailUrl":"https:\/\/eettinenluksus.fi\/shop\/wp-content\/uploads\/sites\/4\/1726\/20\/Puhdistussuihke-puu-nelio.jpg","datePublished":"2022-10-05T11:29:34+00:00","dateModified":"2024-09-20T08:20:29+00:00","description":"Kasvi- ja mineraalipohjainen, biohajoava puupintojen puhdistussuihke hoitaa, virkist\u00e4\u00e4 vedenkest\u00e4vi\u00e4 puupintoja. Method Puhdistussuihke puu","breadcrumb":{"@id":"https:\/\/eettinenluksus.fi\/shop\/tuote\/method-puhdistussuihke-puu-354ml\/#breadcrumb"},"inLanguage":"en-GB","potentialAction":[{"@type":"ReadAction","target":["https:\/\/eettinenluksus.fi\/shop\/tuote\/method-puhdistussuihke-puu-354ml\/"]}]},{"@type":"ImageObject","inLanguage":"en-GB","@id":"https:\/\/eettinenluksus.fi\/shop\/tuote\/method-puhdistussuihke-puu-354ml\/#primaryimage","url":"https:\/\/eettinenluksus.fi\/shop\/wp-content\/uploads\/sites\/4\/1726\/20\/Puhdistussuihke-puu-nelio.jpg","contentUrl":"https:\/\/eettinenluksus.fi\/shop\/wp-content\/uploads\/sites\/4\/1726\/20\/Puhdistussuihke-puu-nelio.jpg","width":1045,"height":1045,"caption":"Puhdistussuihke puu"},{"@type":"BreadcrumbList","@id":"https:\/\/eettinenluksus.fi\/shop\/tuote\/method-puhdistussuihke-puu-354ml\/#breadcrumb","itemListElement":[{"@type":"ListItem","position":1,"name":"Etusivu","item":"https:\/\/eettinenluksus.fi\/shop\/"},{"@type":"ListItem","position":2,"name":"Kauppa","item":"https:\/\/eettinenluksus.fi\/shop\/en\/kauppa\/"},{"@type":"ListItem","position":3,"name":"Method Puhdistussuihke puu 354ml"}]},{"@type":"WebSite","@id":"https:\/\/eettinenluksus.fi\/shop\/#website","url":"https:\/\/eettinenluksus.fi\/shop\/","name":"Shop Eettinen Luksus","description":"Uusi verkkokauppa","publisher":{"@id":"https:\/\/eettinenluksus.fi\/shop\/#organization"},"potentialAction":[{"@type":"SearchAction","target":{"@type":"EntryPoint","urlTemplate":"https:\/\/eettinenluksus.fi\/shop\/?s={search_term_string}"},"query-input":{"@type":"PropertyValueSpecification","valueRequired":true,"valueName":"search_term_string"}}],"inLanguage":"en-GB"},{"@type":"Organization","@id":"https:\/\/eettinenluksus.fi\/shop\/#organization","name":"Shop Eettinen Luksus","url":"https:\/\/eettinenluksus.fi\/shop\/","logo":{"@type":"ImageObject","inLanguage":"en-GB","@id":"https:\/\/eettinenluksus.fi\/shop\/#\/schema\/logo\/image\/","url":"https:\/\/eettinenluksus.fi\/shop\/wp-content\/uploads\/sites\/4\/1664\/37\/cropped-ELO.jpg","contentUrl":"https:\/\/eettinenluksus.fi\/shop\/wp-content\/uploads\/sites\/4\/1664\/37\/cropped-ELO.jpg","width":810,"height":350,"caption":"Shop Eettinen Luksus"},"image":{"@id":"https:\/\/eettinenluksus.fi\/shop\/#\/schema\/logo\/image\/"},"sameAs":["https:\/\/www.facebook.com\/eettinenluksus","https:\/\/www.instagram.com\/eettinenluksus\/"]}]},"product_price_amount":"6.95","product_price_currency":"EUR","og_availability":"instock","product_availability":"instock","product_retailer_item_id":"4004142","product_condition":"new"},"_links":{"self":[{"href":"https:\/\/eettinenluksus.fi\/shop\/en\/wp-json\/wp\/v2\/product\/284","targetHints":{"allow":["GET"]}}],"collection":[{"href":"https:\/\/eettinenluksus.fi\/shop\/en\/wp-json\/wp\/v2\/product"}],"about":[{"href":"https:\/\/eettinenluksus.fi\/shop\/en\/wp-json\/wp\/v2\/types\/product"}],"version-history":[{"count":9,"href":"https:\/\/eettinenluksus.fi\/shop\/en\/wp-json\/wp\/v2\/product\/284\/revisions"}],"predecessor-version":[{"id":3192,"href":"https:\/\/eettinenluksus.fi\/shop\/en\/wp-json\/wp\/v2\/product\/284\/revisions\/3192"}],"wp:featuredmedia":[{"embeddable":true,"href":"https:\/\/eettinenluksus.fi\/shop\/en\/wp-json\/wp\/v2\/media\/4067"}],"wp:attachment":[{"href":"https:\/\/eettinenluksus.fi\/shop\/en\/wp-json\/wp\/v2\/media?parent=284"}],"wp:term":[{"taxonomy":"product_brand","embeddable":true,"href":"https:\/\/eettinenluksus.fi\/shop\/en\/wp-json\/wp\/v2\/product_brand?post=284"},{"taxonomy":"product_cat","embeddable":true,"href":"https:\/\/eettinenluksus.fi\/shop\/en\/wp-json\/wp\/v2\/product_cat?post=284"},{"taxonomy":"product_tag","embeddable":true,"href":"https:\/\/eettinenluksus.fi\/shop\/en\/wp-json\/wp\/v2\/product_tag?post=284"}],"curies":[{"name":"wp","href":"https:\/\/api.w.org\/{rel}","templated":true}]}}