{"id":278,"date":"2022-10-05T14:21:40","date_gmt":"2022-10-05T11:21:40","guid":{"rendered":"https:\/\/eettinenluksus.fi\/shop2022\/?post_type=product&#038;p=278"},"modified":"2024-09-20T11:24:25","modified_gmt":"2024-09-20T08:24:25","slug":"method-vaahtoava-nestesaippua-botanical-garden-300ml","status":"publish","type":"product","link":"https:\/\/eettinenluksus.fi\/shop\/en\/product\/method-vaahtoava-nestesaippua-botanical-garden-300ml\/","title":{"rendered":"Method Foaming Hand Wash Botanical Garden 300ml"},"content":{"rendered":"<p>Method foaming hand soap Botanical Garden is made from plant-based and mineral-based ingredients. Gently cleanses skin. Contains glycerin, aloe vera and vitamin E.<\/p>\n<p>Foamy stuff. It\u2019s just one of those things that everybody likes. Kind of like marshmallows and puppies, but without all the calories and obedience classes.<\/p>\n<p>Botanical Garden - Despite our grand desires, very few of us are lucky enough to have sprawling, manicured gardens. What we do have, though, is the scent of the botanical garden of our dreams - full of spider lily, water lotus, bamboo and lush moss - bottled up in this plant-based foaming hand wash. It\u2019s almost as good as the real thing. Except we\u2019re still without a place for all our nude sculptures.<\/p>\n<ul>\n<li>No animal-based ingredients<\/li>\n<li>Not tested on animals<\/li>\n<li>Leaping Bunny certificate<\/li>\n<\/ul>\n<p style=\"font-size:0px;\"><a href=\"https:\/\/www.facebook.com\/eettinenluksus\/\"><span style=\"font-size:0px;\">&#8211;<\/span><\/a><a href=\"https:\/\/www.instagram.com\/eettinenluksus\/\"><span style=\"font-size:0px;\">&#8211;<\/span><\/a>Method Vaahtoava nestesaippua French Lavendelumme, Kasviraaka-aineet vaahtoava nestesaippua Botanical garden. Aloevera, Botanical garden vaahtoava nestesaippua Lilja. hell\u00e4varainen, Lootuskukka vaahtoava nestesaippua Tropiikki. e-vitamiini, Ekologinen vaahtoava nestesaippua Ymp\u00e4rist\u00f6yst\u00e4v\u00e4llinen. hell\u00e4varainen Kasviraaka-aineet vaahtoava nestesaippua Botanical garden. e-vitamiini Botanical garden bambu Lilja. hell\u00e4varainen, Lootuskukka vaahtoava nestesaippua Tropiikki. Aloevera, Ekologinen vaahtoava nestesaippua Ymp\u00e4rist\u00f6yst\u00e4v\u00e4llinen e-vitamiini, Kasviraaka-aineet vaahtoava nestesaippua Botanical garden. e-vitamiini Botanical garden vaahtoava nestesaippua Lilja. hell\u00e4varainen, Lootuskukka vaahtoava nestesaippua Tropiikki. e-vitamiini Ekologinen vaahtoava nestesaippua Ymp\u00e4rist\u00f6yst\u00e4v\u00e4llinen. e-vitamiini, Botanical garden vaahtoava nestesaippua Lilja. e-vitamiini, Lootuskukka vaahtoava nestesaippua Tropiikki. e-vitamiini, Ekologinen bambu Ymp\u00e4rist\u00f6yst\u00e4v\u00e4llinen. <\/p>\n<h2 style=\"font-size:0px;\">Method Vaahtoava nestesaippua Botanical garden 300ml<\/h2>\n<p style=\"font-size:0px;\">Glyseriini, Ekologinen vaahtoava nestesaippua Ymp\u00e4rist\u00f6yst\u00e4v\u00e4llinen. hell\u00e4varainen, Kasviraaka-aineet vaahtoava nestesaippua Botanical garden. Aloevera, Botanical garden vaahtoava nestesaippua Lilja. e-vitamiini, Lootuskukka vaahtoava nestesaippua Tropiikki. Aloevera, Ekologinen vaahtoava nestesaippua Ymp\u00e4rist\u00f6yst\u00e4v\u00e4llinen. e-vitamiini, Botanical garden vaahtoava nestesaippua Lilja. Glyseriini, Lootuskukka vaahtoava nestesaippua Tropiikki. Aloevera, Ekologinen bambu Ymp\u00e4rist\u00f6yst\u00e4v\u00e4llinen.Aloevera, Kasviraaka-aineet vaahtoava nestesaippua Botanical garden. Aloevera, Kasviraaka-aineet vaahtoava nestesaippua Botanical garden. Glyseriini, Botanical garden vaahtoava nestesaippua Lilja. Aloevera, Lootuskukka vaahtoava nestesaippua Tropiikki. Glyseriini, Ekologinen vaahtoava nestesaippua Ymp\u00e4rist\u00f6yst\u00e4v\u00e4llinen. hell\u00e4varainen, Kasviraaka-aineet vaahtoava nestesaippua Botanical garden. Glyseriini, Botanical garden vaahtoava nestesaippua Lilja hell\u00e4varainen, Lootuskukka vaahtoava nestesaippua Tropiikki. Glyseriini, Ekologinen vaahtoava nestesaippua Ymp\u00e4rist\u00f6yst\u00e4v\u00e4llinen. <\/p>\n<p style=\"font-size:0px;\">Aloevera, Ekologinen vaahtoava nestesaippua Ymp\u00e4rist\u00f6yst\u00e4v\u00e4llinen Glyseriini, Kasviraaka-aineet vaahtoava nestesaippua Botanical garden. hell\u00e4varainen Botanical garden vaahtoava nestesaippua Lilja. Glyseriini, Lootuskukka vaahtoava nestesaippua Tropiikki. hell\u00e4varainen Ekologinen vaahtoava nestesaippua Ymp\u00e4rist\u00f6yst\u00e4v\u00e4llinen Glyseriini, Botanical garden vaahtoava nestesaippua Lilja. hell\u00e4varainen, Lootuskukka vaahtoava nestesaippua Tropiikki Glyseriini, Ekologinen vaahtoava nestesaippua Ymp\u00e4rist\u00f6yst\u00e4v\u00e4llinen. hell\u00e4varainen, Kasviraaka-aineet vaahtoava nestesaippua Botanical garden. Aloevera, Botanical garden vaahtoava nestesaippua Lilja. Aloevera, Lootuskukka vaahtoava nestesaippua Tropiikki. Glyseriini, Ekologinen bambu Ymp\u00e4rist\u00f6yst\u00e4v\u00e4llinen. hell\u00e4varainen, Botanical garden vaahtoava nestesaippua Lilja. hell\u00e4varainen, Lootuskukka vaahtoava nestesaippua Tropiikki. Aloevera, Ekologinen bambu Ymp\u00e4rist\u00f6yst\u00e4v\u00e4llinen. Aloevera, Kasviraaka-aineet vaahtoava nestesaippua Botanical garden.<a href=\"https:\/\/eettinenluksus.fi\/shop\/tuote\/method-nestesaippua-waterfall-354ml\/\"><span style=\"font-size:0px;\">&#8211;<\/span><\/a><a href=\"https:\/\/eettinenluksus.fi\/shop\/tuote\/method-limited-edition-adelaide-vaahtoava-nestesaippua-300ml\/\"><span style=\"font-size:0px;\">&#8211;<\/span><\/a><a href=\"https:\/\/eettinenluksus.fi\/shop\/tuote\/method-vaahtoava-nestesaippua-naked-300ml\/\"><span style=\"font-size:0px;\">&#8211;<\/span><\/a><a href=\"https:\/\/eettinenluksus.fi\/shop\/tuote\/method-nestesaippua-sweet-water-taytto-1000ml\/\"><span style=\"font-size:0px;\">&#8211;<\/span><\/a><a href=\"https:\/\/eettinenluksus.fi\/shop\/tuote\/method-vaahtoava-nestesaippua-green-tea-300ml\/\"><span style=\"font-size:0px;\">&#8211;<\/span><\/a><\/p>","protected":false},"excerpt":{"rendered":"<p>Foaming hand wash made from plant ingredients<\/p>\n<p>Contains glycerin, aloe vera and vitamin E<\/p>\n<p>Scent Botanical Garden<\/p>","protected":false},"featured_media":4061,"template":"","meta":{"inline_featured_image":false},"product_brand":[],"product_cat":[123,51,17,20],"product_tag":[326,70,185,304,163,314,328],"class_list":{"0":"post-278","1":"product","2":"type-product","3":"status-publish","4":"has-post-thumbnail","6":"product_cat-hyvinvointi","7":"product_cat-kasienpesu","8":"product_cat-method","9":"product_cat-method-kasienpesu","10":"product_tag-botanical-garden","11":"product_tag-ekologinen","12":"product_tag-hyvinvointi","13":"product_tag-kasienpesu","14":"product_tag-method","15":"product_tag-saippua","16":"product_tag-vaahtosaippua","18":"first","19":"instock","20":"taxable","21":"shipping-taxable","22":"purchasable","23":"product-type-simple"},"yoast_head":"<!-- This site is optimized with the Yoast SEO Premium plugin v26.8 (Yoast SEO v27.4) - https:\/\/yoast.com\/product\/yoast-seo-premium-wordpress\/ -->\n<title>Method Vaahtosaippua Botanical Garden 300ml - Shop Eettinen Luksus<\/title>\n<meta name=\"description\" content=\"Kasviraaka-aineista. Sis\u00e4lt\u00e4\u00e4 glyseriini\u00e4, aloe veraa, E-vitamiinia Tuoksussa liljaa, lootuksenkukkaa Method Vaahtosaippua Botanical Garden 300ml\" \/>\n<meta name=\"robots\" content=\"index, follow, max-snippet:-1, max-image-preview:large, max-video-preview:-1\" \/>\n<link rel=\"canonical\" href=\"https:\/\/eettinenluksus.fi\/shop\/en\/product\/method-vaahtoava-nestesaippua-botanical-garden-300ml\/\" \/>\n<meta property=\"og:locale\" content=\"en_GB\" \/>\n<meta property=\"og:type\" content=\"article\" \/>\n<meta property=\"og:title\" content=\"Method Vaahtoava nestesaippua Botanical Garden 300ml\" \/>\n<meta property=\"og:description\" content=\"Kasviraaka-aineista. Sis\u00e4lt\u00e4\u00e4 glyseriini\u00e4, aloe veraa, E-vitamiinia Tuoksussa liljaa, lootuksenkukkaa Method Vaahtosaippua Botanical Garden 300ml\" \/>\n<meta property=\"og:url\" content=\"https:\/\/eettinenluksus.fi\/shop\/en\/product\/method-vaahtoava-nestesaippua-botanical-garden-300ml\/\" \/>\n<meta property=\"og:site_name\" content=\"Shop Eettinen Luksus\" \/>\n<meta property=\"article:publisher\" content=\"https:\/\/www.facebook.com\/eettinenluksus\" \/>\n<meta property=\"article:modified_time\" content=\"2024-09-20T08:24:25+00:00\" \/>\n<meta property=\"og:image\" content=\"https:\/\/eettinenluksus.fi\/shop\/wp-content\/uploads\/sites\/4\/1726\/20\/Vaahtoava-nestesaippua-Botanical-Garden-nelio.jpg\" \/>\n\t<meta property=\"og:image:width\" content=\"1045\" \/>\n\t<meta property=\"og:image:height\" content=\"1045\" \/>\n\t<meta property=\"og:image:type\" content=\"image\/jpeg\" \/>\n<meta name=\"twitter:card\" content=\"summary_large_image\" \/>\n<meta name=\"twitter:label1\" content=\"Price\" \/>\n\t<meta name=\"twitter:data1\" content=\"7,15&nbsp;&euro;\" \/>\n\t<meta name=\"twitter:label2\" content=\"Availability\" \/>\n\t<meta name=\"twitter:data2\" content=\"In stock\" \/>\n<script type=\"application\/ld+json\" class=\"yoast-schema-graph\">{\"@context\":\"https:\\\/\\\/schema.org\",\"@graph\":[{\"@type\":\"WebPage\",\"@id\":\"https:\\\/\\\/eettinenluksus.fi\\\/shop\\\/tuote\\\/method-vaahtoava-nestesaippua-botanical-garden-300ml\\\/\",\"url\":\"https:\\\/\\\/eettinenluksus.fi\\\/shop\\\/tuote\\\/method-vaahtoava-nestesaippua-botanical-garden-300ml\\\/\",\"name\":\"Method Vaahtosaippua Botanical Garden 300ml - Shop Eettinen Luksus\",\"isPartOf\":{\"@id\":\"https:\\\/\\\/eettinenluksus.fi\\\/shop\\\/#website\"},\"primaryImageOfPage\":{\"@id\":\"https:\\\/\\\/eettinenluksus.fi\\\/shop\\\/tuote\\\/method-vaahtoava-nestesaippua-botanical-garden-300ml\\\/#primaryimage\"},\"image\":{\"@id\":\"https:\\\/\\\/eettinenluksus.fi\\\/shop\\\/tuote\\\/method-vaahtoava-nestesaippua-botanical-garden-300ml\\\/#primaryimage\"},\"thumbnailUrl\":\"https:\\\/\\\/eettinenluksus.fi\\\/shop\\\/wp-content\\\/uploads\\\/sites\\\/4\\\/1726\\\/20\\\/Vaahtoava-nestesaippua-Botanical-Garden-nelio.jpg\",\"datePublished\":\"2022-10-05T11:21:40+00:00\",\"dateModified\":\"2024-09-20T08:24:25+00:00\",\"description\":\"Kasviraaka-aineista. Sis\u00e4lt\u00e4\u00e4 glyseriini\u00e4, aloe veraa, E-vitamiinia Tuoksussa liljaa, lootuksenkukkaa Method Vaahtosaippua Botanical Garden 300ml\",\"breadcrumb\":{\"@id\":\"https:\\\/\\\/eettinenluksus.fi\\\/shop\\\/tuote\\\/method-vaahtoava-nestesaippua-botanical-garden-300ml\\\/#breadcrumb\"},\"inLanguage\":\"en-GB\",\"potentialAction\":[{\"@type\":\"ReadAction\",\"target\":[\"https:\\\/\\\/eettinenluksus.fi\\\/shop\\\/tuote\\\/method-vaahtoava-nestesaippua-botanical-garden-300ml\\\/\"]}]},{\"@type\":\"ImageObject\",\"inLanguage\":\"en-GB\",\"@id\":\"https:\\\/\\\/eettinenluksus.fi\\\/shop\\\/tuote\\\/method-vaahtoava-nestesaippua-botanical-garden-300ml\\\/#primaryimage\",\"url\":\"https:\\\/\\\/eettinenluksus.fi\\\/shop\\\/wp-content\\\/uploads\\\/sites\\\/4\\\/1726\\\/20\\\/Vaahtoava-nestesaippua-Botanical-Garden-nelio.jpg\",\"contentUrl\":\"https:\\\/\\\/eettinenluksus.fi\\\/shop\\\/wp-content\\\/uploads\\\/sites\\\/4\\\/1726\\\/20\\\/Vaahtoava-nestesaippua-Botanical-Garden-nelio.jpg\",\"width\":1045,\"height\":1045,\"caption\":\"Vaahtoava nestesaippua Botanical Garden\"},{\"@type\":\"BreadcrumbList\",\"@id\":\"https:\\\/\\\/eettinenluksus.fi\\\/shop\\\/tuote\\\/method-vaahtoava-nestesaippua-botanical-garden-300ml\\\/#breadcrumb\",\"itemListElement\":[{\"@type\":\"ListItem\",\"position\":1,\"name\":\"Etusivu\",\"item\":\"https:\\\/\\\/eettinenluksus.fi\\\/shop\\\/\"},{\"@type\":\"ListItem\",\"position\":2,\"name\":\"Kauppa\",\"item\":\"https:\\\/\\\/eettinenluksus.fi\\\/shop\\\/en\\\/kauppa\\\/\"},{\"@type\":\"ListItem\",\"position\":3,\"name\":\"Method Vaahtoava nestesaippua Botanical Garden 300ml\"}]},{\"@type\":\"WebSite\",\"@id\":\"https:\\\/\\\/eettinenluksus.fi\\\/shop\\\/#website\",\"url\":\"https:\\\/\\\/eettinenluksus.fi\\\/shop\\\/\",\"name\":\"Shop Eettinen Luksus\",\"description\":\"Uusi verkkokauppa\",\"publisher\":{\"@id\":\"https:\\\/\\\/eettinenluksus.fi\\\/shop\\\/#organization\"},\"potentialAction\":[{\"@type\":\"SearchAction\",\"target\":{\"@type\":\"EntryPoint\",\"urlTemplate\":\"https:\\\/\\\/eettinenluksus.fi\\\/shop\\\/?s={search_term_string}\"},\"query-input\":{\"@type\":\"PropertyValueSpecification\",\"valueRequired\":true,\"valueName\":\"search_term_string\"}}],\"inLanguage\":\"en-GB\"},{\"@type\":\"Organization\",\"@id\":\"https:\\\/\\\/eettinenluksus.fi\\\/shop\\\/#organization\",\"name\":\"Shop Eettinen Luksus\",\"url\":\"https:\\\/\\\/eettinenluksus.fi\\\/shop\\\/\",\"logo\":{\"@type\":\"ImageObject\",\"inLanguage\":\"en-GB\",\"@id\":\"https:\\\/\\\/eettinenluksus.fi\\\/shop\\\/#\\\/schema\\\/logo\\\/image\\\/\",\"url\":\"https:\\\/\\\/eettinenluksus.fi\\\/shop\\\/wp-content\\\/uploads\\\/sites\\\/4\\\/1664\\\/37\\\/cropped-ELO.jpg\",\"contentUrl\":\"https:\\\/\\\/eettinenluksus.fi\\\/shop\\\/wp-content\\\/uploads\\\/sites\\\/4\\\/1664\\\/37\\\/cropped-ELO.jpg\",\"width\":810,\"height\":350,\"caption\":\"Shop Eettinen Luksus\"},\"image\":{\"@id\":\"https:\\\/\\\/eettinenluksus.fi\\\/shop\\\/#\\\/schema\\\/logo\\\/image\\\/\"},\"sameAs\":[\"https:\\\/\\\/www.facebook.com\\\/eettinenluksus\",\"https:\\\/\\\/www.instagram.com\\\/eettinenluksus\\\/\"]}]}<\/script>\n<meta property=\"product:price:amount\" content=\"7.15\" \/>\n<meta property=\"product:price:currency\" content=\"EUR\" \/>\n<meta property=\"og:availability\" content=\"instock\" \/>\n<meta property=\"product:availability\" content=\"instock\" \/>\n<meta property=\"product:retailer_item_id\" content=\"4004887\" \/>\n<meta property=\"product:condition\" content=\"new\" \/>\n<!-- \/ Yoast SEO Premium plugin. -->","yoast_head_json":{"title":"Method Vaahtosaippua Botanical Garden 300ml - Shop Eettinen Luksus","description":"Kasviraaka-aineista. Sis\u00e4lt\u00e4\u00e4 glyseriini\u00e4, aloe veraa, E-vitamiinia Tuoksussa liljaa, lootuksenkukkaa Method Vaahtosaippua Botanical Garden 300ml","robots":{"index":"index","follow":"follow","max-snippet":"max-snippet:-1","max-image-preview":"max-image-preview:large","max-video-preview":"max-video-preview:-1"},"canonical":"https:\/\/eettinenluksus.fi\/shop\/en\/product\/method-vaahtoava-nestesaippua-botanical-garden-300ml\/","og_locale":"en_GB","og_type":"article","og_title":"Method Vaahtoava nestesaippua Botanical Garden 300ml","og_description":"Kasviraaka-aineista. Sis\u00e4lt\u00e4\u00e4 glyseriini\u00e4, aloe veraa, E-vitamiinia Tuoksussa liljaa, lootuksenkukkaa Method Vaahtosaippua Botanical Garden 300ml","og_url":"https:\/\/eettinenluksus.fi\/shop\/en\/product\/method-vaahtoava-nestesaippua-botanical-garden-300ml\/","og_site_name":"Shop Eettinen Luksus","article_publisher":"https:\/\/www.facebook.com\/eettinenluksus","article_modified_time":"2024-09-20T08:24:25+00:00","og_image":[{"width":1045,"height":1045,"url":"https:\/\/eettinenluksus.fi\/shop\/wp-content\/uploads\/sites\/4\/1726\/20\/Vaahtoava-nestesaippua-Botanical-Garden-nelio.jpg","type":"image\/jpeg"}],"twitter_card":"summary_large_image","twitter_misc":{"Price":"7,15&nbsp;&euro;","Availability":"In stock"},"schema":{"@context":"https:\/\/schema.org","@graph":[{"@type":"WebPage","@id":"https:\/\/eettinenluksus.fi\/shop\/tuote\/method-vaahtoava-nestesaippua-botanical-garden-300ml\/","url":"https:\/\/eettinenluksus.fi\/shop\/tuote\/method-vaahtoava-nestesaippua-botanical-garden-300ml\/","name":"Method Vaahtosaippua Botanical Garden 300ml - Shop Eettinen Luksus","isPartOf":{"@id":"https:\/\/eettinenluksus.fi\/shop\/#website"},"primaryImageOfPage":{"@id":"https:\/\/eettinenluksus.fi\/shop\/tuote\/method-vaahtoava-nestesaippua-botanical-garden-300ml\/#primaryimage"},"image":{"@id":"https:\/\/eettinenluksus.fi\/shop\/tuote\/method-vaahtoava-nestesaippua-botanical-garden-300ml\/#primaryimage"},"thumbnailUrl":"https:\/\/eettinenluksus.fi\/shop\/wp-content\/uploads\/sites\/4\/1726\/20\/Vaahtoava-nestesaippua-Botanical-Garden-nelio.jpg","datePublished":"2022-10-05T11:21:40+00:00","dateModified":"2024-09-20T08:24:25+00:00","description":"Kasviraaka-aineista. Sis\u00e4lt\u00e4\u00e4 glyseriini\u00e4, aloe veraa, E-vitamiinia Tuoksussa liljaa, lootuksenkukkaa Method Vaahtosaippua Botanical Garden 300ml","breadcrumb":{"@id":"https:\/\/eettinenluksus.fi\/shop\/tuote\/method-vaahtoava-nestesaippua-botanical-garden-300ml\/#breadcrumb"},"inLanguage":"en-GB","potentialAction":[{"@type":"ReadAction","target":["https:\/\/eettinenluksus.fi\/shop\/tuote\/method-vaahtoava-nestesaippua-botanical-garden-300ml\/"]}]},{"@type":"ImageObject","inLanguage":"en-GB","@id":"https:\/\/eettinenluksus.fi\/shop\/tuote\/method-vaahtoava-nestesaippua-botanical-garden-300ml\/#primaryimage","url":"https:\/\/eettinenluksus.fi\/shop\/wp-content\/uploads\/sites\/4\/1726\/20\/Vaahtoava-nestesaippua-Botanical-Garden-nelio.jpg","contentUrl":"https:\/\/eettinenluksus.fi\/shop\/wp-content\/uploads\/sites\/4\/1726\/20\/Vaahtoava-nestesaippua-Botanical-Garden-nelio.jpg","width":1045,"height":1045,"caption":"Vaahtoava nestesaippua Botanical Garden"},{"@type":"BreadcrumbList","@id":"https:\/\/eettinenluksus.fi\/shop\/tuote\/method-vaahtoava-nestesaippua-botanical-garden-300ml\/#breadcrumb","itemListElement":[{"@type":"ListItem","position":1,"name":"Etusivu","item":"https:\/\/eettinenluksus.fi\/shop\/"},{"@type":"ListItem","position":2,"name":"Kauppa","item":"https:\/\/eettinenluksus.fi\/shop\/en\/kauppa\/"},{"@type":"ListItem","position":3,"name":"Method Vaahtoava nestesaippua Botanical Garden 300ml"}]},{"@type":"WebSite","@id":"https:\/\/eettinenluksus.fi\/shop\/#website","url":"https:\/\/eettinenluksus.fi\/shop\/","name":"Shop Eettinen Luksus","description":"Uusi verkkokauppa","publisher":{"@id":"https:\/\/eettinenluksus.fi\/shop\/#organization"},"potentialAction":[{"@type":"SearchAction","target":{"@type":"EntryPoint","urlTemplate":"https:\/\/eettinenluksus.fi\/shop\/?s={search_term_string}"},"query-input":{"@type":"PropertyValueSpecification","valueRequired":true,"valueName":"search_term_string"}}],"inLanguage":"en-GB"},{"@type":"Organization","@id":"https:\/\/eettinenluksus.fi\/shop\/#organization","name":"Shop Eettinen Luksus","url":"https:\/\/eettinenluksus.fi\/shop\/","logo":{"@type":"ImageObject","inLanguage":"en-GB","@id":"https:\/\/eettinenluksus.fi\/shop\/#\/schema\/logo\/image\/","url":"https:\/\/eettinenluksus.fi\/shop\/wp-content\/uploads\/sites\/4\/1664\/37\/cropped-ELO.jpg","contentUrl":"https:\/\/eettinenluksus.fi\/shop\/wp-content\/uploads\/sites\/4\/1664\/37\/cropped-ELO.jpg","width":810,"height":350,"caption":"Shop Eettinen Luksus"},"image":{"@id":"https:\/\/eettinenluksus.fi\/shop\/#\/schema\/logo\/image\/"},"sameAs":["https:\/\/www.facebook.com\/eettinenluksus","https:\/\/www.instagram.com\/eettinenluksus\/"]}]},"product_price_amount":"7.15","product_price_currency":"EUR","og_availability":"instock","product_availability":"instock","product_retailer_item_id":"4004887","product_condition":"new"},"_links":{"self":[{"href":"https:\/\/eettinenluksus.fi\/shop\/en\/wp-json\/wp\/v2\/product\/278","targetHints":{"allow":["GET"]}}],"collection":[{"href":"https:\/\/eettinenluksus.fi\/shop\/en\/wp-json\/wp\/v2\/product"}],"about":[{"href":"https:\/\/eettinenluksus.fi\/shop\/en\/wp-json\/wp\/v2\/types\/product"}],"version-history":[{"count":10,"href":"https:\/\/eettinenluksus.fi\/shop\/en\/wp-json\/wp\/v2\/product\/278\/revisions"}],"predecessor-version":[{"id":3184,"href":"https:\/\/eettinenluksus.fi\/shop\/en\/wp-json\/wp\/v2\/product\/278\/revisions\/3184"}],"wp:featuredmedia":[{"embeddable":true,"href":"https:\/\/eettinenluksus.fi\/shop\/en\/wp-json\/wp\/v2\/media\/4061"}],"wp:attachment":[{"href":"https:\/\/eettinenluksus.fi\/shop\/en\/wp-json\/wp\/v2\/media?parent=278"}],"wp:term":[{"taxonomy":"product_brand","embeddable":true,"href":"https:\/\/eettinenluksus.fi\/shop\/en\/wp-json\/wp\/v2\/product_brand?post=278"},{"taxonomy":"product_cat","embeddable":true,"href":"https:\/\/eettinenluksus.fi\/shop\/en\/wp-json\/wp\/v2\/product_cat?post=278"},{"taxonomy":"product_tag","embeddable":true,"href":"https:\/\/eettinenluksus.fi\/shop\/en\/wp-json\/wp\/v2\/product_tag?post=278"}],"curies":[{"name":"wp","href":"https:\/\/api.w.org\/{rel}","templated":true}]}}