{"id":275,"date":"2022-10-05T14:18:33","date_gmt":"2022-10-05T11:18:33","guid":{"rendered":"https:\/\/eettinenluksus.fi\/shop2022\/?post_type=product&#038;p=275"},"modified":"2026-02-20T12:05:29","modified_gmt":"2026-02-20T10:05:29","slug":"method-vaahtoava-nestesaippua-green-tea-300ml","status":"publish","type":"product","link":"https:\/\/eettinenluksus.fi\/shop\/en\/product\/method-vaahtoava-nestesaippua-green-tea-300ml\/","title":{"rendered":"Method Foaming Hand wash Green tea 300ml"},"content":{"rendered":"<p>Method Foaming hand wash Green Tea 300ml is made from plant-based and mineral-based ingredients. Gently cleanses skin. Contains glycerin, aloe vera and vitamin E.<\/p>\n<p>Foamy stuff. It\u2019s just one of those things that everybody likes. Kind of like marshmallows and puppies, but without all the calories and obedience classes.<\/p>\n<p>Green tea + aloe - a soothing fusion of fresh ivy, agave, green tea + aloe vera.<\/p>\n<ul>\n<li>No animal-based ingredients<\/li>\n<li>Not tested on animals<\/li>\n<li>Leaping Bunny certificate<\/li>\n<\/ul>\n<p style=\"font-size:0px;\"><a href=\"https:\/\/www.facebook.com\/eettinenluksus\/\"><span style=\"font-size:0px;\">&#8211;<\/span><\/a><a href=\"https:\/\/www.instagram.com\/eettinenluksus\/\"><span style=\"font-size:0px;\">&#8211;<\/span><\/a>Method Vaahtoava nestesaippua French Lavendelumme, Kasviraaka-aineet vaahtoava nestesaippua Green tea. Aloevera, Green tea vaahtoava nestesaippua Muratti. hell\u00e4varainen, Agave vaahtoava nestesaippua Vihre\u00e4tee. e-vitamiini, Ekologinen vaahtoava nestesaippua Ymp\u00e4rist\u00f6yst\u00e4v\u00e4llinen. hell\u00e4varainen Kasviraaka-aineet vaahtoava nestesaippua Green tea. e-vitamiini Green tea bambu Muratti. hell\u00e4varainen, Agave vaahtoava nestesaippua Vihre\u00e4tee. Aloevera, Ekologinen vaahtoava nestesaippua Ymp\u00e4rist\u00f6yst\u00e4v\u00e4llinen e-vitamiini, Kasviraaka-aineet vaahtoava nestesaippua Green tea. e-vitamiini Green tea vaahtoava nestesaippua Muratti. hell\u00e4varainen, Agave vaahtoava nestesaippua Vihre\u00e4tee. e-vitamiini Ekologinen vaahtoava nestesaippua Ymp\u00e4rist\u00f6yst\u00e4v\u00e4llinen. e-vitamiini, Green tea vaahtoava nestesaippua Muratti. e-vitamiini, Agave vaahtoava nestesaippua Vihre\u00e4tee. e-vitamiini, Ekologinen bambu Ymp\u00e4rist\u00f6yst\u00e4v\u00e4llinen. <\/p>\n<h2 style=\"font-size:0px;\">Method Foaming Hand wash Green tea 300ml<\/h2>\n<p style=\"font-size:0px;\">Glyseriini, Ekologinen vaahtoava nestesaippua Ymp\u00e4rist\u00f6yst\u00e4v\u00e4llinen. hell\u00e4varainen, Kasviraaka-aineet vaahtoava nestesaippua Green tea. Aloevera, Green tea vaahtoava nestesaippua Muratti. e-vitamiini, Agave vaahtoava nestesaippua Vihre\u00e4tee. Aloevera, Ekologinen vaahtoava nestesaippua Ymp\u00e4rist\u00f6yst\u00e4v\u00e4llinen. e-vitamiini, Green tea vaahtoava nestesaippua Muratti. Glyseriini, Agave vaahtoava nestesaippua Vihre\u00e4tee. Aloevera, Ekologinen bambu Ymp\u00e4rist\u00f6yst\u00e4v\u00e4llinen. Aloevera, Kasviraaka-aineet vaahtoava nestesaippua Green tea. Aloevera, Kasviraaka-aineet vaahtoava nestesaippua Green tea. Glyseriini, Green tea vaahtoava nestesaippua Muratti. Aloevera, Agave vaahtoava nestesaippua Vihre\u00e4tee. Glyseriini, Ekologinen vaahtoava nestesaippua Ymp\u00e4rist\u00f6yst\u00e4v\u00e4llinen. hell\u00e4varainen, Kasviraaka-aineet vaahtoava nestesaippua Green tea. Glyseriini, Green tea vaahtoava nestesaippua Muratti hell\u00e4varainen, Agave vaahtoava nestesaippua Vihre\u00e4tee. Glyseriini, Ekologinen vaahtoava nestesaippua Ymp\u00e4rist\u00f6yst\u00e4v\u00e4llinen. <\/p>\n<p style=\"font-size:0px;\">Aloevera, Ekologinen vaahtoava nestesaippua Ymp\u00e4rist\u00f6yst\u00e4v\u00e4llinen Glyseriini, Kasviraaka-aineet vaahtoava nestesaippua Green tea. hell\u00e4varainen Green tea vaahtoava nestesaippua Muratti. Glyseriini, Agave vaahtoava nestesaippua Vihre\u00e4tee. hell\u00e4varainen Ekologinen vaahtoava nestesaippua Ymp\u00e4rist\u00f6yst\u00e4v\u00e4llinen Glyseriini, Green tea vaahtoava nestesaippua Muratti. hell\u00e4varainen, Agave vaahtoava nestesaippua Vihre\u00e4tee Glyseriini, Ekologinen vaahtoava nestesaippua Ymp\u00e4rist\u00f6yst\u00e4v\u00e4llinen. hell\u00e4varainen, Kasviraaka-aineet method vaahtoava nestesaippua Green tea 300ml. Aloevera, Green tea vaahtoava nestesaippua Muratti. Aloevera, Agave vaahtoava nestesaippua Vihre\u00e4tee. Glyseriini, Ekologinen bambu Ymp\u00e4rist\u00f6yst\u00e4v\u00e4llinen. hell\u00e4varainen, Green tea vaahtoava nestesaippua Muratti. hell\u00e4varainen, Agave vaahtoava nestesaippua Vihre\u00e4tee. Aloevera, Ekologinen bambu Ymp\u00e4rist\u00f6yst\u00e4v\u00e4llinen. Aloevera, Kasviraaka-aineet vaahtoava nestesaippua Green tea.<a href=\"https:\/\/eettinenluksus.fi\/shop\/tuote\/method-vaahtoava-nestesaippua-naked-300ml\/\"><span style=\"font-size:0px;\">&#8211;<\/span><\/a><a href=\"https:\/\/eettinenluksus.fi\/shop\/tuote\/method-astianpesuaine-citrus-green-tea-532ml\/\"><span style=\"font-size:0px;\">&#8211;<\/span><\/a><a href=\"https:\/\/eettinenluksus.fi\/shop\/tuote\/method-limited-edition-adelaide-vaahtoava-nestesaippua-300ml\/\"><span style=\"font-size:0px;\">&#8211;<\/span><\/a><a href=\"https:\/\/eettinenluksus.fi\/shop\/tuote\/method-nestesaippua-sweet-water-taytto-1000ml\/\"><span style=\"font-size:0px;\">&#8211;<\/span><\/a><a href=\"https:\/\/eettinenluksus.fi\/shop\/tuote\/method-vaahtoava-nestesaippua-botanical-garden-300ml\/\"><span style=\"font-size:0px;\">&#8211;<\/span><\/a><\/p>","protected":false},"excerpt":{"rendered":"<p>Foaming hand wash made from plant ingredients<\/p>\n<p>Contains glycerin, aloe vera and vitamin E<\/p>\n<p>Scent Green tea &amp; aloe<\/p>","protected":false},"featured_media":5418,"template":"","meta":{"inline_featured_image":false},"product_brand":[],"product_cat":[123,51,17,20],"product_tag":[70,185,304,163,293,314,328,327],"class_list":{"0":"post-275","1":"product","2":"type-product","3":"status-publish","4":"has-post-thumbnail","6":"product_cat-hyvinvointi","7":"product_cat-kasienpesu","8":"product_cat-method","9":"product_cat-method-kasienpesu","10":"product_tag-ekologinen","11":"product_tag-hyvinvointi","12":"product_tag-kasienpesu","13":"product_tag-method","14":"product_tag-nestesaippua","15":"product_tag-saippua","16":"product_tag-vaahtosaippua","17":"product_tag-vihrea-tee","19":"first","20":"instock","21":"taxable","22":"shipping-taxable","23":"purchasable","24":"product-type-simple"},"yoast_head":"<!-- This site is optimized with the Yoast SEO Premium plugin v26.8 (Yoast SEO v27.4) - https:\/\/yoast.com\/product\/yoast-seo-premium-wordpress\/ -->\n<title>Method Vaahtoava nestesaippua Green tea 300ml - Shop Eettinen Luksus<\/title>\n<meta name=\"description\" content=\"Kasviraaka-aineista. Sis\u00e4lt\u00e4\u00e4 glyseriini\u00e4, aloe veraa ja E-vitamiinia. Murattia, agavea, vihre\u00e4\u00e4 teet\u00e4. Method Vaahtoava nestesaippua Green tea 300ml.\" \/>\n<meta name=\"robots\" content=\"index, follow, max-snippet:-1, max-image-preview:large, max-video-preview:-1\" \/>\n<link rel=\"canonical\" href=\"https:\/\/eettinenluksus.fi\/shop\/en\/product\/method-vaahtoava-nestesaippua-green-tea-300ml\/\" \/>\n<meta property=\"og:locale\" content=\"en_GB\" \/>\n<meta property=\"og:type\" content=\"article\" \/>\n<meta property=\"og:title\" content=\"Method Vaahtoava nestesaippua Green tea 300ml\" \/>\n<meta property=\"og:description\" content=\"Kasviraaka-aineista. Sis\u00e4lt\u00e4\u00e4 glyseriini\u00e4, aloe veraa ja E-vitamiinia. Murattia, agavea, vihre\u00e4\u00e4 teet\u00e4. Method Vaahtoava nestesaippua Green tea 300ml.\" \/>\n<meta property=\"og:url\" content=\"https:\/\/eettinenluksus.fi\/shop\/en\/product\/method-vaahtoava-nestesaippua-green-tea-300ml\/\" \/>\n<meta property=\"og:site_name\" content=\"Shop Eettinen Luksus\" \/>\n<meta property=\"article:publisher\" content=\"https:\/\/www.facebook.com\/eettinenluksus\" \/>\n<meta property=\"article:modified_time\" content=\"2026-02-20T10:05:29+00:00\" \/>\n<meta property=\"og:image\" content=\"https:\/\/eettinenluksus.fi\/shop\/wp-content\/uploads\/sites\/4\/2022\/10\/Tuotekuva_Green_tea_2026.jpg\" \/>\n\t<meta property=\"og:image:width\" content=\"2000\" \/>\n\t<meta property=\"og:image:height\" content=\"2000\" \/>\n\t<meta property=\"og:image:type\" content=\"image\/jpeg\" \/>\n<meta name=\"twitter:card\" content=\"summary_large_image\" \/>\n<meta name=\"twitter:label1\" content=\"Price\" \/>\n\t<meta name=\"twitter:data1\" content=\"6,50&nbsp;&euro;\" \/>\n\t<meta name=\"twitter:label2\" content=\"Availability\" \/>\n\t<meta name=\"twitter:data2\" content=\"In stock\" \/>\n<script type=\"application\/ld+json\" class=\"yoast-schema-graph\">{\"@context\":\"https:\\\/\\\/schema.org\",\"@graph\":[{\"@type\":\"WebPage\",\"@id\":\"https:\\\/\\\/eettinenluksus.fi\\\/shop\\\/tuote\\\/method-vaahtoava-nestesaippua-green-tea-300ml\\\/\",\"url\":\"https:\\\/\\\/eettinenluksus.fi\\\/shop\\\/tuote\\\/method-vaahtoava-nestesaippua-green-tea-300ml\\\/\",\"name\":\"Method Vaahtoava nestesaippua Green tea 300ml - Shop Eettinen Luksus\",\"isPartOf\":{\"@id\":\"https:\\\/\\\/eettinenluksus.fi\\\/shop\\\/#website\"},\"primaryImageOfPage\":{\"@id\":\"https:\\\/\\\/eettinenluksus.fi\\\/shop\\\/tuote\\\/method-vaahtoava-nestesaippua-green-tea-300ml\\\/#primaryimage\"},\"image\":{\"@id\":\"https:\\\/\\\/eettinenluksus.fi\\\/shop\\\/tuote\\\/method-vaahtoava-nestesaippua-green-tea-300ml\\\/#primaryimage\"},\"thumbnailUrl\":\"https:\\\/\\\/eettinenluksus.fi\\\/shop\\\/wp-content\\\/uploads\\\/sites\\\/4\\\/2022\\\/10\\\/Tuotekuva_Green_tea_2026.jpg\",\"datePublished\":\"2022-10-05T11:18:33+00:00\",\"dateModified\":\"2026-02-20T10:05:29+00:00\",\"description\":\"Kasviraaka-aineista. Sis\u00e4lt\u00e4\u00e4 glyseriini\u00e4, aloe veraa ja E-vitamiinia. Murattia, agavea, vihre\u00e4\u00e4 teet\u00e4. Method Vaahtoava nestesaippua Green tea 300ml.\",\"breadcrumb\":{\"@id\":\"https:\\\/\\\/eettinenluksus.fi\\\/shop\\\/tuote\\\/method-vaahtoava-nestesaippua-green-tea-300ml\\\/#breadcrumb\"},\"inLanguage\":\"en-GB\",\"potentialAction\":[{\"@type\":\"ReadAction\",\"target\":[\"https:\\\/\\\/eettinenluksus.fi\\\/shop\\\/tuote\\\/method-vaahtoava-nestesaippua-green-tea-300ml\\\/\"]}]},{\"@type\":\"ImageObject\",\"inLanguage\":\"en-GB\",\"@id\":\"https:\\\/\\\/eettinenluksus.fi\\\/shop\\\/tuote\\\/method-vaahtoava-nestesaippua-green-tea-300ml\\\/#primaryimage\",\"url\":\"https:\\\/\\\/eettinenluksus.fi\\\/shop\\\/wp-content\\\/uploads\\\/sites\\\/4\\\/2022\\\/10\\\/Tuotekuva_Green_tea_2026.jpg\",\"contentUrl\":\"https:\\\/\\\/eettinenluksus.fi\\\/shop\\\/wp-content\\\/uploads\\\/sites\\\/4\\\/2022\\\/10\\\/Tuotekuva_Green_tea_2026.jpg\",\"width\":2000,\"height\":2000,\"caption\":\"Method Vaahtoava nestesaippua Green tea 300ml\"},{\"@type\":\"BreadcrumbList\",\"@id\":\"https:\\\/\\\/eettinenluksus.fi\\\/shop\\\/tuote\\\/method-vaahtoava-nestesaippua-green-tea-300ml\\\/#breadcrumb\",\"itemListElement\":[{\"@type\":\"ListItem\",\"position\":1,\"name\":\"Etusivu\",\"item\":\"https:\\\/\\\/eettinenluksus.fi\\\/shop\\\/\"},{\"@type\":\"ListItem\",\"position\":2,\"name\":\"Kauppa\",\"item\":\"https:\\\/\\\/eettinenluksus.fi\\\/shop\\\/en\\\/kauppa\\\/\"},{\"@type\":\"ListItem\",\"position\":3,\"name\":\"Method Vaahtoava nestesaippua Green tea 300ml\"}]},{\"@type\":\"WebSite\",\"@id\":\"https:\\\/\\\/eettinenluksus.fi\\\/shop\\\/#website\",\"url\":\"https:\\\/\\\/eettinenluksus.fi\\\/shop\\\/\",\"name\":\"Shop Eettinen Luksus\",\"description\":\"Uusi verkkokauppa\",\"publisher\":{\"@id\":\"https:\\\/\\\/eettinenluksus.fi\\\/shop\\\/#organization\"},\"potentialAction\":[{\"@type\":\"SearchAction\",\"target\":{\"@type\":\"EntryPoint\",\"urlTemplate\":\"https:\\\/\\\/eettinenluksus.fi\\\/shop\\\/?s={search_term_string}\"},\"query-input\":{\"@type\":\"PropertyValueSpecification\",\"valueRequired\":true,\"valueName\":\"search_term_string\"}}],\"inLanguage\":\"en-GB\"},{\"@type\":\"Organization\",\"@id\":\"https:\\\/\\\/eettinenluksus.fi\\\/shop\\\/#organization\",\"name\":\"Shop Eettinen Luksus\",\"url\":\"https:\\\/\\\/eettinenluksus.fi\\\/shop\\\/\",\"logo\":{\"@type\":\"ImageObject\",\"inLanguage\":\"en-GB\",\"@id\":\"https:\\\/\\\/eettinenluksus.fi\\\/shop\\\/#\\\/schema\\\/logo\\\/image\\\/\",\"url\":\"https:\\\/\\\/eettinenluksus.fi\\\/shop\\\/wp-content\\\/uploads\\\/sites\\\/4\\\/1664\\\/37\\\/cropped-ELO.jpg\",\"contentUrl\":\"https:\\\/\\\/eettinenluksus.fi\\\/shop\\\/wp-content\\\/uploads\\\/sites\\\/4\\\/1664\\\/37\\\/cropped-ELO.jpg\",\"width\":810,\"height\":350,\"caption\":\"Shop Eettinen Luksus\"},\"image\":{\"@id\":\"https:\\\/\\\/eettinenluksus.fi\\\/shop\\\/#\\\/schema\\\/logo\\\/image\\\/\"},\"sameAs\":[\"https:\\\/\\\/www.facebook.com\\\/eettinenluksus\",\"https:\\\/\\\/www.instagram.com\\\/eettinenluksus\\\/\"]}]}<\/script>\n<meta property=\"product:price:amount\" content=\"6.50\" \/>\n<meta property=\"product:price:currency\" content=\"EUR\" \/>\n<meta property=\"og:availability\" content=\"instock\" \/>\n<meta property=\"product:availability\" content=\"instock\" \/>\n<meta property=\"product:retailer_item_id\" content=\"4005989\" \/>\n<meta property=\"product:condition\" content=\"new\" \/>\n<!-- \/ Yoast SEO Premium plugin. -->","yoast_head_json":{"title":"Method Vaahtoava nestesaippua Green tea 300ml - Shop Eettinen Luksus","description":"Kasviraaka-aineista. Sis\u00e4lt\u00e4\u00e4 glyseriini\u00e4, aloe veraa ja E-vitamiinia. Murattia, agavea, vihre\u00e4\u00e4 teet\u00e4. Method Vaahtoava nestesaippua Green tea 300ml.","robots":{"index":"index","follow":"follow","max-snippet":"max-snippet:-1","max-image-preview":"max-image-preview:large","max-video-preview":"max-video-preview:-1"},"canonical":"https:\/\/eettinenluksus.fi\/shop\/en\/product\/method-vaahtoava-nestesaippua-green-tea-300ml\/","og_locale":"en_GB","og_type":"article","og_title":"Method Vaahtoava nestesaippua Green tea 300ml","og_description":"Kasviraaka-aineista. Sis\u00e4lt\u00e4\u00e4 glyseriini\u00e4, aloe veraa ja E-vitamiinia. Murattia, agavea, vihre\u00e4\u00e4 teet\u00e4. Method Vaahtoava nestesaippua Green tea 300ml.","og_url":"https:\/\/eettinenluksus.fi\/shop\/en\/product\/method-vaahtoava-nestesaippua-green-tea-300ml\/","og_site_name":"Shop Eettinen Luksus","article_publisher":"https:\/\/www.facebook.com\/eettinenluksus","article_modified_time":"2026-02-20T10:05:29+00:00","og_image":[{"width":2000,"height":2000,"url":"https:\/\/eettinenluksus.fi\/shop\/wp-content\/uploads\/sites\/4\/2022\/10\/Tuotekuva_Green_tea_2026.jpg","type":"image\/jpeg"}],"twitter_card":"summary_large_image","twitter_misc":{"Price":"6,50&nbsp;&euro;","Availability":"In stock"},"schema":{"@context":"https:\/\/schema.org","@graph":[{"@type":"WebPage","@id":"https:\/\/eettinenluksus.fi\/shop\/tuote\/method-vaahtoava-nestesaippua-green-tea-300ml\/","url":"https:\/\/eettinenluksus.fi\/shop\/tuote\/method-vaahtoava-nestesaippua-green-tea-300ml\/","name":"Method Vaahtoava nestesaippua Green tea 300ml - Shop Eettinen Luksus","isPartOf":{"@id":"https:\/\/eettinenluksus.fi\/shop\/#website"},"primaryImageOfPage":{"@id":"https:\/\/eettinenluksus.fi\/shop\/tuote\/method-vaahtoava-nestesaippua-green-tea-300ml\/#primaryimage"},"image":{"@id":"https:\/\/eettinenluksus.fi\/shop\/tuote\/method-vaahtoava-nestesaippua-green-tea-300ml\/#primaryimage"},"thumbnailUrl":"https:\/\/eettinenluksus.fi\/shop\/wp-content\/uploads\/sites\/4\/2022\/10\/Tuotekuva_Green_tea_2026.jpg","datePublished":"2022-10-05T11:18:33+00:00","dateModified":"2026-02-20T10:05:29+00:00","description":"Kasviraaka-aineista. Sis\u00e4lt\u00e4\u00e4 glyseriini\u00e4, aloe veraa ja E-vitamiinia. Murattia, agavea, vihre\u00e4\u00e4 teet\u00e4. Method Vaahtoava nestesaippua Green tea 300ml.","breadcrumb":{"@id":"https:\/\/eettinenluksus.fi\/shop\/tuote\/method-vaahtoava-nestesaippua-green-tea-300ml\/#breadcrumb"},"inLanguage":"en-GB","potentialAction":[{"@type":"ReadAction","target":["https:\/\/eettinenluksus.fi\/shop\/tuote\/method-vaahtoava-nestesaippua-green-tea-300ml\/"]}]},{"@type":"ImageObject","inLanguage":"en-GB","@id":"https:\/\/eettinenluksus.fi\/shop\/tuote\/method-vaahtoava-nestesaippua-green-tea-300ml\/#primaryimage","url":"https:\/\/eettinenluksus.fi\/shop\/wp-content\/uploads\/sites\/4\/2022\/10\/Tuotekuva_Green_tea_2026.jpg","contentUrl":"https:\/\/eettinenluksus.fi\/shop\/wp-content\/uploads\/sites\/4\/2022\/10\/Tuotekuva_Green_tea_2026.jpg","width":2000,"height":2000,"caption":"Method Vaahtoava nestesaippua Green tea 300ml"},{"@type":"BreadcrumbList","@id":"https:\/\/eettinenluksus.fi\/shop\/tuote\/method-vaahtoava-nestesaippua-green-tea-300ml\/#breadcrumb","itemListElement":[{"@type":"ListItem","position":1,"name":"Etusivu","item":"https:\/\/eettinenluksus.fi\/shop\/"},{"@type":"ListItem","position":2,"name":"Kauppa","item":"https:\/\/eettinenluksus.fi\/shop\/en\/kauppa\/"},{"@type":"ListItem","position":3,"name":"Method Vaahtoava nestesaippua Green tea 300ml"}]},{"@type":"WebSite","@id":"https:\/\/eettinenluksus.fi\/shop\/#website","url":"https:\/\/eettinenluksus.fi\/shop\/","name":"Shop Eettinen Luksus","description":"Uusi verkkokauppa","publisher":{"@id":"https:\/\/eettinenluksus.fi\/shop\/#organization"},"potentialAction":[{"@type":"SearchAction","target":{"@type":"EntryPoint","urlTemplate":"https:\/\/eettinenluksus.fi\/shop\/?s={search_term_string}"},"query-input":{"@type":"PropertyValueSpecification","valueRequired":true,"valueName":"search_term_string"}}],"inLanguage":"en-GB"},{"@type":"Organization","@id":"https:\/\/eettinenluksus.fi\/shop\/#organization","name":"Shop Eettinen Luksus","url":"https:\/\/eettinenluksus.fi\/shop\/","logo":{"@type":"ImageObject","inLanguage":"en-GB","@id":"https:\/\/eettinenluksus.fi\/shop\/#\/schema\/logo\/image\/","url":"https:\/\/eettinenluksus.fi\/shop\/wp-content\/uploads\/sites\/4\/1664\/37\/cropped-ELO.jpg","contentUrl":"https:\/\/eettinenluksus.fi\/shop\/wp-content\/uploads\/sites\/4\/1664\/37\/cropped-ELO.jpg","width":810,"height":350,"caption":"Shop Eettinen Luksus"},"image":{"@id":"https:\/\/eettinenluksus.fi\/shop\/#\/schema\/logo\/image\/"},"sameAs":["https:\/\/www.facebook.com\/eettinenluksus","https:\/\/www.instagram.com\/eettinenluksus\/"]}]},"product_price_amount":"6.50","product_price_currency":"EUR","og_availability":"instock","product_availability":"instock","product_retailer_item_id":"4005989","product_condition":"new"},"_links":{"self":[{"href":"https:\/\/eettinenluksus.fi\/shop\/en\/wp-json\/wp\/v2\/product\/275","targetHints":{"allow":["GET"]}}],"collection":[{"href":"https:\/\/eettinenluksus.fi\/shop\/en\/wp-json\/wp\/v2\/product"}],"about":[{"href":"https:\/\/eettinenluksus.fi\/shop\/en\/wp-json\/wp\/v2\/types\/product"}],"version-history":[{"count":11,"href":"https:\/\/eettinenluksus.fi\/shop\/en\/wp-json\/wp\/v2\/product\/275\/revisions"}],"predecessor-version":[{"id":3186,"href":"https:\/\/eettinenluksus.fi\/shop\/en\/wp-json\/wp\/v2\/product\/275\/revisions\/3186"}],"wp:featuredmedia":[{"embeddable":true,"href":"https:\/\/eettinenluksus.fi\/shop\/en\/wp-json\/wp\/v2\/media\/5418"}],"wp:attachment":[{"href":"https:\/\/eettinenluksus.fi\/shop\/en\/wp-json\/wp\/v2\/media?parent=275"}],"wp:term":[{"taxonomy":"product_brand","embeddable":true,"href":"https:\/\/eettinenluksus.fi\/shop\/en\/wp-json\/wp\/v2\/product_brand?post=275"},{"taxonomy":"product_cat","embeddable":true,"href":"https:\/\/eettinenluksus.fi\/shop\/en\/wp-json\/wp\/v2\/product_cat?post=275"},{"taxonomy":"product_tag","embeddable":true,"href":"https:\/\/eettinenluksus.fi\/shop\/en\/wp-json\/wp\/v2\/product_tag?post=275"}],"curies":[{"name":"wp","href":"https:\/\/api.w.org\/{rel}","templated":true}]}}