{"id":259,"date":"2022-10-05T14:05:38","date_gmt":"2022-10-05T11:05:38","guid":{"rendered":"https:\/\/eettinenluksus.fi\/shop2022\/?post_type=product&#038;p=259"},"modified":"2024-09-20T11:54:50","modified_gmt":"2024-09-20T08:54:50","slug":"method-yleispuhdistussuihke-naked-828ml","status":"publish","type":"product","link":"https:\/\/eettinenluksus.fi\/shop\/en\/product\/method-yleispuhdistussuihke-naked-828ml\/","title":{"rendered":"Method Multi-Surface Spray Naked 828ml"},"content":{"rendered":"<p style=\"font-size: 0px;\">Method Yleispuhdistussuihke Naked 828ml, ei v\u00e4riaineita ei hajusteita<\/p>\n<p>Grease and dirt have no chance of responding to Powergreen\u00ae technology. Ingredients obtained from corn and coconut naturally break down dirt. All that's left is a great sense of satisfaction.<\/p>\n<p>With no colourants + no fragrance. Nothing. Nada. Gloriously naked.<\/p>\n<p>&nbsp;<\/p>\n<p style=\"font-size: 0px;\"><a href=\"https:\/\/www.facebook.com\/eettinenluksus\/\"><span style=\"font-size:0px;\">&#8211;<\/span><\/a><a href=\"https:\/\/www.instagram.com\/eettinenluksus\/\"><span style=\"font-size:0px;\">&#8211;<\/span><\/a>ekologinen yleispuhdistusaine, Naked, ekologinen vegaaninen, Naked, siivous, ekologinen, vegaaninen. Yleispuhdistusaine, ekologinen siivous, ekologinen yleispuhdistusaine, Naked siivous. Ekologinen yleispuhdistusaine, Naked, ekologinen vegaaninen, Naked, siivous, ekologinen, vegaaninen. Yleispuhdistusaine, ekologinen siivous, ekologinen yleispuhdistusaine, Naked siivous. Ekologinen yleispuhdistusaine, Naked, ekologinen vegaaninen, Naked, siivous, ekologinen, vegaaninen. Yleispuhdistusaine, ekologinen siivous, ekologinen yleispuhdistusaine, Naked siivous. Eettinen, esteettinen, Naked, ekologinen.<a href=\"https:\/\/www.facebook.com\/eettinenluksus\/\"><span style=\"font-size:0px;\">&#8211;<\/span><\/a><a href=\"https:\/\/www.instagram.com\/method_fi\/\"><span style=\"font-size:0px;\">&#8211;<\/span><\/a><\/p>\n<h2 style=\"font-size: 0px;\">Method yleispuhdistussuihke Naked 828ml<\/h2>\n<p style=\"font-size: 0px;\">ekologinen yleispuhdistusaine, sweet cononut, ekologinen vegaaninen, siivous, ekologinen, vegaaninen. Yleispuhdistusaine, ekologinen siivous, ekologinen yleispuhdistusaine, siivous. Eettinen, esteettinen, ekologinen. Ekologinen yleispuhdistusaine, Naked, ekologinen vegaaninen, Naked, yleispuhdistusaine, siivous, ekologinen, vegaaninen. Yleispuhdistusaine, ekologinen siivous, ekologinen yleispuhdistusaine, Naked siivous. Ekologinen yleispuhdistusaine, Naked, ekologinen vegaaninen, Naked, siivous, ekologinen, vegaaninen. Yleispuhdistusaine, ekologinen siivous, ekologinen yleispuhdistusaine, Naked siivous. <a href=\"https:\/\/eettinenluksus.fi\/shop\/en\/product\/method-yleispuhdistusaine-sweet-water-354ml\/\"<span style=\"font-size:0px;\">&#8211;<\/span><\/a><a href=\"https:\/\/eettinenluksus.fi\/shop\/tuote\/method-vaahtoava-yleispuhdistusaine-sweet-coconut-300ml\/\"><span style=\"font-size:0px;\">&#8211;<\/span><\/a><a href=\"https:\/\/eettinenluksus.fi\/shop\/tuote\/method-yleispuhdistusaine-sweet-water-tuotepaketti\/\"><span style=\"font-size:0px;\">&#8211;<\/span><\/a><a href=\"https:\/\/eettinenluksus.fi\/shop\/tuote\/method-yleispuhdistusaine-sweet-water-taytto-1000ml\/\"><span style=\"font-size:0px;\">&#8211;<\/span><\/a><a href=\"https:\/\/eettinenluksus.fi\/shop\/tuotemerkit\/kasienpesu\/\"><span style=\"font-size:0px;\">&#8211;<\/span><\/a><\/p>\n<ul style=\"font-size: 0px;\">\n<li>naked><\/li>\n<li>all-purpose cleaner<\/li>\n<\/ul>","protected":false},"excerpt":{"rendered":"<p>With no colourants + no fragrance. Nothing. Nada. Gloriously naked.<\/p>","protected":false},"featured_media":4077,"template":"","meta":{"inline_featured_image":false},"product_brand":[],"product_cat":[28,17,19,49],"product_tag":[70,292,163,88,167,168],"class_list":{"0":"post-259","1":"product","2":"type-product","3":"status-publish","4":"has-post-thumbnail","6":"product_cat-method-hajusteeton-go-naked","7":"product_cat-method","8":"product_cat-method-siivous","9":"product_cat-siivous","10":"product_tag-ekologinen","11":"product_tag-hajusteeton","12":"product_tag-method","13":"product_tag-siivous","14":"product_tag-yleispuhdistus","15":"product_tag-yleispuhdistusaine","17":"first","18":"instock","19":"taxable","20":"shipping-taxable","21":"purchasable","22":"product-type-simple"},"yoast_head":"<!-- This site is optimized with the Yoast SEO Premium plugin v26.8 (Yoast SEO v27.4) - https:\/\/yoast.com\/product\/yoast-seo-premium-wordpress\/ -->\n<title>Method Yleispuhdistussuihke Naked 828ml - Shop Eettinen Luksus<\/title>\n<meta name=\"description\" content=\"On aika heitt\u00e4\u00e4 kaikki + menn\u00e4 ihan nakuna siis. Ei v\u00e4riaineita ei hajusteita. Ei ollenkaan. Method Yleispuhdistussuihke Naked 828ml\" \/>\n<meta name=\"robots\" content=\"index, follow, max-snippet:-1, max-image-preview:large, max-video-preview:-1\" \/>\n<link rel=\"canonical\" href=\"https:\/\/eettinenluksus.fi\/shop\/en\/product\/method-yleispuhdistussuihke-naked-828ml\/\" \/>\n<meta property=\"og:locale\" content=\"en_GB\" \/>\n<meta property=\"og:type\" content=\"article\" \/>\n<meta property=\"og:title\" content=\"Method Yleispuhdistussuihke Naked 828ml\" \/>\n<meta property=\"og:description\" content=\"On aika heitt\u00e4\u00e4 kaikki + menn\u00e4 ihan nakuna siis. Ei v\u00e4riaineita ei hajusteita. Ei ollenkaan. Method Yleispuhdistussuihke Naked 828ml\" \/>\n<meta property=\"og:url\" content=\"https:\/\/eettinenluksus.fi\/shop\/en\/product\/method-yleispuhdistussuihke-naked-828ml\/\" \/>\n<meta property=\"og:site_name\" content=\"Shop Eettinen Luksus\" \/>\n<meta property=\"article:publisher\" content=\"https:\/\/www.facebook.com\/eettinenluksus\" \/>\n<meta property=\"article:modified_time\" content=\"2024-09-20T08:54:50+00:00\" \/>\n<meta property=\"og:image\" content=\"https:\/\/eettinenluksus.fi\/shop\/wp-content\/uploads\/sites\/4\/1726\/22\/Yleispuhdistusaine-Naked-nelio.jpg\" \/>\n\t<meta property=\"og:image:width\" content=\"1045\" \/>\n\t<meta property=\"og:image:height\" content=\"1045\" \/>\n\t<meta property=\"og:image:type\" content=\"image\/jpeg\" \/>\n<meta name=\"twitter:card\" content=\"summary_large_image\" \/>\n<meta name=\"twitter:label1\" content=\"Price\" \/>\n\t<meta name=\"twitter:data1\" content=\"7,15&nbsp;&euro;\" \/>\n\t<meta name=\"twitter:label2\" content=\"Availability\" \/>\n\t<meta name=\"twitter:data2\" content=\"In stock\" \/>\n<script type=\"application\/ld+json\" class=\"yoast-schema-graph\">{\"@context\":\"https:\\\/\\\/schema.org\",\"@graph\":[{\"@type\":\"WebPage\",\"@id\":\"https:\\\/\\\/eettinenluksus.fi\\\/shop\\\/tuote\\\/method-yleispuhdistussuihke-naked-828ml\\\/\",\"url\":\"https:\\\/\\\/eettinenluksus.fi\\\/shop\\\/tuote\\\/method-yleispuhdistussuihke-naked-828ml\\\/\",\"name\":\"Method Yleispuhdistussuihke Naked 828ml - Shop Eettinen Luksus\",\"isPartOf\":{\"@id\":\"https:\\\/\\\/eettinenluksus.fi\\\/shop\\\/#website\"},\"primaryImageOfPage\":{\"@id\":\"https:\\\/\\\/eettinenluksus.fi\\\/shop\\\/tuote\\\/method-yleispuhdistussuihke-naked-828ml\\\/#primaryimage\"},\"image\":{\"@id\":\"https:\\\/\\\/eettinenluksus.fi\\\/shop\\\/tuote\\\/method-yleispuhdistussuihke-naked-828ml\\\/#primaryimage\"},\"thumbnailUrl\":\"https:\\\/\\\/eettinenluksus.fi\\\/shop\\\/wp-content\\\/uploads\\\/sites\\\/4\\\/1726\\\/22\\\/Yleispuhdistusaine-Naked-nelio.jpg\",\"datePublished\":\"2022-10-05T11:05:38+00:00\",\"dateModified\":\"2024-09-20T08:54:50+00:00\",\"description\":\"On aika heitt\u00e4\u00e4 kaikki + menn\u00e4 ihan nakuna siis. Ei v\u00e4riaineita ei hajusteita. Ei ollenkaan. Method Yleispuhdistussuihke Naked 828ml\",\"breadcrumb\":{\"@id\":\"https:\\\/\\\/eettinenluksus.fi\\\/shop\\\/tuote\\\/method-yleispuhdistussuihke-naked-828ml\\\/#breadcrumb\"},\"inLanguage\":\"en-GB\",\"potentialAction\":[{\"@type\":\"ReadAction\",\"target\":[\"https:\\\/\\\/eettinenluksus.fi\\\/shop\\\/tuote\\\/method-yleispuhdistussuihke-naked-828ml\\\/\"]}]},{\"@type\":\"ImageObject\",\"inLanguage\":\"en-GB\",\"@id\":\"https:\\\/\\\/eettinenluksus.fi\\\/shop\\\/tuote\\\/method-yleispuhdistussuihke-naked-828ml\\\/#primaryimage\",\"url\":\"https:\\\/\\\/eettinenluksus.fi\\\/shop\\\/wp-content\\\/uploads\\\/sites\\\/4\\\/1726\\\/22\\\/Yleispuhdistusaine-Naked-nelio.jpg\",\"contentUrl\":\"https:\\\/\\\/eettinenluksus.fi\\\/shop\\\/wp-content\\\/uploads\\\/sites\\\/4\\\/1726\\\/22\\\/Yleispuhdistusaine-Naked-nelio.jpg\",\"width\":1045,\"height\":1045,\"caption\":\"Yleispuhdistusaine Naked\"},{\"@type\":\"BreadcrumbList\",\"@id\":\"https:\\\/\\\/eettinenluksus.fi\\\/shop\\\/tuote\\\/method-yleispuhdistussuihke-naked-828ml\\\/#breadcrumb\",\"itemListElement\":[{\"@type\":\"ListItem\",\"position\":1,\"name\":\"Etusivu\",\"item\":\"https:\\\/\\\/eettinenluksus.fi\\\/shop\\\/\"},{\"@type\":\"ListItem\",\"position\":2,\"name\":\"Kauppa\",\"item\":\"https:\\\/\\\/eettinenluksus.fi\\\/shop\\\/en\\\/kauppa\\\/\"},{\"@type\":\"ListItem\",\"position\":3,\"name\":\"Method Yleispuhdistussuihke Naked 828ml\"}]},{\"@type\":\"WebSite\",\"@id\":\"https:\\\/\\\/eettinenluksus.fi\\\/shop\\\/#website\",\"url\":\"https:\\\/\\\/eettinenluksus.fi\\\/shop\\\/\",\"name\":\"Shop Eettinen Luksus\",\"description\":\"Uusi verkkokauppa\",\"publisher\":{\"@id\":\"https:\\\/\\\/eettinenluksus.fi\\\/shop\\\/#organization\"},\"potentialAction\":[{\"@type\":\"SearchAction\",\"target\":{\"@type\":\"EntryPoint\",\"urlTemplate\":\"https:\\\/\\\/eettinenluksus.fi\\\/shop\\\/?s={search_term_string}\"},\"query-input\":{\"@type\":\"PropertyValueSpecification\",\"valueRequired\":true,\"valueName\":\"search_term_string\"}}],\"inLanguage\":\"en-GB\"},{\"@type\":\"Organization\",\"@id\":\"https:\\\/\\\/eettinenluksus.fi\\\/shop\\\/#organization\",\"name\":\"Shop Eettinen Luksus\",\"url\":\"https:\\\/\\\/eettinenluksus.fi\\\/shop\\\/\",\"logo\":{\"@type\":\"ImageObject\",\"inLanguage\":\"en-GB\",\"@id\":\"https:\\\/\\\/eettinenluksus.fi\\\/shop\\\/#\\\/schema\\\/logo\\\/image\\\/\",\"url\":\"https:\\\/\\\/eettinenluksus.fi\\\/shop\\\/wp-content\\\/uploads\\\/sites\\\/4\\\/1664\\\/37\\\/cropped-ELO.jpg\",\"contentUrl\":\"https:\\\/\\\/eettinenluksus.fi\\\/shop\\\/wp-content\\\/uploads\\\/sites\\\/4\\\/1664\\\/37\\\/cropped-ELO.jpg\",\"width\":810,\"height\":350,\"caption\":\"Shop Eettinen Luksus\"},\"image\":{\"@id\":\"https:\\\/\\\/eettinenluksus.fi\\\/shop\\\/#\\\/schema\\\/logo\\\/image\\\/\"},\"sameAs\":[\"https:\\\/\\\/www.facebook.com\\\/eettinenluksus\",\"https:\\\/\\\/www.instagram.com\\\/eettinenluksus\\\/\"]}]}<\/script>\n<meta property=\"product:price:amount\" content=\"7.15\" \/>\n<meta property=\"product:price:currency\" content=\"EUR\" \/>\n<meta property=\"og:availability\" content=\"instock\" \/>\n<meta property=\"product:availability\" content=\"instock\" \/>\n<meta property=\"product:retailer_item_id\" content=\"4004338\" \/>\n<meta property=\"product:condition\" content=\"new\" \/>\n<!-- \/ Yoast SEO Premium plugin. -->","yoast_head_json":{"title":"Method Yleispuhdistussuihke Naked 828ml - Shop Eettinen Luksus","description":"On aika heitt\u00e4\u00e4 kaikki + menn\u00e4 ihan nakuna siis. Ei v\u00e4riaineita ei hajusteita. Ei ollenkaan. Method Yleispuhdistussuihke Naked 828ml","robots":{"index":"index","follow":"follow","max-snippet":"max-snippet:-1","max-image-preview":"max-image-preview:large","max-video-preview":"max-video-preview:-1"},"canonical":"https:\/\/eettinenluksus.fi\/shop\/en\/product\/method-yleispuhdistussuihke-naked-828ml\/","og_locale":"en_GB","og_type":"article","og_title":"Method Yleispuhdistussuihke Naked 828ml","og_description":"On aika heitt\u00e4\u00e4 kaikki + menn\u00e4 ihan nakuna siis. Ei v\u00e4riaineita ei hajusteita. Ei ollenkaan. Method Yleispuhdistussuihke Naked 828ml","og_url":"https:\/\/eettinenluksus.fi\/shop\/en\/product\/method-yleispuhdistussuihke-naked-828ml\/","og_site_name":"Shop Eettinen Luksus","article_publisher":"https:\/\/www.facebook.com\/eettinenluksus","article_modified_time":"2024-09-20T08:54:50+00:00","og_image":[{"width":1045,"height":1045,"url":"https:\/\/eettinenluksus.fi\/shop\/wp-content\/uploads\/sites\/4\/1726\/22\/Yleispuhdistusaine-Naked-nelio.jpg","type":"image\/jpeg"}],"twitter_card":"summary_large_image","twitter_misc":{"Price":"7,15&nbsp;&euro;","Availability":"In stock"},"schema":{"@context":"https:\/\/schema.org","@graph":[{"@type":"WebPage","@id":"https:\/\/eettinenluksus.fi\/shop\/tuote\/method-yleispuhdistussuihke-naked-828ml\/","url":"https:\/\/eettinenluksus.fi\/shop\/tuote\/method-yleispuhdistussuihke-naked-828ml\/","name":"Method Yleispuhdistussuihke Naked 828ml - Shop Eettinen Luksus","isPartOf":{"@id":"https:\/\/eettinenluksus.fi\/shop\/#website"},"primaryImageOfPage":{"@id":"https:\/\/eettinenluksus.fi\/shop\/tuote\/method-yleispuhdistussuihke-naked-828ml\/#primaryimage"},"image":{"@id":"https:\/\/eettinenluksus.fi\/shop\/tuote\/method-yleispuhdistussuihke-naked-828ml\/#primaryimage"},"thumbnailUrl":"https:\/\/eettinenluksus.fi\/shop\/wp-content\/uploads\/sites\/4\/1726\/22\/Yleispuhdistusaine-Naked-nelio.jpg","datePublished":"2022-10-05T11:05:38+00:00","dateModified":"2024-09-20T08:54:50+00:00","description":"On aika heitt\u00e4\u00e4 kaikki + menn\u00e4 ihan nakuna siis. Ei v\u00e4riaineita ei hajusteita. Ei ollenkaan. Method Yleispuhdistussuihke Naked 828ml","breadcrumb":{"@id":"https:\/\/eettinenluksus.fi\/shop\/tuote\/method-yleispuhdistussuihke-naked-828ml\/#breadcrumb"},"inLanguage":"en-GB","potentialAction":[{"@type":"ReadAction","target":["https:\/\/eettinenluksus.fi\/shop\/tuote\/method-yleispuhdistussuihke-naked-828ml\/"]}]},{"@type":"ImageObject","inLanguage":"en-GB","@id":"https:\/\/eettinenluksus.fi\/shop\/tuote\/method-yleispuhdistussuihke-naked-828ml\/#primaryimage","url":"https:\/\/eettinenluksus.fi\/shop\/wp-content\/uploads\/sites\/4\/1726\/22\/Yleispuhdistusaine-Naked-nelio.jpg","contentUrl":"https:\/\/eettinenluksus.fi\/shop\/wp-content\/uploads\/sites\/4\/1726\/22\/Yleispuhdistusaine-Naked-nelio.jpg","width":1045,"height":1045,"caption":"Yleispuhdistusaine Naked"},{"@type":"BreadcrumbList","@id":"https:\/\/eettinenluksus.fi\/shop\/tuote\/method-yleispuhdistussuihke-naked-828ml\/#breadcrumb","itemListElement":[{"@type":"ListItem","position":1,"name":"Etusivu","item":"https:\/\/eettinenluksus.fi\/shop\/"},{"@type":"ListItem","position":2,"name":"Kauppa","item":"https:\/\/eettinenluksus.fi\/shop\/en\/kauppa\/"},{"@type":"ListItem","position":3,"name":"Method Yleispuhdistussuihke Naked 828ml"}]},{"@type":"WebSite","@id":"https:\/\/eettinenluksus.fi\/shop\/#website","url":"https:\/\/eettinenluksus.fi\/shop\/","name":"Shop Eettinen Luksus","description":"Uusi verkkokauppa","publisher":{"@id":"https:\/\/eettinenluksus.fi\/shop\/#organization"},"potentialAction":[{"@type":"SearchAction","target":{"@type":"EntryPoint","urlTemplate":"https:\/\/eettinenluksus.fi\/shop\/?s={search_term_string}"},"query-input":{"@type":"PropertyValueSpecification","valueRequired":true,"valueName":"search_term_string"}}],"inLanguage":"en-GB"},{"@type":"Organization","@id":"https:\/\/eettinenluksus.fi\/shop\/#organization","name":"Shop Eettinen Luksus","url":"https:\/\/eettinenluksus.fi\/shop\/","logo":{"@type":"ImageObject","inLanguage":"en-GB","@id":"https:\/\/eettinenluksus.fi\/shop\/#\/schema\/logo\/image\/","url":"https:\/\/eettinenluksus.fi\/shop\/wp-content\/uploads\/sites\/4\/1664\/37\/cropped-ELO.jpg","contentUrl":"https:\/\/eettinenluksus.fi\/shop\/wp-content\/uploads\/sites\/4\/1664\/37\/cropped-ELO.jpg","width":810,"height":350,"caption":"Shop Eettinen Luksus"},"image":{"@id":"https:\/\/eettinenluksus.fi\/shop\/#\/schema\/logo\/image\/"},"sameAs":["https:\/\/www.facebook.com\/eettinenluksus","https:\/\/www.instagram.com\/eettinenluksus\/"]}]},"product_price_amount":"7.15","product_price_currency":"EUR","og_availability":"instock","product_availability":"instock","product_retailer_item_id":"4004338","product_condition":"new"},"_links":{"self":[{"href":"https:\/\/eettinenluksus.fi\/shop\/en\/wp-json\/wp\/v2\/product\/259","targetHints":{"allow":["GET"]}}],"collection":[{"href":"https:\/\/eettinenluksus.fi\/shop\/en\/wp-json\/wp\/v2\/product"}],"about":[{"href":"https:\/\/eettinenluksus.fi\/shop\/en\/wp-json\/wp\/v2\/types\/product"}],"version-history":[{"count":9,"href":"https:\/\/eettinenluksus.fi\/shop\/en\/wp-json\/wp\/v2\/product\/259\/revisions"}],"predecessor-version":[{"id":3099,"href":"https:\/\/eettinenluksus.fi\/shop\/en\/wp-json\/wp\/v2\/product\/259\/revisions\/3099"}],"wp:featuredmedia":[{"embeddable":true,"href":"https:\/\/eettinenluksus.fi\/shop\/en\/wp-json\/wp\/v2\/media\/4077"}],"wp:attachment":[{"href":"https:\/\/eettinenluksus.fi\/shop\/en\/wp-json\/wp\/v2\/media?parent=259"}],"wp:term":[{"taxonomy":"product_brand","embeddable":true,"href":"https:\/\/eettinenluksus.fi\/shop\/en\/wp-json\/wp\/v2\/product_brand?post=259"},{"taxonomy":"product_cat","embeddable":true,"href":"https:\/\/eettinenluksus.fi\/shop\/en\/wp-json\/wp\/v2\/product_cat?post=259"},{"taxonomy":"product_tag","embeddable":true,"href":"https:\/\/eettinenluksus.fi\/shop\/en\/wp-json\/wp\/v2\/product_tag?post=259"}],"curies":[{"name":"wp","href":"https:\/\/api.w.org\/{rel}","templated":true}]}}