{"id":257,"date":"2022-10-05T13:03:45","date_gmt":"2022-10-05T10:03:45","guid":{"rendered":"https:\/\/eettinenluksus.fi\/shop2022\/?post_type=product&#038;p=257"},"modified":"2025-09-15T13:59:00","modified_gmt":"2025-09-15T10:59:00","slug":"method-keittion-puhdistusaine-klementiini-828ml","status":"publish","type":"product","link":"https:\/\/eettinenluksus.fi\/shop\/en\/product\/method-keittion-puhdistusaine-klementiini-828ml\/","title":{"rendered":"Method Daily Kitchen 828ml"},"content":{"rendered":"<p>Grease + grime don\u2019t stand a chance. Not with the cutting-edge green chemistry of Powergreen\u00ae technology in your grasp. Each squirt, in all it\u2019s lovely non-toxic glory, delivers a mighty cleaning punch. Suitable for worktops, tiles, stone, wood and glass. Ideal for stoves, sinks and the kitchen table. Break down dirt naturally, so every spray leaves nothing behind but a fresh scent + gleaming clean. Knock out dirt with the power of plants.<\/p>\n<p>Clementine - As the zesty kid sister to the orange, our sweet clementine often feels that she\u2019s not taken seriously.<\/p>\n<ul>\n<li>Not tested on animals<\/li>\n<li>Leaping Bunny certificate<\/li>\n<li>Biodegradable ingredients<\/li>\n<\/ul>\n<p style=\"font-size: 0px;\"><a href=\"https:\/\/onxon.fi\/\"><span style=\"font-size: 0px;\">&#8211;<\/span><\/a>Ekologinen siivous, keitti\u00f6npuhdistussuihketta, keitti\u00f6npuhdistusaine, eettinen, ekologinen siivous kasvipohjaisella keitti\u00f6n puhdistusaineella, keitti\u00f6npuhdistusaine, siivous, keitti\u00f6npuhdistusaine, ekologinen, eettinen, klementiini, esteettinen, ekologinen, yleispuhdistus, keitti\u00f6npuhdistusaine, klementiini, ekologinen siivous, ekologinen, klementiini, esteettinen, eettinen. Ekologinen puhdistusaine, keitti\u00f6npuhdistusaine, klementiini, ekologinen siivous, keitti\u00f6npuhdistusaine, keitti\u00f6npuhdistussuihke, siivous, keitti\u00f6npuhdistussuihketta, klementiini, ekologinen siivous.<a href=\"https:\/\/eettinenluksus.fi\/shop\/tuote\/method-yleispuhdistustiiviste-dreamy-240ml\/\"><span style=\"font-size: 0px;\">&#8211;<\/span><\/a><\/p>\n<p style=\"font-size: 0px;\">Ekologinen siivous, keitti\u00f6npuhdistusaine, eettinen, keitti\u00f6npuhdistusaine, ekologinen, klementiini, keitti\u00f6npuhdistussuihketta, ekologinen siivous keitti\u00f6n puhdistusaineella, siivous, ekologinen, keitti\u00f6npuhdistusaine, klementiini, eettinen, keitti\u00f6npuhdistusaine, esteettinen, ekologinen, yleispuhdistus, keitti\u00f6npuhdistusaine ekologinen siivous,. Ekologinen puhdistusaine, klementiini, ekologinen siivous, keitti\u00f6npuhdistusaine, keitti\u00f6npuhdistusaine, keitti\u00f6npuhdistussuihke, siivous, keitti\u00f6npuhdistussuihketta, ekologinen siivous.<a href=\"https:\/\/eettinenluksus.fi\/shop\/tuotemerkit\/onxon-siivous\/\"><span style=\"font-size: 0px;\">&#8211;<\/span><\/a><a href=\"https:\/\/eettinenluksus.fi\/shop\/tuotemerkit\/method-siivous\/\"><span style=\"font-size: 0px;\">&#8211;<\/span><\/a><br \/>\n<a href=\"https:\/\/eettinenluksus.fi\/shop\/tuotemerkit\/greener-cleaner-siivous\/\"><span style=\"font-size: 0px;\">&#8211;<\/span><\/a><a href=\"https:\/\/eettinenluksus.fi\/shop\/tuotemerkit\/mreco-siivous\/\"><span style=\"font-size: 0px;\">&#8211;<\/span><\/a><\/p>","protected":false},"excerpt":{"rendered":"<p>Ready-to-use and powerful non-toxic surface cleaner with Powergreen\u00ae technology for worktops, tiles, stone, wood and glass.<\/p>\n<p>Biodegradable cleaners made from corn + coconut.<\/p>\n<p>Clementine \u2013 The zesty kid sister to the orange.<\/p>","protected":false},"featured_media":4051,"template":"","meta":{"inline_featured_image":false},"product_brand":[],"product_cat":[17,19,49],"product_tag":[70,72,331,163,322,297,88],"class_list":{"0":"post-257","1":"product","2":"type-product","3":"status-publish","4":"has-post-thumbnail","6":"product_cat-method","7":"product_cat-method-siivous","8":"product_cat-siivous","9":"product_tag-ekologinen","10":"product_tag-keittio","11":"product_tag-klementiini","12":"product_tag-method","13":"product_tag-puhdistus","14":"product_tag-puhdistusaine","15":"product_tag-siivous","17":"first","18":"instock","19":"taxable","20":"shipping-taxable","21":"purchasable","22":"product-type-simple"},"yoast_head":"<!-- This site is optimized with the Yoast SEO Premium plugin v26.8 (Yoast SEO v27.4) - https:\/\/yoast.com\/product\/yoast-seo-premium-wordpress\/ -->\n<title>Method Keitti\u00f6n puhdistusaine Klementiini 828ml - Shop Eettinen Luksus<\/title>\n<meta name=\"description\" content=\"Ekologinen siivous kasvipohjaisella keitti\u00f6n puhdistusaineella onnistuu tuotteella Method Keitti\u00f6n puhdistusaine Klementiini.\" \/>\n<meta name=\"robots\" content=\"index, follow, max-snippet:-1, max-image-preview:large, max-video-preview:-1\" \/>\n<link rel=\"canonical\" href=\"https:\/\/eettinenluksus.fi\/shop\/en\/product\/method-keittion-puhdistusaine-klementiini-828ml\/\" \/>\n<meta property=\"og:locale\" content=\"en_GB\" \/>\n<meta property=\"og:type\" content=\"article\" \/>\n<meta property=\"og:title\" content=\"Method Keitti\u00f6n puhdistusaine Klementiini 828ml\" \/>\n<meta property=\"og:description\" content=\"Ekologinen siivous kasvipohjaisella keitti\u00f6n puhdistusaineella onnistuu tuotteella Method Keitti\u00f6n puhdistusaine Klementiini.\" \/>\n<meta property=\"og:url\" content=\"https:\/\/eettinenluksus.fi\/shop\/en\/product\/method-keittion-puhdistusaine-klementiini-828ml\/\" \/>\n<meta property=\"og:site_name\" content=\"Shop Eettinen Luksus\" \/>\n<meta property=\"article:publisher\" content=\"https:\/\/www.facebook.com\/eettinenluksus\" \/>\n<meta property=\"article:modified_time\" content=\"2025-09-15T10:59:00+00:00\" \/>\n<meta property=\"og:image\" content=\"https:\/\/eettinenluksus.fi\/shop\/wp-content\/uploads\/sites\/4\/1726\/17\/Keittion-puhdistussuihke-nelio.jpg\" \/>\n\t<meta property=\"og:image:width\" content=\"1045\" \/>\n\t<meta property=\"og:image:height\" content=\"1045\" \/>\n\t<meta property=\"og:image:type\" content=\"image\/jpeg\" \/>\n<meta name=\"twitter:card\" content=\"summary_large_image\" \/>\n<meta name=\"twitter:label1\" content=\"Price\" \/>\n\t<meta name=\"twitter:data1\" content=\"7,15&nbsp;&euro;\" \/>\n\t<meta name=\"twitter:label2\" content=\"Availability\" \/>\n\t<meta name=\"twitter:data2\" content=\"In stock\" \/>\n<script type=\"application\/ld+json\" class=\"yoast-schema-graph\">{\"@context\":\"https:\\\/\\\/schema.org\",\"@graph\":[{\"@type\":\"WebPage\",\"@id\":\"https:\\\/\\\/eettinenluksus.fi\\\/shop\\\/tuote\\\/method-keittion-puhdistusaine-klementiini-828ml\\\/\",\"url\":\"https:\\\/\\\/eettinenluksus.fi\\\/shop\\\/tuote\\\/method-keittion-puhdistusaine-klementiini-828ml\\\/\",\"name\":\"Method Keitti\u00f6n puhdistusaine Klementiini 828ml - Shop Eettinen Luksus\",\"isPartOf\":{\"@id\":\"https:\\\/\\\/eettinenluksus.fi\\\/shop\\\/#website\"},\"primaryImageOfPage\":{\"@id\":\"https:\\\/\\\/eettinenluksus.fi\\\/shop\\\/tuote\\\/method-keittion-puhdistusaine-klementiini-828ml\\\/#primaryimage\"},\"image\":{\"@id\":\"https:\\\/\\\/eettinenluksus.fi\\\/shop\\\/tuote\\\/method-keittion-puhdistusaine-klementiini-828ml\\\/#primaryimage\"},\"thumbnailUrl\":\"https:\\\/\\\/eettinenluksus.fi\\\/shop\\\/wp-content\\\/uploads\\\/sites\\\/4\\\/1726\\\/17\\\/Keittion-puhdistussuihke-nelio.jpg\",\"datePublished\":\"2022-10-05T10:03:45+00:00\",\"dateModified\":\"2025-09-15T10:59:00+00:00\",\"description\":\"Ekologinen siivous kasvipohjaisella keitti\u00f6n puhdistusaineella onnistuu tuotteella Method Keitti\u00f6n puhdistusaine Klementiini.\",\"breadcrumb\":{\"@id\":\"https:\\\/\\\/eettinenluksus.fi\\\/shop\\\/tuote\\\/method-keittion-puhdistusaine-klementiini-828ml\\\/#breadcrumb\"},\"inLanguage\":\"en-GB\",\"potentialAction\":[{\"@type\":\"ReadAction\",\"target\":[\"https:\\\/\\\/eettinenluksus.fi\\\/shop\\\/tuote\\\/method-keittion-puhdistusaine-klementiini-828ml\\\/\"]}]},{\"@type\":\"ImageObject\",\"inLanguage\":\"en-GB\",\"@id\":\"https:\\\/\\\/eettinenluksus.fi\\\/shop\\\/tuote\\\/method-keittion-puhdistusaine-klementiini-828ml\\\/#primaryimage\",\"url\":\"https:\\\/\\\/eettinenluksus.fi\\\/shop\\\/wp-content\\\/uploads\\\/sites\\\/4\\\/1726\\\/17\\\/Keittion-puhdistussuihke-nelio.jpg\",\"contentUrl\":\"https:\\\/\\\/eettinenluksus.fi\\\/shop\\\/wp-content\\\/uploads\\\/sites\\\/4\\\/1726\\\/17\\\/Keittion-puhdistussuihke-nelio.jpg\",\"width\":1045,\"height\":1045,\"caption\":\"Keitti\u00f6n puhdistussuihke\"},{\"@type\":\"BreadcrumbList\",\"@id\":\"https:\\\/\\\/eettinenluksus.fi\\\/shop\\\/tuote\\\/method-keittion-puhdistusaine-klementiini-828ml\\\/#breadcrumb\",\"itemListElement\":[{\"@type\":\"ListItem\",\"position\":1,\"name\":\"Etusivu\",\"item\":\"https:\\\/\\\/eettinenluksus.fi\\\/shop\\\/\"},{\"@type\":\"ListItem\",\"position\":2,\"name\":\"Kauppa\",\"item\":\"https:\\\/\\\/eettinenluksus.fi\\\/shop\\\/en\\\/kauppa\\\/\"},{\"@type\":\"ListItem\",\"position\":3,\"name\":\"Method Keitti\u00f6n puhdistusaine Klementiini 828ml\"}]},{\"@type\":\"WebSite\",\"@id\":\"https:\\\/\\\/eettinenluksus.fi\\\/shop\\\/#website\",\"url\":\"https:\\\/\\\/eettinenluksus.fi\\\/shop\\\/\",\"name\":\"Shop Eettinen Luksus\",\"description\":\"Uusi verkkokauppa\",\"publisher\":{\"@id\":\"https:\\\/\\\/eettinenluksus.fi\\\/shop\\\/#organization\"},\"potentialAction\":[{\"@type\":\"SearchAction\",\"target\":{\"@type\":\"EntryPoint\",\"urlTemplate\":\"https:\\\/\\\/eettinenluksus.fi\\\/shop\\\/?s={search_term_string}\"},\"query-input\":{\"@type\":\"PropertyValueSpecification\",\"valueRequired\":true,\"valueName\":\"search_term_string\"}}],\"inLanguage\":\"en-GB\"},{\"@type\":\"Organization\",\"@id\":\"https:\\\/\\\/eettinenluksus.fi\\\/shop\\\/#organization\",\"name\":\"Shop Eettinen Luksus\",\"url\":\"https:\\\/\\\/eettinenluksus.fi\\\/shop\\\/\",\"logo\":{\"@type\":\"ImageObject\",\"inLanguage\":\"en-GB\",\"@id\":\"https:\\\/\\\/eettinenluksus.fi\\\/shop\\\/#\\\/schema\\\/logo\\\/image\\\/\",\"url\":\"https:\\\/\\\/eettinenluksus.fi\\\/shop\\\/wp-content\\\/uploads\\\/sites\\\/4\\\/1664\\\/37\\\/cropped-ELO.jpg\",\"contentUrl\":\"https:\\\/\\\/eettinenluksus.fi\\\/shop\\\/wp-content\\\/uploads\\\/sites\\\/4\\\/1664\\\/37\\\/cropped-ELO.jpg\",\"width\":810,\"height\":350,\"caption\":\"Shop Eettinen Luksus\"},\"image\":{\"@id\":\"https:\\\/\\\/eettinenluksus.fi\\\/shop\\\/#\\\/schema\\\/logo\\\/image\\\/\"},\"sameAs\":[\"https:\\\/\\\/www.facebook.com\\\/eettinenluksus\",\"https:\\\/\\\/www.instagram.com\\\/eettinenluksus\\\/\"]}]}<\/script>\n<meta property=\"product:price:amount\" content=\"7.15\" \/>\n<meta property=\"product:price:currency\" content=\"EUR\" \/>\n<meta property=\"og:availability\" content=\"instock\" \/>\n<meta property=\"product:availability\" content=\"instock\" \/>\n<meta property=\"product:retailer_item_id\" content=\"4006331\" \/>\n<meta property=\"product:condition\" content=\"new\" \/>\n<!-- \/ Yoast SEO Premium plugin. -->","yoast_head_json":{"title":"Method Keitti\u00f6n puhdistusaine Klementiini 828ml - Shop Eettinen Luksus","description":"Ekologinen siivous kasvipohjaisella keitti\u00f6n puhdistusaineella onnistuu tuotteella Method Keitti\u00f6n puhdistusaine Klementiini.","robots":{"index":"index","follow":"follow","max-snippet":"max-snippet:-1","max-image-preview":"max-image-preview:large","max-video-preview":"max-video-preview:-1"},"canonical":"https:\/\/eettinenluksus.fi\/shop\/en\/product\/method-keittion-puhdistusaine-klementiini-828ml\/","og_locale":"en_GB","og_type":"article","og_title":"Method Keitti\u00f6n puhdistusaine Klementiini 828ml","og_description":"Ekologinen siivous kasvipohjaisella keitti\u00f6n puhdistusaineella onnistuu tuotteella Method Keitti\u00f6n puhdistusaine Klementiini.","og_url":"https:\/\/eettinenluksus.fi\/shop\/en\/product\/method-keittion-puhdistusaine-klementiini-828ml\/","og_site_name":"Shop Eettinen Luksus","article_publisher":"https:\/\/www.facebook.com\/eettinenluksus","article_modified_time":"2025-09-15T10:59:00+00:00","og_image":[{"width":1045,"height":1045,"url":"https:\/\/eettinenluksus.fi\/shop\/wp-content\/uploads\/sites\/4\/1726\/17\/Keittion-puhdistussuihke-nelio.jpg","type":"image\/jpeg"}],"twitter_card":"summary_large_image","twitter_misc":{"Price":"7,15&nbsp;&euro;","Availability":"In stock"},"schema":{"@context":"https:\/\/schema.org","@graph":[{"@type":"WebPage","@id":"https:\/\/eettinenluksus.fi\/shop\/tuote\/method-keittion-puhdistusaine-klementiini-828ml\/","url":"https:\/\/eettinenluksus.fi\/shop\/tuote\/method-keittion-puhdistusaine-klementiini-828ml\/","name":"Method Keitti\u00f6n puhdistusaine Klementiini 828ml - Shop Eettinen Luksus","isPartOf":{"@id":"https:\/\/eettinenluksus.fi\/shop\/#website"},"primaryImageOfPage":{"@id":"https:\/\/eettinenluksus.fi\/shop\/tuote\/method-keittion-puhdistusaine-klementiini-828ml\/#primaryimage"},"image":{"@id":"https:\/\/eettinenluksus.fi\/shop\/tuote\/method-keittion-puhdistusaine-klementiini-828ml\/#primaryimage"},"thumbnailUrl":"https:\/\/eettinenluksus.fi\/shop\/wp-content\/uploads\/sites\/4\/1726\/17\/Keittion-puhdistussuihke-nelio.jpg","datePublished":"2022-10-05T10:03:45+00:00","dateModified":"2025-09-15T10:59:00+00:00","description":"Ekologinen siivous kasvipohjaisella keitti\u00f6n puhdistusaineella onnistuu tuotteella Method Keitti\u00f6n puhdistusaine Klementiini.","breadcrumb":{"@id":"https:\/\/eettinenluksus.fi\/shop\/tuote\/method-keittion-puhdistusaine-klementiini-828ml\/#breadcrumb"},"inLanguage":"en-GB","potentialAction":[{"@type":"ReadAction","target":["https:\/\/eettinenluksus.fi\/shop\/tuote\/method-keittion-puhdistusaine-klementiini-828ml\/"]}]},{"@type":"ImageObject","inLanguage":"en-GB","@id":"https:\/\/eettinenluksus.fi\/shop\/tuote\/method-keittion-puhdistusaine-klementiini-828ml\/#primaryimage","url":"https:\/\/eettinenluksus.fi\/shop\/wp-content\/uploads\/sites\/4\/1726\/17\/Keittion-puhdistussuihke-nelio.jpg","contentUrl":"https:\/\/eettinenluksus.fi\/shop\/wp-content\/uploads\/sites\/4\/1726\/17\/Keittion-puhdistussuihke-nelio.jpg","width":1045,"height":1045,"caption":"Keitti\u00f6n puhdistussuihke"},{"@type":"BreadcrumbList","@id":"https:\/\/eettinenluksus.fi\/shop\/tuote\/method-keittion-puhdistusaine-klementiini-828ml\/#breadcrumb","itemListElement":[{"@type":"ListItem","position":1,"name":"Etusivu","item":"https:\/\/eettinenluksus.fi\/shop\/"},{"@type":"ListItem","position":2,"name":"Kauppa","item":"https:\/\/eettinenluksus.fi\/shop\/en\/kauppa\/"},{"@type":"ListItem","position":3,"name":"Method Keitti\u00f6n puhdistusaine Klementiini 828ml"}]},{"@type":"WebSite","@id":"https:\/\/eettinenluksus.fi\/shop\/#website","url":"https:\/\/eettinenluksus.fi\/shop\/","name":"Shop Eettinen Luksus","description":"Uusi verkkokauppa","publisher":{"@id":"https:\/\/eettinenluksus.fi\/shop\/#organization"},"potentialAction":[{"@type":"SearchAction","target":{"@type":"EntryPoint","urlTemplate":"https:\/\/eettinenluksus.fi\/shop\/?s={search_term_string}"},"query-input":{"@type":"PropertyValueSpecification","valueRequired":true,"valueName":"search_term_string"}}],"inLanguage":"en-GB"},{"@type":"Organization","@id":"https:\/\/eettinenluksus.fi\/shop\/#organization","name":"Shop Eettinen Luksus","url":"https:\/\/eettinenluksus.fi\/shop\/","logo":{"@type":"ImageObject","inLanguage":"en-GB","@id":"https:\/\/eettinenluksus.fi\/shop\/#\/schema\/logo\/image\/","url":"https:\/\/eettinenluksus.fi\/shop\/wp-content\/uploads\/sites\/4\/1664\/37\/cropped-ELO.jpg","contentUrl":"https:\/\/eettinenluksus.fi\/shop\/wp-content\/uploads\/sites\/4\/1664\/37\/cropped-ELO.jpg","width":810,"height":350,"caption":"Shop Eettinen Luksus"},"image":{"@id":"https:\/\/eettinenluksus.fi\/shop\/#\/schema\/logo\/image\/"},"sameAs":["https:\/\/www.facebook.com\/eettinenluksus","https:\/\/www.instagram.com\/eettinenluksus\/"]}]},"product_price_amount":"7.15","product_price_currency":"EUR","og_availability":"instock","product_availability":"instock","product_retailer_item_id":"4006331","product_condition":"new"},"_links":{"self":[{"href":"https:\/\/eettinenluksus.fi\/shop\/en\/wp-json\/wp\/v2\/product\/257","targetHints":{"allow":["GET"]}}],"collection":[{"href":"https:\/\/eettinenluksus.fi\/shop\/en\/wp-json\/wp\/v2\/product"}],"about":[{"href":"https:\/\/eettinenluksus.fi\/shop\/en\/wp-json\/wp\/v2\/types\/product"}],"version-history":[{"count":14,"href":"https:\/\/eettinenluksus.fi\/shop\/en\/wp-json\/wp\/v2\/product\/257\/revisions"}],"predecessor-version":[{"id":5058,"href":"https:\/\/eettinenluksus.fi\/shop\/en\/wp-json\/wp\/v2\/product\/257\/revisions\/5058"}],"wp:featuredmedia":[{"embeddable":true,"href":"https:\/\/eettinenluksus.fi\/shop\/en\/wp-json\/wp\/v2\/media\/4051"}],"wp:attachment":[{"href":"https:\/\/eettinenluksus.fi\/shop\/en\/wp-json\/wp\/v2\/media?parent=257"}],"wp:term":[{"taxonomy":"product_brand","embeddable":true,"href":"https:\/\/eettinenluksus.fi\/shop\/en\/wp-json\/wp\/v2\/product_brand?post=257"},{"taxonomy":"product_cat","embeddable":true,"href":"https:\/\/eettinenluksus.fi\/shop\/en\/wp-json\/wp\/v2\/product_cat?post=257"},{"taxonomy":"product_tag","embeddable":true,"href":"https:\/\/eettinenluksus.fi\/shop\/en\/wp-json\/wp\/v2\/product_tag?post=257"}],"curies":[{"name":"wp","href":"https:\/\/api.w.org\/{rel}","templated":true}]}}