{"id":2010,"date":"2022-12-07T16:26:47","date_gmt":"2022-12-07T14:26:47","guid":{"rendered":"https:\/\/eettinenluksus.fi\/shop\/?post_type=product&#038;p=2010"},"modified":"2026-02-20T11:18:38","modified_gmt":"2026-02-20T09:18:38","slug":"beauty-sponge-kuorintasieni-prickly-pear","status":"publish","type":"product","link":"https:\/\/eettinenluksus.fi\/shop\/en\/product\/beauty-sponge-kuorintasieni-prickly-pear\/","title":{"rendered":"Beauty Sponge Prickly Pear"},"content":{"rendered":"<p style=\"font-size: 0px;\">Beauty Sponge Kuorintasieni Prickly Pear Leaf Hell\u00e4varainen kuorinta rasvaiselle iholle Hyvinvointi kokemus luonnollinen kuorinta kasvipohjaiset rakeet<\/p>\n<p>The wavy surface of the sponge and the pspecial texture with plant-based granules ensure a soft massage and scrub at the same time, for gentle nd natural exfoliation. The exclusive shape is also ideal for the face cleansing, for a wellness effect, and for velvety skin. With the exclusive MartiniSPAXpand process, the sponges are enriched with prickly pear leaf extract and plant-based granules. The sponge is imbued with a pleasant perfume with fruity notes.<\/p>\n<ul>\n<li>Dermatologically tested<\/li>\n<li>Latex free<\/li>\n<li>Cruelty free<\/li>\n<\/ul>\n<p><a href=\"https:\/\/onxon.fi\"><span style=\"font-size: 0px;\">&#8211;<\/span><\/a><br \/>\n<a href=\"https:\/\/www.instagram.com\/method_fi\/reels\/\"><span style=\"font-size: 0px;\">&#8211;<\/span><\/a><br \/>\n<a href=\"https:\/\/www.facebook.com\/eettinenluksus\/\"><span style=\"font-size: 0px;\">&#8211;<\/span><\/a><\/p>\n<p style=\"font-size: 0px;\">Ekologinen, eettinen, esteettinen, ekologinen, kuorintasieni, vartalonkuorinta, kasvojenkuorinta. Kuorinta, rasvainen iho, rasvaiselle iholle, kuorintasieni, kasvipohjainen, vegaaninen, luonnollinen kuorinta. Kateksiton, dermatologisesti testattu, hyvinvointi, samettinen iho, kookos\u00f6ljy. Ekologinen, hyvinvointi, eettinen, esteettinen, ekologinen, kuorintasieni, vartalonkuorinta, kasvojenkuorinta. Kuorinta, ekologinen, vartalonkuorinta, kasvojenkuorinta, rasvainen iho, rasvaiselle iholle, vartalonkuorinta, kasvojenkuorinta, ekologinen, kasvipohjainen, kuorintasieni, kasvipohjainen, vegaaninen, luonnollinen kuorinta. Hell\u00e4varainen kuorinta rasvaiselle iholle. Lateksiton, kasvipohjainen, dermatologisesti testattu, hyvinvointi, samettinen iho, kookos\u00f6ljy. Ekologinen, hyvinvointi, eettinen, esteettinen, kuorintasieni, kasvipohjainen, ekologinen, vartalonkuorinta, kasvojenkuorinta. Hell\u00e4varainen kuorinta rasvaiselle iholle.<\/p>\n<p style=\"font-size: 0px;\">Kuorinta, rasvainen iho, rasvaiselle iholle, kuorintasieni, kasvipohjainen, vegaaninen, luonnollinen kuorinta. Lateksiton, dermatologisesti testattu, hyvinvointi, ekologinen, samettinen iho, kookos\u00f6ljy. Ekologinen, eettinen, esteettinen, ekologinen, kuorintasieni, vartalonkuorinta, kasvojenkuorinta. Kuorinta, rasvainen iho, rasvaiselle iholle, kuorintasieni, ekologinen, kasvipohjainen, vegaaninen, luonnollinen kuorinta. Lateksiton, dermatologisesti testattu, hyvinvointi, samettinen iho, kookos\u00f6ljy.<\/p>\n<h2 style=\"font-size: 0px;\">Beauty Sponge Prickly Pear<\/h2>\n<p style=\"font-size: 0px;\">Ekologinen, eettinen, vartalonkuorinta, kasvojenkuorinta, esteettinen, kuorintasieni, vartalonkuorinta, kasvojenkuorinta, vartalonkuorinta, kasvojenkuorinta. Kuorinta, rasvainen iho, rasvaiselle iholle, ekologinen, kuorintasieni, kasvipohjainen, vegaaninen, vartalonkuorinta, kasvojenkuorinta, luonnollinen kuorinta. Kateksiton, dermatologisesti testattu, hyvinvointi, samettinen iho, kookos\u00f6ljy. Ekologinen, eettinen, kasvipohjainen, esteettinen, kuorintasieni, vartalonkuorinta, kasvojenkuorinta. Kuorinta, hyvinvointi, rasvainen iho, rasvaiselle iholle, ekologinen, kuorintasieni, kasvipohjainen, ekologinen, vegaaninen, luonnollinen kuorinta. Lateksiton, vartalonkuorinta, kasvojenkuorinta, dermatologisesti testattu, hyvinvointi, samettinen iho, kasvipohjainen, kookos\u00f6ljy. Ekologinen, eettinen, esteettinen, kuorintasieni, vartalonkuorinta, kasvojenkuorinta.<\/p>\n<p style=\"font-size: 0px;\">Kuorinta, rasvainen iho, rasvaiselle iholle, kuorintasieni, kasvipohjainen, vegaaninen, luonnollinen kuorinta.<\/p>\n<p style=\"font-size: 0px;\">Lateksiton, dermatologisesti testattu, ekologinen, vartalonkuorinta, kasvojenkuorinta, hyvinvointi, samettinen iho, kookos\u00f6ljy. Ekologinen, eettinen, esteettinen, kuorintasieni, ekologinen, hyvinvointi kokemus luonnollinen kuorinta kasvipohjaisilla rakeilla, hyvinvointi, ekologinen, vartalonkuorinta, kasvojenkuorinta. Hell\u00e4varainen kuorinta rasvaiselle iholle. Kuorinta, rasvainen iho, rasvaiselle iholle, kuorintasieni, kasvipohjainen, hyvinvointi, vegaaninen, luonnollinen kuorinta. Lateksiton, dermatologisesti testattu, hyvinvointi, samettinen iho, kookos\u00f6ljy. Ekologinen, eettinen, esteettinen, kuorintasieni, vartalonkuorinta, kasvojenkuorinta. Kuorinta, rasvainen iho, rasvaiselle iholle, kuorintasieni, kasvipohjainen, vegaaninen, luonnollinen kuorinta. Lateksiton, dermatologisesti testattu, hyvinvointi, samettinen iho, kookos\u00f6ljy.<\/p>\n<p><a href=\"https:\/\/eettinenluksus.fi\/shop\/tuote\/beauty-sponge-kuorintasieni-coconut-oil\/\"><span style=\"font-size: 0px;\">&#8211;<\/span><\/a><a href=\"https:\/\/eettinenluksus.fi\/shop\/tuote\/beauty-sponge-pesusieni-pink-grapefruit-oil\/\"><span style=\"font-size: 0px;\">&#8211;<\/span><\/a><a href=\"https:\/\/eettinenluksus.fi\/shop\/en\/product\/bambu-kuorintasieni\/\"><span style=\"font-size: 0px;\">&#8211;<\/span><\/a><a href=\"https:\/\/eettinenluksus.fi\/shop\/tuote\/beauty-sponge-kuorintasieni-prickly-pear\/\"><span style=\"font-size: 0px;\">&#8211;<\/span><\/a><a href=\"https:\/\/eettinenluksus.fi\/shop\/tuotemerkit\/hyvinvointi\/\"><span style=\"font-size: 0px;\">&#8211;<\/span><\/a><a href=\"https:\/\/eettinenluksus.fi\/shop\/tuote\/method-nestesaippua-pink-grapefruit-354ml\/\"><span style=\"font-size: 0px;\">&#8211;<\/span><\/a><a href=\"https:\/\/eettinenluksus.fi\/shop\/tuote\/method-yleispuhdistussuihke-pink-grapefruit\/\"><span style=\"font-size: 0px;\">&#8211;<\/span><\/a><\/p>","protected":false},"excerpt":{"rendered":"<p>Softly scrubbing face + body sponge for oily skin<\/p>\n<p>Hyvinvoinnin ja puhtauden raikas kokemus yhdistettyn\u00e4 hell\u00e4\u00e4n hierontaan<\/p>\n<p>Enriched with prickly pear leaf extract and plant-based granules<\/p>\n<p>&nbsp;<\/p>","protected":false},"featured_media":4124,"template":"","meta":{"inline_featured_image":false},"product_brand":[],"product_cat":[126,123],"product_tag":[180,70,187,185,186,179,183,190,189,181],"class_list":{"0":"post-2010","1":"product","2":"type-product","3":"status-publish","4":"has-post-thumbnail","6":"product_cat-beauty-sponge","7":"product_cat-hyvinvointi","8":"product_tag-beauty","9":"product_tag-ekologinen","10":"product_tag-hieronta","11":"product_tag-hyvinvointi","12":"product_tag-kasvirakeet","13":"product_tag-kuorinta","14":"product_tag-kuorintasieni","15":"product_tag-persikka","16":"product_tag-rasvainen-iho","17":"product_tag-spa","19":"first","20":"instock","21":"taxable","22":"shipping-taxable","23":"purchasable","24":"product-type-simple"},"yoast_head":"<!-- This site is optimized with the Yoast SEO Premium plugin v26.8 (Yoast SEO v27.4) - https:\/\/yoast.com\/product\/yoast-seo-premium-wordpress\/ -->\n<title>Beauty Sponge Kuorintasieni Prickly Pear Leaf - Shop Eettinen Luksus<\/title>\n<meta name=\"description\" content=\"Beauty Sponge Kuorintasieni Prickly Pear Leaf Hell\u00e4varainen kuorinta rasvaiselle iholle hyvinvointi kokemus Luonnollinen kuorinta kasvipohjaiset rakeet\" \/>\n<meta name=\"robots\" content=\"index, follow, max-snippet:-1, max-image-preview:large, max-video-preview:-1\" \/>\n<link rel=\"canonical\" href=\"https:\/\/eettinenluksus.fi\/shop\/en\/product\/beauty-sponge-kuorintasieni-prickly-pear\/\" \/>\n<meta property=\"og:locale\" content=\"en_GB\" \/>\n<meta property=\"og:type\" content=\"article\" \/>\n<meta property=\"og:title\" content=\"Beauty Sponge Kuorintasieni Prickly Pear Leaf\" \/>\n<meta property=\"og:description\" content=\"Beauty Sponge Kuorintasieni Prickly Pear Leaf Hell\u00e4varainen kuorinta rasvaiselle iholle hyvinvointi kokemus Luonnollinen kuorinta kasvipohjaiset rakeet\" \/>\n<meta property=\"og:url\" content=\"https:\/\/eettinenluksus.fi\/shop\/en\/product\/beauty-sponge-kuorintasieni-prickly-pear\/\" \/>\n<meta property=\"og:site_name\" content=\"Shop Eettinen Luksus\" \/>\n<meta property=\"article:publisher\" content=\"https:\/\/www.facebook.com\/eettinenluksus\" \/>\n<meta property=\"article:modified_time\" content=\"2026-02-20T09:18:38+00:00\" \/>\n<meta property=\"og:image\" content=\"https:\/\/eettinenluksus.fi\/shop\/wp-content\/uploads\/sites\/4\/1726\/31\/Beuaty-Prickly-Pear-Leaf-nelio.jpg\" \/>\n\t<meta property=\"og:image:width\" content=\"1045\" \/>\n\t<meta property=\"og:image:height\" content=\"1045\" \/>\n\t<meta property=\"og:image:type\" content=\"image\/jpeg\" \/>\n<meta name=\"twitter:card\" content=\"summary_large_image\" \/>\n<meta name=\"twitter:label1\" content=\"Price\" \/>\n\t<meta name=\"twitter:data1\" content=\"9,90&nbsp;&euro;\" \/>\n\t<meta name=\"twitter:label2\" content=\"Availability\" \/>\n\t<meta name=\"twitter:data2\" content=\"In stock\" \/>\n<script type=\"application\/ld+json\" class=\"yoast-schema-graph\">{\"@context\":\"https:\\\/\\\/schema.org\",\"@graph\":[{\"@type\":\"WebPage\",\"@id\":\"https:\\\/\\\/eettinenluksus.fi\\\/shop\\\/tuote\\\/beauty-sponge-kuorintasieni-prickly-pear\\\/\",\"url\":\"https:\\\/\\\/eettinenluksus.fi\\\/shop\\\/tuote\\\/beauty-sponge-kuorintasieni-prickly-pear\\\/\",\"name\":\"Beauty Sponge Kuorintasieni Prickly Pear Leaf - Shop Eettinen Luksus\",\"isPartOf\":{\"@id\":\"https:\\\/\\\/eettinenluksus.fi\\\/shop\\\/#website\"},\"primaryImageOfPage\":{\"@id\":\"https:\\\/\\\/eettinenluksus.fi\\\/shop\\\/tuote\\\/beauty-sponge-kuorintasieni-prickly-pear\\\/#primaryimage\"},\"image\":{\"@id\":\"https:\\\/\\\/eettinenluksus.fi\\\/shop\\\/tuote\\\/beauty-sponge-kuorintasieni-prickly-pear\\\/#primaryimage\"},\"thumbnailUrl\":\"https:\\\/\\\/eettinenluksus.fi\\\/shop\\\/wp-content\\\/uploads\\\/sites\\\/4\\\/1726\\\/31\\\/Beuaty-Prickly-Pear-Leaf-nelio.jpg\",\"datePublished\":\"2022-12-07T14:26:47+00:00\",\"dateModified\":\"2026-02-20T09:18:38+00:00\",\"description\":\"Beauty Sponge Kuorintasieni Prickly Pear Leaf Hell\u00e4varainen kuorinta rasvaiselle iholle hyvinvointi kokemus Luonnollinen kuorinta kasvipohjaiset rakeet\",\"breadcrumb\":{\"@id\":\"https:\\\/\\\/eettinenluksus.fi\\\/shop\\\/tuote\\\/beauty-sponge-kuorintasieni-prickly-pear\\\/#breadcrumb\"},\"inLanguage\":\"en-GB\",\"potentialAction\":[{\"@type\":\"ReadAction\",\"target\":[\"https:\\\/\\\/eettinenluksus.fi\\\/shop\\\/tuote\\\/beauty-sponge-kuorintasieni-prickly-pear\\\/\"]}]},{\"@type\":\"ImageObject\",\"inLanguage\":\"en-GB\",\"@id\":\"https:\\\/\\\/eettinenluksus.fi\\\/shop\\\/tuote\\\/beauty-sponge-kuorintasieni-prickly-pear\\\/#primaryimage\",\"url\":\"https:\\\/\\\/eettinenluksus.fi\\\/shop\\\/wp-content\\\/uploads\\\/sites\\\/4\\\/1726\\\/31\\\/Beuaty-Prickly-Pear-Leaf-nelio.jpg\",\"contentUrl\":\"https:\\\/\\\/eettinenluksus.fi\\\/shop\\\/wp-content\\\/uploads\\\/sites\\\/4\\\/1726\\\/31\\\/Beuaty-Prickly-Pear-Leaf-nelio.jpg\",\"width\":1045,\"height\":1045,\"caption\":\"Beuaty Prickly Pear Leaf\"},{\"@type\":\"BreadcrumbList\",\"@id\":\"https:\\\/\\\/eettinenluksus.fi\\\/shop\\\/tuote\\\/beauty-sponge-kuorintasieni-prickly-pear\\\/#breadcrumb\",\"itemListElement\":[{\"@type\":\"ListItem\",\"position\":1,\"name\":\"Etusivu\",\"item\":\"https:\\\/\\\/eettinenluksus.fi\\\/shop\\\/\"},{\"@type\":\"ListItem\",\"position\":2,\"name\":\"Kauppa\",\"item\":\"https:\\\/\\\/eettinenluksus.fi\\\/shop\\\/en\\\/kauppa\\\/\"},{\"@type\":\"ListItem\",\"position\":3,\"name\":\"Beauty Sponge Kuorintasieni Prickly Pear Leaf\"}]},{\"@type\":\"WebSite\",\"@id\":\"https:\\\/\\\/eettinenluksus.fi\\\/shop\\\/#website\",\"url\":\"https:\\\/\\\/eettinenluksus.fi\\\/shop\\\/\",\"name\":\"Shop Eettinen Luksus\",\"description\":\"Uusi verkkokauppa\",\"publisher\":{\"@id\":\"https:\\\/\\\/eettinenluksus.fi\\\/shop\\\/#organization\"},\"potentialAction\":[{\"@type\":\"SearchAction\",\"target\":{\"@type\":\"EntryPoint\",\"urlTemplate\":\"https:\\\/\\\/eettinenluksus.fi\\\/shop\\\/?s={search_term_string}\"},\"query-input\":{\"@type\":\"PropertyValueSpecification\",\"valueRequired\":true,\"valueName\":\"search_term_string\"}}],\"inLanguage\":\"en-GB\"},{\"@type\":\"Organization\",\"@id\":\"https:\\\/\\\/eettinenluksus.fi\\\/shop\\\/#organization\",\"name\":\"Shop Eettinen Luksus\",\"url\":\"https:\\\/\\\/eettinenluksus.fi\\\/shop\\\/\",\"logo\":{\"@type\":\"ImageObject\",\"inLanguage\":\"en-GB\",\"@id\":\"https:\\\/\\\/eettinenluksus.fi\\\/shop\\\/#\\\/schema\\\/logo\\\/image\\\/\",\"url\":\"https:\\\/\\\/eettinenluksus.fi\\\/shop\\\/wp-content\\\/uploads\\\/sites\\\/4\\\/1664\\\/37\\\/cropped-ELO.jpg\",\"contentUrl\":\"https:\\\/\\\/eettinenluksus.fi\\\/shop\\\/wp-content\\\/uploads\\\/sites\\\/4\\\/1664\\\/37\\\/cropped-ELO.jpg\",\"width\":810,\"height\":350,\"caption\":\"Shop Eettinen Luksus\"},\"image\":{\"@id\":\"https:\\\/\\\/eettinenluksus.fi\\\/shop\\\/#\\\/schema\\\/logo\\\/image\\\/\"},\"sameAs\":[\"https:\\\/\\\/www.facebook.com\\\/eettinenluksus\",\"https:\\\/\\\/www.instagram.com\\\/eettinenluksus\\\/\"]}]}<\/script>\n<meta property=\"product:price:amount\" content=\"9.90\" \/>\n<meta property=\"product:price:currency\" content=\"EUR\" \/>\n<meta property=\"og:availability\" content=\"instock\" \/>\n<meta property=\"product:availability\" content=\"instock\" \/>\n<meta property=\"product:retailer_item_id\" content=\"4991B00\" \/>\n<meta property=\"product:condition\" content=\"new\" \/>\n<!-- \/ Yoast SEO Premium plugin. -->","yoast_head_json":{"title":"Beauty Sponge Kuorintasieni Prickly Pear Leaf - Shop Eettinen Luksus","description":"Beauty Sponge Kuorintasieni Prickly Pear Leaf Hell\u00e4varainen kuorinta rasvaiselle iholle hyvinvointi kokemus Luonnollinen kuorinta kasvipohjaiset rakeet","robots":{"index":"index","follow":"follow","max-snippet":"max-snippet:-1","max-image-preview":"max-image-preview:large","max-video-preview":"max-video-preview:-1"},"canonical":"https:\/\/eettinenluksus.fi\/shop\/en\/product\/beauty-sponge-kuorintasieni-prickly-pear\/","og_locale":"en_GB","og_type":"article","og_title":"Beauty Sponge Kuorintasieni Prickly Pear Leaf","og_description":"Beauty Sponge Kuorintasieni Prickly Pear Leaf Hell\u00e4varainen kuorinta rasvaiselle iholle hyvinvointi kokemus Luonnollinen kuorinta kasvipohjaiset rakeet","og_url":"https:\/\/eettinenluksus.fi\/shop\/en\/product\/beauty-sponge-kuorintasieni-prickly-pear\/","og_site_name":"Shop Eettinen Luksus","article_publisher":"https:\/\/www.facebook.com\/eettinenluksus","article_modified_time":"2026-02-20T09:18:38+00:00","og_image":[{"width":1045,"height":1045,"url":"https:\/\/eettinenluksus.fi\/shop\/wp-content\/uploads\/sites\/4\/1726\/31\/Beuaty-Prickly-Pear-Leaf-nelio.jpg","type":"image\/jpeg"}],"twitter_card":"summary_large_image","twitter_misc":{"Price":"9,90&nbsp;&euro;","Availability":"In stock"},"schema":{"@context":"https:\/\/schema.org","@graph":[{"@type":"WebPage","@id":"https:\/\/eettinenluksus.fi\/shop\/tuote\/beauty-sponge-kuorintasieni-prickly-pear\/","url":"https:\/\/eettinenluksus.fi\/shop\/tuote\/beauty-sponge-kuorintasieni-prickly-pear\/","name":"Beauty Sponge Kuorintasieni Prickly Pear Leaf - Shop Eettinen Luksus","isPartOf":{"@id":"https:\/\/eettinenluksus.fi\/shop\/#website"},"primaryImageOfPage":{"@id":"https:\/\/eettinenluksus.fi\/shop\/tuote\/beauty-sponge-kuorintasieni-prickly-pear\/#primaryimage"},"image":{"@id":"https:\/\/eettinenluksus.fi\/shop\/tuote\/beauty-sponge-kuorintasieni-prickly-pear\/#primaryimage"},"thumbnailUrl":"https:\/\/eettinenluksus.fi\/shop\/wp-content\/uploads\/sites\/4\/1726\/31\/Beuaty-Prickly-Pear-Leaf-nelio.jpg","datePublished":"2022-12-07T14:26:47+00:00","dateModified":"2026-02-20T09:18:38+00:00","description":"Beauty Sponge Kuorintasieni Prickly Pear Leaf Hell\u00e4varainen kuorinta rasvaiselle iholle hyvinvointi kokemus Luonnollinen kuorinta kasvipohjaiset rakeet","breadcrumb":{"@id":"https:\/\/eettinenluksus.fi\/shop\/tuote\/beauty-sponge-kuorintasieni-prickly-pear\/#breadcrumb"},"inLanguage":"en-GB","potentialAction":[{"@type":"ReadAction","target":["https:\/\/eettinenluksus.fi\/shop\/tuote\/beauty-sponge-kuorintasieni-prickly-pear\/"]}]},{"@type":"ImageObject","inLanguage":"en-GB","@id":"https:\/\/eettinenluksus.fi\/shop\/tuote\/beauty-sponge-kuorintasieni-prickly-pear\/#primaryimage","url":"https:\/\/eettinenluksus.fi\/shop\/wp-content\/uploads\/sites\/4\/1726\/31\/Beuaty-Prickly-Pear-Leaf-nelio.jpg","contentUrl":"https:\/\/eettinenluksus.fi\/shop\/wp-content\/uploads\/sites\/4\/1726\/31\/Beuaty-Prickly-Pear-Leaf-nelio.jpg","width":1045,"height":1045,"caption":"Beuaty Prickly Pear Leaf"},{"@type":"BreadcrumbList","@id":"https:\/\/eettinenluksus.fi\/shop\/tuote\/beauty-sponge-kuorintasieni-prickly-pear\/#breadcrumb","itemListElement":[{"@type":"ListItem","position":1,"name":"Etusivu","item":"https:\/\/eettinenluksus.fi\/shop\/"},{"@type":"ListItem","position":2,"name":"Kauppa","item":"https:\/\/eettinenluksus.fi\/shop\/en\/kauppa\/"},{"@type":"ListItem","position":3,"name":"Beauty Sponge Kuorintasieni Prickly Pear Leaf"}]},{"@type":"WebSite","@id":"https:\/\/eettinenluksus.fi\/shop\/#website","url":"https:\/\/eettinenluksus.fi\/shop\/","name":"Shop Eettinen Luksus","description":"Uusi verkkokauppa","publisher":{"@id":"https:\/\/eettinenluksus.fi\/shop\/#organization"},"potentialAction":[{"@type":"SearchAction","target":{"@type":"EntryPoint","urlTemplate":"https:\/\/eettinenluksus.fi\/shop\/?s={search_term_string}"},"query-input":{"@type":"PropertyValueSpecification","valueRequired":true,"valueName":"search_term_string"}}],"inLanguage":"en-GB"},{"@type":"Organization","@id":"https:\/\/eettinenluksus.fi\/shop\/#organization","name":"Shop Eettinen Luksus","url":"https:\/\/eettinenluksus.fi\/shop\/","logo":{"@type":"ImageObject","inLanguage":"en-GB","@id":"https:\/\/eettinenluksus.fi\/shop\/#\/schema\/logo\/image\/","url":"https:\/\/eettinenluksus.fi\/shop\/wp-content\/uploads\/sites\/4\/1664\/37\/cropped-ELO.jpg","contentUrl":"https:\/\/eettinenluksus.fi\/shop\/wp-content\/uploads\/sites\/4\/1664\/37\/cropped-ELO.jpg","width":810,"height":350,"caption":"Shop Eettinen Luksus"},"image":{"@id":"https:\/\/eettinenluksus.fi\/shop\/#\/schema\/logo\/image\/"},"sameAs":["https:\/\/www.facebook.com\/eettinenluksus","https:\/\/www.instagram.com\/eettinenluksus\/"]}]},"product_price_amount":"9.90","product_price_currency":"EUR","og_availability":"instock","product_availability":"instock","product_retailer_item_id":"4991B00","product_condition":"new"},"_links":{"self":[{"href":"https:\/\/eettinenluksus.fi\/shop\/en\/wp-json\/wp\/v2\/product\/2010","targetHints":{"allow":["GET"]}}],"collection":[{"href":"https:\/\/eettinenluksus.fi\/shop\/en\/wp-json\/wp\/v2\/product"}],"about":[{"href":"https:\/\/eettinenluksus.fi\/shop\/en\/wp-json\/wp\/v2\/types\/product"}],"version-history":[{"count":8,"href":"https:\/\/eettinenluksus.fi\/shop\/en\/wp-json\/wp\/v2\/product\/2010\/revisions"}],"predecessor-version":[{"id":5079,"href":"https:\/\/eettinenluksus.fi\/shop\/en\/wp-json\/wp\/v2\/product\/2010\/revisions\/5079"}],"wp:featuredmedia":[{"embeddable":true,"href":"https:\/\/eettinenluksus.fi\/shop\/en\/wp-json\/wp\/v2\/media\/4124"}],"wp:attachment":[{"href":"https:\/\/eettinenluksus.fi\/shop\/en\/wp-json\/wp\/v2\/media?parent=2010"}],"wp:term":[{"taxonomy":"product_brand","embeddable":true,"href":"https:\/\/eettinenluksus.fi\/shop\/en\/wp-json\/wp\/v2\/product_brand?post=2010"},{"taxonomy":"product_cat","embeddable":true,"href":"https:\/\/eettinenluksus.fi\/shop\/en\/wp-json\/wp\/v2\/product_cat?post=2010"},{"taxonomy":"product_tag","embeddable":true,"href":"https:\/\/eettinenluksus.fi\/shop\/en\/wp-json\/wp\/v2\/product_tag?post=2010"}],"curies":[{"name":"wp","href":"https:\/\/api.w.org\/{rel}","templated":true}]}}