{"id":1988,"date":"2022-12-07T15:47:02","date_gmt":"2022-12-07T13:47:02","guid":{"rendered":"https:\/\/eettinenluksus.fi\/shop\/?post_type=product&#038;p=1988"},"modified":"2026-02-20T11:19:34","modified_gmt":"2026-02-20T09:19:34","slug":"beauty-sponge-pesusieni-aloe-vera","status":"publish","type":"product","link":"https:\/\/eettinenluksus.fi\/shop\/en\/product\/beauty-sponge-pesusieni-aloe-vera\/","title":{"rendered":"Beauty Sponge Hemp Seed Oil"},"content":{"rendered":"<p style=\"font-size: 0px;\">Beauty Sponge Pesusieni Aloe Vera on eritt\u00e4in pehme\u00e4 erikoismuotoiltu pesusieni Aloe vera herk\u00e4lle iholle. Puhdistaa ihon ja luo hyvinvointikokemuksen.<\/p>\n<p>The exclusive extra soft texture and special shape makes it ideal for the face as well, and turn the bath or shower time to a full wellness experience. The soft massage sponge cleanses the skin while maintaining its softness and elasticity. With the exclusive MartiniSPA Xpand process, the sponge is enriched with aloe vera gel and imbued with pleasant perfume.<\/p>\n<p>Dermatologically tested<br \/>\nLatex free<br \/>\nCruelty free<\/p>\n<p><a href=\"https:\/\/onxon.fi\"><span style=\"font-size: 0px;\">&#8211;<\/span><\/a><br \/>\n<a href=\"https:\/\/www.instagram.com\/method_fi\/reels\/\"><span style=\"font-size: 0px;\">&#8211;<\/span><\/a><br \/>\n<a href=\"https:\/\/www.facebook.com\/eettinenluksus\/\"><span style=\"font-size: 0px;\">&#8211;<\/span><\/a><\/p>\n<p style=\"font-size: 0px;\">Ekologinen, eettinen, esteettinen, ekologinen, pehme\u00e4 pesusieni, aloevera. Herkk\u00e4 iho, herk\u00e4lle iholle, kasvipohjainen, vegaaninen, luonnollinen. Lateksiton, dermatologisesti testattu, hyvinvointi, samettinen iho, aloevera. Ekologinen, hyvinvointi, eettinen, esteettinen, ekologinen, pesusieni, herkk\u00e4 iho, herk\u00e4lle iholle. pehme\u00e4 Pesusieni, ekologinen, herkk\u00e4 iho, herk\u00e4lle iholle, ekologinen, kasvipohjainen, kuorintasieni, kasvipohjainen, vegaaninen, luonnollinen aloevera. Hell\u00e4varainen aloevera herk\u00e4lle iholle. Lateksiton, kasvipohjainen, dermatologisesti testattu, hyvinvointi, samettinen iho, aloevera. Ekologinen, hyvinvointi, eettinen, esteettinen, pesusieni, kasvipohjainen.<\/p>\n<p style=\"font-size: 0px;\">ekologinen. Hell\u00e4varainen aloevera herk\u00e4lle iholle.<\/p>\n<p style=\"font-size: 0px;\">Herkk\u00e4 iho, herk\u00e4lle iholle, kuorintasieni, kasvipohjainen, vegaaninen, luonnollinen kuorinta. Lateksiton, dermatologisesti testattu, hyvinvointi, ekologinen, samettinen iho, aloevera. Ekologinen, eettinen, esteettinen, ekologinen, pehme\u00e4 pesusieni, pehme\u00e4 pesusieni. aloevera, pesusieni, ekologinen, kasvipohjainen, vegaaninen, luonnollinen kuorinta. Lateksiton, dermatologisesti testattu, hyvinvointi, samettinen iho, aloevera.<\/p>\n<h2 style=\"font-size: 0px;\">Beauty Sponge Pesusieni Aloe vera<\/h2>\n<p style=\"font-size: 0px;\">Ekologinen, eettinen, herkk\u00e4 iho, herk\u00e4lle iholle, esteettinen, pehme\u00e4 pesusieni. Ekologinen, pesusieni, kasvipohjainen, vegaaninen, Lateksiton, dermatologisesti testattu, hyvinvointi, samettinen iho, aloevera. Ekologinen, eettinen, kasvipohjainen, esteettinen, pehme\u00e4 pesusieni, hierova.<\/p>\n<p style=\"font-size: 0px;\">Hyvinvointi, herkk\u00e4 iho, herk\u00e4lle iholle, ekologinen, pesusieni, kasvipohjainen, ekologinen, vegaaninen, luonnollinen. Lateksiton, herkk\u00e4 iho, herk\u00e4lle iholle, dermatologisesti testattu, hyvinvointi, samettinen iho, kasvipohjainen, aloevera. Ekologinen, eettinen, esteettinen, pehme\u00e4 pesusieni, hierova.<\/p>\n<p style=\"font-size: 0px;\">Herkk\u00e4 iho, herk\u00e4lle iholle, kasvipohjainen, vegaaninen, luonnollinen. Lateksiton, dermatologisesti testattu, ekologinen, aloevera, hyvinvointi, samettinen iho, aloevera. Ekologinen, eettinen, esteettinen, pehme\u00e4 pesusieni, ekologinen, hyvinvointikokemus luonnollinen, hyvinvointi, ekologinen. Hell\u00e4varainen herkk\u00e4 iho, herk\u00e4lle iholle.<\/p>\n<p style=\"font-size: 0px;\">Herkk\u00e4 iho, herk\u00e4lle iholle, pehme\u00e4 pesusieni, kasvipohjainen, hyvinvointi, vegaaninen, luonnollinen. Lateksiton, dermatologisesti testattu, hyvinvointi, samettinen iho, aloevera. Ekologinen, eettinen, esteettinen, pehme\u00e4 pesusieni, on eritt\u00e4in pehme\u00e4 erikoismuotoiltu pesusieni Aloevera herk\u00e4lle iholle. Puhdistaa ihon ja luo hyvinvointikokemuksen. Herkk\u00e4 iho, herk\u00e4lle iholle, pehme\u00e4 pesusieni, kasvipohjainen, vegaaninen, luonnollinen. Lateksiton, dermatologisesti testattu, hyvinvointi, samettinen iho, aloevera.<\/p>\n<ul style=\"font-size: 0px;\">\n<li>cleaning sponge<\/li>\n<\/ul>\n<p><a href=\"https:\/\/eettinenluksus.fi\/shop\/tuote\/beauty-sponge-kuorintasieni-coconut-oil\/\"><span style=\"font-size: 0px;\">&#8211;<\/span><\/a><a href=\"https:\/\/eettinenluksus.fi\/shop\/tuote\/beauty-sponge-pesusieni-pink-grapefruit-oil\/\"><span style=\"font-size: 0px;\">&#8211;<\/span><\/a><a href=\"https:\/\/eettinenluksus.fi\/shop\/en\/product\/bambu-kuorintasieni\/\"><span style=\"font-size: 0px;\">&#8211;<\/span><\/a><a href=\"https:\/\/eettinenluksus.fi\/shop\/tuote\/beauty-sponge-kuorintasieni-prickly-pear\/\"><span style=\"font-size: 0px;\">&#8211;<\/span><\/a><a href=\"https:\/\/eettinenluksus.fi\/shop\/tuotemerkit\/hyvinvointi\/\"><span style=\"font-size: 0px;\">&#8211;<\/span><\/a><a href=\"https:\/\/eettinenluksus.fi\/shop\/tuote\/bambu-tuoksuva-pesusieni\/\"><span style=\"font-size: 0px;\">&#8211;<\/span><\/a><a href=\"https:\/\/eettinenluksus.fi\/shop\/tuote\/onxon-pesusieni-5-kpl-pkt\/\"><span style=\"font-size: 0px;\">&#8211;<\/span><\/a><\/p>","protected":false},"excerpt":{"rendered":"<p>Extra soft face + body sponge for sensitive skin<\/p>\n<p>Enriched with Aloe Vera<\/p>\n<p>&nbsp;<\/p>","protected":false},"featured_media":5085,"template":"","meta":{"inline_featured_image":false},"product_brand":[],"product_cat":[126,123],"product_tag":[191,180,70,187,185,186,192,179,183,181],"class_list":{"0":"post-1988","1":"product","2":"type-product","3":"status-publish","4":"has-post-thumbnail","6":"product_cat-beauty-sponge","7":"product_cat-hyvinvointi","8":"product_tag-aloevera","9":"product_tag-beauty","10":"product_tag-ekologinen","11":"product_tag-hieronta","12":"product_tag-hyvinvointi","13":"product_tag-kasvirakeet","14":"product_tag-kuiva-iho","15":"product_tag-kuorinta","16":"product_tag-kuorintasieni","17":"product_tag-spa","19":"first","20":"instock","21":"taxable","22":"shipping-taxable","23":"purchasable","24":"product-type-simple"},"yoast_head":"<!-- This site is optimized with the Yoast SEO Premium plugin v26.8 (Yoast SEO v27.4) - https:\/\/yoast.com\/product\/yoast-seo-premium-wordpress\/ -->\n<title>Beauty Sponge Pesusieni Hemp Seed Oil - Shop Eettinen Luksus<\/title>\n<meta name=\"description\" content=\"Beauty Sponge Pesusieni Aloe Vera on eritt\u00e4in pehme\u00e4 erikoismuotoiltu pesusieni Aloe vera herk\u00e4lle iholle. Puhdistaa ihon ja luo hyvinvointikokemuksen.\" \/>\n<meta name=\"robots\" content=\"index, follow, max-snippet:-1, max-image-preview:large, max-video-preview:-1\" \/>\n<link rel=\"canonical\" href=\"https:\/\/eettinenluksus.fi\/shop\/en\/product\/beauty-sponge-pesusieni-aloe-vera\/\" \/>\n<meta property=\"og:locale\" content=\"en_GB\" \/>\n<meta property=\"og:type\" content=\"article\" \/>\n<meta property=\"og:title\" content=\"Beauty Sponge Pesusieni Hemp Seed Oil\" \/>\n<meta property=\"og:description\" content=\"Beauty Sponge Pesusieni Aloe Vera on eritt\u00e4in pehme\u00e4 erikoismuotoiltu pesusieni Aloe vera herk\u00e4lle iholle. Puhdistaa ihon ja luo hyvinvointikokemuksen.\" \/>\n<meta property=\"og:url\" content=\"https:\/\/eettinenluksus.fi\/shop\/en\/product\/beauty-sponge-pesusieni-aloe-vera\/\" \/>\n<meta property=\"og:site_name\" content=\"Shop Eettinen Luksus\" \/>\n<meta property=\"article:publisher\" content=\"https:\/\/www.facebook.com\/eettinenluksus\" \/>\n<meta property=\"article:modified_time\" content=\"2026-02-20T09:19:34+00:00\" \/>\n<meta property=\"og:image\" content=\"https:\/\/eettinenluksus.fi\/shop\/wp-content\/uploads\/sites\/4\/2022\/12\/Hemp-Seed-Oil.png\" \/>\n\t<meta property=\"og:image:width\" content=\"2477\" \/>\n\t<meta property=\"og:image:height\" content=\"1393\" \/>\n\t<meta property=\"og:image:type\" content=\"image\/png\" \/>\n<meta name=\"twitter:card\" content=\"summary_large_image\" \/>\n<meta name=\"twitter:label1\" content=\"Price\" \/>\n\t<meta name=\"twitter:data1\" content=\"9,90&nbsp;&euro;\" \/>\n\t<meta name=\"twitter:label2\" content=\"Availability\" \/>\n\t<meta name=\"twitter:data2\" content=\"In stock\" \/>\n<script type=\"application\/ld+json\" class=\"yoast-schema-graph\">{\"@context\":\"https:\\\/\\\/schema.org\",\"@graph\":[{\"@type\":\"WebPage\",\"@id\":\"https:\\\/\\\/eettinenluksus.fi\\\/shop\\\/tuote\\\/beauty-sponge-pesusieni-aloe-vera\\\/\",\"url\":\"https:\\\/\\\/eettinenluksus.fi\\\/shop\\\/tuote\\\/beauty-sponge-pesusieni-aloe-vera\\\/\",\"name\":\"Beauty Sponge Pesusieni Hemp Seed Oil - Shop Eettinen Luksus\",\"isPartOf\":{\"@id\":\"https:\\\/\\\/eettinenluksus.fi\\\/shop\\\/#website\"},\"primaryImageOfPage\":{\"@id\":\"https:\\\/\\\/eettinenluksus.fi\\\/shop\\\/tuote\\\/beauty-sponge-pesusieni-aloe-vera\\\/#primaryimage\"},\"image\":{\"@id\":\"https:\\\/\\\/eettinenluksus.fi\\\/shop\\\/tuote\\\/beauty-sponge-pesusieni-aloe-vera\\\/#primaryimage\"},\"thumbnailUrl\":\"https:\\\/\\\/eettinenluksus.fi\\\/shop\\\/wp-content\\\/uploads\\\/sites\\\/4\\\/2022\\\/12\\\/Hemp-Seed-Oil.png\",\"datePublished\":\"2022-12-07T13:47:02+00:00\",\"dateModified\":\"2026-02-20T09:19:34+00:00\",\"description\":\"Beauty Sponge Pesusieni Aloe Vera on eritt\u00e4in pehme\u00e4 erikoismuotoiltu pesusieni Aloe vera herk\u00e4lle iholle. Puhdistaa ihon ja luo hyvinvointikokemuksen.\",\"breadcrumb\":{\"@id\":\"https:\\\/\\\/eettinenluksus.fi\\\/shop\\\/tuote\\\/beauty-sponge-pesusieni-aloe-vera\\\/#breadcrumb\"},\"inLanguage\":\"en-GB\",\"potentialAction\":[{\"@type\":\"ReadAction\",\"target\":[\"https:\\\/\\\/eettinenluksus.fi\\\/shop\\\/tuote\\\/beauty-sponge-pesusieni-aloe-vera\\\/\"]}]},{\"@type\":\"ImageObject\",\"inLanguage\":\"en-GB\",\"@id\":\"https:\\\/\\\/eettinenluksus.fi\\\/shop\\\/tuote\\\/beauty-sponge-pesusieni-aloe-vera\\\/#primaryimage\",\"url\":\"https:\\\/\\\/eettinenluksus.fi\\\/shop\\\/wp-content\\\/uploads\\\/sites\\\/4\\\/2022\\\/12\\\/Hemp-Seed-Oil.png\",\"contentUrl\":\"https:\\\/\\\/eettinenluksus.fi\\\/shop\\\/wp-content\\\/uploads\\\/sites\\\/4\\\/2022\\\/12\\\/Hemp-Seed-Oil.png\",\"width\":2477,\"height\":1393},{\"@type\":\"BreadcrumbList\",\"@id\":\"https:\\\/\\\/eettinenluksus.fi\\\/shop\\\/tuote\\\/beauty-sponge-pesusieni-aloe-vera\\\/#breadcrumb\",\"itemListElement\":[{\"@type\":\"ListItem\",\"position\":1,\"name\":\"Etusivu\",\"item\":\"https:\\\/\\\/eettinenluksus.fi\\\/shop\\\/\"},{\"@type\":\"ListItem\",\"position\":2,\"name\":\"Kauppa\",\"item\":\"https:\\\/\\\/eettinenluksus.fi\\\/shop\\\/en\\\/kauppa\\\/\"},{\"@type\":\"ListItem\",\"position\":3,\"name\":\"Beauty Sponge Pesusieni Hemp Seed Oil\"}]},{\"@type\":\"WebSite\",\"@id\":\"https:\\\/\\\/eettinenluksus.fi\\\/shop\\\/#website\",\"url\":\"https:\\\/\\\/eettinenluksus.fi\\\/shop\\\/\",\"name\":\"Shop Eettinen Luksus\",\"description\":\"Uusi verkkokauppa\",\"publisher\":{\"@id\":\"https:\\\/\\\/eettinenluksus.fi\\\/shop\\\/#organization\"},\"potentialAction\":[{\"@type\":\"SearchAction\",\"target\":{\"@type\":\"EntryPoint\",\"urlTemplate\":\"https:\\\/\\\/eettinenluksus.fi\\\/shop\\\/?s={search_term_string}\"},\"query-input\":{\"@type\":\"PropertyValueSpecification\",\"valueRequired\":true,\"valueName\":\"search_term_string\"}}],\"inLanguage\":\"en-GB\"},{\"@type\":\"Organization\",\"@id\":\"https:\\\/\\\/eettinenluksus.fi\\\/shop\\\/#organization\",\"name\":\"Shop Eettinen Luksus\",\"url\":\"https:\\\/\\\/eettinenluksus.fi\\\/shop\\\/\",\"logo\":{\"@type\":\"ImageObject\",\"inLanguage\":\"en-GB\",\"@id\":\"https:\\\/\\\/eettinenluksus.fi\\\/shop\\\/#\\\/schema\\\/logo\\\/image\\\/\",\"url\":\"https:\\\/\\\/eettinenluksus.fi\\\/shop\\\/wp-content\\\/uploads\\\/sites\\\/4\\\/1664\\\/37\\\/cropped-ELO.jpg\",\"contentUrl\":\"https:\\\/\\\/eettinenluksus.fi\\\/shop\\\/wp-content\\\/uploads\\\/sites\\\/4\\\/1664\\\/37\\\/cropped-ELO.jpg\",\"width\":810,\"height\":350,\"caption\":\"Shop Eettinen Luksus\"},\"image\":{\"@id\":\"https:\\\/\\\/eettinenluksus.fi\\\/shop\\\/#\\\/schema\\\/logo\\\/image\\\/\"},\"sameAs\":[\"https:\\\/\\\/www.facebook.com\\\/eettinenluksus\",\"https:\\\/\\\/www.instagram.com\\\/eettinenluksus\\\/\"]}]}<\/script>\n<meta property=\"product:price:amount\" content=\"9.90\" \/>\n<meta property=\"product:price:currency\" content=\"EUR\" \/>\n<meta property=\"og:availability\" content=\"instock\" \/>\n<meta property=\"product:availability\" content=\"instock\" \/>\n<meta property=\"product:retailer_item_id\" content=\"4986B00\" \/>\n<meta property=\"product:condition\" content=\"new\" \/>\n<!-- \/ Yoast SEO Premium plugin. -->","yoast_head_json":{"title":"Beauty Sponge Pesusieni Hemp Seed Oil - Shop Eettinen Luksus","description":"Beauty Sponge Pesusieni Aloe Vera on eritt\u00e4in pehme\u00e4 erikoismuotoiltu pesusieni Aloe vera herk\u00e4lle iholle. Puhdistaa ihon ja luo hyvinvointikokemuksen.","robots":{"index":"index","follow":"follow","max-snippet":"max-snippet:-1","max-image-preview":"max-image-preview:large","max-video-preview":"max-video-preview:-1"},"canonical":"https:\/\/eettinenluksus.fi\/shop\/en\/product\/beauty-sponge-pesusieni-aloe-vera\/","og_locale":"en_GB","og_type":"article","og_title":"Beauty Sponge Pesusieni Hemp Seed Oil","og_description":"Beauty Sponge Pesusieni Aloe Vera on eritt\u00e4in pehme\u00e4 erikoismuotoiltu pesusieni Aloe vera herk\u00e4lle iholle. Puhdistaa ihon ja luo hyvinvointikokemuksen.","og_url":"https:\/\/eettinenluksus.fi\/shop\/en\/product\/beauty-sponge-pesusieni-aloe-vera\/","og_site_name":"Shop Eettinen Luksus","article_publisher":"https:\/\/www.facebook.com\/eettinenluksus","article_modified_time":"2026-02-20T09:19:34+00:00","og_image":[{"width":2477,"height":1393,"url":"https:\/\/eettinenluksus.fi\/shop\/wp-content\/uploads\/sites\/4\/2022\/12\/Hemp-Seed-Oil.png","type":"image\/png"}],"twitter_card":"summary_large_image","twitter_misc":{"Price":"9,90&nbsp;&euro;","Availability":"In stock"},"schema":{"@context":"https:\/\/schema.org","@graph":[{"@type":"WebPage","@id":"https:\/\/eettinenluksus.fi\/shop\/tuote\/beauty-sponge-pesusieni-aloe-vera\/","url":"https:\/\/eettinenluksus.fi\/shop\/tuote\/beauty-sponge-pesusieni-aloe-vera\/","name":"Beauty Sponge Pesusieni Hemp Seed Oil - Shop Eettinen Luksus","isPartOf":{"@id":"https:\/\/eettinenluksus.fi\/shop\/#website"},"primaryImageOfPage":{"@id":"https:\/\/eettinenluksus.fi\/shop\/tuote\/beauty-sponge-pesusieni-aloe-vera\/#primaryimage"},"image":{"@id":"https:\/\/eettinenluksus.fi\/shop\/tuote\/beauty-sponge-pesusieni-aloe-vera\/#primaryimage"},"thumbnailUrl":"https:\/\/eettinenluksus.fi\/shop\/wp-content\/uploads\/sites\/4\/2022\/12\/Hemp-Seed-Oil.png","datePublished":"2022-12-07T13:47:02+00:00","dateModified":"2026-02-20T09:19:34+00:00","description":"Beauty Sponge Pesusieni Aloe Vera on eritt\u00e4in pehme\u00e4 erikoismuotoiltu pesusieni Aloe vera herk\u00e4lle iholle. Puhdistaa ihon ja luo hyvinvointikokemuksen.","breadcrumb":{"@id":"https:\/\/eettinenluksus.fi\/shop\/tuote\/beauty-sponge-pesusieni-aloe-vera\/#breadcrumb"},"inLanguage":"en-GB","potentialAction":[{"@type":"ReadAction","target":["https:\/\/eettinenluksus.fi\/shop\/tuote\/beauty-sponge-pesusieni-aloe-vera\/"]}]},{"@type":"ImageObject","inLanguage":"en-GB","@id":"https:\/\/eettinenluksus.fi\/shop\/tuote\/beauty-sponge-pesusieni-aloe-vera\/#primaryimage","url":"https:\/\/eettinenluksus.fi\/shop\/wp-content\/uploads\/sites\/4\/2022\/12\/Hemp-Seed-Oil.png","contentUrl":"https:\/\/eettinenluksus.fi\/shop\/wp-content\/uploads\/sites\/4\/2022\/12\/Hemp-Seed-Oil.png","width":2477,"height":1393},{"@type":"BreadcrumbList","@id":"https:\/\/eettinenluksus.fi\/shop\/tuote\/beauty-sponge-pesusieni-aloe-vera\/#breadcrumb","itemListElement":[{"@type":"ListItem","position":1,"name":"Etusivu","item":"https:\/\/eettinenluksus.fi\/shop\/"},{"@type":"ListItem","position":2,"name":"Kauppa","item":"https:\/\/eettinenluksus.fi\/shop\/en\/kauppa\/"},{"@type":"ListItem","position":3,"name":"Beauty Sponge Pesusieni Hemp Seed Oil"}]},{"@type":"WebSite","@id":"https:\/\/eettinenluksus.fi\/shop\/#website","url":"https:\/\/eettinenluksus.fi\/shop\/","name":"Shop Eettinen Luksus","description":"Uusi verkkokauppa","publisher":{"@id":"https:\/\/eettinenluksus.fi\/shop\/#organization"},"potentialAction":[{"@type":"SearchAction","target":{"@type":"EntryPoint","urlTemplate":"https:\/\/eettinenluksus.fi\/shop\/?s={search_term_string}"},"query-input":{"@type":"PropertyValueSpecification","valueRequired":true,"valueName":"search_term_string"}}],"inLanguage":"en-GB"},{"@type":"Organization","@id":"https:\/\/eettinenluksus.fi\/shop\/#organization","name":"Shop Eettinen Luksus","url":"https:\/\/eettinenluksus.fi\/shop\/","logo":{"@type":"ImageObject","inLanguage":"en-GB","@id":"https:\/\/eettinenluksus.fi\/shop\/#\/schema\/logo\/image\/","url":"https:\/\/eettinenluksus.fi\/shop\/wp-content\/uploads\/sites\/4\/1664\/37\/cropped-ELO.jpg","contentUrl":"https:\/\/eettinenluksus.fi\/shop\/wp-content\/uploads\/sites\/4\/1664\/37\/cropped-ELO.jpg","width":810,"height":350,"caption":"Shop Eettinen Luksus"},"image":{"@id":"https:\/\/eettinenluksus.fi\/shop\/#\/schema\/logo\/image\/"},"sameAs":["https:\/\/www.facebook.com\/eettinenluksus","https:\/\/www.instagram.com\/eettinenluksus\/"]}]},"product_price_amount":"9.90","product_price_currency":"EUR","og_availability":"instock","product_availability":"instock","product_retailer_item_id":"4986B00","product_condition":"new"},"_links":{"self":[{"href":"https:\/\/eettinenluksus.fi\/shop\/en\/wp-json\/wp\/v2\/product\/1988","targetHints":{"allow":["GET"]}}],"collection":[{"href":"https:\/\/eettinenluksus.fi\/shop\/en\/wp-json\/wp\/v2\/product"}],"about":[{"href":"https:\/\/eettinenluksus.fi\/shop\/en\/wp-json\/wp\/v2\/types\/product"}],"version-history":[{"count":20,"href":"https:\/\/eettinenluksus.fi\/shop\/en\/wp-json\/wp\/v2\/product\/1988\/revisions"}],"predecessor-version":[{"id":5082,"href":"https:\/\/eettinenluksus.fi\/shop\/en\/wp-json\/wp\/v2\/product\/1988\/revisions\/5082"}],"wp:featuredmedia":[{"embeddable":true,"href":"https:\/\/eettinenluksus.fi\/shop\/en\/wp-json\/wp\/v2\/media\/5085"}],"wp:attachment":[{"href":"https:\/\/eettinenluksus.fi\/shop\/en\/wp-json\/wp\/v2\/media?parent=1988"}],"wp:term":[{"taxonomy":"product_brand","embeddable":true,"href":"https:\/\/eettinenluksus.fi\/shop\/en\/wp-json\/wp\/v2\/product_brand?post=1988"},{"taxonomy":"product_cat","embeddable":true,"href":"https:\/\/eettinenluksus.fi\/shop\/en\/wp-json\/wp\/v2\/product_cat?post=1988"},{"taxonomy":"product_tag","embeddable":true,"href":"https:\/\/eettinenluksus.fi\/shop\/en\/wp-json\/wp\/v2\/product_tag?post=1988"}],"curies":[{"name":"wp","href":"https:\/\/api.w.org\/{rel}","templated":true}]}}