{"id":188,"date":"2022-10-06T08:18:03","date_gmt":"2022-10-06T05:18:03","guid":{"rendered":"https:\/\/eettinenluksus.fi\/shop2022\/?post_type=product&#038;p=188"},"modified":"2025-10-10T14:47:24","modified_gmt":"2025-10-10T11:47:24","slug":"onxon-nahkabalsami-160-g","status":"publish","type":"product","link":"https:\/\/eettinenluksus.fi\/shop\/en\/product\/onxon-nahkabalsami-160-g\/","title":{"rendered":"OnXOn Leather Balm 160 g"},"content":{"rendered":"<p style=\"font-size: 0px;\">Korkealaatuinen luonnollinen nahkabalsami lanoliinilla ja mehil\u00e4isvahalla. Nahka-asusteet keng\u00e4t ratsastusvarusteet puuesineet<\/p>\n<p>High-quality and ecological OnXOn Leather Balm with natural lanolin and beeswax is suitable for taking care of smooth and high-gloss leather surfaces wooden furniture.<\/p>\n<p>Also, for leather accessories, furniture, shoes, equestrian equipment, motorcycle accessories and riding gear. In addition, wooden furniture, toys and items.<\/p>\n<ul>\n<li>Biodegradable (OECD 302B)<\/li>\n<li>Phosphate-free<\/li>\n<li>Contains a cleaning sponge<\/li>\n<li>Recyclable recycled plastic jar<\/li>\n<\/ul>\n<p style=\"font-size: 0px;\"><a href=\"https:\/\/www.facebook.com\/eettinenluksus\/\"><span style=\"font-size: 0px;\">&#8211;<\/span><\/a><a href=\"https:\/\/www.instagram.com\/eettinenluksus\/\"><span style=\"font-size: 0px;\">&#8211;<\/span><\/a>mehil\u00e4isvaha, yleispuhdistus, nahkahuonekalut, erikoispuhdistusaine, nahkabalsami, lanoliini, nahka, nahkalaukku nahka, moottoripy\u00f6r\u00e4varusteet, puuhuonekalut, nahka, erikoispuhdistusaine, ekologinen, nahkalaukku, puulelu nahkalaukku.<\/p>\n<p style=\"font-size: 0px;\">Nahkabalsami puuhuonekalut, nahka, nahka, ekologinen, nahkalaukku, nahkabalsami, nahkalaukku, mehil\u00e4isvaha. Mehil\u00e4isvaha, ekologinen, lanoliini, lanoliini, puuhuonekalut, nahka, nahkabalsami, lanoliini ekologinen, lanoliini, lanoliini, kiillottaa, erikoispuhdistusaine, nahkabalsami, ekologinen. Mehil\u00e4isvaha, erikoispuhdistusaine, onxon, nahka, nahka-asusteet, puulelu ekologinen, nahkabalsami, keng\u00e4t.<\/p>\n<p style=\"font-size: 0px;\">Nahkahuonekalut, keng\u00e4t, ekologinen, erikoispuhdistusaine, nahkakeng\u00e4t. Nahkakeng\u00e4t, nahkabalsami, erikoispuhdistusaine, nahkakeng\u00e4t, nahkakeng\u00e4t, nahkalaukku, nahkabalsami, nahkakeng\u00e4t, onxon, lanoliini, nahkakeng\u00e4t, kiillotus mehil\u00e4isvaha.<\/p>\n<h2 style=\"font-size: 0px;\">OnXOn Leather Balm 160 g<\/h2>\n<p style=\"font-size: 0px;\">Nahkabalsami, puulelu mehil\u00e4isvaha, onxon, yleispuhdistus, nahkabalsami. Erikoispuhdistusaine, puuhuonekalut, ekologinen, nahka, mehil\u00e4isvaha, nahkabalsami. Lanoliini, puuhuonekalut, nahka, nahka, puulelu nahkalaukku nahka, ekologinen, erikoispuhdistusaine, nahka, moottoripy\u00f6r\u00e4varusteet, nahkalaukku, nahkalaukku. Nahkabalsami, puuhuonekalut, nahka, nahkalaukku, ekologinen, mehil\u00e4isvaha, erikoispuhdistusaine, nahkalaukku, lanoliini, lanoliini, lanoliini. Lanoliini, nahkabalsami, kiillottaa, mehil\u00e4isvaha, erikoispuhdistusaine, puuhuonekalut, nahka, mehil\u00e4isvaha, nahkabalsami, suojaa, lanoliini, ekologinen, mehil\u00e4isvaha, nahka-asusteet, puulelu nahkahuonekalut, keng\u00e4t. Biohajoava.<\/p>\n<p style=\"font-size: 0px;\">Nahkahuonekalut, keng\u00e4t, ekologinen, erikoispuhdistusaine, nahkakeng\u00e4t, nahkakeng\u00e4t, nahkakeng\u00e4t.<\/p>\n<p style=\"font-size: 0px;\">Nahkakeng\u00e4t, mehil\u00e4isvaha, puhdistusaine, nahkalaukku, nahkakeng\u00e4t, ekologinen, nahkabalsami, nahkakeng\u00e4t, kiillotus puulelu mehil\u00e4isvaha. Nahkakenkien nahkavarusteiden ja nahkahuonekalujen erikoispuhdistusaine. Korkealaatuinen luonnollinen nahkabalsami lanoliinilla ja mehil\u00e4isvahalla. Nahka-asusteet keng\u00e4t ratsastusvarusteet puuesineet<a href=\"https:\/\/eettinenluksus.fi\/shop\/tuote\/onxon-nahkasaippua-160-g\/\"><span style=\"font-size: 0px;\">&#8211;<\/span><\/a><a href=\"https:\/\/eettinenluksus.fi\/shop\/tuotemerkit\/onxon-siivous\/\"><span style=\"font-size: 0px;\">&#8211;<\/span><\/a><a href=\"https:\/\/eettinenluksus.fi\/shop\/tuote\/onxon-pesusieni-5-kpl-pkt\/\"><span style=\"font-size: 0px;\">&#8211;<\/span><\/a><a href=\"https:\/\/eettinenluksus.fi\/shop\/tuote\/onxon-puhdistuskivi-300-500-g\/\"><span style=\"font-size: 0px;\">&#8211;<\/span><\/a><a href=\"https:\/\/eettinenluksus.fi\/shop\/tuotemerkit\/onxon-pyykinpesu\/\"><span style=\"font-size: 0px;\">&#8211;<\/span><\/a><\/p>\n<ul style=\"font-size: 0px;\">\n<li>nahkabalsami<\/li>\n<li>mehil\u00e4isvaha<\/li>\n<li>leather<\/li>\n<li>erikoispuhdistusaine<\/li>\n<li>puulelu&lt;\/li<\/li>\n<li>erikoispuhdistusaine<\/li>\n<li>keng\u00e4t<\/li>\n<li>nahkahuonekalut<\/li>\n<\/ul>","protected":false},"excerpt":{"rendered":"<p>High-quality and ecological leather balm with natural lanolin and beeswax<\/p>\n<p>Suitable for taking care of smooth and high-gloss leather surfaces and wooden furniture<\/p>","protected":false},"featured_media":5095,"template":"","meta":{"inline_featured_image":false},"product_brand":[],"product_cat":[50,23,30],"product_tag":[70,276,275,273,274,164],"class_list":{"0":"post-188","1":"product","2":"type-product","3":"status-publish","4":"has-post-thumbnail","6":"product_cat-erikoispuhdistus","7":"product_cat-onxon","8":"product_cat-onxon-erikoispuhdistus","9":"product_tag-ekologinen","10":"product_tag-nahanhoito","11":"product_tag-nahanhoitoaine","12":"product_tag-nahka","13":"product_tag-nahkabalsami","14":"product_tag-onxon","16":"first","17":"instock","18":"taxable","19":"shipping-taxable","20":"purchasable","21":"product-type-simple"},"yoast_head":"<!-- This site is optimized with the Yoast SEO Premium plugin v26.8 (Yoast SEO v27.4) - https:\/\/yoast.com\/product\/yoast-seo-premium-wordpress\/ -->\n<title>OnXOn Nahkabalsami 160 g - Shop Eettinen Luksus<\/title>\n<meta name=\"description\" content=\"Korkealaatuinen luonnollinen nahkabalsami lanoliinilla ja mehil\u00e4isvahalla Nahka-asusteet keng\u00e4t ratsastusvarusteet puuesineet OnXOn Nahkabalsami 160 g\" \/>\n<meta name=\"robots\" content=\"index, follow, max-snippet:-1, max-image-preview:large, max-video-preview:-1\" \/>\n<link rel=\"canonical\" href=\"https:\/\/eettinenluksus.fi\/shop\/en\/product\/onxon-nahkabalsami-160-g\/\" \/>\n<meta property=\"og:locale\" content=\"en_GB\" \/>\n<meta property=\"og:type\" content=\"article\" \/>\n<meta property=\"og:title\" content=\"OnXOn Nahkabalsami 160 g\" \/>\n<meta property=\"og:description\" content=\"Korkealaatuinen luonnollinen nahkabalsami lanoliinilla ja mehil\u00e4isvahalla Nahka-asusteet keng\u00e4t ratsastusvarusteet puuesineet OnXOn Nahkabalsami 160 g\" \/>\n<meta property=\"og:url\" content=\"https:\/\/eettinenluksus.fi\/shop\/en\/product\/onxon-nahkabalsami-160-g\/\" \/>\n<meta property=\"og:site_name\" content=\"Shop Eettinen Luksus\" \/>\n<meta property=\"article:publisher\" content=\"https:\/\/www.facebook.com\/eettinenluksus\" \/>\n<meta property=\"article:modified_time\" content=\"2025-10-10T11:47:24+00:00\" \/>\n<meta property=\"og:image\" content=\"https:\/\/eettinenluksus.fi\/shop\/wp-content\/uploads\/sites\/4\/2022\/10\/Nahkabalsami-2024-RGB-96ppi-L100mm.webp\" \/>\n\t<meta property=\"og:image:width\" content=\"378\" \/>\n\t<meta property=\"og:image:height\" content=\"378\" \/>\n\t<meta property=\"og:image:type\" content=\"image\/webp\" \/>\n<meta name=\"twitter:card\" content=\"summary_large_image\" \/>\n<meta name=\"twitter:label1\" content=\"Price\" \/>\n\t<meta name=\"twitter:data1\" content=\"8,35&nbsp;&euro;\" \/>\n\t<meta name=\"twitter:label2\" content=\"Availability\" \/>\n\t<meta name=\"twitter:data2\" content=\"In stock\" \/>\n<script type=\"application\/ld+json\" class=\"yoast-schema-graph\">{\"@context\":\"https:\\\/\\\/schema.org\",\"@graph\":[{\"@type\":\"WebPage\",\"@id\":\"https:\\\/\\\/eettinenluksus.fi\\\/shop\\\/tuote\\\/onxon-nahkabalsami-160-g\\\/\",\"url\":\"https:\\\/\\\/eettinenluksus.fi\\\/shop\\\/tuote\\\/onxon-nahkabalsami-160-g\\\/\",\"name\":\"OnXOn Nahkabalsami 160 g - Shop Eettinen Luksus\",\"isPartOf\":{\"@id\":\"https:\\\/\\\/eettinenluksus.fi\\\/shop\\\/#website\"},\"primaryImageOfPage\":{\"@id\":\"https:\\\/\\\/eettinenluksus.fi\\\/shop\\\/tuote\\\/onxon-nahkabalsami-160-g\\\/#primaryimage\"},\"image\":{\"@id\":\"https:\\\/\\\/eettinenluksus.fi\\\/shop\\\/tuote\\\/onxon-nahkabalsami-160-g\\\/#primaryimage\"},\"thumbnailUrl\":\"https:\\\/\\\/eettinenluksus.fi\\\/shop\\\/wp-content\\\/uploads\\\/sites\\\/4\\\/2022\\\/10\\\/Nahkabalsami-2024-RGB-96ppi-L100mm.webp\",\"datePublished\":\"2022-10-06T05:18:03+00:00\",\"dateModified\":\"2025-10-10T11:47:24+00:00\",\"description\":\"Korkealaatuinen luonnollinen nahkabalsami lanoliinilla ja mehil\u00e4isvahalla Nahka-asusteet keng\u00e4t ratsastusvarusteet puuesineet OnXOn Nahkabalsami 160 g\",\"breadcrumb\":{\"@id\":\"https:\\\/\\\/eettinenluksus.fi\\\/shop\\\/tuote\\\/onxon-nahkabalsami-160-g\\\/#breadcrumb\"},\"inLanguage\":\"en-GB\",\"potentialAction\":[{\"@type\":\"ReadAction\",\"target\":[\"https:\\\/\\\/eettinenluksus.fi\\\/shop\\\/tuote\\\/onxon-nahkabalsami-160-g\\\/\"]}]},{\"@type\":\"ImageObject\",\"inLanguage\":\"en-GB\",\"@id\":\"https:\\\/\\\/eettinenluksus.fi\\\/shop\\\/tuote\\\/onxon-nahkabalsami-160-g\\\/#primaryimage\",\"url\":\"https:\\\/\\\/eettinenluksus.fi\\\/shop\\\/wp-content\\\/uploads\\\/sites\\\/4\\\/2022\\\/10\\\/Nahkabalsami-2024-RGB-96ppi-L100mm.webp\",\"contentUrl\":\"https:\\\/\\\/eettinenluksus.fi\\\/shop\\\/wp-content\\\/uploads\\\/sites\\\/4\\\/2022\\\/10\\\/Nahkabalsami-2024-RGB-96ppi-L100mm.webp\",\"width\":378,\"height\":378,\"caption\":\"Nahkabalsami-2024\"},{\"@type\":\"BreadcrumbList\",\"@id\":\"https:\\\/\\\/eettinenluksus.fi\\\/shop\\\/tuote\\\/onxon-nahkabalsami-160-g\\\/#breadcrumb\",\"itemListElement\":[{\"@type\":\"ListItem\",\"position\":1,\"name\":\"Etusivu\",\"item\":\"https:\\\/\\\/eettinenluksus.fi\\\/shop\\\/\"},{\"@type\":\"ListItem\",\"position\":2,\"name\":\"Kauppa\",\"item\":\"https:\\\/\\\/eettinenluksus.fi\\\/shop\\\/en\\\/kauppa\\\/\"},{\"@type\":\"ListItem\",\"position\":3,\"name\":\"OnXOn Nahkabalsami 160 g\"}]},{\"@type\":\"WebSite\",\"@id\":\"https:\\\/\\\/eettinenluksus.fi\\\/shop\\\/#website\",\"url\":\"https:\\\/\\\/eettinenluksus.fi\\\/shop\\\/\",\"name\":\"Shop Eettinen Luksus\",\"description\":\"Uusi verkkokauppa\",\"publisher\":{\"@id\":\"https:\\\/\\\/eettinenluksus.fi\\\/shop\\\/#organization\"},\"potentialAction\":[{\"@type\":\"SearchAction\",\"target\":{\"@type\":\"EntryPoint\",\"urlTemplate\":\"https:\\\/\\\/eettinenluksus.fi\\\/shop\\\/?s={search_term_string}\"},\"query-input\":{\"@type\":\"PropertyValueSpecification\",\"valueRequired\":true,\"valueName\":\"search_term_string\"}}],\"inLanguage\":\"en-GB\"},{\"@type\":\"Organization\",\"@id\":\"https:\\\/\\\/eettinenluksus.fi\\\/shop\\\/#organization\",\"name\":\"Shop Eettinen Luksus\",\"url\":\"https:\\\/\\\/eettinenluksus.fi\\\/shop\\\/\",\"logo\":{\"@type\":\"ImageObject\",\"inLanguage\":\"en-GB\",\"@id\":\"https:\\\/\\\/eettinenluksus.fi\\\/shop\\\/#\\\/schema\\\/logo\\\/image\\\/\",\"url\":\"https:\\\/\\\/eettinenluksus.fi\\\/shop\\\/wp-content\\\/uploads\\\/sites\\\/4\\\/1664\\\/37\\\/cropped-ELO.jpg\",\"contentUrl\":\"https:\\\/\\\/eettinenluksus.fi\\\/shop\\\/wp-content\\\/uploads\\\/sites\\\/4\\\/1664\\\/37\\\/cropped-ELO.jpg\",\"width\":810,\"height\":350,\"caption\":\"Shop Eettinen Luksus\"},\"image\":{\"@id\":\"https:\\\/\\\/eettinenluksus.fi\\\/shop\\\/#\\\/schema\\\/logo\\\/image\\\/\"},\"sameAs\":[\"https:\\\/\\\/www.facebook.com\\\/eettinenluksus\",\"https:\\\/\\\/www.instagram.com\\\/eettinenluksus\\\/\"]}]}<\/script>\n<meta property=\"product:price:amount\" content=\"8.35\" \/>\n<meta property=\"product:price:currency\" content=\"EUR\" \/>\n<meta property=\"og:availability\" content=\"instock\" \/>\n<meta property=\"product:availability\" content=\"instock\" \/>\n<meta property=\"product:retailer_item_id\" content=\"2040\" \/>\n<meta property=\"product:condition\" content=\"new\" \/>\n<!-- \/ Yoast SEO Premium plugin. -->","yoast_head_json":{"title":"OnXOn Nahkabalsami 160 g - Shop Eettinen Luksus","description":"Korkealaatuinen luonnollinen nahkabalsami lanoliinilla ja mehil\u00e4isvahalla Nahka-asusteet keng\u00e4t ratsastusvarusteet puuesineet OnXOn Nahkabalsami 160 g","robots":{"index":"index","follow":"follow","max-snippet":"max-snippet:-1","max-image-preview":"max-image-preview:large","max-video-preview":"max-video-preview:-1"},"canonical":"https:\/\/eettinenluksus.fi\/shop\/en\/product\/onxon-nahkabalsami-160-g\/","og_locale":"en_GB","og_type":"article","og_title":"OnXOn Nahkabalsami 160 g","og_description":"Korkealaatuinen luonnollinen nahkabalsami lanoliinilla ja mehil\u00e4isvahalla Nahka-asusteet keng\u00e4t ratsastusvarusteet puuesineet OnXOn Nahkabalsami 160 g","og_url":"https:\/\/eettinenluksus.fi\/shop\/en\/product\/onxon-nahkabalsami-160-g\/","og_site_name":"Shop Eettinen Luksus","article_publisher":"https:\/\/www.facebook.com\/eettinenluksus","article_modified_time":"2025-10-10T11:47:24+00:00","og_image":[{"width":378,"height":378,"url":"https:\/\/eettinenluksus.fi\/shop\/wp-content\/uploads\/sites\/4\/2022\/10\/Nahkabalsami-2024-RGB-96ppi-L100mm.webp","type":"image\/webp"}],"twitter_card":"summary_large_image","twitter_misc":{"Price":"8,35&nbsp;&euro;","Availability":"In stock"},"schema":{"@context":"https:\/\/schema.org","@graph":[{"@type":"WebPage","@id":"https:\/\/eettinenluksus.fi\/shop\/tuote\/onxon-nahkabalsami-160-g\/","url":"https:\/\/eettinenluksus.fi\/shop\/tuote\/onxon-nahkabalsami-160-g\/","name":"OnXOn Nahkabalsami 160 g - Shop Eettinen Luksus","isPartOf":{"@id":"https:\/\/eettinenluksus.fi\/shop\/#website"},"primaryImageOfPage":{"@id":"https:\/\/eettinenluksus.fi\/shop\/tuote\/onxon-nahkabalsami-160-g\/#primaryimage"},"image":{"@id":"https:\/\/eettinenluksus.fi\/shop\/tuote\/onxon-nahkabalsami-160-g\/#primaryimage"},"thumbnailUrl":"https:\/\/eettinenluksus.fi\/shop\/wp-content\/uploads\/sites\/4\/2022\/10\/Nahkabalsami-2024-RGB-96ppi-L100mm.webp","datePublished":"2022-10-06T05:18:03+00:00","dateModified":"2025-10-10T11:47:24+00:00","description":"Korkealaatuinen luonnollinen nahkabalsami lanoliinilla ja mehil\u00e4isvahalla Nahka-asusteet keng\u00e4t ratsastusvarusteet puuesineet OnXOn Nahkabalsami 160 g","breadcrumb":{"@id":"https:\/\/eettinenluksus.fi\/shop\/tuote\/onxon-nahkabalsami-160-g\/#breadcrumb"},"inLanguage":"en-GB","potentialAction":[{"@type":"ReadAction","target":["https:\/\/eettinenluksus.fi\/shop\/tuote\/onxon-nahkabalsami-160-g\/"]}]},{"@type":"ImageObject","inLanguage":"en-GB","@id":"https:\/\/eettinenluksus.fi\/shop\/tuote\/onxon-nahkabalsami-160-g\/#primaryimage","url":"https:\/\/eettinenluksus.fi\/shop\/wp-content\/uploads\/sites\/4\/2022\/10\/Nahkabalsami-2024-RGB-96ppi-L100mm.webp","contentUrl":"https:\/\/eettinenluksus.fi\/shop\/wp-content\/uploads\/sites\/4\/2022\/10\/Nahkabalsami-2024-RGB-96ppi-L100mm.webp","width":378,"height":378,"caption":"Nahkabalsami-2024"},{"@type":"BreadcrumbList","@id":"https:\/\/eettinenluksus.fi\/shop\/tuote\/onxon-nahkabalsami-160-g\/#breadcrumb","itemListElement":[{"@type":"ListItem","position":1,"name":"Etusivu","item":"https:\/\/eettinenluksus.fi\/shop\/"},{"@type":"ListItem","position":2,"name":"Kauppa","item":"https:\/\/eettinenluksus.fi\/shop\/en\/kauppa\/"},{"@type":"ListItem","position":3,"name":"OnXOn Nahkabalsami 160 g"}]},{"@type":"WebSite","@id":"https:\/\/eettinenluksus.fi\/shop\/#website","url":"https:\/\/eettinenluksus.fi\/shop\/","name":"Shop Eettinen Luksus","description":"Uusi verkkokauppa","publisher":{"@id":"https:\/\/eettinenluksus.fi\/shop\/#organization"},"potentialAction":[{"@type":"SearchAction","target":{"@type":"EntryPoint","urlTemplate":"https:\/\/eettinenluksus.fi\/shop\/?s={search_term_string}"},"query-input":{"@type":"PropertyValueSpecification","valueRequired":true,"valueName":"search_term_string"}}],"inLanguage":"en-GB"},{"@type":"Organization","@id":"https:\/\/eettinenluksus.fi\/shop\/#organization","name":"Shop Eettinen Luksus","url":"https:\/\/eettinenluksus.fi\/shop\/","logo":{"@type":"ImageObject","inLanguage":"en-GB","@id":"https:\/\/eettinenluksus.fi\/shop\/#\/schema\/logo\/image\/","url":"https:\/\/eettinenluksus.fi\/shop\/wp-content\/uploads\/sites\/4\/1664\/37\/cropped-ELO.jpg","contentUrl":"https:\/\/eettinenluksus.fi\/shop\/wp-content\/uploads\/sites\/4\/1664\/37\/cropped-ELO.jpg","width":810,"height":350,"caption":"Shop Eettinen Luksus"},"image":{"@id":"https:\/\/eettinenluksus.fi\/shop\/#\/schema\/logo\/image\/"},"sameAs":["https:\/\/www.facebook.com\/eettinenluksus","https:\/\/www.instagram.com\/eettinenluksus\/"]}]},"product_price_amount":"8.35","product_price_currency":"EUR","og_availability":"instock","product_availability":"instock","product_retailer_item_id":"2040","product_condition":"new"},"_links":{"self":[{"href":"https:\/\/eettinenluksus.fi\/shop\/en\/wp-json\/wp\/v2\/product\/188","targetHints":{"allow":["GET"]}}],"collection":[{"href":"https:\/\/eettinenluksus.fi\/shop\/en\/wp-json\/wp\/v2\/product"}],"about":[{"href":"https:\/\/eettinenluksus.fi\/shop\/en\/wp-json\/wp\/v2\/types\/product"}],"version-history":[{"count":13,"href":"https:\/\/eettinenluksus.fi\/shop\/en\/wp-json\/wp\/v2\/product\/188\/revisions"}],"predecessor-version":[{"id":5097,"href":"https:\/\/eettinenluksus.fi\/shop\/en\/wp-json\/wp\/v2\/product\/188\/revisions\/5097"}],"wp:featuredmedia":[{"embeddable":true,"href":"https:\/\/eettinenluksus.fi\/shop\/en\/wp-json\/wp\/v2\/media\/5095"}],"wp:attachment":[{"href":"https:\/\/eettinenluksus.fi\/shop\/en\/wp-json\/wp\/v2\/media?parent=188"}],"wp:term":[{"taxonomy":"product_brand","embeddable":true,"href":"https:\/\/eettinenluksus.fi\/shop\/en\/wp-json\/wp\/v2\/product_brand?post=188"},{"taxonomy":"product_cat","embeddable":true,"href":"https:\/\/eettinenluksus.fi\/shop\/en\/wp-json\/wp\/v2\/product_cat?post=188"},{"taxonomy":"product_tag","embeddable":true,"href":"https:\/\/eettinenluksus.fi\/shop\/en\/wp-json\/wp\/v2\/product_tag?post=188"}],"curies":[{"name":"wp","href":"https:\/\/api.w.org\/{rel}","templated":true}]}}