{"id":179,"date":"2022-10-08T12:08:15","date_gmt":"2022-10-08T09:08:15","guid":{"rendered":"https:\/\/eettinenluksus.fi\/shop2022\/?post_type=product&#038;p=179"},"modified":"2025-01-28T11:16:55","modified_gmt":"2025-01-28T09:16:55","slug":"bambu-tuoksuva-pesusieni-bambusta","status":"publish","type":"product","link":"https:\/\/eettinenluksus.fi\/shop\/en\/product\/bambu-tuoksuva-pesusieni-bambusta\/","title":{"rendered":"Bamb\u00f9 Scented body sponge with bamboo extract"},"content":{"rendered":"<p style=\"font-size:0px;\">Bamb\u00f9 Tuoksuva pesusieni bambu-uutteella. Pehme\u00e4 ja tuoksuva vartalon pesusieni. Rikastettu bambu-uutteella. Elvytt\u00e4v\u00e4 vaikutus. Hell\u00e4varainen puhdistus.<\/p>\n<p>The soft scented body sponge is enriched with bamboo extract, known for its hydrating,\ntoning and anti-irritating properties. Its delicate scent helps to boost a pleasant and special moment of well-being. Soft and delicate sponge guarantees deeply clean skin. Dermatologically tested.<\/p>\n<p>Bamboo is considered a symbol of longevity and resilience. Well-known and used since centuries in the Far East, this plant is extremely versatile and finds application in the cosmetic, furniture, food, and textile fields, among the others.<\/p>\n<p>The line is a complete range of products for a relaxing body care treatment and an inspiring sensorial experience. Thanks to the exclusive Xpand process, sponges are enriched with bamboo extract, natural source of precious minerals and antioxidant enzymes, which have a revitalizing action and ideal for gently cleansing while protecting the skin.<\/p>\n<p>The textiles, made of vegetable bamboo fiber are incredibly soft and pleasant, making them particularly suitable for sensitive skin and granting high moisture absorption. They have a high absorbency and dry quickly.<\/p>\n<p style=\"font-size: 0px;\"><a href=\"https:\/\/onxon.fi\/\"><span style=\"font-size:0px;\">&#8211;<\/span><\/a>Ekologinen pesusieni elvytt\u00e4v\u00e4 vaikutus. Bambu, tuoksuva, pesusieni, rentoutus, bambu, pehme\u00e4, bambu, rentoutuminen, ekologinen, pesusieni. Bambu, tuoksuva, hyvinvointi, bambu, tuoksuva, pesusieni, ekologinen, pesusieni, rentoutus, bambu, ekologinen, pesusieni, tuoksuva. Bambu, tuoksuva, pesusieni, rentoutus. Bambu, pehme\u00e4, bambu, rentoutuminen, pehme\u00e4, hyvinvointi, ekologinen, pesusieni. Bambu, ekologinen, pesusieni, tuoksuva, hyvinvointi, bambu, tuoksuva, pesusieni, pehme\u00e4, hyvinvointi. Rentoutuminen, ekologinen, pehme\u00e4, hyvinvointi, rentoutus, bambu, tuoksuva. Bambu, tuoksuva, pesusieni, pehme\u00e4, hyvinvointi, rentoutus, bambu, pehme\u00e4, ekologinen. Pesusieni, bambu, rentoutuminen, bambu, tuoksuva, hyvinvointi, bambu, tuoksuva, pesusieni, rentoutus, bambu, tuoksuva.<a href=\"https:\/\/www.facebook.com\/eettinenluksus\/\"><span style=\"font-size:0px;\">&#8211;<\/span><\/a><a href=\"https:\/\/www.instagram.com\/eettinenluksus\/\"><span style=\"font-size:0px;\">&#8211;<\/span><\/a><\/p>\n<h2 style=\"font-size: 0px;\">Bamb\u00f9 Scented body sponge with bamboo extract<\/h2>\n<p style=\"font-size: 0px;\">Bambu, tuoksuva, pesusieni, rentoutus, bambu, pehme\u00e4, bambu, rentoutuminen, ekologinen. kaksivaikutteinen pesusieni bambusta ja luffasta. Pesusieni, bambu, tuoksuva, hyvinvointi, bambu, tuoksuva, pesusieni, ekologinen, pesusieni, ekologinen. Pesusieni, rentoutus, pesusieni, rentoutus, bambu, ekologinen, pesusieni, rentoutus, pesusieni, tuoksuva. Bambu, tuoksuva, pesusieni, rentoutus, bambu, pehme\u00e4, bambu, rentoutuminen, Rikastettu bambu-uutteella. Elvytt\u00e4v\u00e4 vaikutus. Hell\u00e4varainen puhdistus. ekologinen, pesusieni, bambu, ekologinen. Hyvinvointi, pesusieni, tuoksuva. Hyvinvointi, bambu, pesusieni, pehme\u00e4, hyvinvointi, rentoutus, bambu, tuoksuva. Rentoutuminen, bambu, tuoksuva, rentoutuminen, pesusieni, pehme\u00e4, pesusieni, hyvinvointi, bambu, ekologinen. Pesusieni, rentoutuminen, pehme\u00e4, hyvinvointi, rentoutus, pesusieni, tuoksuva, pesusieni. Rentoutus, bambu, tuoksuva.Ekologinen, pesusieni, rentoutus, bambu, pehme\u00e4. <a href=\"https:\/\/eettinenluksus.fi\/shop\/en\/product\/bambu-kuorintasieni\/\"><span style=\"font-size:0px;\">&#8211;<\/span><\/a><a href=\"https:\/\/eettinenluksus.fi\/shop\/tuote\/m-massage-kompostoituva-verkkosieni\/\"><span style=\"font-size:0px;\">&#8211;<\/span><\/a><a href=\"https:\/\/eettinenluksus.fi\/shop\/tuote\/beauty-sponge-pesusieni-aloe-vera\/\"><span style=\"font-size:0px;\">&#8211;<\/span><\/a><a href=\"https:\/\/eettinenluksus.fi\/shop\/tuote\/onxon-pesusieni-5-kpl-pkt\/\"><span style=\"font-size:0px;\">&#8211;<\/span><\/a><a href=\"https:\/\/eettinenluksus.fi\/shop\/tuotemerkit\/hyvinvointi\/\"><span style=\"font-size:0px;\">&#8211;<\/span><\/a><a href=\"https:\/\/eettinenluksus.fi\/shop\/tuote\/bambu-kuoriva-selanpesin-bambuviskoosi-luffa\/\"><span style=\"font-size:0px;\">&#8211;<\/span><\/a><a href=\"https:\/\/eettinenluksus.fi\/shop\/tuote\/beauty-sponge-pesusieni-pink-grapefruit-oil\/\"><span style=\"font-size:0px;\">&#8211;<\/span><\/a><\/p>\n<ul style=\"font-size: 0px;\">\n<li>bamboo<\/li>\n<li>tuoksuva<\/li>\n<li>rentoutus<\/li>\n<li>ecological<\/li>\n<li>pehme\u00e4<\/li>\n<\/ul>","protected":false},"excerpt":{"rendered":"<p>Scented body sponge enriched with bamboo extract cleanses gently<\/p>\n<p>Hydrating, toning and anti-irritating properties<\/p>\n<p>Delicate scent helps to boost a pleasant and special moment of well-being<\/p>","protected":false},"featured_media":4115,"template":"","meta":{"inline_featured_image":false},"product_brand":[],"product_cat":[24,123],"product_tag":[62,217,70,216,221],"class_list":{"0":"post-179","1":"product","2":"type-product","3":"status-publish","4":"has-post-thumbnail","6":"product_cat-bambu","7":"product_cat-hyvinvointi","8":"product_tag-bambu","9":"product_tag-bambu-uute","10":"product_tag-ekologinen","11":"product_tag-pesusieni","12":"product_tag-tuoksuva","14":"first","15":"instock","16":"taxable","17":"shipping-taxable","18":"purchasable","19":"product-type-simple"},"yoast_head":"<!-- This site is optimized with the Yoast SEO Premium plugin v26.8 (Yoast SEO v27.4) - https:\/\/yoast.com\/product\/yoast-seo-premium-wordpress\/ -->\n<title>Bamb\u00f9 Tuoksuva pesusieni bambu-uutteella - Shop Eettinen Luksus<\/title>\n<meta name=\"description\" content=\"Bamb\u00f9 Tuoksuva pesusieni bambu-uutteella. Pehme\u00e4 ja tuoksuva vartalon pesusieni. Rikastettu bambu-uutteella. Elvytt\u00e4v\u00e4 vaikutus. Hell\u00e4varainen puhdistus.\" \/>\n<meta name=\"robots\" content=\"index, follow, max-snippet:-1, max-image-preview:large, max-video-preview:-1\" \/>\n<link rel=\"canonical\" href=\"https:\/\/eettinenluksus.fi\/shop\/en\/product\/bambu-tuoksuva-pesusieni-bambusta\/\" \/>\n<meta property=\"og:locale\" content=\"en_GB\" \/>\n<meta property=\"og:type\" content=\"article\" \/>\n<meta property=\"og:title\" content=\"Bamb\u00f9 Tuoksuva pesusieni bambu-uutteella\" \/>\n<meta property=\"og:description\" content=\"Bamb\u00f9 Tuoksuva pesusieni bambu-uutteella. Pehme\u00e4 ja tuoksuva vartalon pesusieni. Rikastettu bambu-uutteella. Elvytt\u00e4v\u00e4 vaikutus. Hell\u00e4varainen puhdistus.\" \/>\n<meta property=\"og:url\" content=\"https:\/\/eettinenluksus.fi\/shop\/en\/product\/bambu-tuoksuva-pesusieni-bambusta\/\" \/>\n<meta property=\"og:site_name\" content=\"Shop Eettinen Luksus\" \/>\n<meta property=\"article:publisher\" content=\"https:\/\/www.facebook.com\/eettinenluksus\" \/>\n<meta property=\"article:modified_time\" content=\"2025-01-28T09:16:55+00:00\" \/>\n<meta property=\"og:image\" content=\"https:\/\/eettinenluksus.fi\/shop\/wp-content\/uploads\/sites\/4\/1726\/29\/Bambu-pesusieni-nelio.jpg\" \/>\n\t<meta property=\"og:image:width\" content=\"1045\" \/>\n\t<meta property=\"og:image:height\" content=\"1045\" \/>\n\t<meta property=\"og:image:type\" content=\"image\/jpeg\" \/>\n<meta name=\"twitter:card\" content=\"summary_large_image\" \/>\n<meta name=\"twitter:label1\" content=\"Price\" \/>\n\t<meta name=\"twitter:data1\" content=\"5,40&nbsp;&euro;\" \/>\n\t<meta name=\"twitter:label2\" content=\"Availability\" \/>\n\t<meta name=\"twitter:data2\" content=\"In stock\" \/>\n<script type=\"application\/ld+json\" class=\"yoast-schema-graph\">{\"@context\":\"https:\\\/\\\/schema.org\",\"@graph\":[{\"@type\":\"WebPage\",\"@id\":\"https:\\\/\\\/eettinenluksus.fi\\\/shop\\\/tuote\\\/bambu-tuoksuva-pesusieni-bambusta\\\/\",\"url\":\"https:\\\/\\\/eettinenluksus.fi\\\/shop\\\/tuote\\\/bambu-tuoksuva-pesusieni-bambusta\\\/\",\"name\":\"Bamb\u00f9 Tuoksuva pesusieni bambu-uutteella - Shop Eettinen Luksus\",\"isPartOf\":{\"@id\":\"https:\\\/\\\/eettinenluksus.fi\\\/shop\\\/#website\"},\"primaryImageOfPage\":{\"@id\":\"https:\\\/\\\/eettinenluksus.fi\\\/shop\\\/tuote\\\/bambu-tuoksuva-pesusieni-bambusta\\\/#primaryimage\"},\"image\":{\"@id\":\"https:\\\/\\\/eettinenluksus.fi\\\/shop\\\/tuote\\\/bambu-tuoksuva-pesusieni-bambusta\\\/#primaryimage\"},\"thumbnailUrl\":\"https:\\\/\\\/eettinenluksus.fi\\\/shop\\\/wp-content\\\/uploads\\\/sites\\\/4\\\/1726\\\/29\\\/Bambu-pesusieni-nelio.jpg\",\"datePublished\":\"2022-10-08T09:08:15+00:00\",\"dateModified\":\"2025-01-28T09:16:55+00:00\",\"description\":\"Bamb\u00f9 Tuoksuva pesusieni bambu-uutteella. Pehme\u00e4 ja tuoksuva vartalon pesusieni. Rikastettu bambu-uutteella. Elvytt\u00e4v\u00e4 vaikutus. Hell\u00e4varainen puhdistus.\",\"breadcrumb\":{\"@id\":\"https:\\\/\\\/eettinenluksus.fi\\\/shop\\\/tuote\\\/bambu-tuoksuva-pesusieni-bambusta\\\/#breadcrumb\"},\"inLanguage\":\"en-GB\",\"potentialAction\":[{\"@type\":\"ReadAction\",\"target\":[\"https:\\\/\\\/eettinenluksus.fi\\\/shop\\\/tuote\\\/bambu-tuoksuva-pesusieni-bambusta\\\/\"]}]},{\"@type\":\"ImageObject\",\"inLanguage\":\"en-GB\",\"@id\":\"https:\\\/\\\/eettinenluksus.fi\\\/shop\\\/tuote\\\/bambu-tuoksuva-pesusieni-bambusta\\\/#primaryimage\",\"url\":\"https:\\\/\\\/eettinenluksus.fi\\\/shop\\\/wp-content\\\/uploads\\\/sites\\\/4\\\/1726\\\/29\\\/Bambu-pesusieni-nelio.jpg\",\"contentUrl\":\"https:\\\/\\\/eettinenluksus.fi\\\/shop\\\/wp-content\\\/uploads\\\/sites\\\/4\\\/1726\\\/29\\\/Bambu-pesusieni-nelio.jpg\",\"width\":1045,\"height\":1045,\"caption\":\"Bambu pesusieni\"},{\"@type\":\"BreadcrumbList\",\"@id\":\"https:\\\/\\\/eettinenluksus.fi\\\/shop\\\/tuote\\\/bambu-tuoksuva-pesusieni-bambusta\\\/#breadcrumb\",\"itemListElement\":[{\"@type\":\"ListItem\",\"position\":1,\"name\":\"Etusivu\",\"item\":\"https:\\\/\\\/eettinenluksus.fi\\\/shop\\\/\"},{\"@type\":\"ListItem\",\"position\":2,\"name\":\"Kauppa\",\"item\":\"https:\\\/\\\/eettinenluksus.fi\\\/shop\\\/en\\\/kauppa\\\/\"},{\"@type\":\"ListItem\",\"position\":3,\"name\":\"Bamb\u00f9 Tuoksuva pesusieni bambu-uutteella\"}]},{\"@type\":\"WebSite\",\"@id\":\"https:\\\/\\\/eettinenluksus.fi\\\/shop\\\/#website\",\"url\":\"https:\\\/\\\/eettinenluksus.fi\\\/shop\\\/\",\"name\":\"Shop Eettinen Luksus\",\"description\":\"Uusi verkkokauppa\",\"publisher\":{\"@id\":\"https:\\\/\\\/eettinenluksus.fi\\\/shop\\\/#organization\"},\"potentialAction\":[{\"@type\":\"SearchAction\",\"target\":{\"@type\":\"EntryPoint\",\"urlTemplate\":\"https:\\\/\\\/eettinenluksus.fi\\\/shop\\\/?s={search_term_string}\"},\"query-input\":{\"@type\":\"PropertyValueSpecification\",\"valueRequired\":true,\"valueName\":\"search_term_string\"}}],\"inLanguage\":\"en-GB\"},{\"@type\":\"Organization\",\"@id\":\"https:\\\/\\\/eettinenluksus.fi\\\/shop\\\/#organization\",\"name\":\"Shop Eettinen Luksus\",\"url\":\"https:\\\/\\\/eettinenluksus.fi\\\/shop\\\/\",\"logo\":{\"@type\":\"ImageObject\",\"inLanguage\":\"en-GB\",\"@id\":\"https:\\\/\\\/eettinenluksus.fi\\\/shop\\\/#\\\/schema\\\/logo\\\/image\\\/\",\"url\":\"https:\\\/\\\/eettinenluksus.fi\\\/shop\\\/wp-content\\\/uploads\\\/sites\\\/4\\\/1664\\\/37\\\/cropped-ELO.jpg\",\"contentUrl\":\"https:\\\/\\\/eettinenluksus.fi\\\/shop\\\/wp-content\\\/uploads\\\/sites\\\/4\\\/1664\\\/37\\\/cropped-ELO.jpg\",\"width\":810,\"height\":350,\"caption\":\"Shop Eettinen Luksus\"},\"image\":{\"@id\":\"https:\\\/\\\/eettinenluksus.fi\\\/shop\\\/#\\\/schema\\\/logo\\\/image\\\/\"},\"sameAs\":[\"https:\\\/\\\/www.facebook.com\\\/eettinenluksus\",\"https:\\\/\\\/www.instagram.com\\\/eettinenluksus\\\/\"]}]}<\/script>\n<meta property=\"product:price:amount\" content=\"5.40\" \/>\n<meta property=\"product:price:currency\" content=\"EUR\" \/>\n<meta property=\"og:availability\" content=\"instock\" \/>\n<meta property=\"product:availability\" content=\"instock\" \/>\n<meta property=\"product:retailer_item_id\" content=\"4850EET\" \/>\n<meta property=\"product:condition\" content=\"new\" \/>\n<!-- \/ Yoast SEO Premium plugin. -->","yoast_head_json":{"title":"Bamb\u00f9 Tuoksuva pesusieni bambu-uutteella - Shop Eettinen Luksus","description":"Bamb\u00f9 Tuoksuva pesusieni bambu-uutteella. Pehme\u00e4 ja tuoksuva vartalon pesusieni. Rikastettu bambu-uutteella. Elvytt\u00e4v\u00e4 vaikutus. Hell\u00e4varainen puhdistus.","robots":{"index":"index","follow":"follow","max-snippet":"max-snippet:-1","max-image-preview":"max-image-preview:large","max-video-preview":"max-video-preview:-1"},"canonical":"https:\/\/eettinenluksus.fi\/shop\/en\/product\/bambu-tuoksuva-pesusieni-bambusta\/","og_locale":"en_GB","og_type":"article","og_title":"Bamb\u00f9 Tuoksuva pesusieni bambu-uutteella","og_description":"Bamb\u00f9 Tuoksuva pesusieni bambu-uutteella. Pehme\u00e4 ja tuoksuva vartalon pesusieni. Rikastettu bambu-uutteella. Elvytt\u00e4v\u00e4 vaikutus. Hell\u00e4varainen puhdistus.","og_url":"https:\/\/eettinenluksus.fi\/shop\/en\/product\/bambu-tuoksuva-pesusieni-bambusta\/","og_site_name":"Shop Eettinen Luksus","article_publisher":"https:\/\/www.facebook.com\/eettinenluksus","article_modified_time":"2025-01-28T09:16:55+00:00","og_image":[{"width":1045,"height":1045,"url":"https:\/\/eettinenluksus.fi\/shop\/wp-content\/uploads\/sites\/4\/1726\/29\/Bambu-pesusieni-nelio.jpg","type":"image\/jpeg"}],"twitter_card":"summary_large_image","twitter_misc":{"Price":"5,40&nbsp;&euro;","Availability":"In stock"},"schema":{"@context":"https:\/\/schema.org","@graph":[{"@type":"WebPage","@id":"https:\/\/eettinenluksus.fi\/shop\/tuote\/bambu-tuoksuva-pesusieni-bambusta\/","url":"https:\/\/eettinenluksus.fi\/shop\/tuote\/bambu-tuoksuva-pesusieni-bambusta\/","name":"Bamb\u00f9 Tuoksuva pesusieni bambu-uutteella - Shop Eettinen Luksus","isPartOf":{"@id":"https:\/\/eettinenluksus.fi\/shop\/#website"},"primaryImageOfPage":{"@id":"https:\/\/eettinenluksus.fi\/shop\/tuote\/bambu-tuoksuva-pesusieni-bambusta\/#primaryimage"},"image":{"@id":"https:\/\/eettinenluksus.fi\/shop\/tuote\/bambu-tuoksuva-pesusieni-bambusta\/#primaryimage"},"thumbnailUrl":"https:\/\/eettinenluksus.fi\/shop\/wp-content\/uploads\/sites\/4\/1726\/29\/Bambu-pesusieni-nelio.jpg","datePublished":"2022-10-08T09:08:15+00:00","dateModified":"2025-01-28T09:16:55+00:00","description":"Bamb\u00f9 Tuoksuva pesusieni bambu-uutteella. Pehme\u00e4 ja tuoksuva vartalon pesusieni. Rikastettu bambu-uutteella. Elvytt\u00e4v\u00e4 vaikutus. Hell\u00e4varainen puhdistus.","breadcrumb":{"@id":"https:\/\/eettinenluksus.fi\/shop\/tuote\/bambu-tuoksuva-pesusieni-bambusta\/#breadcrumb"},"inLanguage":"en-GB","potentialAction":[{"@type":"ReadAction","target":["https:\/\/eettinenluksus.fi\/shop\/tuote\/bambu-tuoksuva-pesusieni-bambusta\/"]}]},{"@type":"ImageObject","inLanguage":"en-GB","@id":"https:\/\/eettinenluksus.fi\/shop\/tuote\/bambu-tuoksuva-pesusieni-bambusta\/#primaryimage","url":"https:\/\/eettinenluksus.fi\/shop\/wp-content\/uploads\/sites\/4\/1726\/29\/Bambu-pesusieni-nelio.jpg","contentUrl":"https:\/\/eettinenluksus.fi\/shop\/wp-content\/uploads\/sites\/4\/1726\/29\/Bambu-pesusieni-nelio.jpg","width":1045,"height":1045,"caption":"Bambu pesusieni"},{"@type":"BreadcrumbList","@id":"https:\/\/eettinenluksus.fi\/shop\/tuote\/bambu-tuoksuva-pesusieni-bambusta\/#breadcrumb","itemListElement":[{"@type":"ListItem","position":1,"name":"Etusivu","item":"https:\/\/eettinenluksus.fi\/shop\/"},{"@type":"ListItem","position":2,"name":"Kauppa","item":"https:\/\/eettinenluksus.fi\/shop\/en\/kauppa\/"},{"@type":"ListItem","position":3,"name":"Bamb\u00f9 Tuoksuva pesusieni bambu-uutteella"}]},{"@type":"WebSite","@id":"https:\/\/eettinenluksus.fi\/shop\/#website","url":"https:\/\/eettinenluksus.fi\/shop\/","name":"Shop Eettinen Luksus","description":"Uusi verkkokauppa","publisher":{"@id":"https:\/\/eettinenluksus.fi\/shop\/#organization"},"potentialAction":[{"@type":"SearchAction","target":{"@type":"EntryPoint","urlTemplate":"https:\/\/eettinenluksus.fi\/shop\/?s={search_term_string}"},"query-input":{"@type":"PropertyValueSpecification","valueRequired":true,"valueName":"search_term_string"}}],"inLanguage":"en-GB"},{"@type":"Organization","@id":"https:\/\/eettinenluksus.fi\/shop\/#organization","name":"Shop Eettinen Luksus","url":"https:\/\/eettinenluksus.fi\/shop\/","logo":{"@type":"ImageObject","inLanguage":"en-GB","@id":"https:\/\/eettinenluksus.fi\/shop\/#\/schema\/logo\/image\/","url":"https:\/\/eettinenluksus.fi\/shop\/wp-content\/uploads\/sites\/4\/1664\/37\/cropped-ELO.jpg","contentUrl":"https:\/\/eettinenluksus.fi\/shop\/wp-content\/uploads\/sites\/4\/1664\/37\/cropped-ELO.jpg","width":810,"height":350,"caption":"Shop Eettinen Luksus"},"image":{"@id":"https:\/\/eettinenluksus.fi\/shop\/#\/schema\/logo\/image\/"},"sameAs":["https:\/\/www.facebook.com\/eettinenluksus","https:\/\/www.instagram.com\/eettinenluksus\/"]}]},"product_price_amount":"5.40","product_price_currency":"EUR","og_availability":"instock","product_availability":"instock","product_retailer_item_id":"4850EET","product_condition":"new"},"_links":{"self":[{"href":"https:\/\/eettinenluksus.fi\/shop\/en\/wp-json\/wp\/v2\/product\/179","targetHints":{"allow":["GET"]}}],"collection":[{"href":"https:\/\/eettinenluksus.fi\/shop\/en\/wp-json\/wp\/v2\/product"}],"about":[{"href":"https:\/\/eettinenluksus.fi\/shop\/en\/wp-json\/wp\/v2\/types\/product"}],"version-history":[{"count":10,"href":"https:\/\/eettinenluksus.fi\/shop\/en\/wp-json\/wp\/v2\/product\/179\/revisions"}],"predecessor-version":[{"id":2765,"href":"https:\/\/eettinenluksus.fi\/shop\/en\/wp-json\/wp\/v2\/product\/179\/revisions\/2765"}],"wp:featuredmedia":[{"embeddable":true,"href":"https:\/\/eettinenluksus.fi\/shop\/en\/wp-json\/wp\/v2\/media\/4115"}],"wp:attachment":[{"href":"https:\/\/eettinenluksus.fi\/shop\/en\/wp-json\/wp\/v2\/media?parent=179"}],"wp:term":[{"taxonomy":"product_brand","embeddable":true,"href":"https:\/\/eettinenluksus.fi\/shop\/en\/wp-json\/wp\/v2\/product_brand?post=179"},{"taxonomy":"product_cat","embeddable":true,"href":"https:\/\/eettinenluksus.fi\/shop\/en\/wp-json\/wp\/v2\/product_cat?post=179"},{"taxonomy":"product_tag","embeddable":true,"href":"https:\/\/eettinenluksus.fi\/shop\/en\/wp-json\/wp\/v2\/product_tag?post=179"}],"curies":[{"name":"wp","href":"https:\/\/api.w.org\/{rel}","templated":true}]}}