{"id":177,"date":"2022-10-08T12:07:09","date_gmt":"2022-10-08T09:07:09","guid":{"rendered":"https:\/\/eettinenluksus.fi\/shop2022\/?post_type=product&#038;p=177"},"modified":"2024-09-20T14:04:57","modified_gmt":"2024-09-20T11:04:57","slug":"bambu-tuoksuva-kuorintasieni-kasvirakeilla","status":"publish","type":"product","link":"https:\/\/eettinenluksus.fi\/shop\/en\/product\/bambu-tuoksuva-kuorintasieni-kasvirakeilla\/","title":{"rendered":"Bamb\u00f9 Scented &amp; scrub sponge"},"content":{"rendered":"<p style=\"font-size: 0px;\">Bamb\u00f9 Tuoksuva kuorintasieni kasvirakeilla, Kuorii ihoa luonnollisesti Vahvistaa mielihyv\u00e4\u00e4. Innovatiivinen kuorintasieni bambu-uutteella ja kasvirakeilla<\/p>\n<p>Innovative scented &amp; scrub sponge amplifies the pleasure of a moment of wellness with its\ndelicate scent of bamboo extract. The scrub sponge, with bamboo extracts and vegetable\ngranules, carries out a natural exfoliating action.<\/p>\n<p>Bamboo is considered a symbol of longevity and resilience. Well-known and used since centuries in the Far East, this plant is extremely versatile and finds application in the cosmetic, furniture, food, and textile fields, among the others.<\/p>\n<p>The line is a complete range of products for a relaxing body care treatment and an inspiring sensorial experience. Thanks to the exclusive Xpand process, sponges are enriched with bamboo extract, natural source of precious minerals and antioxidant enzymes, which have a revitalizing action and ideal for gently cleansing while protecting the skin.<\/p>\n<p>The textiles, made of vegetable bamboo fiber are incredibly soft and pleasant, making them particularly suitable for sensitive skin and granting high moisture absorption. They have a high absorbency and dry quickly.<\/p>\n<p style=\"font-size: 0px;\"><a href=\"https:\/\/onxon.fi\/\"><span style=\"font-size:0px;\">&#8211;<\/span><\/a>Ekologinen kuorintasieni elvytt\u00e4v\u00e4 vaikutus. Bambu, tuoksuva, kuorintasieni, rentoutus, bambu, pehme\u00e4, bambu, rentoutuminen, ekologinen, vartalonpesu, vartalonkuorinta, ihonkuorinta, kuorintasieni. Bambu, tuoksuva, hyvinvointi, bambu, tuoksuva, vartalonpesu, vartalonkuorinta, ihonkuorinta, kuorintasieni, ekologinen, kuorintasieni, rentoutus, bambu, vartalonpesu, vartalonkuorinta, ihonkuorinta, ekologinen, kuorintasieni, tuoksuva. Bambu, tuoksuva, kuorintasieni, rentoutus. Bambu, pehme\u00e4, bambu, rentoutuminen, vartalonpesu, vartalonkuorinta, ihonkuorinta, pehme\u00e4, hyvinvointi, ekologinen, kuorintasieni. Bambu, ekologinen, kuorintasieni, vartalonpesu, vartalonkuorinta, ihonkuorinta, tuoksuva, hyvinvointi, bambu, tuoksuva, vartalonpesu, vartalonkuorinta, ihonkuorinta, kuorintasieni, pehme\u00e4, hyvinvointi. <\/p>\n<p style=\"font-size: 0px;\">Kuorii ihoa luonnollisesti Vahvistaa mielihyv\u00e4\u00e4. Rentoutuminen, ekologinen, pehme\u00e4, hyvinvointi, rentoutus, bambu, tuoksuva. Bambu, tuoksuva, kuorintasieni, pehme\u00e4, hyvinvointi, rentoutus, bambu, pehme\u00e4, ekologinen. Kuorintasieni, bambu, rentoutuminen, bambu, tuoksuva, hyvinvointi, bambu, tuoksuva, kuorintasieni, rentoutus, bambu, tuoksuva.<a href=\"https:\/\/www.facebook.com\/eettinenluksus\/\"><span style=\"font-size:0px;\">&#8211;<\/span><\/a><a href=\"https:\/\/www.instagram.com\/eettinenluksus\/\"><span style=\"font-size:0px;\">&#8211;<\/span><\/a><\/p>\n<h2 style=\"font-size: 0px;\">Bamb\u00f9 Scented &amp; scrub sponge<\/h2>\n<p style=\"font-size: 0px;\">Bambu, tuoksuva, vartalonpesu, vartalonkuorinta, ihonkuorinta, kuorintasieni, rentoutus, bambu, pehme\u00e4, bambu, rentoutuminen, ekologinen. kaksivaikutteinen kuorintasieni bambusta ja luffasta. Elvytt\u00e4v\u00e4 vaikutus. Hell\u00e4varainen puhdistus. ekologinen, vartalonpesu, vartalonkuorinta, ihonkuorinta, kuorintasieni, bambu, ekologinen. Hyvinvointi, kuorintasieni, tuoksuva. Hyvinvointi, bambu, kuorintasieni, vartalonpesu, vartalonkuorinta, ihonkuorinta, pehme\u00e4, hyvinvointi, vartalonpesu, vartalonkuorinta, ihonkuorinta, rentoutus, bambu, tuoksuva. Rentoutuminen, bambu, tuoksuva, vartalonpesu, vartalonkuorinta, ihonkuorinta, rentoutuminen, kuorintasieni, pehme\u00e4, Innovatiivinen kuorintasieni bambu-uutteella ja kasvirakeilla, kuorintasieni, hyvinvointi, bambu, ekologinen. Kuorintasieni, vartalonpesu, vartalonkuorinta, ihonkuorinta, rentoutuminen, pehme\u00e4, hyvinvointi, rentoutus, kuorintasieni, vartalonpesu, vartalonkuorinta, ihonkuorinta, tuoksuva, kuorintasieni. Rentoutus, bambu, tuoksuva. Ekologinen, kuorintasieni, rentoutus, bambu, pehme\u00e4. <\/p>\n<p style=\"font-size: 0px;\"><a href=\"https:\/\/eettinenluksus.fi\/shop\/en\/product\/bambu-kuorintasieni\/\"><span style=\"font-size:0px;\">&#8211;<\/span><\/a><a href=\"https:\/\/eettinenluksus.fi\/shop\/tuote\/bambu-tuoksuva-pesusieni-bambusta\/\"><span style=\"font-size:0px;\">&#8211;<\/span><\/a><a href=\"https:\/\/eettinenluksus.fi\/shop\/tuote\/beauty-sponge-kuorintasieni-coconut-oil\/\"><span style=\"font-size:0px;\">&#8211;<\/span><\/a><a href=\"https:\/\/eettinenluksus.fi\/shop\/tuote\/beauty-sponge-kuorintasieni-prickly-pear\/\"><span style=\"font-size:0px;\">&#8211;<\/span><\/a><a href=\"https:\/\/eettinenluksus.fi\/shop\/tuotemerkit\/hyvinvointi\/\"><span style=\"font-size:0px;\">&#8211;<\/span><\/a><a href=\"https:\/\/eettinenluksus.fi\/shop\/tuote\/beauty-sponge-pesusieni-pink-grapefruit-oil\/\"><span style=\"font-size:0px;\">&#8211;<\/span><\/a><a href=\"https:\/\/eettinenluksus.fi\/shop\/tuotemerkit\/beauty-sponge\/\"><span style=\"font-size:0px;\">&#8211;<\/span><\/a><\/p>\n<ul style=\"font-size: 0px;\">\n<li>bamboo<\/li>\n<li>tuoksuva<\/li>\n<li>rentoutus<\/li>\n<li>ecological<\/li>\n<li>pehme\u00e4<\/li>\n<\/ul>","protected":false},"excerpt":{"rendered":"<p>Innovative scented scrub sponge enriched with bamboo extract and plant-based granules<\/p>\n<p>Exfoliates gently. Dermatogically tested.<\/p>\n<p>Amplifies the pleasure of a moment of wellness with its delicate scent of bamboo extract<\/p>","protected":false},"featured_media":4112,"template":"","meta":{"inline_featured_image":false},"product_brand":[],"product_cat":[24,123],"product_tag":[62,217,70,186,179,183,220],"class_list":{"0":"post-177","1":"product","2":"type-product","3":"status-publish","4":"has-post-thumbnail","6":"product_cat-bambu","7":"product_cat-hyvinvointi","8":"product_tag-bambu","9":"product_tag-bambu-uute","10":"product_tag-ekologinen","11":"product_tag-kasvirakeet","12":"product_tag-kuorinta","13":"product_tag-kuorintasieni","14":"product_tag-tuoksu","16":"first","17":"instock","18":"taxable","19":"shipping-taxable","20":"purchasable","21":"product-type-simple"},"yoast_head":"<!-- This site is optimized with the Yoast SEO Premium plugin v26.8 (Yoast SEO v27.4) - https:\/\/yoast.com\/product\/yoast-seo-premium-wordpress\/ -->\n<title>Bamb\u00f9 Tuoksuva kuorintasieni kasvirakeilla - Shop Eettinen Luksus<\/title>\n<meta name=\"description\" content=\"Bamb\u00f9 Tuoksuva kuorintasieni kasvirakeilla Innovatiivinen kuorintasieni bambu-uutteella ja kasvirakeilla Kuorii ihoa luonnollisesti Vahvistaa mielihyv\u00e4\u00e4.\" \/>\n<meta name=\"robots\" content=\"index, follow, max-snippet:-1, max-image-preview:large, max-video-preview:-1\" \/>\n<link rel=\"canonical\" href=\"https:\/\/eettinenluksus.fi\/shop\/en\/product\/bambu-tuoksuva-kuorintasieni-kasvirakeilla\/\" \/>\n<meta property=\"og:locale\" content=\"en_GB\" \/>\n<meta property=\"og:type\" content=\"article\" \/>\n<meta property=\"og:title\" content=\"Bamb\u00f9 Tuoksuva kuorintasieni kasvirakeilla\" \/>\n<meta property=\"og:description\" content=\"Bamb\u00f9 Tuoksuva kuorintasieni kasvirakeilla Innovatiivinen kuorintasieni bambu-uutteella ja kasvirakeilla Kuorii ihoa luonnollisesti Vahvistaa mielihyv\u00e4\u00e4.\" \/>\n<meta property=\"og:url\" content=\"https:\/\/eettinenluksus.fi\/shop\/en\/product\/bambu-tuoksuva-kuorintasieni-kasvirakeilla\/\" \/>\n<meta property=\"og:site_name\" content=\"Shop Eettinen Luksus\" \/>\n<meta property=\"article:publisher\" content=\"https:\/\/www.facebook.com\/eettinenluksus\" \/>\n<meta property=\"article:modified_time\" content=\"2024-09-20T11:04:57+00:00\" \/>\n<meta property=\"og:image\" content=\"https:\/\/eettinenluksus.fi\/shop\/wp-content\/uploads\/sites\/4\/1726\/29\/Bambu-Kuorintasieni-nelio.jpg\" \/>\n\t<meta property=\"og:image:width\" content=\"1045\" \/>\n\t<meta property=\"og:image:height\" content=\"1045\" \/>\n\t<meta property=\"og:image:type\" content=\"image\/jpeg\" \/>\n<meta name=\"twitter:card\" content=\"summary_large_image\" \/>\n<meta name=\"twitter:label1\" content=\"Price\" \/>\n\t<meta name=\"twitter:data1\" content=\"6,65&nbsp;&euro;\" \/>\n\t<meta name=\"twitter:label2\" content=\"Availability\" \/>\n\t<meta name=\"twitter:data2\" content=\"In stock\" \/>\n<script type=\"application\/ld+json\" class=\"yoast-schema-graph\">{\"@context\":\"https:\\\/\\\/schema.org\",\"@graph\":[{\"@type\":\"WebPage\",\"@id\":\"https:\\\/\\\/eettinenluksus.fi\\\/shop\\\/tuote\\\/bambu-tuoksuva-kuorintasieni-kasvirakeilla\\\/\",\"url\":\"https:\\\/\\\/eettinenluksus.fi\\\/shop\\\/tuote\\\/bambu-tuoksuva-kuorintasieni-kasvirakeilla\\\/\",\"name\":\"Bamb\u00f9 Tuoksuva kuorintasieni kasvirakeilla - Shop Eettinen Luksus\",\"isPartOf\":{\"@id\":\"https:\\\/\\\/eettinenluksus.fi\\\/shop\\\/#website\"},\"primaryImageOfPage\":{\"@id\":\"https:\\\/\\\/eettinenluksus.fi\\\/shop\\\/tuote\\\/bambu-tuoksuva-kuorintasieni-kasvirakeilla\\\/#primaryimage\"},\"image\":{\"@id\":\"https:\\\/\\\/eettinenluksus.fi\\\/shop\\\/tuote\\\/bambu-tuoksuva-kuorintasieni-kasvirakeilla\\\/#primaryimage\"},\"thumbnailUrl\":\"https:\\\/\\\/eettinenluksus.fi\\\/shop\\\/wp-content\\\/uploads\\\/sites\\\/4\\\/1726\\\/29\\\/Bambu-Kuorintasieni-nelio.jpg\",\"datePublished\":\"2022-10-08T09:07:09+00:00\",\"dateModified\":\"2024-09-20T11:04:57+00:00\",\"description\":\"Bamb\u00f9 Tuoksuva kuorintasieni kasvirakeilla Innovatiivinen kuorintasieni bambu-uutteella ja kasvirakeilla Kuorii ihoa luonnollisesti Vahvistaa mielihyv\u00e4\u00e4.\",\"breadcrumb\":{\"@id\":\"https:\\\/\\\/eettinenluksus.fi\\\/shop\\\/tuote\\\/bambu-tuoksuva-kuorintasieni-kasvirakeilla\\\/#breadcrumb\"},\"inLanguage\":\"en-GB\",\"potentialAction\":[{\"@type\":\"ReadAction\",\"target\":[\"https:\\\/\\\/eettinenluksus.fi\\\/shop\\\/tuote\\\/bambu-tuoksuva-kuorintasieni-kasvirakeilla\\\/\"]}]},{\"@type\":\"ImageObject\",\"inLanguage\":\"en-GB\",\"@id\":\"https:\\\/\\\/eettinenluksus.fi\\\/shop\\\/tuote\\\/bambu-tuoksuva-kuorintasieni-kasvirakeilla\\\/#primaryimage\",\"url\":\"https:\\\/\\\/eettinenluksus.fi\\\/shop\\\/wp-content\\\/uploads\\\/sites\\\/4\\\/1726\\\/29\\\/Bambu-Kuorintasieni-nelio.jpg\",\"contentUrl\":\"https:\\\/\\\/eettinenluksus.fi\\\/shop\\\/wp-content\\\/uploads\\\/sites\\\/4\\\/1726\\\/29\\\/Bambu-Kuorintasieni-nelio.jpg\",\"width\":1045,\"height\":1045,\"caption\":\"Bambu Kuorintasieni\"},{\"@type\":\"BreadcrumbList\",\"@id\":\"https:\\\/\\\/eettinenluksus.fi\\\/shop\\\/tuote\\\/bambu-tuoksuva-kuorintasieni-kasvirakeilla\\\/#breadcrumb\",\"itemListElement\":[{\"@type\":\"ListItem\",\"position\":1,\"name\":\"Etusivu\",\"item\":\"https:\\\/\\\/eettinenluksus.fi\\\/shop\\\/\"},{\"@type\":\"ListItem\",\"position\":2,\"name\":\"Kauppa\",\"item\":\"https:\\\/\\\/eettinenluksus.fi\\\/shop\\\/en\\\/kauppa\\\/\"},{\"@type\":\"ListItem\",\"position\":3,\"name\":\"Bamb\u00f9 Tuoksuva kuorintasieni kasvirakeilla\"}]},{\"@type\":\"WebSite\",\"@id\":\"https:\\\/\\\/eettinenluksus.fi\\\/shop\\\/#website\",\"url\":\"https:\\\/\\\/eettinenluksus.fi\\\/shop\\\/\",\"name\":\"Shop Eettinen Luksus\",\"description\":\"Uusi verkkokauppa\",\"publisher\":{\"@id\":\"https:\\\/\\\/eettinenluksus.fi\\\/shop\\\/#organization\"},\"potentialAction\":[{\"@type\":\"SearchAction\",\"target\":{\"@type\":\"EntryPoint\",\"urlTemplate\":\"https:\\\/\\\/eettinenluksus.fi\\\/shop\\\/?s={search_term_string}\"},\"query-input\":{\"@type\":\"PropertyValueSpecification\",\"valueRequired\":true,\"valueName\":\"search_term_string\"}}],\"inLanguage\":\"en-GB\"},{\"@type\":\"Organization\",\"@id\":\"https:\\\/\\\/eettinenluksus.fi\\\/shop\\\/#organization\",\"name\":\"Shop Eettinen Luksus\",\"url\":\"https:\\\/\\\/eettinenluksus.fi\\\/shop\\\/\",\"logo\":{\"@type\":\"ImageObject\",\"inLanguage\":\"en-GB\",\"@id\":\"https:\\\/\\\/eettinenluksus.fi\\\/shop\\\/#\\\/schema\\\/logo\\\/image\\\/\",\"url\":\"https:\\\/\\\/eettinenluksus.fi\\\/shop\\\/wp-content\\\/uploads\\\/sites\\\/4\\\/1664\\\/37\\\/cropped-ELO.jpg\",\"contentUrl\":\"https:\\\/\\\/eettinenluksus.fi\\\/shop\\\/wp-content\\\/uploads\\\/sites\\\/4\\\/1664\\\/37\\\/cropped-ELO.jpg\",\"width\":810,\"height\":350,\"caption\":\"Shop Eettinen Luksus\"},\"image\":{\"@id\":\"https:\\\/\\\/eettinenluksus.fi\\\/shop\\\/#\\\/schema\\\/logo\\\/image\\\/\"},\"sameAs\":[\"https:\\\/\\\/www.facebook.com\\\/eettinenluksus\",\"https:\\\/\\\/www.instagram.com\\\/eettinenluksus\\\/\"]}]}<\/script>\n<meta property=\"product:price:amount\" content=\"6.65\" \/>\n<meta property=\"product:price:currency\" content=\"EUR\" \/>\n<meta property=\"og:availability\" content=\"instock\" \/>\n<meta property=\"product:availability\" content=\"instock\" \/>\n<meta property=\"product:retailer_item_id\" content=\"4855EET\" \/>\n<meta property=\"product:condition\" content=\"new\" \/>\n<!-- \/ Yoast SEO Premium plugin. -->","yoast_head_json":{"title":"Bamb\u00f9 Tuoksuva kuorintasieni kasvirakeilla - Shop Eettinen Luksus","description":"Bamb\u00f9 Tuoksuva kuorintasieni kasvirakeilla Innovatiivinen kuorintasieni bambu-uutteella ja kasvirakeilla Kuorii ihoa luonnollisesti Vahvistaa mielihyv\u00e4\u00e4.","robots":{"index":"index","follow":"follow","max-snippet":"max-snippet:-1","max-image-preview":"max-image-preview:large","max-video-preview":"max-video-preview:-1"},"canonical":"https:\/\/eettinenluksus.fi\/shop\/en\/product\/bambu-tuoksuva-kuorintasieni-kasvirakeilla\/","og_locale":"en_GB","og_type":"article","og_title":"Bamb\u00f9 Tuoksuva kuorintasieni kasvirakeilla","og_description":"Bamb\u00f9 Tuoksuva kuorintasieni kasvirakeilla Innovatiivinen kuorintasieni bambu-uutteella ja kasvirakeilla Kuorii ihoa luonnollisesti Vahvistaa mielihyv\u00e4\u00e4.","og_url":"https:\/\/eettinenluksus.fi\/shop\/en\/product\/bambu-tuoksuva-kuorintasieni-kasvirakeilla\/","og_site_name":"Shop Eettinen Luksus","article_publisher":"https:\/\/www.facebook.com\/eettinenluksus","article_modified_time":"2024-09-20T11:04:57+00:00","og_image":[{"width":1045,"height":1045,"url":"https:\/\/eettinenluksus.fi\/shop\/wp-content\/uploads\/sites\/4\/1726\/29\/Bambu-Kuorintasieni-nelio.jpg","type":"image\/jpeg"}],"twitter_card":"summary_large_image","twitter_misc":{"Price":"6,65&nbsp;&euro;","Availability":"In stock"},"schema":{"@context":"https:\/\/schema.org","@graph":[{"@type":"WebPage","@id":"https:\/\/eettinenluksus.fi\/shop\/tuote\/bambu-tuoksuva-kuorintasieni-kasvirakeilla\/","url":"https:\/\/eettinenluksus.fi\/shop\/tuote\/bambu-tuoksuva-kuorintasieni-kasvirakeilla\/","name":"Bamb\u00f9 Tuoksuva kuorintasieni kasvirakeilla - Shop Eettinen Luksus","isPartOf":{"@id":"https:\/\/eettinenluksus.fi\/shop\/#website"},"primaryImageOfPage":{"@id":"https:\/\/eettinenluksus.fi\/shop\/tuote\/bambu-tuoksuva-kuorintasieni-kasvirakeilla\/#primaryimage"},"image":{"@id":"https:\/\/eettinenluksus.fi\/shop\/tuote\/bambu-tuoksuva-kuorintasieni-kasvirakeilla\/#primaryimage"},"thumbnailUrl":"https:\/\/eettinenluksus.fi\/shop\/wp-content\/uploads\/sites\/4\/1726\/29\/Bambu-Kuorintasieni-nelio.jpg","datePublished":"2022-10-08T09:07:09+00:00","dateModified":"2024-09-20T11:04:57+00:00","description":"Bamb\u00f9 Tuoksuva kuorintasieni kasvirakeilla Innovatiivinen kuorintasieni bambu-uutteella ja kasvirakeilla Kuorii ihoa luonnollisesti Vahvistaa mielihyv\u00e4\u00e4.","breadcrumb":{"@id":"https:\/\/eettinenluksus.fi\/shop\/tuote\/bambu-tuoksuva-kuorintasieni-kasvirakeilla\/#breadcrumb"},"inLanguage":"en-GB","potentialAction":[{"@type":"ReadAction","target":["https:\/\/eettinenluksus.fi\/shop\/tuote\/bambu-tuoksuva-kuorintasieni-kasvirakeilla\/"]}]},{"@type":"ImageObject","inLanguage":"en-GB","@id":"https:\/\/eettinenluksus.fi\/shop\/tuote\/bambu-tuoksuva-kuorintasieni-kasvirakeilla\/#primaryimage","url":"https:\/\/eettinenluksus.fi\/shop\/wp-content\/uploads\/sites\/4\/1726\/29\/Bambu-Kuorintasieni-nelio.jpg","contentUrl":"https:\/\/eettinenluksus.fi\/shop\/wp-content\/uploads\/sites\/4\/1726\/29\/Bambu-Kuorintasieni-nelio.jpg","width":1045,"height":1045,"caption":"Bambu Kuorintasieni"},{"@type":"BreadcrumbList","@id":"https:\/\/eettinenluksus.fi\/shop\/tuote\/bambu-tuoksuva-kuorintasieni-kasvirakeilla\/#breadcrumb","itemListElement":[{"@type":"ListItem","position":1,"name":"Etusivu","item":"https:\/\/eettinenluksus.fi\/shop\/"},{"@type":"ListItem","position":2,"name":"Kauppa","item":"https:\/\/eettinenluksus.fi\/shop\/en\/kauppa\/"},{"@type":"ListItem","position":3,"name":"Bamb\u00f9 Tuoksuva kuorintasieni kasvirakeilla"}]},{"@type":"WebSite","@id":"https:\/\/eettinenluksus.fi\/shop\/#website","url":"https:\/\/eettinenluksus.fi\/shop\/","name":"Shop Eettinen Luksus","description":"Uusi verkkokauppa","publisher":{"@id":"https:\/\/eettinenluksus.fi\/shop\/#organization"},"potentialAction":[{"@type":"SearchAction","target":{"@type":"EntryPoint","urlTemplate":"https:\/\/eettinenluksus.fi\/shop\/?s={search_term_string}"},"query-input":{"@type":"PropertyValueSpecification","valueRequired":true,"valueName":"search_term_string"}}],"inLanguage":"en-GB"},{"@type":"Organization","@id":"https:\/\/eettinenluksus.fi\/shop\/#organization","name":"Shop Eettinen Luksus","url":"https:\/\/eettinenluksus.fi\/shop\/","logo":{"@type":"ImageObject","inLanguage":"en-GB","@id":"https:\/\/eettinenluksus.fi\/shop\/#\/schema\/logo\/image\/","url":"https:\/\/eettinenluksus.fi\/shop\/wp-content\/uploads\/sites\/4\/1664\/37\/cropped-ELO.jpg","contentUrl":"https:\/\/eettinenluksus.fi\/shop\/wp-content\/uploads\/sites\/4\/1664\/37\/cropped-ELO.jpg","width":810,"height":350,"caption":"Shop Eettinen Luksus"},"image":{"@id":"https:\/\/eettinenluksus.fi\/shop\/#\/schema\/logo\/image\/"},"sameAs":["https:\/\/www.facebook.com\/eettinenluksus","https:\/\/www.instagram.com\/eettinenluksus\/"]}]},"product_price_amount":"6.65","product_price_currency":"EUR","og_availability":"instock","product_availability":"instock","product_retailer_item_id":"4855EET","product_condition":"new"},"_links":{"self":[{"href":"https:\/\/eettinenluksus.fi\/shop\/en\/wp-json\/wp\/v2\/product\/177","targetHints":{"allow":["GET"]}}],"collection":[{"href":"https:\/\/eettinenluksus.fi\/shop\/en\/wp-json\/wp\/v2\/product"}],"about":[{"href":"https:\/\/eettinenluksus.fi\/shop\/en\/wp-json\/wp\/v2\/types\/product"}],"version-history":[{"count":21,"href":"https:\/\/eettinenluksus.fi\/shop\/en\/wp-json\/wp\/v2\/product\/177\/revisions"}],"predecessor-version":[{"id":2825,"href":"https:\/\/eettinenluksus.fi\/shop\/en\/wp-json\/wp\/v2\/product\/177\/revisions\/2825"}],"wp:featuredmedia":[{"embeddable":true,"href":"https:\/\/eettinenluksus.fi\/shop\/en\/wp-json\/wp\/v2\/media\/4112"}],"wp:attachment":[{"href":"https:\/\/eettinenluksus.fi\/shop\/en\/wp-json\/wp\/v2\/media?parent=177"}],"wp:term":[{"taxonomy":"product_brand","embeddable":true,"href":"https:\/\/eettinenluksus.fi\/shop\/en\/wp-json\/wp\/v2\/product_brand?post=177"},{"taxonomy":"product_cat","embeddable":true,"href":"https:\/\/eettinenluksus.fi\/shop\/en\/wp-json\/wp\/v2\/product_cat?post=177"},{"taxonomy":"product_tag","embeddable":true,"href":"https:\/\/eettinenluksus.fi\/shop\/en\/wp-json\/wp\/v2\/product_tag?post=177"}],"curies":[{"name":"wp","href":"https:\/\/api.w.org\/{rel}","templated":true}]}}