{"id":168,"date":"2022-10-05T11:45:44","date_gmt":"2022-10-05T08:45:44","guid":{"rendered":"https:\/\/eettinenluksus.fi\/shop2022\/?post_type=product&#038;p=168"},"modified":"2025-03-14T11:09:36","modified_gmt":"2025-03-14T09:09:36","slug":"method-astianpesuaine-peach-pink-pepper-paketti","status":"publish","type":"product","link":"https:\/\/eettinenluksus.fi\/shop\/en\/product\/method-astianpesuaine-peach-pink-pepper-paketti\/","title":{"rendered":"Method Washing Up Liquid Peach &amp; Pink pepper set"},"content":{"rendered":"<p style=\"font-size: 0px;\">method astianpesuaine peach&amp;pink -paketti, kasvipohjaiset vegaaniyst\u00e4v\u00e4lliset biohajoavat aineosat, Samettinen persikka ja mustaherukka, t\u00e4ytt\u00f6 pakkaus 1000 ml<\/p>\n<p>Method Washing Up Liquid Peach &amp; Pink pepper set includes<\/p>\n<ul>\n<li>Method Washing Up Liquid Peach &amp; Pink pepper 532ml<\/li>\n<li>Method Astianpesuaine Peach&amp; Pink pepper T\u00c4YTT\u00d6 1000ml<\/li>\n<\/ul>\n<p>Ecological washing up. It\u2019s a bit of sass for the side of your sink. Who knew recycled plastic could be so dishy. With powerful plant-based cleaners + biodegradable ingredients it leaves your dishes dazzling and your pots spotless. Simply pump twice onto a sponge or straight into the sink. stand back. admire.<\/p>\n<p>Refill bottle helps to save the natural resources of our planet. Enough to refill 2x. That's twice as nice.<\/p>\n<p>Tuoksuna Peach &amp; Pink Pepper &#8211; samettinen persikka + hienostunut mustaherukka tuoksuvat pehme\u00e4sti. Roseepippurin pilkahdus saattaa kuitenkin yll\u00e4tt\u00e4\u00e4.<\/p>\n<ul>\n<li>Not tested on animals<\/li>\n<li>Leaping Bunny certificate<\/li>\n<\/ul>\n<p style=\"font-size: 0px;\"><a href=\"https:\/\/onxon.fi\/\"><span style=\"font-size: 0px;\">&#8211;<\/span><\/a>ekologinen tiskiaine, peach &amp; pink pepper, ekologinen astianpesu, tiskiaine, peach &amp; pink pepper, astianpesuaine, ekologinen, ymp\u00e4rist\u00f6yst\u00e4v\u00e4llinen, tiskiaine, ymp\u00e4rist\u00f6yst\u00e4v\u00e4llinen, tiskiaine, ymp\u00e4rist\u00f6yst\u00e4v\u00e4llinen, tiskaus. Tiskiaine, ymp\u00e4rist\u00f6yst\u00e4v\u00e4llinen, ekologinen astianpesuaine, tiskiaine, ekologinen tiskiaine, peach &amp; pink pepper astianpesuaine. Ekologinen tiskiaine, peach &amp; pink pepper, ekologinen astianpesu, astianpesuaine, tiskiaine, ymp\u00e4rist\u00f6yst\u00e4v\u00e4llinen, peach &amp; pink pepper, astianpesuaine, ekologinen, ymp\u00e4rist\u00f6yst\u00e4v\u00e4llinen, tiskaus. Tiskiaine, tiskiaine, ymp\u00e4rist\u00f6yst\u00e4v\u00e4llinen, ekologinen astianpesuaine, ekologinen tiskiaine, tiskiaine, ymp\u00e4rist\u00f6yst\u00e4v\u00e4llinen, ymp\u00e4rist\u00f6yst\u00e4v\u00e4llinen, astianpesuaine, peach &amp; pink pepper astianpesuaine. Ekologinen tiskiaine, peach &amp; pink pepper, ekologinen astianpesu, ymp\u00e4rist\u00f6yst\u00e4v\u00e4llinen, peach &amp; pink pepper, astianpesuaine, ekologinen, t\u00e4ytt\u00f6 pakkaus 1000 ml, ymp\u00e4rist\u00f6yst\u00e4v\u00e4llinen, tiskaus. Tiskiaine, ymp\u00e4rist\u00f6yst\u00e4v\u00e4llinen, ekologinen astianpesuaine, ekologinen tiskiaine, peach &amp; pink pepper astianpesuaine. Eettinen, ymp\u00e4rist\u00f6yst\u00e4v\u00e4llinen, astianpesuaine, esteettinen, peach &amp; pink pepper, ekologinen.<a href=\"https:\/\/www.facebook.com\/eettinenluksus\/\"><span style=\"font-size: 0px;\">&#8211;<\/span><\/a><a href=\"https:\/\/www.instagram.com\/method_fi\/\"><span style=\"font-size: 0px;\">&#8211;<\/span><\/a><\/p>\n<h2 style=\"font-size: 0px;\">method astianpesuaine peach&amp;pink -paketti<\/h2>\n<p style=\"font-size: 0px;\">ekologinen tiskiaine, ekologinen astianpesu, astianpesuaine, ekologinen, tiskaus.<\/p>\n<ul style=\"font-size: 0px;\">\n<li>ecological<\/li>\n<li>washing up liquid<\/li>\n<li>ekologinen puhdistus<\/li>\n<li>tiskiaine<\/li>\n<\/ul>\n<p style=\"font-size: 0px;\">Tiskiaine, ymp\u00e4rist\u00f6yst\u00e4v\u00e4llinen, ekologinen astianpesuaine, ekologinen tiskiaine, tiskiaine, Samettinen persikka ja mustaherukka, ymp\u00e4rist\u00f6yst\u00e4v\u00e4llinen, astianpesuaine. Eettinen, ymp\u00e4rist\u00f6yst\u00e4v\u00e4llinen, astianpesuaine, esteettinen, ekologinen. Ekologinen tiskiaine, peach &amp; pink pepper, ekologinen astianpesu, peach &amp; pink pepper, astianpesuaine, ymp\u00e4rist\u00f6yst\u00e4v\u00e4llinen, ymp\u00e4rist\u00f6yst\u00e4v\u00e4llinen, ekologinen, ymp\u00e4rist\u00f6yst\u00e4v\u00e4llinen, ymp\u00e4rist\u00f6yst\u00e4v\u00e4llinen, tiskaus. Tiskiaine, ymp\u00e4rist\u00f6yst\u00e4v\u00e4llinen, astianpesuaine, tiskiaine, ekologinen astianpesuaine, ymp\u00e4rist\u00f6yst\u00e4v\u00e4llinen, ekologinen tiskiaine, astianpesuaine, peach &amp; pink pepper astianpesuaine. Ekologinen tiskiaine, ymp\u00e4rist\u00f6yst\u00e4v\u00e4llinen, tiskiaine, peach &amp; pink pepper, ekologinen astianpesu, peach &amp; pink pepper, astianpesuaine, ekologinen, ymp\u00e4rist\u00f6yst\u00e4v\u00e4llinen, ymp\u00e4rist\u00f6yst\u00e4v\u00e4llinen, tiskiaine, tiskaus. Tiskiaine, ekologinen astianpesuaine, ekologinen tiskiaine, ymp\u00e4rist\u00f6yst\u00e4v\u00e4llinen, tiskiaine, peach &amp; pink pepper astianpesuaine. <a style=\"font-size: 0px;\" href=\"https:\/\/eettinenluksus.fi\/shop\/tuote\/method-astianpesuaine-cool-coconut-water-532ml\/\">&#8211;<\/a><a href=\"https:\/\/eettinenluksus.fi\/shop\/tuote\/method-astianpesuaine-coconut-water-paketti\/\"><span style=\"font-size: 0px;\">&#8211;<\/span><\/a><a href=\"https:\/\/eettinenluksus.fi\/shop\/tuote\/method-astianpesuaine-peach-pink-pepper-532ml\/\"><span style=\"font-size: 0px;\">&#8211;<\/span><\/a><a href=\"https:\/\/eettinenluksus.fi\/shop\/en\/product\/method-astianpesuaine-peachpink-pepper-taytto-1000ml\/\"><span style=\"font-size: 0px;\">&#8211;<\/span><\/a><a href=\"https:\/\/eettinenluksus.fi\/shop\/tuote\/method-astianpesuaine-citrus-green-tea-532ml\/\"><span style=\"font-size: 0px;\">&#8211;<\/span><\/a><\/p>","protected":false},"excerpt":{"rendered":"<p>Product set includes:<\/p>\n<ul>\n<li>Method Washing Up Liquid Peach &amp; Pink pepper 532ml<\/li>\n<li>Method Washing Up Liquid Peach &amp; Pink pepper REFILL 1064ml<\/li>\n<\/ul>\n<p>Peach + pink pepper - velvety peaches + sophisticated black currants<\/p>","protected":false},"featured_media":4043,"template":"","meta":{"inline_featured_image":false},"product_brand":[],"product_cat":[48,17,26,56],"product_tag":[],"class_list":{"0":"post-168","1":"product","2":"type-product","3":"status-publish","4":"has-post-thumbnail","6":"product_cat-astianpesu","7":"product_cat-method","8":"product_cat-method-astianpesu","9":"product_cat-tuotepaketit","11":"first","12":"instock","13":"taxable","14":"shipping-taxable","15":"purchasable","16":"product-type-simple"},"yoast_head":"<!-- This site is optimized with the Yoast SEO Premium plugin v26.8 (Yoast SEO v27.4) - https:\/\/yoast.com\/product\/yoast-seo-premium-wordpress\/ -->\n<title>Method Astianpesuaine Peach&amp;Pink -paketti - Shop Eettinen Luksus<\/title>\n<meta name=\"description\" content=\"T\u00e4ytt\u00f6 pakkaus 1000 ml Kasvipohjaiset vegaaniyst\u00e4v\u00e4lliset biohajoavat aineosat Method astianpesuaine peach&amp;pink -paketti samettinen persikka + mustaherukka\" \/>\n<meta name=\"robots\" content=\"index, follow, max-snippet:-1, max-image-preview:large, max-video-preview:-1\" \/>\n<link rel=\"canonical\" href=\"https:\/\/eettinenluksus.fi\/shop\/en\/product\/method-astianpesuaine-peach-pink-pepper-paketti\/\" \/>\n<meta property=\"og:locale\" content=\"en_GB\" \/>\n<meta property=\"og:type\" content=\"article\" \/>\n<meta property=\"og:title\" content=\"Method Astianpesuaine Peach&amp;Pink -paketti\" \/>\n<meta property=\"og:description\" content=\"T\u00e4ytt\u00f6 pakkaus 1000 ml Kasvipohjaiset vegaaniyst\u00e4v\u00e4lliset biohajoavat aineosat Method astianpesuaine peach&amp;pink -paketti samettinen persikka + mustaherukka\" \/>\n<meta property=\"og:url\" content=\"https:\/\/eettinenluksus.fi\/shop\/en\/product\/method-astianpesuaine-peach-pink-pepper-paketti\/\" \/>\n<meta property=\"og:site_name\" content=\"Shop Eettinen Luksus\" \/>\n<meta property=\"article:publisher\" content=\"https:\/\/www.facebook.com\/eettinenluksus\" \/>\n<meta property=\"article:modified_time\" content=\"2025-03-14T09:09:36+00:00\" \/>\n<meta property=\"og:image\" content=\"https:\/\/eettinenluksus.fi\/shop\/wp-content\/uploads\/sites\/4\/1726\/16\/Astianpesuainepaketti-Peach-Pink-Pepper-nelio.jpg\" \/>\n\t<meta property=\"og:image:width\" content=\"2000\" \/>\n\t<meta property=\"og:image:height\" content=\"2000\" \/>\n\t<meta property=\"og:image:type\" content=\"image\/jpeg\" \/>\n<meta name=\"twitter:card\" content=\"summary_large_image\" \/>\n<meta name=\"twitter:label1\" content=\"Price\" \/>\n\t<meta name=\"twitter:data1\" content=\"18,00&nbsp;&euro;\" \/>\n\t<meta name=\"twitter:label2\" content=\"Availability\" \/>\n\t<meta name=\"twitter:data2\" content=\"In stock\" \/>\n<script type=\"application\/ld+json\" class=\"yoast-schema-graph\">{\"@context\":\"https:\\\/\\\/schema.org\",\"@graph\":[{\"@type\":\"WebPage\",\"@id\":\"https:\\\/\\\/eettinenluksus.fi\\\/shop\\\/tuote\\\/method-astianpesuaine-peach-pink-pepper-paketti\\\/\",\"url\":\"https:\\\/\\\/eettinenluksus.fi\\\/shop\\\/tuote\\\/method-astianpesuaine-peach-pink-pepper-paketti\\\/\",\"name\":\"Method Astianpesuaine Peach&Pink -paketti - Shop Eettinen Luksus\",\"isPartOf\":{\"@id\":\"https:\\\/\\\/eettinenluksus.fi\\\/shop\\\/#website\"},\"primaryImageOfPage\":{\"@id\":\"https:\\\/\\\/eettinenluksus.fi\\\/shop\\\/tuote\\\/method-astianpesuaine-peach-pink-pepper-paketti\\\/#primaryimage\"},\"image\":{\"@id\":\"https:\\\/\\\/eettinenluksus.fi\\\/shop\\\/tuote\\\/method-astianpesuaine-peach-pink-pepper-paketti\\\/#primaryimage\"},\"thumbnailUrl\":\"https:\\\/\\\/eettinenluksus.fi\\\/shop\\\/wp-content\\\/uploads\\\/sites\\\/4\\\/1726\\\/16\\\/Astianpesuainepaketti-Peach-Pink-Pepper-nelio.jpg\",\"datePublished\":\"2022-10-05T08:45:44+00:00\",\"dateModified\":\"2025-03-14T09:09:36+00:00\",\"description\":\"T\u00e4ytt\u00f6 pakkaus 1000 ml Kasvipohjaiset vegaaniyst\u00e4v\u00e4lliset biohajoavat aineosat Method astianpesuaine peach&pink -paketti samettinen persikka + mustaherukka\",\"breadcrumb\":{\"@id\":\"https:\\\/\\\/eettinenluksus.fi\\\/shop\\\/tuote\\\/method-astianpesuaine-peach-pink-pepper-paketti\\\/#breadcrumb\"},\"inLanguage\":\"en-GB\",\"potentialAction\":[{\"@type\":\"ReadAction\",\"target\":[\"https:\\\/\\\/eettinenluksus.fi\\\/shop\\\/tuote\\\/method-astianpesuaine-peach-pink-pepper-paketti\\\/\"]}]},{\"@type\":\"ImageObject\",\"inLanguage\":\"en-GB\",\"@id\":\"https:\\\/\\\/eettinenluksus.fi\\\/shop\\\/tuote\\\/method-astianpesuaine-peach-pink-pepper-paketti\\\/#primaryimage\",\"url\":\"https:\\\/\\\/eettinenluksus.fi\\\/shop\\\/wp-content\\\/uploads\\\/sites\\\/4\\\/1726\\\/16\\\/Astianpesuainepaketti-Peach-Pink-Pepper-nelio.jpg\",\"contentUrl\":\"https:\\\/\\\/eettinenluksus.fi\\\/shop\\\/wp-content\\\/uploads\\\/sites\\\/4\\\/1726\\\/16\\\/Astianpesuainepaketti-Peach-Pink-Pepper-nelio.jpg\",\"width\":2000,\"height\":2000,\"caption\":\"Astianpesuainepaketti Peach Pink Pepper\"},{\"@type\":\"BreadcrumbList\",\"@id\":\"https:\\\/\\\/eettinenluksus.fi\\\/shop\\\/tuote\\\/method-astianpesuaine-peach-pink-pepper-paketti\\\/#breadcrumb\",\"itemListElement\":[{\"@type\":\"ListItem\",\"position\":1,\"name\":\"Etusivu\",\"item\":\"https:\\\/\\\/eettinenluksus.fi\\\/shop\\\/\"},{\"@type\":\"ListItem\",\"position\":2,\"name\":\"Kauppa\",\"item\":\"https:\\\/\\\/eettinenluksus.fi\\\/shop\\\/en\\\/kauppa\\\/\"},{\"@type\":\"ListItem\",\"position\":3,\"name\":\"Method Astianpesuaine Peach&#038;Pink -paketti\"}]},{\"@type\":\"WebSite\",\"@id\":\"https:\\\/\\\/eettinenluksus.fi\\\/shop\\\/#website\",\"url\":\"https:\\\/\\\/eettinenluksus.fi\\\/shop\\\/\",\"name\":\"Shop Eettinen Luksus\",\"description\":\"Uusi verkkokauppa\",\"publisher\":{\"@id\":\"https:\\\/\\\/eettinenluksus.fi\\\/shop\\\/#organization\"},\"potentialAction\":[{\"@type\":\"SearchAction\",\"target\":{\"@type\":\"EntryPoint\",\"urlTemplate\":\"https:\\\/\\\/eettinenluksus.fi\\\/shop\\\/?s={search_term_string}\"},\"query-input\":{\"@type\":\"PropertyValueSpecification\",\"valueRequired\":true,\"valueName\":\"search_term_string\"}}],\"inLanguage\":\"en-GB\"},{\"@type\":\"Organization\",\"@id\":\"https:\\\/\\\/eettinenluksus.fi\\\/shop\\\/#organization\",\"name\":\"Shop Eettinen Luksus\",\"url\":\"https:\\\/\\\/eettinenluksus.fi\\\/shop\\\/\",\"logo\":{\"@type\":\"ImageObject\",\"inLanguage\":\"en-GB\",\"@id\":\"https:\\\/\\\/eettinenluksus.fi\\\/shop\\\/#\\\/schema\\\/logo\\\/image\\\/\",\"url\":\"https:\\\/\\\/eettinenluksus.fi\\\/shop\\\/wp-content\\\/uploads\\\/sites\\\/4\\\/1664\\\/37\\\/cropped-ELO.jpg\",\"contentUrl\":\"https:\\\/\\\/eettinenluksus.fi\\\/shop\\\/wp-content\\\/uploads\\\/sites\\\/4\\\/1664\\\/37\\\/cropped-ELO.jpg\",\"width\":810,\"height\":350,\"caption\":\"Shop Eettinen Luksus\"},\"image\":{\"@id\":\"https:\\\/\\\/eettinenluksus.fi\\\/shop\\\/#\\\/schema\\\/logo\\\/image\\\/\"},\"sameAs\":[\"https:\\\/\\\/www.facebook.com\\\/eettinenluksus\",\"https:\\\/\\\/www.instagram.com\\\/eettinenluksus\\\/\"]}]}<\/script>\n<meta property=\"product:price:amount\" content=\"18.00\" \/>\n<meta property=\"product:price:currency\" content=\"EUR\" \/>\n<meta property=\"og:availability\" content=\"instock\" \/>\n<meta property=\"product:availability\" content=\"instock\" \/>\n<meta property=\"product:retailer_item_id\" content=\"40059794005982\" \/>\n<meta property=\"product:condition\" content=\"new\" \/>\n<!-- \/ Yoast SEO Premium plugin. -->","yoast_head_json":{"title":"Method Astianpesuaine Peach&Pink -paketti - Shop Eettinen Luksus","description":"T\u00e4ytt\u00f6 pakkaus 1000 ml Kasvipohjaiset vegaaniyst\u00e4v\u00e4lliset biohajoavat aineosat Method astianpesuaine peach&pink -paketti samettinen persikka + mustaherukka","robots":{"index":"index","follow":"follow","max-snippet":"max-snippet:-1","max-image-preview":"max-image-preview:large","max-video-preview":"max-video-preview:-1"},"canonical":"https:\/\/eettinenluksus.fi\/shop\/en\/product\/method-astianpesuaine-peach-pink-pepper-paketti\/","og_locale":"en_GB","og_type":"article","og_title":"Method Astianpesuaine Peach&Pink -paketti","og_description":"T\u00e4ytt\u00f6 pakkaus 1000 ml Kasvipohjaiset vegaaniyst\u00e4v\u00e4lliset biohajoavat aineosat Method astianpesuaine peach&pink -paketti samettinen persikka + mustaherukka","og_url":"https:\/\/eettinenluksus.fi\/shop\/en\/product\/method-astianpesuaine-peach-pink-pepper-paketti\/","og_site_name":"Shop Eettinen Luksus","article_publisher":"https:\/\/www.facebook.com\/eettinenluksus","article_modified_time":"2025-03-14T09:09:36+00:00","og_image":[{"width":2000,"height":2000,"url":"https:\/\/eettinenluksus.fi\/shop\/wp-content\/uploads\/sites\/4\/1726\/16\/Astianpesuainepaketti-Peach-Pink-Pepper-nelio.jpg","type":"image\/jpeg"}],"twitter_card":"summary_large_image","twitter_misc":{"Price":"18,00&nbsp;&euro;","Availability":"In stock"},"schema":{"@context":"https:\/\/schema.org","@graph":[{"@type":"WebPage","@id":"https:\/\/eettinenluksus.fi\/shop\/tuote\/method-astianpesuaine-peach-pink-pepper-paketti\/","url":"https:\/\/eettinenluksus.fi\/shop\/tuote\/method-astianpesuaine-peach-pink-pepper-paketti\/","name":"Method Astianpesuaine Peach&Pink -paketti - Shop Eettinen Luksus","isPartOf":{"@id":"https:\/\/eettinenluksus.fi\/shop\/#website"},"primaryImageOfPage":{"@id":"https:\/\/eettinenluksus.fi\/shop\/tuote\/method-astianpesuaine-peach-pink-pepper-paketti\/#primaryimage"},"image":{"@id":"https:\/\/eettinenluksus.fi\/shop\/tuote\/method-astianpesuaine-peach-pink-pepper-paketti\/#primaryimage"},"thumbnailUrl":"https:\/\/eettinenluksus.fi\/shop\/wp-content\/uploads\/sites\/4\/1726\/16\/Astianpesuainepaketti-Peach-Pink-Pepper-nelio.jpg","datePublished":"2022-10-05T08:45:44+00:00","dateModified":"2025-03-14T09:09:36+00:00","description":"T\u00e4ytt\u00f6 pakkaus 1000 ml Kasvipohjaiset vegaaniyst\u00e4v\u00e4lliset biohajoavat aineosat Method astianpesuaine peach&pink -paketti samettinen persikka + mustaherukka","breadcrumb":{"@id":"https:\/\/eettinenluksus.fi\/shop\/tuote\/method-astianpesuaine-peach-pink-pepper-paketti\/#breadcrumb"},"inLanguage":"en-GB","potentialAction":[{"@type":"ReadAction","target":["https:\/\/eettinenluksus.fi\/shop\/tuote\/method-astianpesuaine-peach-pink-pepper-paketti\/"]}]},{"@type":"ImageObject","inLanguage":"en-GB","@id":"https:\/\/eettinenluksus.fi\/shop\/tuote\/method-astianpesuaine-peach-pink-pepper-paketti\/#primaryimage","url":"https:\/\/eettinenluksus.fi\/shop\/wp-content\/uploads\/sites\/4\/1726\/16\/Astianpesuainepaketti-Peach-Pink-Pepper-nelio.jpg","contentUrl":"https:\/\/eettinenluksus.fi\/shop\/wp-content\/uploads\/sites\/4\/1726\/16\/Astianpesuainepaketti-Peach-Pink-Pepper-nelio.jpg","width":2000,"height":2000,"caption":"Astianpesuainepaketti Peach Pink Pepper"},{"@type":"BreadcrumbList","@id":"https:\/\/eettinenluksus.fi\/shop\/tuote\/method-astianpesuaine-peach-pink-pepper-paketti\/#breadcrumb","itemListElement":[{"@type":"ListItem","position":1,"name":"Etusivu","item":"https:\/\/eettinenluksus.fi\/shop\/"},{"@type":"ListItem","position":2,"name":"Kauppa","item":"https:\/\/eettinenluksus.fi\/shop\/en\/kauppa\/"},{"@type":"ListItem","position":3,"name":"Method Astianpesuaine Peach&#038;Pink -paketti"}]},{"@type":"WebSite","@id":"https:\/\/eettinenluksus.fi\/shop\/#website","url":"https:\/\/eettinenluksus.fi\/shop\/","name":"Shop Eettinen Luksus","description":"Uusi verkkokauppa","publisher":{"@id":"https:\/\/eettinenluksus.fi\/shop\/#organization"},"potentialAction":[{"@type":"SearchAction","target":{"@type":"EntryPoint","urlTemplate":"https:\/\/eettinenluksus.fi\/shop\/?s={search_term_string}"},"query-input":{"@type":"PropertyValueSpecification","valueRequired":true,"valueName":"search_term_string"}}],"inLanguage":"en-GB"},{"@type":"Organization","@id":"https:\/\/eettinenluksus.fi\/shop\/#organization","name":"Shop Eettinen Luksus","url":"https:\/\/eettinenluksus.fi\/shop\/","logo":{"@type":"ImageObject","inLanguage":"en-GB","@id":"https:\/\/eettinenluksus.fi\/shop\/#\/schema\/logo\/image\/","url":"https:\/\/eettinenluksus.fi\/shop\/wp-content\/uploads\/sites\/4\/1664\/37\/cropped-ELO.jpg","contentUrl":"https:\/\/eettinenluksus.fi\/shop\/wp-content\/uploads\/sites\/4\/1664\/37\/cropped-ELO.jpg","width":810,"height":350,"caption":"Shop Eettinen Luksus"},"image":{"@id":"https:\/\/eettinenluksus.fi\/shop\/#\/schema\/logo\/image\/"},"sameAs":["https:\/\/www.facebook.com\/eettinenluksus","https:\/\/www.instagram.com\/eettinenluksus\/"]}]},"product_price_amount":"18.00","product_price_currency":"EUR","og_availability":"instock","product_availability":"instock","product_retailer_item_id":"40059794005982","product_condition":"new"},"_links":{"self":[{"href":"https:\/\/eettinenluksus.fi\/shop\/en\/wp-json\/wp\/v2\/product\/168","targetHints":{"allow":["GET"]}}],"collection":[{"href":"https:\/\/eettinenluksus.fi\/shop\/en\/wp-json\/wp\/v2\/product"}],"about":[{"href":"https:\/\/eettinenluksus.fi\/shop\/en\/wp-json\/wp\/v2\/types\/product"}],"version-history":[{"count":15,"href":"https:\/\/eettinenluksus.fi\/shop\/en\/wp-json\/wp\/v2\/product\/168\/revisions"}],"predecessor-version":[{"id":4647,"href":"https:\/\/eettinenluksus.fi\/shop\/en\/wp-json\/wp\/v2\/product\/168\/revisions\/4647"}],"wp:featuredmedia":[{"embeddable":true,"href":"https:\/\/eettinenluksus.fi\/shop\/en\/wp-json\/wp\/v2\/media\/4043"}],"wp:attachment":[{"href":"https:\/\/eettinenluksus.fi\/shop\/en\/wp-json\/wp\/v2\/media?parent=168"}],"wp:term":[{"taxonomy":"product_brand","embeddable":true,"href":"https:\/\/eettinenluksus.fi\/shop\/en\/wp-json\/wp\/v2\/product_brand?post=168"},{"taxonomy":"product_cat","embeddable":true,"href":"https:\/\/eettinenluksus.fi\/shop\/en\/wp-json\/wp\/v2\/product_cat?post=168"},{"taxonomy":"product_tag","embeddable":true,"href":"https:\/\/eettinenluksus.fi\/shop\/en\/wp-json\/wp\/v2\/product_tag?post=168"}],"curies":[{"name":"wp","href":"https:\/\/api.w.org\/{rel}","templated":true}]}}