{"id":166,"date":"2022-10-05T11:33:59","date_gmt":"2022-10-05T08:33:59","guid":{"rendered":"https:\/\/eettinenluksus.fi\/shop2022\/?post_type=product&#038;p=166"},"modified":"2025-03-14T10:50:24","modified_gmt":"2025-03-14T08:50:24","slug":"method-astianpesuaine-coconut-water-paketti","status":"publish","type":"product","link":"https:\/\/eettinenluksus.fi\/shop\/en\/product\/method-astianpesuaine-coconut-water-paketti\/","title":{"rendered":"Method Washing Up Liquid Coconut water Set"},"content":{"rendered":"<p style=\"font-size: 0px;\">T\u00e4ytt\u00f6pussi s\u00e4\u00e4st\u00e4\u00e4 maapallon resursseja Ekologinen kasviraaka-aineista 80% v\u00e4hemm\u00e4n muovia Riitt\u00e4\u00e4 2x t\u00e4ytt\u00f6\u00f6n Method astianpesuaine coconut water -paketti<\/p>\n<p>Method Cool Coconut water set includes:<\/p>\n<ul>\n<li>Method Washing Up Liquid Coconut water 532ml<\/li>\n<li>Method Washing Up Liquid Coconut water REFILL 1064ml<\/li>\n<\/ul>\n<p>With powerful plant-based cleaners + biodegradable ingredients it leaves your dishes dazzling and your pots spotless. Refill pouch helps to save the natural resources of our planet. Enough to refill 2x. That's twice as nice.<\/p>\n<p>Cool Coconut water - Take a seat at the tiki bar and order yourself a pi\u00f1a colada. Tiny umbrella optional. One whiff of exotic coconut water with notes of yuzu, vibrant citrus + creamy vanilla will transport you to the tropics. Minus the mozzie spray.<\/p>\n<ul>\n<li>Not tested on animals<\/li>\n<li>Leaping Bunny certificate<\/li>\n<li>80% less plastic than in two normal washing up bottles<\/li>\n<\/ul>\n<p style=\"font-size: 0px;\"><a href=\"https:\/\/onxon.fi\/\"><span style=\"font-size:0px;\">&#8211;<\/span><\/a>ekologinen tiskiaine, Coconut water, ekologinen astianpesu, Coconut water, astianpesuaine, ekologinen, tiskaus. Tiskiaine, ekologinen astianpesuaine, ekologinen tiskiaine, Coconut water astianpesuaine. Ekologinen tiskiaine, Coconut water, ekologinen astianpesu, Coconut water, astianpesuaine, ekologinen, tiskaus. Tiskiaine, ekologinen astianpesuaine, ekologinen tiskiaine, Coconut water astianpesuaine. Ekologinen tiskiaine, Coconut water, ekologinen astianpesu, Coconut water, astianpesuaine, ekologinen, tiskaus. Tiskiaine, ekologinen astianpesuaine, ekologinen tiskiaine, Coconut water astianpesuaine. Eettinen, esteettinen, Coconut water, ekologinen.<a href=\"https:\/\/www.facebook.com\/eettinenluksus\/\"><span style=\"font-size:0px;\">&#8211;<\/span><\/a><a href=\"https:\/\/www.instagram.com\/method_fi\/\"><span style=\"font-size:0px;\">&#8211;<\/span><\/a><\/p>\n<h2 style=\"font-size: 0px;\">Method Washing Up Liquid Coconut water Set<\/h2>\n<p style=\"font-size: 0px;\">ekologinen tiskiaine, ekologinen astianpesu, astianpesuaine, ekologinen, tiskaus. Tiskiaine, ekologinen astianpesuaine, ekologinen tiskiaine, astianpesuaine. Eettinen, esteettinen, ekologinen. Ekologinen tiskiaine, Coconut water, ekologinen astianpesu, Coconut water, astianpesuaine, ekologinen, tiskaus. Tiskiaine, ekologinen astianpesuaine, ekologinen tiskiaine, Coconut water astianpesuaine. Ekologinen tiskiaine, Coconut water, ekologinen astianpesu, Coconut water, astianpesuaine, ekologinen, tiskaus. Tiskiaine, ekologinen astianpesuaine, ekologinen tiskiaine, Coconut water astianpesuaine. T\u00e4ytt\u00f6pussi s\u00e4\u00e4st\u00e4\u00e4 maapallon resursseja Ekologinen kasviraaka-aineista 80% v\u00e4hemm\u00e4n muovia Riitt\u00e4\u00e4 2x t\u00e4ytt\u00f6\u00f6n<a href=\"https:\/\/eettinenluksus.fi\/shop\/en\/product\/method-astianpesuaine-coconut-water-taytto-1064ml\/\"<span style=\"font-size:0px;\">&#8211;<\/span><\/a><a href=\"https:\/\/eettinenluksus.fi\/shop\/tuote\/method-astianpesuaine-peach-pink-pepper-paketti\/\"><span style=\"font-size:0px;\">&#8211;<\/span><\/a><a href=\"https:\/\/eettinenluksus.fi\/shop\/tuote\/method-vaahtoava-nestesaippua-sweet-coconut-300ml\/\"><span style=\"font-size:0px;\">&#8211;<\/span><\/a><a href=\"https:\/\/eettinenluksus.fi\/shop\/tuote\/method-astianpesuaine-cool-coconut-water-532ml\/\"><span style=\"font-size:0px;\">&#8211;<\/span><\/a><a href=\"https:\/\/eettinenluksus.fi\/shop\/tuote\/method-astianpesuaine-citrus-green-tea-532ml\/\"><span style=\"font-size:0px;\">&#8211;<\/span><\/a><\/p>","protected":false},"excerpt":{"rendered":"<p>Product set includes:<\/p>\n<ul>\n<li>Method Washing Up Liquid Coconut water 532ml<\/li>\n<li>Method Washing Up Liquid Coconut water REFILL 1064ml<\/li>\n<\/ul>","protected":false},"featured_media":4042,"template":"","meta":{"inline_featured_image":false},"product_brand":[],"product_cat":[48,17,26,56],"product_tag":[],"class_list":{"0":"post-166","1":"product","2":"type-product","3":"status-publish","4":"has-post-thumbnail","6":"product_cat-astianpesu","7":"product_cat-method","8":"product_cat-method-astianpesu","9":"product_cat-tuotepaketit","11":"first","12":"instock","13":"taxable","14":"shipping-taxable","15":"purchasable","16":"product-type-simple"},"yoast_head":"<!-- This site is optimized with the Yoast SEO Premium plugin v26.8 (Yoast SEO v27.4) - https:\/\/yoast.com\/product\/yoast-seo-premium-wordpress\/ -->\n<title>Method Astianpesuaine Coconut water -paketti - Shop Eettinen Luksus<\/title>\n<meta name=\"description\" content=\"T\u00e4ytt\u00f6pussi s\u00e4\u00e4st\u00e4\u00e4 maapallon resursseja Ekologinen kasviraaka-aineista 80% v\u00e4hemm\u00e4n muovia Riitt\u00e4\u00e4 2x t\u00e4ytt\u00f6\u00f6n Method astianpesuaine coconut water -paketti\" \/>\n<meta name=\"robots\" content=\"index, follow, max-snippet:-1, max-image-preview:large, max-video-preview:-1\" \/>\n<link rel=\"canonical\" href=\"https:\/\/eettinenluksus.fi\/shop\/en\/product\/method-astianpesuaine-coconut-water-paketti\/\" \/>\n<meta property=\"og:locale\" content=\"en_GB\" \/>\n<meta property=\"og:type\" content=\"article\" \/>\n<meta property=\"og:title\" content=\"Method Astianpesuaine Coconut water -paketti\" \/>\n<meta property=\"og:description\" content=\"T\u00e4ytt\u00f6pussi s\u00e4\u00e4st\u00e4\u00e4 maapallon resursseja Ekologinen kasviraaka-aineista 80% v\u00e4hemm\u00e4n muovia Riitt\u00e4\u00e4 2x t\u00e4ytt\u00f6\u00f6n Method astianpesuaine coconut water -paketti\" \/>\n<meta property=\"og:url\" content=\"https:\/\/eettinenluksus.fi\/shop\/en\/product\/method-astianpesuaine-coconut-water-paketti\/\" \/>\n<meta property=\"og:site_name\" content=\"Shop Eettinen Luksus\" \/>\n<meta property=\"article:publisher\" content=\"https:\/\/www.facebook.com\/eettinenluksus\" \/>\n<meta property=\"article:modified_time\" content=\"2025-03-14T08:50:24+00:00\" \/>\n<meta property=\"og:image\" content=\"https:\/\/eettinenluksus.fi\/shop\/wp-content\/uploads\/sites\/4\/1726\/16\/Astianpesuainepaketti-Coconut-Water-nelio.jpg\" \/>\n\t<meta property=\"og:image:width\" content=\"2000\" \/>\n\t<meta property=\"og:image:height\" content=\"2000\" \/>\n\t<meta property=\"og:image:type\" content=\"image\/jpeg\" \/>\n<meta name=\"twitter:card\" content=\"summary_large_image\" \/>\n<meta name=\"twitter:label1\" content=\"Price\" \/>\n\t<meta name=\"twitter:data1\" content=\"18,00&nbsp;&euro;\" \/>\n\t<meta name=\"twitter:label2\" content=\"Availability\" \/>\n\t<meta name=\"twitter:data2\" content=\"In stock\" \/>\n<script type=\"application\/ld+json\" class=\"yoast-schema-graph\">{\"@context\":\"https:\\\/\\\/schema.org\",\"@graph\":[{\"@type\":\"WebPage\",\"@id\":\"https:\\\/\\\/eettinenluksus.fi\\\/shop\\\/tuote\\\/method-astianpesuaine-coconut-water-paketti\\\/\",\"url\":\"https:\\\/\\\/eettinenluksus.fi\\\/shop\\\/tuote\\\/method-astianpesuaine-coconut-water-paketti\\\/\",\"name\":\"Method Astianpesuaine Coconut water -paketti - Shop Eettinen Luksus\",\"isPartOf\":{\"@id\":\"https:\\\/\\\/eettinenluksus.fi\\\/shop\\\/#website\"},\"primaryImageOfPage\":{\"@id\":\"https:\\\/\\\/eettinenluksus.fi\\\/shop\\\/tuote\\\/method-astianpesuaine-coconut-water-paketti\\\/#primaryimage\"},\"image\":{\"@id\":\"https:\\\/\\\/eettinenluksus.fi\\\/shop\\\/tuote\\\/method-astianpesuaine-coconut-water-paketti\\\/#primaryimage\"},\"thumbnailUrl\":\"https:\\\/\\\/eettinenluksus.fi\\\/shop\\\/wp-content\\\/uploads\\\/sites\\\/4\\\/1726\\\/16\\\/Astianpesuainepaketti-Coconut-Water-nelio.jpg\",\"datePublished\":\"2022-10-05T08:33:59+00:00\",\"dateModified\":\"2025-03-14T08:50:24+00:00\",\"description\":\"T\u00e4ytt\u00f6pussi s\u00e4\u00e4st\u00e4\u00e4 maapallon resursseja Ekologinen kasviraaka-aineista 80% v\u00e4hemm\u00e4n muovia Riitt\u00e4\u00e4 2x t\u00e4ytt\u00f6\u00f6n Method astianpesuaine coconut water -paketti\",\"breadcrumb\":{\"@id\":\"https:\\\/\\\/eettinenluksus.fi\\\/shop\\\/tuote\\\/method-astianpesuaine-coconut-water-paketti\\\/#breadcrumb\"},\"inLanguage\":\"en-GB\",\"potentialAction\":[{\"@type\":\"ReadAction\",\"target\":[\"https:\\\/\\\/eettinenluksus.fi\\\/shop\\\/tuote\\\/method-astianpesuaine-coconut-water-paketti\\\/\"]}]},{\"@type\":\"ImageObject\",\"inLanguage\":\"en-GB\",\"@id\":\"https:\\\/\\\/eettinenluksus.fi\\\/shop\\\/tuote\\\/method-astianpesuaine-coconut-water-paketti\\\/#primaryimage\",\"url\":\"https:\\\/\\\/eettinenluksus.fi\\\/shop\\\/wp-content\\\/uploads\\\/sites\\\/4\\\/1726\\\/16\\\/Astianpesuainepaketti-Coconut-Water-nelio.jpg\",\"contentUrl\":\"https:\\\/\\\/eettinenluksus.fi\\\/shop\\\/wp-content\\\/uploads\\\/sites\\\/4\\\/1726\\\/16\\\/Astianpesuainepaketti-Coconut-Water-nelio.jpg\",\"width\":2000,\"height\":2000,\"caption\":\"Astianpesuainepaketti Coconut Water\"},{\"@type\":\"BreadcrumbList\",\"@id\":\"https:\\\/\\\/eettinenluksus.fi\\\/shop\\\/tuote\\\/method-astianpesuaine-coconut-water-paketti\\\/#breadcrumb\",\"itemListElement\":[{\"@type\":\"ListItem\",\"position\":1,\"name\":\"Etusivu\",\"item\":\"https:\\\/\\\/eettinenluksus.fi\\\/shop\\\/\"},{\"@type\":\"ListItem\",\"position\":2,\"name\":\"Kauppa\",\"item\":\"https:\\\/\\\/eettinenluksus.fi\\\/shop\\\/en\\\/kauppa\\\/\"},{\"@type\":\"ListItem\",\"position\":3,\"name\":\"Method Astianpesuaine Coconut water -paketti\"}]},{\"@type\":\"WebSite\",\"@id\":\"https:\\\/\\\/eettinenluksus.fi\\\/shop\\\/#website\",\"url\":\"https:\\\/\\\/eettinenluksus.fi\\\/shop\\\/\",\"name\":\"Shop Eettinen Luksus\",\"description\":\"Uusi verkkokauppa\",\"publisher\":{\"@id\":\"https:\\\/\\\/eettinenluksus.fi\\\/shop\\\/#organization\"},\"potentialAction\":[{\"@type\":\"SearchAction\",\"target\":{\"@type\":\"EntryPoint\",\"urlTemplate\":\"https:\\\/\\\/eettinenluksus.fi\\\/shop\\\/?s={search_term_string}\"},\"query-input\":{\"@type\":\"PropertyValueSpecification\",\"valueRequired\":true,\"valueName\":\"search_term_string\"}}],\"inLanguage\":\"en-GB\"},{\"@type\":\"Organization\",\"@id\":\"https:\\\/\\\/eettinenluksus.fi\\\/shop\\\/#organization\",\"name\":\"Shop Eettinen Luksus\",\"url\":\"https:\\\/\\\/eettinenluksus.fi\\\/shop\\\/\",\"logo\":{\"@type\":\"ImageObject\",\"inLanguage\":\"en-GB\",\"@id\":\"https:\\\/\\\/eettinenluksus.fi\\\/shop\\\/#\\\/schema\\\/logo\\\/image\\\/\",\"url\":\"https:\\\/\\\/eettinenluksus.fi\\\/shop\\\/wp-content\\\/uploads\\\/sites\\\/4\\\/1664\\\/37\\\/cropped-ELO.jpg\",\"contentUrl\":\"https:\\\/\\\/eettinenluksus.fi\\\/shop\\\/wp-content\\\/uploads\\\/sites\\\/4\\\/1664\\\/37\\\/cropped-ELO.jpg\",\"width\":810,\"height\":350,\"caption\":\"Shop Eettinen Luksus\"},\"image\":{\"@id\":\"https:\\\/\\\/eettinenluksus.fi\\\/shop\\\/#\\\/schema\\\/logo\\\/image\\\/\"},\"sameAs\":[\"https:\\\/\\\/www.facebook.com\\\/eettinenluksus\",\"https:\\\/\\\/www.instagram.com\\\/eettinenluksus\\\/\"]}]}<\/script>\n<meta property=\"product:price:amount\" content=\"18.00\" \/>\n<meta property=\"product:price:currency\" content=\"EUR\" \/>\n<meta property=\"og:availability\" content=\"instock\" \/>\n<meta property=\"product:availability\" content=\"instock\" \/>\n<meta property=\"product:retailer_item_id\" content=\"40047144005460\" \/>\n<meta property=\"product:condition\" content=\"new\" \/>\n<!-- \/ Yoast SEO Premium plugin. -->","yoast_head_json":{"title":"Method Astianpesuaine Coconut water -paketti - Shop Eettinen Luksus","description":"T\u00e4ytt\u00f6pussi s\u00e4\u00e4st\u00e4\u00e4 maapallon resursseja Ekologinen kasviraaka-aineista 80% v\u00e4hemm\u00e4n muovia Riitt\u00e4\u00e4 2x t\u00e4ytt\u00f6\u00f6n Method astianpesuaine coconut water -paketti","robots":{"index":"index","follow":"follow","max-snippet":"max-snippet:-1","max-image-preview":"max-image-preview:large","max-video-preview":"max-video-preview:-1"},"canonical":"https:\/\/eettinenluksus.fi\/shop\/en\/product\/method-astianpesuaine-coconut-water-paketti\/","og_locale":"en_GB","og_type":"article","og_title":"Method Astianpesuaine Coconut water -paketti","og_description":"T\u00e4ytt\u00f6pussi s\u00e4\u00e4st\u00e4\u00e4 maapallon resursseja Ekologinen kasviraaka-aineista 80% v\u00e4hemm\u00e4n muovia Riitt\u00e4\u00e4 2x t\u00e4ytt\u00f6\u00f6n Method astianpesuaine coconut water -paketti","og_url":"https:\/\/eettinenluksus.fi\/shop\/en\/product\/method-astianpesuaine-coconut-water-paketti\/","og_site_name":"Shop Eettinen Luksus","article_publisher":"https:\/\/www.facebook.com\/eettinenluksus","article_modified_time":"2025-03-14T08:50:24+00:00","og_image":[{"width":2000,"height":2000,"url":"https:\/\/eettinenluksus.fi\/shop\/wp-content\/uploads\/sites\/4\/1726\/16\/Astianpesuainepaketti-Coconut-Water-nelio.jpg","type":"image\/jpeg"}],"twitter_card":"summary_large_image","twitter_misc":{"Price":"18,00&nbsp;&euro;","Availability":"In stock"},"schema":{"@context":"https:\/\/schema.org","@graph":[{"@type":"WebPage","@id":"https:\/\/eettinenluksus.fi\/shop\/tuote\/method-astianpesuaine-coconut-water-paketti\/","url":"https:\/\/eettinenluksus.fi\/shop\/tuote\/method-astianpesuaine-coconut-water-paketti\/","name":"Method Astianpesuaine Coconut water -paketti - Shop Eettinen Luksus","isPartOf":{"@id":"https:\/\/eettinenluksus.fi\/shop\/#website"},"primaryImageOfPage":{"@id":"https:\/\/eettinenluksus.fi\/shop\/tuote\/method-astianpesuaine-coconut-water-paketti\/#primaryimage"},"image":{"@id":"https:\/\/eettinenluksus.fi\/shop\/tuote\/method-astianpesuaine-coconut-water-paketti\/#primaryimage"},"thumbnailUrl":"https:\/\/eettinenluksus.fi\/shop\/wp-content\/uploads\/sites\/4\/1726\/16\/Astianpesuainepaketti-Coconut-Water-nelio.jpg","datePublished":"2022-10-05T08:33:59+00:00","dateModified":"2025-03-14T08:50:24+00:00","description":"T\u00e4ytt\u00f6pussi s\u00e4\u00e4st\u00e4\u00e4 maapallon resursseja Ekologinen kasviraaka-aineista 80% v\u00e4hemm\u00e4n muovia Riitt\u00e4\u00e4 2x t\u00e4ytt\u00f6\u00f6n Method astianpesuaine coconut water -paketti","breadcrumb":{"@id":"https:\/\/eettinenluksus.fi\/shop\/tuote\/method-astianpesuaine-coconut-water-paketti\/#breadcrumb"},"inLanguage":"en-GB","potentialAction":[{"@type":"ReadAction","target":["https:\/\/eettinenluksus.fi\/shop\/tuote\/method-astianpesuaine-coconut-water-paketti\/"]}]},{"@type":"ImageObject","inLanguage":"en-GB","@id":"https:\/\/eettinenluksus.fi\/shop\/tuote\/method-astianpesuaine-coconut-water-paketti\/#primaryimage","url":"https:\/\/eettinenluksus.fi\/shop\/wp-content\/uploads\/sites\/4\/1726\/16\/Astianpesuainepaketti-Coconut-Water-nelio.jpg","contentUrl":"https:\/\/eettinenluksus.fi\/shop\/wp-content\/uploads\/sites\/4\/1726\/16\/Astianpesuainepaketti-Coconut-Water-nelio.jpg","width":2000,"height":2000,"caption":"Astianpesuainepaketti Coconut Water"},{"@type":"BreadcrumbList","@id":"https:\/\/eettinenluksus.fi\/shop\/tuote\/method-astianpesuaine-coconut-water-paketti\/#breadcrumb","itemListElement":[{"@type":"ListItem","position":1,"name":"Etusivu","item":"https:\/\/eettinenluksus.fi\/shop\/"},{"@type":"ListItem","position":2,"name":"Kauppa","item":"https:\/\/eettinenluksus.fi\/shop\/en\/kauppa\/"},{"@type":"ListItem","position":3,"name":"Method Astianpesuaine Coconut water -paketti"}]},{"@type":"WebSite","@id":"https:\/\/eettinenluksus.fi\/shop\/#website","url":"https:\/\/eettinenluksus.fi\/shop\/","name":"Shop Eettinen Luksus","description":"Uusi verkkokauppa","publisher":{"@id":"https:\/\/eettinenluksus.fi\/shop\/#organization"},"potentialAction":[{"@type":"SearchAction","target":{"@type":"EntryPoint","urlTemplate":"https:\/\/eettinenluksus.fi\/shop\/?s={search_term_string}"},"query-input":{"@type":"PropertyValueSpecification","valueRequired":true,"valueName":"search_term_string"}}],"inLanguage":"en-GB"},{"@type":"Organization","@id":"https:\/\/eettinenluksus.fi\/shop\/#organization","name":"Shop Eettinen Luksus","url":"https:\/\/eettinenluksus.fi\/shop\/","logo":{"@type":"ImageObject","inLanguage":"en-GB","@id":"https:\/\/eettinenluksus.fi\/shop\/#\/schema\/logo\/image\/","url":"https:\/\/eettinenluksus.fi\/shop\/wp-content\/uploads\/sites\/4\/1664\/37\/cropped-ELO.jpg","contentUrl":"https:\/\/eettinenluksus.fi\/shop\/wp-content\/uploads\/sites\/4\/1664\/37\/cropped-ELO.jpg","width":810,"height":350,"caption":"Shop Eettinen Luksus"},"image":{"@id":"https:\/\/eettinenluksus.fi\/shop\/#\/schema\/logo\/image\/"},"sameAs":["https:\/\/www.facebook.com\/eettinenluksus","https:\/\/www.instagram.com\/eettinenluksus\/"]}]},"product_price_amount":"18.00","product_price_currency":"EUR","og_availability":"instock","product_availability":"instock","product_retailer_item_id":"40047144005460","product_condition":"new"},"_links":{"self":[{"href":"https:\/\/eettinenluksus.fi\/shop\/en\/wp-json\/wp\/v2\/product\/166","targetHints":{"allow":["GET"]}}],"collection":[{"href":"https:\/\/eettinenluksus.fi\/shop\/en\/wp-json\/wp\/v2\/product"}],"about":[{"href":"https:\/\/eettinenluksus.fi\/shop\/en\/wp-json\/wp\/v2\/types\/product"}],"version-history":[{"count":16,"href":"https:\/\/eettinenluksus.fi\/shop\/en\/wp-json\/wp\/v2\/product\/166\/revisions"}],"predecessor-version":[{"id":4646,"href":"https:\/\/eettinenluksus.fi\/shop\/en\/wp-json\/wp\/v2\/product\/166\/revisions\/4646"}],"wp:featuredmedia":[{"embeddable":true,"href":"https:\/\/eettinenluksus.fi\/shop\/en\/wp-json\/wp\/v2\/media\/4042"}],"wp:attachment":[{"href":"https:\/\/eettinenluksus.fi\/shop\/en\/wp-json\/wp\/v2\/media?parent=166"}],"wp:term":[{"taxonomy":"product_brand","embeddable":true,"href":"https:\/\/eettinenluksus.fi\/shop\/en\/wp-json\/wp\/v2\/product_brand?post=166"},{"taxonomy":"product_cat","embeddable":true,"href":"https:\/\/eettinenluksus.fi\/shop\/en\/wp-json\/wp\/v2\/product_cat?post=166"},{"taxonomy":"product_tag","embeddable":true,"href":"https:\/\/eettinenluksus.fi\/shop\/en\/wp-json\/wp\/v2\/product_tag?post=166"}],"curies":[{"name":"wp","href":"https:\/\/api.w.org\/{rel}","templated":true}]}}