{"id":1104,"date":"2022-10-08T15:56:58","date_gmt":"2022-10-08T12:56:58","guid":{"rendered":"https:\/\/eettinenluksus.fi\/shop2022\/?post_type=product&#038;p=1104"},"modified":"2024-09-20T13:58:11","modified_gmt":"2024-09-20T10:58:11","slug":"bambu-hansikas-kuorinta-rentoutus-bambu-pellava","status":"publish","type":"product","link":"https:\/\/eettinenluksus.fi\/shop\/en\/product\/bambu-hansikas-kuorinta-rentoutus-bambu-pellava\/","title":{"rendered":"Bamb\u00f9 Relax&amp;Scrub Exfoliating Glove Bamboo\/Linen"},"content":{"rendered":"<p style=\"font-size: 0px;\">Bambu Hansikas kuorinta&#038;rentoutus bambu\/pellava. Puhdistaa ja kuorii hell\u00e4varaisesti. Ekologinen kuorintahansikas j\u00e4tt\u00e4\u00e4 ihon sile\u00e4ksi ja kiinte\u00e4ksi.<\/p>\n<p>The relax and scrub glove, made of bamboo and linen fibre, is soft and delicate, ideal for even the most sensitive skin. Dermatologically tested.<\/p>\n<p>Bamboo is considered a symbol of longevity and resilience. Well-known and used since centuries in the Far East, this plant is extremely versatile and finds application in the cosmetic, furniture, food, and textile fields, among the others.<\/p>\n<p>The line is a complete range of products for a relaxing body care treatment and an inspiring sensorial experience. Thanks to the exclusive Xpand process, sponges are enriched with bamboo extract, natural source of precious minerals and antioxidant enzymes, which have a revitalizing action and ideal for gently cleansing while protecting the skin.<\/p>\n<p>The textiles, made of vegetable bamboo fiber are incredibly soft and pleasant, making them particularly suitable for sensitive skin and granting high moisture absorption. They have a high absorbency and dry quickly.<\/p>\n<p style=\"font-size: 0px;\"><a href=\"https:\/\/onxon.fi\/\"><span style=\"font-size:0px;\">&#8211;<\/span><\/a>Bamb\u00f9 Hansikas kuorinta&#038;rentoutus bambu\/pellava. Bambu, pellava, kuorinta, rentoutus, bambu, hell\u00e4varainen, bambu, rentoutuminen, ekologinen, vartalonkuorinta. Bambu, pellava, hyvinvointi, bambu, pellava, kuorinta, ekologinen, vartalonkuorinta, rentoutus, bambu, ekologinen, vartalonkuorinta, pellava. Bambu, pellava, kuorinta, rentoutus. Bambu, hell\u00e4varainen, bambu, rentoutuminen, ekologinen, vartalonkuorinta, bambu, ekologinen, vartalonkuorinta, pellava, hyvinvointi, bambu, pellava, kuorinta, hyvinvointi, rentoutuminen, ekologinen, rentoutus, bambu, pellava. Bambu, pellava, kuorinta, rentoutus, bambu, hell\u00e4varainen, ekologinen, vartalonkuorinta, bambu, rentoutuminen, bambu, pellava, hyvinvointi, bambu, pellava, kuorinta, rentoutus, bambu, pellava.<a href=\"https:\/\/www.facebook.com\/eettinenluksus\/\"><span style=\"font-size:0px;\">&#8211;<\/span><\/a><a href=\"https:\/\/www.instagram.com\/eettinenluksus\/\"><span style=\"font-size:0px;\">&#8211;<\/span><\/a><\/p>\n<h2 style=\"font-size: 0px;\">Bamb\u00f9 Relax&amp;Scrub Exfoliating Glove Bamboo\/Linen<\/h2>\n<p style=\"font-size: 0px;\">Bambu, pellava, kuorinta, rentoutus, bambu, hell\u00e4varainen, bambu, rentoutuminen, ekologinen, vartalonkuorinta, bambu, pellava, hyvinvointi, bambu, pellava, kuorinta, ekologinen, vartalonkuorinta, ekologinen, vartalonkuorinta, rentoutus, kuorinta, rentoutus, bambu, ekologinen, vartalonkuorinta, rentoutus, kuorinta, pellava. Bambu, pellava, kuorinta, rentoutus, bambu, hell\u00e4varainen, bambu, rentoutuminen, ekologinen, vartalonkuorinta, bambu, ekologinen, hyvinvointi, vartalonkuorinta, pellava. Hyvinvointi, bambu, pellava, kuorinta, rentoutus, bambu, pellava. Rentoutuminen, bambu, pellava, rentoutuminen, kuorinta, hell\u00e4varainen, vartalonkuorinta, hyvinvointi, bambu, ekologinen, vartalonkuorinta, rentoutus, kuorinta, pellava, kuorinta, rentoutus, bambu, pellava. Bambu, pellava, kuorinta, ekologinen, vartalonkuorinta, rentoutus, bambu, hell\u00e4varainen. <a href=\"https:\/\/eettinenluksus.fi\/shop\/tuote\/beauty-sponge-pesusieni-pink-grapefruit-oil\/\"><span style=\"font-size:0px;\">&#8211;<\/span><\/a><a href=\"https:\/\/eettinenluksus.fi\/shop\/tuote\/beauty-sponge-pesusieni-aloe-vera\/\"><span style=\"font-size:0px;\">&#8211;<\/span><\/a><a href=\"https:\/\/eettinenluksus.fi\/shop\/tuote\/bambu-hansikas-bambu-luffa\/\"><span style=\"font-size:0px;\">&#8211;<\/span><\/a><a href=\"https:\/\/eettinenluksus.fi\/shop\/tuote\/beauty-sponge-kuorintasieni-coconut-oil\/\"><span style=\"font-size:0px;\">&#8211;<\/span><\/a><a href=\"https:\/\/eettinenluksus.fi\/shop\/en\/product\/bambu-kuorintasieni\/\"><span style=\"font-size:0px;\">&#8211;<\/span><\/a><\/p>\n<ul style=\"font-size: 0px;\">\n<li>bamboo<\/li>\n<li>pellava<\/li>\n<li>rentoutus<\/li>\n<li>ecological<\/li>\n<li>hell\u00e4varainen<\/li>\n<\/ul>","protected":false},"excerpt":{"rendered":"<p>Ecological bamboo and linen glove for relaxation and exfoliation<\/p>\n<p>Innovative combination of natural materials cleanses exfoliates gently<\/p>\n<p>Leaves skin soft and firm<\/p>","protected":false},"featured_media":4110,"template":"","meta":{"inline_featured_image":false},"product_brand":[],"product_cat":[24,123],"product_tag":[62,70,213,214,179,211,212],"class_list":{"0":"post-1104","1":"product","2":"type-product","3":"status-publish","4":"has-post-thumbnail","6":"product_cat-bambu","7":"product_cat-hyvinvointi","8":"product_tag-bambu","9":"product_tag-ekologinen","10":"product_tag-hansikas","11":"product_tag-hanska","12":"product_tag-kuorinta","13":"product_tag-pellava","14":"product_tag-rentoutus","16":"first","17":"instock","18":"taxable","19":"shipping-taxable","20":"purchasable","21":"product-type-simple"},"yoast_head":"<!-- This site is optimized with the Yoast SEO Premium plugin v26.8 (Yoast SEO v27.4) - https:\/\/yoast.com\/product\/yoast-seo-premium-wordpress\/ -->\n<title>Bamb\u00f9 Hansikas kuorinta&amp;rentoutus bambu\/pellava - Shop Eettinen Luksus<\/title>\n<meta name=\"description\" content=\"Bambu Hansikas kuorinta&amp;rentoutus bambu\/pellava. Puhdistaa ja kuorii hell\u00e4varaisesti. Ekologinen kuorintahansikas j\u00e4tt\u00e4\u00e4 ihon sile\u00e4ksi ja kiinte\u00e4ksi.\" \/>\n<meta name=\"robots\" content=\"index, follow, max-snippet:-1, max-image-preview:large, max-video-preview:-1\" \/>\n<link rel=\"canonical\" href=\"https:\/\/eettinenluksus.fi\/shop\/en\/product\/bambu-hansikas-kuorinta-rentoutus-bambu-pellava\/\" \/>\n<meta property=\"og:locale\" content=\"en_GB\" \/>\n<meta property=\"og:type\" content=\"article\" \/>\n<meta property=\"og:title\" content=\"Bamb\u00f9 Hansikas kuorinta&amp;rentoutus bambu\/pellava\" \/>\n<meta property=\"og:description\" content=\"Bambu Hansikas kuorinta&amp;rentoutus bambu\/pellava. Puhdistaa ja kuorii hell\u00e4varaisesti. Ekologinen kuorintahansikas j\u00e4tt\u00e4\u00e4 ihon sile\u00e4ksi ja kiinte\u00e4ksi.\" \/>\n<meta property=\"og:url\" content=\"https:\/\/eettinenluksus.fi\/shop\/en\/product\/bambu-hansikas-kuorinta-rentoutus-bambu-pellava\/\" \/>\n<meta property=\"og:site_name\" content=\"Shop Eettinen Luksus\" \/>\n<meta property=\"article:publisher\" content=\"https:\/\/www.facebook.com\/eettinenluksus\" \/>\n<meta property=\"article:modified_time\" content=\"2024-09-20T10:58:11+00:00\" \/>\n<meta property=\"og:image\" content=\"https:\/\/eettinenluksus.fi\/shop\/wp-content\/uploads\/sites\/4\/1726\/29\/Bambu-Hansikas-kuorintarentoutus-bambupellava-nelio.jpg\" \/>\n\t<meta property=\"og:image:width\" content=\"1045\" \/>\n\t<meta property=\"og:image:height\" content=\"1045\" \/>\n\t<meta property=\"og:image:type\" content=\"image\/jpeg\" \/>\n<meta name=\"twitter:card\" content=\"summary_large_image\" \/>\n<meta name=\"twitter:label1\" content=\"Price\" \/>\n\t<meta name=\"twitter:data1\" content=\"12,35&nbsp;&euro;\" \/>\n\t<meta name=\"twitter:label2\" content=\"Availability\" \/>\n\t<meta name=\"twitter:data2\" content=\"In stock\" \/>\n<script type=\"application\/ld+json\" class=\"yoast-schema-graph\">{\"@context\":\"https:\\\/\\\/schema.org\",\"@graph\":[{\"@type\":\"WebPage\",\"@id\":\"https:\\\/\\\/eettinenluksus.fi\\\/shop\\\/tuote\\\/bambu-hansikas-kuorinta-rentoutus-bambu-pellava\\\/\",\"url\":\"https:\\\/\\\/eettinenluksus.fi\\\/shop\\\/tuote\\\/bambu-hansikas-kuorinta-rentoutus-bambu-pellava\\\/\",\"name\":\"Bamb\u00f9 Hansikas kuorinta&rentoutus bambu\\\/pellava - Shop Eettinen Luksus\",\"isPartOf\":{\"@id\":\"https:\\\/\\\/eettinenluksus.fi\\\/shop\\\/#website\"},\"primaryImageOfPage\":{\"@id\":\"https:\\\/\\\/eettinenluksus.fi\\\/shop\\\/tuote\\\/bambu-hansikas-kuorinta-rentoutus-bambu-pellava\\\/#primaryimage\"},\"image\":{\"@id\":\"https:\\\/\\\/eettinenluksus.fi\\\/shop\\\/tuote\\\/bambu-hansikas-kuorinta-rentoutus-bambu-pellava\\\/#primaryimage\"},\"thumbnailUrl\":\"https:\\\/\\\/eettinenluksus.fi\\\/shop\\\/wp-content\\\/uploads\\\/sites\\\/4\\\/1726\\\/29\\\/Bambu-Hansikas-kuorintarentoutus-bambupellava-nelio.jpg\",\"datePublished\":\"2022-10-08T12:56:58+00:00\",\"dateModified\":\"2024-09-20T10:58:11+00:00\",\"description\":\"Bambu Hansikas kuorinta&rentoutus bambu\\\/pellava. Puhdistaa ja kuorii hell\u00e4varaisesti. Ekologinen kuorintahansikas j\u00e4tt\u00e4\u00e4 ihon sile\u00e4ksi ja kiinte\u00e4ksi.\",\"breadcrumb\":{\"@id\":\"https:\\\/\\\/eettinenluksus.fi\\\/shop\\\/tuote\\\/bambu-hansikas-kuorinta-rentoutus-bambu-pellava\\\/#breadcrumb\"},\"inLanguage\":\"en-GB\",\"potentialAction\":[{\"@type\":\"ReadAction\",\"target\":[\"https:\\\/\\\/eettinenluksus.fi\\\/shop\\\/tuote\\\/bambu-hansikas-kuorinta-rentoutus-bambu-pellava\\\/\"]}]},{\"@type\":\"ImageObject\",\"inLanguage\":\"en-GB\",\"@id\":\"https:\\\/\\\/eettinenluksus.fi\\\/shop\\\/tuote\\\/bambu-hansikas-kuorinta-rentoutus-bambu-pellava\\\/#primaryimage\",\"url\":\"https:\\\/\\\/eettinenluksus.fi\\\/shop\\\/wp-content\\\/uploads\\\/sites\\\/4\\\/1726\\\/29\\\/Bambu-Hansikas-kuorintarentoutus-bambupellava-nelio.jpg\",\"contentUrl\":\"https:\\\/\\\/eettinenluksus.fi\\\/shop\\\/wp-content\\\/uploads\\\/sites\\\/4\\\/1726\\\/29\\\/Bambu-Hansikas-kuorintarentoutus-bambupellava-nelio.jpg\",\"width\":1045,\"height\":1045,\"caption\":\"Bambu Hansikas kuorinta&rentoutus bambupellava\"},{\"@type\":\"BreadcrumbList\",\"@id\":\"https:\\\/\\\/eettinenluksus.fi\\\/shop\\\/tuote\\\/bambu-hansikas-kuorinta-rentoutus-bambu-pellava\\\/#breadcrumb\",\"itemListElement\":[{\"@type\":\"ListItem\",\"position\":1,\"name\":\"Etusivu\",\"item\":\"https:\\\/\\\/eettinenluksus.fi\\\/shop\\\/\"},{\"@type\":\"ListItem\",\"position\":2,\"name\":\"Kauppa\",\"item\":\"https:\\\/\\\/eettinenluksus.fi\\\/shop\\\/en\\\/kauppa\\\/\"},{\"@type\":\"ListItem\",\"position\":3,\"name\":\"Bamb\u00f9 Hansikas kuorinta&#038;rentoutus bambu\\\/pellava\"}]},{\"@type\":\"WebSite\",\"@id\":\"https:\\\/\\\/eettinenluksus.fi\\\/shop\\\/#website\",\"url\":\"https:\\\/\\\/eettinenluksus.fi\\\/shop\\\/\",\"name\":\"Shop Eettinen Luksus\",\"description\":\"Uusi verkkokauppa\",\"publisher\":{\"@id\":\"https:\\\/\\\/eettinenluksus.fi\\\/shop\\\/#organization\"},\"potentialAction\":[{\"@type\":\"SearchAction\",\"target\":{\"@type\":\"EntryPoint\",\"urlTemplate\":\"https:\\\/\\\/eettinenluksus.fi\\\/shop\\\/?s={search_term_string}\"},\"query-input\":{\"@type\":\"PropertyValueSpecification\",\"valueRequired\":true,\"valueName\":\"search_term_string\"}}],\"inLanguage\":\"en-GB\"},{\"@type\":\"Organization\",\"@id\":\"https:\\\/\\\/eettinenluksus.fi\\\/shop\\\/#organization\",\"name\":\"Shop Eettinen Luksus\",\"url\":\"https:\\\/\\\/eettinenluksus.fi\\\/shop\\\/\",\"logo\":{\"@type\":\"ImageObject\",\"inLanguage\":\"en-GB\",\"@id\":\"https:\\\/\\\/eettinenluksus.fi\\\/shop\\\/#\\\/schema\\\/logo\\\/image\\\/\",\"url\":\"https:\\\/\\\/eettinenluksus.fi\\\/shop\\\/wp-content\\\/uploads\\\/sites\\\/4\\\/1664\\\/37\\\/cropped-ELO.jpg\",\"contentUrl\":\"https:\\\/\\\/eettinenluksus.fi\\\/shop\\\/wp-content\\\/uploads\\\/sites\\\/4\\\/1664\\\/37\\\/cropped-ELO.jpg\",\"width\":810,\"height\":350,\"caption\":\"Shop Eettinen Luksus\"},\"image\":{\"@id\":\"https:\\\/\\\/eettinenluksus.fi\\\/shop\\\/#\\\/schema\\\/logo\\\/image\\\/\"},\"sameAs\":[\"https:\\\/\\\/www.facebook.com\\\/eettinenluksus\",\"https:\\\/\\\/www.instagram.com\\\/eettinenluksus\\\/\"]}]}<\/script>\n<meta property=\"product:price:amount\" content=\"12.35\" \/>\n<meta property=\"product:price:currency\" content=\"EUR\" \/>\n<meta property=\"og:availability\" content=\"instock\" \/>\n<meta property=\"product:availability\" content=\"instock\" \/>\n<meta property=\"product:retailer_item_id\" content=\"4862\" \/>\n<meta property=\"product:condition\" content=\"new\" \/>\n<!-- \/ Yoast SEO Premium plugin. -->","yoast_head_json":{"title":"Bamb\u00f9 Hansikas kuorinta&rentoutus bambu\/pellava - Shop Eettinen Luksus","description":"Bambu Hansikas kuorinta&rentoutus bambu\/pellava. Puhdistaa ja kuorii hell\u00e4varaisesti. Ekologinen kuorintahansikas j\u00e4tt\u00e4\u00e4 ihon sile\u00e4ksi ja kiinte\u00e4ksi.","robots":{"index":"index","follow":"follow","max-snippet":"max-snippet:-1","max-image-preview":"max-image-preview:large","max-video-preview":"max-video-preview:-1"},"canonical":"https:\/\/eettinenluksus.fi\/shop\/en\/product\/bambu-hansikas-kuorinta-rentoutus-bambu-pellava\/","og_locale":"en_GB","og_type":"article","og_title":"Bamb\u00f9 Hansikas kuorinta&rentoutus bambu\/pellava","og_description":"Bambu Hansikas kuorinta&rentoutus bambu\/pellava. Puhdistaa ja kuorii hell\u00e4varaisesti. Ekologinen kuorintahansikas j\u00e4tt\u00e4\u00e4 ihon sile\u00e4ksi ja kiinte\u00e4ksi.","og_url":"https:\/\/eettinenluksus.fi\/shop\/en\/product\/bambu-hansikas-kuorinta-rentoutus-bambu-pellava\/","og_site_name":"Shop Eettinen Luksus","article_publisher":"https:\/\/www.facebook.com\/eettinenluksus","article_modified_time":"2024-09-20T10:58:11+00:00","og_image":[{"width":1045,"height":1045,"url":"https:\/\/eettinenluksus.fi\/shop\/wp-content\/uploads\/sites\/4\/1726\/29\/Bambu-Hansikas-kuorintarentoutus-bambupellava-nelio.jpg","type":"image\/jpeg"}],"twitter_card":"summary_large_image","twitter_misc":{"Price":"12,35&nbsp;&euro;","Availability":"In stock"},"schema":{"@context":"https:\/\/schema.org","@graph":[{"@type":"WebPage","@id":"https:\/\/eettinenluksus.fi\/shop\/tuote\/bambu-hansikas-kuorinta-rentoutus-bambu-pellava\/","url":"https:\/\/eettinenluksus.fi\/shop\/tuote\/bambu-hansikas-kuorinta-rentoutus-bambu-pellava\/","name":"Bamb\u00f9 Hansikas kuorinta&rentoutus bambu\/pellava - Shop Eettinen Luksus","isPartOf":{"@id":"https:\/\/eettinenluksus.fi\/shop\/#website"},"primaryImageOfPage":{"@id":"https:\/\/eettinenluksus.fi\/shop\/tuote\/bambu-hansikas-kuorinta-rentoutus-bambu-pellava\/#primaryimage"},"image":{"@id":"https:\/\/eettinenluksus.fi\/shop\/tuote\/bambu-hansikas-kuorinta-rentoutus-bambu-pellava\/#primaryimage"},"thumbnailUrl":"https:\/\/eettinenluksus.fi\/shop\/wp-content\/uploads\/sites\/4\/1726\/29\/Bambu-Hansikas-kuorintarentoutus-bambupellava-nelio.jpg","datePublished":"2022-10-08T12:56:58+00:00","dateModified":"2024-09-20T10:58:11+00:00","description":"Bambu Hansikas kuorinta&rentoutus bambu\/pellava. Puhdistaa ja kuorii hell\u00e4varaisesti. Ekologinen kuorintahansikas j\u00e4tt\u00e4\u00e4 ihon sile\u00e4ksi ja kiinte\u00e4ksi.","breadcrumb":{"@id":"https:\/\/eettinenluksus.fi\/shop\/tuote\/bambu-hansikas-kuorinta-rentoutus-bambu-pellava\/#breadcrumb"},"inLanguage":"en-GB","potentialAction":[{"@type":"ReadAction","target":["https:\/\/eettinenluksus.fi\/shop\/tuote\/bambu-hansikas-kuorinta-rentoutus-bambu-pellava\/"]}]},{"@type":"ImageObject","inLanguage":"en-GB","@id":"https:\/\/eettinenluksus.fi\/shop\/tuote\/bambu-hansikas-kuorinta-rentoutus-bambu-pellava\/#primaryimage","url":"https:\/\/eettinenluksus.fi\/shop\/wp-content\/uploads\/sites\/4\/1726\/29\/Bambu-Hansikas-kuorintarentoutus-bambupellava-nelio.jpg","contentUrl":"https:\/\/eettinenluksus.fi\/shop\/wp-content\/uploads\/sites\/4\/1726\/29\/Bambu-Hansikas-kuorintarentoutus-bambupellava-nelio.jpg","width":1045,"height":1045,"caption":"Bambu Hansikas kuorinta&rentoutus bambupellava"},{"@type":"BreadcrumbList","@id":"https:\/\/eettinenluksus.fi\/shop\/tuote\/bambu-hansikas-kuorinta-rentoutus-bambu-pellava\/#breadcrumb","itemListElement":[{"@type":"ListItem","position":1,"name":"Etusivu","item":"https:\/\/eettinenluksus.fi\/shop\/"},{"@type":"ListItem","position":2,"name":"Kauppa","item":"https:\/\/eettinenluksus.fi\/shop\/en\/kauppa\/"},{"@type":"ListItem","position":3,"name":"Bamb\u00f9 Hansikas kuorinta&#038;rentoutus bambu\/pellava"}]},{"@type":"WebSite","@id":"https:\/\/eettinenluksus.fi\/shop\/#website","url":"https:\/\/eettinenluksus.fi\/shop\/","name":"Shop Eettinen Luksus","description":"Uusi verkkokauppa","publisher":{"@id":"https:\/\/eettinenluksus.fi\/shop\/#organization"},"potentialAction":[{"@type":"SearchAction","target":{"@type":"EntryPoint","urlTemplate":"https:\/\/eettinenluksus.fi\/shop\/?s={search_term_string}"},"query-input":{"@type":"PropertyValueSpecification","valueRequired":true,"valueName":"search_term_string"}}],"inLanguage":"en-GB"},{"@type":"Organization","@id":"https:\/\/eettinenluksus.fi\/shop\/#organization","name":"Shop Eettinen Luksus","url":"https:\/\/eettinenluksus.fi\/shop\/","logo":{"@type":"ImageObject","inLanguage":"en-GB","@id":"https:\/\/eettinenluksus.fi\/shop\/#\/schema\/logo\/image\/","url":"https:\/\/eettinenluksus.fi\/shop\/wp-content\/uploads\/sites\/4\/1664\/37\/cropped-ELO.jpg","contentUrl":"https:\/\/eettinenluksus.fi\/shop\/wp-content\/uploads\/sites\/4\/1664\/37\/cropped-ELO.jpg","width":810,"height":350,"caption":"Shop Eettinen Luksus"},"image":{"@id":"https:\/\/eettinenluksus.fi\/shop\/#\/schema\/logo\/image\/"},"sameAs":["https:\/\/www.facebook.com\/eettinenluksus","https:\/\/www.instagram.com\/eettinenluksus\/"]}]},"product_price_amount":"12.35","product_price_currency":"EUR","og_availability":"instock","product_availability":"instock","product_retailer_item_id":"4862","product_condition":"new"},"_links":{"self":[{"href":"https:\/\/eettinenluksus.fi\/shop\/en\/wp-json\/wp\/v2\/product\/1104","targetHints":{"allow":["GET"]}}],"collection":[{"href":"https:\/\/eettinenluksus.fi\/shop\/en\/wp-json\/wp\/v2\/product"}],"about":[{"href":"https:\/\/eettinenluksus.fi\/shop\/en\/wp-json\/wp\/v2\/types\/product"}],"version-history":[{"count":14,"href":"https:\/\/eettinenluksus.fi\/shop\/en\/wp-json\/wp\/v2\/product\/1104\/revisions"}],"predecessor-version":[{"id":2777,"href":"https:\/\/eettinenluksus.fi\/shop\/en\/wp-json\/wp\/v2\/product\/1104\/revisions\/2777"}],"wp:featuredmedia":[{"embeddable":true,"href":"https:\/\/eettinenluksus.fi\/shop\/en\/wp-json\/wp\/v2\/media\/4110"}],"wp:attachment":[{"href":"https:\/\/eettinenluksus.fi\/shop\/en\/wp-json\/wp\/v2\/media?parent=1104"}],"wp:term":[{"taxonomy":"product_brand","embeddable":true,"href":"https:\/\/eettinenluksus.fi\/shop\/en\/wp-json\/wp\/v2\/product_brand?post=1104"},{"taxonomy":"product_cat","embeddable":true,"href":"https:\/\/eettinenluksus.fi\/shop\/en\/wp-json\/wp\/v2\/product_cat?post=1104"},{"taxonomy":"product_tag","embeddable":true,"href":"https:\/\/eettinenluksus.fi\/shop\/en\/wp-json\/wp\/v2\/product_tag?post=1104"}],"curies":[{"name":"wp","href":"https:\/\/api.w.org\/{rel}","templated":true}]}}