{"id":1102,"date":"2022-10-08T15:52:41","date_gmt":"2022-10-08T12:52:41","guid":{"rendered":"https:\/\/eettinenluksus.fi\/shop2022\/?post_type=product&#038;p=1102"},"modified":"2024-09-20T14:01:51","modified_gmt":"2024-09-20T11:01:51","slug":"bambu-meikinpoistosienet-2-kpl","status":"publish","type":"product","link":"https:\/\/eettinenluksus.fi\/shop\/en\/product\/bambu-meikinpoistosienet-2-kpl\/","title":{"rendered":"Bamb\u00f9 Make-Up Removal Pads 2pcs"},"content":{"rendered":"<p style=\"font-size:0px;\">Bamb\u00f9 Meikinpoistosienet 2 kpl, ihanteellisia suojaamaan ihoa hell\u00e4varaisesti, Ekologinen meikinpoisto elvytt\u00e4v\u00e4 vaikutus.<\/p>\n<p>The cleansing pads enriched with bamboo extract have a revitalizing effect and are ideal for gently protecting the skin. Dermatologically tested.<\/p>\n<p>Bamboo is considered a symbol of longevity and resilience. Well-known and used since centuries in the Far East, this plant is extremely versatile and finds application in the cosmetic, furniture, food, and textile fields, among the others.<\/p>\n<p>The line is a complete range of products for a relaxing body care treatment and an inspiring sensorial experience. Thanks to the exclusive Xpand process, sponges are enriched with bamboo extract, natural source of precious minerals and antioxidant enzymes, which have a revitalizing action and ideal for gently cleansing while protecting the skin.<\/p>\n<p>The textiles, made of vegetable bamboo fiber are incredibly soft and pleasant, making them particularly suitable for sensitive skin and granting high moisture absorption. They have a high absorbency and dry quickly.<\/p>\n<p style=\"font-size: 0px;\"><a href=\"https:\/\/onxon.fi\/\"><span style=\"font-size:0px;\">&#8211;<\/span><\/a>Bamb\u00f9 Meikinpoistosienet 2 kpl. Ekologinen meikinpoisto elvytt\u00e4v\u00e4 vaikutus. Bambu, bambu-uute, meikinpoisto, rentoutus, bambu, hell\u00e4varainen, bambu, rentoutuminen, ekologinen, meikinpoisto. Bambu, bambu-uute, hyvinvointi, bambu, bambu-uute, meikinpoisto, ekologinen, meikinpoisto, rentoutus, bambu, ekologinen, meikinpoisto, bambu-uute. Bambu, bambu-uute, meikinpoisto, rentoutus. Bambu, hell\u00e4varainen, bambu, rentoutuminen, hell\u00e4varainen, hyvinvointi, ekologinen, meikinpoisto, bambu, ekologinen, meikinpoisto, bambu-uute, hyvinvointi, bambu, bambu-uute, meikinpoisto, hell\u00e4varainen, hyvinvointi, rentoutuminen, ekologinen, hell\u00e4varainen, hyvinvointi, rentoutus, bambu, bambu-uute. Bambu, bambu-uute, meikinpoisto, hell\u00e4varainen, hyvinvointi, rentoutus, bambu, hell\u00e4varainen, ekologinen, meikinpoisto, bambu, rentoutuminen, bambu, bambu-uute, hyvinvointi, bambu, bambu-uute, meikinpoisto, rentoutus, bambu, bambu-uute.<a href=\"https:\/\/www.facebook.com\/eettinenluksus\/\"><span style=\"font-size:0px;\">&#8211;<\/span><\/a><a href=\"https:\/\/www.instagram.com\/eettinenluksus\/\"><span style=\"font-size:0px;\">&#8211;<\/span><\/a><\/p>\n<h2 style=\"font-size: 0px;\">Bamb\u00f9 Make-Up Removal Pads 2pcs<\/h2>\n<p style=\"font-size: 0px;\">Bambu, bambu-uute, meikinpoisto, rentoutus, bambu, hell\u00e4varainen, bambu, rentoutuminen, ekologinen, meikinpoisto, bambu, bambu-uute, hyvinvointi, bambu, bambu-uute, meikinpoisto, ekologinen, meikinpoisto, ekologinen, meikinpoisto, rentoutus, meikinpoisto, rentoutus, bambu, ekologinen, meikinpoisto, rentoutus, meikinpoisto, bambu-uute. Bambu, bambu-uute, meikinpoisto, rentoutus, bambu, hell\u00e4varainen, bambu, rentoutuminen, ekologinen, meikinpoisto, bambu, ekologinen, hyvinvointi, meikinpoisto, bambu-uute. Hyvinvointi, bambu, bambu-uute, meikinpoisto, hell\u00e4varainen, hyvinvointi, rentoutus, bambu, bambu-uute. Rentoutuminen, bambu, bambu-uute, rentoutuminen, meikinpoisto, hell\u00e4varainen, meikinpoisto, hyvinvointi, bambu, ekologinen, meikinpoisto, rentoutuminen, hell\u00e4varainen, hyvinvointi, rentoutus, meikinpoisto, bambu-uute, meikinpoisto, rentoutus, bambu, bambu-uute. Bambu, bambu-uute, meikinpoisto, ekologinen, meikinpoisto, rentoutus, bambu, hell\u00e4varainen. <a href=\"https:\/\/eettinenluksus.fi\/shop\/tuotemerkit\/method-kasienpesu\/\"><span style=\"font-size:0px;\">&#8211;<\/span><\/a><a href=\"https:\/\/eettinenluksus.fi\/shop\/tuote\/beauty-sponge-pesusieni-aloe-vera\/\"><span style=\"font-size:0px;\">&#8211;<\/span><\/a><a href=\"https:\/\/eettinenluksus.fi\/shop\/tuote\/bambu-tuoksuva-pesusieni\/\"><span style=\"font-size:0px;\">&#8211;<\/span><\/a><a href=\"https:\/\/eettinenluksus.fi\/shop\/tuote\/method-nestesaippua-sweet-water-taytto-1064ml\/\"><span style=\"font-size:0px;\">&#8211;<\/span><\/a><a href=\"https:\/\/eettinenluksus.fi\/shop\/tuotemerkit\/hyvinvointi\/\"><span style=\"font-size:0px;\">&#8211;<\/span><\/a><a href=\"https:\/\/eettinenluksus.fi\/shop\/tuote\/bambu-hansikas-kuorinta-rentoutus-bambu-pellava\/\"><span style=\"font-size:0px;\">&#8211;<\/span><\/a><a href=\"https:\/\/eettinenluksus.fi\/shop\/tuote\/beauty-sponge-pesusieni-pink-grapefruit-oil\/\"><span style=\"font-size:0px;\">&#8211;<\/span><\/a><\/p>\n<ul style=\"font-size: 0px;\">\n<li>bamboo<\/li>\n<li>bambu-uute<\/li>\n<li>rentoutus<\/li>\n<li>ecological<\/li>\n<li>hell\u00e4varainen<\/li>\n<\/ul>","protected":false},"excerpt":{"rendered":"<p>Hell\u00e4sti puhdistavat ekologiset meikinpoistosienet suojaavat ihoa hell\u00e4varaisesti.<\/p>\n<p>Rikastettu bambu-uutteella. Ihoa elvytt\u00e4v\u00e4 vaikutus.<\/p>\n<p>Hell\u00e4varaisesti suojaava. Dermatologisesti testattu.<\/p>","protected":false},"featured_media":4114,"template":"","meta":{"inline_featured_image":false},"product_brand":[],"product_cat":[24,123],"product_tag":[62,217,70,215,216,68],"class_list":{"0":"post-1102","1":"product","2":"type-product","3":"status-publish","4":"has-post-thumbnail","6":"product_cat-bambu","7":"product_cat-hyvinvointi","8":"product_tag-bambu","9":"product_tag-bambu-uute","10":"product_tag-ekologinen","11":"product_tag-meikinpoisto","12":"product_tag-pesusieni","13":"product_tag-sieni","15":"first","16":"instock","17":"taxable","18":"shipping-taxable","19":"purchasable","20":"product-type-simple"},"yoast_head":"<!-- This site is optimized with the Yoast SEO Premium plugin v26.8 (Yoast SEO v27.4) - https:\/\/yoast.com\/product\/yoast-seo-premium-wordpress\/ -->\n<title>Bamb\u00f9 Meikinpoistosienet 2 kpl - Shop Eettinen Luksus<\/title>\n<meta name=\"description\" content=\"Bamb\u00f9 Meikinpoistosienet 2 kpl puhdistavat hell\u00e4sti. Ekologinen meikinpoisto elvytt\u00e4v\u00e4 vaikutus ja ne ovat ihanteellisia suojaamaan ihoa hell\u00e4varaisesti\" \/>\n<meta name=\"robots\" content=\"index, follow, max-snippet:-1, max-image-preview:large, max-video-preview:-1\" \/>\n<link rel=\"canonical\" href=\"https:\/\/eettinenluksus.fi\/shop\/en\/product\/bambu-meikinpoistosienet-2-kpl\/\" \/>\n<meta property=\"og:locale\" content=\"en_GB\" \/>\n<meta property=\"og:type\" content=\"article\" \/>\n<meta property=\"og:title\" content=\"Bamb\u00f9 Meikinpoistosienet 2 kpl\" \/>\n<meta property=\"og:description\" content=\"Bamb\u00f9 Meikinpoistosienet 2 kpl puhdistavat hell\u00e4sti. Ekologinen meikinpoisto elvytt\u00e4v\u00e4 vaikutus ja ne ovat ihanteellisia suojaamaan ihoa hell\u00e4varaisesti\" \/>\n<meta property=\"og:url\" content=\"https:\/\/eettinenluksus.fi\/shop\/en\/product\/bambu-meikinpoistosienet-2-kpl\/\" \/>\n<meta property=\"og:site_name\" content=\"Shop Eettinen Luksus\" \/>\n<meta property=\"article:publisher\" content=\"https:\/\/www.facebook.com\/eettinenluksus\" \/>\n<meta property=\"article:modified_time\" content=\"2024-09-20T11:01:51+00:00\" \/>\n<meta property=\"og:image\" content=\"https:\/\/eettinenluksus.fi\/shop\/wp-content\/uploads\/sites\/4\/1726\/29\/Bambu-Meikinpoistosienet-2-kpl-nelio.jpg\" \/>\n\t<meta property=\"og:image:width\" content=\"1045\" \/>\n\t<meta property=\"og:image:height\" content=\"1045\" \/>\n\t<meta property=\"og:image:type\" content=\"image\/jpeg\" \/>\n<meta name=\"twitter:card\" content=\"summary_large_image\" \/>\n<meta name=\"twitter:label1\" content=\"Price\" \/>\n\t<meta name=\"twitter:data1\" content=\"5,15&nbsp;&euro;\" \/>\n\t<meta name=\"twitter:label2\" content=\"Availability\" \/>\n\t<meta name=\"twitter:data2\" content=\"In stock\" \/>\n<script type=\"application\/ld+json\" class=\"yoast-schema-graph\">{\"@context\":\"https:\\\/\\\/schema.org\",\"@graph\":[{\"@type\":\"WebPage\",\"@id\":\"https:\\\/\\\/eettinenluksus.fi\\\/shop\\\/tuote\\\/bambu-meikinpoistosienet-2-kpl\\\/\",\"url\":\"https:\\\/\\\/eettinenluksus.fi\\\/shop\\\/tuote\\\/bambu-meikinpoistosienet-2-kpl\\\/\",\"name\":\"Bamb\u00f9 Meikinpoistosienet 2 kpl - Shop Eettinen Luksus\",\"isPartOf\":{\"@id\":\"https:\\\/\\\/eettinenluksus.fi\\\/shop\\\/#website\"},\"primaryImageOfPage\":{\"@id\":\"https:\\\/\\\/eettinenluksus.fi\\\/shop\\\/tuote\\\/bambu-meikinpoistosienet-2-kpl\\\/#primaryimage\"},\"image\":{\"@id\":\"https:\\\/\\\/eettinenluksus.fi\\\/shop\\\/tuote\\\/bambu-meikinpoistosienet-2-kpl\\\/#primaryimage\"},\"thumbnailUrl\":\"https:\\\/\\\/eettinenluksus.fi\\\/shop\\\/wp-content\\\/uploads\\\/sites\\\/4\\\/1726\\\/29\\\/Bambu-Meikinpoistosienet-2-kpl-nelio.jpg\",\"datePublished\":\"2022-10-08T12:52:41+00:00\",\"dateModified\":\"2024-09-20T11:01:51+00:00\",\"description\":\"Bamb\u00f9 Meikinpoistosienet 2 kpl puhdistavat hell\u00e4sti. Ekologinen meikinpoisto elvytt\u00e4v\u00e4 vaikutus ja ne ovat ihanteellisia suojaamaan ihoa hell\u00e4varaisesti\",\"breadcrumb\":{\"@id\":\"https:\\\/\\\/eettinenluksus.fi\\\/shop\\\/tuote\\\/bambu-meikinpoistosienet-2-kpl\\\/#breadcrumb\"},\"inLanguage\":\"en-GB\",\"potentialAction\":[{\"@type\":\"ReadAction\",\"target\":[\"https:\\\/\\\/eettinenluksus.fi\\\/shop\\\/tuote\\\/bambu-meikinpoistosienet-2-kpl\\\/\"]}]},{\"@type\":\"ImageObject\",\"inLanguage\":\"en-GB\",\"@id\":\"https:\\\/\\\/eettinenluksus.fi\\\/shop\\\/tuote\\\/bambu-meikinpoistosienet-2-kpl\\\/#primaryimage\",\"url\":\"https:\\\/\\\/eettinenluksus.fi\\\/shop\\\/wp-content\\\/uploads\\\/sites\\\/4\\\/1726\\\/29\\\/Bambu-Meikinpoistosienet-2-kpl-nelio.jpg\",\"contentUrl\":\"https:\\\/\\\/eettinenluksus.fi\\\/shop\\\/wp-content\\\/uploads\\\/sites\\\/4\\\/1726\\\/29\\\/Bambu-Meikinpoistosienet-2-kpl-nelio.jpg\",\"width\":1045,\"height\":1045,\"caption\":\"Bambu Meikinpoistosienet 2 kpl\"},{\"@type\":\"BreadcrumbList\",\"@id\":\"https:\\\/\\\/eettinenluksus.fi\\\/shop\\\/tuote\\\/bambu-meikinpoistosienet-2-kpl\\\/#breadcrumb\",\"itemListElement\":[{\"@type\":\"ListItem\",\"position\":1,\"name\":\"Etusivu\",\"item\":\"https:\\\/\\\/eettinenluksus.fi\\\/shop\\\/\"},{\"@type\":\"ListItem\",\"position\":2,\"name\":\"Kauppa\",\"item\":\"https:\\\/\\\/eettinenluksus.fi\\\/shop\\\/en\\\/kauppa\\\/\"},{\"@type\":\"ListItem\",\"position\":3,\"name\":\"Bamb\u00f9 Meikinpoistosienet 2 kpl\"}]},{\"@type\":\"WebSite\",\"@id\":\"https:\\\/\\\/eettinenluksus.fi\\\/shop\\\/#website\",\"url\":\"https:\\\/\\\/eettinenluksus.fi\\\/shop\\\/\",\"name\":\"Shop Eettinen Luksus\",\"description\":\"Uusi verkkokauppa\",\"publisher\":{\"@id\":\"https:\\\/\\\/eettinenluksus.fi\\\/shop\\\/#organization\"},\"potentialAction\":[{\"@type\":\"SearchAction\",\"target\":{\"@type\":\"EntryPoint\",\"urlTemplate\":\"https:\\\/\\\/eettinenluksus.fi\\\/shop\\\/?s={search_term_string}\"},\"query-input\":{\"@type\":\"PropertyValueSpecification\",\"valueRequired\":true,\"valueName\":\"search_term_string\"}}],\"inLanguage\":\"en-GB\"},{\"@type\":\"Organization\",\"@id\":\"https:\\\/\\\/eettinenluksus.fi\\\/shop\\\/#organization\",\"name\":\"Shop Eettinen Luksus\",\"url\":\"https:\\\/\\\/eettinenluksus.fi\\\/shop\\\/\",\"logo\":{\"@type\":\"ImageObject\",\"inLanguage\":\"en-GB\",\"@id\":\"https:\\\/\\\/eettinenluksus.fi\\\/shop\\\/#\\\/schema\\\/logo\\\/image\\\/\",\"url\":\"https:\\\/\\\/eettinenluksus.fi\\\/shop\\\/wp-content\\\/uploads\\\/sites\\\/4\\\/1664\\\/37\\\/cropped-ELO.jpg\",\"contentUrl\":\"https:\\\/\\\/eettinenluksus.fi\\\/shop\\\/wp-content\\\/uploads\\\/sites\\\/4\\\/1664\\\/37\\\/cropped-ELO.jpg\",\"width\":810,\"height\":350,\"caption\":\"Shop Eettinen Luksus\"},\"image\":{\"@id\":\"https:\\\/\\\/eettinenluksus.fi\\\/shop\\\/#\\\/schema\\\/logo\\\/image\\\/\"},\"sameAs\":[\"https:\\\/\\\/www.facebook.com\\\/eettinenluksus\",\"https:\\\/\\\/www.instagram.com\\\/eettinenluksus\\\/\"]}]}<\/script>\n<meta property=\"product:price:amount\" content=\"5.15\" \/>\n<meta property=\"product:price:currency\" content=\"EUR\" \/>\n<meta property=\"og:availability\" content=\"instock\" \/>\n<meta property=\"product:availability\" content=\"instock\" \/>\n<meta property=\"product:retailer_item_id\" content=\"4859\" \/>\n<meta property=\"product:condition\" content=\"new\" \/>\n<!-- \/ Yoast SEO Premium plugin. -->","yoast_head_json":{"title":"Bamb\u00f9 Meikinpoistosienet 2 kpl - Shop Eettinen Luksus","description":"Bamb\u00f9 Meikinpoistosienet 2 kpl puhdistavat hell\u00e4sti. Ekologinen meikinpoisto elvytt\u00e4v\u00e4 vaikutus ja ne ovat ihanteellisia suojaamaan ihoa hell\u00e4varaisesti","robots":{"index":"index","follow":"follow","max-snippet":"max-snippet:-1","max-image-preview":"max-image-preview:large","max-video-preview":"max-video-preview:-1"},"canonical":"https:\/\/eettinenluksus.fi\/shop\/en\/product\/bambu-meikinpoistosienet-2-kpl\/","og_locale":"en_GB","og_type":"article","og_title":"Bamb\u00f9 Meikinpoistosienet 2 kpl","og_description":"Bamb\u00f9 Meikinpoistosienet 2 kpl puhdistavat hell\u00e4sti. Ekologinen meikinpoisto elvytt\u00e4v\u00e4 vaikutus ja ne ovat ihanteellisia suojaamaan ihoa hell\u00e4varaisesti","og_url":"https:\/\/eettinenluksus.fi\/shop\/en\/product\/bambu-meikinpoistosienet-2-kpl\/","og_site_name":"Shop Eettinen Luksus","article_publisher":"https:\/\/www.facebook.com\/eettinenluksus","article_modified_time":"2024-09-20T11:01:51+00:00","og_image":[{"width":1045,"height":1045,"url":"https:\/\/eettinenluksus.fi\/shop\/wp-content\/uploads\/sites\/4\/1726\/29\/Bambu-Meikinpoistosienet-2-kpl-nelio.jpg","type":"image\/jpeg"}],"twitter_card":"summary_large_image","twitter_misc":{"Price":"5,15&nbsp;&euro;","Availability":"In stock"},"schema":{"@context":"https:\/\/schema.org","@graph":[{"@type":"WebPage","@id":"https:\/\/eettinenluksus.fi\/shop\/tuote\/bambu-meikinpoistosienet-2-kpl\/","url":"https:\/\/eettinenluksus.fi\/shop\/tuote\/bambu-meikinpoistosienet-2-kpl\/","name":"Bamb\u00f9 Meikinpoistosienet 2 kpl - Shop Eettinen Luksus","isPartOf":{"@id":"https:\/\/eettinenluksus.fi\/shop\/#website"},"primaryImageOfPage":{"@id":"https:\/\/eettinenluksus.fi\/shop\/tuote\/bambu-meikinpoistosienet-2-kpl\/#primaryimage"},"image":{"@id":"https:\/\/eettinenluksus.fi\/shop\/tuote\/bambu-meikinpoistosienet-2-kpl\/#primaryimage"},"thumbnailUrl":"https:\/\/eettinenluksus.fi\/shop\/wp-content\/uploads\/sites\/4\/1726\/29\/Bambu-Meikinpoistosienet-2-kpl-nelio.jpg","datePublished":"2022-10-08T12:52:41+00:00","dateModified":"2024-09-20T11:01:51+00:00","description":"Bamb\u00f9 Meikinpoistosienet 2 kpl puhdistavat hell\u00e4sti. Ekologinen meikinpoisto elvytt\u00e4v\u00e4 vaikutus ja ne ovat ihanteellisia suojaamaan ihoa hell\u00e4varaisesti","breadcrumb":{"@id":"https:\/\/eettinenluksus.fi\/shop\/tuote\/bambu-meikinpoistosienet-2-kpl\/#breadcrumb"},"inLanguage":"en-GB","potentialAction":[{"@type":"ReadAction","target":["https:\/\/eettinenluksus.fi\/shop\/tuote\/bambu-meikinpoistosienet-2-kpl\/"]}]},{"@type":"ImageObject","inLanguage":"en-GB","@id":"https:\/\/eettinenluksus.fi\/shop\/tuote\/bambu-meikinpoistosienet-2-kpl\/#primaryimage","url":"https:\/\/eettinenluksus.fi\/shop\/wp-content\/uploads\/sites\/4\/1726\/29\/Bambu-Meikinpoistosienet-2-kpl-nelio.jpg","contentUrl":"https:\/\/eettinenluksus.fi\/shop\/wp-content\/uploads\/sites\/4\/1726\/29\/Bambu-Meikinpoistosienet-2-kpl-nelio.jpg","width":1045,"height":1045,"caption":"Bambu Meikinpoistosienet 2 kpl"},{"@type":"BreadcrumbList","@id":"https:\/\/eettinenluksus.fi\/shop\/tuote\/bambu-meikinpoistosienet-2-kpl\/#breadcrumb","itemListElement":[{"@type":"ListItem","position":1,"name":"Etusivu","item":"https:\/\/eettinenluksus.fi\/shop\/"},{"@type":"ListItem","position":2,"name":"Kauppa","item":"https:\/\/eettinenluksus.fi\/shop\/en\/kauppa\/"},{"@type":"ListItem","position":3,"name":"Bamb\u00f9 Meikinpoistosienet 2 kpl"}]},{"@type":"WebSite","@id":"https:\/\/eettinenluksus.fi\/shop\/#website","url":"https:\/\/eettinenluksus.fi\/shop\/","name":"Shop Eettinen Luksus","description":"Uusi verkkokauppa","publisher":{"@id":"https:\/\/eettinenluksus.fi\/shop\/#organization"},"potentialAction":[{"@type":"SearchAction","target":{"@type":"EntryPoint","urlTemplate":"https:\/\/eettinenluksus.fi\/shop\/?s={search_term_string}"},"query-input":{"@type":"PropertyValueSpecification","valueRequired":true,"valueName":"search_term_string"}}],"inLanguage":"en-GB"},{"@type":"Organization","@id":"https:\/\/eettinenluksus.fi\/shop\/#organization","name":"Shop Eettinen Luksus","url":"https:\/\/eettinenluksus.fi\/shop\/","logo":{"@type":"ImageObject","inLanguage":"en-GB","@id":"https:\/\/eettinenluksus.fi\/shop\/#\/schema\/logo\/image\/","url":"https:\/\/eettinenluksus.fi\/shop\/wp-content\/uploads\/sites\/4\/1664\/37\/cropped-ELO.jpg","contentUrl":"https:\/\/eettinenluksus.fi\/shop\/wp-content\/uploads\/sites\/4\/1664\/37\/cropped-ELO.jpg","width":810,"height":350,"caption":"Shop Eettinen Luksus"},"image":{"@id":"https:\/\/eettinenluksus.fi\/shop\/#\/schema\/logo\/image\/"},"sameAs":["https:\/\/www.facebook.com\/eettinenluksus","https:\/\/www.instagram.com\/eettinenluksus\/"]}]},"product_price_amount":"5.15","product_price_currency":"EUR","og_availability":"instock","product_availability":"instock","product_retailer_item_id":"4859","product_condition":"new"},"_links":{"self":[{"href":"https:\/\/eettinenluksus.fi\/shop\/en\/wp-json\/wp\/v2\/product\/1102","targetHints":{"allow":["GET"]}}],"collection":[{"href":"https:\/\/eettinenluksus.fi\/shop\/en\/wp-json\/wp\/v2\/product"}],"about":[{"href":"https:\/\/eettinenluksus.fi\/shop\/en\/wp-json\/wp\/v2\/types\/product"}],"version-history":[{"count":21,"href":"https:\/\/eettinenluksus.fi\/shop\/en\/wp-json\/wp\/v2\/product\/1102\/revisions"}],"predecessor-version":[{"id":2754,"href":"https:\/\/eettinenluksus.fi\/shop\/en\/wp-json\/wp\/v2\/product\/1102\/revisions\/2754"}],"wp:featuredmedia":[{"embeddable":true,"href":"https:\/\/eettinenluksus.fi\/shop\/en\/wp-json\/wp\/v2\/media\/4114"}],"wp:attachment":[{"href":"https:\/\/eettinenluksus.fi\/shop\/en\/wp-json\/wp\/v2\/media?parent=1102"}],"wp:term":[{"taxonomy":"product_brand","embeddable":true,"href":"https:\/\/eettinenluksus.fi\/shop\/en\/wp-json\/wp\/v2\/product_brand?post=1102"},{"taxonomy":"product_cat","embeddable":true,"href":"https:\/\/eettinenluksus.fi\/shop\/en\/wp-json\/wp\/v2\/product_cat?post=1102"},{"taxonomy":"product_tag","embeddable":true,"href":"https:\/\/eettinenluksus.fi\/shop\/en\/wp-json\/wp\/v2\/product_tag?post=1102"}],"curies":[{"name":"wp","href":"https:\/\/api.w.org\/{rel}","templated":true}]}}