{"id":1089,"date":"2022-10-08T11:34:32","date_gmt":"2022-10-08T08:34:32","guid":{"rendered":"https:\/\/eettinenluksus.fi\/shop2022\/?post_type=product&#038;p=1089"},"modified":"2024-09-20T14:09:58","modified_gmt":"2024-09-20T11:09:58","slug":"bambu-hansikas-bambu-luffa","status":"publish","type":"product","link":"https:\/\/eettinenluksus.fi\/shop\/en\/product\/bambu-hansikas-bambu-luffa\/","title":{"rendered":"Bamb\u00f9 Exfoliating Body Glove Bamboo x Loofah"},"content":{"rendered":"<p style=\"font-size: 0px;\">Bamb\u00f9 Exfoliating Body Glove Bamboo x Loofah<\/p>\n<p>Exfoliating Body Glove made from high quality bamboo viscose. The side in loofah reactivates circulation with a natural peeling action, while the side in viscose gently cleanses the skin. Dermatologically tested.<\/p>\n<p>Bamboo is considered a symbol of longevity and resilience. Well-known and used since centuries in the Far East, this plant is extremely versatile and finds application in the cosmetic, furniture, food, and textile fields, among the others.<\/p>\n<p>The line is a complete range of products for a relaxing body care treatment and an inspiring sensorial experience. Thanks to the exclusive Xpand process, sponges are enriched with bamboo extract, natural source of precious minerals and antioxidant enzymes, which have a revitalizing action and ideal for gently cleansing while protecting the skin.<\/p>\n<p>The textiles, made of vegetable bamboo fiber are incredibly soft and pleasant, making them particularly suitable for sensitive skin and granting high moisture absorption. They have a high absorbency and dry quickly.<\/p>\n<p style=\"font-size: 0px;\"><a href=\"https:\/\/onxon.fi\/\"><span style=\"font-size:0px;\">&#8211;<\/span><\/a>Ekologinen hansikas elvytt\u00e4v\u00e4 vaikutus. Bambu, hansikas, luffa, rentoutus, bambu, pehme\u00e4, bambu, rentoutuminen, ekologinen, hansikas. Bambu, hyvinvointi, luffa, bambu, hansikas, ekologinen, luffa, hansikas, rentoutus, bambu, ekologinen, hansikas, luffa. Bamb\u00f9 Hansikas bambu x luffa. Bambu, hansikas, luffa, rentoutus. Bambu, pehme\u00e4, bambu, rentoutuminen, pehme\u00e4, hyvinvointi, ekologinen, hansikas. Bambu, ekologinen, hansikas, luffa, hyvinvointi, luffa, bambu, hansikas, pehme\u00e4, hyvinvointi. Rentoutuminen, ekologinen, pehme\u00e4, hyvinvointi, rentoutus, bambu, luffa. Bambu, luffa, hansikas, pehme\u00e4, hyvinvointi, rentoutus, bambu, pehme\u00e4, ekologinen. Hansikas, bambu, rentoutuminen, bambu, luffa, hyvinvointi, bambu, luffa, hansikas, rentoutus, bambu, luffa.<a href=\"https:\/\/www.facebook.com\/eettinenluksus\/\"><span style=\"font-size:0px;\">&#8211;<\/span><\/a><a href=\"https:\/\/www.instagram.com\/eettinenluksus\/\"><span style=\"font-size:0px;\">&#8211;<\/span><\/a><\/p>\n<h2 style=\"font-size: 0px;\">Bamb\u00f9 Exfoliating Body Glove Bamboo x Loofah<\/h2>\n<p style=\"font-size: 0px;\">Bambu, luffa, hansikas, rentoutus, bambu, pehme\u00e4, bambu, rentoutuminen, ekologinen. Kaksivaikutteinen hansikas bambusta ja luffasta. Hansikas, luffa, bambu, hyvinvointi, bambu, luffa, hansikas, ekologinen, hansikas, ekologinen. Hansikas, rentoutus, hansikas, rentoutus, bambu, ekologinen, hansikas, rentoutus, hansikas, luffa. Bambu, luffa, hansikas, rentoutus, bambu, pehme\u00e4, bambu, rentoutuminen, Rikastettu luffa. Elvytt\u00e4v\u00e4 vaikutus. Hell\u00e4varainen puhdistus. ekologinen, hansikas, bambu, ekologinen. Hyvinvointi, hansikas, luffa. Hyvinvointi, bambu, hansikas, pehme\u00e4, hyvinvointi, bambu, rentoutus, luffa. Rentoutuminen, bambu, luffa, rentoutuminen, hansikas, pehme\u00e4, hansikas, hyvinvointi, bambu, ekologinen. Hansikas, rentoutuminen, pehme\u00e4, hyvinvointi, rentoutus, hansikas, luffa, hansikas. Rentoutus, luffa, bambu. Ekologinen, hansikas, rentoutus, bambu, pehme\u00e4. <a href=\"https:\/\/eettinenluksus.fi\/shop\/en\/product\/bambu-kuorintasieni\/\"><span style=\"font-size:0px;\">&#8211;<\/span><\/a><a href=\"https:\/\/eettinenluksus.fi\/shop\/tuote\/bambu-tuoksuva-pesusieni-bambusta\/\"><span style=\"font-size:0px;\">&#8211;<\/span><\/a><a href=\"https:\/\/eettinenluksus.fi\/shop\/tuotemerkit\/mreco\/\"><span style=\"font-size:0px;\">&#8211;<\/span><\/a><a href=\"https:\/\/eettinenluksus.fi\/shop\/tuote\/bambu-hansikas-kuorinta-rentoutus-bambu-pellava\/\"><span style=\"font-size:0px;\">&#8211;<\/span><\/a><a href=\"https:\/\/eettinenluksus.fi\/shop\/tuotemerkit\/hyvinvointi\/\"><span style=\"font-size:0px;\">&#8211;<\/span><\/a><a href=\"https:\/\/eettinenluksus.fi\/shop\/tuote\/bambu-kuoriva-selanpesin-bambuviskoosi-luffa\/\"><span style=\"font-size:0px;\">&#8211;<\/span><\/a><a href=\"https:\/\/eettinenluksus.fi\/shop\/tuote\/mreco-hankaussieni-2-puol-luffa-selluloosa-11x7cm\/\"><span style=\"font-size:0px;\">&#8211;<\/span><\/a><\/p>\n<ul style=\"font-size: 0px;\">\n<li>bamboo<\/li>\n<li>luffa<\/li>\n<li>rentoutus<\/li>\n<li>ecological<\/li>\n<li>pehme\u00e4<\/li>\n<\/ul>","protected":false},"excerpt":{"rendered":"<p>Exfoliating Body Glove made from high quality bamboo viscose<\/p>\n<p>Dual-action washing glove for the body from bamboo and luffa - loofah peels naturally, viscose side cleanses gently<\/p>\n<p>A combination of gentle caressing and exfoliating massage<\/p>","protected":false},"featured_media":4109,"template":"","meta":{"inline_featured_image":false},"product_brand":[],"product_cat":[24,123],"product_tag":[62,70,213,214,92,222],"class_list":{"0":"post-1089","1":"product","2":"type-product","3":"status-publish","4":"has-post-thumbnail","6":"product_cat-bambu","7":"product_cat-hyvinvointi","8":"product_tag-bambu","9":"product_tag-ekologinen","10":"product_tag-hansikas","11":"product_tag-hanska","12":"product_tag-luffa","13":"product_tag-pesukinnas","15":"first","16":"instock","17":"taxable","18":"shipping-taxable","19":"purchasable","20":"product-type-simple"},"yoast_head":"<!-- This site is optimized with the Yoast SEO Premium plugin v26.8 (Yoast SEO v27.4) - https:\/\/yoast.com\/product\/yoast-seo-premium-wordpress\/ -->\n<title>Bamb\u00f9 Hansikas bambu x luffa - Shop Eettinen Luksus<\/title>\n<meta name=\"description\" content=\"Bamb\u00f9 Hansikas bambu x luffa on kaksivaikutteinen pesuhansikas vartalolle bambusta ja luffasta - yhdistelm\u00e4 hell\u00e4\u00e4 hyv\u00e4ily\u00e4 ja kuorivaa hierontaa\" \/>\n<meta name=\"robots\" content=\"index, follow, max-snippet:-1, max-image-preview:large, max-video-preview:-1\" \/>\n<link rel=\"canonical\" href=\"https:\/\/eettinenluksus.fi\/shop\/en\/product\/bambu-hansikas-bambu-luffa\/\" \/>\n<meta property=\"og:locale\" content=\"en_GB\" \/>\n<meta property=\"og:type\" content=\"article\" \/>\n<meta property=\"og:title\" content=\"Bamb\u00f9 Hansikas bambu x luffa\" \/>\n<meta property=\"og:description\" content=\"Bamb\u00f9 Hansikas bambu x luffa on kaksivaikutteinen pesuhansikas vartalolle bambusta ja luffasta - yhdistelm\u00e4 hell\u00e4\u00e4 hyv\u00e4ily\u00e4 ja kuorivaa hierontaa\" \/>\n<meta property=\"og:url\" content=\"https:\/\/eettinenluksus.fi\/shop\/en\/product\/bambu-hansikas-bambu-luffa\/\" \/>\n<meta property=\"og:site_name\" content=\"Shop Eettinen Luksus\" \/>\n<meta property=\"article:publisher\" content=\"https:\/\/www.facebook.com\/eettinenluksus\" \/>\n<meta property=\"article:modified_time\" content=\"2024-09-20T11:09:58+00:00\" \/>\n<meta property=\"og:image\" content=\"https:\/\/eettinenluksus.fi\/shop\/wp-content\/uploads\/sites\/4\/1726\/29\/Bambu-Hansikas-bambuluffa-nelio.jpg\" \/>\n\t<meta property=\"og:image:width\" content=\"1045\" \/>\n\t<meta property=\"og:image:height\" content=\"1045\" \/>\n\t<meta property=\"og:image:type\" content=\"image\/jpeg\" \/>\n<meta name=\"twitter:card\" content=\"summary_large_image\" \/>\n<meta name=\"twitter:label1\" content=\"Price\" \/>\n\t<meta name=\"twitter:data1\" content=\"13,55&nbsp;&euro;\" \/>\n\t<meta name=\"twitter:label2\" content=\"Availability\" \/>\n\t<meta name=\"twitter:data2\" content=\"In stock\" \/>\n<script type=\"application\/ld+json\" class=\"yoast-schema-graph\">{\"@context\":\"https:\\\/\\\/schema.org\",\"@graph\":[{\"@type\":\"WebPage\",\"@id\":\"https:\\\/\\\/eettinenluksus.fi\\\/shop\\\/tuote\\\/bambu-hansikas-bambu-luffa\\\/\",\"url\":\"https:\\\/\\\/eettinenluksus.fi\\\/shop\\\/tuote\\\/bambu-hansikas-bambu-luffa\\\/\",\"name\":\"Bamb\u00f9 Hansikas bambu x luffa - Shop Eettinen Luksus\",\"isPartOf\":{\"@id\":\"https:\\\/\\\/eettinenluksus.fi\\\/shop\\\/#website\"},\"primaryImageOfPage\":{\"@id\":\"https:\\\/\\\/eettinenluksus.fi\\\/shop\\\/tuote\\\/bambu-hansikas-bambu-luffa\\\/#primaryimage\"},\"image\":{\"@id\":\"https:\\\/\\\/eettinenluksus.fi\\\/shop\\\/tuote\\\/bambu-hansikas-bambu-luffa\\\/#primaryimage\"},\"thumbnailUrl\":\"https:\\\/\\\/eettinenluksus.fi\\\/shop\\\/wp-content\\\/uploads\\\/sites\\\/4\\\/1726\\\/29\\\/Bambu-Hansikas-bambuluffa-nelio.jpg\",\"datePublished\":\"2022-10-08T08:34:32+00:00\",\"dateModified\":\"2024-09-20T11:09:58+00:00\",\"description\":\"Bamb\u00f9 Hansikas bambu x luffa on kaksivaikutteinen pesuhansikas vartalolle bambusta ja luffasta - yhdistelm\u00e4 hell\u00e4\u00e4 hyv\u00e4ily\u00e4 ja kuorivaa hierontaa\",\"breadcrumb\":{\"@id\":\"https:\\\/\\\/eettinenluksus.fi\\\/shop\\\/tuote\\\/bambu-hansikas-bambu-luffa\\\/#breadcrumb\"},\"inLanguage\":\"en-GB\",\"potentialAction\":[{\"@type\":\"ReadAction\",\"target\":[\"https:\\\/\\\/eettinenluksus.fi\\\/shop\\\/tuote\\\/bambu-hansikas-bambu-luffa\\\/\"]}]},{\"@type\":\"ImageObject\",\"inLanguage\":\"en-GB\",\"@id\":\"https:\\\/\\\/eettinenluksus.fi\\\/shop\\\/tuote\\\/bambu-hansikas-bambu-luffa\\\/#primaryimage\",\"url\":\"https:\\\/\\\/eettinenluksus.fi\\\/shop\\\/wp-content\\\/uploads\\\/sites\\\/4\\\/1726\\\/29\\\/Bambu-Hansikas-bambuluffa-nelio.jpg\",\"contentUrl\":\"https:\\\/\\\/eettinenluksus.fi\\\/shop\\\/wp-content\\\/uploads\\\/sites\\\/4\\\/1726\\\/29\\\/Bambu-Hansikas-bambuluffa-nelio.jpg\",\"width\":1045,\"height\":1045,\"caption\":\"Bambu Hansikas bambuluffa\"},{\"@type\":\"BreadcrumbList\",\"@id\":\"https:\\\/\\\/eettinenluksus.fi\\\/shop\\\/tuote\\\/bambu-hansikas-bambu-luffa\\\/#breadcrumb\",\"itemListElement\":[{\"@type\":\"ListItem\",\"position\":1,\"name\":\"Etusivu\",\"item\":\"https:\\\/\\\/eettinenluksus.fi\\\/shop\\\/\"},{\"@type\":\"ListItem\",\"position\":2,\"name\":\"Kauppa\",\"item\":\"https:\\\/\\\/eettinenluksus.fi\\\/shop\\\/en\\\/kauppa\\\/\"},{\"@type\":\"ListItem\",\"position\":3,\"name\":\"Bamb\u00f9 Hansikas bambu x luffa\"}]},{\"@type\":\"WebSite\",\"@id\":\"https:\\\/\\\/eettinenluksus.fi\\\/shop\\\/#website\",\"url\":\"https:\\\/\\\/eettinenluksus.fi\\\/shop\\\/\",\"name\":\"Shop Eettinen Luksus\",\"description\":\"Uusi verkkokauppa\",\"publisher\":{\"@id\":\"https:\\\/\\\/eettinenluksus.fi\\\/shop\\\/#organization\"},\"potentialAction\":[{\"@type\":\"SearchAction\",\"target\":{\"@type\":\"EntryPoint\",\"urlTemplate\":\"https:\\\/\\\/eettinenluksus.fi\\\/shop\\\/?s={search_term_string}\"},\"query-input\":{\"@type\":\"PropertyValueSpecification\",\"valueRequired\":true,\"valueName\":\"search_term_string\"}}],\"inLanguage\":\"en-GB\"},{\"@type\":\"Organization\",\"@id\":\"https:\\\/\\\/eettinenluksus.fi\\\/shop\\\/#organization\",\"name\":\"Shop Eettinen Luksus\",\"url\":\"https:\\\/\\\/eettinenluksus.fi\\\/shop\\\/\",\"logo\":{\"@type\":\"ImageObject\",\"inLanguage\":\"en-GB\",\"@id\":\"https:\\\/\\\/eettinenluksus.fi\\\/shop\\\/#\\\/schema\\\/logo\\\/image\\\/\",\"url\":\"https:\\\/\\\/eettinenluksus.fi\\\/shop\\\/wp-content\\\/uploads\\\/sites\\\/4\\\/1664\\\/37\\\/cropped-ELO.jpg\",\"contentUrl\":\"https:\\\/\\\/eettinenluksus.fi\\\/shop\\\/wp-content\\\/uploads\\\/sites\\\/4\\\/1664\\\/37\\\/cropped-ELO.jpg\",\"width\":810,\"height\":350,\"caption\":\"Shop Eettinen Luksus\"},\"image\":{\"@id\":\"https:\\\/\\\/eettinenluksus.fi\\\/shop\\\/#\\\/schema\\\/logo\\\/image\\\/\"},\"sameAs\":[\"https:\\\/\\\/www.facebook.com\\\/eettinenluksus\",\"https:\\\/\\\/www.instagram.com\\\/eettinenluksus\\\/\"]}]}<\/script>\n<meta property=\"product:price:amount\" content=\"13.55\" \/>\n<meta property=\"product:price:currency\" content=\"EUR\" \/>\n<meta property=\"og:availability\" content=\"instock\" \/>\n<meta property=\"product:availability\" content=\"instock\" \/>\n<meta property=\"product:retailer_item_id\" content=\"4851\" \/>\n<meta property=\"product:condition\" content=\"new\" \/>\n<!-- \/ Yoast SEO Premium plugin. -->","yoast_head_json":{"title":"Bamb\u00f9 Hansikas bambu x luffa - Shop Eettinen Luksus","description":"Bamb\u00f9 Hansikas bambu x luffa on kaksivaikutteinen pesuhansikas vartalolle bambusta ja luffasta - yhdistelm\u00e4 hell\u00e4\u00e4 hyv\u00e4ily\u00e4 ja kuorivaa hierontaa","robots":{"index":"index","follow":"follow","max-snippet":"max-snippet:-1","max-image-preview":"max-image-preview:large","max-video-preview":"max-video-preview:-1"},"canonical":"https:\/\/eettinenluksus.fi\/shop\/en\/product\/bambu-hansikas-bambu-luffa\/","og_locale":"en_GB","og_type":"article","og_title":"Bamb\u00f9 Hansikas bambu x luffa","og_description":"Bamb\u00f9 Hansikas bambu x luffa on kaksivaikutteinen pesuhansikas vartalolle bambusta ja luffasta - yhdistelm\u00e4 hell\u00e4\u00e4 hyv\u00e4ily\u00e4 ja kuorivaa hierontaa","og_url":"https:\/\/eettinenluksus.fi\/shop\/en\/product\/bambu-hansikas-bambu-luffa\/","og_site_name":"Shop Eettinen Luksus","article_publisher":"https:\/\/www.facebook.com\/eettinenluksus","article_modified_time":"2024-09-20T11:09:58+00:00","og_image":[{"width":1045,"height":1045,"url":"https:\/\/eettinenluksus.fi\/shop\/wp-content\/uploads\/sites\/4\/1726\/29\/Bambu-Hansikas-bambuluffa-nelio.jpg","type":"image\/jpeg"}],"twitter_card":"summary_large_image","twitter_misc":{"Price":"13,55&nbsp;&euro;","Availability":"In stock"},"schema":{"@context":"https:\/\/schema.org","@graph":[{"@type":"WebPage","@id":"https:\/\/eettinenluksus.fi\/shop\/tuote\/bambu-hansikas-bambu-luffa\/","url":"https:\/\/eettinenluksus.fi\/shop\/tuote\/bambu-hansikas-bambu-luffa\/","name":"Bamb\u00f9 Hansikas bambu x luffa - Shop Eettinen Luksus","isPartOf":{"@id":"https:\/\/eettinenluksus.fi\/shop\/#website"},"primaryImageOfPage":{"@id":"https:\/\/eettinenluksus.fi\/shop\/tuote\/bambu-hansikas-bambu-luffa\/#primaryimage"},"image":{"@id":"https:\/\/eettinenluksus.fi\/shop\/tuote\/bambu-hansikas-bambu-luffa\/#primaryimage"},"thumbnailUrl":"https:\/\/eettinenluksus.fi\/shop\/wp-content\/uploads\/sites\/4\/1726\/29\/Bambu-Hansikas-bambuluffa-nelio.jpg","datePublished":"2022-10-08T08:34:32+00:00","dateModified":"2024-09-20T11:09:58+00:00","description":"Bamb\u00f9 Hansikas bambu x luffa on kaksivaikutteinen pesuhansikas vartalolle bambusta ja luffasta - yhdistelm\u00e4 hell\u00e4\u00e4 hyv\u00e4ily\u00e4 ja kuorivaa hierontaa","breadcrumb":{"@id":"https:\/\/eettinenluksus.fi\/shop\/tuote\/bambu-hansikas-bambu-luffa\/#breadcrumb"},"inLanguage":"en-GB","potentialAction":[{"@type":"ReadAction","target":["https:\/\/eettinenluksus.fi\/shop\/tuote\/bambu-hansikas-bambu-luffa\/"]}]},{"@type":"ImageObject","inLanguage":"en-GB","@id":"https:\/\/eettinenluksus.fi\/shop\/tuote\/bambu-hansikas-bambu-luffa\/#primaryimage","url":"https:\/\/eettinenluksus.fi\/shop\/wp-content\/uploads\/sites\/4\/1726\/29\/Bambu-Hansikas-bambuluffa-nelio.jpg","contentUrl":"https:\/\/eettinenluksus.fi\/shop\/wp-content\/uploads\/sites\/4\/1726\/29\/Bambu-Hansikas-bambuluffa-nelio.jpg","width":1045,"height":1045,"caption":"Bambu Hansikas bambuluffa"},{"@type":"BreadcrumbList","@id":"https:\/\/eettinenluksus.fi\/shop\/tuote\/bambu-hansikas-bambu-luffa\/#breadcrumb","itemListElement":[{"@type":"ListItem","position":1,"name":"Etusivu","item":"https:\/\/eettinenluksus.fi\/shop\/"},{"@type":"ListItem","position":2,"name":"Kauppa","item":"https:\/\/eettinenluksus.fi\/shop\/en\/kauppa\/"},{"@type":"ListItem","position":3,"name":"Bamb\u00f9 Hansikas bambu x luffa"}]},{"@type":"WebSite","@id":"https:\/\/eettinenluksus.fi\/shop\/#website","url":"https:\/\/eettinenluksus.fi\/shop\/","name":"Shop Eettinen Luksus","description":"Uusi verkkokauppa","publisher":{"@id":"https:\/\/eettinenluksus.fi\/shop\/#organization"},"potentialAction":[{"@type":"SearchAction","target":{"@type":"EntryPoint","urlTemplate":"https:\/\/eettinenluksus.fi\/shop\/?s={search_term_string}"},"query-input":{"@type":"PropertyValueSpecification","valueRequired":true,"valueName":"search_term_string"}}],"inLanguage":"en-GB"},{"@type":"Organization","@id":"https:\/\/eettinenluksus.fi\/shop\/#organization","name":"Shop Eettinen Luksus","url":"https:\/\/eettinenluksus.fi\/shop\/","logo":{"@type":"ImageObject","inLanguage":"en-GB","@id":"https:\/\/eettinenluksus.fi\/shop\/#\/schema\/logo\/image\/","url":"https:\/\/eettinenluksus.fi\/shop\/wp-content\/uploads\/sites\/4\/1664\/37\/cropped-ELO.jpg","contentUrl":"https:\/\/eettinenluksus.fi\/shop\/wp-content\/uploads\/sites\/4\/1664\/37\/cropped-ELO.jpg","width":810,"height":350,"caption":"Shop Eettinen Luksus"},"image":{"@id":"https:\/\/eettinenluksus.fi\/shop\/#\/schema\/logo\/image\/"},"sameAs":["https:\/\/www.facebook.com\/eettinenluksus","https:\/\/www.instagram.com\/eettinenluksus\/"]}]},"product_price_amount":"13.55","product_price_currency":"EUR","og_availability":"instock","product_availability":"instock","product_retailer_item_id":"4851","product_condition":"new"},"_links":{"self":[{"href":"https:\/\/eettinenluksus.fi\/shop\/en\/wp-json\/wp\/v2\/product\/1089","targetHints":{"allow":["GET"]}}],"collection":[{"href":"https:\/\/eettinenluksus.fi\/shop\/en\/wp-json\/wp\/v2\/product"}],"about":[{"href":"https:\/\/eettinenluksus.fi\/shop\/en\/wp-json\/wp\/v2\/types\/product"}],"version-history":[{"count":16,"href":"https:\/\/eettinenluksus.fi\/shop\/en\/wp-json\/wp\/v2\/product\/1089\/revisions"}],"predecessor-version":[{"id":2776,"href":"https:\/\/eettinenluksus.fi\/shop\/en\/wp-json\/wp\/v2\/product\/1089\/revisions\/2776"}],"wp:featuredmedia":[{"embeddable":true,"href":"https:\/\/eettinenluksus.fi\/shop\/en\/wp-json\/wp\/v2\/media\/4109"}],"wp:attachment":[{"href":"https:\/\/eettinenluksus.fi\/shop\/en\/wp-json\/wp\/v2\/media?parent=1089"}],"wp:term":[{"taxonomy":"product_brand","embeddable":true,"href":"https:\/\/eettinenluksus.fi\/shop\/en\/wp-json\/wp\/v2\/product_brand?post=1089"},{"taxonomy":"product_cat","embeddable":true,"href":"https:\/\/eettinenluksus.fi\/shop\/en\/wp-json\/wp\/v2\/product_cat?post=1089"},{"taxonomy":"product_tag","embeddable":true,"href":"https:\/\/eettinenluksus.fi\/shop\/en\/wp-json\/wp\/v2\/product_tag?post=1089"}],"curies":[{"name":"wp","href":"https:\/\/api.w.org\/{rel}","templated":true}]}}