{"id":742,"date":"2022-10-21T09:25:26","date_gmt":"2022-10-21T06:25:26","guid":{"rendered":"https:\/\/eettinenluksus.fi\/shop2022\/?page_id=742"},"modified":"2024-09-11T15:56:00","modified_gmt":"2024-09-11T12:56:00","slug":"verkkokaupan-toimitusehdot","status":"publish","type":"page","link":"https:\/\/eettinenluksus.fi\/shop\/en\/verkkokaupan-toimitusehdot\/","title":{"rendered":"ONLINE STORE TERMS AND CONDITIONS"},"content":{"rendered":"<p><b>TERMS AND CONDITIONS<\/b><\/p>\r\n<p>1.9.2023<\/p>\r\n<p><b>ONLINE STORE<\/b><\/p>\r\n<p>Eettinen Luksus Oy \/ Ethical Luxury Ltd (VAT FI21402789, Vilhonvuorenkatu 12, FI-00500 Helsinki, Finland, telephone +358 29 000 9191, info(at)eettinenluksus.fi) sells its products to all individuals over the age of 18 to Finland, Sweden, Denmark, Estonia, Latvia, Lithuania, Netherlands, Belgium. The prices shown are inclusive of VAT when delivery address is in EU country. Ethical Luxury Ltd also reserves the right to change prices and delivery fees without notice or warning.<\/p>\r\n<p><b>ORDERING<\/b><\/p>\r\n<p>Order is placed by adding products to cart and paying the products in a secure payment gateway. All the personal information is handled confidentially. The information given during the ordering process will be used only for processing the order and to send product-specific information such as receipt and invoice. By ordering products from the online store, you are expected to have read, understood, and agreed, without limitation or qualification, to be bound by these Terms and Conditions. By ordering you accept that your personal information is handled according to our privacy policy.<\/p>\r\n<p><b>PAYMENT AND PAYMENT OPTIONS<\/b><\/p>\r\n<p>Products and delivery fees are paid beforehand using a secure payment gateway (VismaPay).<\/p>\r\n<p><strong>Payment options<\/strong><\/p>\r\n<ol>\r\n<li>\r\n<ol>\r\n<li><strong>Credit\/Debit cards<\/strong><br \/>Visa, Visa Debit, Visa Electron, MasterCard, Debit MasterCard<\/li>\r\n<li><strong>Digital wallet services<\/strong><br \/>Masterpass, MobilePay, Pivo\n\nDigital wallet services can be used to pay purchases in online store only if online payments are allowed in application settings, and the debit or credit card used can be charged. Payments will be charged to the debit\/credit card attached to the wallet. Please find the terms and conditions of each of the digital wallet services at service providers' own website.<\/li>\r\n<li><strong>Finnish online banking services<\/strong><br \/>Aktia, Danske Bank, Handelsbanken, Nordea, Oma S\u00e4\u00e4st\u00f6pankki, OP, POP-pankit, S\u00e4\u00e4st\u00f6pankki, S-Pankki, \u00c5landsbanken.<\/li>\r\n<\/ol>\r\n<\/li>\r\n<\/ol>\r\n<p><b>Contact details of VismaPay -secure payment gateway provider:<\/b><\/p>\r\n<p>VismaPay, Paybyway Oy (Y-tunnus 2486559-4)<br \/>Postal address: Brahenkatu 4, FI-53100 Lappeenranta<br \/>Email: helpdesk@vismapay.com<br \/>Phone: +358 9 3154 2037 (mon-fri 8-16)<\/p>\r\n<p><b>ORDER AND PAYMENT CONFIRMATION<\/b><\/p>\r\n<p>Once the customer has successfully placed an order, an order confirmation is sent from the online store to confirm the receipt of the order. Additionally, an e-mail from the VismaPay\/Paybyway Oy will be sent to confirm the payment.<\/p>\r\n<p><b>DELIVERY OPTIONS AND FEES<\/b><\/p>\r\n<p>Toimitamme p\u00e4\u00e4s\u00e4\u00e4nt\u00f6isesti tilaukset postipakettina. Matkapuhelinnumero on liitett\u00e4v\u00e4 tilaukseen, jotta saapumisilmoitus voidaan toimittaa tekstiviestin\u00e4 ja jotta kaikki OmaPosti-sovelluksen palvelut ovat sujuvasti k\u00e4ytett\u00e4viss\u00e4.<\/p>\r\n<p>Delivery fees and services available are shown at the end of the shopping process.<\/p>\r\n<p>Free shipping is offered for all orders over 50,00 euros destined to Finland and for all orders over 80,00 euros destined outside of Finland.<\/p>\r\n<p><b>DELIVERY TIME<\/b><\/p>\r\n<p>Items are normally available for dispatch within 1-3 working days. If any item you have chosen is unavailable, Ethical Luxury Ltd will notify you via e-mail or telephone to discuss your options. Ethical Luxury Ltd cannot be held responsible for failure or delay in the carrying out of our obligations under the contract arising out of any cause outside our reasonable control. Information about unusual delivery times can be found on our homepage.<\/p>\r\n<p><b>DELIVERIES OUTSIDE THE EUROPEAN UNION<\/b><\/p>\r\n<p>Shipments delivered outside the European Union may be subject to import duties and taxes or other additional costs and charges. The customer shall pay all the import charges and all other related costs and charges. It is a liability of the customer to prepare for customs clearance.<\/p>\r\n<p><b>CANCELLATION AND RETURNS<\/b><\/p>\r\n<p>The customer has a legal right (Directive 2011\/83\/EU) to cancel and return the order within 14 days of receiving the goods for any reason and without a justification.<\/p>\r\n<p>Cancellation request must be received in writing within 14 days of receiving the goods. Cancellation request must contain at least name and address of the buyer, order date and details of the product(s). The information can be provided either by email to info(at)eettinenluksus.fi or by using the Contact Form on eettinenluksus.fi\/en.<\/p>\r\n<p>After the cancellation notice has been processed, the customer will receive detailed instructions, how to return the products. The goods must be returned to us unused and as new together with their original packaging within 14 days of the cancellation request. The cost of return must be paid by the customer. The cancellation request must be attached to the return package. Once an item has been opened and used this product becomes non-returnable. We do not reclaim packages that lack cancellation request.<\/p>\r\n<p>The payment will be refunded using the original payment method within 14 days of receiving of the cancellation request if goods are returned.<\/p>\r\n<p><b>Reclamations, lost and faulty items<\/b><\/p>\r\n<p>All complaints regarding products or delivery must be made within 14 days of receiving the goods by e-mail (info(at)eettinenluksus.fi) or by telephone +358 29 000 9191 (Mon-Fri 09:00 \u2013 15:00 UTC+2).<\/p>\r\n<p><a href=\"https:\/\/eettinenluksus.fi\">Ethical Luxury Ltd.<\/a>**<\/p>\r\n<p>All complaints regarding products or delivery must be made within 14 days of receiving the goods by e-mail (info(at)eettinenluksus.fi) or by telephone +358 29 000 9191 (Mon-Fri 09:00 \u2013 15:00 UTC+2).<\/p>\r\n<p>Jos kauppasopimusta koskevaa erimielisyytt\u00e4 ei saada ratkaistuksi osapuolten v\u00e4lisill\u00e4 neuvotteluilla, kuluttaja voi saattaa asian kuluttajariitalautakunnan (www.kuluttajariita.fi) ratkaistavaksi. Ennen asian viemist\u00e4 kuluttajariitalautakunnan k\u00e4sittelyyn, kuluttajan tulee olla yhteydess\u00e4 maistraattien tarjoamaan kuluttajaneuvontaan (www.kuluttajaneuvonta.fi).<\/p>\r\n<p><b>UNCLAIMED PACKAGE<\/b><\/p>\r\n<p>Non-redemption is not the same as a refund or cancellation. For a package that has not been redeemed and for which no separate cancellation notice has been made, we will charge handling and transport costs up to a maximum of EUR 25.<\/p>\r\n<p><b>APPLICAPLE LAW<\/b><\/p>\r\n<p>We apply <a href=\"https:\/\/www.finlex.fi\/en\/\">Finnish Law<\/a>.<\/p>\r\n\r\n<p>&nbsp;<\/p>","protected":false},"excerpt":{"rendered":"<p>TOIMITUSEHDOT Voimassa 1.9.2023 alkaen VERKKOKAUPPA Eettinen Luksus Oy (y-tunnus 2140278\u20139, Vilhonvuorenkatu 12, 00500 Helsinki, puh 029 000 9191, info(at)eettinenluksus.fi) myy tuotteita t\u00e4ysi-ik\u00e4isille yksityishenkil\u00f6ille Suomeen, Ruotsiin, Tanskaan, Viroon, Latviaan, Liettuaan, Alankomaihin ja Belgiaan. Tuotteiden hinnat sis\u00e4lt\u00e4v\u00e4t arvonlis\u00e4veron toimitettaessa EU-maihin. Pid\u00e4t\u00e4mme oikeuden hintojen ja toimituskulujen muutoksiin. TILAAMINEN Tuotteet tilataan verkkokaupan kotisivuilla siirt\u00e4m\u00e4ll\u00e4 ne ostoskoriin ja maksamalla ostoskorin [&hellip;]<\/p>\n","protected":false},"author":2,"featured_media":0,"parent":0,"menu_order":0,"comment_status":"closed","ping_status":"closed","template":"elementor_theme","meta":{"inline_featured_image":false,"footnotes":""},"class_list":["post-742","page","type-page","status-publish","hentry"],"yoast_head":"<!-- This site is optimized with the Yoast SEO Premium plugin v26.8 (Yoast SEO v27.4) - https:\/\/yoast.com\/product\/yoast-seo-premium-wordpress\/ -->\n<title>Verkkokaupan toimitusehdot - Shop Eettinen Luksus<\/title>\n<meta name=\"description\" content=\"Eettinen Luksus Oy verkkokaupan toimitusehdot. Toimitamme tilaukset postipakettina Suomeen,\u00a0Ruotsiin, Tanskaan, Viroon, Latviaan, Liettuaan.\" \/>\n<meta name=\"robots\" content=\"index, follow, max-snippet:-1, max-image-preview:large, max-video-preview:-1\" \/>\n<link rel=\"canonical\" href=\"https:\/\/eettinenluksus.fi\/shop\/en\/verkkokaupan-toimitusehdot\/\" \/>\n<meta property=\"og:locale\" content=\"en_GB\" \/>\n<meta property=\"og:type\" content=\"article\" \/>\n<meta property=\"og:title\" content=\"Verkkokaupan toimitusehdot\" \/>\n<meta property=\"og:description\" content=\"Eettinen Luksus Oy verkkokaupan toimitusehdot. Toimitamme tilaukset postipakettina Suomeen,\u00a0Ruotsiin, Tanskaan, Viroon, Latviaan, Liettuaan.\" \/>\n<meta property=\"og:url\" content=\"https:\/\/eettinenluksus.fi\/shop\/en\/verkkokaupan-toimitusehdot\/\" \/>\n<meta property=\"og:site_name\" content=\"Shop Eettinen Luksus\" \/>\n<meta property=\"article:publisher\" content=\"https:\/\/www.facebook.com\/eettinenluksus\" \/>\n<meta property=\"article:modified_time\" content=\"2024-09-11T12:56:00+00:00\" \/>\n<meta name=\"twitter:card\" content=\"summary_large_image\" \/>\n<meta name=\"twitter:label1\" content=\"Estimated reading time\" \/>\n\t<meta name=\"twitter:data1\" content=\"4 minutes\" \/>\n<script type=\"application\/ld+json\" class=\"yoast-schema-graph\">{\"@context\":\"https:\\\/\\\/schema.org\",\"@graph\":[{\"@type\":\"WebPage\",\"@id\":\"https:\\\/\\\/eettinenluksus.fi\\\/shop\\\/verkkokaupan-toimitusehdot\\\/\",\"url\":\"https:\\\/\\\/eettinenluksus.fi\\\/shop\\\/verkkokaupan-toimitusehdot\\\/\",\"name\":\"Verkkokaupan toimitusehdot - Shop Eettinen Luksus\",\"isPartOf\":{\"@id\":\"https:\\\/\\\/eettinenluksus.fi\\\/shop\\\/#website\"},\"datePublished\":\"2022-10-21T06:25:26+00:00\",\"dateModified\":\"2024-09-11T12:56:00+00:00\",\"description\":\"Eettinen Luksus Oy verkkokaupan toimitusehdot. Toimitamme tilaukset postipakettina Suomeen,\u00a0Ruotsiin, Tanskaan, Viroon, Latviaan, Liettuaan.\",\"breadcrumb\":{\"@id\":\"https:\\\/\\\/eettinenluksus.fi\\\/shop\\\/verkkokaupan-toimitusehdot\\\/#breadcrumb\"},\"inLanguage\":\"en-GB\",\"potentialAction\":[{\"@type\":\"ReadAction\",\"target\":[\"https:\\\/\\\/eettinenluksus.fi\\\/shop\\\/verkkokaupan-toimitusehdot\\\/\"]}]},{\"@type\":\"BreadcrumbList\",\"@id\":\"https:\\\/\\\/eettinenluksus.fi\\\/shop\\\/verkkokaupan-toimitusehdot\\\/#breadcrumb\",\"itemListElement\":[{\"@type\":\"ListItem\",\"position\":1,\"name\":\"Etusivu\",\"item\":\"https:\\\/\\\/eettinenluksus.fi\\\/shop\\\/\"},{\"@type\":\"ListItem\",\"position\":2,\"name\":\"Verkkokaupan toimitusehdot\"}]},{\"@type\":\"WebSite\",\"@id\":\"https:\\\/\\\/eettinenluksus.fi\\\/shop\\\/#website\",\"url\":\"https:\\\/\\\/eettinenluksus.fi\\\/shop\\\/\",\"name\":\"Shop Eettinen Luksus\",\"description\":\"Uusi verkkokauppa\",\"publisher\":{\"@id\":\"https:\\\/\\\/eettinenluksus.fi\\\/shop\\\/#organization\"},\"potentialAction\":[{\"@type\":\"SearchAction\",\"target\":{\"@type\":\"EntryPoint\",\"urlTemplate\":\"https:\\\/\\\/eettinenluksus.fi\\\/shop\\\/?s={search_term_string}\"},\"query-input\":{\"@type\":\"PropertyValueSpecification\",\"valueRequired\":true,\"valueName\":\"search_term_string\"}}],\"inLanguage\":\"en-GB\"},{\"@type\":\"Organization\",\"@id\":\"https:\\\/\\\/eettinenluksus.fi\\\/shop\\\/#organization\",\"name\":\"Shop Eettinen Luksus\",\"url\":\"https:\\\/\\\/eettinenluksus.fi\\\/shop\\\/\",\"logo\":{\"@type\":\"ImageObject\",\"inLanguage\":\"en-GB\",\"@id\":\"https:\\\/\\\/eettinenluksus.fi\\\/shop\\\/#\\\/schema\\\/logo\\\/image\\\/\",\"url\":\"https:\\\/\\\/eettinenluksus.fi\\\/shop\\\/wp-content\\\/uploads\\\/sites\\\/4\\\/1664\\\/37\\\/cropped-ELO.jpg\",\"contentUrl\":\"https:\\\/\\\/eettinenluksus.fi\\\/shop\\\/wp-content\\\/uploads\\\/sites\\\/4\\\/1664\\\/37\\\/cropped-ELO.jpg\",\"width\":810,\"height\":350,\"caption\":\"Shop Eettinen Luksus\"},\"image\":{\"@id\":\"https:\\\/\\\/eettinenluksus.fi\\\/shop\\\/#\\\/schema\\\/logo\\\/image\\\/\"},\"sameAs\":[\"https:\\\/\\\/www.facebook.com\\\/eettinenluksus\",\"https:\\\/\\\/www.instagram.com\\\/eettinenluksus\\\/\"]}]}<\/script>\n<!-- \/ Yoast SEO Premium plugin. -->","yoast_head_json":{"title":"Verkkokaupan toimitusehdot - Shop Eettinen Luksus","description":"Eettinen Luksus Oy verkkokaupan toimitusehdot. Toimitamme tilaukset postipakettina Suomeen,\u00a0Ruotsiin, Tanskaan, Viroon, Latviaan, Liettuaan.","robots":{"index":"index","follow":"follow","max-snippet":"max-snippet:-1","max-image-preview":"max-image-preview:large","max-video-preview":"max-video-preview:-1"},"canonical":"https:\/\/eettinenluksus.fi\/shop\/en\/verkkokaupan-toimitusehdot\/","og_locale":"en_GB","og_type":"article","og_title":"Verkkokaupan toimitusehdot","og_description":"Eettinen Luksus Oy verkkokaupan toimitusehdot. Toimitamme tilaukset postipakettina Suomeen,\u00a0Ruotsiin, Tanskaan, Viroon, Latviaan, Liettuaan.","og_url":"https:\/\/eettinenluksus.fi\/shop\/en\/verkkokaupan-toimitusehdot\/","og_site_name":"Shop Eettinen Luksus","article_publisher":"https:\/\/www.facebook.com\/eettinenluksus","article_modified_time":"2024-09-11T12:56:00+00:00","twitter_card":"summary_large_image","twitter_misc":{"Estimated reading time":"4 minutes"},"schema":{"@context":"https:\/\/schema.org","@graph":[{"@type":"WebPage","@id":"https:\/\/eettinenluksus.fi\/shop\/verkkokaupan-toimitusehdot\/","url":"https:\/\/eettinenluksus.fi\/shop\/verkkokaupan-toimitusehdot\/","name":"Verkkokaupan toimitusehdot - Shop Eettinen Luksus","isPartOf":{"@id":"https:\/\/eettinenluksus.fi\/shop\/#website"},"datePublished":"2022-10-21T06:25:26+00:00","dateModified":"2024-09-11T12:56:00+00:00","description":"Eettinen Luksus Oy verkkokaupan toimitusehdot. Toimitamme tilaukset postipakettina Suomeen,\u00a0Ruotsiin, Tanskaan, Viroon, Latviaan, Liettuaan.","breadcrumb":{"@id":"https:\/\/eettinenluksus.fi\/shop\/verkkokaupan-toimitusehdot\/#breadcrumb"},"inLanguage":"en-GB","potentialAction":[{"@type":"ReadAction","target":["https:\/\/eettinenluksus.fi\/shop\/verkkokaupan-toimitusehdot\/"]}]},{"@type":"BreadcrumbList","@id":"https:\/\/eettinenluksus.fi\/shop\/verkkokaupan-toimitusehdot\/#breadcrumb","itemListElement":[{"@type":"ListItem","position":1,"name":"Etusivu","item":"https:\/\/eettinenluksus.fi\/shop\/"},{"@type":"ListItem","position":2,"name":"Verkkokaupan toimitusehdot"}]},{"@type":"WebSite","@id":"https:\/\/eettinenluksus.fi\/shop\/#website","url":"https:\/\/eettinenluksus.fi\/shop\/","name":"Shop Eettinen Luksus","description":"Uusi verkkokauppa","publisher":{"@id":"https:\/\/eettinenluksus.fi\/shop\/#organization"},"potentialAction":[{"@type":"SearchAction","target":{"@type":"EntryPoint","urlTemplate":"https:\/\/eettinenluksus.fi\/shop\/?s={search_term_string}"},"query-input":{"@type":"PropertyValueSpecification","valueRequired":true,"valueName":"search_term_string"}}],"inLanguage":"en-GB"},{"@type":"Organization","@id":"https:\/\/eettinenluksus.fi\/shop\/#organization","name":"Shop Eettinen Luksus","url":"https:\/\/eettinenluksus.fi\/shop\/","logo":{"@type":"ImageObject","inLanguage":"en-GB","@id":"https:\/\/eettinenluksus.fi\/shop\/#\/schema\/logo\/image\/","url":"https:\/\/eettinenluksus.fi\/shop\/wp-content\/uploads\/sites\/4\/1664\/37\/cropped-ELO.jpg","contentUrl":"https:\/\/eettinenluksus.fi\/shop\/wp-content\/uploads\/sites\/4\/1664\/37\/cropped-ELO.jpg","width":810,"height":350,"caption":"Shop Eettinen Luksus"},"image":{"@id":"https:\/\/eettinenluksus.fi\/shop\/#\/schema\/logo\/image\/"},"sameAs":["https:\/\/www.facebook.com\/eettinenluksus","https:\/\/www.instagram.com\/eettinenluksus\/"]}]}},"_links":{"self":[{"href":"https:\/\/eettinenluksus.fi\/shop\/en\/wp-json\/wp\/v2\/pages\/742","targetHints":{"allow":["GET"]}}],"collection":[{"href":"https:\/\/eettinenluksus.fi\/shop\/en\/wp-json\/wp\/v2\/pages"}],"about":[{"href":"https:\/\/eettinenluksus.fi\/shop\/en\/wp-json\/wp\/v2\/types\/page"}],"author":[{"embeddable":true,"href":"https:\/\/eettinenluksus.fi\/shop\/en\/wp-json\/wp\/v2\/users\/2"}],"replies":[{"embeddable":true,"href":"https:\/\/eettinenluksus.fi\/shop\/en\/wp-json\/wp\/v2\/comments?post=742"}],"version-history":[{"count":9,"href":"https:\/\/eettinenluksus.fi\/shop\/en\/wp-json\/wp\/v2\/pages\/742\/revisions"}],"predecessor-version":[{"id":3565,"href":"https:\/\/eettinenluksus.fi\/shop\/en\/wp-json\/wp\/v2\/pages\/742\/revisions\/3565"}],"wp:attachment":[{"href":"https:\/\/eettinenluksus.fi\/shop\/en\/wp-json\/wp\/v2\/media?parent=742"}],"curies":[{"name":"wp","href":"https:\/\/api.w.org\/{rel}","templated":true}]}}