{"id":599,"date":"2019-08-08T17:11:17","date_gmt":"2019-08-08T14:11:17","guid":{"rendered":"http:\/\/inweb537959.customers.inhosting.fi\/en\/?page_id=599"},"modified":"2021-07-28T09:19:45","modified_gmt":"2021-07-28T06:19:45","slug":"customer-promise","status":"publish","type":"page","link":"https:\/\/eettinenluksus.fi\/en\/customer-promise\/","title":{"rendered":"Customer promise"},"content":{"rendered":"<p style=\"font-size: 0px;\">customer promise<\/p>\n<p style=\"text-align: justify;\"><img decoding=\"async\" style=\"float: left; height: auto; width: 30%; margin-right: 20px; margin-bottom: 20px;\" src=\"https:\/\/eettinenluksus.fi\/en\/wp-content\/uploads\/sites\/2\/2019\/07\/MVHydrangeas.jpg\" alt=\"Customer promise mvhydrageas\" \/> We want to provide ordinary everyday products for home cleanliness. However, products that we look for from the World Market have to be a little better and more efficient in use than normal ones in order to qualify.<\/p>\n<p>The attractive appearance and pleasant scent of the products which come alongside are not considered as a disadvantage. Quite the opposite, they make housekeeping easy and comfortable and inspire you to take action. Cleaning itself is already an eco-friendly act. It helps to keep surfaces in good condition and postpones the need for refurbishments of interior materials and furniture.<\/p>\n<p>We believe that the eco-friendliness and the ethics of products should be self-evident. Our suppliers are committed to developing all the more better solutions.<\/p>\n<p>\u00a0<\/p>\n<p><a href=\"https:\/\/eettinenluksus.fi\/en\/our-journey\/\"><button style=\"background-color: #43af33; float: left;\">\u00a0 \u21d0 \u00a0 Our Journey \u00a0<\/button><\/a><\/p>\n<p>\u00a0<\/p>\n<p>\u00a0<\/p>\n<p><a style=\"font-size: 0px;\" href=\"https:\/\/onxon.fi\" target=\"_blank\" rel=\"noopener\">&#8211;<\/a><\/p>\n\n\n<p style=\"font-size:0px;\">AT\u00e4yteteksti\u00e4, then t\u00e4yteteksti\u00e4, t\u00e4yteteksti\u00e4. BT\u00e4yteteksti\u00e4, then t\u00e4yteteksti\u00e4, t\u00e4yteteksti\u00e4. CT\u00e4yteteksti\u00e4, then t\u00e4yteteksti\u00e4, t\u00e4yteteksti\u00e4. DT\u00e4yteteksti\u00e4, then t\u00e4yteteksti\u00e4, t\u00e4yteteksti\u00e4.<\/p>\n<p style=\"font-size:0px;\">AT\u00e4yteteksti\u00e4, then t\u00e4yteteksti\u00e4, t\u00e4yteteksti\u00e4. BT\u00e4yteteksti\u00e4, then t\u00e4yteteksti\u00e4, t\u00e4yteteksti\u00e4. CT\u00e4yteteksti\u00e4, then t\u00e4yteteksti\u00e4, t\u00e4yteteksti\u00e4. DT\u00e4yteteksti\u00e4, then t\u00e4yteteksti\u00e4, t\u00e4yteteksti\u00e4. <\/p>\n<p style=\"font-size:0px;\">AT\u00e4yteteksti\u00e4, then t\u00e4yteteksti\u00e4, t\u00e4yteteksti\u00e4. BT\u00e4yteteksti\u00e4, then t\u00e4yteteksti\u00e4, t\u00e4yteteksti\u00e4. CT\u00e4yteteksti\u00e4, then t\u00e4yteteksti\u00e4, t\u00e4yteteksti\u00e4. DT\u00e4yteteksti\u00e4, then t\u00e4yteteksti\u00e4, t\u00e4yteteksti\u00e4. <\/p>\n<p style=\"font-size:0px;\">AT\u00e4yteteksti\u00e4, then t\u00e4yteteksti\u00e4, t\u00e4yteteksti\u00e4. BT\u00e4yteteksti\u00e4, then t\u00e4yteteksti\u00e4, t\u00e4yteteksti\u00e4. CT\u00e4yteteksti\u00e4, then t\u00e4yteteksti\u00e4, t\u00e4yteteksti\u00e4. DT\u00e4yteteksti\u00e4, then t\u00e4yteteksti\u00e4, t\u00e4yteteksti\u00e4.<\/p>\n<p style=\"font-size:0px;\">AT\u00e4yteteksti\u00e4, then t\u00e4yteteksti\u00e4, t\u00e4yteteksti\u00e4. BT\u00e4yteteksti\u00e4, then t\u00e4yteteksti\u00e4, t\u00e4yteteksti\u00e4. CT\u00e4yteteksti\u00e4, then t\u00e4yteteksti\u00e4, t\u00e4yteteksti\u00e4. DT\u00e4yteteksti\u00e4, then t\u00e4yteteksti\u00e4, t\u00e4yteteksti\u00e4. <\/p>\n<p style=\"font-size:0px;\">AT\u00e4yteteksti\u00e4, then t\u00e4yteteksti\u00e4, t\u00e4yteteksti\u00e4. BT\u00e4yteteksti\u00e4, then t\u00e4yteteksti\u00e4, t\u00e4yteteksti\u00e4. CT\u00e4yteteksti\u00e4, then t\u00e4yteteksti\u00e4, t\u00e4yteteksti\u00e4. DT\u00e4yteteksti\u00e4, then t\u00e4yteteksti\u00e4, t\u00e4yteteksti\u00e4. <\/p>\n","protected":false},"excerpt":{"rendered":"<p>customer promise We want to provide ordinary everyday products for home cleanliness. However, products that we look for from the World Market have to be a little better and more efficient in use than normal ones in order to qualify. The attractive appearance and pleasant scent of the products which come alongside are not considered [&hellip;]<\/p>\n","protected":false},"author":5,"featured_media":0,"parent":0,"menu_order":0,"comment_status":"closed","ping_status":"closed","template":"","meta":{"inline_featured_image":false,"footnotes":""},"class_list":["post-599","page","type-page","status-publish","hentry"],"yoast_head":"<!-- This site is optimized with the Yoast SEO Premium plugin v26.8 (Yoast SEO v27.5) - https:\/\/yoast.com\/product\/yoast-seo-premium-wordpress\/ -->\n<title>Customer promise - Ethical Luxury Ltd.<\/title>\n<meta name=\"description\" content=\"Customer promise We want to provide ordinary everyday products for home cleanliness. However, products have to be a little better and more\" \/>\n<meta name=\"robots\" content=\"index, follow, max-snippet:-1, max-image-preview:large, max-video-preview:-1\" \/>\n<link rel=\"canonical\" href=\"https:\/\/eettinenluksus.fi\/en\/customer-promise\/\" \/>\n<meta property=\"og:locale\" content=\"en_GB\" \/>\n<meta property=\"og:type\" content=\"article\" \/>\n<meta property=\"og:title\" content=\"Customer promise\" \/>\n<meta property=\"og:description\" content=\"Customer promise We want to provide ordinary everyday products for home cleanliness. However, products have to be a little better and more\" \/>\n<meta property=\"og:url\" content=\"https:\/\/eettinenluksus.fi\/en\/customer-promise\/\" \/>\n<meta property=\"og:site_name\" content=\"Ethical Luxury Ltd.\" \/>\n<meta property=\"article:modified_time\" content=\"2021-07-28T06:19:45+00:00\" \/>\n<meta property=\"og:image\" content=\"https:\/\/eettinenluksus.fi\/en\/wp-content\/uploads\/sites\/2\/2019\/07\/MVHydrangeas.jpg\" \/>\n<meta name=\"twitter:card\" content=\"summary_large_image\" \/>\n<meta name=\"twitter:label1\" content=\"Estimated reading time\" \/>\n\t<meta name=\"twitter:data1\" content=\"2 minutes\" \/>\n<script type=\"application\/ld+json\" class=\"yoast-schema-graph\">{\"@context\":\"https:\\\/\\\/schema.org\",\"@graph\":[{\"@type\":\"WebPage\",\"@id\":\"https:\\\/\\\/eettinenluksus.fi\\\/en\\\/customer-promise\\\/\",\"url\":\"https:\\\/\\\/eettinenluksus.fi\\\/en\\\/customer-promise\\\/\",\"name\":\"Customer promise - Ethical Luxury Ltd.\",\"isPartOf\":{\"@id\":\"https:\\\/\\\/eettinenluksus.fi\\\/en\\\/#website\"},\"primaryImageOfPage\":{\"@id\":\"https:\\\/\\\/eettinenluksus.fi\\\/en\\\/customer-promise\\\/#primaryimage\"},\"image\":{\"@id\":\"https:\\\/\\\/eettinenluksus.fi\\\/en\\\/customer-promise\\\/#primaryimage\"},\"thumbnailUrl\":\"https:\\\/\\\/eettinenluksus.fi\\\/en\\\/wp-content\\\/uploads\\\/sites\\\/2\\\/2019\\\/07\\\/MVHydrangeas.jpg\",\"datePublished\":\"2019-08-08T14:11:17+00:00\",\"dateModified\":\"2021-07-28T06:19:45+00:00\",\"description\":\"Customer promise We want to provide ordinary everyday products for home cleanliness. However, products have to be a little better and more\",\"breadcrumb\":{\"@id\":\"https:\\\/\\\/eettinenluksus.fi\\\/en\\\/customer-promise\\\/#breadcrumb\"},\"inLanguage\":\"en-GB\",\"potentialAction\":[{\"@type\":\"ReadAction\",\"target\":[\"https:\\\/\\\/eettinenluksus.fi\\\/en\\\/customer-promise\\\/\"]}]},{\"@type\":\"ImageObject\",\"inLanguage\":\"en-GB\",\"@id\":\"https:\\\/\\\/eettinenluksus.fi\\\/en\\\/customer-promise\\\/#primaryimage\",\"url\":\"https:\\\/\\\/eettinenluksus.fi\\\/en\\\/wp-content\\\/uploads\\\/sites\\\/2\\\/2019\\\/07\\\/MVHydrangeas.jpg\",\"contentUrl\":\"https:\\\/\\\/eettinenluksus.fi\\\/en\\\/wp-content\\\/uploads\\\/sites\\\/2\\\/2019\\\/07\\\/MVHydrangeas.jpg\",\"width\":1024,\"height\":768,\"caption\":\"MVHydrangeas\"},{\"@type\":\"BreadcrumbList\",\"@id\":\"https:\\\/\\\/eettinenluksus.fi\\\/en\\\/customer-promise\\\/#breadcrumb\",\"itemListElement\":[{\"@type\":\"ListItem\",\"position\":1,\"name\":\"Home\",\"item\":\"https:\\\/\\\/eettinenluksus.fi\\\/en\\\/\"},{\"@type\":\"ListItem\",\"position\":2,\"name\":\"Customer promise\"}]},{\"@type\":\"WebSite\",\"@id\":\"https:\\\/\\\/eettinenluksus.fi\\\/en\\\/#website\",\"url\":\"https:\\\/\\\/eettinenluksus.fi\\\/en\\\/\",\"name\":\"Ethical Luxury Ltd.\",\"description\":\"\",\"publisher\":{\"@id\":\"https:\\\/\\\/eettinenluksus.fi\\\/en\\\/#organization\"},\"potentialAction\":[{\"@type\":\"SearchAction\",\"target\":{\"@type\":\"EntryPoint\",\"urlTemplate\":\"https:\\\/\\\/eettinenluksus.fi\\\/en\\\/?s={search_term_string}\"},\"query-input\":{\"@type\":\"PropertyValueSpecification\",\"valueRequired\":true,\"valueName\":\"search_term_string\"}}],\"inLanguage\":\"en-GB\"},{\"@type\":\"Organization\",\"@id\":\"https:\\\/\\\/eettinenluksus.fi\\\/en\\\/#organization\",\"name\":\"Ethical Luxury Ltd.\",\"url\":\"https:\\\/\\\/eettinenluksus.fi\\\/en\\\/\",\"logo\":{\"@type\":\"ImageObject\",\"inLanguage\":\"en-GB\",\"@id\":\"https:\\\/\\\/eettinenluksus.fi\\\/en\\\/#\\\/schema\\\/logo\\\/image\\\/\",\"url\":\"https:\\\/\\\/eettinenluksus.fi\\\/en\\\/wp-content\\\/uploads\\\/sites\\\/2\\\/2019\\\/07\\\/cropped-harmaa_vihrea_pieni-3.jpg\",\"contentUrl\":\"https:\\\/\\\/eettinenluksus.fi\\\/en\\\/wp-content\\\/uploads\\\/sites\\\/2\\\/2019\\\/07\\\/cropped-harmaa_vihrea_pieni-3.jpg\",\"width\":81,\"height\":35,\"caption\":\"Ethical Luxury Ltd.\"},\"image\":{\"@id\":\"https:\\\/\\\/eettinenluksus.fi\\\/en\\\/#\\\/schema\\\/logo\\\/image\\\/\"}}]}<\/script>\n<!-- \/ Yoast SEO Premium plugin. -->","yoast_head_json":{"title":"Customer promise - Ethical Luxury Ltd.","description":"Customer promise We want to provide ordinary everyday products for home cleanliness. However, products have to be a little better and more","robots":{"index":"index","follow":"follow","max-snippet":"max-snippet:-1","max-image-preview":"max-image-preview:large","max-video-preview":"max-video-preview:-1"},"canonical":"https:\/\/eettinenluksus.fi\/en\/customer-promise\/","og_locale":"en_GB","og_type":"article","og_title":"Customer promise","og_description":"Customer promise We want to provide ordinary everyday products for home cleanliness. However, products have to be a little better and more","og_url":"https:\/\/eettinenluksus.fi\/en\/customer-promise\/","og_site_name":"Ethical Luxury Ltd.","article_modified_time":"2021-07-28T06:19:45+00:00","og_image":[{"url":"https:\/\/eettinenluksus.fi\/en\/wp-content\/uploads\/sites\/2\/2019\/07\/MVHydrangeas.jpg","type":"","width":"","height":""}],"twitter_card":"summary_large_image","twitter_misc":{"Estimated reading time":"2 minutes"},"schema":{"@context":"https:\/\/schema.org","@graph":[{"@type":"WebPage","@id":"https:\/\/eettinenluksus.fi\/en\/customer-promise\/","url":"https:\/\/eettinenluksus.fi\/en\/customer-promise\/","name":"Customer promise - Ethical Luxury Ltd.","isPartOf":{"@id":"https:\/\/eettinenluksus.fi\/en\/#website"},"primaryImageOfPage":{"@id":"https:\/\/eettinenluksus.fi\/en\/customer-promise\/#primaryimage"},"image":{"@id":"https:\/\/eettinenluksus.fi\/en\/customer-promise\/#primaryimage"},"thumbnailUrl":"https:\/\/eettinenluksus.fi\/en\/wp-content\/uploads\/sites\/2\/2019\/07\/MVHydrangeas.jpg","datePublished":"2019-08-08T14:11:17+00:00","dateModified":"2021-07-28T06:19:45+00:00","description":"Customer promise We want to provide ordinary everyday products for home cleanliness. However, products have to be a little better and more","breadcrumb":{"@id":"https:\/\/eettinenluksus.fi\/en\/customer-promise\/#breadcrumb"},"inLanguage":"en-GB","potentialAction":[{"@type":"ReadAction","target":["https:\/\/eettinenluksus.fi\/en\/customer-promise\/"]}]},{"@type":"ImageObject","inLanguage":"en-GB","@id":"https:\/\/eettinenluksus.fi\/en\/customer-promise\/#primaryimage","url":"https:\/\/eettinenluksus.fi\/en\/wp-content\/uploads\/sites\/2\/2019\/07\/MVHydrangeas.jpg","contentUrl":"https:\/\/eettinenluksus.fi\/en\/wp-content\/uploads\/sites\/2\/2019\/07\/MVHydrangeas.jpg","width":1024,"height":768,"caption":"MVHydrangeas"},{"@type":"BreadcrumbList","@id":"https:\/\/eettinenluksus.fi\/en\/customer-promise\/#breadcrumb","itemListElement":[{"@type":"ListItem","position":1,"name":"Home","item":"https:\/\/eettinenluksus.fi\/en\/"},{"@type":"ListItem","position":2,"name":"Customer promise"}]},{"@type":"WebSite","@id":"https:\/\/eettinenluksus.fi\/en\/#website","url":"https:\/\/eettinenluksus.fi\/en\/","name":"Ethical Luxury Ltd.","description":"","publisher":{"@id":"https:\/\/eettinenluksus.fi\/en\/#organization"},"potentialAction":[{"@type":"SearchAction","target":{"@type":"EntryPoint","urlTemplate":"https:\/\/eettinenluksus.fi\/en\/?s={search_term_string}"},"query-input":{"@type":"PropertyValueSpecification","valueRequired":true,"valueName":"search_term_string"}}],"inLanguage":"en-GB"},{"@type":"Organization","@id":"https:\/\/eettinenluksus.fi\/en\/#organization","name":"Ethical Luxury Ltd.","url":"https:\/\/eettinenluksus.fi\/en\/","logo":{"@type":"ImageObject","inLanguage":"en-GB","@id":"https:\/\/eettinenluksus.fi\/en\/#\/schema\/logo\/image\/","url":"https:\/\/eettinenluksus.fi\/en\/wp-content\/uploads\/sites\/2\/2019\/07\/cropped-harmaa_vihrea_pieni-3.jpg","contentUrl":"https:\/\/eettinenluksus.fi\/en\/wp-content\/uploads\/sites\/2\/2019\/07\/cropped-harmaa_vihrea_pieni-3.jpg","width":81,"height":35,"caption":"Ethical Luxury Ltd."},"image":{"@id":"https:\/\/eettinenluksus.fi\/en\/#\/schema\/logo\/image\/"}}]}},"_links":{"self":[{"href":"https:\/\/eettinenluksus.fi\/en\/wp-json\/wp\/v2\/pages\/599","targetHints":{"allow":["GET"]}}],"collection":[{"href":"https:\/\/eettinenluksus.fi\/en\/wp-json\/wp\/v2\/pages"}],"about":[{"href":"https:\/\/eettinenluksus.fi\/en\/wp-json\/wp\/v2\/types\/page"}],"author":[{"embeddable":true,"href":"https:\/\/eettinenluksus.fi\/en\/wp-json\/wp\/v2\/users\/5"}],"replies":[{"embeddable":true,"href":"https:\/\/eettinenluksus.fi\/en\/wp-json\/wp\/v2\/comments?post=599"}],"version-history":[{"count":17,"href":"https:\/\/eettinenluksus.fi\/en\/wp-json\/wp\/v2\/pages\/599\/revisions"}],"predecessor-version":[{"id":815,"href":"https:\/\/eettinenluksus.fi\/en\/wp-json\/wp\/v2\/pages\/599\/revisions\/815"}],"wp:attachment":[{"href":"https:\/\/eettinenluksus.fi\/en\/wp-json\/wp\/v2\/media?parent=599"}],"curies":[{"name":"wp","href":"https:\/\/api.w.org\/{rel}","templated":true}]}}