{"id":543,"date":"2019-08-08T10:20:03","date_gmt":"2019-08-08T07:20:03","guid":{"rendered":"http:\/\/inweb537959.customers.inhosting.fi\/en\/?page_id=543"},"modified":"2021-07-28T09:52:44","modified_gmt":"2021-07-28T06:52:44","slug":"our-journey","status":"publish","type":"page","link":"https:\/\/eettinenluksus.fi\/en\/our-journey\/","title":{"rendered":"Our Journey"},"content":{"rendered":"\n<p style=\"font-size:0px;\">our journey our journey<\/p>\n<p style=\"text-align:justify\"><img decoding=\"async\" style=\"float:right; height:auto; width:40%; margin-bottom: 20px; margin-left: 20px;\" alt=\"koivu our journey\" src=\"https:\/\/eettinenluksus.fi\/en\/wp-content\/uploads\/sites\/2\/2019\/07\/4vuodenaikaa-kes\u00e45-RGB-72-L1358.jpg\"> Eettinen Luksus Oy (Ethical Luxury Ltd) was founded in 2007. The first product was the OnXOn Cleaning Stone, which still forms an important part of our product range. New OnXOn products have emerged and now the products form a whole smart and everyday product family. Their production makes every effort to minimise the negative impact on the environment, health, climate and natural resources. Still, they are efficient and of high quality.<\/p>\n<p>In 2008, imports of Method products began. In Europe, Method products were launched first in Great Britain and immediately afterwards in Finland, where the Method product range is excellent in Europe&#8217;s scale. Method products are available for cleaning, dishwashing, laundry and hand washing. Method products look and smell good and are environmentally friendly. And all this without sacrificing efficiency. Cleaning should be easy and comfortable.<\/p>\n<p>Throughout the years, Ethical Luxury Ltd has succeeded in increasing its sales every year. We will continue on the same path widening our reseller network and introducing new ecological, aesthetic and ethical brands.<\/p>\n<p>&nbsp;<\/p>\n<p><a href=\"https:\/\/eettinenluksus.fi\/en\/company\/\"><button style=\"background-color: #43af33; float: left;\">&nbsp; \u21d0 &nbsp; Company &nbsp;<\/button><\/a><a href=\"https:\/\/eettinenluksus.fi\/en\/customer-promise\/\"><button style=\"background-color: #43af33; float: right;\">&nbsp;Customer Promise &nbsp; \u21d2 &nbsp;<\/button><\/a><\/p>\n<p>&nbsp;<\/p>\n<p>&nbsp;<\/p>\n<a href=\"https:\/\/onxon.fi\" style=\"font-size:0px;\">&#8211;<\/a>\n\n\n\n<p style=\"font-size:0px;\">A T\u00e4yteteksti\u00e4 is t\u00e4yteteksti\u00e4 then t\u00e4yteteksti\u00e4. B T\u00e4yteteksti\u00e4 is t\u00e4yteteksti\u00e4 then t\u00e4yteteksti\u00e4. C T\u00e4yteteksti\u00e4 is t\u00e4yteteksti\u00e4 then t\u00e4yteteksti\u00e4. D T\u00e4yteteksti\u00e4 is t\u00e4yteteksti\u00e4 then t\u00e4yteteksti\u00e4. E T\u00e4yteteksti\u00e4 is t\u00e4yteteksti\u00e4 then t\u00e4yteteksti\u00e4. F T\u00e4yteteksti\u00e4 is t\u00e4yteteksti\u00e4 then t\u00e4yteteksti\u00e4. <\/p>\n","protected":false},"excerpt":{"rendered":"<p>our journey our journey Eettinen Luksus Oy (Ethical Luxury Ltd) was founded in 2007. The first product was the OnXOn Cleaning Stone, which still forms an important part of our product range. New OnXOn products have emerged and now the products form a whole smart and everyday product family. Their production makes every effort to [&hellip;]<\/p>\n","protected":false},"author":5,"featured_media":0,"parent":0,"menu_order":0,"comment_status":"closed","ping_status":"closed","template":"","meta":{"inline_featured_image":false,"footnotes":""},"class_list":["post-543","page","type-page","status-publish","hentry"],"yoast_head":"<!-- This site is optimized with the Yoast SEO Premium plugin v26.8 (Yoast SEO v27.5) - https:\/\/yoast.com\/product\/yoast-seo-premium-wordpress\/ -->\n<title>Our Journey - Ethical Luxury Ltd.<\/title>\n<meta name=\"description\" content=\"Our Journey: Eettinen Luksus Oy was founded in 2007. The first product was the OnXOn Cleaning Stone. In 2008, imports of Method prod\" \/>\n<meta name=\"robots\" content=\"index, follow, max-snippet:-1, max-image-preview:large, max-video-preview:-1\" \/>\n<link rel=\"canonical\" href=\"https:\/\/eettinenluksus.fi\/en\/our-journey\/\" \/>\n<meta property=\"og:locale\" content=\"en_GB\" \/>\n<meta property=\"og:type\" content=\"article\" \/>\n<meta property=\"og:title\" content=\"Our Journey\" \/>\n<meta property=\"og:description\" content=\"Our Journey: Eettinen Luksus Oy was founded in 2007. The first product was the OnXOn Cleaning Stone. In 2008, imports of Method prod\" \/>\n<meta property=\"og:url\" content=\"https:\/\/eettinenluksus.fi\/en\/our-journey\/\" \/>\n<meta property=\"og:site_name\" content=\"Ethical Luxury Ltd.\" \/>\n<meta property=\"article:modified_time\" content=\"2021-07-28T06:52:44+00:00\" \/>\n<meta property=\"og:image\" content=\"https:\/\/eettinenluksus.fi\/en\/wp-content\/uploads\/sites\/2\/2019\/07\/4vuodenaikaa-kes\u00e45-RGB-72-L1358.jpg\" \/>\n<meta name=\"twitter:card\" content=\"summary_large_image\" \/>\n<meta name=\"twitter:label1\" content=\"Estimated reading time\" \/>\n\t<meta name=\"twitter:data1\" content=\"2 minutes\" \/>\n<script type=\"application\/ld+json\" class=\"yoast-schema-graph\">{\"@context\":\"https:\\\/\\\/schema.org\",\"@graph\":[{\"@type\":\"WebPage\",\"@id\":\"https:\\\/\\\/eettinenluksus.fi\\\/en\\\/our-journey\\\/\",\"url\":\"https:\\\/\\\/eettinenluksus.fi\\\/en\\\/our-journey\\\/\",\"name\":\"Our Journey - Ethical Luxury Ltd.\",\"isPartOf\":{\"@id\":\"https:\\\/\\\/eettinenluksus.fi\\\/en\\\/#website\"},\"datePublished\":\"2019-08-08T07:20:03+00:00\",\"dateModified\":\"2021-07-28T06:52:44+00:00\",\"description\":\"Our Journey: Eettinen Luksus Oy was founded in 2007. The first product was the OnXOn Cleaning Stone. In 2008, imports of Method prod\",\"breadcrumb\":{\"@id\":\"https:\\\/\\\/eettinenluksus.fi\\\/en\\\/our-journey\\\/#breadcrumb\"},\"inLanguage\":\"en-GB\",\"potentialAction\":[{\"@type\":\"ReadAction\",\"target\":[\"https:\\\/\\\/eettinenluksus.fi\\\/en\\\/our-journey\\\/\"]}]},{\"@type\":\"BreadcrumbList\",\"@id\":\"https:\\\/\\\/eettinenluksus.fi\\\/en\\\/our-journey\\\/#breadcrumb\",\"itemListElement\":[{\"@type\":\"ListItem\",\"position\":1,\"name\":\"Home\",\"item\":\"https:\\\/\\\/eettinenluksus.fi\\\/en\\\/\"},{\"@type\":\"ListItem\",\"position\":2,\"name\":\"Our Journey\"}]},{\"@type\":\"WebSite\",\"@id\":\"https:\\\/\\\/eettinenluksus.fi\\\/en\\\/#website\",\"url\":\"https:\\\/\\\/eettinenluksus.fi\\\/en\\\/\",\"name\":\"Ethical Luxury Ltd.\",\"description\":\"\",\"publisher\":{\"@id\":\"https:\\\/\\\/eettinenluksus.fi\\\/en\\\/#organization\"},\"potentialAction\":[{\"@type\":\"SearchAction\",\"target\":{\"@type\":\"EntryPoint\",\"urlTemplate\":\"https:\\\/\\\/eettinenluksus.fi\\\/en\\\/?s={search_term_string}\"},\"query-input\":{\"@type\":\"PropertyValueSpecification\",\"valueRequired\":true,\"valueName\":\"search_term_string\"}}],\"inLanguage\":\"en-GB\"},{\"@type\":\"Organization\",\"@id\":\"https:\\\/\\\/eettinenluksus.fi\\\/en\\\/#organization\",\"name\":\"Ethical Luxury Ltd.\",\"url\":\"https:\\\/\\\/eettinenluksus.fi\\\/en\\\/\",\"logo\":{\"@type\":\"ImageObject\",\"inLanguage\":\"en-GB\",\"@id\":\"https:\\\/\\\/eettinenluksus.fi\\\/en\\\/#\\\/schema\\\/logo\\\/image\\\/\",\"url\":\"https:\\\/\\\/eettinenluksus.fi\\\/en\\\/wp-content\\\/uploads\\\/sites\\\/2\\\/2019\\\/07\\\/cropped-harmaa_vihrea_pieni-3.jpg\",\"contentUrl\":\"https:\\\/\\\/eettinenluksus.fi\\\/en\\\/wp-content\\\/uploads\\\/sites\\\/2\\\/2019\\\/07\\\/cropped-harmaa_vihrea_pieni-3.jpg\",\"width\":81,\"height\":35,\"caption\":\"Ethical Luxury Ltd.\"},\"image\":{\"@id\":\"https:\\\/\\\/eettinenluksus.fi\\\/en\\\/#\\\/schema\\\/logo\\\/image\\\/\"}}]}<\/script>\n<!-- \/ Yoast SEO Premium plugin. -->","yoast_head_json":{"title":"Our Journey - Ethical Luxury Ltd.","description":"Our Journey: Eettinen Luksus Oy was founded in 2007. The first product was the OnXOn Cleaning Stone. In 2008, imports of Method prod","robots":{"index":"index","follow":"follow","max-snippet":"max-snippet:-1","max-image-preview":"max-image-preview:large","max-video-preview":"max-video-preview:-1"},"canonical":"https:\/\/eettinenluksus.fi\/en\/our-journey\/","og_locale":"en_GB","og_type":"article","og_title":"Our Journey","og_description":"Our Journey: Eettinen Luksus Oy was founded in 2007. The first product was the OnXOn Cleaning Stone. In 2008, imports of Method prod","og_url":"https:\/\/eettinenluksus.fi\/en\/our-journey\/","og_site_name":"Ethical Luxury Ltd.","article_modified_time":"2021-07-28T06:52:44+00:00","og_image":[{"url":"https:\/\/eettinenluksus.fi\/en\/wp-content\/uploads\/sites\/2\/2019\/07\/4vuodenaikaa-kes\u00e45-RGB-72-L1358.jpg","type":"","width":"","height":""}],"twitter_card":"summary_large_image","twitter_misc":{"Estimated reading time":"2 minutes"},"schema":{"@context":"https:\/\/schema.org","@graph":[{"@type":"WebPage","@id":"https:\/\/eettinenluksus.fi\/en\/our-journey\/","url":"https:\/\/eettinenluksus.fi\/en\/our-journey\/","name":"Our Journey - Ethical Luxury Ltd.","isPartOf":{"@id":"https:\/\/eettinenluksus.fi\/en\/#website"},"datePublished":"2019-08-08T07:20:03+00:00","dateModified":"2021-07-28T06:52:44+00:00","description":"Our Journey: Eettinen Luksus Oy was founded in 2007. The first product was the OnXOn Cleaning Stone. In 2008, imports of Method prod","breadcrumb":{"@id":"https:\/\/eettinenluksus.fi\/en\/our-journey\/#breadcrumb"},"inLanguage":"en-GB","potentialAction":[{"@type":"ReadAction","target":["https:\/\/eettinenluksus.fi\/en\/our-journey\/"]}]},{"@type":"BreadcrumbList","@id":"https:\/\/eettinenluksus.fi\/en\/our-journey\/#breadcrumb","itemListElement":[{"@type":"ListItem","position":1,"name":"Home","item":"https:\/\/eettinenluksus.fi\/en\/"},{"@type":"ListItem","position":2,"name":"Our Journey"}]},{"@type":"WebSite","@id":"https:\/\/eettinenluksus.fi\/en\/#website","url":"https:\/\/eettinenluksus.fi\/en\/","name":"Ethical Luxury Ltd.","description":"","publisher":{"@id":"https:\/\/eettinenluksus.fi\/en\/#organization"},"potentialAction":[{"@type":"SearchAction","target":{"@type":"EntryPoint","urlTemplate":"https:\/\/eettinenluksus.fi\/en\/?s={search_term_string}"},"query-input":{"@type":"PropertyValueSpecification","valueRequired":true,"valueName":"search_term_string"}}],"inLanguage":"en-GB"},{"@type":"Organization","@id":"https:\/\/eettinenluksus.fi\/en\/#organization","name":"Ethical Luxury Ltd.","url":"https:\/\/eettinenluksus.fi\/en\/","logo":{"@type":"ImageObject","inLanguage":"en-GB","@id":"https:\/\/eettinenluksus.fi\/en\/#\/schema\/logo\/image\/","url":"https:\/\/eettinenluksus.fi\/en\/wp-content\/uploads\/sites\/2\/2019\/07\/cropped-harmaa_vihrea_pieni-3.jpg","contentUrl":"https:\/\/eettinenluksus.fi\/en\/wp-content\/uploads\/sites\/2\/2019\/07\/cropped-harmaa_vihrea_pieni-3.jpg","width":81,"height":35,"caption":"Ethical Luxury Ltd."},"image":{"@id":"https:\/\/eettinenluksus.fi\/en\/#\/schema\/logo\/image\/"}}]}},"_links":{"self":[{"href":"https:\/\/eettinenluksus.fi\/en\/wp-json\/wp\/v2\/pages\/543","targetHints":{"allow":["GET"]}}],"collection":[{"href":"https:\/\/eettinenluksus.fi\/en\/wp-json\/wp\/v2\/pages"}],"about":[{"href":"https:\/\/eettinenluksus.fi\/en\/wp-json\/wp\/v2\/types\/page"}],"author":[{"embeddable":true,"href":"https:\/\/eettinenluksus.fi\/en\/wp-json\/wp\/v2\/users\/5"}],"replies":[{"embeddable":true,"href":"https:\/\/eettinenluksus.fi\/en\/wp-json\/wp\/v2\/comments?post=543"}],"version-history":[{"count":30,"href":"https:\/\/eettinenluksus.fi\/en\/wp-json\/wp\/v2\/pages\/543\/revisions"}],"predecessor-version":[{"id":830,"href":"https:\/\/eettinenluksus.fi\/en\/wp-json\/wp\/v2\/pages\/543\/revisions\/830"}],"wp:attachment":[{"href":"https:\/\/eettinenluksus.fi\/en\/wp-json\/wp\/v2\/media?parent=543"}],"curies":[{"name":"wp","href":"https:\/\/api.w.org\/{rel}","templated":true}]}}