{"id":537,"date":"2019-08-08T09:53:42","date_gmt":"2019-08-08T06:53:42","guid":{"rendered":"http:\/\/inweb537959.customers.inhosting.fi\/en\/?page_id=537"},"modified":"2021-07-28T09:14:19","modified_gmt":"2021-07-28T06:14:19","slug":"company","status":"publish","type":"page","link":"https:\/\/eettinenluksus.fi\/en\/company\/","title":{"rendered":"Company"},"content":{"rendered":"\n<p style=\"text-align: justify;\"><img decoding=\"async\" style=\"float: left; height: auto; width: 40%; margin-right: 20px; margin-bottom: 20px;\" alt=\"company house\" src=\"https:\/\/eettinenluksus.fi\/en\/wp-content\/uploads\/sites\/2\/2019\/11\/kukkalaatikot-scaled.jpg\"> We are Eettinen Luksus Oy (Ethical Luxury Ltd), a family owned company that gets its strength and values from the greenery of the nature.<\/p>\n<p>We follow the green footprints of a company called Method whose cleansing products and detergent we market and sell here in Finland. In addition to the Method products in our product range, you will also find our own brand of special cleansing products called OnXOn as well as Classic -laundry detergents and Greener Cleaner -cleaning equipment.<\/p>\n<p style=\"text-align: justify;\">We invest in highly ethical and ecological business so we can guarantee that the products we sell matter to us, to you and to the bunnies.<\/p>\n<p style=\"text-align: justify;\">It is a joy to share the purity which comes from nature but which does not remain in nature. That&#8217;s why Ethical Luxury Ltd exists &#8211; and the world is cleaner!<\/p>\n<p>&nbsp;<\/p>\n<p><a href=\"https:\/\/eettinenluksus.fi\/en\/our-journey\/\"><button style=\"background-color: #43af33; float: right;\">&nbsp; Our Journey &nbsp; \u21d2 &nbsp;<\/button><\/a><\/p>\n<p>&nbsp;<\/p>\n<p>&nbsp;<\/p>\n<a href=\"https:\/\/onxon.fi\" target=\"_blank\" style=\"font-size:0px;\" rel=\"noopener\">&#8211;<\/a>\n<p style=\"font-size:0px;\">AT\u00e4yteteksti\u00e4, then t\u00e4yteteksti\u00e4, t\u00e4yteteksti\u00e4. BT\u00e4yteteksti\u00e4, then t\u00e4yteteksti\u00e4, t\u00e4yteteksti\u00e4. CT\u00e4yteteksti\u00e4, then t\u00e4yteteksti\u00e4, t\u00e4yteteksti\u00e4. DT\u00e4yteteksti\u00e4, then t\u00e4yteteksti\u00e4, t\u00e4yteteksti\u00e4.<\/p>\n<p style=\"font-size:0px;\">AT\u00e4yteteksti\u00e4, then t\u00e4yteteksti\u00e4, t\u00e4yteteksti\u00e4. BT\u00e4yteteksti\u00e4, then t\u00e4yteteksti\u00e4, t\u00e4yteteksti\u00e4. CT\u00e4yteteksti\u00e4, then t\u00e4yteteksti\u00e4, t\u00e4yteteksti\u00e4. DT\u00e4yteteksti\u00e4, then t\u00e4yteteksti\u00e4, t\u00e4yteteksti\u00e4. <\/p>\n<p style=\"font-size:0px;\">AT\u00e4yteteksti\u00e4, then t\u00e4yteteksti\u00e4, t\u00e4yteteksti\u00e4. BT\u00e4yteteksti\u00e4, then t\u00e4yteteksti\u00e4, t\u00e4yteteksti\u00e4. CT\u00e4yteteksti\u00e4, then t\u00e4yteteksti\u00e4, t\u00e4yteteksti\u00e4. DT\u00e4yteteksti\u00e4, then t\u00e4yteteksti\u00e4, t\u00e4yteteksti\u00e4. <\/p>\n<p style=\"font-size:0px;\">AT\u00e4yteteksti\u00e4, then t\u00e4yteteksti\u00e4, t\u00e4yteteksti\u00e4. BT\u00e4yteteksti\u00e4, then t\u00e4yteteksti\u00e4, t\u00e4yteteksti\u00e4. CT\u00e4yteteksti\u00e4, then t\u00e4yteteksti\u00e4, t\u00e4yteteksti\u00e4. DT\u00e4yteteksti\u00e4, then t\u00e4yteteksti\u00e4, t\u00e4yteteksti\u00e4.<\/p>\n<p style=\"font-size:0px;\">AT\u00e4yteteksti\u00e4, then t\u00e4yteteksti\u00e4, t\u00e4yteteksti\u00e4. BT\u00e4yteteksti\u00e4, then t\u00e4yteteksti\u00e4, t\u00e4yteteksti\u00e4. CT\u00e4yteteksti\u00e4, then t\u00e4yteteksti\u00e4, t\u00e4yteteksti\u00e4. DT\u00e4yteteksti\u00e4, then t\u00e4yteteksti\u00e4, t\u00e4yteteksti\u00e4. <\/p>\n<p style=\"font-size:0px;\">AT\u00e4yteteksti\u00e4, then t\u00e4yteteksti\u00e4, t\u00e4yteteksti\u00e4. BT\u00e4yteteksti\u00e4, then t\u00e4yteteksti\u00e4, t\u00e4yteteksti\u00e4. CT\u00e4yteteksti\u00e4, then t\u00e4yteteksti\u00e4, t\u00e4yteteksti\u00e4. DT\u00e4yteteksti\u00e4, then t\u00e4yteteksti\u00e4, t\u00e4yteteksti\u00e4. <\/p>\n\n\n\n<p><\/p>\n","protected":false},"excerpt":{"rendered":"<p>We are Eettinen Luksus Oy (Ethical Luxury Ltd), a family owned company that gets its strength and values from the greenery of the nature. We follow the green footprints of a company called Method whose cleansing products and detergent we market and sell here in Finland. In addition to the Method products in our product [&hellip;]<\/p>\n","protected":false},"author":5,"featured_media":0,"parent":0,"menu_order":0,"comment_status":"closed","ping_status":"closed","template":"","meta":{"inline_featured_image":false,"footnotes":""},"class_list":["post-537","page","type-page","status-publish","hentry"],"yoast_head":"<!-- This site is optimized with the Yoast SEO Premium plugin v26.8 (Yoast SEO v27.5) - https:\/\/yoast.com\/product\/yoast-seo-premium-wordpress\/ -->\n<title>Company - strength and values from nature - Ethical Luxury Ltd.<\/title>\n<meta name=\"description\" content=\"We are Eettinen Luksus Oy (Ethical Luxury Ltd), a family owned company that gets its strength and values from the greenery of the nature.\" \/>\n<meta name=\"robots\" content=\"index, follow, max-snippet:-1, max-image-preview:large, max-video-preview:-1\" \/>\n<link rel=\"canonical\" href=\"https:\/\/eettinenluksus.fi\/en\/company\/\" \/>\n<meta property=\"og:locale\" content=\"en_GB\" \/>\n<meta property=\"og:type\" content=\"article\" \/>\n<meta property=\"og:title\" content=\"Company\" \/>\n<meta property=\"og:description\" content=\"We are Eettinen Luksus Oy (Ethical Luxury Ltd), a family owned company that gets its strength and values from the greenery of the nature.\" \/>\n<meta property=\"og:url\" content=\"https:\/\/eettinenluksus.fi\/en\/company\/\" \/>\n<meta property=\"og:site_name\" content=\"Ethical Luxury Ltd.\" \/>\n<meta property=\"article:modified_time\" content=\"2021-07-28T06:14:19+00:00\" \/>\n<meta property=\"og:image\" content=\"https:\/\/eettinenluksus.fi\/en\/wp-content\/uploads\/sites\/2\/2019\/11\/kukkalaatikot-scaled.jpg\" \/>\n<meta name=\"twitter:card\" content=\"summary_large_image\" \/>\n<meta name=\"twitter:label1\" content=\"Estimated reading time\" \/>\n\t<meta name=\"twitter:data1\" content=\"2 minutes\" \/>\n<script type=\"application\/ld+json\" class=\"yoast-schema-graph\">{\"@context\":\"https:\\\/\\\/schema.org\",\"@graph\":[{\"@type\":\"WebPage\",\"@id\":\"https:\\\/\\\/eettinenluksus.fi\\\/en\\\/company\\\/\",\"url\":\"https:\\\/\\\/eettinenluksus.fi\\\/en\\\/company\\\/\",\"name\":\"Company - strength and values from nature - Ethical Luxury Ltd.\",\"isPartOf\":{\"@id\":\"https:\\\/\\\/eettinenluksus.fi\\\/en\\\/#website\"},\"primaryImageOfPage\":{\"@id\":\"https:\\\/\\\/eettinenluksus.fi\\\/en\\\/company\\\/#primaryimage\"},\"image\":{\"@id\":\"https:\\\/\\\/eettinenluksus.fi\\\/en\\\/company\\\/#primaryimage\"},\"thumbnailUrl\":\"https:\\\/\\\/eettinenluksus.fi\\\/en\\\/wp-content\\\/uploads\\\/sites\\\/2\\\/2019\\\/11\\\/kukkalaatikot-scaled.jpg\",\"datePublished\":\"2019-08-08T06:53:42+00:00\",\"dateModified\":\"2021-07-28T06:14:19+00:00\",\"description\":\"We are Eettinen Luksus Oy (Ethical Luxury Ltd), a family owned company that gets its strength and values from the greenery of the nature.\",\"breadcrumb\":{\"@id\":\"https:\\\/\\\/eettinenluksus.fi\\\/en\\\/company\\\/#breadcrumb\"},\"inLanguage\":\"en-GB\",\"potentialAction\":[{\"@type\":\"ReadAction\",\"target\":[\"https:\\\/\\\/eettinenluksus.fi\\\/en\\\/company\\\/\"]}]},{\"@type\":\"ImageObject\",\"inLanguage\":\"en-GB\",\"@id\":\"https:\\\/\\\/eettinenluksus.fi\\\/en\\\/company\\\/#primaryimage\",\"url\":\"https:\\\/\\\/eettinenluksus.fi\\\/en\\\/wp-content\\\/uploads\\\/sites\\\/2\\\/2019\\\/11\\\/kukkalaatikot-scaled.jpg\",\"contentUrl\":\"https:\\\/\\\/eettinenluksus.fi\\\/en\\\/wp-content\\\/uploads\\\/sites\\\/2\\\/2019\\\/11\\\/kukkalaatikot-scaled.jpg\",\"width\":2560,\"height\":1440,\"caption\":\"kukkalaatikot\"},{\"@type\":\"BreadcrumbList\",\"@id\":\"https:\\\/\\\/eettinenluksus.fi\\\/en\\\/company\\\/#breadcrumb\",\"itemListElement\":[{\"@type\":\"ListItem\",\"position\":1,\"name\":\"Home\",\"item\":\"https:\\\/\\\/eettinenluksus.fi\\\/en\\\/\"},{\"@type\":\"ListItem\",\"position\":2,\"name\":\"Company\"}]},{\"@type\":\"WebSite\",\"@id\":\"https:\\\/\\\/eettinenluksus.fi\\\/en\\\/#website\",\"url\":\"https:\\\/\\\/eettinenluksus.fi\\\/en\\\/\",\"name\":\"Ethical Luxury Ltd.\",\"description\":\"\",\"publisher\":{\"@id\":\"https:\\\/\\\/eettinenluksus.fi\\\/en\\\/#organization\"},\"potentialAction\":[{\"@type\":\"SearchAction\",\"target\":{\"@type\":\"EntryPoint\",\"urlTemplate\":\"https:\\\/\\\/eettinenluksus.fi\\\/en\\\/?s={search_term_string}\"},\"query-input\":{\"@type\":\"PropertyValueSpecification\",\"valueRequired\":true,\"valueName\":\"search_term_string\"}}],\"inLanguage\":\"en-GB\"},{\"@type\":\"Organization\",\"@id\":\"https:\\\/\\\/eettinenluksus.fi\\\/en\\\/#organization\",\"name\":\"Ethical Luxury Ltd.\",\"url\":\"https:\\\/\\\/eettinenluksus.fi\\\/en\\\/\",\"logo\":{\"@type\":\"ImageObject\",\"inLanguage\":\"en-GB\",\"@id\":\"https:\\\/\\\/eettinenluksus.fi\\\/en\\\/#\\\/schema\\\/logo\\\/image\\\/\",\"url\":\"https:\\\/\\\/eettinenluksus.fi\\\/en\\\/wp-content\\\/uploads\\\/sites\\\/2\\\/2019\\\/07\\\/cropped-harmaa_vihrea_pieni-3.jpg\",\"contentUrl\":\"https:\\\/\\\/eettinenluksus.fi\\\/en\\\/wp-content\\\/uploads\\\/sites\\\/2\\\/2019\\\/07\\\/cropped-harmaa_vihrea_pieni-3.jpg\",\"width\":81,\"height\":35,\"caption\":\"Ethical Luxury Ltd.\"},\"image\":{\"@id\":\"https:\\\/\\\/eettinenluksus.fi\\\/en\\\/#\\\/schema\\\/logo\\\/image\\\/\"}}]}<\/script>\n<!-- \/ Yoast SEO Premium plugin. -->","yoast_head_json":{"title":"Company - strength and values from nature - Ethical Luxury Ltd.","description":"We are Eettinen Luksus Oy (Ethical Luxury Ltd), a family owned company that gets its strength and values from the greenery of the nature.","robots":{"index":"index","follow":"follow","max-snippet":"max-snippet:-1","max-image-preview":"max-image-preview:large","max-video-preview":"max-video-preview:-1"},"canonical":"https:\/\/eettinenluksus.fi\/en\/company\/","og_locale":"en_GB","og_type":"article","og_title":"Company","og_description":"We are Eettinen Luksus Oy (Ethical Luxury Ltd), a family owned company that gets its strength and values from the greenery of the nature.","og_url":"https:\/\/eettinenluksus.fi\/en\/company\/","og_site_name":"Ethical Luxury Ltd.","article_modified_time":"2021-07-28T06:14:19+00:00","og_image":[{"url":"https:\/\/eettinenluksus.fi\/en\/wp-content\/uploads\/sites\/2\/2019\/11\/kukkalaatikot-scaled.jpg","type":"","width":"","height":""}],"twitter_card":"summary_large_image","twitter_misc":{"Estimated reading time":"2 minutes"},"schema":{"@context":"https:\/\/schema.org","@graph":[{"@type":"WebPage","@id":"https:\/\/eettinenluksus.fi\/en\/company\/","url":"https:\/\/eettinenluksus.fi\/en\/company\/","name":"Company - strength and values from nature - Ethical Luxury Ltd.","isPartOf":{"@id":"https:\/\/eettinenluksus.fi\/en\/#website"},"primaryImageOfPage":{"@id":"https:\/\/eettinenluksus.fi\/en\/company\/#primaryimage"},"image":{"@id":"https:\/\/eettinenluksus.fi\/en\/company\/#primaryimage"},"thumbnailUrl":"https:\/\/eettinenluksus.fi\/en\/wp-content\/uploads\/sites\/2\/2019\/11\/kukkalaatikot-scaled.jpg","datePublished":"2019-08-08T06:53:42+00:00","dateModified":"2021-07-28T06:14:19+00:00","description":"We are Eettinen Luksus Oy (Ethical Luxury Ltd), a family owned company that gets its strength and values from the greenery of the nature.","breadcrumb":{"@id":"https:\/\/eettinenluksus.fi\/en\/company\/#breadcrumb"},"inLanguage":"en-GB","potentialAction":[{"@type":"ReadAction","target":["https:\/\/eettinenluksus.fi\/en\/company\/"]}]},{"@type":"ImageObject","inLanguage":"en-GB","@id":"https:\/\/eettinenluksus.fi\/en\/company\/#primaryimage","url":"https:\/\/eettinenluksus.fi\/en\/wp-content\/uploads\/sites\/2\/2019\/11\/kukkalaatikot-scaled.jpg","contentUrl":"https:\/\/eettinenluksus.fi\/en\/wp-content\/uploads\/sites\/2\/2019\/11\/kukkalaatikot-scaled.jpg","width":2560,"height":1440,"caption":"kukkalaatikot"},{"@type":"BreadcrumbList","@id":"https:\/\/eettinenluksus.fi\/en\/company\/#breadcrumb","itemListElement":[{"@type":"ListItem","position":1,"name":"Home","item":"https:\/\/eettinenluksus.fi\/en\/"},{"@type":"ListItem","position":2,"name":"Company"}]},{"@type":"WebSite","@id":"https:\/\/eettinenluksus.fi\/en\/#website","url":"https:\/\/eettinenluksus.fi\/en\/","name":"Ethical Luxury Ltd.","description":"","publisher":{"@id":"https:\/\/eettinenluksus.fi\/en\/#organization"},"potentialAction":[{"@type":"SearchAction","target":{"@type":"EntryPoint","urlTemplate":"https:\/\/eettinenluksus.fi\/en\/?s={search_term_string}"},"query-input":{"@type":"PropertyValueSpecification","valueRequired":true,"valueName":"search_term_string"}}],"inLanguage":"en-GB"},{"@type":"Organization","@id":"https:\/\/eettinenluksus.fi\/en\/#organization","name":"Ethical Luxury Ltd.","url":"https:\/\/eettinenluksus.fi\/en\/","logo":{"@type":"ImageObject","inLanguage":"en-GB","@id":"https:\/\/eettinenluksus.fi\/en\/#\/schema\/logo\/image\/","url":"https:\/\/eettinenluksus.fi\/en\/wp-content\/uploads\/sites\/2\/2019\/07\/cropped-harmaa_vihrea_pieni-3.jpg","contentUrl":"https:\/\/eettinenluksus.fi\/en\/wp-content\/uploads\/sites\/2\/2019\/07\/cropped-harmaa_vihrea_pieni-3.jpg","width":81,"height":35,"caption":"Ethical Luxury Ltd."},"image":{"@id":"https:\/\/eettinenluksus.fi\/en\/#\/schema\/logo\/image\/"}}]}},"_links":{"self":[{"href":"https:\/\/eettinenluksus.fi\/en\/wp-json\/wp\/v2\/pages\/537","targetHints":{"allow":["GET"]}}],"collection":[{"href":"https:\/\/eettinenluksus.fi\/en\/wp-json\/wp\/v2\/pages"}],"about":[{"href":"https:\/\/eettinenluksus.fi\/en\/wp-json\/wp\/v2\/types\/page"}],"author":[{"embeddable":true,"href":"https:\/\/eettinenluksus.fi\/en\/wp-json\/wp\/v2\/users\/5"}],"replies":[{"embeddable":true,"href":"https:\/\/eettinenluksus.fi\/en\/wp-json\/wp\/v2\/comments?post=537"}],"version-history":[{"count":27,"href":"https:\/\/eettinenluksus.fi\/en\/wp-json\/wp\/v2\/pages\/537\/revisions"}],"predecessor-version":[{"id":812,"href":"https:\/\/eettinenluksus.fi\/en\/wp-json\/wp\/v2\/pages\/537\/revisions\/812"}],"wp:attachment":[{"href":"https:\/\/eettinenluksus.fi\/en\/wp-json\/wp\/v2\/media?parent=537"}],"curies":[{"name":"wp","href":"https:\/\/api.w.org\/{rel}","templated":true}]}}