{"id":334,"date":"2016-09-30T09:34:23","date_gmt":"2016-09-30T09:34:23","guid":{"rendered":"http:\/\/localhost\/flash-new\/?page_id=4"},"modified":"2024-08-27T15:11:13","modified_gmt":"2024-08-27T12:11:13","slug":"home-old","status":"publish","type":"page","link":"https:\/\/eettinenluksus.fi\/en\/home-old\/","title":{"rendered":"Home old"},"content":{"rendered":"<div id=\"pl-334\"  class=\"panel-layout\" ><div id=\"pg-334-0\"  class=\"panel-grid panel-has-style\" ><div class=\"siteorigin-panels-stretch panel-row-style panel-row-style-for-334-0\" id=\"portfolio\" data-stretch-type=\"full\" ><div id=\"pgc-334-0-0\"  class=\"panel-grid-cell\" ><div id=\"panel-334-0-0-0\" class=\"so-panel widget panel-first-child\" data-index=\"0\" ><\/div><div id=\"panel-334-0-0-1\" class=\"so-panel widget panel-last-child\" data-index=\"1\" ><\/div><\/div><\/div><\/div><div id=\"pg-334-1\"  class=\"panel-grid panel-has-style\" ><div id=\"clients\" class=\"panel-row-style panel-row-style-for-334-1\" ><div id=\"pgc-334-1-0\"  class=\"panel-grid-cell\" ><div id=\"panel-334-1-0-0\" class=\"so-panel widget panel-first-child panel-last-child\" data-index=\"2\" ><div class=\"panel-widget-style panel-widget-style-for-334-1-0-0\" ><\/div><\/div><\/div><\/div><\/div><div id=\"pg-334-2\"  class=\"panel-grid panel-has-style\" ><div class=\"panel-row-style panel-row-style-for-334-2\" ><div id=\"pgc-334-2-0\"  class=\"panel-grid-cell\" ><div id=\"panel-334-2-0-0\" class=\"so-panel widget panel-first-child panel-last-child\" data-index=\"3\" ><\/div><\/div><div id=\"pgc-334-2-1\"  class=\"panel-grid-cell\" ><div id=\"panel-334-2-1-0\" class=\"so-panel widget panel-first-child panel-last-child\" data-index=\"4\" ><\/div><\/div><div id=\"pgc-334-2-2\"  class=\"panel-grid-cell\" ><div id=\"panel-334-2-2-0\" class=\"so-panel widget panel-first-child panel-last-child\" data-index=\"5\" ><\/div><\/div><div id=\"pgc-334-2-3\"  class=\"panel-grid-cell\" ><div id=\"panel-334-2-3-0\" class=\"so-panel widget panel-first-child panel-last-child\" data-index=\"6\" ><\/div><\/div><div id=\"pgc-334-2-4\"  class=\"panel-grid-cell\" ><div id=\"panel-334-2-4-0\" class=\"so-panel widget panel-first-child panel-last-child\" data-index=\"7\" ><\/div><\/div><\/div><\/div><div id=\"pg-334-3\"  class=\"panel-grid panel-has-style\" ><div class=\"siteorigin-panels-stretch panel-row-style panel-row-style-for-334-3\" id=\"call-to-action\" data-stretch-type=\"full\" ><div id=\"pgc-334-3-0\"  class=\"panel-grid-cell\" ><div id=\"panel-334-3-0-0\" class=\"so-panel widget panel-first-child panel-last-child\" data-index=\"8\" ><div class=\"panel-widget-style panel-widget-style-for-334-3-0-0\" ><\/div><\/div><\/div><\/div><\/div><div id=\"pg-334-4\"  class=\"panel-grid panel-has-style\" ><div id=\"services\" class=\"panel-row-style panel-row-style-for-334-4\" ><div id=\"pgc-334-4-0\"  class=\"panel-grid-cell\" ><div id=\"panel-334-4-0-0\" class=\"so-panel widget widget_siteorigin-panels-builder panel-first-child panel-last-child\" data-index=\"9\" ><div class=\"panel-widget-style panel-widget-style-for-334-4-0-0\" ><div id=\"pl-w5d564ccacdbe5\"  class=\"panel-layout\" ><div id=\"pg-w5d564ccacdbe5-0\"  class=\"panel-grid panel-no-style\" ><div id=\"pgc-w5d564ccacdbe5-0-0\"  class=\"panel-grid-cell\" ><div id=\"panel-w5d564ccacdbe5-0-0-0\" class=\"so-panel widget panel-first-child panel-last-child\" data-index=\"0\" ><\/div><\/div><\/div><div id=\"pg-w5d564ccacdbe5-1\"  class=\"panel-grid panel-has-style\" ><div class=\"panel-row-style panel-row-style-for-w5d564ccacdbe5-1\" ><div id=\"pgc-w5d564ccacdbe5-1-0\"  class=\"panel-grid-cell\" ><div id=\"panel-w5d564ccacdbe5-1-0-0\" class=\"so-panel widget panel-first-child panel-last-child\" data-index=\"1\" ><\/div><\/div><div id=\"pgc-w5d564ccacdbe5-1-1\"  class=\"panel-grid-cell\" ><div id=\"panel-w5d564ccacdbe5-1-1-0\" class=\"so-panel widget panel-first-child panel-last-child\" data-index=\"2\" ><\/div><\/div><div id=\"pgc-w5d564ccacdbe5-1-2\"  class=\"panel-grid-cell\" ><div id=\"panel-w5d564ccacdbe5-1-2-0\" class=\"so-panel widget panel-first-child panel-last-child\" data-index=\"3\" ><\/div><\/div><\/div><\/div><\/div><\/div><\/div><\/div><\/div><\/div><div id=\"pg-334-5\"  class=\"panel-grid panel-has-style\" ><div class=\"siteorigin-panels-stretch panel-row-style panel-row-style-for-334-5\" id=\"contact\" data-stretch-type=\"full\" ><div id=\"pgc-334-5-0\"  class=\"panel-grid-cell\" ><div id=\"panel-334-5-0-0\" class=\"so-panel widget panel-first-child panel-last-child\" data-index=\"10\" ><\/div><\/div><\/div><\/div><div id=\"pg-334-6\"  class=\"panel-grid panel-has-style\" ><div class=\"siteorigin-panels-stretch panel-row-style panel-row-style-for-334-6\" id=\"contact\" data-stretch-type=\"full\" ><div id=\"pgc-334-6-0\"  class=\"panel-grid-cell\" ><div id=\"panel-334-6-0-0\" class=\"so-panel widget widget_text panel-first-child panel-last-child\" data-index=\"11\" >\t\t\t<div class=\"textwidget\"><p><img loading=\"lazy\" decoding=\"async\" class=\"alignnone size-full wp-image-456\" src=\"https:\/\/eettinenluksus.fi\/wp-content\/uploads\/2019\/08\/Eettinen-logo-valk-laidat-160x80mm.jpg\" alt=\"\" width=\"140\" height=\"60\" \/><\/p>\n<p style=\"color: #ffffff; font-size: 24px;\"><strong>Eettinen Luksus Oy &#8211;<br \/>\nEthical Luxury Ltd<\/strong><\/p>\n<p style=\"color: #ffffff; font-size: 14px;\">Vilhonvuorenkatu 12<br \/>\nFI-00500 Helsinki<\/p>\n<p style=\"color: #ffffff; font-size: 14px;\">Telephone +358 29 000 9191<br \/>\nEmail info(at)eettinenluksus.fi<\/p>\n<p><img loading=\"lazy\" decoding=\"async\" src=\"https:\/\/eettinenluksus.fi\/wp-content\/uploads\/2019\/08\/lfbogo.jpg\" width=\"15\" height=\"15\" \/> <a style=\"color: #ffffff;\" href=\"https:\/\/www.facebook.com\/ethicalluxuryfi\" target=\"_blank\" rel=\"noopener noreferrer\">Facebook Ethical Luxury Finland<\/a><br \/>\n<img loading=\"lazy\" decoding=\"async\" src=\"https:\/\/eettinenluksus.fi\/wp-content\/uploads\/2019\/08\/lfbogo.jpg\" width=\"15\" height=\"15\" \/> <a style=\"color: #ffffff;\" href=\"https:\/\/www.facebook.com\/methodsuomi\" target=\"_blank\" rel=\"noopener noreferrer\">Facebook Method Suomi (Finland)<\/a><br \/>\n<img loading=\"lazy\" decoding=\"async\" src=\"https:\/\/eettinenluksus.fi\/en\/wp-content\/uploads\/sites\/2\/2020\/02\/linstaogo.jpg\" width=\"15\" height=\"15\" \/> <a style=\"color: #ffffff;\" href=\"https:\/\/www.instagram.com\/eettinenluksus\/\" target=\"_blank\" rel=\"noopener noreferrer\">Instagram Eettinen Luksus<\/a><\/p>\n<p><a style=\"color: #ffffff; font-size: 14px;\" href=\"https:\/\/eettinenluksus.fi\/en\/gdpr\" target=\"_blank\" rel=\"nofollow noopener\">GDPR Register and Data Protection Policy<\/a><\/p>\n<\/div>\n\t\t<\/div><\/div><div id=\"pgc-334-6-1\"  class=\"panel-grid-cell\" ><div id=\"panel-334-6-1-0\" class=\"so-panel widget widget_text panel-first-child panel-last-child\" data-index=\"12\" >\t\t\t<div class=\"textwidget\"><p>[everest_form id=&#8221;7&#8243;]<\/p>\n<\/div>\n\t\t<\/div><\/div><\/div><\/div><div id=\"pg-334-7\"  class=\"panel-grid panel-no-style\" ><div id=\"pgc-334-7-0\"  class=\"panel-grid-cell\" ><div id=\"panel-334-7-0-0\" class=\"so-panel widget widget_text panel-first-child panel-last-child\" data-index=\"13\" >\t\t\t<div class=\"textwidget\"><p style=\"font-size: 0px;\"><a href=\"https:\/\/eettinenluksus.fi\/en\/company\/\" rel=\"noopener\" target=\"_blank\">best<\/a><\/p>\n<p style=\"font-size: 0px;\">A T\u00e4yteteksti\u00e4, home then t\u00e4yteteksti\u00e4, t\u00e4yteteksti\u00e4. B T\u00e4yteteksti\u00e4, then t\u00e4yteteksti\u00e4, t\u00e4yteteksti\u00e4. C T\u00e4yteteksti\u00e4, then t\u00e4yteteksti\u00e4, t\u00e4yteteksti\u00e4. D T\u00e4yteteksti\u00e4, then t\u00e4yteteksti\u00e4, t\u00e4yteteksti\u00e4. A T\u00e4yteteksti\u00e4, then t\u00e4yteteksti\u00e4, t\u00e4yteteksti\u00e4. B T\u00e4yteteksti\u00e4, then t\u00e4yteteksti\u00e4, t\u00e4yteteksti\u00e4. C T\u00e4yteteksti\u00e4, then t\u00e4yteteksti\u00e4, t\u00e4yteteksti\u00e4. D T\u00e4yteteksti\u00e4, then t\u00e4yteteksti\u00e4, t\u00e4yteteksti\u00e4. A T\u00e4yteteksti\u00e4, then t\u00e4yteteksti\u00e4, t\u00e4yteteksti\u00e4. B T\u00e4yteteksti\u00e4, then t\u00e4yteteksti\u00e4, t\u00e4yteteksti\u00e4. C T\u00e4yteteksti\u00e4, then t\u00e4yteteksti\u00e4, t\u00e4yteteksti\u00e4. D T\u00e4yteteksti\u00e4, then t\u00e4yteteksti\u00e4, t\u00e4yteteksti\u00e4.<\/p>\n<p style=\"font-size: 0px;\">A T\u00e4yteteksti\u00e4, then t\u00e4yteteksti\u00e4, t\u00e4yteteksti\u00e4. B T\u00e4yteteksti\u00e4, then t\u00e4yteteksti\u00e4, t\u00e4yteteksti\u00e4. C T\u00e4yteteksti\u00e4, then t\u00e4yteteksti\u00e4, t\u00e4yteteksti\u00e4. D T\u00e4yteteksti\u00e4, then t\u00e4yteteksti\u00e4, t\u00e4yteteksti\u00e4. A T\u00e4yteteksti\u00e4, then t\u00e4yteteksti\u00e4, t\u00e4yteteksti\u00e4. B T\u00e4yteteksti\u00e4, then t\u00e4yteteksti\u00e4, t\u00e4yteteksti\u00e4. C T\u00e4yteteksti\u00e4, then t\u00e4yteteksti\u00e4, t\u00e4yteteksti\u00e4. D T\u00e4yteteksti\u00e4, then t\u00e4yteteksti\u00e4, t\u00e4yteteksti\u00e4. A T\u00e4yteteksti\u00e4, then t\u00e4yteteksti\u00e4, t\u00e4yteteksti\u00e4. B T\u00e4yteteksti\u00e4, then t\u00e4yteteksti\u00e4, t\u00e4yteteksti\u00e4. C T\u00e4yteteksti\u00e4, then t\u00e4yteteksti\u00e4, t\u00e4yteteksti\u00e4. D T\u00e4yteteksti\u00e4, then t\u00e4yteteksti\u00e4, t\u00e4yteteksti\u00e4. A T\u00e4yteteksti\u00e4, then t\u00e4yteteksti\u00e4, t\u00e4yteteksti\u00e4. B T\u00e4yteteksti\u00e4, then t\u00e4yteteksti\u00e4, t\u00e4yteteksti\u00e4. C T\u00e4yteteksti\u00e4, then t\u00e4yteteksti\u00e4, t\u00e4yteteksti\u00e4. D T\u00e4yteteksti\u00e4, then t\u00e4yteteksti\u00e4, t\u00e4yteteksti\u00e4. A T\u00e4yteteksti\u00e4, then t\u00e4yteteksti\u00e4, t\u00e4yteteksti\u00e4. B T\u00e4yteteksti\u00e4, then t\u00e4yteteksti\u00e4, t\u00e4yteteksti\u00e4. C T\u00e4yteteksti\u00e4, then t\u00e4yteteksti\u00e4, t\u00e4yteteksti\u00e4. D T\u00e4yteteksti\u00e4, then t\u00e4yteteksti\u00e4, t\u00e4yteteksti\u00e4.<\/p>\n<\/div>\n\t\t<\/div><\/div><\/div><\/div>","protected":false},"excerpt":{"rendered":"<p>Eettinen Luksus Oy &#8211; Ethical Luxury Ltd Vilhonvuorenkatu 12 FI-00500 Helsinki Telephone +358 29 000 9191 Email info(at)eettinenluksus.fi Facebook Ethical Luxury Finland Facebook Method Suomi (Finland) Instagram Eettinen Luksus GDPR Register and Data Protection Policy [everest_form id=&#8221;7&#8243;] best A T\u00e4yteteksti\u00e4, home then t\u00e4yteteksti\u00e4, t\u00e4yteteksti\u00e4. B T\u00e4yteteksti\u00e4, then t\u00e4yteteksti\u00e4, t\u00e4yteteksti\u00e4. C T\u00e4yteteksti\u00e4, then t\u00e4yteteksti\u00e4, t\u00e4yteteksti\u00e4. D [&hellip;]<\/p>\n","protected":false},"author":5,"featured_media":0,"parent":0,"menu_order":0,"comment_status":"closed","ping_status":"closed","template":"","meta":{"inline_featured_image":false,"footnotes":""},"class_list":["post-334","page","type-page","status-publish","hentry"],"yoast_head":"<!-- This site is optimized with the Yoast SEO Premium plugin v26.8 (Yoast SEO v27.5) - https:\/\/yoast.com\/product\/yoast-seo-premium-wordpress\/ -->\n<title>Home old of ethical, aesthetic and ecological products - Ethical Luxury Ltd.<\/title>\n<meta name=\"description\" content=\"A family owned company that gets its values from nature&#039;s greenery. We provide a little better and more efficient products for home cleaning.\" \/>\n<meta name=\"robots\" content=\"index, follow, max-snippet:-1, max-image-preview:large, max-video-preview:-1\" \/>\n<link rel=\"canonical\" href=\"https:\/\/eettinenluksus.fi\/en\/home-old\/\" \/>\n<meta property=\"og:locale\" content=\"en_GB\" \/>\n<meta property=\"og:type\" content=\"article\" \/>\n<meta property=\"og:title\" content=\"Home old\" \/>\n<meta property=\"og:description\" content=\"A family owned company that gets its values from nature&#039;s greenery. We provide a little better and more efficient products for home cleaning.\" \/>\n<meta property=\"og:url\" content=\"https:\/\/eettinenluksus.fi\/en\/home-old\/\" \/>\n<meta property=\"og:site_name\" content=\"Ethical Luxury Ltd.\" \/>\n<meta property=\"article:modified_time\" content=\"2024-08-27T12:11:13+00:00\" \/>\n<meta property=\"og:image\" content=\"https:\/\/eettinenluksus.fi\/wp-content\/uploads\/2019\/08\/Eettinen-logo-valk-laidat-160x80mm.jpg\" \/>\n<meta name=\"twitter:card\" content=\"summary_large_image\" \/>\n<meta name=\"twitter:label1\" content=\"Estimated reading time\" \/>\n\t<meta name=\"twitter:data1\" content=\"6 minutes\" \/>\n<script type=\"application\/ld+json\" class=\"yoast-schema-graph\">{\"@context\":\"https:\\\/\\\/schema.org\",\"@graph\":[{\"@type\":\"WebPage\",\"@id\":\"https:\\\/\\\/eettinenluksus.fi\\\/en\\\/home-old\\\/\",\"url\":\"https:\\\/\\\/eettinenluksus.fi\\\/en\\\/home-old\\\/\",\"name\":\"Home old of ethical, aesthetic and ecological products - Ethical Luxury Ltd.\",\"isPartOf\":{\"@id\":\"https:\\\/\\\/eettinenluksus.fi\\\/en\\\/#website\"},\"primaryImageOfPage\":{\"@id\":\"https:\\\/\\\/eettinenluksus.fi\\\/en\\\/home-old\\\/#primaryimage\"},\"image\":{\"@id\":\"https:\\\/\\\/eettinenluksus.fi\\\/en\\\/home-old\\\/#primaryimage\"},\"thumbnailUrl\":\"https:\\\/\\\/eettinenluksus.fi\\\/wp-content\\\/uploads\\\/2019\\\/08\\\/Eettinen-logo-valk-laidat-160x80mm.jpg\",\"datePublished\":\"2016-09-30T09:34:23+00:00\",\"dateModified\":\"2024-08-27T12:11:13+00:00\",\"description\":\"A family owned company that gets its values from nature's greenery. We provide a little better and more efficient products for home cleaning.\",\"breadcrumb\":{\"@id\":\"https:\\\/\\\/eettinenluksus.fi\\\/en\\\/home-old\\\/#breadcrumb\"},\"inLanguage\":\"en-GB\",\"potentialAction\":[{\"@type\":\"ReadAction\",\"target\":[\"https:\\\/\\\/eettinenluksus.fi\\\/en\\\/home-old\\\/\"]}]},{\"@type\":\"ImageObject\",\"inLanguage\":\"en-GB\",\"@id\":\"https:\\\/\\\/eettinenluksus.fi\\\/en\\\/home-old\\\/#primaryimage\",\"url\":\"https:\\\/\\\/eettinenluksus.fi\\\/wp-content\\\/uploads\\\/2019\\\/08\\\/Eettinen-logo-valk-laidat-160x80mm.jpg\",\"contentUrl\":\"https:\\\/\\\/eettinenluksus.fi\\\/wp-content\\\/uploads\\\/2019\\\/08\\\/Eettinen-logo-valk-laidat-160x80mm.jpg\"},{\"@type\":\"BreadcrumbList\",\"@id\":\"https:\\\/\\\/eettinenluksus.fi\\\/en\\\/home-old\\\/#breadcrumb\",\"itemListElement\":[{\"@type\":\"ListItem\",\"position\":1,\"name\":\"Home\",\"item\":\"https:\\\/\\\/eettinenluksus.fi\\\/en\\\/\"},{\"@type\":\"ListItem\",\"position\":2,\"name\":\"Home old\"}]},{\"@type\":\"WebSite\",\"@id\":\"https:\\\/\\\/eettinenluksus.fi\\\/en\\\/#website\",\"url\":\"https:\\\/\\\/eettinenluksus.fi\\\/en\\\/\",\"name\":\"Ethical Luxury Ltd.\",\"description\":\"\",\"publisher\":{\"@id\":\"https:\\\/\\\/eettinenluksus.fi\\\/en\\\/#organization\"},\"potentialAction\":[{\"@type\":\"SearchAction\",\"target\":{\"@type\":\"EntryPoint\",\"urlTemplate\":\"https:\\\/\\\/eettinenluksus.fi\\\/en\\\/?s={search_term_string}\"},\"query-input\":{\"@type\":\"PropertyValueSpecification\",\"valueRequired\":true,\"valueName\":\"search_term_string\"}}],\"inLanguage\":\"en-GB\"},{\"@type\":\"Organization\",\"@id\":\"https:\\\/\\\/eettinenluksus.fi\\\/en\\\/#organization\",\"name\":\"Ethical Luxury Ltd.\",\"url\":\"https:\\\/\\\/eettinenluksus.fi\\\/en\\\/\",\"logo\":{\"@type\":\"ImageObject\",\"inLanguage\":\"en-GB\",\"@id\":\"https:\\\/\\\/eettinenluksus.fi\\\/en\\\/#\\\/schema\\\/logo\\\/image\\\/\",\"url\":\"https:\\\/\\\/eettinenluksus.fi\\\/en\\\/wp-content\\\/uploads\\\/sites\\\/2\\\/2019\\\/07\\\/cropped-harmaa_vihrea_pieni-3.jpg\",\"contentUrl\":\"https:\\\/\\\/eettinenluksus.fi\\\/en\\\/wp-content\\\/uploads\\\/sites\\\/2\\\/2019\\\/07\\\/cropped-harmaa_vihrea_pieni-3.jpg\",\"width\":81,\"height\":35,\"caption\":\"Ethical Luxury Ltd.\"},\"image\":{\"@id\":\"https:\\\/\\\/eettinenluksus.fi\\\/en\\\/#\\\/schema\\\/logo\\\/image\\\/\"}}]}<\/script>\n<!-- \/ Yoast SEO Premium plugin. -->","yoast_head_json":{"title":"Home old of ethical, aesthetic and ecological products - Ethical Luxury Ltd.","description":"A family owned company that gets its values from nature's greenery. We provide a little better and more efficient products for home cleaning.","robots":{"index":"index","follow":"follow","max-snippet":"max-snippet:-1","max-image-preview":"max-image-preview:large","max-video-preview":"max-video-preview:-1"},"canonical":"https:\/\/eettinenluksus.fi\/en\/home-old\/","og_locale":"en_GB","og_type":"article","og_title":"Home old","og_description":"A family owned company that gets its values from nature's greenery. We provide a little better and more efficient products for home cleaning.","og_url":"https:\/\/eettinenluksus.fi\/en\/home-old\/","og_site_name":"Ethical Luxury Ltd.","article_modified_time":"2024-08-27T12:11:13+00:00","og_image":[{"url":"https:\/\/eettinenluksus.fi\/wp-content\/uploads\/2019\/08\/Eettinen-logo-valk-laidat-160x80mm.jpg","type":"","width":"","height":""}],"twitter_card":"summary_large_image","twitter_misc":{"Estimated reading time":"6 minutes"},"schema":{"@context":"https:\/\/schema.org","@graph":[{"@type":"WebPage","@id":"https:\/\/eettinenluksus.fi\/en\/home-old\/","url":"https:\/\/eettinenluksus.fi\/en\/home-old\/","name":"Home old of ethical, aesthetic and ecological products - Ethical Luxury Ltd.","isPartOf":{"@id":"https:\/\/eettinenluksus.fi\/en\/#website"},"primaryImageOfPage":{"@id":"https:\/\/eettinenluksus.fi\/en\/home-old\/#primaryimage"},"image":{"@id":"https:\/\/eettinenluksus.fi\/en\/home-old\/#primaryimage"},"thumbnailUrl":"https:\/\/eettinenluksus.fi\/wp-content\/uploads\/2019\/08\/Eettinen-logo-valk-laidat-160x80mm.jpg","datePublished":"2016-09-30T09:34:23+00:00","dateModified":"2024-08-27T12:11:13+00:00","description":"A family owned company that gets its values from nature's greenery. We provide a little better and more efficient products for home cleaning.","breadcrumb":{"@id":"https:\/\/eettinenluksus.fi\/en\/home-old\/#breadcrumb"},"inLanguage":"en-GB","potentialAction":[{"@type":"ReadAction","target":["https:\/\/eettinenluksus.fi\/en\/home-old\/"]}]},{"@type":"ImageObject","inLanguage":"en-GB","@id":"https:\/\/eettinenluksus.fi\/en\/home-old\/#primaryimage","url":"https:\/\/eettinenluksus.fi\/wp-content\/uploads\/2019\/08\/Eettinen-logo-valk-laidat-160x80mm.jpg","contentUrl":"https:\/\/eettinenluksus.fi\/wp-content\/uploads\/2019\/08\/Eettinen-logo-valk-laidat-160x80mm.jpg"},{"@type":"BreadcrumbList","@id":"https:\/\/eettinenluksus.fi\/en\/home-old\/#breadcrumb","itemListElement":[{"@type":"ListItem","position":1,"name":"Home","item":"https:\/\/eettinenluksus.fi\/en\/"},{"@type":"ListItem","position":2,"name":"Home old"}]},{"@type":"WebSite","@id":"https:\/\/eettinenluksus.fi\/en\/#website","url":"https:\/\/eettinenluksus.fi\/en\/","name":"Ethical Luxury Ltd.","description":"","publisher":{"@id":"https:\/\/eettinenluksus.fi\/en\/#organization"},"potentialAction":[{"@type":"SearchAction","target":{"@type":"EntryPoint","urlTemplate":"https:\/\/eettinenluksus.fi\/en\/?s={search_term_string}"},"query-input":{"@type":"PropertyValueSpecification","valueRequired":true,"valueName":"search_term_string"}}],"inLanguage":"en-GB"},{"@type":"Organization","@id":"https:\/\/eettinenluksus.fi\/en\/#organization","name":"Ethical Luxury Ltd.","url":"https:\/\/eettinenluksus.fi\/en\/","logo":{"@type":"ImageObject","inLanguage":"en-GB","@id":"https:\/\/eettinenluksus.fi\/en\/#\/schema\/logo\/image\/","url":"https:\/\/eettinenluksus.fi\/en\/wp-content\/uploads\/sites\/2\/2019\/07\/cropped-harmaa_vihrea_pieni-3.jpg","contentUrl":"https:\/\/eettinenluksus.fi\/en\/wp-content\/uploads\/sites\/2\/2019\/07\/cropped-harmaa_vihrea_pieni-3.jpg","width":81,"height":35,"caption":"Ethical Luxury Ltd."},"image":{"@id":"https:\/\/eettinenluksus.fi\/en\/#\/schema\/logo\/image\/"}}]}},"_links":{"self":[{"href":"https:\/\/eettinenluksus.fi\/en\/wp-json\/wp\/v2\/pages\/334","targetHints":{"allow":["GET"]}}],"collection":[{"href":"https:\/\/eettinenluksus.fi\/en\/wp-json\/wp\/v2\/pages"}],"about":[{"href":"https:\/\/eettinenluksus.fi\/en\/wp-json\/wp\/v2\/types\/page"}],"author":[{"embeddable":true,"href":"https:\/\/eettinenluksus.fi\/en\/wp-json\/wp\/v2\/users\/5"}],"replies":[{"embeddable":true,"href":"https:\/\/eettinenluksus.fi\/en\/wp-json\/wp\/v2\/comments?post=334"}],"version-history":[{"count":322,"href":"https:\/\/eettinenluksus.fi\/en\/wp-json\/wp\/v2\/pages\/334\/revisions"}],"predecessor-version":[{"id":3316,"href":"https:\/\/eettinenluksus.fi\/en\/wp-json\/wp\/v2\/pages\/334\/revisions\/3316"}],"wp:attachment":[{"href":"https:\/\/eettinenluksus.fi\/en\/wp-json\/wp\/v2\/media?parent=334"}],"curies":[{"name":"wp","href":"https:\/\/api.w.org\/{rel}","templated":true}]}}